{"id":10545,"date":"2021-10-28T00:00:00","date_gmt":"2021-10-18T10:48:24","guid":{"rendered":"https:\/\/idecesos.com\/seguros\/?page_id=10545"},"modified":"2022-01-03T12:30:59","modified_gmt":"2022-01-03T12:30:59","slug":"prima-unica","status":"publish","type":"page","link":"https:\/\/idecesos.com\/seguros\/companias\/helvetia\/prima-unica\/","title":{"rendered":"Seguro de Decesos Helvetia Prima \u00danica"},"content":{"rendered":"<div id=\"ez-toc-container\" class=\"ez-toc-v2_0_82_2 ez-toc-wrap-center counter-hierarchy ez-toc-counter ez-toc-custom ez-toc-container-direction\">\n<div class=\"ez-toc-title-container\">\n<p class=\"ez-toc-title\" style=\"cursor:inherit\">Tabla de Contenido<\/p>\n<span class=\"ez-toc-title-toggle\"><a href=\"#\" class=\"ez-toc-pull-right ez-toc-btn ez-toc-btn-xs ez-toc-btn-default ez-toc-toggle\" aria-label=\"Alternar tabla de contenidos\"><span class=\"ez-toc-js-icon-con\"><span class=\"\"><span class=\"eztoc-hide\" style=\"display:none;\">Toggle<\/span><span class=\"ez-toc-icon-toggle-span\"><svg style=\"fill: #db6415;color:#db6415\" xmlns=\"http:\/\/www.w3.org\/2000\/svg\" class=\"list-377408\" width=\"20px\" height=\"20px\" viewBox=\"0 0 24 24\" fill=\"none\"><path d=\"M6 6H4v2h2V6zm14 0H8v2h12V6zM4 11h2v2H4v-2zm16 0H8v2h12v-2zM4 16h2v2H4v-2zm16 0H8v2h12v-2z\" fill=\"currentColor\"><\/path><\/svg><svg style=\"fill: #db6415;color:#db6415\" class=\"arrow-unsorted-368013\" xmlns=\"http:\/\/www.w3.org\/2000\/svg\" width=\"10px\" height=\"10px\" viewBox=\"0 0 24 24\" version=\"1.2\" baseProfile=\"tiny\"><path d=\"M18.2 9.3l-6.2-6.3-6.2 6.3c-.2.2-.3.4-.3.7s.1.5.3.7c.2.2.4.3.7.3h11c.3 0 .5-.1.7-.3.2-.2.3-.5.3-.7s-.1-.5-.3-.7zM5.8 14.7l6.2 6.3 6.2-6.3c.2-.2.3-.5.3-.7s-.1-.5-.3-.7c-.2-.2-.4-.3-.7-.3h-11c-.3 0-.5.1-.7.3-.2.2-.3.5-.3.7s.1.5.3.7z\"\/><\/svg><\/span><\/span><\/span><\/a><\/span><\/div>\n<nav><ul class='ez-toc-list ez-toc-list-level-1 ' ><li class='ez-toc-page-1 ez-toc-heading-level-2'><a class=\"ez-toc-link ez-toc-heading-1\" href=\"https:\/\/idecesos.com\/seguros\/companias\/helvetia\/prima-unica\/#Coberturas_seguro_Prima_Unica_Helvetia\" >Coberturas seguro Prima \u00danica Helvetia<\/a><ul class='ez-toc-list-level-3' ><li class='ez-toc-heading-level-3'><a class=\"ez-toc-link ez-toc-heading-2\" href=\"https:\/\/idecesos.com\/seguros\/companias\/helvetia\/prima-unica\/#%C2%BFA_quien_va_dirigido_el_seguro_de_decesos_Prima_Unica_de_Helvetia\" >\u00bfA qui\u00e9n va dirigido el seguro de decesos Prima \u00danica de Helvetia?<\/a><\/li><\/ul><\/li><li class='ez-toc-page-1 ez-toc-heading-level-2'><a class=\"ez-toc-link ez-toc-heading-3\" href=\"https:\/\/idecesos.com\/seguros\/companias\/helvetia\/prima-unica\/#Precio_de_seguro_de_decesos_Prima_Unica_Helvetia\" >Precio de seguro de decesos Prima \u00danica Helvetia<\/a><\/li><li class='ez-toc-page-1 ez-toc-heading-level-2'><a class=\"ez-toc-link ez-toc-heading-4\" href=\"https:\/\/idecesos.com\/seguros\/companias\/helvetia\/prima-unica\/#Productos_Prima_Unica_Helvetia\" >Productos Prima \u00danica Helvetia<\/a><\/li><li class='ez-toc-page-1 ez-toc-heading-level-2'><a class=\"ez-toc-link ez-toc-heading-5\" href=\"https:\/\/idecesos.com\/seguros\/companias\/helvetia\/prima-unica\/#Opiniones_del_seguro_de_decesos_de_Prima_Unica_de_Helvetia\" >Opiniones del seguro de decesos de Prima \u00danica de Helvetia<\/a><ul class='ez-toc-list-level-3' ><li class='ez-toc-heading-level-3'><a class=\"ez-toc-link ez-toc-heading-6\" href=\"https:\/\/idecesos.com\/seguros\/companias\/helvetia\/prima-unica\/#Paginas_relacionadas\" >P\u00e1ginas relacionadas<\/a><\/li><\/ul><\/li><\/ul><\/nav><\/div>\n<p><br \/>\nHelvetia el seguro de prima \u00fanica o pago \u00fanico es aquella p\u00f3liza que se realiza toda la tramitaci\u00f3n oportuna del sepelio de manera completa efectuando un solo pago de la prima. El seguro es de forma indefinida con lo que no se puede anular en ning\u00fan instante el seguro de prima \u00fanica de Helvetia. Helvetia el seguro de decesos de prima \u00fanica, es aquella que se realiza la contrataci\u00f3n para dar calma a la familia y que se encargan de administrar y organizar todo, efectuando un solo pago. Con lo que es esencial adquirir este seguro ya que cuenta con las coberturas precisas.<\/p>\n<p>Leer m\u00e1s: <a href=\"https:\/\/idecesos.com\/seguros\/tipo\/prima-unica\/\">Seguro de decesos Prima \u00danica<\/a><br \/>\n<div class=\"colorf \"  ><div class=\"container clearfix\"><div class=\"col-md-7\"><\/p>\n<h2><span class=\"ez-toc-section\" id=\"Coberturas_seguro_Prima_Unica_Helvetia\"><\/span>Coberturas seguro Prima \u00danica Helvetia<span class=\"ez-toc-section-end\"><\/span><\/h2>\n<p>Las primordiales coberturas del seguro de prima \u00fanica Helvetia son la administraci\u00f3n completa del sepelio y los tr\u00e1mites ante la administraci\u00f3n p\u00fablica en Espa\u00f1a para el adecuado registro del finado. La administraci\u00f3n del sepelio garantiza desde el traslado, tanatorio, acto religioso, velorio, flores, funeraria, necrol\u00f3gica, camposanto, asimismo la libre elecci\u00f3n de inhumaci\u00f3n o crematorio. Se ocupar\u00e1 de los tr\u00e1mites burocr\u00e1ticos m\u00e1s dif\u00edciles con el servicio de asistencia de Helvetia desde la inscripci\u00f3n en el registro civil de fallecidos, certificado m\u00e9dico de defunci\u00f3n entre otras muchas gestiones. Las coberturas est\u00e1n a la perfecci\u00f3n dise\u00f1adas a fin de que en el instante que se llame al tel\u00e9fono de asistencia de Helvetia cubran todo y cada uno de ellos de los actos de un deceso y con la mayor dignidad posible. La p\u00f3liza de prima \u00fanica de Helvetia es importante conocer las condiciones que contiene de todas las coberturas que te ofrecen, adem\u00e1s de esto que podra venir de manera muy detallado y explicado.<br \/>\n<\/div><\/div><\/div><\/p>\n<h3><span class=\"ez-toc-section\" id=\"%C2%BFA_quien_va_dirigido_el_seguro_de_decesos_Prima_Unica_de_Helvetia\"><\/span>\u00bfA qui\u00e9n va dirigido el seguro de decesos Prima \u00danica de Helvetia?<span class=\"ez-toc-section-end\"><\/span><\/h3>\n<p>El seguro de prima \u00fanica de Helvetia genera serenidad para todas las personas que se encuentren en un rango de edad de m\u00e1s de 70 a\u00f1os y entre los 80 a\u00f1os, reemplazando en todas las coberturas para sus seres queridos. El seguro de pago \u00fanico de Helvetia es id\u00f3neo para llegado el instante, los familiares se limiten a llamar al tel\u00e9fono de asistencia de Helvetia y estos se ocupen del principio a fin de administrar el funeral del fallecido.<br \/>\n<div class=\"colorf \"  ><div class=\"container clearfix\"><div class=\"col-md-7\"><\/p>\n<h2><span class=\"ez-toc-section\" id=\"Precio_de_seguro_de_decesos_Prima_Unica_Helvetia\"><\/span>Precio de seguro de decesos Prima \u00danica Helvetia<span class=\"ez-toc-section-end\"><\/span><\/h2>\n<p>Se encuentra en un rango de precio es de 3200 euros grosso modo, contando con el factor de la edad y localidad del asegurado. Gracias a la herramienta como nuestro comparador tendr\u00e1s la contestaci\u00f3n de cual es el m\u00e1s adaptado para ti como seguro de decesos de prima \u00fanica de Helvetia.<br \/>\n<\/div><\/div><\/div><\/p>\n<h2><span class=\"ez-toc-section\" id=\"Productos_Prima_Unica_Helvetia\"><\/span>Productos Prima \u00danica Helvetia<span class=\"ez-toc-section-end\"><\/span><\/h2>\n<div class=\"colorf\"><div class=\"container clearfix\"><div class=\"col-md-7\"><div class=\"opiniones\">\n<h2><span class=\"ez-toc-section\" id=\"Opiniones_del_seguro_de_decesos_de_Prima_Unica_de_Helvetia\"><\/span>Opiniones del seguro de decesos de Prima \u00danica de Helvetia<span class=\"ez-toc-section-end\"><\/span><\/h2>\n<div class=\"opinion \"  >\n\t\t\t<div class=\"cabecera_opinion\">\n\t\t\t\t<div class=\"avatar\">E S <\/div>\n\t\t\t\t<div class=\"datos_opinion\">\n\t\t\t\t\t<div class=\"nombre_opinion\">Emigdio Salamanca<\/div>\n\t\t\t\t\t<div class=\"info_opinion\">\t\t\t\t\t\t\n\t\t\t\t\t\t<div class=\"cuenta_opinion\"><i class=\"fas fa-pencil-alt\"><\/i><!--span class=\"dashicons dashicons-edit\" style=\"font-size:20px\"><\/span--><span>1 Opini\u00f3n<\/span><\/div>\t\t\t\t\t\t\n\t\t\t\t\t\t<div class=\"localizacion_opinion\">\n\t\t\t\t\t\t\t<i class=\"fas fa-map-marker-alt\"><\/i><!--span class=\"dashicons dashicons-location\" style=\"font-size:20px\"><\/span-->\n\t\t\t\t\t\t\t<span>ES<\/span>\n\t\t\t\t\t\t<\/div>\t\n\t\t\t\t\t<\/div>\n\t\t\t\t<\/div>\n\t\t\t<\/div><div class=\"texto_opinion\"><\/p>\n<p>Adem\u00e1s de gestionar todo sobre el duelo de mi abuelo, el servicio del velorio fue llevado a cabo de una manera muy sencilla.<\/p>\n<p><\/div><\/div>\n<div class=\"opinion \"  >\n\t\t\t<div class=\"cabecera_opinion\">\n\t\t\t\t<div class=\"avatar\">A M <\/div>\n\t\t\t\t<div class=\"datos_opinion\">\n\t\t\t\t\t<div class=\"nombre_opinion\">Ana Maza<\/div>\n\t\t\t\t\t<div class=\"info_opinion\">\t\t\t\t\t\t\n\t\t\t\t\t\t<div class=\"cuenta_opinion\"><i class=\"fas fa-pencil-alt\"><\/i><!--span class=\"dashicons dashicons-edit\" style=\"font-size:20px\"><\/span--><span>1 Opini\u00f3n<\/span><\/div>\t\t\t\t\t\t\n\t\t\t\t\t\t<div class=\"localizacion_opinion\">\n\t\t\t\t\t\t\t<i class=\"fas fa-map-marker-alt\"><\/i><!--span class=\"dashicons dashicons-location\" style=\"font-size:20px\"><\/span-->\n\t\t\t\t\t\t\t<span>ES<\/span>\n\t\t\t\t\t\t<\/div>\t\n\t\t\t\t\t<\/div>\n\t\t\t\t<\/div>\n\t\t\t<\/div><div class=\"texto_opinion\"><\/p>\n<p>Estoy muy agradecido con el servicio que cuenta Helvetia en el seguro de prima \u00fanica en tanto que nos dieron las mejores coberturas en todo momento.<br \/>\n<\/div><\/div>\n<div class=\"opinion \"  >\n\t\t\t<div class=\"cabecera_opinion\">\n\t\t\t\t<div class=\"avatar\">H P <\/div>\n\t\t\t\t<div class=\"datos_opinion\">\n\t\t\t\t\t<div class=\"nombre_opinion\">Hayd\u00e9e Pe\u00f1alver<\/div>\n\t\t\t\t\t<div class=\"info_opinion\">\t\t\t\t\t\t\n\t\t\t\t\t\t<div class=\"cuenta_opinion\"><i class=\"fas fa-pencil-alt\"><\/i><!--span class=\"dashicons dashicons-edit\" style=\"font-size:20px\"><\/span--><span>1 Opini\u00f3n<\/span><\/div>\t\t\t\t\t\t\n\t\t\t\t\t\t<div class=\"localizacion_opinion\">\n\t\t\t\t\t\t\t<i class=\"fas fa-map-marker-alt\"><\/i><!--span class=\"dashicons dashicons-location\" style=\"font-size:20px\"><\/span-->\n\t\t\t\t\t\t\t<span>ES<\/span>\n\t\t\t\t\t\t<\/div>\t\n\t\t\t\t\t<\/div>\n\t\t\t\t<\/div>\n\t\t\t<\/div><div class=\"texto_opinion\"><\/p>\n<p>El seguro de prima \u00fanica de Helvetia cuenta con los mejores expertos del campo, se hacen cargo de todo y gestionan todo de manera veloz. Cubriendo todas las coberturas.<\/p>\n<p><\/div><\/div>\n<\/div><\/div><\/div><\/div>\n<p><div class=\"oficinas\"><br \/>\n<h3><span class=\"ez-toc-section\" id=\"Paginas_relacionadas\"><\/span>P\u00e1ginas relacionadas<span class=\"ez-toc-section-end\"><\/span><\/h3><div class=\"enlazado\"><ul> <li><a href=\"https:\/\/idecesos.com\/seguros\/companias\/helvetia\/coberturas\/\">Coberturas Helvetia<\/a><\/li> <li><a href=\"https:\/\/idecesos.com\/seguros\/companias\/helvetia\/dentistas\/\">Dentistas Helvetia<\/a><\/li> <li><a href=\"https:\/\/idecesos.com\/seguros\/companias\/helvetia\/incineracion\/\">Incineraci\u00f3n Helvetia<\/a><\/li> <li><a href=\"https:\/\/idecesos.com\/seguros\/companias\/helvetia\/opiniones\/\">Opiniones Helvetia<\/a><\/li> <li><a href=\"https:\/\/idecesos.com\/seguros\/companias\/helvetia\/precio\/\">Precio seguro Helvetia<\/a><\/li> <li><a href=\"https:\/\/idecesos.com\/seguros\/companias\/helvetia\/prima-mixta\/\">Helvetia Prima Mixta<\/a><\/li> <li><a href=\"https:\/\/idecesos.com\/seguros\/companias\/helvetia\/prima-natural\/\">Helvetia Prima Natural<\/a><\/li> <li><a href=\"https:\/\/idecesos.com\/seguros\/companias\/helvetia\/prima-nivelada\/\">Helvetia Prima Nivelada<\/a><\/li> <li><a href=\"https:\/\/idecesos.com\/seguros\/companias\/helvetia\/prima-unica\/\">Helvetia Prima \u00danica<\/a><\/li> <li><a href=\"https:\/\/idecesos.com\/seguros\/companias\/helvetia\/repatriacion\/\">Helvetia Repatriaci\u00f3n<\/a><\/li> <li><a href=\"https:\/\/idecesos.com\/seguros\/companias\/helvetia\/santa-lucia\/\">DECESOS HELVETIA Vs SANTA LUCIA<\/a><\/li> <li><a href=\"https:\/\/idecesos.com\/seguros\/companias\/helvetia\/telefono\/\">Tel\u00e9fono Gratuito Helvetia<\/a><\/li><\/ul><\/div><\/p>\n<\/div>\n","protected":false},"excerpt":{"rendered":"<p>Helvetia el seguro de prima \u00fanica o pago \u00fanico es aquella p\u00f3liza que se realiza toda la tramitaci\u00f3n oportuna del sepelio de manera completa efectuando un solo pago de la prima. El seguro es de forma indefinida con lo que no se puede anular en ning\u00fan instante el seguro de prima \u00fanica de Helvetia. Helvetia&hellip; <\/p>\n","protected":false},"author":1,"featured_media":0,"parent":652,"menu_order":0,"comment_status":"closed","ping_status":"closed","template":"single.php","meta":{"footnotes":""},"class_list":["post-10545","page","type-page","status-publish","hentry"],"yoast_head":"<!-- This site is optimized with the Yoast SEO plugin v27.3 - https:\/\/yoast.com\/product\/yoast-seo-wordpress\/ -->\n<title>Seguro Decesos Helvetia Prima \u00danica \u25b7Opiniones y Precio 2026<\/title>\n<meta name=\"description\" content=\"Calcula aqu\u00ed\u3010seguro de decesos Prima \u00danica Helvetia\u3011Mejores precios de Helvetia decesos Prima \u00danica en iDecesos\u00ae \u2611\ufe0fOpiniones destacadas 2026\" \/>\n<meta name=\"robots\" content=\"index, follow, max-snippet:-1, max-image-preview:large, max-video-preview:-1\" \/>\n<link rel=\"canonical\" href=\"https:\/\/idecesos.com\/seguros\/companias\/helvetia\/prima-unica\/\" \/>\n<meta property=\"og:locale\" content=\"es_ES\" \/>\n<meta property=\"og:type\" content=\"article\" \/>\n<meta property=\"og:title\" content=\"Seguro Decesos Helvetia Prima \u00danica \u25b7Opiniones y Precio 2026\" \/>\n<meta property=\"og:description\" content=\"Calcula aqu\u00ed\u3010seguro de decesos Prima \u00danica Helvetia\u3011Mejores precios de Helvetia decesos Prima \u00danica en iDecesos\u00ae \u2611\ufe0fOpiniones destacadas 2026\" \/>\n<meta property=\"og:url\" content=\"https:\/\/idecesos.com\/seguros\/companias\/helvetia\/prima-unica\/\" \/>\n<meta property=\"article:modified_time\" content=\"2022-01-03T12:30:59+00:00\" \/>\n<meta name=\"twitter:card\" content=\"summary_large_image\" \/>\n<meta name=\"twitter:label1\" content=\"Tiempo de lectura\" \/>\n\t<meta name=\"twitter:data1\" content=\"60 minutos\" \/>\n<script type=\"application\/ld+json\" class=\"yoast-schema-graph\">{\"@context\":\"https:\\\/\\\/schema.org\",\"@graph\":[{\"@type\":\"WebPage\",\"@id\":\"https:\\\/\\\/idecesos.com\\\/seguros\\\/companias\\\/helvetia\\\/prima-unica\\\/\",\"url\":\"https:\\\/\\\/idecesos.com\\\/seguros\\\/companias\\\/helvetia\\\/prima-unica\\\/\",\"name\":\"Seguro Decesos Helvetia Prima \u00danica \u25b7Opiniones y Precio 2026\",\"isPartOf\":{\"@id\":\"https:\\\/\\\/idecesos.com\\\/seguros\\\/#website\"},\"datePublished\":\"2021-10-18T10:48:24+00:00\",\"dateModified\":\"2022-01-03T12:30:59+00:00\",\"description\":\"Calcula aqu\u00ed\u3010seguro de decesos Prima \u00danica Helvetia\u3011Mejores precios de Helvetia decesos Prima \u00danica en iDecesos\u00ae \u2611\ufe0fOpiniones destacadas 2026\",\"breadcrumb\":{\"@id\":\"https:\\\/\\\/idecesos.com\\\/seguros\\\/companias\\\/helvetia\\\/prima-unica\\\/#breadcrumb\"},\"inLanguage\":\"es\",\"potentialAction\":[{\"@type\":\"ReadAction\",\"target\":[\"https:\\\/\\\/idecesos.com\\\/seguros\\\/companias\\\/helvetia\\\/prima-unica\\\/\"]}]},{\"@type\":\"BreadcrumbList\",\"@id\":\"https:\\\/\\\/idecesos.com\\\/seguros\\\/companias\\\/helvetia\\\/prima-unica\\\/#breadcrumb\",\"itemListElement\":[{\"@type\":\"ListItem\",\"position\":1,\"name\":\"Portada\",\"item\":\"https:\\\/\\\/idecesos.com\\\/seguros\\\/\"},{\"@type\":\"ListItem\",\"position\":2,\"name\":\"Compa\u00f1\u00edas de Seguros de Decesos en Espa\u00f1a\",\"item\":\"https:\\\/\\\/idecesos.com\\\/seguros\\\/companias\\\/\"},{\"@type\":\"ListItem\",\"position\":3,\"name\":\"Seguro de Decesos Helvetia\",\"item\":\"https:\\\/\\\/idecesos.com\\\/seguros\\\/companias\\\/helvetia\\\/\"},{\"@type\":\"ListItem\",\"position\":4,\"name\":\"Seguro de Decesos Helvetia Prima \u00danica\"}]},{\"@type\":\"WebSite\",\"@id\":\"https:\\\/\\\/idecesos.com\\\/seguros\\\/#website\",\"url\":\"https:\\\/\\\/idecesos.com\\\/seguros\\\/\",\"name\":\"\",\"description\":\"\",\"potentialAction\":[{\"@type\":\"SearchAction\",\"target\":{\"@type\":\"EntryPoint\",\"urlTemplate\":\"https:\\\/\\\/idecesos.com\\\/seguros\\\/?s={search_term_string}\"},\"query-input\":{\"@type\":\"PropertyValueSpecification\",\"valueRequired\":true,\"valueName\":\"search_term_string\"}}],\"inLanguage\":\"es\"}]}<\/script>\n<!-- \/ Yoast SEO plugin. -->","yoast_head_json":{"title":"Seguro Decesos Helvetia Prima \u00danica \u25b7Opiniones y Precio 2026","description":"Calcula aqu\u00ed\u3010seguro de decesos Prima \u00danica Helvetia\u3011Mejores precios de Helvetia decesos Prima \u00danica en iDecesos\u00ae \u2611\ufe0fOpiniones destacadas 2026","robots":{"index":"index","follow":"follow","max-snippet":"max-snippet:-1","max-image-preview":"max-image-preview:large","max-video-preview":"max-video-preview:-1"},"canonical":"https:\/\/idecesos.com\/seguros\/companias\/helvetia\/prima-unica\/","og_locale":"es_ES","og_type":"article","og_title":"Seguro Decesos Helvetia Prima \u00danica \u25b7Opiniones y Precio 2026","og_description":"Calcula aqu\u00ed\u3010seguro de decesos Prima \u00danica Helvetia\u3011Mejores precios de Helvetia decesos Prima \u00danica en iDecesos\u00ae \u2611\ufe0fOpiniones destacadas 2026","og_url":"https:\/\/idecesos.com\/seguros\/companias\/helvetia\/prima-unica\/","article_modified_time":"2022-01-03T12:30:59+00:00","twitter_card":"summary_large_image","twitter_misc":{"Tiempo de lectura":"60 minutos"},"schema":{"@context":"https:\/\/schema.org","@graph":[{"@type":"WebPage","@id":"https:\/\/idecesos.com\/seguros\/companias\/helvetia\/prima-unica\/","url":"https:\/\/idecesos.com\/seguros\/companias\/helvetia\/prima-unica\/","name":"Seguro Decesos Helvetia Prima \u00danica \u25b7Opiniones y Precio 2026","isPartOf":{"@id":"https:\/\/idecesos.com\/seguros\/#website"},"datePublished":"2021-10-18T10:48:24+00:00","dateModified":"2022-01-03T12:30:59+00:00","description":"Calcula aqu\u00ed\u3010seguro de decesos Prima \u00danica Helvetia\u3011Mejores precios de Helvetia decesos Prima \u00danica en iDecesos\u00ae \u2611\ufe0fOpiniones destacadas 2026","breadcrumb":{"@id":"https:\/\/idecesos.com\/seguros\/companias\/helvetia\/prima-unica\/#breadcrumb"},"inLanguage":"es","potentialAction":[{"@type":"ReadAction","target":["https:\/\/idecesos.com\/seguros\/companias\/helvetia\/prima-unica\/"]}]},{"@type":"BreadcrumbList","@id":"https:\/\/idecesos.com\/seguros\/companias\/helvetia\/prima-unica\/#breadcrumb","itemListElement":[{"@type":"ListItem","position":1,"name":"Portada","item":"https:\/\/idecesos.com\/seguros\/"},{"@type":"ListItem","position":2,"name":"Compa\u00f1\u00edas de Seguros de Decesos en Espa\u00f1a","item":"https:\/\/idecesos.com\/seguros\/companias\/"},{"@type":"ListItem","position":3,"name":"Seguro de Decesos Helvetia","item":"https:\/\/idecesos.com\/seguros\/companias\/helvetia\/"},{"@type":"ListItem","position":4,"name":"Seguro de Decesos Helvetia Prima \u00danica"}]},{"@type":"WebSite","@id":"https:\/\/idecesos.com\/seguros\/#website","url":"https:\/\/idecesos.com\/seguros\/","name":"","description":"","potentialAction":[{"@type":"SearchAction","target":{"@type":"EntryPoint","urlTemplate":"https:\/\/idecesos.com\/seguros\/?s={search_term_string}"},"query-input":{"@type":"PropertyValueSpecification","valueRequired":true,"valueName":"search_term_string"}}],"inLanguage":"es"}]}},"_links":{"self":[{"href":"https:\/\/idecesos.com\/seguros\/wp-json\/wp\/v2\/pages\/10545","targetHints":{"allow":["GET"]}}],"collection":[{"href":"https:\/\/idecesos.com\/seguros\/wp-json\/wp\/v2\/pages"}],"about":[{"href":"https:\/\/idecesos.com\/seguros\/wp-json\/wp\/v2\/types\/page"}],"author":[{"embeddable":true,"href":"https:\/\/idecesos.com\/seguros\/wp-json\/wp\/v2\/users\/1"}],"replies":[{"embeddable":true,"href":"https:\/\/idecesos.com\/seguros\/wp-json\/wp\/v2\/comments?post=10545"}],"version-history":[{"count":13,"href":"https:\/\/idecesos.com\/seguros\/wp-json\/wp\/v2\/pages\/10545\/revisions"}],"predecessor-version":[{"id":15267,"href":"https:\/\/idecesos.com\/seguros\/wp-json\/wp\/v2\/pages\/10545\/revisions\/15267"}],"up":[{"embeddable":true,"href":"https:\/\/idecesos.com\/seguros\/wp-json\/wp\/v2\/pages\/652"}],"wp:attachment":[{"href":"https:\/\/idecesos.com\/seguros\/wp-json\/wp\/v2\/media?parent=10545"}],"curies":[{"name":"wp","href":"https:\/\/api.w.org\/{rel}","templated":true}]}}