{"id":1082,"date":"2021-07-27T09:42:51","date_gmt":"2021-07-27T09:42:51","guid":{"rendered":"https:\/\/idecesos.com\/seguros\/?page_id=1082"},"modified":"2022-03-17T12:46:56","modified_gmt":"2022-03-17T12:46:56","slug":"laboral","status":"publish","type":"page","link":"https:\/\/idecesos.com\/seguros\/companias\/kutxabank\/laboral\/","title":{"rendered":"Seguro de Decesos KUTXA LABORAL"},"content":{"rendered":"<div id=\"ez-toc-container\" class=\"ez-toc-v2_0_82_2 ez-toc-wrap-center counter-hierarchy ez-toc-counter ez-toc-custom ez-toc-container-direction\">\n<div class=\"ez-toc-title-container\">\n<p class=\"ez-toc-title\" style=\"cursor:inherit\">Tabla de Contenido<\/p>\n<span class=\"ez-toc-title-toggle\"><a href=\"#\" class=\"ez-toc-pull-right ez-toc-btn ez-toc-btn-xs ez-toc-btn-default ez-toc-toggle\" aria-label=\"Alternar tabla de contenidos\"><span class=\"ez-toc-js-icon-con\"><span class=\"\"><span class=\"eztoc-hide\" style=\"display:none;\">Toggle<\/span><span class=\"ez-toc-icon-toggle-span\"><svg style=\"fill: #db6415;color:#db6415\" xmlns=\"http:\/\/www.w3.org\/2000\/svg\" class=\"list-377408\" width=\"20px\" height=\"20px\" viewBox=\"0 0 24 24\" fill=\"none\"><path d=\"M6 6H4v2h2V6zm14 0H8v2h12V6zM4 11h2v2H4v-2zm16 0H8v2h12v-2zM4 16h2v2H4v-2zm16 0H8v2h12v-2z\" fill=\"currentColor\"><\/path><\/svg><svg style=\"fill: #db6415;color:#db6415\" class=\"arrow-unsorted-368013\" xmlns=\"http:\/\/www.w3.org\/2000\/svg\" width=\"10px\" height=\"10px\" viewBox=\"0 0 24 24\" version=\"1.2\" baseProfile=\"tiny\"><path d=\"M18.2 9.3l-6.2-6.3-6.2 6.3c-.2.2-.3.4-.3.7s.1.5.3.7c.2.2.4.3.7.3h11c.3 0 .5-.1.7-.3.2-.2.3-.5.3-.7s-.1-.5-.3-.7zM5.8 14.7l6.2 6.3 6.2-6.3c.2-.2.3-.5.3-.7s-.1-.5-.3-.7c-.2-.2-.4-.3-.7-.3h-11c-.3 0-.5.1-.7.3-.2.2-.3.5-.3.7s.1.5.3.7z\"\/><\/svg><\/span><\/span><\/span><\/a><\/span><\/div>\n<nav><ul class='ez-toc-list ez-toc-list-level-1 ' ><li class='ez-toc-page-1 ez-toc-heading-level-2'><a class=\"ez-toc-link ez-toc-heading-1\" href=\"https:\/\/idecesos.com\/seguros\/companias\/kutxabank\/laboral\/#Kutxa_Laboral\" >Kutxa Laboral<\/a><\/li><li class='ez-toc-page-1 ez-toc-heading-level-2'><a class=\"ez-toc-link ez-toc-heading-2\" href=\"https:\/\/idecesos.com\/seguros\/companias\/kutxabank\/laboral\/#Seguro_de_Decesos_Esencial\" >Seguro de Decesos Esencial<\/a><\/li><li class='ez-toc-page-1 ez-toc-heading-level-2'><a class=\"ez-toc-link ez-toc-heading-3\" href=\"https:\/\/idecesos.com\/seguros\/companias\/kutxabank\/laboral\/#Seguro_de_Decesos_Esencial_A_Prima_Unica\" >Seguro de Decesos Esencial A Prima \u00danica<\/a><ul class='ez-toc-list-level-3' ><li class='ez-toc-heading-level-3'><a class=\"ez-toc-link ez-toc-heading-4\" href=\"https:\/\/idecesos.com\/seguros\/companias\/kutxabank\/laboral\/#Paginas_relacionadas\" >P\u00e1ginas relacionadas<\/a><\/li><\/ul><\/li><\/ul><\/nav><\/div>\n<h2><span class=\"ez-toc-section\" id=\"Kutxa_Laboral\"><\/span><strong>Kutxa Laboral<\/strong><span class=\"ez-toc-section-end\"><\/span><\/h2>\n<p>La compa\u00f1ia Kutxa Laboral naci\u00f3 como la fusi\u00f3n de Caja Laboral e Ipar Kutxa para convertirse en la tercera entidad bancaria con m\u00e1s presencia en el Pa\u00eds Vasco. Laboral Kutxa es una caja de ahorros de mucho prestigio e historia en su zona y cuenta con m\u00e1s de 2500 empleados.<\/p>\n<p>Al igual que han hecho otras entidades bancarias, Kutxa Laboral ha preparado una oferta de seguros de decesos para los interesados. Adem\u00e1s no lo han hecho solo, <strong>han preparado su oferta de la mano de Expertia Seguros<\/strong>, una compa\u00f1\u00eda especializada en los seguros de decesos y con una gran infraestructura para su negocio.<\/p>\n<p>Kutxa Laboral solo ofrece un tipo de seguro de decesos, el paquete Seguro de Decesos Esencial, aunque hay una diferencia seg\u00fan la edad a la que contratemos la p\u00f3liza.<\/p>\n<h2><span class=\"ez-toc-section\" id=\"Seguro_de_Decesos_Esencial\"><\/span><strong>Seguro de Decesos Esencial<\/strong><span class=\"ez-toc-section-end\"><\/span><\/h2>\n<p>Este el producto que ofrece Kutxa Laboral, un seguro de decesos para que sus clientes no tengan que preocuparse por los gastos que acarrea celebrar un funeral, aparte de otras coberturas.<\/p>\n<p>En relaci\u00f3n con el f\u00edn principal de la contrataci\u00f3n de un seguro de decesos, <strong>Kutxa Bank garantiza pagar todo lo relacionado con el fallecimiento<\/strong>\u00a0, incluidos cualquier tipo de elementos necesarios.<\/p>\n<p>Tambi\u00e9n te <strong>garantizan el pago del traslado del fallecido<\/strong>, adem\u00e1s de todas las gestiones oportunas para este proceso. Se podr\u00e1 trasladar desde cualquier pa\u00eds del mundo hasta territorio espa\u00f1ol.<\/p>\n<p>Con estos dos servicios garantizan la tranquilidad necesaria para el proceso del funeral. Pero tambi\u00e9n cuenta con otras coberturas que se explican a continuaci\u00f3n.<\/p>\n<p>El Seguro de Decesos Esencial tambi\u00e9n incluye diferentes coberturas de asistencia para el asegurado. Kutxa Bank se compromete a realizar<strong> una asistencia en el domicilio si fuera necesario<\/strong>, para atender a las personas que lo necesiten en las cuestiones de tareas del hogar.<\/p>\n<p>Tambi\u00e9n facilitar\u00e1 a la familia <strong>asistencia psicol\u00f3gica para poder superar este momento.<\/strong> La familia del fallecido estar\u00e1 aconsejada por la amplia red de profesionales especializados en estos casos.<\/p>\n<p>En determinadas ocasiones, habr\u00e1 que realizar determinadas gestiones o tr\u00e1mites burocr\u00e1ticos despu\u00e9s del fallecimiento. La familia del asegurado tambi\u00e9n tendr\u00e1 la facilidad de contar con el <strong>asesoramiento jur\u00eddico de la empresa.<\/strong><\/p>\n<p>Para terminar, Kutxa Laboral ha incluido un servicio muy necesario en los \u00faltimos a\u00f1os debido a la gran cantidad de usuarios que usan internet. El Seguro de Decesos Esencial ofrece un <strong>borrado de la huella digital del fallecido.<\/strong> Gracias a esta cobertura se garantiza la eliminaci\u00f3n de todos los datos personales y relevantes del asegurado de internet. Tanto las redes sociales, cuentas personales en otros portales o en servicios de correo electr\u00f3nico, ser\u00e1n eliminadas para siempre de la red.<\/p>\n<p>Estas son las caracter\u00edsticas del Seguro de Decesos Esencial de Kutxa Laboral, pero recuerda que puedes incluir una <strong>garant\u00eda extra<\/strong> a todas las mencionadas anteriormente, con su correspondiente subida de precio.<\/p>\n<p>Se puede terminar de completar tu seguro contratando la garant\u00eda de <strong>Asistencia de Extranjeros Residentes en Espa\u00f1a.<\/strong> De esta manera el asegurado que sea de otro pa\u00eds o que tenga la doble nacionalidad podr\u00e1 acceder al servicio de traslado.<\/p>\n<p>Con todas estas coberturas se aprecia que el seguro de decesos que ofrece Kutxa Laboral es muuy completo e incluye todas las garantias necesarias para alcanzar la tranquilidad que se busca cuando se contrata un servicio de este tipo.<\/p>\n<p>La experiencia de Experia garantiza que todas las atenciones sean personalizadas y se supervisar\u00e1 todo el proceso para garantizar su buen funcionamiento.<\/p>\n<p>Respecto al precio, <strong>el seguro parte de unos 3,67 euros al mes<\/strong>, pero esto depender\u00e1 de la edad del asegurado y la ubicaci\u00f3n geogr\u00e1fica en la que se encuentre.<\/p>\n<p><strong>Ten en cuenta que algunas de las coberturas mencionadas anteriormente pueden variar seg\u00fan la localidad del asegurado.<\/strong><\/p>\n<h2><span class=\"ez-toc-section\" id=\"Seguro_de_Decesos_Esencial_A_Prima_Unica\"><\/span><strong>Seguro de Decesos Esencial A Prima \u00danica<\/strong><span class=\"ez-toc-section-end\"><\/span><\/h2>\n<p>Para esta variedad del seguro de decesos de Kutxa Laboral hay que tener en cuenta un par de factores relevantes. El primero, como indica el nombre, es que <strong>el pago se realiza de una sola vez.<\/strong> Esto puede ser c\u00f3modo para muchos usuarios que quieren pagar y despreocuparse. <strong>Tambi\u00e9n es la modalidad que ofrece la entidad para el contrato de un seguro a personas mayores de 55 a\u00f1os.<\/strong><\/p>\n<p>Al ser igual que el que se ha comentado en la anterior secci\u00f3n del art\u00edculo, este seguro <strong>incluye todas y cada una de las garant\u00edas citadas anteriormente.<\/strong> La principal diferencia es la forma de pago.<\/p>\n<p>Tambi\u00e9n existe otra peque\u00f1a asemejanza, <strong>en esta modalidad no se permite contratar de manera adicional el servicio de Asistencia de Extranjeros<\/strong> Residentes en Espa\u00f1a. Por lo dem\u00e1s disfrutar\u00e1s de las mismas ventajas.<\/p>\n<p>En resumen, esta modalidad del Seguro de Decesos Esencial solo se diferencia en la forma de pago, que se puede contratar a partir de los 55 a\u00f1os y que no permite la contrataci\u00f3n de la asistencia para extranjeros.<\/p>\n<p>&nbsp;<\/p>\n<p>Si estas interesado en contratar este o cualquier seguro de decesos, <strong>utiliza previamente el comparador de Idecesos.<\/strong> De forma r\u00e1pida podr\u00e1s comparar entre todas las ofertas del mercado y podr\u00e1s elegir el que mejor se adapte a tus circunstancias y tu bolsillo.<\/p>\n<p>Recuerda que tambi\u00e9n puedes llamar al <strong>951 127 403<\/strong> y nuestros agentes especializados te atender\u00e1n. Podr\u00e1s resolver todas tus dudas y encontrar el seguro perfecto para encontrar esa tranquilidad tan necesaria.<\/p>\n<p>&nbsp;<\/p>\n<p>&nbsp;<\/p>\n<p>&nbsp;<\/p>\n<h3><span class=\"ez-toc-section\" id=\"Paginas_relacionadas\"><\/span>P\u00e1ginas relacionadas<span class=\"ez-toc-section-end\"><\/span><\/h3><div class=\"enlazado\"><ul> <li><a href=\"https:\/\/idecesos.com\/seguros\/companias\/kutxabank\/laboral\/\">Seguro de Decesos Kutxabank LABORAL<\/a><\/li> <li><a href=\"https:\/\/idecesos.com\/seguros\/companias\/kutxabank\/opiniones\/\">Opiniones Kutxabank<\/a><\/li> <li><a href=\"https:\/\/idecesos.com\/seguros\/companias\/kutxabank\/precio\/\">Precio seguro Kutxabank<\/a><\/li> <li><a href=\"https:\/\/idecesos.com\/seguros\/companias\/kutxabank\/prima-mixta\/\">Kutxabank Prima Mixta<\/a><\/li> <li><a href=\"https:\/\/idecesos.com\/seguros\/companias\/kutxabank\/prima-natural\/\">Kutxabank Prima Natural<\/a><\/li> <li><a href=\"https:\/\/idecesos.com\/seguros\/companias\/kutxabank\/prima-nivelada\/\">Kutxabank Prima Nivelada<\/a><\/li> <li><a href=\"https:\/\/idecesos.com\/seguros\/companias\/kutxabank\/prima-unica\/\">Kutxabank Prima \u00danica<\/a><\/li> <li><a href=\"https:\/\/idecesos.com\/seguros\/companias\/kutxabank\/repatriacion\/\">Kutxabank Repatriaci\u00f3n<\/a><\/li> <li><a href=\"https:\/\/idecesos.com\/seguros\/companias\/kutxabank\/telefono\/\">Tel\u00e9fono Gratuito Kutxabank<\/a><\/li><\/ul><\/div>\n","protected":false},"excerpt":{"rendered":"<p>Kutxa Laboral La compa\u00f1ia Kutxa Laboral naci\u00f3 como la fusi\u00f3n de Caja Laboral e Ipar Kutxa para convertirse en la tercera entidad bancaria con m\u00e1s presencia en el Pa\u00eds Vasco. Laboral Kutxa es una caja de ahorros de mucho prestigio e historia en su zona y cuenta con m\u00e1s de 2500 empleados. Al igual que&hellip; <\/p>\n","protected":false},"author":1,"featured_media":0,"parent":1079,"menu_order":0,"comment_status":"closed","ping_status":"closed","template":"single.php","meta":{"footnotes":""},"class_list":["post-1082","page","type-page","status-publish","hentry"],"yoast_head":"<!-- This site is optimized with the Yoast SEO plugin v27.3 - https:\/\/yoast.com\/product\/yoast-seo-wordpress\/ -->\n<title>Seguro de Decesos KUTXA LABORAL -<\/title>\n<meta name=\"robots\" content=\"index, follow, max-snippet:-1, max-image-preview:large, max-video-preview:-1\" \/>\n<link rel=\"canonical\" href=\"https:\/\/idecesos.com\/seguros\/companias\/kutxabank\/laboral\/\" \/>\n<meta property=\"og:locale\" content=\"es_ES\" \/>\n<meta property=\"og:type\" content=\"article\" \/>\n<meta property=\"og:title\" content=\"Seguro de Decesos KUTXA LABORAL -\" \/>\n<meta property=\"og:description\" content=\"Kutxa Laboral La compa\u00f1ia Kutxa Laboral naci\u00f3 como la fusi\u00f3n de Caja Laboral e Ipar Kutxa para convertirse en la tercera entidad bancaria con m\u00e1s presencia en el Pa\u00eds Vasco. Laboral Kutxa es una caja de ahorros de mucho prestigio e historia en su zona y cuenta con m\u00e1s de 2500 empleados. Al igual que&hellip;\" \/>\n<meta property=\"og:url\" content=\"https:\/\/idecesos.com\/seguros\/companias\/kutxabank\/laboral\/\" \/>\n<meta property=\"article:modified_time\" content=\"2022-03-17T12:46:56+00:00\" \/>\n<meta name=\"twitter:card\" content=\"summary_large_image\" \/>\n<meta name=\"twitter:label1\" content=\"Tiempo de lectura\" \/>\n\t<meta name=\"twitter:data1\" content=\"4 minutos\" \/>\n<script type=\"application\/ld+json\" class=\"yoast-schema-graph\">{\"@context\":\"https:\\\/\\\/schema.org\",\"@graph\":[{\"@type\":\"WebPage\",\"@id\":\"https:\\\/\\\/idecesos.com\\\/seguros\\\/companias\\\/kutxabank\\\/laboral\\\/\",\"url\":\"https:\\\/\\\/idecesos.com\\\/seguros\\\/companias\\\/kutxabank\\\/laboral\\\/\",\"name\":\"Seguro de Decesos KUTXA LABORAL -\",\"isPartOf\":{\"@id\":\"https:\\\/\\\/idecesos.com\\\/seguros\\\/#website\"},\"datePublished\":\"2021-07-27T09:42:51+00:00\",\"dateModified\":\"2022-03-17T12:46:56+00:00\",\"breadcrumb\":{\"@id\":\"https:\\\/\\\/idecesos.com\\\/seguros\\\/companias\\\/kutxabank\\\/laboral\\\/#breadcrumb\"},\"inLanguage\":\"es\",\"potentialAction\":[{\"@type\":\"ReadAction\",\"target\":[\"https:\\\/\\\/idecesos.com\\\/seguros\\\/companias\\\/kutxabank\\\/laboral\\\/\"]}]},{\"@type\":\"BreadcrumbList\",\"@id\":\"https:\\\/\\\/idecesos.com\\\/seguros\\\/companias\\\/kutxabank\\\/laboral\\\/#breadcrumb\",\"itemListElement\":[{\"@type\":\"ListItem\",\"position\":1,\"name\":\"Portada\",\"item\":\"https:\\\/\\\/idecesos.com\\\/seguros\\\/\"},{\"@type\":\"ListItem\",\"position\":2,\"name\":\"Compa\u00f1\u00edas de Seguros de Decesos en Espa\u00f1a\",\"item\":\"https:\\\/\\\/idecesos.com\\\/seguros\\\/companias\\\/\"},{\"@type\":\"ListItem\",\"position\":3,\"name\":\"Seguro de decesos Kutxabank\",\"item\":\"https:\\\/\\\/idecesos.com\\\/seguros\\\/companias\\\/kutxabank\\\/\"},{\"@type\":\"ListItem\",\"position\":4,\"name\":\"Seguro de Decesos KUTXA LABORAL\"}]},{\"@type\":\"WebSite\",\"@id\":\"https:\\\/\\\/idecesos.com\\\/seguros\\\/#website\",\"url\":\"https:\\\/\\\/idecesos.com\\\/seguros\\\/\",\"name\":\"\",\"description\":\"\",\"potentialAction\":[{\"@type\":\"SearchAction\",\"target\":{\"@type\":\"EntryPoint\",\"urlTemplate\":\"https:\\\/\\\/idecesos.com\\\/seguros\\\/?s={search_term_string}\"},\"query-input\":{\"@type\":\"PropertyValueSpecification\",\"valueRequired\":true,\"valueName\":\"search_term_string\"}}],\"inLanguage\":\"es\"}]}<\/script>\n<!-- \/ Yoast SEO plugin. -->","yoast_head_json":{"title":"Seguro de Decesos KUTXA LABORAL -","robots":{"index":"index","follow":"follow","max-snippet":"max-snippet:-1","max-image-preview":"max-image-preview:large","max-video-preview":"max-video-preview:-1"},"canonical":"https:\/\/idecesos.com\/seguros\/companias\/kutxabank\/laboral\/","og_locale":"es_ES","og_type":"article","og_title":"Seguro de Decesos KUTXA LABORAL -","og_description":"Kutxa Laboral La compa\u00f1ia Kutxa Laboral naci\u00f3 como la fusi\u00f3n de Caja Laboral e Ipar Kutxa para convertirse en la tercera entidad bancaria con m\u00e1s presencia en el Pa\u00eds Vasco. Laboral Kutxa es una caja de ahorros de mucho prestigio e historia en su zona y cuenta con m\u00e1s de 2500 empleados. Al igual que&hellip;","og_url":"https:\/\/idecesos.com\/seguros\/companias\/kutxabank\/laboral\/","article_modified_time":"2022-03-17T12:46:56+00:00","twitter_card":"summary_large_image","twitter_misc":{"Tiempo de lectura":"4 minutos"},"schema":{"@context":"https:\/\/schema.org","@graph":[{"@type":"WebPage","@id":"https:\/\/idecesos.com\/seguros\/companias\/kutxabank\/laboral\/","url":"https:\/\/idecesos.com\/seguros\/companias\/kutxabank\/laboral\/","name":"Seguro de Decesos KUTXA LABORAL -","isPartOf":{"@id":"https:\/\/idecesos.com\/seguros\/#website"},"datePublished":"2021-07-27T09:42:51+00:00","dateModified":"2022-03-17T12:46:56+00:00","breadcrumb":{"@id":"https:\/\/idecesos.com\/seguros\/companias\/kutxabank\/laboral\/#breadcrumb"},"inLanguage":"es","potentialAction":[{"@type":"ReadAction","target":["https:\/\/idecesos.com\/seguros\/companias\/kutxabank\/laboral\/"]}]},{"@type":"BreadcrumbList","@id":"https:\/\/idecesos.com\/seguros\/companias\/kutxabank\/laboral\/#breadcrumb","itemListElement":[{"@type":"ListItem","position":1,"name":"Portada","item":"https:\/\/idecesos.com\/seguros\/"},{"@type":"ListItem","position":2,"name":"Compa\u00f1\u00edas de Seguros de Decesos en Espa\u00f1a","item":"https:\/\/idecesos.com\/seguros\/companias\/"},{"@type":"ListItem","position":3,"name":"Seguro de decesos Kutxabank","item":"https:\/\/idecesos.com\/seguros\/companias\/kutxabank\/"},{"@type":"ListItem","position":4,"name":"Seguro de Decesos KUTXA LABORAL"}]},{"@type":"WebSite","@id":"https:\/\/idecesos.com\/seguros\/#website","url":"https:\/\/idecesos.com\/seguros\/","name":"","description":"","potentialAction":[{"@type":"SearchAction","target":{"@type":"EntryPoint","urlTemplate":"https:\/\/idecesos.com\/seguros\/?s={search_term_string}"},"query-input":{"@type":"PropertyValueSpecification","valueRequired":true,"valueName":"search_term_string"}}],"inLanguage":"es"}]}},"_links":{"self":[{"href":"https:\/\/idecesos.com\/seguros\/wp-json\/wp\/v2\/pages\/1082","targetHints":{"allow":["GET"]}}],"collection":[{"href":"https:\/\/idecesos.com\/seguros\/wp-json\/wp\/v2\/pages"}],"about":[{"href":"https:\/\/idecesos.com\/seguros\/wp-json\/wp\/v2\/types\/page"}],"author":[{"embeddable":true,"href":"https:\/\/idecesos.com\/seguros\/wp-json\/wp\/v2\/users\/1"}],"replies":[{"embeddable":true,"href":"https:\/\/idecesos.com\/seguros\/wp-json\/wp\/v2\/comments?post=1082"}],"version-history":[{"count":13,"href":"https:\/\/idecesos.com\/seguros\/wp-json\/wp\/v2\/pages\/1082\/revisions"}],"predecessor-version":[{"id":20521,"href":"https:\/\/idecesos.com\/seguros\/wp-json\/wp\/v2\/pages\/1082\/revisions\/20521"}],"up":[{"embeddable":true,"href":"https:\/\/idecesos.com\/seguros\/wp-json\/wp\/v2\/pages\/1079"}],"wp:attachment":[{"href":"https:\/\/idecesos.com\/seguros\/wp-json\/wp\/v2\/media?parent=1082"}],"curies":[{"name":"wp","href":"https:\/\/api.w.org\/{rel}","templated":true}]}}