{"id":10836,"date":"2021-10-28T00:00:00","date_gmt":"2021-10-21T19:51:36","guid":{"rendered":"https:\/\/idecesos.com\/seguros\/companias\/allianz\/prima-nivelada\/"},"modified":"2022-01-03T12:29:53","modified_gmt":"2022-01-03T12:29:53","slug":"prima-nivelada","status":"publish","type":"page","link":"https:\/\/idecesos.com\/seguros\/companias\/allianz\/prima-nivelada\/","title":{"rendered":"Seguro de decesos Allianz Prima Nivelada"},"content":{"rendered":"<div id=\"ez-toc-container\" class=\"ez-toc-v2_0_82_2 ez-toc-wrap-center counter-hierarchy ez-toc-counter ez-toc-custom ez-toc-container-direction\">\n<div class=\"ez-toc-title-container\">\n<p class=\"ez-toc-title\" style=\"cursor:inherit\">Tabla de Contenido<\/p>\n<span class=\"ez-toc-title-toggle\"><a href=\"#\" class=\"ez-toc-pull-right ez-toc-btn ez-toc-btn-xs ez-toc-btn-default ez-toc-toggle\" aria-label=\"Alternar tabla de contenidos\"><span class=\"ez-toc-js-icon-con\"><span class=\"\"><span class=\"eztoc-hide\" style=\"display:none;\">Toggle<\/span><span class=\"ez-toc-icon-toggle-span\"><svg style=\"fill: #db6415;color:#db6415\" xmlns=\"http:\/\/www.w3.org\/2000\/svg\" class=\"list-377408\" width=\"20px\" height=\"20px\" viewBox=\"0 0 24 24\" fill=\"none\"><path d=\"M6 6H4v2h2V6zm14 0H8v2h12V6zM4 11h2v2H4v-2zm16 0H8v2h12v-2zM4 16h2v2H4v-2zm16 0H8v2h12v-2z\" fill=\"currentColor\"><\/path><\/svg><svg style=\"fill: #db6415;color:#db6415\" class=\"arrow-unsorted-368013\" xmlns=\"http:\/\/www.w3.org\/2000\/svg\" width=\"10px\" height=\"10px\" viewBox=\"0 0 24 24\" version=\"1.2\" baseProfile=\"tiny\"><path d=\"M18.2 9.3l-6.2-6.3-6.2 6.3c-.2.2-.3.4-.3.7s.1.5.3.7c.2.2.4.3.7.3h11c.3 0 .5-.1.7-.3.2-.2.3-.5.3-.7s-.1-.5-.3-.7zM5.8 14.7l6.2 6.3 6.2-6.3c.2-.2.3-.5.3-.7s-.1-.5-.3-.7c-.2-.2-.4-.3-.7-.3h-11c-.3 0-.5.1-.7.3-.2.2-.3.5-.3.7s.1.5.3.7z\"\/><\/svg><\/span><\/span><\/span><\/a><\/span><\/div>\n<nav><ul class='ez-toc-list ez-toc-list-level-1 ' ><li class='ez-toc-page-1 ez-toc-heading-level-2'><a class=\"ez-toc-link ez-toc-heading-1\" href=\"https:\/\/idecesos.com\/seguros\/companias\/allianz\/prima-nivelada\/#Coberturas_seguro_Prima_Nivelada_Allianz\" >Coberturas seguro Prima Nivelada Allianz<\/a><ul class='ez-toc-list-level-3' ><li class='ez-toc-heading-level-3'><a class=\"ez-toc-link ez-toc-heading-2\" href=\"https:\/\/idecesos.com\/seguros\/companias\/allianz\/prima-nivelada\/#%C2%BFA_quien_va_dirigido_el_seguro_de_decesos_Prima_Nivelada_de_Allianz\" >\u00bfA qui\u00e9n va dirigido el seguro de decesos Prima Nivelada de Allianz?<\/a><\/li><\/ul><\/li><li class='ez-toc-page-1 ez-toc-heading-level-2'><a class=\"ez-toc-link ez-toc-heading-3\" href=\"https:\/\/idecesos.com\/seguros\/companias\/allianz\/prima-nivelada\/#Precio_de_seguro_de_decesos_Prima_Nivelada_Allianz\" >Precio de seguro de decesos Prima Nivelada Allianz<\/a><\/li><li class='ez-toc-page-1 ez-toc-heading-level-2'><a class=\"ez-toc-link ez-toc-heading-4\" href=\"https:\/\/idecesos.com\/seguros\/companias\/allianz\/prima-nivelada\/#Productos_Prima_Nivelada_Allianz\" >Productos Prima Nivelada Allianz<\/a><\/li><li class='ez-toc-page-1 ez-toc-heading-level-2'><a class=\"ez-toc-link ez-toc-heading-5\" href=\"https:\/\/idecesos.com\/seguros\/companias\/allianz\/prima-nivelada\/#Opiniones_del_seguro_de_decesos_de_Prima_Nivelada_de_Allianz\" >Opiniones del seguro de decesos de Prima Nivelada de Allianz<\/a><ul class='ez-toc-list-level-3' ><li class='ez-toc-heading-level-3'><a class=\"ez-toc-link ez-toc-heading-6\" href=\"https:\/\/idecesos.com\/seguros\/companias\/allianz\/prima-nivelada\/#Paginas_relacionadas\" >P\u00e1ginas relacionadas<\/a><\/li><\/ul><\/li><\/ul><\/nav><\/div>\n\n<p>Resalta el seguro de decesos de prima nivelada Allianz por dar un precio siempre que se mantiene en el tiempo de manera continuada, y va a quedar a\u00f1adido a la suma de los gastos funerarios. La modalidad de prima nivelada Allianz es una de las que tienen m\u00e1s \u00e9xito entre su cartera de clientes del servicio pero cuando son muy j\u00f3venes les resulta algo excesivo de coste, y les da una sensaci\u00f3n de adelantar el dinero de su entierro de forma anticipada y es por ese caso que se pasan a otra modalidad. En el caso de siniestro de la p\u00f3liza de prima nivelada Allianz es muy f\u00e1cil por el hecho de que sencillamente llamando al n\u00famero de asistencia familiar de Allianz y se hacen cargo completamente regular y tramitar todo los referido al deceso. <\/p>\n<p>Leer m\u00e1s: <a href=\"https:\/\/idecesos.com\/seguros\/tipo\/nivelada\/\">Seguro de decesos Prima Nivelada<\/a><\/p>\n<div class=\"colorf \"  ><div class=\"container clearfix\"><div class=\"col-md-7\"><\/p>\n<h2><span class=\"ez-toc-section\" id=\"Coberturas_seguro_Prima_Nivelada_Allianz\"><\/span>Coberturas seguro Prima Nivelada Allianz<span class=\"ez-toc-section-end\"><\/span><\/h2>\n<p>Prima nivelada de Allianz da unas coberturas de calidad para sus clientes del servicio, dando el mejor servicio y dedicaci\u00f3n en las funerarias. Dando altas expectativas de sus garant\u00edas. Dar serenidad a tu familia entra una parte de las gestiones importantes como es el caso de realizar todas las gestiones burocr\u00e1ticas llev\u00e1ndolo a un proceso legal ante los organismos p\u00fablicos. Lo servicios con mejor garantia es la que entra dentro de todo el servicio funerario, ata\u00fad, tanatorio o bien en el caso de que deseen inhumaci\u00f3n o bien urna. Han renovado sus servicios de prima nivelada dej\u00e1ndolos de forma actual en Allianz resaltando como de las mejores en los diferentes mercados que existen. Donde vas a poder contar con entierro o incineraci\u00f3n. \u00bfQu\u00e9 cubre el seguro de decesos Allianz? es el interrogante m\u00e1s importante antes de contratar, y simplemente equiparando en iDecesos podr\u00e1 confirmar toda la informaci\u00f3n facilitada y ver condiciones generales y el documento informativo del producto que le parezca m\u00e1s interesante de prima nivelada. <\/p>\n<p><\/div><\/div><\/div>\n<h3><span class=\"ez-toc-section\" id=\"%C2%BFA_quien_va_dirigido_el_seguro_de_decesos_Prima_Nivelada_de_Allianz\"><\/span>\u00bfA qui\u00e9n va dirigido el seguro de decesos Prima Nivelada de Allianz?<span class=\"ez-toc-section-end\"><\/span><\/h3>\n<p>El seguro de prima nivelada Allianz se dirige a personas de avanzada edad que no quieren que les suba el seguro y quieren provisionar al mes esa cuota sin sobre saltos. Tambi\u00e9n acostumbran a contratar personas con una cultura de seguro de decesos de prima nivelada Allianz adquirida en su familia y que no concibe otra modalidad pues as\u00ed lo ha visto en su casa con sus padres. <\/p>\n<div class=\"colorf \"  ><div class=\"container clearfix\"><div class=\"col-md-7\"><\/p>\n<h2><span class=\"ez-toc-section\" id=\"Precio_de_seguro_de_decesos_Prima_Nivelada_Allianz\"><\/span>Precio de seguro de decesos Prima Nivelada Allianz<span class=\"ez-toc-section-end\"><\/span><\/h2>\n<p>El seguro de prima nivelada Allianz su coste es 4,99\u20ac por mes teniendo en cuenta la edad m\u00e1s joven contratable en Allianz y la localidad con la suma asegurada de servicios f\u00fanebres m\u00e1s bajos. Adem\u00e1s de esto han sido aplicados todos los descuentos, obteniendo de los mejores precios y m\u00e1s asequibles de Allianz. Cuenta con diferentes vertientes a la hora de realizar los pagos, facilitando a los clientes de Allianz del seguro de prima nivelada estas ventajas exclusivas. Para obtener la tarifa con las ofertas m\u00e1s incre\u00edbles semejantes a tu seguro de prima nivelada Allianz nada m\u00e1s tienes que efectuar una comparativa de precios en iDecesos en tan solo un minuto sabr\u00e1s si lo que deseabas es lo m\u00e1s barato a lo que puedes acceder con una prima incesante. <\/p>\n<p><\/div><\/div><\/div>\n<h2><span class=\"ez-toc-section\" id=\"Productos_Prima_Nivelada_Allianz\"><\/span>Productos Prima Nivelada Allianz<span class=\"ez-toc-section-end\"><\/span><\/h2>\n<div class=\"colorf\"><div class=\"container clearfix\"><div class=\"col-md-7\"><div class=\"opiniones\">\n<h2><span class=\"ez-toc-section\" id=\"Opiniones_del_seguro_de_decesos_de_Prima_Nivelada_de_Allianz\"><\/span>Opiniones del seguro de decesos de Prima Nivelada de Allianz<span class=\"ez-toc-section-end\"><\/span><\/h2>\n<p>Maria Jose: Cuando ocurri\u00f3 el fallecimiento de mi madre, que sucedi\u00f3 de una forma repentina, la compa\u00f1\u00eda de seguros se ocup\u00f3 de administrar todo de una manera eficiente, con lo que no debimos preocuparnos de nada. Disponen de diferentes soluciones para cualquier circunstancia que pueda suceder alg\u00fan g\u00e9nero de incidencia. Con lo que se debe dar la relevancia a final de cuentas. <\/p>\n<div class=\"opinion \"  >\n\t\t\t<div class=\"cabecera_opinion\">\n\t\t\t\t<div class=\"avatar\">C D M <\/div>\n\t\t\t\t<div class=\"datos_opinion\">\n\t\t\t\t\t<div class=\"nombre_opinion\">Cristina del Mill\u00e1n<\/div>\n\t\t\t\t\t<div class=\"info_opinion\">\t\t\t\t\t\t\n\t\t\t\t\t\t<div class=\"cuenta_opinion\"><i class=\"fas fa-pencil-alt\"><\/i><!--span class=\"dashicons dashicons-edit\" style=\"font-size:20px\"><\/span--><span>1 Opini\u00f3n<\/span><\/div>\t\t\t\t\t\t\n\t\t\t\t\t\t<div class=\"localizacion_opinion\">\n\t\t\t\t\t\t\t<i class=\"fas fa-map-marker-alt\"><\/i><!--span class=\"dashicons dashicons-location\" style=\"font-size:20px\"><\/span-->\n\t\t\t\t\t\t\t<span>ES<\/span>\n\t\t\t\t\t\t<\/div>\t\n\t\t\t\t\t<\/div>\n\t\t\t\t<\/div>\n\t\t\t<\/div><div class=\"texto_opinion\"><\/p>\n<p>Para mi punto de opini\u00f3n considero que Allianz con el seguro de prima nivelada es muy recomendable, cuentan con unas coberturas muy amplias, uno de sus aconsejes me efectu\u00f3 un presupuesto \u00fanico y memorable, contando que siempre es exactamente la misma tarifa quede content\u00edsima tanto con el servicio como todo lo que me ofrece Allianz, quiero a\u00f1adir que toda mi familia cuenta con esta empresa aseguradora. <\/p>\n<p><\/div><\/div>\n<div class=\"opinion \"  >\n\t\t\t<div class=\"cabecera_opinion\">\n\t\t\t\t<div class=\"avatar\">C D L <\/div>\n\t\t\t\t<div class=\"datos_opinion\">\n\t\t\t\t\t<div class=\"nombre_opinion\">Calixta del Llobet<\/div>\n\t\t\t\t\t<div class=\"info_opinion\">\t\t\t\t\t\t\n\t\t\t\t\t\t<div class=\"cuenta_opinion\"><i class=\"fas fa-pencil-alt\"><\/i><!--span class=\"dashicons dashicons-edit\" style=\"font-size:20px\"><\/span--><span>1 Opini\u00f3n<\/span><\/div>\t\t\t\t\t\t\n\t\t\t\t\t\t<div class=\"localizacion_opinion\">\n\t\t\t\t\t\t\t<i class=\"fas fa-map-marker-alt\"><\/i><!--span class=\"dashicons dashicons-location\" style=\"font-size:20px\"><\/span-->\n\t\t\t\t\t\t\t<span>ES<\/span>\n\t\t\t\t\t\t<\/div>\t\n\t\t\t\t\t<\/div>\n\t\t\t\t<\/div>\n\t\t\t<\/div><div class=\"texto_opinion\"><\/p>\n<p>Mi experiencia con Allianz ha sido muy buena, me han brindado un servicio de calidad de 10, con ellos obtuve el seguro de prima nivelada, por lo que cont\u00e9 con una tarifa muy personalizada, siempre lo aconsejo cuando me lo preguntan. <\/p>\n<p><\/div><\/div>\n<div class=\"opinion \"  >\n\t\t\t<div class=\"cabecera_opinion\">\n\t\t\t\t<div class=\"avatar\">S F <\/div>\n\t\t\t\t<div class=\"datos_opinion\">\n\t\t\t\t\t<div class=\"nombre_opinion\">Sosimo Ferr\u00e1ndiz<\/div>\n\t\t\t\t\t<div class=\"info_opinion\">\t\t\t\t\t\t\n\t\t\t\t\t\t<div class=\"cuenta_opinion\"><i class=\"fas fa-pencil-alt\"><\/i><!--span class=\"dashicons dashicons-edit\" style=\"font-size:20px\"><\/span--><span>1 Opini\u00f3n<\/span><\/div>\t\t\t\t\t\t\n\t\t\t\t\t\t<div class=\"localizacion_opinion\">\n\t\t\t\t\t\t\t<i class=\"fas fa-map-marker-alt\"><\/i><!--span class=\"dashicons dashicons-location\" style=\"font-size:20px\"><\/span-->\n\t\t\t\t\t\t\t<span>ES<\/span>\n\t\t\t\t\t\t<\/div>\t\n\t\t\t\t\t<\/div>\n\t\t\t\t<\/div>\n\t\t\t<\/div><div class=\"texto_opinion\"><\/p>\n<p>Hoy en d\u00eda es complicado encontrar una aseguradora con buen costo y buen atenci\u00f3n al servicio por ello Allianz me sorprendi\u00f3 bastante en tanto que me daban muy buenas ventajas, en el presupuesto que me realizaron fue muy concreto con la p\u00f3liza de prima nivelada, si todav\u00eda no das con la correcta te invito a  Allianz. <\/p>\n<p><\/div><\/div>\n<\/div><\/div><\/div><\/div>\n<p><div class=\"oficinas\"><br \/>\n<h3><span class=\"ez-toc-section\" id=\"Paginas_relacionadas\"><\/span>P\u00e1ginas relacionadas<span class=\"ez-toc-section-end\"><\/span><\/h3><div class=\"enlazado\"><ul> <li><a href=\"https:\/\/idecesos.com\/seguros\/companias\/allianz\/condiciones-generales\/\">Condiciones Generales Allianz<\/a><\/li> <li><a href=\"https:\/\/idecesos.com\/seguros\/companias\/allianz\/opiniones\/\">Opiniones Allianz<\/a><\/li> <li><a href=\"https:\/\/idecesos.com\/seguros\/companias\/allianz\/precio\/\">Precio seguro Allianz<\/a><\/li> <li><a href=\"https:\/\/idecesos.com\/seguros\/companias\/allianz\/prima-mixta\/\">Allianz Prima Mixta<\/a><\/li> <li><a href=\"https:\/\/idecesos.com\/seguros\/companias\/allianz\/prima-natural\/\">Allianz Prima Natural<\/a><\/li> <li><a href=\"https:\/\/idecesos.com\/seguros\/companias\/allianz\/prima-nivelada\/\">Allianz Prima Nivelada<\/a><\/li> <li><a href=\"https:\/\/idecesos.com\/seguros\/companias\/allianz\/prima-unica\/\">Allianz Prima \u00danica<\/a><\/li> <li><a href=\"https:\/\/idecesos.com\/seguros\/companias\/allianz\/repatriacion\/\">Allianz Repatriaci\u00f3n<\/a><\/li> <li><a href=\"https:\/\/idecesos.com\/seguros\/companias\/allianz\/telefono\/\">Tel\u00e9fono Gratuito Allianz<\/a><\/li><\/ul><\/div><\/p>\n<\/div>\n","protected":false},"excerpt":{"rendered":"<p>Resalta el seguro de decesos de prima nivelada Allianz por dar un precio siempre que se mantiene en el tiempo de manera continuada, y va a quedar a\u00f1adido a la suma de los gastos funerarios. La modalidad de prima nivelada Allianz es una de las que tienen m\u00e1s \u00e9xito entre su cartera de clientes del&hellip; <\/p>\n","protected":false},"author":3,"featured_media":0,"parent":260,"menu_order":0,"comment_status":"closed","ping_status":"closed","template":"single.php","meta":{"footnotes":""},"class_list":["post-10836","page","type-page","status-publish","hentry"],"yoast_head":"<!-- This site is optimized with the Yoast SEO plugin v27.3 - https:\/\/yoast.com\/product\/yoast-seo-wordpress\/ -->\n<title>Seguro Decesos Allianz Prima Nivelada \u25b7 Opiniones y Precio 2026<\/title>\n<meta name=\"description\" content=\"Click aqu\u00ed \u3010Seguro de Decesos Prima Nivelada Allianz\u3011 Mejores precios Allianz seguro de fallecidos Prima Nivelada \u2611\ufe0f Actualizado por iDecesos\u00ae\" \/>\n<meta name=\"robots\" content=\"index, follow, max-snippet:-1, max-image-preview:large, max-video-preview:-1\" \/>\n<link rel=\"canonical\" href=\"https:\/\/idecesos.com\/seguros\/companias\/allianz\/prima-nivelada\/\" \/>\n<meta property=\"og:locale\" content=\"es_ES\" \/>\n<meta property=\"og:type\" content=\"article\" \/>\n<meta property=\"og:title\" content=\"Seguro Decesos Allianz Prima Nivelada \u25b7 Opiniones y Precio 2026\" \/>\n<meta property=\"og:description\" content=\"Click aqu\u00ed \u3010Seguro de Decesos Prima Nivelada Allianz\u3011 Mejores precios Allianz seguro de fallecidos Prima Nivelada \u2611\ufe0f Actualizado por iDecesos\u00ae\" \/>\n<meta property=\"og:url\" content=\"https:\/\/idecesos.com\/seguros\/companias\/allianz\/prima-nivelada\/\" \/>\n<meta property=\"article:modified_time\" content=\"2022-01-03T12:29:53+00:00\" \/>\n<meta name=\"twitter:card\" content=\"summary_large_image\" \/>\n<meta name=\"twitter:label1\" content=\"Tiempo de lectura\" \/>\n\t<meta name=\"twitter:data1\" content=\"57 minutos\" \/>\n<script type=\"application\/ld+json\" class=\"yoast-schema-graph\">{\"@context\":\"https:\\\/\\\/schema.org\",\"@graph\":[{\"@type\":\"WebPage\",\"@id\":\"https:\\\/\\\/idecesos.com\\\/seguros\\\/companias\\\/allianz\\\/prima-nivelada\\\/\",\"url\":\"https:\\\/\\\/idecesos.com\\\/seguros\\\/companias\\\/allianz\\\/prima-nivelada\\\/\",\"name\":\"Seguro Decesos Allianz Prima Nivelada \u25b7 Opiniones y Precio 2026\",\"isPartOf\":{\"@id\":\"https:\\\/\\\/idecesos.com\\\/seguros\\\/#website\"},\"datePublished\":\"2021-10-21T19:51:36+00:00\",\"dateModified\":\"2022-01-03T12:29:53+00:00\",\"description\":\"Click aqu\u00ed \u3010Seguro de Decesos Prima Nivelada Allianz\u3011 Mejores precios Allianz seguro de fallecidos Prima Nivelada \u2611\ufe0f Actualizado por iDecesos\u00ae\",\"breadcrumb\":{\"@id\":\"https:\\\/\\\/idecesos.com\\\/seguros\\\/companias\\\/allianz\\\/prima-nivelada\\\/#breadcrumb\"},\"inLanguage\":\"es\",\"potentialAction\":[{\"@type\":\"ReadAction\",\"target\":[\"https:\\\/\\\/idecesos.com\\\/seguros\\\/companias\\\/allianz\\\/prima-nivelada\\\/\"]}]},{\"@type\":\"BreadcrumbList\",\"@id\":\"https:\\\/\\\/idecesos.com\\\/seguros\\\/companias\\\/allianz\\\/prima-nivelada\\\/#breadcrumb\",\"itemListElement\":[{\"@type\":\"ListItem\",\"position\":1,\"name\":\"Portada\",\"item\":\"https:\\\/\\\/idecesos.com\\\/seguros\\\/\"},{\"@type\":\"ListItem\",\"position\":2,\"name\":\"Compa\u00f1\u00edas de Seguros de Decesos en Espa\u00f1a\",\"item\":\"https:\\\/\\\/idecesos.com\\\/seguros\\\/companias\\\/\"},{\"@type\":\"ListItem\",\"position\":3,\"name\":\"Seguro de Decesos Allianz\",\"item\":\"https:\\\/\\\/idecesos.com\\\/seguros\\\/companias\\\/allianz\\\/\"},{\"@type\":\"ListItem\",\"position\":4,\"name\":\"Seguro de decesos Allianz Prima Nivelada\"}]},{\"@type\":\"WebSite\",\"@id\":\"https:\\\/\\\/idecesos.com\\\/seguros\\\/#website\",\"url\":\"https:\\\/\\\/idecesos.com\\\/seguros\\\/\",\"name\":\"\",\"description\":\"\",\"potentialAction\":[{\"@type\":\"SearchAction\",\"target\":{\"@type\":\"EntryPoint\",\"urlTemplate\":\"https:\\\/\\\/idecesos.com\\\/seguros\\\/?s={search_term_string}\"},\"query-input\":{\"@type\":\"PropertyValueSpecification\",\"valueRequired\":true,\"valueName\":\"search_term_string\"}}],\"inLanguage\":\"es\"}]}<\/script>\n<!-- \/ Yoast SEO plugin. -->","yoast_head_json":{"title":"Seguro Decesos Allianz Prima Nivelada \u25b7 Opiniones y Precio 2026","description":"Click aqu\u00ed \u3010Seguro de Decesos Prima Nivelada Allianz\u3011 Mejores precios Allianz seguro de fallecidos Prima Nivelada \u2611\ufe0f Actualizado por iDecesos\u00ae","robots":{"index":"index","follow":"follow","max-snippet":"max-snippet:-1","max-image-preview":"max-image-preview:large","max-video-preview":"max-video-preview:-1"},"canonical":"https:\/\/idecesos.com\/seguros\/companias\/allianz\/prima-nivelada\/","og_locale":"es_ES","og_type":"article","og_title":"Seguro Decesos Allianz Prima Nivelada \u25b7 Opiniones y Precio 2026","og_description":"Click aqu\u00ed \u3010Seguro de Decesos Prima Nivelada Allianz\u3011 Mejores precios Allianz seguro de fallecidos Prima Nivelada \u2611\ufe0f Actualizado por iDecesos\u00ae","og_url":"https:\/\/idecesos.com\/seguros\/companias\/allianz\/prima-nivelada\/","article_modified_time":"2022-01-03T12:29:53+00:00","twitter_card":"summary_large_image","twitter_misc":{"Tiempo de lectura":"57 minutos"},"schema":{"@context":"https:\/\/schema.org","@graph":[{"@type":"WebPage","@id":"https:\/\/idecesos.com\/seguros\/companias\/allianz\/prima-nivelada\/","url":"https:\/\/idecesos.com\/seguros\/companias\/allianz\/prima-nivelada\/","name":"Seguro Decesos Allianz Prima Nivelada \u25b7 Opiniones y Precio 2026","isPartOf":{"@id":"https:\/\/idecesos.com\/seguros\/#website"},"datePublished":"2021-10-21T19:51:36+00:00","dateModified":"2022-01-03T12:29:53+00:00","description":"Click aqu\u00ed \u3010Seguro de Decesos Prima Nivelada Allianz\u3011 Mejores precios Allianz seguro de fallecidos Prima Nivelada \u2611\ufe0f Actualizado por iDecesos\u00ae","breadcrumb":{"@id":"https:\/\/idecesos.com\/seguros\/companias\/allianz\/prima-nivelada\/#breadcrumb"},"inLanguage":"es","potentialAction":[{"@type":"ReadAction","target":["https:\/\/idecesos.com\/seguros\/companias\/allianz\/prima-nivelada\/"]}]},{"@type":"BreadcrumbList","@id":"https:\/\/idecesos.com\/seguros\/companias\/allianz\/prima-nivelada\/#breadcrumb","itemListElement":[{"@type":"ListItem","position":1,"name":"Portada","item":"https:\/\/idecesos.com\/seguros\/"},{"@type":"ListItem","position":2,"name":"Compa\u00f1\u00edas de Seguros de Decesos en Espa\u00f1a","item":"https:\/\/idecesos.com\/seguros\/companias\/"},{"@type":"ListItem","position":3,"name":"Seguro de Decesos Allianz","item":"https:\/\/idecesos.com\/seguros\/companias\/allianz\/"},{"@type":"ListItem","position":4,"name":"Seguro de decesos Allianz Prima Nivelada"}]},{"@type":"WebSite","@id":"https:\/\/idecesos.com\/seguros\/#website","url":"https:\/\/idecesos.com\/seguros\/","name":"","description":"","potentialAction":[{"@type":"SearchAction","target":{"@type":"EntryPoint","urlTemplate":"https:\/\/idecesos.com\/seguros\/?s={search_term_string}"},"query-input":{"@type":"PropertyValueSpecification","valueRequired":true,"valueName":"search_term_string"}}],"inLanguage":"es"}]}},"_links":{"self":[{"href":"https:\/\/idecesos.com\/seguros\/wp-json\/wp\/v2\/pages\/10836","targetHints":{"allow":["GET"]}}],"collection":[{"href":"https:\/\/idecesos.com\/seguros\/wp-json\/wp\/v2\/pages"}],"about":[{"href":"https:\/\/idecesos.com\/seguros\/wp-json\/wp\/v2\/types\/page"}],"author":[{"embeddable":true,"href":"https:\/\/idecesos.com\/seguros\/wp-json\/wp\/v2\/users\/3"}],"replies":[{"embeddable":true,"href":"https:\/\/idecesos.com\/seguros\/wp-json\/wp\/v2\/comments?post=10836"}],"version-history":[{"count":5,"href":"https:\/\/idecesos.com\/seguros\/wp-json\/wp\/v2\/pages\/10836\/revisions"}],"predecessor-version":[{"id":12811,"href":"https:\/\/idecesos.com\/seguros\/wp-json\/wp\/v2\/pages\/10836\/revisions\/12811"}],"up":[{"embeddable":true,"href":"https:\/\/idecesos.com\/seguros\/wp-json\/wp\/v2\/pages\/260"}],"wp:attachment":[{"href":"https:\/\/idecesos.com\/seguros\/wp-json\/wp\/v2\/media?parent=10836"}],"curies":[{"name":"wp","href":"https:\/\/api.w.org\/{rel}","templated":true}]}}