{"id":10939,"date":"2021-10-28T00:00:00","date_gmt":"2021-10-24T22:40:27","guid":{"rendered":"https:\/\/idecesos.com\/seguros\/companias\/montepio\/repatriacion\/"},"modified":"2022-01-03T12:31:08","modified_gmt":"2022-01-03T12:31:08","slug":"repatriacion","status":"publish","type":"page","link":"https:\/\/idecesos.com\/seguros\/companias\/montepio\/repatriacion\/","title":{"rendered":"Seguro de decesos Montepio con repatriaci\u00f3n"},"content":{"rendered":"<div id=\"ez-toc-container\" class=\"ez-toc-v2_0_82_2 ez-toc-wrap-center counter-hierarchy ez-toc-counter ez-toc-custom ez-toc-container-direction\">\n<div class=\"ez-toc-title-container\">\n<p class=\"ez-toc-title\" style=\"cursor:inherit\">Tabla de Contenido<\/p>\n<span class=\"ez-toc-title-toggle\"><a href=\"#\" class=\"ez-toc-pull-right ez-toc-btn ez-toc-btn-xs ez-toc-btn-default ez-toc-toggle\" aria-label=\"Alternar tabla de contenidos\"><span class=\"ez-toc-js-icon-con\"><span class=\"\"><span class=\"eztoc-hide\" style=\"display:none;\">Toggle<\/span><span class=\"ez-toc-icon-toggle-span\"><svg style=\"fill: #db6415;color:#db6415\" xmlns=\"http:\/\/www.w3.org\/2000\/svg\" class=\"list-377408\" width=\"20px\" height=\"20px\" viewBox=\"0 0 24 24\" fill=\"none\"><path d=\"M6 6H4v2h2V6zm14 0H8v2h12V6zM4 11h2v2H4v-2zm16 0H8v2h12v-2zM4 16h2v2H4v-2zm16 0H8v2h12v-2z\" fill=\"currentColor\"><\/path><\/svg><svg style=\"fill: #db6415;color:#db6415\" class=\"arrow-unsorted-368013\" xmlns=\"http:\/\/www.w3.org\/2000\/svg\" width=\"10px\" height=\"10px\" viewBox=\"0 0 24 24\" version=\"1.2\" baseProfile=\"tiny\"><path d=\"M18.2 9.3l-6.2-6.3-6.2 6.3c-.2.2-.3.4-.3.7s.1.5.3.7c.2.2.4.3.7.3h11c.3 0 .5-.1.7-.3.2-.2.3-.5.3-.7s-.1-.5-.3-.7zM5.8 14.7l6.2 6.3 6.2-6.3c.2-.2.3-.5.3-.7s-.1-.5-.3-.7c-.2-.2-.4-.3-.7-.3h-11c-.3 0-.5.1-.7.3-.2.2-.3.5-.3.7s.1.5.3.7z\"\/><\/svg><\/span><\/span><\/span><\/a><\/span><\/div>\n<nav><ul class='ez-toc-list ez-toc-list-level-1 ' ><li class='ez-toc-page-1 ez-toc-heading-level-2'><a class=\"ez-toc-link ez-toc-heading-1\" href=\"https:\/\/idecesos.com\/seguros\/companias\/montepio\/repatriacion\/#Coberturas_seguro_Montepio_con_repatriacion\" >Coberturas seguro Montepio con repatriaci\u00f3n<\/a><ul class='ez-toc-list-level-3' ><li class='ez-toc-heading-level-3'><a class=\"ez-toc-link ez-toc-heading-2\" href=\"https:\/\/idecesos.com\/seguros\/companias\/montepio\/repatriacion\/#%C2%BFA_quien_va_dirigido_el_seguro_de_decesos_con_repatriacion_de_Montepio\" >\u00bfA qui\u00e9n va dirigido el seguro de decesos con repatriaci\u00f3n de Montepio?<\/a><\/li><\/ul><\/li><li class='ez-toc-page-1 ez-toc-heading-level-2'><a class=\"ez-toc-link ez-toc-heading-3\" href=\"https:\/\/idecesos.com\/seguros\/companias\/montepio\/repatriacion\/#Precio_de_seguro_de_decesos_Montepio_con_repatriacion\" >Precio de seguro de decesos Montepio con repatriaci\u00f3n<\/a><\/li><li class='ez-toc-page-1 ez-toc-heading-level-2'><a class=\"ez-toc-link ez-toc-heading-4\" href=\"https:\/\/idecesos.com\/seguros\/companias\/montepio\/repatriacion\/#Productos_Repatriacion_Montepio\" >Productos Repatriaci\u00f3n Montepio<\/a><\/li><li class='ez-toc-page-1 ez-toc-heading-level-2'><a class=\"ez-toc-link ez-toc-heading-5\" href=\"https:\/\/idecesos.com\/seguros\/companias\/montepio\/repatriacion\/#Opiniones_del_seguro_de_decesos_de_Repatriacion_de_Montepio\" >Opiniones del seguro de decesos de Repatriaci\u00f3n de Montepio<\/a><ul class='ez-toc-list-level-3' ><li class='ez-toc-heading-level-3'><a class=\"ez-toc-link ez-toc-heading-6\" href=\"https:\/\/idecesos.com\/seguros\/companias\/montepio\/repatriacion\/#Paginas_relacionadas\" >P\u00e1ginas relacionadas<\/a><\/li><\/ul><\/li><\/ul><\/nav><\/div>\n\n<p>En todas y cada una de las coberturas que pueda incluir el seguro de repatriaci\u00f3n Montepio van a quedar las adicionales que podr\u00e1s incluir siempre y cuando quieras. Dentro de los \u00faltimos tiempos m\u00faltiples personas como es el caso de Ruman\u00eda 622555 o bien Ecuador con 4155310, han descuidado su pa\u00eds de origen para residir dentro de Espa\u00f1a. Con el tiempo se debe de ir valorando los problemas que vayan a surgir en el futuro, para que cuando llegue el instante no se pierda la calma y tenerlo todo controlado, para poder hacer frente a las situaciones inopinadas. Esta p\u00f3liza est\u00e1 dise\u00f1ada para todas y cada una aquellas personas que deseen a sus seres queridos y deseen brindarles esa tranquilidad, as\u00ed sea donde te halles en cualquier parte del planeta, lo que te garantizar\u00e1 en el instante del \u00f3bito el servicio de repatriaci\u00f3n. <\/p>\n<p>Leer m\u00e1s: <a href=\"https:\/\/idecesos.com\/seguros\/tipo\/extranjeros-repatriacion\/\">Seguro de decesos con repatriaci\u00f3n<\/a><\/p>\n<div class=\"colorf \"  ><div class=\"container clearfix\"><div class=\"col-md-7\"><\/p>\n<h2><span class=\"ez-toc-section\" id=\"Coberturas_seguro_Montepio_con_repatriacion\"><\/span>Coberturas seguro Montepio con repatriaci\u00f3n<span class=\"ez-toc-section-end\"><\/span><\/h2>\n<p>Si eres una de las personas que radican fuera de Espa\u00f1a, las coberturas que vienen dentro de decesos de repatriaci\u00f3n en Montepio son las que mejor se van adaptar a ti, haci\u00e9ndose ellos cargos de todos los gastos en el instante que ocurra el \u00f3bito, tramitando tu traslado a tu lugar de origen. Por esta raz\u00f3n es uno de los servicios con una usabilidad fundamental que quedan cubiertos dentro en conjunto con el resto coberturas. Esta cobertura se puede contratar por medio de un seguro de vida, seguros de salud, los seguros de viaje y seguros de decesos. Te dan el beneficio de acceder a conseguir la obtenci\u00f3n del seguro de repatriaci\u00f3n de forma m\u00e1s concreta. <\/p>\n<p><\/div><\/div><\/div>\n<h3><span class=\"ez-toc-section\" id=\"%C2%BFA_quien_va_dirigido_el_seguro_de_decesos_con_repatriacion_de_Montepio\"><\/span>\u00bfA qui\u00e9n va dirigido el seguro de decesos con repatriaci\u00f3n de Montepio?<span class=\"ez-toc-section-end\"><\/span><\/h3>\n<p>En tus motivos est\u00e1 la de ahorrar a tu familiar un gasto exorbitante, merced a la contrataci\u00f3n del seguro de decesos de repatriaci\u00f3n de Montepio, evitar\u00e1s todo eso. Si adem\u00e1s eres una persona que reside en cualquier una parte del planeta, este seguro se adaptar\u00e1 a tus medidas. Ya que se tiene que tomar en consideraci\u00f3n que uno de los mayores objetivos es la garant\u00eda de la cobertura de los gastos del servicio funerario en su localidad nacional o donde radique el fallecido o as\u00ed sea en cualquier parte del mundo siempre que contemplado las pautas en el contrato del seguro. <\/p>\n<div class=\"colorf \"  ><div class=\"container clearfix\"><div class=\"col-md-7\"><\/p>\n<h2><span class=\"ez-toc-section\" id=\"Precio_de_seguro_de_decesos_Montepio_con_repatriacion\"><\/span>Precio de seguro de decesos Montepio con repatriaci\u00f3n<span class=\"ez-toc-section-end\"><\/span><\/h2>\n<p>El coste de seguro de decesos repatriaci\u00f3n de la Montepio se estimara en dependencia de las coberturas que vayas agregar a la p\u00f3liza, con lo que este seguro ser\u00eda complementaria al seguro de decesos que se paga, con lo que depender\u00e1 de la p\u00f3liza contratada o bien de la prima que se haya escogido. Son expertos en el campo por esta raz\u00f3n iDecesos trae las coberturas precisas a fin de que puedas hallar toda la informaci\u00f3n que necesites y que puedas acceder a todo ello de forma r\u00e1pida, por lo que te resultar\u00e1 de manera eficiente y conseguir\u00e1s adquirir los diferentes costes que hay en el mercado actual. <\/p>\n<p><\/div><\/div><\/div>\n<h2><span class=\"ez-toc-section\" id=\"Productos_Repatriacion_Montepio\"><\/span>Productos Repatriaci\u00f3n Montepio<span class=\"ez-toc-section-end\"><\/span><\/h2>\n<div class=\"colorf\"><div class=\"container clearfix\"><div class=\"col-md-7\"><div class=\"opiniones\">\n<h2><span class=\"ez-toc-section\" id=\"Opiniones_del_seguro_de_decesos_de_Repatriacion_de_Montepio\"><\/span>Opiniones del seguro de decesos de Repatriaci\u00f3n de Montepio<span class=\"ez-toc-section-end\"><\/span><\/h2>\n<p>&nbsp;<\/p>\n<div class=\"opinion \"  >\n\t\t\t<div class=\"cabecera_opinion\">\n\t\t\t\t<div class=\"avatar\">R S <\/div>\n\t\t\t\t<div class=\"datos_opinion\">\n\t\t\t\t\t<div class=\"nombre_opinion\">Roberta Sol\u00edas<\/div>\n\t\t\t\t\t<div class=\"info_opinion\">\t\t\t\t\t\t\n\t\t\t\t\t\t<div class=\"cuenta_opinion\"><i class=\"fas fa-pencil-alt\"><\/i><!--span class=\"dashicons dashicons-edit\" style=\"font-size:20px\"><\/span--><span>1 Opini\u00f3n<\/span><\/div>\t\t\t\t\t\t\n\t\t\t\t\t\t<div class=\"localizacion_opinion\">\n\t\t\t\t\t\t\t<i class=\"fas fa-map-marker-alt\"><\/i><!--span class=\"dashicons dashicons-location\" style=\"font-size:20px\"><\/span-->\n\t\t\t\t\t\t\t<span>ES<\/span>\n\t\t\t\t\t\t<\/div>\t\n\t\t\t\t\t<\/div>\n\t\t\t\t<\/div>\n\t\t\t<\/div><div class=\"texto_opinion\"><\/p>\n<p>Puedo decir con toda la seguridad que prestan de los mejores servicios tanto en calidad como en persona, gracias a la ayuda sicol\u00f3gica que recibimos el proceso result\u00f3 un m\u00e1s sencillo, adem\u00e1s de no tener que preocuparnos por ning\u00fan tr\u00e1mite administrativo. Adem\u00e1s de que no sucedi\u00f3 ning\u00fan problema, estuvimos apoyado 100 por ciento.<\/p>\n<p><\/div><\/div>\n<div class=\"opinion \"  >\n\t\t\t<div class=\"cabecera_opinion\">\n\t\t\t\t<div class=\"avatar\">Y T <\/div>\n\t\t\t\t<div class=\"datos_opinion\">\n\t\t\t\t\t<div class=\"nombre_opinion\">Yolanda Tormo<\/div>\n\t\t\t\t\t<div class=\"info_opinion\">\t\t\t\t\t\t\n\t\t\t\t\t\t<div class=\"cuenta_opinion\"><i class=\"fas fa-pencil-alt\"><\/i><!--span class=\"dashicons dashicons-edit\" style=\"font-size:20px\"><\/span--><span>1 Opini\u00f3n<\/span><\/div>\t\t\t\t\t\t\n\t\t\t\t\t\t<div class=\"localizacion_opinion\">\n\t\t\t\t\t\t\t<i class=\"fas fa-map-marker-alt\"><\/i><!--span class=\"dashicons dashicons-location\" style=\"font-size:20px\"><\/span-->\n\t\t\t\t\t\t\t<span>ES<\/span>\n\t\t\t\t\t\t<\/div>\t\n\t\t\t\t\t<\/div>\n\t\t\t\t<\/div>\n\t\t\t<\/div><div class=\"texto_opinion\"><\/p>\n<p>Precisamente mis tres hijos viajar por tema laboral con lo que decidimos contratar la p\u00f3liza de repatriaci\u00f3n de Montepio puesto que contaba con todas y cada una de las coberturas al completo, dentro de las cl\u00e1usulas vienen m\u00e1s detallada, nos realizaron un presupuesto muy alcanzable, adem\u00e1s de que me lo hab\u00edan recomendado varias amigas, despu\u00e9s de informarme y contemplar diferentes opciones, me qued\u00e9 con Montepio y de lo que llevo con ellos, no he tenido ninguna incidencia.<\/p>\n<p><\/div><\/div>\n<div class=\"opinion \"  >\n\t\t\t<div class=\"cabecera_opinion\">\n\t\t\t\t<div class=\"avatar\">N M <\/div>\n\t\t\t\t<div class=\"datos_opinion\">\n\t\t\t\t\t<div class=\"nombre_opinion\">Nazaret Molins<\/div>\n\t\t\t\t\t<div class=\"info_opinion\">\t\t\t\t\t\t\n\t\t\t\t\t\t<div class=\"cuenta_opinion\"><i class=\"fas fa-pencil-alt\"><\/i><!--span class=\"dashicons dashicons-edit\" style=\"font-size:20px\"><\/span--><span>1 Opini\u00f3n<\/span><\/div>\t\t\t\t\t\t\n\t\t\t\t\t\t<div class=\"localizacion_opinion\">\n\t\t\t\t\t\t\t<i class=\"fas fa-map-marker-alt\"><\/i><!--span class=\"dashicons dashicons-location\" style=\"font-size:20px\"><\/span-->\n\t\t\t\t\t\t\t<span>ES<\/span>\n\t\t\t\t\t\t<\/div>\t\n\t\t\t\t\t<\/div>\n\t\t\t\t<\/div>\n\t\t\t<\/div><div class=\"texto_opinion\"><\/p>\n<p>Realice el contrato con ellos ya que me dieron confianza y la seguridad de poder contar con sus servicios fuera de Espa\u00f1a, en tanto que era lo que buscaba, y se adapta con perfecci\u00f3n a mis circustancias, el servicio que recib\u00ed ha sido de manera extraordinaria, me asesoran en todo momento y con calma, adem\u00e1s de ello mi familia se podr\u00e1 sentir m\u00e1s tranquilo toda vez que realice alg\u00fan viaje. Solventaron todo aquel problema que pudo suceder, donde nos respaldaron en todo momento.<\/p>\n<p><\/div><\/div>\n<\/div><\/div><\/div><\/div>\n<p><div class=\"oficinas\"><br \/>\n<h3><span class=\"ez-toc-section\" id=\"Paginas_relacionadas\"><\/span>P\u00e1ginas relacionadas<span class=\"ez-toc-section-end\"><\/span><\/h3><div class=\"enlazado\"><ul> <li><a href=\"https:\/\/idecesos.com\/seguros\/companias\/montepio\/opiniones\/\">Opiniones Montepio<\/a><\/li> <li><a href=\"https:\/\/idecesos.com\/seguros\/companias\/montepio\/precio\/\">Precio seguro Montepio<\/a><\/li> <li><a href=\"https:\/\/idecesos.com\/seguros\/companias\/montepio\/prima-mixta\/\">Montepio Prima Mixta<\/a><\/li> <li><a href=\"https:\/\/idecesos.com\/seguros\/companias\/montepio\/prima-natural\/\">Montepio Prima Natural<\/a><\/li> <li><a href=\"https:\/\/idecesos.com\/seguros\/companias\/montepio\/prima-nivelada\/\">Montepio Prima Nivelada<\/a><\/li> <li><a href=\"https:\/\/idecesos.com\/seguros\/companias\/montepio\/prima-unica\/\">Montepio Prima \u00danica<\/a><\/li> <li><a href=\"https:\/\/idecesos.com\/seguros\/companias\/montepio\/repatriacion\/\">Montepio Repatriaci\u00f3n<\/a><\/li> <li><a href=\"https:\/\/idecesos.com\/seguros\/companias\/montepio\/telefono\/\">Tel\u00e9fono Gratuito Montepio<\/a><\/li><\/ul><\/div><\/p>\n<\/div>\n","protected":false},"excerpt":{"rendered":"<p>En todas y cada una de las coberturas que pueda incluir el seguro de repatriaci\u00f3n Montepio van a quedar las adicionales que podr\u00e1s incluir siempre y cuando quieras. Dentro de los \u00faltimos tiempos m\u00faltiples personas como es el caso de Ruman\u00eda 622555 o bien Ecuador con 4155310, han descuidado su pa\u00eds de origen para residir&hellip; <\/p>\n","protected":false},"author":3,"featured_media":0,"parent":754,"menu_order":0,"comment_status":"closed","ping_status":"closed","template":"single.php","meta":{"footnotes":""},"class_list":["post-10939","page","type-page","status-publish","hentry"],"yoast_head":"<!-- This site is optimized with the Yoast SEO plugin v27.2 - https:\/\/yoast.com\/product\/yoast-seo-wordpress\/ -->\n<title>Seguro Decesos Montepio Repatriaci\u00f3n \u25b7 Opiniones y Precio 2026<\/title>\n<meta name=\"description\" content=\"Click aqu\u00ed \u3010Seguro de Decesos con repatriaci\u00f3n Montepio\u3011 Mejores precios Montepio seguro de fallecidos con repatriaci\u00f3n \u2611\ufe0f Actualizado por iDecesos\u00ae\" \/>\n<meta name=\"robots\" content=\"index, follow, max-snippet:-1, max-image-preview:large, max-video-preview:-1\" \/>\n<link rel=\"canonical\" href=\"https:\/\/idecesos.com\/seguros\/companias\/montepio\/repatriacion\/\" \/>\n<meta property=\"og:locale\" content=\"es_ES\" \/>\n<meta property=\"og:type\" content=\"article\" \/>\n<meta property=\"og:title\" content=\"Seguro Decesos Montepio Repatriaci\u00f3n \u25b7 Opiniones y Precio 2026\" \/>\n<meta property=\"og:description\" content=\"Click aqu\u00ed \u3010Seguro de Decesos con repatriaci\u00f3n Montepio\u3011 Mejores precios Montepio seguro de fallecidos con repatriaci\u00f3n \u2611\ufe0f Actualizado por iDecesos\u00ae\" \/>\n<meta property=\"og:url\" content=\"https:\/\/idecesos.com\/seguros\/companias\/montepio\/repatriacion\/\" \/>\n<meta property=\"article:modified_time\" content=\"2022-01-03T12:31:08+00:00\" \/>\n<meta name=\"twitter:card\" content=\"summary_large_image\" \/>\n<meta name=\"twitter:label1\" content=\"Tiempo de lectura\" \/>\n\t<meta name=\"twitter:data1\" content=\"56 minutos\" \/>\n<script type=\"application\/ld+json\" class=\"yoast-schema-graph\">{\"@context\":\"https:\/\/schema.org\",\"@graph\":[{\"@type\":\"WebPage\",\"@id\":\"https:\/\/idecesos.com\/seguros\/companias\/montepio\/repatriacion\/\",\"url\":\"https:\/\/idecesos.com\/seguros\/companias\/montepio\/repatriacion\/\",\"name\":\"Seguro Decesos Montepio Repatriaci\u00f3n \u25b7 Opiniones y Precio 2026\",\"isPartOf\":{\"@id\":\"https:\/\/idecesos.com\/seguros\/#website\"},\"datePublished\":\"2021-10-24T22:40:27+00:00\",\"dateModified\":\"2022-01-03T12:31:08+00:00\",\"description\":\"Click aqu\u00ed \u3010Seguro de Decesos con repatriaci\u00f3n Montepio\u3011 Mejores precios Montepio seguro de fallecidos con repatriaci\u00f3n \u2611\ufe0f Actualizado por iDecesos\u00ae\",\"breadcrumb\":{\"@id\":\"https:\/\/idecesos.com\/seguros\/companias\/montepio\/repatriacion\/#breadcrumb\"},\"inLanguage\":\"es\",\"potentialAction\":[{\"@type\":\"ReadAction\",\"target\":[\"https:\/\/idecesos.com\/seguros\/companias\/montepio\/repatriacion\/\"]}]},{\"@type\":\"BreadcrumbList\",\"@id\":\"https:\/\/idecesos.com\/seguros\/companias\/montepio\/repatriacion\/#breadcrumb\",\"itemListElement\":[{\"@type\":\"ListItem\",\"position\":1,\"name\":\"Portada\",\"item\":\"https:\/\/idecesos.com\/seguros\/\"},{\"@type\":\"ListItem\",\"position\":2,\"name\":\"Compa\u00f1\u00edas de Seguros de Decesos en Espa\u00f1a\",\"item\":\"https:\/\/idecesos.com\/seguros\/companias\/\"},{\"@type\":\"ListItem\",\"position\":3,\"name\":\"Seguro de Decesos Montepio\",\"item\":\"https:\/\/idecesos.com\/seguros\/companias\/montepio\/\"},{\"@type\":\"ListItem\",\"position\":4,\"name\":\"Seguro de decesos Montepio con repatriaci\u00f3n\"}]},{\"@type\":\"WebSite\",\"@id\":\"https:\/\/idecesos.com\/seguros\/#website\",\"url\":\"https:\/\/idecesos.com\/seguros\/\",\"name\":\"\",\"description\":\"\",\"potentialAction\":[{\"@type\":\"SearchAction\",\"target\":{\"@type\":\"EntryPoint\",\"urlTemplate\":\"https:\/\/idecesos.com\/seguros\/?s={search_term_string}\"},\"query-input\":{\"@type\":\"PropertyValueSpecification\",\"valueRequired\":true,\"valueName\":\"search_term_string\"}}],\"inLanguage\":\"es\"}]}<\/script>\n<!-- \/ Yoast SEO plugin. -->","yoast_head_json":{"title":"Seguro Decesos Montepio Repatriaci\u00f3n \u25b7 Opiniones y Precio 2026","description":"Click aqu\u00ed \u3010Seguro de Decesos con repatriaci\u00f3n Montepio\u3011 Mejores precios Montepio seguro de fallecidos con repatriaci\u00f3n \u2611\ufe0f Actualizado por iDecesos\u00ae","robots":{"index":"index","follow":"follow","max-snippet":"max-snippet:-1","max-image-preview":"max-image-preview:large","max-video-preview":"max-video-preview:-1"},"canonical":"https:\/\/idecesos.com\/seguros\/companias\/montepio\/repatriacion\/","og_locale":"es_ES","og_type":"article","og_title":"Seguro Decesos Montepio Repatriaci\u00f3n \u25b7 Opiniones y Precio 2026","og_description":"Click aqu\u00ed \u3010Seguro de Decesos con repatriaci\u00f3n Montepio\u3011 Mejores precios Montepio seguro de fallecidos con repatriaci\u00f3n \u2611\ufe0f Actualizado por iDecesos\u00ae","og_url":"https:\/\/idecesos.com\/seguros\/companias\/montepio\/repatriacion\/","article_modified_time":"2022-01-03T12:31:08+00:00","twitter_card":"summary_large_image","twitter_misc":{"Tiempo de lectura":"56 minutos"},"schema":{"@context":"https:\/\/schema.org","@graph":[{"@type":"WebPage","@id":"https:\/\/idecesos.com\/seguros\/companias\/montepio\/repatriacion\/","url":"https:\/\/idecesos.com\/seguros\/companias\/montepio\/repatriacion\/","name":"Seguro Decesos Montepio Repatriaci\u00f3n \u25b7 Opiniones y Precio 2026","isPartOf":{"@id":"https:\/\/idecesos.com\/seguros\/#website"},"datePublished":"2021-10-24T22:40:27+00:00","dateModified":"2022-01-03T12:31:08+00:00","description":"Click aqu\u00ed \u3010Seguro de Decesos con repatriaci\u00f3n Montepio\u3011 Mejores precios Montepio seguro de fallecidos con repatriaci\u00f3n \u2611\ufe0f Actualizado por iDecesos\u00ae","breadcrumb":{"@id":"https:\/\/idecesos.com\/seguros\/companias\/montepio\/repatriacion\/#breadcrumb"},"inLanguage":"es","potentialAction":[{"@type":"ReadAction","target":["https:\/\/idecesos.com\/seguros\/companias\/montepio\/repatriacion\/"]}]},{"@type":"BreadcrumbList","@id":"https:\/\/idecesos.com\/seguros\/companias\/montepio\/repatriacion\/#breadcrumb","itemListElement":[{"@type":"ListItem","position":1,"name":"Portada","item":"https:\/\/idecesos.com\/seguros\/"},{"@type":"ListItem","position":2,"name":"Compa\u00f1\u00edas de Seguros de Decesos en Espa\u00f1a","item":"https:\/\/idecesos.com\/seguros\/companias\/"},{"@type":"ListItem","position":3,"name":"Seguro de Decesos Montepio","item":"https:\/\/idecesos.com\/seguros\/companias\/montepio\/"},{"@type":"ListItem","position":4,"name":"Seguro de decesos Montepio con repatriaci\u00f3n"}]},{"@type":"WebSite","@id":"https:\/\/idecesos.com\/seguros\/#website","url":"https:\/\/idecesos.com\/seguros\/","name":"","description":"","potentialAction":[{"@type":"SearchAction","target":{"@type":"EntryPoint","urlTemplate":"https:\/\/idecesos.com\/seguros\/?s={search_term_string}"},"query-input":{"@type":"PropertyValueSpecification","valueRequired":true,"valueName":"search_term_string"}}],"inLanguage":"es"}]}},"_links":{"self":[{"href":"https:\/\/idecesos.com\/seguros\/wp-json\/wp\/v2\/pages\/10939","targetHints":{"allow":["GET"]}}],"collection":[{"href":"https:\/\/idecesos.com\/seguros\/wp-json\/wp\/v2\/pages"}],"about":[{"href":"https:\/\/idecesos.com\/seguros\/wp-json\/wp\/v2\/types\/page"}],"author":[{"embeddable":true,"href":"https:\/\/idecesos.com\/seguros\/wp-json\/wp\/v2\/users\/3"}],"replies":[{"embeddable":true,"href":"https:\/\/idecesos.com\/seguros\/wp-json\/wp\/v2\/comments?post=10939"}],"version-history":[{"count":2,"href":"https:\/\/idecesos.com\/seguros\/wp-json\/wp\/v2\/pages\/10939\/revisions"}],"predecessor-version":[{"id":12813,"href":"https:\/\/idecesos.com\/seguros\/wp-json\/wp\/v2\/pages\/10939\/revisions\/12813"}],"up":[{"embeddable":true,"href":"https:\/\/idecesos.com\/seguros\/wp-json\/wp\/v2\/pages\/754"}],"wp:attachment":[{"href":"https:\/\/idecesos.com\/seguros\/wp-json\/wp\/v2\/media?parent=10939"}],"curies":[{"name":"wp","href":"https:\/\/api.w.org\/{rel}","templated":true}]}}