{"id":10944,"date":"2021-10-28T00:00:00","date_gmt":"2021-10-24T22:40:34","guid":{"rendered":"https:\/\/idecesos.com\/seguros\/companias\/montepio\/prima-nivelada\/"},"modified":"2022-01-03T12:31:09","modified_gmt":"2022-01-03T12:31:09","slug":"prima-nivelada","status":"publish","type":"page","link":"https:\/\/idecesos.com\/seguros\/companias\/montepio\/prima-nivelada\/","title":{"rendered":"Seguro de decesos Montepio Prima Nivelada"},"content":{"rendered":"<div id=\"ez-toc-container\" class=\"ez-toc-v2_0_82_2 ez-toc-wrap-center counter-hierarchy ez-toc-counter ez-toc-custom ez-toc-container-direction\">\n<div class=\"ez-toc-title-container\">\n<p class=\"ez-toc-title\" style=\"cursor:inherit\">Tabla de Contenido<\/p>\n<span class=\"ez-toc-title-toggle\"><a href=\"#\" class=\"ez-toc-pull-right ez-toc-btn ez-toc-btn-xs ez-toc-btn-default ez-toc-toggle\" aria-label=\"Alternar tabla de contenidos\"><span class=\"ez-toc-js-icon-con\"><span class=\"\"><span class=\"eztoc-hide\" style=\"display:none;\">Toggle<\/span><span class=\"ez-toc-icon-toggle-span\"><svg style=\"fill: #db6415;color:#db6415\" xmlns=\"http:\/\/www.w3.org\/2000\/svg\" class=\"list-377408\" width=\"20px\" height=\"20px\" viewBox=\"0 0 24 24\" fill=\"none\"><path d=\"M6 6H4v2h2V6zm14 0H8v2h12V6zM4 11h2v2H4v-2zm16 0H8v2h12v-2zM4 16h2v2H4v-2zm16 0H8v2h12v-2z\" fill=\"currentColor\"><\/path><\/svg><svg style=\"fill: #db6415;color:#db6415\" class=\"arrow-unsorted-368013\" xmlns=\"http:\/\/www.w3.org\/2000\/svg\" width=\"10px\" height=\"10px\" viewBox=\"0 0 24 24\" version=\"1.2\" baseProfile=\"tiny\"><path d=\"M18.2 9.3l-6.2-6.3-6.2 6.3c-.2.2-.3.4-.3.7s.1.5.3.7c.2.2.4.3.7.3h11c.3 0 .5-.1.7-.3.2-.2.3-.5.3-.7s-.1-.5-.3-.7zM5.8 14.7l6.2 6.3 6.2-6.3c.2-.2.3-.5.3-.7s-.1-.5-.3-.7c-.2-.2-.4-.3-.7-.3h-11c-.3 0-.5.1-.7.3-.2.2-.3.5-.3.7s.1.5.3.7z\"\/><\/svg><\/span><\/span><\/span><\/a><\/span><\/div>\n<nav><ul class='ez-toc-list ez-toc-list-level-1 ' ><li class='ez-toc-page-1 ez-toc-heading-level-2'><a class=\"ez-toc-link ez-toc-heading-1\" href=\"https:\/\/idecesos.com\/seguros\/companias\/montepio\/prima-nivelada\/#Coberturas_seguro_Prima_Nivelada_Montepio\" >Coberturas seguro Prima Nivelada Montepio<\/a><ul class='ez-toc-list-level-3' ><li class='ez-toc-heading-level-3'><a class=\"ez-toc-link ez-toc-heading-2\" href=\"https:\/\/idecesos.com\/seguros\/companias\/montepio\/prima-nivelada\/#%C2%BFA_quien_va_dirigido_el_seguro_de_decesos_Prima_Nivelada_de_Montepio\" >\u00bfA qui\u00e9n va dirigido el seguro de decesos Prima Nivelada de Montepio?<\/a><\/li><\/ul><\/li><li class='ez-toc-page-1 ez-toc-heading-level-2'><a class=\"ez-toc-link ez-toc-heading-3\" href=\"https:\/\/idecesos.com\/seguros\/companias\/montepio\/prima-nivelada\/#Precio_de_seguro_de_decesos_Prima_Nivelada_Montepio\" >Precio de seguro de decesos Prima Nivelada Montepio<\/a><\/li><li class='ez-toc-page-1 ez-toc-heading-level-2'><a class=\"ez-toc-link ez-toc-heading-4\" href=\"https:\/\/idecesos.com\/seguros\/companias\/montepio\/prima-nivelada\/#Productos_Prima_Nivelada_Montepio\" >Productos Prima Nivelada Montepio<\/a><\/li><li class='ez-toc-page-1 ez-toc-heading-level-2'><a class=\"ez-toc-link ez-toc-heading-5\" href=\"https:\/\/idecesos.com\/seguros\/companias\/montepio\/prima-nivelada\/#Opiniones_del_seguro_de_decesos_de_Prima_Nivelada_de_Montepio\" >Opiniones del seguro de decesos de Prima Nivelada de Montepio<\/a><ul class='ez-toc-list-level-3' ><li class='ez-toc-heading-level-3'><a class=\"ez-toc-link ez-toc-heading-6\" href=\"https:\/\/idecesos.com\/seguros\/companias\/montepio\/prima-nivelada\/#Paginas_relacionadas\" >P\u00e1ginas relacionadas<\/a><\/li><\/ul><\/li><\/ul><\/nav><\/div>\n\n<p>El seguro de decesos de prima nivelada Montepio es una modalidad en la que Montepio se compromete a sostener la prima constante a lo largo de toda la vida que te mantengas de usuario en la empresa aseguradora, para la suma asegurada del servicio funerario contratado al comienzo del seguro. Asimismo, para las actualizaciones siguientes de la suma asegurada presente en el contrato se aplicar\u00e1 una tasa estable de conformidad con la edad con la que contrat\u00f3 por vez primera con Montepio. As\u00ed como, para las sumas aseguradas no previstas en el contrato se repercutir\u00e1 una nueva tasa constante en la edad alcanzada. <\/p>\n<p>Leer m\u00e1s: <a href=\"https:\/\/idecesos.com\/seguros\/tipo\/nivelada\/\">Seguro de decesos Prima Nivelada<\/a><\/p>\n<div class=\"colorf \"  ><div class=\"container clearfix\"><div class=\"col-md-7\"><\/p>\n<h2><span class=\"ez-toc-section\" id=\"Coberturas_seguro_Prima_Nivelada_Montepio\"><\/span>Coberturas seguro Prima Nivelada Montepio<span class=\"ez-toc-section-end\"><\/span><\/h2>\n<p>El seguro funerario Montepio es uno de los primordiales \u00e1mbitos de subscripci\u00f3n, conf\u00eda la misi\u00f3n principal de la p\u00f3liza de seguro, el cliente del servicio firma el contrato para exactamente el mismo, que es un servicio funerario completo, Montepio se ha transformado en uno de los servicios funerarios m\u00e1s reconocidos por su trato flexible, profesional y servicios de mayor calidad. El asegurado va a tener libre elecci\u00f3n de sepelio o bien incineraci\u00f3n, se encargaran de las gestiones administrativas de forma legal y que todo se realice en el momento en que fallece el beneficiario. Cada familia tiene una cultura o costumbre, por lo que  determinan lo que se har\u00e1 en el momento en que llegue el instante. Dentro de los servicios que solicites se realizar\u00e1n, en relaci\u00f3n al presupuesto y a los fondos del seguro, quedando de manera proporcionada a medida en lo posible. Es esencial tener a mano la herramienta del comparador de iDecesos, con ello conseguir\u00e1s en detalle toda la informaci\u00f3n importante a nivel Montepio m\u00e1s explicado de cada producto que vayas a necesitar en ese momento. Documento informativo, que explica los contenidos y exclusiones desplegados. <\/p>\n<p><\/div><\/div><\/div>\n<h3><span class=\"ez-toc-section\" id=\"%C2%BFA_quien_va_dirigido_el_seguro_de_decesos_Prima_Nivelada_de_Montepio\"><\/span>\u00bfA qui\u00e9n va dirigido el seguro de decesos Prima Nivelada de Montepio?<span class=\"ez-toc-section-end\"><\/span><\/h3>\n<p>Una de las caracter\u00edsticas del seguro de prima nivelada de Montepio es que va a dirigido a cualquier persona, para todas aquellas personas que est\u00e9n buscando una estabilidad financiera en el precio de mercado, asegurando que le den un servicio con unas garant\u00edas altas y muy especializado. <\/p>\n<div class=\"colorf \"  ><div class=\"container clearfix\"><div class=\"col-md-7\"><\/p>\n<h2><span class=\"ez-toc-section\" id=\"Precio_de_seguro_de_decesos_Prima_Nivelada_Montepio\"><\/span>Precio de seguro de decesos Prima Nivelada Montepio<span class=\"ez-toc-section-end\"><\/span><\/h2>\n<p>Montepio su precio del seguro de prima nivelada se encuentra en un rango que es de 5\u20ac manera mensuales, se tomar\u00e1 en cuenta la localidad del asegurado. No obstante, en Montepio disponen de un seguro de prima nivelada barato y con las tarifas con mejores descuentos del mercado de asegurados de decesos. Realizando la comparaci\u00f3n dentro de los diferentes costes que hay de prima nivelada de la compa\u00f1\u00eda Montepio vas a poder lograr ahorrarte hasta un 50 por ciento . <\/p>\n<p><\/div><\/div><\/div>\n<h2><span class=\"ez-toc-section\" id=\"Productos_Prima_Nivelada_Montepio\"><\/span>Productos Prima Nivelada Montepio<span class=\"ez-toc-section-end\"><\/span><\/h2>\n<div class=\"colorf\"><div class=\"container clearfix\"><div class=\"col-md-7\"><div class=\"opiniones\">\n<h2><span class=\"ez-toc-section\" id=\"Opiniones_del_seguro_de_decesos_de_Prima_Nivelada_de_Montepio\"><\/span>Opiniones del seguro de decesos de Prima Nivelada de Montepio<span class=\"ez-toc-section-end\"><\/span><\/h2>\n<p>Tiene una de las mejores creencias el seguro de decesos de prima nivelada Montepio generado gracias a los mejores asesores del mercado que es iDecesos, dando accesibilidad a unas coberturas que realizan con eficacia las gestiones pertinentes. En la prima nivelada Montepio facilita los pagos para los que quieran efectuar el pago de una forma m\u00e1s eficaz y f\u00e1cil. Montepio de forma m\u00e1s usual lleva a cabo descuentos muy interesantes a fin de que se puedan favorecerlos clientes. <\/p>\n<div class=\"opinion \"  >\n\t\t\t<div class=\"cabecera_opinion\">\n\t\t\t\t<div class=\"avatar\">I S <\/div>\n\t\t\t\t<div class=\"datos_opinion\">\n\t\t\t\t\t<div class=\"nombre_opinion\">Isa\u00edas Sans<\/div>\n\t\t\t\t\t<div class=\"info_opinion\">\t\t\t\t\t\t\n\t\t\t\t\t\t<div class=\"cuenta_opinion\"><i class=\"fas fa-pencil-alt\"><\/i><!--span class=\"dashicons dashicons-edit\" style=\"font-size:20px\"><\/span--><span>1 Opini\u00f3n<\/span><\/div>\t\t\t\t\t\t\n\t\t\t\t\t\t<div class=\"localizacion_opinion\">\n\t\t\t\t\t\t\t<i class=\"fas fa-map-marker-alt\"><\/i><!--span class=\"dashicons dashicons-location\" style=\"font-size:20px\"><\/span-->\n\t\t\t\t\t\t\t<span>ES<\/span>\n\t\t\t\t\t\t<\/div>\t\n\t\t\t\t\t<\/div>\n\t\t\t\t<\/div>\n\t\t\t<\/div><div class=\"texto_opinion\"><\/p>\n<p>Montepio en el instante que realice con ellos la p\u00f3liza de prima nivelada, la tarifa me pareci\u00f3 perfecta, no solo eso, sus trabajadores son excepcionales, me trataron de forma que no tengo protesta con ello, cuentan con unas coberturas muy atractivas, que desde un principio era lo que estaba buscando, gracias a Montepio por el mejor el servicio. <\/p>\n<p><\/div><\/div>\n<div class=\"opinion \"  >\n\t\t\t<div class=\"cabecera_opinion\">\n\t\t\t\t<div class=\"avatar\">R D Z <\/div>\n\t\t\t\t<div class=\"datos_opinion\">\n\t\t\t\t\t<div class=\"nombre_opinion\">Renato de Zabaleta<\/div>\n\t\t\t\t\t<div class=\"info_opinion\">\t\t\t\t\t\t\n\t\t\t\t\t\t<div class=\"cuenta_opinion\"><i class=\"fas fa-pencil-alt\"><\/i><!--span class=\"dashicons dashicons-edit\" style=\"font-size:20px\"><\/span--><span>1 Opini\u00f3n<\/span><\/div>\t\t\t\t\t\t\n\t\t\t\t\t\t<div class=\"localizacion_opinion\">\n\t\t\t\t\t\t\t<i class=\"fas fa-map-marker-alt\"><\/i><!--span class=\"dashicons dashicons-location\" style=\"font-size:20px\"><\/span-->\n\t\t\t\t\t\t\t<span>ES<\/span>\n\t\t\t\t\t\t<\/div>\t\n\t\t\t\t\t<\/div>\n\t\t\t\t<\/div>\n\t\t\t<\/div><div class=\"texto_opinion\"><\/p>\n<p>Este \u00faltimo a\u00f1o mi situaci\u00f3n econ\u00f3mica cambi\u00f3 un poco por lo que tuve que mudar de compa\u00f1\u00eda, por lo que use iDecesos que par ami es mi mejor aliado a la hora de ver las diferentes tarifas de las dem\u00e1s compa\u00f1\u00edas aseguradoras, por lo que Montepio me result\u00f3 muy interesante por ello hice la contrataci\u00f3n de prima nivelada, a d\u00eda de el d\u00eda de hoy sigo con ellos, de este modo que os lo aconsejo. <\/p>\n<p><\/div><\/div>\n<div class=\"opinion \"  >\n\t\t\t<div class=\"cabecera_opinion\">\n\t\t\t\t<div class=\"avatar\">A P <\/div>\n\t\t\t\t<div class=\"datos_opinion\">\n\t\t\t\t\t<div class=\"nombre_opinion\">Amor Pe\u00f1alver<\/div>\n\t\t\t\t\t<div class=\"info_opinion\">\t\t\t\t\t\t\n\t\t\t\t\t\t<div class=\"cuenta_opinion\"><i class=\"fas fa-pencil-alt\"><\/i><!--span class=\"dashicons dashicons-edit\" style=\"font-size:20px\"><\/span--><span>1 Opini\u00f3n<\/span><\/div>\t\t\t\t\t\t\n\t\t\t\t\t\t<div class=\"localizacion_opinion\">\n\t\t\t\t\t\t\t<i class=\"fas fa-map-marker-alt\"><\/i><!--span class=\"dashicons dashicons-location\" style=\"font-size:20px\"><\/span-->\n\t\t\t\t\t\t\t<span>ES<\/span>\n\t\t\t\t\t\t<\/div>\t\n\t\t\t\t\t<\/div>\n\t\t\t\t<\/div>\n\t\t\t<\/div><div class=\"texto_opinion\"><\/p>\n<p>No ten\u00eda clar\u00edsimo si esta p\u00f3liza era la adecuada para mi, con lo que acudi a una de sus oficinas, donde me atendieron personalizadamente resolviendo todas y cada una mis cuestiones al respecto, qued\u00e9 muy contento me lo explicaron detalladamente, por lo que realice la contrataci\u00f3n puesto que se adapta de manera perfecta a mi necesidades y a m\u00ed circunstancias. Adem\u00e1s de esto cuentan con muchas soluciones en el momento de que ocurra alg\u00fan inconveniente. Lo que resulta esencial tomarlo en cuenta. <\/p>\n<p><\/div><\/div>\n<\/div><\/div><\/div><\/div>\n<p><div class=\"oficinas\"><br \/>\n<h3><span class=\"ez-toc-section\" id=\"Paginas_relacionadas\"><\/span>P\u00e1ginas relacionadas<span class=\"ez-toc-section-end\"><\/span><\/h3><div class=\"enlazado\"><ul> <li><a href=\"https:\/\/idecesos.com\/seguros\/companias\/montepio\/opiniones\/\">Opiniones Montepio<\/a><\/li> <li><a href=\"https:\/\/idecesos.com\/seguros\/companias\/montepio\/precio\/\">Precio seguro Montepio<\/a><\/li> <li><a href=\"https:\/\/idecesos.com\/seguros\/companias\/montepio\/prima-mixta\/\">Montepio Prima Mixta<\/a><\/li> <li><a href=\"https:\/\/idecesos.com\/seguros\/companias\/montepio\/prima-natural\/\">Montepio Prima Natural<\/a><\/li> <li><a href=\"https:\/\/idecesos.com\/seguros\/companias\/montepio\/prima-nivelada\/\">Montepio Prima Nivelada<\/a><\/li> <li><a href=\"https:\/\/idecesos.com\/seguros\/companias\/montepio\/prima-unica\/\">Montepio Prima \u00danica<\/a><\/li> <li><a href=\"https:\/\/idecesos.com\/seguros\/companias\/montepio\/repatriacion\/\">Montepio Repatriaci\u00f3n<\/a><\/li> <li><a href=\"https:\/\/idecesos.com\/seguros\/companias\/montepio\/telefono\/\">Tel\u00e9fono Gratuito Montepio<\/a><\/li><\/ul><\/div><\/p>\n<\/div>\n","protected":false},"excerpt":{"rendered":"<p>El seguro de decesos de prima nivelada Montepio es una modalidad en la que Montepio se compromete a sostener la prima constante a lo largo de toda la vida que te mantengas de usuario en la empresa aseguradora, para la suma asegurada del servicio funerario contratado al comienzo del seguro. Asimismo, para las actualizaciones siguientes&hellip; <\/p>\n","protected":false},"author":3,"featured_media":0,"parent":754,"menu_order":0,"comment_status":"closed","ping_status":"closed","template":"single.php","meta":{"footnotes":""},"class_list":["post-10944","page","type-page","status-publish","hentry"],"yoast_head":"<!-- This site is optimized with the Yoast SEO plugin v27.2 - https:\/\/yoast.com\/product\/yoast-seo-wordpress\/ -->\n<title>Seguro Decesos Montepio Prima Nivelada \u25b7 Opiniones y Precio 2026<\/title>\n<meta name=\"description\" content=\"Click aqu\u00ed \u3010Seguro de Decesos Prima Nivelada Montepio\u3011 Mejores precios Montepio seguro de fallecidos Prima Nivelada \u2611\ufe0f Actualizado por iDecesos\u00ae\" \/>\n<meta name=\"robots\" content=\"index, follow, max-snippet:-1, max-image-preview:large, max-video-preview:-1\" \/>\n<link rel=\"canonical\" href=\"https:\/\/idecesos.com\/seguros\/companias\/montepio\/prima-nivelada\/\" \/>\n<meta property=\"og:locale\" content=\"es_ES\" \/>\n<meta property=\"og:type\" content=\"article\" \/>\n<meta property=\"og:title\" content=\"Seguro Decesos Montepio Prima Nivelada \u25b7 Opiniones y Precio 2026\" \/>\n<meta property=\"og:description\" content=\"Click aqu\u00ed \u3010Seguro de Decesos Prima Nivelada Montepio\u3011 Mejores precios Montepio seguro de fallecidos Prima Nivelada \u2611\ufe0f Actualizado por iDecesos\u00ae\" \/>\n<meta property=\"og:url\" content=\"https:\/\/idecesos.com\/seguros\/companias\/montepio\/prima-nivelada\/\" \/>\n<meta property=\"article:modified_time\" content=\"2022-01-03T12:31:09+00:00\" \/>\n<meta name=\"twitter:card\" content=\"summary_large_image\" \/>\n<meta name=\"twitter:label1\" content=\"Tiempo de lectura\" \/>\n\t<meta name=\"twitter:data1\" content=\"57 minutos\" \/>\n<script type=\"application\/ld+json\" class=\"yoast-schema-graph\">{\"@context\":\"https:\/\/schema.org\",\"@graph\":[{\"@type\":\"WebPage\",\"@id\":\"https:\/\/idecesos.com\/seguros\/companias\/montepio\/prima-nivelada\/\",\"url\":\"https:\/\/idecesos.com\/seguros\/companias\/montepio\/prima-nivelada\/\",\"name\":\"Seguro Decesos Montepio Prima Nivelada \u25b7 Opiniones y Precio 2026\",\"isPartOf\":{\"@id\":\"https:\/\/idecesos.com\/seguros\/#website\"},\"datePublished\":\"2021-10-24T22:40:34+00:00\",\"dateModified\":\"2022-01-03T12:31:09+00:00\",\"description\":\"Click aqu\u00ed \u3010Seguro de Decesos Prima Nivelada Montepio\u3011 Mejores precios Montepio seguro de fallecidos Prima Nivelada \u2611\ufe0f Actualizado por iDecesos\u00ae\",\"breadcrumb\":{\"@id\":\"https:\/\/idecesos.com\/seguros\/companias\/montepio\/prima-nivelada\/#breadcrumb\"},\"inLanguage\":\"es\",\"potentialAction\":[{\"@type\":\"ReadAction\",\"target\":[\"https:\/\/idecesos.com\/seguros\/companias\/montepio\/prima-nivelada\/\"]}]},{\"@type\":\"BreadcrumbList\",\"@id\":\"https:\/\/idecesos.com\/seguros\/companias\/montepio\/prima-nivelada\/#breadcrumb\",\"itemListElement\":[{\"@type\":\"ListItem\",\"position\":1,\"name\":\"Portada\",\"item\":\"https:\/\/idecesos.com\/seguros\/\"},{\"@type\":\"ListItem\",\"position\":2,\"name\":\"Compa\u00f1\u00edas de Seguros de Decesos en Espa\u00f1a\",\"item\":\"https:\/\/idecesos.com\/seguros\/companias\/\"},{\"@type\":\"ListItem\",\"position\":3,\"name\":\"Seguro de Decesos Montepio\",\"item\":\"https:\/\/idecesos.com\/seguros\/companias\/montepio\/\"},{\"@type\":\"ListItem\",\"position\":4,\"name\":\"Seguro de decesos Montepio Prima Nivelada\"}]},{\"@type\":\"WebSite\",\"@id\":\"https:\/\/idecesos.com\/seguros\/#website\",\"url\":\"https:\/\/idecesos.com\/seguros\/\",\"name\":\"\",\"description\":\"\",\"potentialAction\":[{\"@type\":\"SearchAction\",\"target\":{\"@type\":\"EntryPoint\",\"urlTemplate\":\"https:\/\/idecesos.com\/seguros\/?s={search_term_string}\"},\"query-input\":{\"@type\":\"PropertyValueSpecification\",\"valueRequired\":true,\"valueName\":\"search_term_string\"}}],\"inLanguage\":\"es\"}]}<\/script>\n<!-- \/ Yoast SEO plugin. -->","yoast_head_json":{"title":"Seguro Decesos Montepio Prima Nivelada \u25b7 Opiniones y Precio 2026","description":"Click aqu\u00ed \u3010Seguro de Decesos Prima Nivelada Montepio\u3011 Mejores precios Montepio seguro de fallecidos Prima Nivelada \u2611\ufe0f Actualizado por iDecesos\u00ae","robots":{"index":"index","follow":"follow","max-snippet":"max-snippet:-1","max-image-preview":"max-image-preview:large","max-video-preview":"max-video-preview:-1"},"canonical":"https:\/\/idecesos.com\/seguros\/companias\/montepio\/prima-nivelada\/","og_locale":"es_ES","og_type":"article","og_title":"Seguro Decesos Montepio Prima Nivelada \u25b7 Opiniones y Precio 2026","og_description":"Click aqu\u00ed \u3010Seguro de Decesos Prima Nivelada Montepio\u3011 Mejores precios Montepio seguro de fallecidos Prima Nivelada \u2611\ufe0f Actualizado por iDecesos\u00ae","og_url":"https:\/\/idecesos.com\/seguros\/companias\/montepio\/prima-nivelada\/","article_modified_time":"2022-01-03T12:31:09+00:00","twitter_card":"summary_large_image","twitter_misc":{"Tiempo de lectura":"57 minutos"},"schema":{"@context":"https:\/\/schema.org","@graph":[{"@type":"WebPage","@id":"https:\/\/idecesos.com\/seguros\/companias\/montepio\/prima-nivelada\/","url":"https:\/\/idecesos.com\/seguros\/companias\/montepio\/prima-nivelada\/","name":"Seguro Decesos Montepio Prima Nivelada \u25b7 Opiniones y Precio 2026","isPartOf":{"@id":"https:\/\/idecesos.com\/seguros\/#website"},"datePublished":"2021-10-24T22:40:34+00:00","dateModified":"2022-01-03T12:31:09+00:00","description":"Click aqu\u00ed \u3010Seguro de Decesos Prima Nivelada Montepio\u3011 Mejores precios Montepio seguro de fallecidos Prima Nivelada \u2611\ufe0f Actualizado por iDecesos\u00ae","breadcrumb":{"@id":"https:\/\/idecesos.com\/seguros\/companias\/montepio\/prima-nivelada\/#breadcrumb"},"inLanguage":"es","potentialAction":[{"@type":"ReadAction","target":["https:\/\/idecesos.com\/seguros\/companias\/montepio\/prima-nivelada\/"]}]},{"@type":"BreadcrumbList","@id":"https:\/\/idecesos.com\/seguros\/companias\/montepio\/prima-nivelada\/#breadcrumb","itemListElement":[{"@type":"ListItem","position":1,"name":"Portada","item":"https:\/\/idecesos.com\/seguros\/"},{"@type":"ListItem","position":2,"name":"Compa\u00f1\u00edas de Seguros de Decesos en Espa\u00f1a","item":"https:\/\/idecesos.com\/seguros\/companias\/"},{"@type":"ListItem","position":3,"name":"Seguro de Decesos Montepio","item":"https:\/\/idecesos.com\/seguros\/companias\/montepio\/"},{"@type":"ListItem","position":4,"name":"Seguro de decesos Montepio Prima Nivelada"}]},{"@type":"WebSite","@id":"https:\/\/idecesos.com\/seguros\/#website","url":"https:\/\/idecesos.com\/seguros\/","name":"","description":"","potentialAction":[{"@type":"SearchAction","target":{"@type":"EntryPoint","urlTemplate":"https:\/\/idecesos.com\/seguros\/?s={search_term_string}"},"query-input":{"@type":"PropertyValueSpecification","valueRequired":true,"valueName":"search_term_string"}}],"inLanguage":"es"}]}},"_links":{"self":[{"href":"https:\/\/idecesos.com\/seguros\/wp-json\/wp\/v2\/pages\/10944","targetHints":{"allow":["GET"]}}],"collection":[{"href":"https:\/\/idecesos.com\/seguros\/wp-json\/wp\/v2\/pages"}],"about":[{"href":"https:\/\/idecesos.com\/seguros\/wp-json\/wp\/v2\/types\/page"}],"author":[{"embeddable":true,"href":"https:\/\/idecesos.com\/seguros\/wp-json\/wp\/v2\/users\/3"}],"replies":[{"embeddable":true,"href":"https:\/\/idecesos.com\/seguros\/wp-json\/wp\/v2\/comments?post=10944"}],"version-history":[{"count":2,"href":"https:\/\/idecesos.com\/seguros\/wp-json\/wp\/v2\/pages\/10944\/revisions"}],"predecessor-version":[{"id":12796,"href":"https:\/\/idecesos.com\/seguros\/wp-json\/wp\/v2\/pages\/10944\/revisions\/12796"}],"up":[{"embeddable":true,"href":"https:\/\/idecesos.com\/seguros\/wp-json\/wp\/v2\/pages\/754"}],"wp:attachment":[{"href":"https:\/\/idecesos.com\/seguros\/wp-json\/wp\/v2\/media?parent=10944"}],"curies":[{"name":"wp","href":"https:\/\/api.w.org\/{rel}","templated":true}]}}