{"id":10951,"date":"2021-10-28T00:00:00","date_gmt":"2021-10-24T22:40:40","guid":{"rendered":"https:\/\/idecesos.com\/seguros\/companias\/santa-lucia\/prima-mixta\/"},"modified":"2022-01-03T12:31:45","modified_gmt":"2022-01-03T12:31:45","slug":"prima-mixta","status":"publish","type":"page","link":"https:\/\/idecesos.com\/seguros\/companias\/santa-lucia\/prima-mixta\/","title":{"rendered":"Seguro de decesos Santa Lucia Prima Mixta"},"content":{"rendered":"<div id=\"ez-toc-container\" class=\"ez-toc-v2_0_82_2 ez-toc-wrap-center counter-hierarchy ez-toc-counter ez-toc-custom ez-toc-container-direction\">\n<div class=\"ez-toc-title-container\">\n<p class=\"ez-toc-title\" style=\"cursor:inherit\">Tabla de Contenido<\/p>\n<span class=\"ez-toc-title-toggle\"><a href=\"#\" class=\"ez-toc-pull-right ez-toc-btn ez-toc-btn-xs ez-toc-btn-default ez-toc-toggle\" aria-label=\"Alternar tabla de contenidos\"><span class=\"ez-toc-js-icon-con\"><span class=\"\"><span class=\"eztoc-hide\" style=\"display:none;\">Toggle<\/span><span class=\"ez-toc-icon-toggle-span\"><svg style=\"fill: #db6415;color:#db6415\" xmlns=\"http:\/\/www.w3.org\/2000\/svg\" class=\"list-377408\" width=\"20px\" height=\"20px\" viewBox=\"0 0 24 24\" fill=\"none\"><path d=\"M6 6H4v2h2V6zm14 0H8v2h12V6zM4 11h2v2H4v-2zm16 0H8v2h12v-2zM4 16h2v2H4v-2zm16 0H8v2h12v-2z\" fill=\"currentColor\"><\/path><\/svg><svg style=\"fill: #db6415;color:#db6415\" class=\"arrow-unsorted-368013\" xmlns=\"http:\/\/www.w3.org\/2000\/svg\" width=\"10px\" height=\"10px\" viewBox=\"0 0 24 24\" version=\"1.2\" baseProfile=\"tiny\"><path d=\"M18.2 9.3l-6.2-6.3-6.2 6.3c-.2.2-.3.4-.3.7s.1.5.3.7c.2.2.4.3.7.3h11c.3 0 .5-.1.7-.3.2-.2.3-.5.3-.7s-.1-.5-.3-.7zM5.8 14.7l6.2 6.3 6.2-6.3c.2-.2.3-.5.3-.7s-.1-.5-.3-.7c-.2-.2-.4-.3-.7-.3h-11c-.3 0-.5.1-.7.3-.2.2-.3.5-.3.7s.1.5.3.7z\"\/><\/svg><\/span><\/span><\/span><\/a><\/span><\/div>\n<nav><ul class='ez-toc-list ez-toc-list-level-1 ' ><li class='ez-toc-page-1 ez-toc-heading-level-2'><a class=\"ez-toc-link ez-toc-heading-1\" href=\"https:\/\/idecesos.com\/seguros\/companias\/santa-lucia\/prima-mixta\/#Coberturas_seguro_Prima_Mixta_Santa_Lucia\" >Coberturas seguro Prima Mixta Santa Lucia<\/a><ul class='ez-toc-list-level-3' ><li class='ez-toc-heading-level-3'><a class=\"ez-toc-link ez-toc-heading-2\" href=\"https:\/\/idecesos.com\/seguros\/companias\/santa-lucia\/prima-mixta\/#%C2%BFA_quien_va_dirigido_el_seguro_de_decesos_Prima_Mixta_de_Santa_Lucia\" >\u00bfA qui\u00e9n va dirigido el seguro de decesos Prima Mixta de Santa Lucia?<\/a><\/li><\/ul><\/li><li class='ez-toc-page-1 ez-toc-heading-level-2'><a class=\"ez-toc-link ez-toc-heading-3\" href=\"https:\/\/idecesos.com\/seguros\/companias\/santa-lucia\/prima-mixta\/#Precio_de_seguro_de_decesos_Prima_Mixta_Santa_Lucia\" >Precio de seguro de decesos Prima Mixta Santa Lucia<\/a><\/li><li class='ez-toc-page-1 ez-toc-heading-level-2'><a class=\"ez-toc-link ez-toc-heading-4\" href=\"https:\/\/idecesos.com\/seguros\/companias\/santa-lucia\/prima-mixta\/#Productos_Prima_Mixta_Santa_Lucia\" >Productos Prima Mixta Santa Lucia<\/a><\/li><li class='ez-toc-page-1 ez-toc-heading-level-2'><a class=\"ez-toc-link ez-toc-heading-5\" href=\"https:\/\/idecesos.com\/seguros\/companias\/santa-lucia\/prima-mixta\/#Opiniones_del_seguro_de_decesos_de_Prima_Mixta_de_Santa_Lucia\" >Opiniones del seguro de decesos de Prima Mixta de Santa Lucia<\/a><ul class='ez-toc-list-level-3' ><li class='ez-toc-heading-level-3'><a class=\"ez-toc-link ez-toc-heading-6\" href=\"https:\/\/idecesos.com\/seguros\/companias\/santa-lucia\/prima-mixta\/#Paginas_relacionadas\" >P\u00e1ginas relacionadas<\/a><\/li><\/ul><\/li><\/ul><\/nav><\/div>\n\n<p>En las diferentes modalidades que contemplan la m\u00e1s triunfante entre ellos es la p\u00f3liza de decesos de prima mixta de Santa Lucia. Esto es debido a que re\u00fane lo mejor de la prima natural y la prima nivelada, o sea, hasta determinada edad la prima anualmente va medrando pero prosigue siendo barata por el hecho de que se acorta la esperanza de vida de los asegurados y la actualizaci\u00f3n de los precios de los servicios y cuando llega a una edad mayor se nivela para estabilizar la prima en los a\u00f1os donde los asegurados deber\u00edan estar jubilados. <\/p>\n<p>Leer m\u00e1s: <a href=\"https:\/\/idecesos.com\/seguros\/tipo\/mixta\/\">Seguro de decesos Prima Mixta<\/a><\/p>\n<div class=\"colorf \"  ><div class=\"container clearfix\"><div class=\"col-md-7\"><\/p>\n<h2><span class=\"ez-toc-section\" id=\"Coberturas_seguro_Prima_Mixta_Santa_Lucia\"><\/span>Coberturas seguro Prima Mixta Santa Lucia<span class=\"ez-toc-section-end\"><\/span><\/h2>\n<p>En el seguro de decesos de prima mixta de Santa Lucia los clientes del servicio es m\u00e1s usual que se pregunte qu\u00e9 cubre, con lo que en el seguro de decesos prima mixta Santa Lucia aparte de contar con las coberturas b\u00e1sicas y necesarias, ante el sepelio estaria todo cubierto, gesti\u00f3n de documentaci\u00f3n, traslado, flores,esquelas entre otros. El seguro de prima mixta Santa Lucia cuenta con ciertas coberturas que resultan sin coste para emplearlo de diferentes modalidades. Para conseguir m\u00e1s informaci\u00f3n sobre las coberturas que ofrecen, con iDecesos tendr\u00e1s todo ello en cuesti\u00f3n de segundos por lo que podr\u00e1s examinarlo de una forma m\u00e1s detallada en lo concerniente al seguro de decesos de prima mixta de Santa Lucia. Es facil\u00edsimo, rellenando un formulario para saber tu edad y localidad, para ofrecerte las coberturas de prima mixta m\u00e1s acordes a Santa Lucia que son las que buscas. Cada compa\u00f1\u00eda cuenta con diferentes condiciones, m\u00e1s en la empresa aseguradora Santa Lucia es de las especialistas en seguro de decesos de prima mixta donde de la los mejores servicios de calidad en el caso de sobrar el capital del asegurado se va a repartir a los familiares, podr\u00e1s observar en detalle las condiciones de Santa Lucia de prima mixta. <\/p>\n<p><\/div><\/div><\/div>\n<h3><span class=\"ez-toc-section\" id=\"%C2%BFA_quien_va_dirigido_el_seguro_de_decesos_Prima_Mixta_de_Santa_Lucia\"><\/span>\u00bfA qui\u00e9n va dirigido el seguro de decesos Prima Mixta de Santa Lucia?<span class=\"ez-toc-section-end\"><\/span><\/h3>\n<p>La mayor\u00eda que adquiere este seguro de prima mixta de Santa Lucia se debe a su precio que es accesible y cuenta con una estabilidad financiera para cada familia que lo contrate. Las familias prefieren realizar la contrataci\u00f3n de la p\u00f3liza de prima mixta de Santa Lucia debido a el resto servicios que contempla. <\/p>\n<div class=\"colorf \"  ><div class=\"container clearfix\"><div class=\"col-md-7\"><\/p>\n<h2><span class=\"ez-toc-section\" id=\"Precio_de_seguro_de_decesos_Prima_Mixta_Santa_Lucia\"><\/span>Precio de seguro de decesos Prima Mixta Santa Lucia<span class=\"ez-toc-section-end\"><\/span><\/h2>\n<p>Su coste es de 2,10 euros mensuales, el seguro de prima mixta de Santa Lucia. Teniendo presente ciertos factores como la edad o bien la localidad donde den servicios funerarios bajos en precio. Uno de los primeros pasos que se debe efectuar es la comparaci\u00f3n de los diferentes precios de Santa Lucia con Santa Lucia, dentro de iDecesos vas a ver con detalle todos y cada uno de los servicios y precios que dan cada uno de ellos. <\/p>\n<p><\/div><\/div><\/div>\n<h2><span class=\"ez-toc-section\" id=\"Productos_Prima_Mixta_Santa_Lucia\"><\/span>Productos Prima Mixta Santa Lucia<span class=\"ez-toc-section-end\"><\/span><\/h2>\n<div class=\"colorf\"><div class=\"container clearfix\"><div class=\"col-md-7\"><div class=\"opiniones\">\n<h2><span class=\"ez-toc-section\" id=\"Opiniones_del_seguro_de_decesos_de_Prima_Mixta_de_Santa_Lucia\"><\/span>Opiniones del seguro de decesos de Prima Mixta de Santa Lucia<span class=\"ez-toc-section-end\"><\/span><\/h2>\n<p>Las creencias que hemos analizado los asesores profesionales de Decesos, vienen de diferentes sitios, y en conclusi\u00f3n podemos aseverar que el seguro de decesos de prima semi natural o bien mixta de Santa Lucia es un gran seguro, en continua evoluci\u00f3n e innovador conforme a coberturas, precios, forma de pago, y servicios que lo componen. <\/p>\n<div class=\"opinion \"  >\n\t\t\t<div class=\"cabecera_opinion\">\n\t\t\t\t<div class=\"avatar\">O P <\/div>\n\t\t\t\t<div class=\"datos_opinion\">\n\t\t\t\t\t<div class=\"nombre_opinion\">Obdulia Pinilla<\/div>\n\t\t\t\t\t<div class=\"info_opinion\">\t\t\t\t\t\t\n\t\t\t\t\t\t<div class=\"cuenta_opinion\"><i class=\"fas fa-pencil-alt\"><\/i><!--span class=\"dashicons dashicons-edit\" style=\"font-size:20px\"><\/span--><span>1 Opini\u00f3n<\/span><\/div>\t\t\t\t\t\t\n\t\t\t\t\t\t<div class=\"localizacion_opinion\">\n\t\t\t\t\t\t\t<i class=\"fas fa-map-marker-alt\"><\/i><!--span class=\"dashicons dashicons-location\" style=\"font-size:20px\"><\/span-->\n\t\t\t\t\t\t\t<span>ES<\/span>\n\t\t\t\t\t\t<\/div>\t\n\t\t\t\t\t<\/div>\n\t\t\t\t<\/div>\n\t\t\t<\/div><div class=\"texto_opinion\"><\/p>\n<p>Tengo una opini\u00f3n muy positiva del seguro de prima Mixta de Santa Lucia porque lo hemos utilizado para nuestra abuela y todo fue perfecto.<\/p>\n<p><\/div><\/div>\n<div class=\"opinion \"  >\n\t\t\t<div class=\"cabecera_opinion\">\n\t\t\t\t<div class=\"avatar\">A A <\/div>\n\t\t\t\t<div class=\"datos_opinion\">\n\t\t\t\t\t<div class=\"nombre_opinion\">Apolinar Ayala<\/div>\n\t\t\t\t\t<div class=\"info_opinion\">\t\t\t\t\t\t\n\t\t\t\t\t\t<div class=\"cuenta_opinion\"><i class=\"fas fa-pencil-alt\"><\/i><!--span class=\"dashicons dashicons-edit\" style=\"font-size:20px\"><\/span--><span>1 Opini\u00f3n<\/span><\/div>\t\t\t\t\t\t\n\t\t\t\t\t\t<div class=\"localizacion_opinion\">\n\t\t\t\t\t\t\t<i class=\"fas fa-map-marker-alt\"><\/i><!--span class=\"dashicons dashicons-location\" style=\"font-size:20px\"><\/span-->\n\t\t\t\t\t\t\t<span>ES<\/span>\n\t\t\t\t\t\t<\/div>\t\n\t\t\t\t\t<\/div>\n\t\t\t\t<\/div>\n\t\t\t<\/div><div class=\"texto_opinion\"><\/p>\n<p>Merced a la ayuda que recibe por parte de iDecesos que pude realizar las diferentes opciones alternativas que hab\u00eda en el mercado como pod\u00edan darme un presupuesto m\u00e1s cerrado con todo lo que incluye, os lo recomiendo si ten\u00e9is las mismas dudas que tuve , con esto me qued\u00f3 todo m\u00e1s resuelto Santa Lucia me dio las posibilidades m\u00e1s convenientes para mi circustancias.<\/p>\n<p><\/div><\/div>\n<div class=\"opinion \"  >\n\t\t\t<div class=\"cabecera_opinion\">\n\t\t\t\t<div class=\"avatar\">A N <\/div>\n\t\t\t\t<div class=\"datos_opinion\">\n\t\t\t\t\t<div class=\"nombre_opinion\">Alex Nicol\u00e1s<\/div>\n\t\t\t\t\t<div class=\"info_opinion\">\t\t\t\t\t\t\n\t\t\t\t\t\t<div class=\"cuenta_opinion\"><i class=\"fas fa-pencil-alt\"><\/i><!--span class=\"dashicons dashicons-edit\" style=\"font-size:20px\"><\/span--><span>1 Opini\u00f3n<\/span><\/div>\t\t\t\t\t\t\n\t\t\t\t\t\t<div class=\"localizacion_opinion\">\n\t\t\t\t\t\t\t<i class=\"fas fa-map-marker-alt\"><\/i><!--span class=\"dashicons dashicons-location\" style=\"font-size:20px\"><\/span-->\n\t\t\t\t\t\t\t<span>ES<\/span>\n\t\t\t\t\t\t<\/div>\t\n\t\t\t\t\t<\/div>\n\t\t\t\t<\/div>\n\t\t\t<\/div><div class=\"texto_opinion\"><\/p>\n<p>Estoy muy agradecida con Santa Lucia por el seguro de prima Mixta, que el servicio que me dieron fue extraordinario, haci\u00e9ndonos todo el proceso del duelo m\u00e1s sencillo y c\u00f3modo.<\/p>\n<p><\/div><\/div>\n<\/div><\/div><\/div><\/div>\n<p><div class=\"oficinas\"><br \/>\n<h3><span class=\"ez-toc-section\" id=\"Paginas_relacionadas\"><\/span>P\u00e1ginas relacionadas<span class=\"ez-toc-section-end\"><\/span><\/h3><div class=\"enlazado\"><ul> <li><a href=\"https:\/\/idecesos.com\/seguros\/companias\/santa-lucia\/accidentes\/\">Santa Lucia accidentes<\/a><\/li> <li><a href=\"https:\/\/idecesos.com\/seguros\/companias\/santa-lucia\/coberturas\/\">Santa Lucia coberturas<\/a><\/li> <li><a href=\"https:\/\/idecesos.com\/seguros\/companias\/santa-lucia\/dentista\/\">Seguro Dental Santa Luc\u00eda<\/a><\/li> <li><a href=\"https:\/\/idecesos.com\/seguros\/companias\/santa-lucia\/hacienda\/\">Santa Lucia Hacienda<\/a><\/li> <li><a href=\"https:\/\/idecesos.com\/seguros\/companias\/santa-lucia\/opiniones\/\">Opiniones Santa Lucia<\/a><\/li> <li><a href=\"https:\/\/idecesos.com\/seguros\/companias\/santa-lucia\/precio\/\">Precio seguro Santa Lucia<\/a><\/li> <li><a href=\"https:\/\/idecesos.com\/seguros\/companias\/santa-lucia\/prima-mixta\/\">Santa Lucia Prima Mixta<\/a><\/li> <li><a href=\"https:\/\/idecesos.com\/seguros\/companias\/santa-lucia\/prima-natural\/\">Santa Lucia Prima Natural<\/a><\/li> <li><a href=\"https:\/\/idecesos.com\/seguros\/companias\/santa-lucia\/prima-nivelada\/\">Santa Lucia Prima Nivelada<\/a><\/li> <li><a href=\"https:\/\/idecesos.com\/seguros\/companias\/santa-lucia\/prima-unica\/\">Santa Lucia Prima \u00danica<\/a><\/li> <li><a href=\"https:\/\/idecesos.com\/seguros\/companias\/santa-lucia\/repatriacion\/\">Santa Lucia Repatriaci\u00f3n<\/a><\/li> <li><a href=\"https:\/\/idecesos.com\/seguros\/companias\/santa-lucia\/telefono\/\">Tel\u00e9fono Gratuito Santa Lucia<\/a><\/li> <li><a href=\"https:\/\/idecesos.com\/seguros\/companias\/santa-lucia\/ventajas\/\">Ventajas Santa Lucia <\/a><\/li>                                                                                                                                                                                                                                                                                                                                                                                                                                                                                                                                                                                                                                                                                                                                                                                                                                                                                                                                                                                                                                                                                                                                                                                                                                                                                                                                                                                                                                                                                                                                                                                                                                                                                                                                                                                                                                                                                                                                                                                                                                                                                                                                                                                                                                                                                                                                                                                                                                                                                                                                                                                                                                                                                                                                                                                                                                                                                                                                                                                                                                                                                                                         <\/ul><\/div><\/p>\n<\/div>\n","protected":false},"excerpt":{"rendered":"<p>En las diferentes modalidades que contemplan la m\u00e1s triunfante entre ellos es la p\u00f3liza de decesos de prima mixta de Santa Lucia. Esto es debido a que re\u00fane lo mejor de la prima natural y la prima nivelada, o sea, hasta determinada edad la prima anualmente va medrando pero prosigue siendo barata por el hecho&hellip; <\/p>\n","protected":false},"author":3,"featured_media":0,"parent":801,"menu_order":0,"comment_status":"closed","ping_status":"closed","template":"single.php","meta":{"footnotes":""},"class_list":["post-10951","page","type-page","status-publish","hentry"],"yoast_head":"<!-- This site is optimized with the Yoast SEO plugin v27.4 - https:\/\/yoast.com\/product\/yoast-seo-wordpress\/ -->\n<title>Seguro Decesos Santa Lucia Prima Mixta \u25b7 Opiniones y Precio 2026<\/title>\n<meta name=\"description\" content=\"Click aqu\u00ed \u3010Seguro de Decesos Prima Mixta Santa Lucia\u3011 Mejores precios Santa Lucia seguro de fallecidos Prima Mixta \u2611\ufe0f Actualizado por iDecesos\u00ae\" \/>\n<meta name=\"robots\" content=\"index, follow, max-snippet:-1, max-image-preview:large, max-video-preview:-1\" \/>\n<link rel=\"canonical\" href=\"https:\/\/idecesos.com\/seguros\/companias\/santa-lucia\/prima-mixta\/\" \/>\n<meta property=\"og:locale\" content=\"es_ES\" \/>\n<meta property=\"og:type\" content=\"article\" \/>\n<meta property=\"og:title\" content=\"Seguro Decesos Santa Lucia Prima Mixta \u25b7 Opiniones y Precio 2026\" \/>\n<meta property=\"og:description\" content=\"Click aqu\u00ed \u3010Seguro de Decesos Prima Mixta Santa Lucia\u3011 Mejores precios Santa Lucia seguro de fallecidos Prima Mixta \u2611\ufe0f Actualizado por iDecesos\u00ae\" \/>\n<meta property=\"og:url\" content=\"https:\/\/idecesos.com\/seguros\/companias\/santa-lucia\/prima-mixta\/\" \/>\n<meta property=\"article:modified_time\" content=\"2022-01-03T12:31:45+00:00\" \/>\n<meta name=\"twitter:card\" content=\"summary_large_image\" \/>\n<meta name=\"twitter:label1\" content=\"Tiempo de lectura\" \/>\n\t<meta name=\"twitter:data1\" content=\"54 minutos\" \/>\n<script type=\"application\/ld+json\" class=\"yoast-schema-graph\">{\"@context\":\"https:\\\/\\\/schema.org\",\"@graph\":[{\"@type\":\"WebPage\",\"@id\":\"https:\\\/\\\/idecesos.com\\\/seguros\\\/companias\\\/santa-lucia\\\/prima-mixta\\\/\",\"url\":\"https:\\\/\\\/idecesos.com\\\/seguros\\\/companias\\\/santa-lucia\\\/prima-mixta\\\/\",\"name\":\"Seguro Decesos Santa Lucia Prima Mixta \u25b7 Opiniones y Precio 2026\",\"isPartOf\":{\"@id\":\"https:\\\/\\\/idecesos.com\\\/seguros\\\/#website\"},\"datePublished\":\"2021-10-24T22:40:40+00:00\",\"dateModified\":\"2022-01-03T12:31:45+00:00\",\"description\":\"Click aqu\u00ed \u3010Seguro de Decesos Prima Mixta Santa Lucia\u3011 Mejores precios Santa Lucia seguro de fallecidos Prima Mixta \u2611\ufe0f Actualizado por iDecesos\u00ae\",\"breadcrumb\":{\"@id\":\"https:\\\/\\\/idecesos.com\\\/seguros\\\/companias\\\/santa-lucia\\\/prima-mixta\\\/#breadcrumb\"},\"inLanguage\":\"es\",\"potentialAction\":[{\"@type\":\"ReadAction\",\"target\":[\"https:\\\/\\\/idecesos.com\\\/seguros\\\/companias\\\/santa-lucia\\\/prima-mixta\\\/\"]}]},{\"@type\":\"BreadcrumbList\",\"@id\":\"https:\\\/\\\/idecesos.com\\\/seguros\\\/companias\\\/santa-lucia\\\/prima-mixta\\\/#breadcrumb\",\"itemListElement\":[{\"@type\":\"ListItem\",\"position\":1,\"name\":\"Portada\",\"item\":\"https:\\\/\\\/idecesos.com\\\/seguros\\\/\"},{\"@type\":\"ListItem\",\"position\":2,\"name\":\"Compa\u00f1\u00edas de Seguros de Decesos en Espa\u00f1a\",\"item\":\"https:\\\/\\\/idecesos.com\\\/seguros\\\/companias\\\/\"},{\"@type\":\"ListItem\",\"position\":3,\"name\":\"Seguro de Decesos Santa Luc\u00eda\",\"item\":\"https:\\\/\\\/idecesos.com\\\/seguros\\\/companias\\\/santa-lucia\\\/\"},{\"@type\":\"ListItem\",\"position\":4,\"name\":\"Seguro de decesos Santa Lucia Prima Mixta\"}]},{\"@type\":\"WebSite\",\"@id\":\"https:\\\/\\\/idecesos.com\\\/seguros\\\/#website\",\"url\":\"https:\\\/\\\/idecesos.com\\\/seguros\\\/\",\"name\":\"\",\"description\":\"\",\"potentialAction\":[{\"@type\":\"SearchAction\",\"target\":{\"@type\":\"EntryPoint\",\"urlTemplate\":\"https:\\\/\\\/idecesos.com\\\/seguros\\\/?s={search_term_string}\"},\"query-input\":{\"@type\":\"PropertyValueSpecification\",\"valueRequired\":true,\"valueName\":\"search_term_string\"}}],\"inLanguage\":\"es\"}]}<\/script>\n<!-- \/ Yoast SEO plugin. -->","yoast_head_json":{"title":"Seguro Decesos Santa Lucia Prima Mixta \u25b7 Opiniones y Precio 2026","description":"Click aqu\u00ed \u3010Seguro de Decesos Prima Mixta Santa Lucia\u3011 Mejores precios Santa Lucia seguro de fallecidos Prima Mixta \u2611\ufe0f Actualizado por iDecesos\u00ae","robots":{"index":"index","follow":"follow","max-snippet":"max-snippet:-1","max-image-preview":"max-image-preview:large","max-video-preview":"max-video-preview:-1"},"canonical":"https:\/\/idecesos.com\/seguros\/companias\/santa-lucia\/prima-mixta\/","og_locale":"es_ES","og_type":"article","og_title":"Seguro Decesos Santa Lucia Prima Mixta \u25b7 Opiniones y Precio 2026","og_description":"Click aqu\u00ed \u3010Seguro de Decesos Prima Mixta Santa Lucia\u3011 Mejores precios Santa Lucia seguro de fallecidos Prima Mixta \u2611\ufe0f Actualizado por iDecesos\u00ae","og_url":"https:\/\/idecesos.com\/seguros\/companias\/santa-lucia\/prima-mixta\/","article_modified_time":"2022-01-03T12:31:45+00:00","twitter_card":"summary_large_image","twitter_misc":{"Tiempo de lectura":"54 minutos"},"schema":{"@context":"https:\/\/schema.org","@graph":[{"@type":"WebPage","@id":"https:\/\/idecesos.com\/seguros\/companias\/santa-lucia\/prima-mixta\/","url":"https:\/\/idecesos.com\/seguros\/companias\/santa-lucia\/prima-mixta\/","name":"Seguro Decesos Santa Lucia Prima Mixta \u25b7 Opiniones y Precio 2026","isPartOf":{"@id":"https:\/\/idecesos.com\/seguros\/#website"},"datePublished":"2021-10-24T22:40:40+00:00","dateModified":"2022-01-03T12:31:45+00:00","description":"Click aqu\u00ed \u3010Seguro de Decesos Prima Mixta Santa Lucia\u3011 Mejores precios Santa Lucia seguro de fallecidos Prima Mixta \u2611\ufe0f Actualizado por iDecesos\u00ae","breadcrumb":{"@id":"https:\/\/idecesos.com\/seguros\/companias\/santa-lucia\/prima-mixta\/#breadcrumb"},"inLanguage":"es","potentialAction":[{"@type":"ReadAction","target":["https:\/\/idecesos.com\/seguros\/companias\/santa-lucia\/prima-mixta\/"]}]},{"@type":"BreadcrumbList","@id":"https:\/\/idecesos.com\/seguros\/companias\/santa-lucia\/prima-mixta\/#breadcrumb","itemListElement":[{"@type":"ListItem","position":1,"name":"Portada","item":"https:\/\/idecesos.com\/seguros\/"},{"@type":"ListItem","position":2,"name":"Compa\u00f1\u00edas de Seguros de Decesos en Espa\u00f1a","item":"https:\/\/idecesos.com\/seguros\/companias\/"},{"@type":"ListItem","position":3,"name":"Seguro de Decesos Santa Luc\u00eda","item":"https:\/\/idecesos.com\/seguros\/companias\/santa-lucia\/"},{"@type":"ListItem","position":4,"name":"Seguro de decesos Santa Lucia Prima Mixta"}]},{"@type":"WebSite","@id":"https:\/\/idecesos.com\/seguros\/#website","url":"https:\/\/idecesos.com\/seguros\/","name":"","description":"","potentialAction":[{"@type":"SearchAction","target":{"@type":"EntryPoint","urlTemplate":"https:\/\/idecesos.com\/seguros\/?s={search_term_string}"},"query-input":{"@type":"PropertyValueSpecification","valueRequired":true,"valueName":"search_term_string"}}],"inLanguage":"es"}]}},"_links":{"self":[{"href":"https:\/\/idecesos.com\/seguros\/wp-json\/wp\/v2\/pages\/10951","targetHints":{"allow":["GET"]}}],"collection":[{"href":"https:\/\/idecesos.com\/seguros\/wp-json\/wp\/v2\/pages"}],"about":[{"href":"https:\/\/idecesos.com\/seguros\/wp-json\/wp\/v2\/types\/page"}],"author":[{"embeddable":true,"href":"https:\/\/idecesos.com\/seguros\/wp-json\/wp\/v2\/users\/3"}],"replies":[{"embeddable":true,"href":"https:\/\/idecesos.com\/seguros\/wp-json\/wp\/v2\/comments?post=10951"}],"version-history":[{"count":2,"href":"https:\/\/idecesos.com\/seguros\/wp-json\/wp\/v2\/pages\/10951\/revisions"}],"predecessor-version":[{"id":12781,"href":"https:\/\/idecesos.com\/seguros\/wp-json\/wp\/v2\/pages\/10951\/revisions\/12781"}],"up":[{"embeddable":true,"href":"https:\/\/idecesos.com\/seguros\/wp-json\/wp\/v2\/pages\/801"}],"wp:attachment":[{"href":"https:\/\/idecesos.com\/seguros\/wp-json\/wp\/v2\/media?parent=10951"}],"curies":[{"name":"wp","href":"https:\/\/api.w.org\/{rel}","templated":true}]}}