{"id":10957,"date":"2021-10-28T00:00:00","date_gmt":"2021-10-24T22:40:45","guid":{"rendered":"https:\/\/idecesos.com\/seguros\/companias\/asisa\/prima-natural\/"},"modified":"2022-01-03T12:29:54","modified_gmt":"2022-01-03T12:29:54","slug":"prima-natural","status":"publish","type":"page","link":"https:\/\/idecesos.com\/seguros\/companias\/asisa\/prima-natural\/","title":{"rendered":"Seguro de decesos Asisa Prima Natural"},"content":{"rendered":"<div id=\"ez-toc-container\" class=\"ez-toc-v2_0_82_2 ez-toc-wrap-center counter-hierarchy ez-toc-counter ez-toc-custom ez-toc-container-direction\">\n<div class=\"ez-toc-title-container\">\n<p class=\"ez-toc-title\" style=\"cursor:inherit\">Tabla de Contenido<\/p>\n<span class=\"ez-toc-title-toggle\"><a href=\"#\" class=\"ez-toc-pull-right ez-toc-btn ez-toc-btn-xs ez-toc-btn-default ez-toc-toggle\" aria-label=\"Alternar tabla de contenidos\"><span class=\"ez-toc-js-icon-con\"><span class=\"\"><span class=\"eztoc-hide\" style=\"display:none;\">Toggle<\/span><span class=\"ez-toc-icon-toggle-span\"><svg style=\"fill: #db6415;color:#db6415\" xmlns=\"http:\/\/www.w3.org\/2000\/svg\" class=\"list-377408\" width=\"20px\" height=\"20px\" viewBox=\"0 0 24 24\" fill=\"none\"><path d=\"M6 6H4v2h2V6zm14 0H8v2h12V6zM4 11h2v2H4v-2zm16 0H8v2h12v-2zM4 16h2v2H4v-2zm16 0H8v2h12v-2z\" fill=\"currentColor\"><\/path><\/svg><svg style=\"fill: #db6415;color:#db6415\" class=\"arrow-unsorted-368013\" xmlns=\"http:\/\/www.w3.org\/2000\/svg\" width=\"10px\" height=\"10px\" viewBox=\"0 0 24 24\" version=\"1.2\" baseProfile=\"tiny\"><path d=\"M18.2 9.3l-6.2-6.3-6.2 6.3c-.2.2-.3.4-.3.7s.1.5.3.7c.2.2.4.3.7.3h11c.3 0 .5-.1.7-.3.2-.2.3-.5.3-.7s-.1-.5-.3-.7zM5.8 14.7l6.2 6.3 6.2-6.3c.2-.2.3-.5.3-.7s-.1-.5-.3-.7c-.2-.2-.4-.3-.7-.3h-11c-.3 0-.5.1-.7.3-.2.2-.3.5-.3.7s.1.5.3.7z\"\/><\/svg><\/span><\/span><\/span><\/a><\/span><\/div>\n<nav><ul class='ez-toc-list ez-toc-list-level-1 ' ><li class='ez-toc-page-1 ez-toc-heading-level-2'><a class=\"ez-toc-link ez-toc-heading-1\" href=\"https:\/\/idecesos.com\/seguros\/companias\/asisa\/prima-natural\/#Coberturas_seguro_Prima_Natural_Asisa\" >Coberturas seguro Prima Natural Asisa<\/a><ul class='ez-toc-list-level-3' ><li class='ez-toc-heading-level-3'><a class=\"ez-toc-link ez-toc-heading-2\" href=\"https:\/\/idecesos.com\/seguros\/companias\/asisa\/prima-natural\/#%C2%BFA_quien_va_dirigido_el_seguro_de_decesos_Prima_Natural_de_Asisa\" >\u00bfA qui\u00e9n va dirigido el seguro de decesos Prima Natural de Asisa?<\/a><\/li><\/ul><\/li><li class='ez-toc-page-1 ez-toc-heading-level-2'><a class=\"ez-toc-link ez-toc-heading-3\" href=\"https:\/\/idecesos.com\/seguros\/companias\/asisa\/prima-natural\/#Precio_de_seguro_de_decesos_Prima_Natural_Asisa\" >Precio de seguro de decesos Prima Natural Asisa<\/a><\/li><li class='ez-toc-page-1 ez-toc-heading-level-2'><a class=\"ez-toc-link ez-toc-heading-4\" href=\"https:\/\/idecesos.com\/seguros\/companias\/asisa\/prima-natural\/#Productos_Prima_Natural_Asisa\" >Productos Prima Natural Asisa<\/a><\/li><li class='ez-toc-page-1 ez-toc-heading-level-2'><a class=\"ez-toc-link ez-toc-heading-5\" href=\"https:\/\/idecesos.com\/seguros\/companias\/asisa\/prima-natural\/#Opiniones_del_seguro_de_decesos_de_Prima_Natural_de_Asisa\" >Opiniones del seguro de decesos de Prima Natural de Asisa<\/a><ul class='ez-toc-list-level-3' ><li class='ez-toc-heading-level-3'><a class=\"ez-toc-link ez-toc-heading-6\" href=\"https:\/\/idecesos.com\/seguros\/companias\/asisa\/prima-natural\/#Paginas_relacionadas\" >P\u00e1ginas relacionadas<\/a><\/li><\/ul><\/li><\/ul><\/nav><\/div>\n\n<p>Su caracter\u00edstica del seguro de prima natural de Asisa se basa en la renovaci\u00f3n del precio de manera anual, en cuanto a la edad del asegurado cuanto m\u00e1s a\u00f1os vaya cumpliendo notar\u00e1 una leve incremento en el precio. En Asisa la p\u00f3liza de prima natural resulta m\u00e1s asequible en cuanto en edad seas joven, por lo que cuando vayas sumando a\u00f1os resulta menos rentable. Este tipo de p\u00f3liza de prima natural de empresa resulta financieramente rentable cuando se est\u00e1s un rango de edad joven, cuando se va envejeciendo ya no resultar\u00e1 asequible. Este producto naci\u00f3 con la intenci\u00f3n de que cada persona o n\u00facleos familiares. con asegurados j\u00f3venes, en el momento de contratar el seguro de decesos de prima natural de Asisa es absolutamente m\u00e1s econ\u00f3mica. <\/p>\n<p>Leer m\u00e1s: <a href=\"https:\/\/idecesos.com\/seguros\/tipo\/natural\/\">Seguro de decesos Prima Natural<\/a><\/p>\n<div class=\"colorf \"  ><div class=\"container clearfix\"><div class=\"col-md-7\"><\/p>\n<h2><span class=\"ez-toc-section\" id=\"Coberturas_seguro_Prima_Natural_Asisa\"><\/span>Coberturas seguro Prima Natural Asisa<span class=\"ez-toc-section-end\"><\/span><\/h2>\n<p>Asisa seguro de prima natural cuenta con unas coberturas muy favorecedoras para el servicio funerario en tanto que deja todo cubierto desde el desplazamiento del fallecido, turismo l\u00fagubre entre otros. En los diferentes servicios que dan es esencial asimismo contar que el fallecido merezca un trato digno por lo que tambi\u00e9n incluye ata\u00fad, traslado, corona floral entre otros. En el caso de la esquela el texto tendr\u00e1 que ser aprobado por los familiares. Como, tanatorio (sala de velorio) esto es muy importante que se cubra por el hecho de que es la zona donde los familiares y allegados tienen la posibilidad de reunirse, despedirse, velarlo y establecer su \u00faltimo v\u00ednculo ya antes de decirle adi\u00f3s al finado. Adem\u00e1s de esto Asisa prima natural tiene como coberturas recogidas en su condicionado general el entierro o bien incineraci\u00f3n, cada vez hay m\u00e1s clientes que eligen la cremaci\u00f3n y este servicio est\u00e1 tambi\u00e9n garantizado. El acto religioso por norma general se efect\u00faa en la capilla del tanatorio y en el cementerio se dan las \u00faltimas palabras por el sacerdote (sacerdote) de cada localidad, conforme las costumbres de cada una. Por \u00faltimo, el seguro de prima natural Asisa disfruta de unas coberturas auxiliares que le van a dar al cliente una usabilidad mayor a lo largo de toda la vigencia de la p\u00f3liza. <\/p>\n<p><\/div><\/div><\/div>\n<h3><span class=\"ez-toc-section\" id=\"%C2%BFA_quien_va_dirigido_el_seguro_de_decesos_Prima_Natural_de_Asisa\"><\/span>\u00bfA qui\u00e9n va dirigido el seguro de decesos Prima Natural de Asisa?<span class=\"ez-toc-section-end\"><\/span><\/h3>\n<p>La finalidad del seguro de prima natural de Asisa es para que lo consigan personas mayoritariamente j\u00f3venes, del que podr\u00e1n beneficiarse. Asisa da esa ventaja en tanto que es menos probable de que ocurra alg\u00fan siniestro. <\/p>\n<div class=\"colorf \"  ><div class=\"container clearfix\"><div class=\"col-md-7\"><\/p>\n<h2><span class=\"ez-toc-section\" id=\"Precio_de_seguro_de_decesos_Prima_Natural_Asisa\"><\/span>Precio de seguro de decesos Prima Natural Asisa<span class=\"ez-toc-section-end\"><\/span><\/h2>\n<p>En Asisa precio del seguro de prima natural es de 20\u20ac anuales, tomando como referencia asegurados j\u00f3venes y la localidad donde el servicio funerario resulte asequible. Vas a poder asegurarte que tienes el mejor precio del seguro de prima natural Asisa compar\u00e1ndolo en tan solo un clic al rellenar nuestro formulario con 4 datos en iDecesos. <\/p>\n<p><\/div><\/div><\/div>\n<h2><span class=\"ez-toc-section\" id=\"Productos_Prima_Natural_Asisa\"><\/span>Productos Prima Natural Asisa<span class=\"ez-toc-section-end\"><\/span><\/h2>\n<div class=\"colorf\"><div class=\"container clearfix\"><div class=\"col-md-7\"><div class=\"opiniones\">\n<h2><span class=\"ez-toc-section\" id=\"Opiniones_del_seguro_de_decesos_de_Prima_Natural_de_Asisa\"><\/span>Opiniones del seguro de decesos de Prima Natural de Asisa<span class=\"ez-toc-section-end\"><\/span><\/h2>\n<div class=\"opinion \"  >\n\t\t\t<div class=\"cabecera_opinion\">\n\t\t\t\t<div class=\"avatar\">D B <\/div>\n\t\t\t\t<div class=\"datos_opinion\">\n\t\t\t\t\t<div class=\"nombre_opinion\">Dominga Benitez<\/div>\n\t\t\t\t\t<div class=\"info_opinion\">\t\t\t\t\t\t\n\t\t\t\t\t\t<div class=\"cuenta_opinion\"><i class=\"fas fa-pencil-alt\"><\/i><!--span class=\"dashicons dashicons-edit\" style=\"font-size:20px\"><\/span--><span>1 Opini\u00f3n<\/span><\/div>\t\t\t\t\t\t\n\t\t\t\t\t\t<div class=\"localizacion_opinion\">\n\t\t\t\t\t\t\t<i class=\"fas fa-map-marker-alt\"><\/i><!--span class=\"dashicons dashicons-location\" style=\"font-size:20px\"><\/span-->\n\t\t\t\t\t\t\t<span>ES<\/span>\n\t\t\t\t\t\t<\/div>\t\n\t\t\t\t\t<\/div>\n\t\t\t\t<\/div>\n\t\t\t<\/div><div class=\"texto_opinion\"><\/p>\n<p>Despu\u00e9s de efectuar diferentes comparaciones con la plataforma de iDecesos tuve claro que el mejor en precio era Asisa con el seguro de prima natural, de esta manera que opt\u00e9 por la p\u00f3liza para \u00fanica hija.<\/p>\n<p><\/div><\/div>\n<div class=\"opinion \"  >\n\t\t\t<div class=\"cabecera_opinion\">\n\t\t\t\t<div class=\"avatar\">C V <\/div>\n\t\t\t\t<div class=\"datos_opinion\">\n\t\t\t\t\t<div class=\"nombre_opinion\">Crescencia Vilanova<\/div>\n\t\t\t\t\t<div class=\"info_opinion\">\t\t\t\t\t\t\n\t\t\t\t\t\t<div class=\"cuenta_opinion\"><i class=\"fas fa-pencil-alt\"><\/i><!--span class=\"dashicons dashicons-edit\" style=\"font-size:20px\"><\/span--><span>1 Opini\u00f3n<\/span><\/div>\t\t\t\t\t\t\n\t\t\t\t\t\t<div class=\"localizacion_opinion\">\n\t\t\t\t\t\t\t<i class=\"fas fa-map-marker-alt\"><\/i><!--span class=\"dashicons dashicons-location\" style=\"font-size:20px\"><\/span-->\n\t\t\t\t\t\t\t<span>ES<\/span>\n\t\t\t\t\t\t<\/div>\t\n\t\t\t\t\t<\/div>\n\t\t\t\t<\/div>\n\t\t\t<\/div><div class=\"texto_opinion\"><\/p>\n<p>Estoy muy satisfecha con el seguro de decesos de prima natural de Asisa, ya que al ser joven me resulta financieramente econ\u00f3mico, aunque me preocupa que con los a\u00f1os vaya incrementando anualmente que lo revisare.<\/p>\n<p><\/div><\/div>\n<div class=\"opinion \"  >\n\t\t\t<div class=\"cabecera_opinion\">\n\t\t\t\t<div class=\"avatar\">G F <\/div>\n\t\t\t\t<div class=\"datos_opinion\">\n\t\t\t\t\t<div class=\"nombre_opinion\">Genoveva Ferr\u00e1n<\/div>\n\t\t\t\t\t<div class=\"info_opinion\">\t\t\t\t\t\t\n\t\t\t\t\t\t<div class=\"cuenta_opinion\"><i class=\"fas fa-pencil-alt\"><\/i><!--span class=\"dashicons dashicons-edit\" style=\"font-size:20px\"><\/span--><span>1 Opini\u00f3n<\/span><\/div>\t\t\t\t\t\t\n\t\t\t\t\t\t<div class=\"localizacion_opinion\">\n\t\t\t\t\t\t\t<i class=\"fas fa-map-marker-alt\"><\/i><!--span class=\"dashicons dashicons-location\" style=\"font-size:20px\"><\/span-->\n\t\t\t\t\t\t\t<span>ES<\/span>\n\t\t\t\t\t\t<\/div>\t\n\t\t\t\t\t<\/div>\n\t\t\t\t<\/div>\n\t\t\t<\/div><div class=\"texto_opinion\"><\/p>\n<p>Merece una menci\u00f3n especial y como familiar de un fallecido que le ha cubierto una p\u00f3liza de prima natural de Asisa desgraciadamente que ponga mi opini\u00f3n a efecto pues nos trataron de forma deliciosa y sin problemas en el sepelio de mi sobrino.<\/p>\n<p><\/div><\/div>\n<\/div><\/div><\/div><\/div>\n<p><div class=\"oficinas\"><br \/>\n<h3><span class=\"ez-toc-section\" id=\"Paginas_relacionadas\"><\/span>P\u00e1ginas relacionadas<span class=\"ez-toc-section-end\"><\/span><\/h3><div class=\"enlazado\"><ul> <li><a href=\"https:\/\/idecesos.com\/seguros\/companias\/asisa\/coberturas\/\">Coberturas Seguro de decesos Asisa<\/a><\/li> <li><a href=\"https:\/\/idecesos.com\/seguros\/companias\/asisa\/opiniones\/\">Opiniones Asisa<\/a><\/li> <li><a href=\"https:\/\/idecesos.com\/seguros\/companias\/asisa\/precio\/\">Precio seguro Asisa<\/a><\/li> <li><a href=\"https:\/\/idecesos.com\/seguros\/companias\/asisa\/prima-mixta\/\">Asisa Prima Mixta<\/a><\/li> <li><a href=\"https:\/\/idecesos.com\/seguros\/companias\/asisa\/prima-natural\/\">Asisa Prima Natural<\/a><\/li> <li><a href=\"https:\/\/idecesos.com\/seguros\/companias\/asisa\/prima-nivelada\/\">Asisa Prima Nivelada<\/a><\/li> <li><a href=\"https:\/\/idecesos.com\/seguros\/companias\/asisa\/prima-unica\/\">Asisa Prima \u00danica<\/a><\/li> <li><a href=\"https:\/\/idecesos.com\/seguros\/companias\/asisa\/repatriacion\/\">Asisa Repatriaci\u00f3n<\/a><\/li> <li><a href=\"https:\/\/idecesos.com\/seguros\/companias\/asisa\/telefono\/\">Tel\u00e9fono Gratuito Asisa<\/a><\/li><\/ul><\/div><\/p>\n<\/div>\n","protected":false},"excerpt":{"rendered":"<p>Su caracter\u00edstica del seguro de prima natural de Asisa se basa en la renovaci\u00f3n del precio de manera anual, en cuanto a la edad del asegurado cuanto m\u00e1s a\u00f1os vaya cumpliendo notar\u00e1 una leve incremento en el precio. En Asisa la p\u00f3liza de prima natural resulta m\u00e1s asequible en cuanto en edad seas joven, por&hellip; <\/p>\n","protected":false},"author":3,"featured_media":0,"parent":163,"menu_order":0,"comment_status":"closed","ping_status":"closed","template":"single.php","meta":{"footnotes":""},"class_list":["post-10957","page","type-page","status-publish","hentry"],"yoast_head":"<!-- This site is optimized with the Yoast SEO plugin v27.5 - https:\/\/yoast.com\/product\/yoast-seo-wordpress\/ -->\n<title>Seguro Decesos Asisa Prima Natural \u25b7 Opiniones y Precio 2026<\/title>\n<meta name=\"description\" content=\"Click aqu\u00ed \u3010Seguro de Decesos Prima Natural Asisa\u3011 Mejores precios Asisa seguro de fallecidos Prima Natural \u2611\ufe0f Actualizado por iDecesos\u00ae\" \/>\n<meta name=\"robots\" content=\"index, follow, max-snippet:-1, max-image-preview:large, max-video-preview:-1\" \/>\n<link rel=\"canonical\" href=\"https:\/\/idecesos.com\/seguros\/companias\/asisa\/prima-natural\/\" \/>\n<meta property=\"og:locale\" content=\"es_ES\" \/>\n<meta property=\"og:type\" content=\"article\" \/>\n<meta property=\"og:title\" content=\"Seguro Decesos Asisa Prima Natural \u25b7 Opiniones y Precio 2026\" \/>\n<meta property=\"og:description\" content=\"Click aqu\u00ed \u3010Seguro de Decesos Prima Natural Asisa\u3011 Mejores precios Asisa seguro de fallecidos Prima Natural \u2611\ufe0f Actualizado por iDecesos\u00ae\" \/>\n<meta property=\"og:url\" content=\"https:\/\/idecesos.com\/seguros\/companias\/asisa\/prima-natural\/\" \/>\n<meta property=\"article:modified_time\" content=\"2022-01-03T12:29:54+00:00\" \/>\n<meta name=\"twitter:card\" content=\"summary_large_image\" \/>\n<meta name=\"twitter:label1\" content=\"Tiempo de lectura\" \/>\n\t<meta name=\"twitter:data1\" content=\"54 minutos\" \/>\n<script type=\"application\/ld+json\" class=\"yoast-schema-graph\">{\"@context\":\"https:\\\/\\\/schema.org\",\"@graph\":[{\"@type\":\"WebPage\",\"@id\":\"https:\\\/\\\/idecesos.com\\\/seguros\\\/companias\\\/asisa\\\/prima-natural\\\/\",\"url\":\"https:\\\/\\\/idecesos.com\\\/seguros\\\/companias\\\/asisa\\\/prima-natural\\\/\",\"name\":\"Seguro Decesos Asisa Prima Natural \u25b7 Opiniones y Precio 2026\",\"isPartOf\":{\"@id\":\"https:\\\/\\\/idecesos.com\\\/seguros\\\/#website\"},\"datePublished\":\"2021-10-24T22:40:45+00:00\",\"dateModified\":\"2022-01-03T12:29:54+00:00\",\"description\":\"Click aqu\u00ed \u3010Seguro de Decesos Prima Natural Asisa\u3011 Mejores precios Asisa seguro de fallecidos Prima Natural \u2611\ufe0f Actualizado por iDecesos\u00ae\",\"breadcrumb\":{\"@id\":\"https:\\\/\\\/idecesos.com\\\/seguros\\\/companias\\\/asisa\\\/prima-natural\\\/#breadcrumb\"},\"inLanguage\":\"es\",\"potentialAction\":[{\"@type\":\"ReadAction\",\"target\":[\"https:\\\/\\\/idecesos.com\\\/seguros\\\/companias\\\/asisa\\\/prima-natural\\\/\"]}]},{\"@type\":\"BreadcrumbList\",\"@id\":\"https:\\\/\\\/idecesos.com\\\/seguros\\\/companias\\\/asisa\\\/prima-natural\\\/#breadcrumb\",\"itemListElement\":[{\"@type\":\"ListItem\",\"position\":1,\"name\":\"Portada\",\"item\":\"https:\\\/\\\/idecesos.com\\\/seguros\\\/\"},{\"@type\":\"ListItem\",\"position\":2,\"name\":\"Compa\u00f1\u00edas de Seguros de Decesos en Espa\u00f1a\",\"item\":\"https:\\\/\\\/idecesos.com\\\/seguros\\\/companias\\\/\"},{\"@type\":\"ListItem\",\"position\":3,\"name\":\"Seguro de Decesos Asisa\",\"item\":\"https:\\\/\\\/idecesos.com\\\/seguros\\\/companias\\\/asisa\\\/\"},{\"@type\":\"ListItem\",\"position\":4,\"name\":\"Seguro de decesos Asisa Prima Natural\"}]},{\"@type\":\"WebSite\",\"@id\":\"https:\\\/\\\/idecesos.com\\\/seguros\\\/#website\",\"url\":\"https:\\\/\\\/idecesos.com\\\/seguros\\\/\",\"name\":\"\",\"description\":\"\",\"potentialAction\":[{\"@type\":\"SearchAction\",\"target\":{\"@type\":\"EntryPoint\",\"urlTemplate\":\"https:\\\/\\\/idecesos.com\\\/seguros\\\/?s={search_term_string}\"},\"query-input\":{\"@type\":\"PropertyValueSpecification\",\"valueRequired\":true,\"valueName\":\"search_term_string\"}}],\"inLanguage\":\"es\"}]}<\/script>\n<!-- \/ Yoast SEO plugin. -->","yoast_head_json":{"title":"Seguro Decesos Asisa Prima Natural \u25b7 Opiniones y Precio 2026","description":"Click aqu\u00ed \u3010Seguro de Decesos Prima Natural Asisa\u3011 Mejores precios Asisa seguro de fallecidos Prima Natural \u2611\ufe0f Actualizado por iDecesos\u00ae","robots":{"index":"index","follow":"follow","max-snippet":"max-snippet:-1","max-image-preview":"max-image-preview:large","max-video-preview":"max-video-preview:-1"},"canonical":"https:\/\/idecesos.com\/seguros\/companias\/asisa\/prima-natural\/","og_locale":"es_ES","og_type":"article","og_title":"Seguro Decesos Asisa Prima Natural \u25b7 Opiniones y Precio 2026","og_description":"Click aqu\u00ed \u3010Seguro de Decesos Prima Natural Asisa\u3011 Mejores precios Asisa seguro de fallecidos Prima Natural \u2611\ufe0f Actualizado por iDecesos\u00ae","og_url":"https:\/\/idecesos.com\/seguros\/companias\/asisa\/prima-natural\/","article_modified_time":"2022-01-03T12:29:54+00:00","twitter_card":"summary_large_image","twitter_misc":{"Tiempo de lectura":"54 minutos"},"schema":{"@context":"https:\/\/schema.org","@graph":[{"@type":"WebPage","@id":"https:\/\/idecesos.com\/seguros\/companias\/asisa\/prima-natural\/","url":"https:\/\/idecesos.com\/seguros\/companias\/asisa\/prima-natural\/","name":"Seguro Decesos Asisa Prima Natural \u25b7 Opiniones y Precio 2026","isPartOf":{"@id":"https:\/\/idecesos.com\/seguros\/#website"},"datePublished":"2021-10-24T22:40:45+00:00","dateModified":"2022-01-03T12:29:54+00:00","description":"Click aqu\u00ed \u3010Seguro de Decesos Prima Natural Asisa\u3011 Mejores precios Asisa seguro de fallecidos Prima Natural \u2611\ufe0f Actualizado por iDecesos\u00ae","breadcrumb":{"@id":"https:\/\/idecesos.com\/seguros\/companias\/asisa\/prima-natural\/#breadcrumb"},"inLanguage":"es","potentialAction":[{"@type":"ReadAction","target":["https:\/\/idecesos.com\/seguros\/companias\/asisa\/prima-natural\/"]}]},{"@type":"BreadcrumbList","@id":"https:\/\/idecesos.com\/seguros\/companias\/asisa\/prima-natural\/#breadcrumb","itemListElement":[{"@type":"ListItem","position":1,"name":"Portada","item":"https:\/\/idecesos.com\/seguros\/"},{"@type":"ListItem","position":2,"name":"Compa\u00f1\u00edas de Seguros de Decesos en Espa\u00f1a","item":"https:\/\/idecesos.com\/seguros\/companias\/"},{"@type":"ListItem","position":3,"name":"Seguro de Decesos Asisa","item":"https:\/\/idecesos.com\/seguros\/companias\/asisa\/"},{"@type":"ListItem","position":4,"name":"Seguro de decesos Asisa Prima Natural"}]},{"@type":"WebSite","@id":"https:\/\/idecesos.com\/seguros\/#website","url":"https:\/\/idecesos.com\/seguros\/","name":"","description":"","potentialAction":[{"@type":"SearchAction","target":{"@type":"EntryPoint","urlTemplate":"https:\/\/idecesos.com\/seguros\/?s={search_term_string}"},"query-input":{"@type":"PropertyValueSpecification","valueRequired":true,"valueName":"search_term_string"}}],"inLanguage":"es"}]}},"_links":{"self":[{"href":"https:\/\/idecesos.com\/seguros\/wp-json\/wp\/v2\/pages\/10957","targetHints":{"allow":["GET"]}}],"collection":[{"href":"https:\/\/idecesos.com\/seguros\/wp-json\/wp\/v2\/pages"}],"about":[{"href":"https:\/\/idecesos.com\/seguros\/wp-json\/wp\/v2\/types\/page"}],"author":[{"embeddable":true,"href":"https:\/\/idecesos.com\/seguros\/wp-json\/wp\/v2\/users\/3"}],"replies":[{"embeddable":true,"href":"https:\/\/idecesos.com\/seguros\/wp-json\/wp\/v2\/comments?post=10957"}],"version-history":[{"count":2,"href":"https:\/\/idecesos.com\/seguros\/wp-json\/wp\/v2\/pages\/10957\/revisions"}],"predecessor-version":[{"id":12833,"href":"https:\/\/idecesos.com\/seguros\/wp-json\/wp\/v2\/pages\/10957\/revisions\/12833"}],"up":[{"embeddable":true,"href":"https:\/\/idecesos.com\/seguros\/wp-json\/wp\/v2\/pages\/163"}],"wp:attachment":[{"href":"https:\/\/idecesos.com\/seguros\/wp-json\/wp\/v2\/media?parent=10957"}],"curies":[{"name":"wp","href":"https:\/\/api.w.org\/{rel}","templated":true}]}}