{"id":11221,"date":"2021-10-28T00:00:00","date_gmt":"2021-10-26T13:49:24","guid":{"rendered":"https:\/\/idecesos.com\/seguros\/companias\/la-fe\/repatriacion\/"},"modified":"2022-01-03T12:31:03","modified_gmt":"2022-01-03T12:31:03","slug":"repatriacion","status":"publish","type":"page","link":"https:\/\/idecesos.com\/seguros\/companias\/la-fe\/repatriacion\/","title":{"rendered":"Seguro de decesos La Fe con repatriaci\u00f3n"},"content":{"rendered":"<div id=\"ez-toc-container\" class=\"ez-toc-v2_0_82_2 ez-toc-wrap-center counter-hierarchy ez-toc-counter ez-toc-custom ez-toc-container-direction\">\n<div class=\"ez-toc-title-container\">\n<p class=\"ez-toc-title\" style=\"cursor:inherit\">Tabla de Contenido<\/p>\n<span class=\"ez-toc-title-toggle\"><a href=\"#\" class=\"ez-toc-pull-right ez-toc-btn ez-toc-btn-xs ez-toc-btn-default ez-toc-toggle\" aria-label=\"Alternar tabla de contenidos\"><span class=\"ez-toc-js-icon-con\"><span class=\"\"><span class=\"eztoc-hide\" style=\"display:none;\">Toggle<\/span><span class=\"ez-toc-icon-toggle-span\"><svg style=\"fill: #db6415;color:#db6415\" xmlns=\"http:\/\/www.w3.org\/2000\/svg\" class=\"list-377408\" width=\"20px\" height=\"20px\" viewBox=\"0 0 24 24\" fill=\"none\"><path d=\"M6 6H4v2h2V6zm14 0H8v2h12V6zM4 11h2v2H4v-2zm16 0H8v2h12v-2zM4 16h2v2H4v-2zm16 0H8v2h12v-2z\" fill=\"currentColor\"><\/path><\/svg><svg style=\"fill: #db6415;color:#db6415\" class=\"arrow-unsorted-368013\" xmlns=\"http:\/\/www.w3.org\/2000\/svg\" width=\"10px\" height=\"10px\" viewBox=\"0 0 24 24\" version=\"1.2\" baseProfile=\"tiny\"><path d=\"M18.2 9.3l-6.2-6.3-6.2 6.3c-.2.2-.3.4-.3.7s.1.5.3.7c.2.2.4.3.7.3h11c.3 0 .5-.1.7-.3.2-.2.3-.5.3-.7s-.1-.5-.3-.7zM5.8 14.7l6.2 6.3 6.2-6.3c.2-.2.3-.5.3-.7s-.1-.5-.3-.7c-.2-.2-.4-.3-.7-.3h-11c-.3 0-.5.1-.7.3-.2.2-.3.5-.3.7s.1.5.3.7z\"\/><\/svg><\/span><\/span><\/span><\/a><\/span><\/div>\n<nav><ul class='ez-toc-list ez-toc-list-level-1 ' ><li class='ez-toc-page-1 ez-toc-heading-level-2'><a class=\"ez-toc-link ez-toc-heading-1\" href=\"https:\/\/idecesos.com\/seguros\/companias\/la-fe\/repatriacion\/#Coberturas_seguro_La_Fe_con_repatriacion\" >Coberturas seguro La Fe con repatriaci\u00f3n<\/a><ul class='ez-toc-list-level-3' ><li class='ez-toc-heading-level-3'><a class=\"ez-toc-link ez-toc-heading-2\" href=\"https:\/\/idecesos.com\/seguros\/companias\/la-fe\/repatriacion\/#%C2%BFA_quien_va_dirigido_el_seguro_de_decesos_con_repatriacion_de_La_Fe\" >\u00bfA qui\u00e9n va dirigido el seguro de decesos con repatriaci\u00f3n de La Fe?<\/a><\/li><\/ul><\/li><li class='ez-toc-page-1 ez-toc-heading-level-2'><a class=\"ez-toc-link ez-toc-heading-3\" href=\"https:\/\/idecesos.com\/seguros\/companias\/la-fe\/repatriacion\/#Precio_de_seguro_de_decesos_La_Fe_con_repatriacion\" >Precio de seguro de decesos La Fe con repatriaci\u00f3n<\/a><\/li><li class='ez-toc-page-1 ez-toc-heading-level-2'><a class=\"ez-toc-link ez-toc-heading-4\" href=\"https:\/\/idecesos.com\/seguros\/companias\/la-fe\/repatriacion\/#Productos_Repatriacion_La_Fe\" >Productos Repatriaci\u00f3n La Fe<\/a><\/li><li class='ez-toc-page-1 ez-toc-heading-level-2'><a class=\"ez-toc-link ez-toc-heading-5\" href=\"https:\/\/idecesos.com\/seguros\/companias\/la-fe\/repatriacion\/#Opiniones_del_seguro_de_decesos_de_Repatriacion_de_La_Fe\" >Opiniones del seguro de decesos de Repatriaci\u00f3n de La Fe<\/a><ul class='ez-toc-list-level-3' ><li class='ez-toc-heading-level-3'><a class=\"ez-toc-link ez-toc-heading-6\" href=\"https:\/\/idecesos.com\/seguros\/companias\/la-fe\/repatriacion\/#Paginas_relacionadas\" >P\u00e1ginas relacionadas<\/a><\/li><\/ul><\/li><\/ul><\/nav><\/div>\n\n<p>Uno de los mejores servicios del seguro de decesos de repatriaci\u00f3n La Fe, es que cuenta con coberturas que puedes a\u00f1adir. Todas aquellas personas que han dejado atr\u00e1s su sitio de nacimiento para poder radicar dentro de Espa\u00f1a, es de los pa\u00edses con m\u00e1s extranjeros en comparaci\u00f3n con otros pa\u00edses, como es el caso de Argentina 259946, Francia 209344 y Venezuela 202859. En el instante que se deje todo gestionado, en un largo plazo va a ser ventajoso para uno, y que nos evitar\u00e1 problemas complicados. Debes conocer que dentro de la cobertura de repatriaci\u00f3n al quedar incluido cualquier persona emigrante, garantiza uno de los servicios extraordinarios cuando ocurre el instante del \u00f3bito. Por lo que podr\u00e1s tener esa tranquilidad en cualquier pa\u00eds que te halles y dar calma a tus seres queridos. <\/p>\n<p>Leer m\u00e1s: <a href=\"https:\/\/idecesos.com\/seguros\/tipo\/extranjeros-repatriacion\/\">Seguro de decesos con repatriaci\u00f3n<\/a><\/p>\n<div class=\"colorf \"  ><div class=\"container clearfix\"><div class=\"col-md-7\"><\/p>\n<h2><span class=\"ez-toc-section\" id=\"Coberturas_seguro_La_Fe_con_repatriacion\"><\/span>Coberturas seguro La Fe con repatriaci\u00f3n<span class=\"ez-toc-section-end\"><\/span><\/h2>\n<p>Te nombramos ciertas coberturas que quedan incluidas dentro del seguro de repatriaci\u00f3n de La Fe, elecci\u00f3n libre del camposanto o bien incineraci\u00f3n, asistencia de viaje, gesti\u00f3n de tramitacion de documentacion, sin importar un m\u00ednimo donde te encuentres. En la p\u00f3liza del contrato vendr\u00e1n de manera todas las peculiaridades que contempla de forma m\u00e1s definida y extensa. <\/p>\n<p><\/div><\/div><\/div>\n<h3><span class=\"ez-toc-section\" id=\"%C2%BFA_quien_va_dirigido_el_seguro_de_decesos_con_repatriacion_de_La_Fe\"><\/span>\u00bfA qui\u00e9n va dirigido el seguro de decesos con repatriaci\u00f3n de La Fe?<span class=\"ez-toc-section-end\"><\/span><\/h3>\n<p>En tus motivos est\u00e1 la de ahorrar a tu familiar un gasto exorbitante, gracias a la contrataci\u00f3n del seguro de decesos de repatriaci\u00f3n de La Fe, evitar\u00e1s todo eso. Si adem\u00e1s eres una persona que radica en cualquier parte del mundo, este seguro se amoldar\u00e1 a tus medidas. Hay que tener en consideraci\u00f3n que uno de grandes objetivos es garantizar al 100 por cien el servicio de sepelio, en ello el servicio en su localidad o donde radique en ese momento la persona fallecida o como si se encuentra en otra una parte del mundo, siempre que quede clarificado conforme la contrataci\u00f3n del seguro. <\/p>\n<div class=\"colorf \"  ><div class=\"container clearfix\"><div class=\"col-md-7\"><\/p>\n<h2><span class=\"ez-toc-section\" id=\"Precio_de_seguro_de_decesos_La_Fe_con_repatriacion\"><\/span>Precio de seguro de decesos La Fe con repatriaci\u00f3n<span class=\"ez-toc-section-end\"><\/span><\/h2>\n<p>El rango de costes del seguro de decesos repatriaci\u00f3n de la La Fe es desde 3,15\u20ac, se tomar\u00e1 en cuenta diferentes criterios para poder analizar el coste final del seguro. Caso de que suceda el fallecimiento fuera de su sitio de origen, con esta p\u00f3liza asegura la repatriaci\u00f3n del cuerpo a ciudad natal, asegurando todos y cada uno de los gastos como la documentaci\u00f3n pertinente. Dentro de cada p\u00f3liza incluir\u00e1 las cl\u00e1usulas relativas al coste, garantizando el servicio f\u00fanebre al completo, donde haya fallecido la persona asegurada. As\u00ed sea en su lugar de origen o bien fuera del pa\u00eds. Una de las comodidades que te dan es la poder tener diferentes modalidades de pago, que a la larga facilitan muchos problemas. <\/p>\n<p><\/div><\/div><\/div>\n<h2><span class=\"ez-toc-section\" id=\"Productos_Repatriacion_La_Fe\"><\/span>Productos Repatriaci\u00f3n La Fe<span class=\"ez-toc-section-end\"><\/span><\/h2>\n<div class=\"colorf\"><div class=\"container clearfix\"><div class=\"col-md-7\"><div class=\"opiniones\">\n<h2><span class=\"ez-toc-section\" id=\"Opiniones_del_seguro_de_decesos_de_Repatriacion_de_La_Fe\"><\/span>Opiniones del seguro de decesos de Repatriaci\u00f3n de La Fe<span class=\"ez-toc-section-end\"><\/span><\/h2>\n<p>&nbsp;<\/p>\n<div class=\"opinion \"  >\n\t\t\t<div class=\"cabecera_opinion\">\n\t\t\t\t<div class=\"avatar\">F U <\/div>\n\t\t\t\t<div class=\"datos_opinion\">\n\t\t\t\t\t<div class=\"nombre_opinion\">Filomena Ure\u00f1a<\/div>\n\t\t\t\t\t<div class=\"info_opinion\">\t\t\t\t\t\t\n\t\t\t\t\t\t<div class=\"cuenta_opinion\"><i class=\"fas fa-pencil-alt\"><\/i><!--span class=\"dashicons dashicons-edit\" style=\"font-size:20px\"><\/span--><span>1 Opini\u00f3n<\/span><\/div>\t\t\t\t\t\t\n\t\t\t\t\t\t<div class=\"localizacion_opinion\">\n\t\t\t\t\t\t\t<i class=\"fas fa-map-marker-alt\"><\/i><!--span class=\"dashicons dashicons-location\" style=\"font-size:20px\"><\/span-->\n\t\t\t\t\t\t\t<span>ES<\/span>\n\t\t\t\t\t\t<\/div>\t\n\t\t\t\t\t<\/div>\n\t\t\t\t<\/div>\n\t\t\t<\/div><div class=\"texto_opinion\"><\/p>\n<p>Estuvimos inform\u00e1ndonos a lo largo de mucho tiempo ya que nuestra sobrina se iba a ir a extranjero a estudiar, por lo que nos aconsejaron efectuar la contrataci\u00f3n de esta p\u00f3liza, por lo que nos aseguramos de hacerlo de este modo pues jam\u00e1s se sabe que puede llegar en el futuro, pero de esta forma nos aseguramos de cualquier percance del que no podamos hacer frente si llegase a acontecer algo. En el momento en que realizamos esto, nos quedamos todos m\u00e1s apacibles y quedando asegura mi sobrina para cualquier incidencia.<\/p>\n<p><\/div><\/div>\n<div class=\"opinion \"  >\n\t\t\t<div class=\"cabecera_opinion\">\n\t\t\t\t<div class=\"avatar\">Y T <\/div>\n\t\t\t\t<div class=\"datos_opinion\">\n\t\t\t\t\t<div class=\"nombre_opinion\">Yolanda Tormo<\/div>\n\t\t\t\t\t<div class=\"info_opinion\">\t\t\t\t\t\t\n\t\t\t\t\t\t<div class=\"cuenta_opinion\"><i class=\"fas fa-pencil-alt\"><\/i><!--span class=\"dashicons dashicons-edit\" style=\"font-size:20px\"><\/span--><span>1 Opini\u00f3n<\/span><\/div>\t\t\t\t\t\t\n\t\t\t\t\t\t<div class=\"localizacion_opinion\">\n\t\t\t\t\t\t\t<i class=\"fas fa-map-marker-alt\"><\/i><!--span class=\"dashicons dashicons-location\" style=\"font-size:20px\"><\/span-->\n\t\t\t\t\t\t\t<span>ES<\/span>\n\t\t\t\t\t\t<\/div>\t\n\t\t\t\t\t<\/div>\n\t\t\t\t<\/div>\n\t\t\t<\/div><div class=\"texto_opinion\"><\/p>\n<p>Este a\u00f1o realic\u00e9 m\u00faltiples viajes seguidos, con lo que quer\u00eda realizar la contrataci\u00f3n de una p\u00f3liza que asegurarse mi calma como la de mis familiares, por ello no dude en contratarlo, muchas de las coberturas que te dan son adecuadas a mi situaci\u00f3n, adem\u00e1s de que la calidad que recib\u00ed al respecto al trato, estoy content\u00edsima son agradables y efect\u00faan la p\u00f3liza de una manera muy sencilla.<\/p>\n<p><\/div><\/div>\n<div class=\"opinion \"  >\n\t\t\t<div class=\"cabecera_opinion\">\n\t\t\t\t<div class=\"avatar\">C U <\/div>\n\t\t\t\t<div class=\"datos_opinion\">\n\t\t\t\t\t<div class=\"nombre_opinion\">Chucho Ur\u00eda<\/div>\n\t\t\t\t\t<div class=\"info_opinion\">\t\t\t\t\t\t\n\t\t\t\t\t\t<div class=\"cuenta_opinion\"><i class=\"fas fa-pencil-alt\"><\/i><!--span class=\"dashicons dashicons-edit\" style=\"font-size:20px\"><\/span--><span>1 Opini\u00f3n<\/span><\/div>\t\t\t\t\t\t\n\t\t\t\t\t\t<div class=\"localizacion_opinion\">\n\t\t\t\t\t\t\t<i class=\"fas fa-map-marker-alt\"><\/i><!--span class=\"dashicons dashicons-location\" style=\"font-size:20px\"><\/span-->\n\t\t\t\t\t\t\t<span>ES<\/span>\n\t\t\t\t\t\t<\/div>\t\n\t\t\t\t\t<\/div>\n\t\t\t\t<\/div>\n\t\t\t<\/div><div class=\"texto_opinion\"><\/p>\n<p>Por mi condici\u00f3n laboral me vi forzado a realizar esta p\u00f3liza, por el hecho de asegurar la tranquilidad a mi familia como seres queridos, no tuve ning\u00fan problema a la hora de la contrataci\u00f3n la persona que me atendieron fueron lo m\u00e1s profesional posible, y era especialista en el sector con lo que me dejo claro todo en el instante. Adem\u00e1s las coberturas se amoldan con perfecci\u00f3n a mis necesidades, adem\u00e1s de que contaba con ciertas complementarias.<\/p>\n<p><\/div><\/div>\n<\/div><\/div><\/div><\/div>\n<p><div class=\"oficinas\"><br \/>\n<h3><span class=\"ez-toc-section\" id=\"Paginas_relacionadas\"><\/span>P\u00e1ginas relacionadas<span class=\"ez-toc-section-end\"><\/span><\/h3><div class=\"enlazado\"><ul> <li><a href=\"https:\/\/idecesos.com\/seguros\/companias\/la-fe\/opiniones\/\">Opiniones La F\u00e9<\/a><\/li> <li><a href=\"https:\/\/idecesos.com\/seguros\/companias\/la-fe\/precio\/\">Precio seguro La Fe<\/a><\/li> <li><a href=\"https:\/\/idecesos.com\/seguros\/companias\/la-fe\/prima-mixta\/\">La Fe Prima Mixta<\/a><\/li> <li><a href=\"https:\/\/idecesos.com\/seguros\/companias\/la-fe\/prima-natural\/\">La Fe Prima Natural<\/a><\/li> <li><a href=\"https:\/\/idecesos.com\/seguros\/companias\/la-fe\/prima-nivelada\/\">La Fe Prima Nivelada<\/a><\/li> <li><a href=\"https:\/\/idecesos.com\/seguros\/companias\/la-fe\/prima-unica\/\">La Fe Prima \u00danica<\/a><\/li> <li><a href=\"https:\/\/idecesos.com\/seguros\/companias\/la-fe\/repatriacion\/\">La Fe Repatriaci\u00f3n<\/a><\/li> <li><a href=\"https:\/\/idecesos.com\/seguros\/companias\/la-fe\/telefono\/\">Tel\u00e9fono Gratuito La Fe<\/a><\/li><\/ul><\/div><\/p>\n<\/div>\n","protected":false},"excerpt":{"rendered":"<p>Uno de los mejores servicios del seguro de decesos de repatriaci\u00f3n La Fe, es que cuenta con coberturas que puedes a\u00f1adir. Todas aquellas personas que han dejado atr\u00e1s su sitio de nacimiento para poder radicar dentro de Espa\u00f1a, es de los pa\u00edses con m\u00e1s extranjeros en comparaci\u00f3n con otros pa\u00edses, como es el caso de&hellip; <\/p>\n","protected":false},"author":3,"featured_media":0,"parent":395,"menu_order":0,"comment_status":"closed","ping_status":"closed","template":"single.php","meta":{"footnotes":""},"class_list":["post-11221","page","type-page","status-publish","hentry"],"yoast_head":"<!-- This site is optimized with the Yoast SEO plugin v27.5 - https:\/\/yoast.com\/product\/yoast-seo-wordpress\/ -->\n<title>Seguro Decesos La Fe Repatriaci\u00f3n \u25b7 Opiniones y Precio 2026<\/title>\n<meta name=\"description\" content=\"Click aqu\u00ed \u3010Seguro de Decesos con repatriaci\u00f3n La Fe\u3011 Mejores precios La Fe seguro de fallecidos con repatriaci\u00f3n \u2611\ufe0f Actualizado por iDecesos\u00ae\" \/>\n<meta name=\"robots\" content=\"index, follow, max-snippet:-1, max-image-preview:large, max-video-preview:-1\" \/>\n<link rel=\"canonical\" href=\"https:\/\/idecesos.com\/seguros\/companias\/la-fe\/repatriacion\/\" \/>\n<meta property=\"og:locale\" content=\"es_ES\" \/>\n<meta property=\"og:type\" content=\"article\" \/>\n<meta property=\"og:title\" content=\"Seguro Decesos La Fe Repatriaci\u00f3n \u25b7 Opiniones y Precio 2026\" \/>\n<meta property=\"og:description\" content=\"Click aqu\u00ed \u3010Seguro de Decesos con repatriaci\u00f3n La Fe\u3011 Mejores precios La Fe seguro de fallecidos con repatriaci\u00f3n \u2611\ufe0f Actualizado por iDecesos\u00ae\" \/>\n<meta property=\"og:url\" content=\"https:\/\/idecesos.com\/seguros\/companias\/la-fe\/repatriacion\/\" \/>\n<meta property=\"article:modified_time\" content=\"2022-01-03T12:31:03+00:00\" \/>\n<meta name=\"twitter:card\" content=\"summary_large_image\" \/>\n<meta name=\"twitter:label1\" content=\"Tiempo de lectura\" \/>\n\t<meta name=\"twitter:data1\" content=\"56 minutos\" \/>\n<script type=\"application\/ld+json\" class=\"yoast-schema-graph\">{\"@context\":\"https:\\\/\\\/schema.org\",\"@graph\":[{\"@type\":\"WebPage\",\"@id\":\"https:\\\/\\\/idecesos.com\\\/seguros\\\/companias\\\/la-fe\\\/repatriacion\\\/\",\"url\":\"https:\\\/\\\/idecesos.com\\\/seguros\\\/companias\\\/la-fe\\\/repatriacion\\\/\",\"name\":\"Seguro Decesos La Fe Repatriaci\u00f3n \u25b7 Opiniones y Precio 2026\",\"isPartOf\":{\"@id\":\"https:\\\/\\\/idecesos.com\\\/seguros\\\/#website\"},\"datePublished\":\"2021-10-26T13:49:24+00:00\",\"dateModified\":\"2022-01-03T12:31:03+00:00\",\"description\":\"Click aqu\u00ed \u3010Seguro de Decesos con repatriaci\u00f3n La Fe\u3011 Mejores precios La Fe seguro de fallecidos con repatriaci\u00f3n \u2611\ufe0f Actualizado por iDecesos\u00ae\",\"breadcrumb\":{\"@id\":\"https:\\\/\\\/idecesos.com\\\/seguros\\\/companias\\\/la-fe\\\/repatriacion\\\/#breadcrumb\"},\"inLanguage\":\"es\",\"potentialAction\":[{\"@type\":\"ReadAction\",\"target\":[\"https:\\\/\\\/idecesos.com\\\/seguros\\\/companias\\\/la-fe\\\/repatriacion\\\/\"]}]},{\"@type\":\"BreadcrumbList\",\"@id\":\"https:\\\/\\\/idecesos.com\\\/seguros\\\/companias\\\/la-fe\\\/repatriacion\\\/#breadcrumb\",\"itemListElement\":[{\"@type\":\"ListItem\",\"position\":1,\"name\":\"Portada\",\"item\":\"https:\\\/\\\/idecesos.com\\\/seguros\\\/\"},{\"@type\":\"ListItem\",\"position\":2,\"name\":\"Compa\u00f1\u00edas de Seguros de Decesos en Espa\u00f1a\",\"item\":\"https:\\\/\\\/idecesos.com\\\/seguros\\\/companias\\\/\"},{\"@type\":\"ListItem\",\"position\":3,\"name\":\"Seguro de Decesos La Fe\",\"item\":\"https:\\\/\\\/idecesos.com\\\/seguros\\\/companias\\\/la-fe\\\/\"},{\"@type\":\"ListItem\",\"position\":4,\"name\":\"Seguro de decesos La Fe con repatriaci\u00f3n\"}]},{\"@type\":\"WebSite\",\"@id\":\"https:\\\/\\\/idecesos.com\\\/seguros\\\/#website\",\"url\":\"https:\\\/\\\/idecesos.com\\\/seguros\\\/\",\"name\":\"\",\"description\":\"\",\"potentialAction\":[{\"@type\":\"SearchAction\",\"target\":{\"@type\":\"EntryPoint\",\"urlTemplate\":\"https:\\\/\\\/idecesos.com\\\/seguros\\\/?s={search_term_string}\"},\"query-input\":{\"@type\":\"PropertyValueSpecification\",\"valueRequired\":true,\"valueName\":\"search_term_string\"}}],\"inLanguage\":\"es\"}]}<\/script>\n<!-- \/ Yoast SEO plugin. -->","yoast_head_json":{"title":"Seguro Decesos La Fe Repatriaci\u00f3n \u25b7 Opiniones y Precio 2026","description":"Click aqu\u00ed \u3010Seguro de Decesos con repatriaci\u00f3n La Fe\u3011 Mejores precios La Fe seguro de fallecidos con repatriaci\u00f3n \u2611\ufe0f Actualizado por iDecesos\u00ae","robots":{"index":"index","follow":"follow","max-snippet":"max-snippet:-1","max-image-preview":"max-image-preview:large","max-video-preview":"max-video-preview:-1"},"canonical":"https:\/\/idecesos.com\/seguros\/companias\/la-fe\/repatriacion\/","og_locale":"es_ES","og_type":"article","og_title":"Seguro Decesos La Fe Repatriaci\u00f3n \u25b7 Opiniones y Precio 2026","og_description":"Click aqu\u00ed \u3010Seguro de Decesos con repatriaci\u00f3n La Fe\u3011 Mejores precios La Fe seguro de fallecidos con repatriaci\u00f3n \u2611\ufe0f Actualizado por iDecesos\u00ae","og_url":"https:\/\/idecesos.com\/seguros\/companias\/la-fe\/repatriacion\/","article_modified_time":"2022-01-03T12:31:03+00:00","twitter_card":"summary_large_image","twitter_misc":{"Tiempo de lectura":"56 minutos"},"schema":{"@context":"https:\/\/schema.org","@graph":[{"@type":"WebPage","@id":"https:\/\/idecesos.com\/seguros\/companias\/la-fe\/repatriacion\/","url":"https:\/\/idecesos.com\/seguros\/companias\/la-fe\/repatriacion\/","name":"Seguro Decesos La Fe Repatriaci\u00f3n \u25b7 Opiniones y Precio 2026","isPartOf":{"@id":"https:\/\/idecesos.com\/seguros\/#website"},"datePublished":"2021-10-26T13:49:24+00:00","dateModified":"2022-01-03T12:31:03+00:00","description":"Click aqu\u00ed \u3010Seguro de Decesos con repatriaci\u00f3n La Fe\u3011 Mejores precios La Fe seguro de fallecidos con repatriaci\u00f3n \u2611\ufe0f Actualizado por iDecesos\u00ae","breadcrumb":{"@id":"https:\/\/idecesos.com\/seguros\/companias\/la-fe\/repatriacion\/#breadcrumb"},"inLanguage":"es","potentialAction":[{"@type":"ReadAction","target":["https:\/\/idecesos.com\/seguros\/companias\/la-fe\/repatriacion\/"]}]},{"@type":"BreadcrumbList","@id":"https:\/\/idecesos.com\/seguros\/companias\/la-fe\/repatriacion\/#breadcrumb","itemListElement":[{"@type":"ListItem","position":1,"name":"Portada","item":"https:\/\/idecesos.com\/seguros\/"},{"@type":"ListItem","position":2,"name":"Compa\u00f1\u00edas de Seguros de Decesos en Espa\u00f1a","item":"https:\/\/idecesos.com\/seguros\/companias\/"},{"@type":"ListItem","position":3,"name":"Seguro de Decesos La Fe","item":"https:\/\/idecesos.com\/seguros\/companias\/la-fe\/"},{"@type":"ListItem","position":4,"name":"Seguro de decesos La Fe con repatriaci\u00f3n"}]},{"@type":"WebSite","@id":"https:\/\/idecesos.com\/seguros\/#website","url":"https:\/\/idecesos.com\/seguros\/","name":"","description":"","potentialAction":[{"@type":"SearchAction","target":{"@type":"EntryPoint","urlTemplate":"https:\/\/idecesos.com\/seguros\/?s={search_term_string}"},"query-input":{"@type":"PropertyValueSpecification","valueRequired":true,"valueName":"search_term_string"}}],"inLanguage":"es"}]}},"_links":{"self":[{"href":"https:\/\/idecesos.com\/seguros\/wp-json\/wp\/v2\/pages\/11221","targetHints":{"allow":["GET"]}}],"collection":[{"href":"https:\/\/idecesos.com\/seguros\/wp-json\/wp\/v2\/pages"}],"about":[{"href":"https:\/\/idecesos.com\/seguros\/wp-json\/wp\/v2\/types\/page"}],"author":[{"embeddable":true,"href":"https:\/\/idecesos.com\/seguros\/wp-json\/wp\/v2\/users\/3"}],"replies":[{"embeddable":true,"href":"https:\/\/idecesos.com\/seguros\/wp-json\/wp\/v2\/comments?post=11221"}],"version-history":[{"count":2,"href":"https:\/\/idecesos.com\/seguros\/wp-json\/wp\/v2\/pages\/11221\/revisions"}],"predecessor-version":[{"id":12820,"href":"https:\/\/idecesos.com\/seguros\/wp-json\/wp\/v2\/pages\/11221\/revisions\/12820"}],"up":[{"embeddable":true,"href":"https:\/\/idecesos.com\/seguros\/wp-json\/wp\/v2\/pages\/395"}],"wp:attachment":[{"href":"https:\/\/idecesos.com\/seguros\/wp-json\/wp\/v2\/media?parent=11221"}],"curies":[{"name":"wp","href":"https:\/\/api.w.org\/{rel}","templated":true}]}}