{"id":11223,"date":"2021-10-28T00:00:00","date_gmt":"2021-10-26T13:49:30","guid":{"rendered":"https:\/\/idecesos.com\/seguros\/companias\/la-caixa\/prima-nivelada\/"},"modified":"2022-01-03T12:31:02","modified_gmt":"2022-01-03T12:31:02","slug":"prima-nivelada","status":"publish","type":"page","link":"https:\/\/idecesos.com\/seguros\/companias\/la-caixa\/prima-nivelada\/","title":{"rendered":"Seguro de decesos La Caixa Prima Nivelada"},"content":{"rendered":"<div id=\"ez-toc-container\" class=\"ez-toc-v2_0_82_2 ez-toc-wrap-center counter-hierarchy ez-toc-counter ez-toc-custom ez-toc-container-direction\">\n<div class=\"ez-toc-title-container\">\n<p class=\"ez-toc-title\" style=\"cursor:inherit\">Tabla de Contenido<\/p>\n<span class=\"ez-toc-title-toggle\"><a href=\"#\" class=\"ez-toc-pull-right ez-toc-btn ez-toc-btn-xs ez-toc-btn-default ez-toc-toggle\" aria-label=\"Alternar tabla de contenidos\"><span class=\"ez-toc-js-icon-con\"><span class=\"\"><span class=\"eztoc-hide\" style=\"display:none;\">Toggle<\/span><span class=\"ez-toc-icon-toggle-span\"><svg style=\"fill: #db6415;color:#db6415\" xmlns=\"http:\/\/www.w3.org\/2000\/svg\" class=\"list-377408\" width=\"20px\" height=\"20px\" viewBox=\"0 0 24 24\" fill=\"none\"><path d=\"M6 6H4v2h2V6zm14 0H8v2h12V6zM4 11h2v2H4v-2zm16 0H8v2h12v-2zM4 16h2v2H4v-2zm16 0H8v2h12v-2z\" fill=\"currentColor\"><\/path><\/svg><svg style=\"fill: #db6415;color:#db6415\" class=\"arrow-unsorted-368013\" xmlns=\"http:\/\/www.w3.org\/2000\/svg\" width=\"10px\" height=\"10px\" viewBox=\"0 0 24 24\" version=\"1.2\" baseProfile=\"tiny\"><path d=\"M18.2 9.3l-6.2-6.3-6.2 6.3c-.2.2-.3.4-.3.7s.1.5.3.7c.2.2.4.3.7.3h11c.3 0 .5-.1.7-.3.2-.2.3-.5.3-.7s-.1-.5-.3-.7zM5.8 14.7l6.2 6.3 6.2-6.3c.2-.2.3-.5.3-.7s-.1-.5-.3-.7c-.2-.2-.4-.3-.7-.3h-11c-.3 0-.5.1-.7.3-.2.2-.3.5-.3.7s.1.5.3.7z\"\/><\/svg><\/span><\/span><\/span><\/a><\/span><\/div>\n<nav><ul class='ez-toc-list ez-toc-list-level-1 ' ><li class='ez-toc-page-1 ez-toc-heading-level-2'><a class=\"ez-toc-link ez-toc-heading-1\" href=\"https:\/\/idecesos.com\/seguros\/companias\/la-caixa\/prima-nivelada\/#Coberturas_seguro_Prima_Nivelada_La_Caixa\" >Coberturas seguro Prima Nivelada La Caixa<\/a><ul class='ez-toc-list-level-3' ><li class='ez-toc-heading-level-3'><a class=\"ez-toc-link ez-toc-heading-2\" href=\"https:\/\/idecesos.com\/seguros\/companias\/la-caixa\/prima-nivelada\/#%C2%BFA_quien_va_dirigido_el_seguro_de_decesos_Prima_Nivelada_de_La_Caixa\" >\u00bfA qui\u00e9n va dirigido el seguro de decesos Prima Nivelada de La Caixa?<\/a><\/li><\/ul><\/li><li class='ez-toc-page-1 ez-toc-heading-level-2'><a class=\"ez-toc-link ez-toc-heading-3\" href=\"https:\/\/idecesos.com\/seguros\/companias\/la-caixa\/prima-nivelada\/#Precio_de_seguro_de_decesos_Prima_Nivelada_La_Caixa\" >Precio de seguro de decesos Prima Nivelada La Caixa<\/a><\/li><li class='ez-toc-page-1 ez-toc-heading-level-2'><a class=\"ez-toc-link ez-toc-heading-4\" href=\"https:\/\/idecesos.com\/seguros\/companias\/la-caixa\/prima-nivelada\/#Productos_Prima_Nivelada_La_Caixa\" >Productos Prima Nivelada La Caixa<\/a><\/li><li class='ez-toc-page-1 ez-toc-heading-level-2'><a class=\"ez-toc-link ez-toc-heading-5\" href=\"https:\/\/idecesos.com\/seguros\/companias\/la-caixa\/prima-nivelada\/#Opiniones_del_seguro_de_decesos_de_Prima_Nivelada_de_La_Caixa\" >Opiniones del seguro de decesos de Prima Nivelada de La Caixa<\/a><ul class='ez-toc-list-level-3' ><li class='ez-toc-heading-level-3'><a class=\"ez-toc-link ez-toc-heading-6\" href=\"https:\/\/idecesos.com\/seguros\/companias\/la-caixa\/prima-nivelada\/#Paginas_relacionadas\" >P\u00e1ginas relacionadas<\/a><\/li><\/ul><\/li><\/ul><\/nav><\/div>\n\n<p>El seguro de decesos de prima nivelada La Caixa se identifica por ser una tipolog\u00eda en la que el precio del seguro permanece incesante y se aplica a la suma asegurada el servicio f\u00fanebre que se ha contratado en el inicio del seguro. La que m\u00e1s optan a contratar es la p\u00f3liza de prima nivelada La Caixa, asimismo es verdad que muchas de las personas de car\u00e1cter m\u00e1s joven les resulta cada largo tiempo, un pago excesivo. En el caso de siniestro de la p\u00f3liza de prima nivelada La Caixa es muy simple por el hecho de que sencillamente llamando al n\u00famero de asistencia familiar de La Caixa y se encargan totalmente coordinar y tramitar todo los referido al deceso. <\/p>\n<p>Leer m\u00e1s: <a href=\"https:\/\/idecesos.com\/seguros\/tipo\/nivelada\/\">Seguro de decesos Prima Nivelada<\/a><\/p>\n<div class=\"colorf \"  ><div class=\"container clearfix\"><div class=\"col-md-7\"><\/p>\n<h2><span class=\"ez-toc-section\" id=\"Coberturas_seguro_Prima_Nivelada_La_Caixa\"><\/span>Coberturas seguro Prima Nivelada La Caixa<span class=\"ez-toc-section-end\"><\/span><\/h2>\n<p>El seguro de decesos La Caixa su mayor cobertura es dar al completo lo que requiere en el momento del \u00f3bito de forma muy completa. La Caixa tiene uno de los servicios funerarios m\u00e1s reconocidos, debido a la agilidad, trato profesional y posibilidades de mayor calidad. Las coberturas que contienen es como una de la selecci\u00f3n de entierro, si de esta forma lo ha escogido el familiar o el asegurado, cuenta con la cobertura de todos los tr\u00e1mites que se hagan cuando ocurre el \u00f3bito. La cobertura entra a funcionar desde el momento que se genera la muerte de un asegurado, y los familiares llaman al 902 de 24 horas del servicio de asistencia de La Caixa y desde ese instante se gestiona el deceso acorde a los gustos y costumbres de los familiares, en sus solicitudes se amoldara el servicio en todo lo que es posible y en el presupuesto del capital asegurado. Para conseguir la informaci\u00f3n m\u00e1s completa y detallada sobre las coberturas del seguro de decesos de prima nivelada de La Caixa, con iDecesos contaras con esa ventaja de ver toda el beneficio de ver toda la informaci\u00f3n de una manera m\u00e1s detallada y completa, cada producto explicado y de las que mejor se adaptaran a ti. <\/p>\n<p><\/div><\/div><\/div>\n<h3><span class=\"ez-toc-section\" id=\"%C2%BFA_quien_va_dirigido_el_seguro_de_decesos_Prima_Nivelada_de_La_Caixa\"><\/span>\u00bfA qui\u00e9n va dirigido el seguro de decesos Prima Nivelada de La Caixa?<span class=\"ez-toc-section-end\"><\/span><\/h3>\n<p>Es cierto que cuando se llega a una edad muy avanzada hay que evitar que suban el coste del seguro para que despu\u00e9s no te coja por sorpresa en el momento de realizar los pagos de las cuotas, con el seguro seguro de prima nivelada La Caixa , da esa serenidad que se busca en esas edades. En algunos casos se da por generaci\u00f3n familiar han contratado este g\u00e9nero de seguro a lo largo de una saga continuada por este motivo que tambi\u00e9n adquieren el seguro de decesos de prima nivelada La Caixa como lo han percibido a lo largo de vida con sus progenitores. <\/p>\n<div class=\"colorf \"  ><div class=\"container clearfix\"><div class=\"col-md-7\"><\/p>\n<h2><span class=\"ez-toc-section\" id=\"Precio_de_seguro_de_decesos_Prima_Nivelada_La_Caixa\"><\/span>Precio de seguro de decesos Prima Nivelada La Caixa<span class=\"ez-toc-section-end\"><\/span><\/h2>\n<p>El precio en el que se halla ya el seguro de prima nivelada La Caixa es 5 euros mensualmente, tomando en cuenta siempre y en toda circunstancia la edad del contratante en La Caixa, as\u00ed como la localidad. En La Caixa incluyen todos los descuentos disponibles dejando el precio de una forma mucho m\u00e1s accesible en el momento de realizar los pagos. El seguro de prima nivelada de La Caixa da muchas facilidades a sus clientes a la hora de efectuar los pagos, siendo de forma mensual, trimestral, semestral o bien anual. Con iDecesos conseguir\u00e1s obtener la tarifa m\u00e1s incre\u00edble entre los seguros de prima nivelada La Caixa as\u00ed vas a conocer si era el m\u00e1s asequible dentro de las diferentes compa\u00f1\u00edas aseguradoras, en menos de 1 minuto. <\/p>\n<p><\/div><\/div><\/div>\n<h2><span class=\"ez-toc-section\" id=\"Productos_Prima_Nivelada_La_Caixa\"><\/span>Productos Prima Nivelada La Caixa<span class=\"ez-toc-section-end\"><\/span><\/h2>\n<div class=\"colorf\"><div class=\"container clearfix\"><div class=\"col-md-7\"><div class=\"opiniones\">\n<h2><span class=\"ez-toc-section\" id=\"Opiniones_del_seguro_de_decesos_de_Prima_Nivelada_de_La_Caixa\"><\/span>Opiniones del seguro de decesos de Prima Nivelada de La Caixa<span class=\"ez-toc-section-end\"><\/span><\/h2>\n<p>Miguel D\u00edaz: No ten\u00eda clar\u00edsimo si esta p\u00f3liza era la conveniente para mi, por lo que acudi a una de sus oficinas, donde me atendieron personalizadamente resolviendo todas y cada una mis cuestiones al respecto, qued\u00e9 muy contento me lo explicaron detalladamente, por lo que realice la contrataci\u00f3n puesto que se adapta con perfecci\u00f3n a mi necesidades y a m\u00ed circunstancias. Adem\u00e1s de esto cuentan con muchas soluciones en el momento de que ocurra alg\u00fan inconveniente. Por lo que se debe de dar la importancia a final de cuentas. <\/p>\n<div class=\"opinion \"  >\n\t\t\t<div class=\"cabecera_opinion\">\n\t\t\t\t<div class=\"avatar\">H R <\/div>\n\t\t\t\t<div class=\"datos_opinion\">\n\t\t\t\t\t<div class=\"nombre_opinion\">Hugo Rold\u00e1n<\/div>\n\t\t\t\t\t<div class=\"info_opinion\">\t\t\t\t\t\t\n\t\t\t\t\t\t<div class=\"cuenta_opinion\"><i class=\"fas fa-pencil-alt\"><\/i><!--span class=\"dashicons dashicons-edit\" style=\"font-size:20px\"><\/span--><span>1 Opini\u00f3n<\/span><\/div>\t\t\t\t\t\t\n\t\t\t\t\t\t<div class=\"localizacion_opinion\">\n\t\t\t\t\t\t\t<i class=\"fas fa-map-marker-alt\"><\/i><!--span class=\"dashicons dashicons-location\" style=\"font-size:20px\"><\/span-->\n\t\t\t\t\t\t\t<span>ES<\/span>\n\t\t\t\t\t\t<\/div>\t\n\t\t\t\t\t<\/div>\n\t\t\t\t<\/div>\n\t\t\t<\/div><div class=\"texto_opinion\"><\/p>\n<p>Para mi punto de opini\u00f3n considero que La Caixa con el seguro de prima nivelada es muy recomendable, cuentan con unas coberturas ampl\u00edsimas, uno de sus aconsejes me realiz\u00f3 un presupuesto \u00fanico y recordable, contando que siempre y en todo momento es exactamente la misma tarifa quede muy contenta tanto con el servicio como todo cuanto me brinda La Caixa, quiero agregar que toda mi familia cuenta con esta aseguradora. <\/p>\n<p><\/div><\/div>\n<div class=\"opinion \"  >\n\t\t\t<div class=\"cabecera_opinion\">\n\t\t\t\t<div class=\"avatar\">B A <\/div>\n\t\t\t\t<div class=\"datos_opinion\">\n\t\t\t\t\t<div class=\"nombre_opinion\">Bruno Adadia<\/div>\n\t\t\t\t\t<div class=\"info_opinion\">\t\t\t\t\t\t\n\t\t\t\t\t\t<div class=\"cuenta_opinion\"><i class=\"fas fa-pencil-alt\"><\/i><!--span class=\"dashicons dashicons-edit\" style=\"font-size:20px\"><\/span--><span>1 Opini\u00f3n<\/span><\/div>\t\t\t\t\t\t\n\t\t\t\t\t\t<div class=\"localizacion_opinion\">\n\t\t\t\t\t\t\t<i class=\"fas fa-map-marker-alt\"><\/i><!--span class=\"dashicons dashicons-location\" style=\"font-size:20px\"><\/span-->\n\t\t\t\t\t\t\t<span>ES<\/span>\n\t\t\t\t\t\t<\/div>\t\n\t\t\t\t\t<\/div>\n\t\t\t\t<\/div>\n\t\t\t<\/div><div class=\"texto_opinion\"><\/p>\n<p>Para mi punto de opini\u00f3n considero que La Caixa con el seguro de prima nivelada es muy aconsejable, cuentan con unas coberturas muy amplias, uno de sus asesores me efectu\u00f3 un presupuesto \u00fanico y recordable, contando que siempre y en toda circunstancia es exactamente la misma tarifa quede muy contenta tanto con el servicio como todo cuanto me ofrece La Caixa, deseo incorporar que mi familia cuenta con esta aseguradora. <\/p>\n<p><\/div><\/div>\n<div class=\"opinion \"  >\n\t\t\t<div class=\"cabecera_opinion\">\n\t\t\t\t<div class=\"avatar\">L T <\/div>\n\t\t\t\t<div class=\"datos_opinion\">\n\t\t\t\t\t<div class=\"nombre_opinion\">Luc\u00eda Tamarit<\/div>\n\t\t\t\t\t<div class=\"info_opinion\">\t\t\t\t\t\t\n\t\t\t\t\t\t<div class=\"cuenta_opinion\"><i class=\"fas fa-pencil-alt\"><\/i><!--span class=\"dashicons dashicons-edit\" style=\"font-size:20px\"><\/span--><span>1 Opini\u00f3n<\/span><\/div>\t\t\t\t\t\t\n\t\t\t\t\t\t<div class=\"localizacion_opinion\">\n\t\t\t\t\t\t\t<i class=\"fas fa-map-marker-alt\"><\/i><!--span class=\"dashicons dashicons-location\" style=\"font-size:20px\"><\/span-->\n\t\t\t\t\t\t\t<span>ES<\/span>\n\t\t\t\t\t\t<\/div>\t\n\t\t\t\t\t<\/div>\n\t\t\t\t<\/div>\n\t\t\t<\/div><div class=\"texto_opinion\"><\/p>\n<p>Cuando realice el contrato de prima nivelada de La Caixa adem\u00e1s de esto de que sus coberturas son muy resaltables, me asistieron en todo el proceso,  lo realice de manera telef\u00f3nica, ya que me resultaba mucho m\u00e1s sencillo hacer la contrataci\u00f3n. Te lo recomiendo 100 por cien . <\/p>\n<p><\/div><\/div>\n<\/div><\/div><\/div><\/div>\n<p><div class=\"oficinas\"><br \/>\n<h3><span class=\"ez-toc-section\" id=\"Paginas_relacionadas\"><\/span>P\u00e1ginas relacionadas<span class=\"ez-toc-section-end\"><\/span><\/h3><div class=\"enlazado\"><ul> <li><a href=\"https:\/\/idecesos.com\/seguros\/companias\/la-caixa\/opiniones\/\">Opiniones La Caixa<\/a><\/li> <li><a href=\"https:\/\/idecesos.com\/seguros\/companias\/la-caixa\/precio\/\">Precio seguro La Caixa<\/a><\/li> <li><a href=\"https:\/\/idecesos.com\/seguros\/companias\/la-caixa\/prima-mixta\/\">La Caixa Prima Mixta<\/a><\/li> <li><a href=\"https:\/\/idecesos.com\/seguros\/companias\/la-caixa\/prima-natural\/\">La Caixa Prima Natural<\/a><\/li> <li><a href=\"https:\/\/idecesos.com\/seguros\/companias\/la-caixa\/prima-nivelada\/\">La Caixa Prima Nivelada<\/a><\/li> <li><a href=\"https:\/\/idecesos.com\/seguros\/companias\/la-caixa\/prima-unica\/\">La Caixa Prima \u00danica<\/a><\/li> <li><a href=\"https:\/\/idecesos.com\/seguros\/companias\/la-caixa\/repatriacion\/\">La Caixa Repatriaci\u00f3n \u25b7Opiniones y Precio seguro<\/a><\/li> <li><a href=\"https:\/\/idecesos.com\/seguros\/companias\/la-caixa\/telefono\/\">Tel\u00e9fono Gratuito La Caixa<\/a><\/li><\/ul><\/div><\/p>\n<\/div>\n","protected":false},"excerpt":{"rendered":"<p>El seguro de decesos de prima nivelada La Caixa se identifica por ser una tipolog\u00eda en la que el precio del seguro permanece incesante y se aplica a la suma asegurada el servicio f\u00fanebre que se ha contratado en el inicio del seguro. La que m\u00e1s optan a contratar es la p\u00f3liza de prima nivelada&hellip; <\/p>\n","protected":false},"author":3,"featured_media":0,"parent":390,"menu_order":0,"comment_status":"closed","ping_status":"closed","template":"single.php","meta":{"footnotes":""},"class_list":["post-11223","page","type-page","status-publish","hentry"],"yoast_head":"<!-- This site is optimized with the Yoast SEO plugin v27.4 - https:\/\/yoast.com\/product\/yoast-seo-wordpress\/ -->\n<title>Seguro Decesos La Caixa Prima Nivelada \u25b7 Opiniones y Precio 2026<\/title>\n<meta name=\"description\" content=\"Click aqu\u00ed \u3010Seguro de Decesos Prima Nivelada La Caixa\u3011 Mejores precios La Caixa seguro de fallecidos Prima Nivelada \u2611\ufe0f Actualizado por iDecesos\u00ae\" \/>\n<meta name=\"robots\" content=\"index, follow, max-snippet:-1, max-image-preview:large, max-video-preview:-1\" \/>\n<link rel=\"canonical\" href=\"https:\/\/idecesos.com\/seguros\/companias\/la-caixa\/prima-nivelada\/\" \/>\n<meta property=\"og:locale\" content=\"es_ES\" \/>\n<meta property=\"og:type\" content=\"article\" \/>\n<meta property=\"og:title\" content=\"Seguro Decesos La Caixa Prima Nivelada \u25b7 Opiniones y Precio 2026\" \/>\n<meta property=\"og:description\" content=\"Click aqu\u00ed \u3010Seguro de Decesos Prima Nivelada La Caixa\u3011 Mejores precios La Caixa seguro de fallecidos Prima Nivelada \u2611\ufe0f Actualizado por iDecesos\u00ae\" \/>\n<meta property=\"og:url\" content=\"https:\/\/idecesos.com\/seguros\/companias\/la-caixa\/prima-nivelada\/\" \/>\n<meta property=\"article:modified_time\" content=\"2022-01-03T12:31:02+00:00\" \/>\n<meta name=\"twitter:card\" content=\"summary_large_image\" \/>\n<meta name=\"twitter:label1\" content=\"Tiempo de lectura\" \/>\n\t<meta name=\"twitter:data1\" content=\"57 minutos\" \/>\n<script type=\"application\/ld+json\" class=\"yoast-schema-graph\">{\"@context\":\"https:\\\/\\\/schema.org\",\"@graph\":[{\"@type\":\"WebPage\",\"@id\":\"https:\\\/\\\/idecesos.com\\\/seguros\\\/companias\\\/la-caixa\\\/prima-nivelada\\\/\",\"url\":\"https:\\\/\\\/idecesos.com\\\/seguros\\\/companias\\\/la-caixa\\\/prima-nivelada\\\/\",\"name\":\"Seguro Decesos La Caixa Prima Nivelada \u25b7 Opiniones y Precio 2026\",\"isPartOf\":{\"@id\":\"https:\\\/\\\/idecesos.com\\\/seguros\\\/#website\"},\"datePublished\":\"2021-10-26T13:49:30+00:00\",\"dateModified\":\"2022-01-03T12:31:02+00:00\",\"description\":\"Click aqu\u00ed \u3010Seguro de Decesos Prima Nivelada La Caixa\u3011 Mejores precios La Caixa seguro de fallecidos Prima Nivelada \u2611\ufe0f Actualizado por iDecesos\u00ae\",\"breadcrumb\":{\"@id\":\"https:\\\/\\\/idecesos.com\\\/seguros\\\/companias\\\/la-caixa\\\/prima-nivelada\\\/#breadcrumb\"},\"inLanguage\":\"es\",\"potentialAction\":[{\"@type\":\"ReadAction\",\"target\":[\"https:\\\/\\\/idecesos.com\\\/seguros\\\/companias\\\/la-caixa\\\/prima-nivelada\\\/\"]}]},{\"@type\":\"BreadcrumbList\",\"@id\":\"https:\\\/\\\/idecesos.com\\\/seguros\\\/companias\\\/la-caixa\\\/prima-nivelada\\\/#breadcrumb\",\"itemListElement\":[{\"@type\":\"ListItem\",\"position\":1,\"name\":\"Portada\",\"item\":\"https:\\\/\\\/idecesos.com\\\/seguros\\\/\"},{\"@type\":\"ListItem\",\"position\":2,\"name\":\"Compa\u00f1\u00edas de Seguros de Decesos en Espa\u00f1a\",\"item\":\"https:\\\/\\\/idecesos.com\\\/seguros\\\/companias\\\/\"},{\"@type\":\"ListItem\",\"position\":3,\"name\":\"Seguro de decesos La Caixa\",\"item\":\"https:\\\/\\\/idecesos.com\\\/seguros\\\/companias\\\/la-caixa\\\/\"},{\"@type\":\"ListItem\",\"position\":4,\"name\":\"Seguro de decesos La Caixa Prima Nivelada\"}]},{\"@type\":\"WebSite\",\"@id\":\"https:\\\/\\\/idecesos.com\\\/seguros\\\/#website\",\"url\":\"https:\\\/\\\/idecesos.com\\\/seguros\\\/\",\"name\":\"\",\"description\":\"\",\"potentialAction\":[{\"@type\":\"SearchAction\",\"target\":{\"@type\":\"EntryPoint\",\"urlTemplate\":\"https:\\\/\\\/idecesos.com\\\/seguros\\\/?s={search_term_string}\"},\"query-input\":{\"@type\":\"PropertyValueSpecification\",\"valueRequired\":true,\"valueName\":\"search_term_string\"}}],\"inLanguage\":\"es\"}]}<\/script>\n<!-- \/ Yoast SEO plugin. -->","yoast_head_json":{"title":"Seguro Decesos La Caixa Prima Nivelada \u25b7 Opiniones y Precio 2026","description":"Click aqu\u00ed \u3010Seguro de Decesos Prima Nivelada La Caixa\u3011 Mejores precios La Caixa seguro de fallecidos Prima Nivelada \u2611\ufe0f Actualizado por iDecesos\u00ae","robots":{"index":"index","follow":"follow","max-snippet":"max-snippet:-1","max-image-preview":"max-image-preview:large","max-video-preview":"max-video-preview:-1"},"canonical":"https:\/\/idecesos.com\/seguros\/companias\/la-caixa\/prima-nivelada\/","og_locale":"es_ES","og_type":"article","og_title":"Seguro Decesos La Caixa Prima Nivelada \u25b7 Opiniones y Precio 2026","og_description":"Click aqu\u00ed \u3010Seguro de Decesos Prima Nivelada La Caixa\u3011 Mejores precios La Caixa seguro de fallecidos Prima Nivelada \u2611\ufe0f Actualizado por iDecesos\u00ae","og_url":"https:\/\/idecesos.com\/seguros\/companias\/la-caixa\/prima-nivelada\/","article_modified_time":"2022-01-03T12:31:02+00:00","twitter_card":"summary_large_image","twitter_misc":{"Tiempo de lectura":"57 minutos"},"schema":{"@context":"https:\/\/schema.org","@graph":[{"@type":"WebPage","@id":"https:\/\/idecesos.com\/seguros\/companias\/la-caixa\/prima-nivelada\/","url":"https:\/\/idecesos.com\/seguros\/companias\/la-caixa\/prima-nivelada\/","name":"Seguro Decesos La Caixa Prima Nivelada \u25b7 Opiniones y Precio 2026","isPartOf":{"@id":"https:\/\/idecesos.com\/seguros\/#website"},"datePublished":"2021-10-26T13:49:30+00:00","dateModified":"2022-01-03T12:31:02+00:00","description":"Click aqu\u00ed \u3010Seguro de Decesos Prima Nivelada La Caixa\u3011 Mejores precios La Caixa seguro de fallecidos Prima Nivelada \u2611\ufe0f Actualizado por iDecesos\u00ae","breadcrumb":{"@id":"https:\/\/idecesos.com\/seguros\/companias\/la-caixa\/prima-nivelada\/#breadcrumb"},"inLanguage":"es","potentialAction":[{"@type":"ReadAction","target":["https:\/\/idecesos.com\/seguros\/companias\/la-caixa\/prima-nivelada\/"]}]},{"@type":"BreadcrumbList","@id":"https:\/\/idecesos.com\/seguros\/companias\/la-caixa\/prima-nivelada\/#breadcrumb","itemListElement":[{"@type":"ListItem","position":1,"name":"Portada","item":"https:\/\/idecesos.com\/seguros\/"},{"@type":"ListItem","position":2,"name":"Compa\u00f1\u00edas de Seguros de Decesos en Espa\u00f1a","item":"https:\/\/idecesos.com\/seguros\/companias\/"},{"@type":"ListItem","position":3,"name":"Seguro de decesos La Caixa","item":"https:\/\/idecesos.com\/seguros\/companias\/la-caixa\/"},{"@type":"ListItem","position":4,"name":"Seguro de decesos La Caixa Prima Nivelada"}]},{"@type":"WebSite","@id":"https:\/\/idecesos.com\/seguros\/#website","url":"https:\/\/idecesos.com\/seguros\/","name":"","description":"","potentialAction":[{"@type":"SearchAction","target":{"@type":"EntryPoint","urlTemplate":"https:\/\/idecesos.com\/seguros\/?s={search_term_string}"},"query-input":{"@type":"PropertyValueSpecification","valueRequired":true,"valueName":"search_term_string"}}],"inLanguage":"es"}]}},"_links":{"self":[{"href":"https:\/\/idecesos.com\/seguros\/wp-json\/wp\/v2\/pages\/11223","targetHints":{"allow":["GET"]}}],"collection":[{"href":"https:\/\/idecesos.com\/seguros\/wp-json\/wp\/v2\/pages"}],"about":[{"href":"https:\/\/idecesos.com\/seguros\/wp-json\/wp\/v2\/types\/page"}],"author":[{"embeddable":true,"href":"https:\/\/idecesos.com\/seguros\/wp-json\/wp\/v2\/users\/3"}],"replies":[{"embeddable":true,"href":"https:\/\/idecesos.com\/seguros\/wp-json\/wp\/v2\/comments?post=11223"}],"version-history":[{"count":2,"href":"https:\/\/idecesos.com\/seguros\/wp-json\/wp\/v2\/pages\/11223\/revisions"}],"predecessor-version":[{"id":12802,"href":"https:\/\/idecesos.com\/seguros\/wp-json\/wp\/v2\/pages\/11223\/revisions\/12802"}],"up":[{"embeddable":true,"href":"https:\/\/idecesos.com\/seguros\/wp-json\/wp\/v2\/pages\/390"}],"wp:attachment":[{"href":"https:\/\/idecesos.com\/seguros\/wp-json\/wp\/v2\/media?parent=11223"}],"curies":[{"name":"wp","href":"https:\/\/api.w.org\/{rel}","templated":true}]}}