{"id":11226,"date":"2021-10-28T00:00:00","date_gmt":"2021-10-26T13:49:35","guid":{"rendered":"https:\/\/idecesos.com\/seguros\/companias\/la-caixa\/prima-mixta\/"},"modified":"2022-01-03T12:31:02","modified_gmt":"2022-01-03T12:31:02","slug":"prima-mixta","status":"publish","type":"page","link":"https:\/\/idecesos.com\/seguros\/companias\/la-caixa\/prima-mixta\/","title":{"rendered":"Seguro de decesos La Caixa Prima Mixta"},"content":{"rendered":"<div id=\"ez-toc-container\" class=\"ez-toc-v2_0_82_2 ez-toc-wrap-center counter-hierarchy ez-toc-counter ez-toc-custom ez-toc-container-direction\">\n<div class=\"ez-toc-title-container\">\n<p class=\"ez-toc-title\" style=\"cursor:inherit\">Tabla de Contenido<\/p>\n<span class=\"ez-toc-title-toggle\"><a href=\"#\" class=\"ez-toc-pull-right ez-toc-btn ez-toc-btn-xs ez-toc-btn-default ez-toc-toggle\" aria-label=\"Alternar tabla de contenidos\"><span class=\"ez-toc-js-icon-con\"><span class=\"\"><span class=\"eztoc-hide\" style=\"display:none;\">Toggle<\/span><span class=\"ez-toc-icon-toggle-span\"><svg style=\"fill: #db6415;color:#db6415\" xmlns=\"http:\/\/www.w3.org\/2000\/svg\" class=\"list-377408\" width=\"20px\" height=\"20px\" viewBox=\"0 0 24 24\" fill=\"none\"><path d=\"M6 6H4v2h2V6zm14 0H8v2h12V6zM4 11h2v2H4v-2zm16 0H8v2h12v-2zM4 16h2v2H4v-2zm16 0H8v2h12v-2z\" fill=\"currentColor\"><\/path><\/svg><svg style=\"fill: #db6415;color:#db6415\" class=\"arrow-unsorted-368013\" xmlns=\"http:\/\/www.w3.org\/2000\/svg\" width=\"10px\" height=\"10px\" viewBox=\"0 0 24 24\" version=\"1.2\" baseProfile=\"tiny\"><path d=\"M18.2 9.3l-6.2-6.3-6.2 6.3c-.2.2-.3.4-.3.7s.1.5.3.7c.2.2.4.3.7.3h11c.3 0 .5-.1.7-.3.2-.2.3-.5.3-.7s-.1-.5-.3-.7zM5.8 14.7l6.2 6.3 6.2-6.3c.2-.2.3-.5.3-.7s-.1-.5-.3-.7c-.2-.2-.4-.3-.7-.3h-11c-.3 0-.5.1-.7.3-.2.2-.3.5-.3.7s.1.5.3.7z\"\/><\/svg><\/span><\/span><\/span><\/a><\/span><\/div>\n<nav><ul class='ez-toc-list ez-toc-list-level-1 ' ><li class='ez-toc-page-1 ez-toc-heading-level-2'><a class=\"ez-toc-link ez-toc-heading-1\" href=\"https:\/\/idecesos.com\/seguros\/companias\/la-caixa\/prima-mixta\/#Coberturas_seguro_Prima_Mixta_La_Caixa\" >Coberturas seguro Prima Mixta La Caixa<\/a><ul class='ez-toc-list-level-3' ><li class='ez-toc-heading-level-3'><a class=\"ez-toc-link ez-toc-heading-2\" href=\"https:\/\/idecesos.com\/seguros\/companias\/la-caixa\/prima-mixta\/#%C2%BFA_quien_va_dirigido_el_seguro_de_decesos_Prima_Mixta_de_La_Caixa\" >\u00bfA qui\u00e9n va dirigido el seguro de decesos Prima Mixta de La Caixa?<\/a><\/li><\/ul><\/li><li class='ez-toc-page-1 ez-toc-heading-level-2'><a class=\"ez-toc-link ez-toc-heading-3\" href=\"https:\/\/idecesos.com\/seguros\/companias\/la-caixa\/prima-mixta\/#Precio_de_seguro_de_decesos_Prima_Mixta_La_Caixa\" >Precio de seguro de decesos Prima Mixta La Caixa<\/a><\/li><li class='ez-toc-page-1 ez-toc-heading-level-2'><a class=\"ez-toc-link ez-toc-heading-4\" href=\"https:\/\/idecesos.com\/seguros\/companias\/la-caixa\/prima-mixta\/#Productos_Prima_Mixta_La_Caixa\" >Productos Prima Mixta La Caixa<\/a><\/li><li class='ez-toc-page-1 ez-toc-heading-level-2'><a class=\"ez-toc-link ez-toc-heading-5\" href=\"https:\/\/idecesos.com\/seguros\/companias\/la-caixa\/prima-mixta\/#Opiniones_del_seguro_de_decesos_de_Prima_Mixta_de_La_Caixa\" >Opiniones del seguro de decesos de Prima Mixta de La Caixa<\/a><ul class='ez-toc-list-level-3' ><li class='ez-toc-heading-level-3'><a class=\"ez-toc-link ez-toc-heading-6\" href=\"https:\/\/idecesos.com\/seguros\/companias\/la-caixa\/prima-mixta\/#Paginas_relacionadas\" >P\u00e1ginas relacionadas<\/a><\/li><\/ul><\/li><\/ul><\/nav><\/div>\n\n<p>La Caixa seguro de decesos de prima mixta es la combinaci\u00f3n perfecta entre su prima natural y la prima nivelada. Hasta el momento en que no se llega a una cierta edad no se nivela el vencimiento de la p\u00f3liza, por lo que cuando se es joven puede resultar m\u00e1s econ\u00f3mico. <\/p>\n<p>Leer m\u00e1s: <a href=\"https:\/\/idecesos.com\/seguros\/tipo\/mixta\/\">Seguro de decesos Prima Mixta<\/a><\/p>\n<div class=\"colorf \"  ><div class=\"container clearfix\"><div class=\"col-md-7\"><\/p>\n<h2><span class=\"ez-toc-section\" id=\"Coberturas_seguro_Prima_Mixta_La_Caixa\"><\/span>Coberturas seguro Prima Mixta La Caixa<span class=\"ez-toc-section-end\"><\/span><\/h2>\n<p>Dentro del seguro de decesos de prima mixta de La Caixa los clientes del servicio es m\u00e1s usual que se pregunte qu\u00e9 cubre, por lo que en el seguro de decesos prima mixta La Caixa aparte de contar con las coberturas b\u00e1sicas y precisas, frente al sepelio estaria todo cubierto, gesti\u00f3n de documentaci\u00f3n, traslado, flores,esquelas entre otros. Adem\u00e1s tiene coberturas a\u00f1adidas el seguro de prima mixta La Caixa que pueden los asegurados usar de manera gratuita y que son de gran utilidad para la vida por lo general. Con iDecesos lograr\u00e1s conocer todo en detalle del seguro de decesos de prima mixta de La Caixa vas a poder efectuar las comparaciones precisas y conocer las coberturas que te interesan m\u00e1s. Para darte con exactitud las coberturas que tendr\u00edas, es preciso indicar tu edad y tu localidad a fin de que sea una busca m\u00e1s espec\u00edfica del seguro de decesos de prima \u00abmixta\u00bb. Cada compa\u00f1\u00eda cuenta con diferentes condiciones, m\u00e1s en la aseguradora La Caixa es de las especialistas en seguro de decesos de prima mixta donde de la los mejores servicios de calidad en el caso de sobrar el capital del asegurado se va a repartir a los familiares, vas a poder observar en detalle las condiciones de La Caixa de prima mixta. <\/p>\n<p><\/div><\/div><\/div>\n<h3><span class=\"ez-toc-section\" id=\"%C2%BFA_quien_va_dirigido_el_seguro_de_decesos_Prima_Mixta_de_La_Caixa\"><\/span>\u00bfA qui\u00e9n va dirigido el seguro de decesos Prima Mixta de La Caixa?<span class=\"ez-toc-section-end\"><\/span><\/h3>\n<p>El seguro que m\u00e1s se puede favorecer de un bajo coste es el seguro de prima mixta La Caixa siempre que cumpla con los requisitos de estar alrededor de los 50 a\u00f1os o m\u00e1s. En contraste a la prima nivelada. Cada usuario que pertenezca a la p\u00f3liza de prima mixta La Caixa cuenta con el beneficio de combinaci\u00f3n de prima natural y nivelada. <\/p>\n<div class=\"colorf \"  ><div class=\"container clearfix\"><div class=\"col-md-7\"><\/p>\n<h2><span class=\"ez-toc-section\" id=\"Precio_de_seguro_de_decesos_Prima_Mixta_La_Caixa\"><\/span>Precio de seguro de decesos Prima Mixta La Caixa<span class=\"ez-toc-section-end\"><\/span><\/h2>\n<p>Para llevar el c\u00e1lculo y sea conveniente, es necesario contar con el seguro de decesos de prima mixta de La Caixa su precio es desde 2,05\u20ac. En los diferentes costes que se pueden optar en el mercado, resalta el precio en La Caixa siendo la m\u00e1s asequible y dando las mejores posibilidades ante las coberturas. iDecesos tu aliado para conseguir el mejor precio del mercado, podr\u00e1s realizar las diferentes comparaciones respecto al de La Caixa. Solo tienes que incluir los datos para efectuar el c\u00e1lculo para tu p\u00f3liza ideal. <\/p>\n<p><\/div><\/div><\/div>\n<h2><span class=\"ez-toc-section\" id=\"Productos_Prima_Mixta_La_Caixa\"><\/span>Productos Prima Mixta La Caixa<span class=\"ez-toc-section-end\"><\/span><\/h2>\n<div class=\"colorf\"><div class=\"container clearfix\"><div class=\"col-md-7\"><div class=\"opiniones\">\n<h2><span class=\"ez-toc-section\" id=\"Opiniones_del_seguro_de_decesos_de_Prima_Mixta_de_La_Caixa\"><\/span>Opiniones del seguro de decesos de Prima Mixta de La Caixa<span class=\"ez-toc-section-end\"><\/span><\/h2>\n<p>La prima mixta de La Caixa es de las que mejor opinan tienen dentro de iDecesos, puesto que est\u00e1n de manera filtrada y son clasificadas por especialistas. Esta valoraci\u00f3n tan buena es debido a que el producto es muy equilibrado, con un precio muy econ\u00f3mico y coberturas y servicios de gran calidad. Adem\u00e1s de esto, todo esta garantizado por una compa\u00f1\u00eda aseguradora de qu\u00e9 manera es La Caixa que re\u00fane todos y cada uno de los niveles de exigencia de calidad de la Direcci\u00f3n General de Seguros (D. G. S.)<\/p>\n<div class=\"opinion \"  >\n\t\t\t<div class=\"cabecera_opinion\">\n\t\t\t\t<div class=\"avatar\">H B <\/div>\n\t\t\t\t<div class=\"datos_opinion\">\n\t\t\t\t\t<div class=\"nombre_opinion\">Hilda Blanca<\/div>\n\t\t\t\t\t<div class=\"info_opinion\">\t\t\t\t\t\t\n\t\t\t\t\t\t<div class=\"cuenta_opinion\"><i class=\"fas fa-pencil-alt\"><\/i><!--span class=\"dashicons dashicons-edit\" style=\"font-size:20px\"><\/span--><span>1 Opini\u00f3n<\/span><\/div>\t\t\t\t\t\t\n\t\t\t\t\t\t<div class=\"localizacion_opinion\">\n\t\t\t\t\t\t\t<i class=\"fas fa-map-marker-alt\"><\/i><!--span class=\"dashicons dashicons-location\" style=\"font-size:20px\"><\/span-->\n\t\t\t\t\t\t\t<span>ES<\/span>\n\t\t\t\t\t\t<\/div>\t\n\t\t\t\t\t<\/div>\n\t\t\t\t<\/div>\n\t\t\t<\/div><div class=\"texto_opinion\"><\/p>\n<p>Si todav\u00eda tienes dudas de como seleccionar, con La Caixa vas a contar con muchas ventajas si todav\u00eda eres joven, en tanto que sus tarifas van muy amoldados a esas edades, por ello sin ning\u00fan g\u00e9nero de dudas no deber\u00edas pensarlo tanto, aparte de estar con ellos muchos a\u00f1os me dieron las mejores coberturas que hay en el mercado, mas debes conocer que una vez vaya aumentando los a\u00f1os, va en desarrollo el precio de La Caixa puesto que estiman que puede haber m\u00e1s riesgo en edades mayores.<\/p>\n<p><\/div><\/div>\n<div class=\"opinion \"  >\n\t\t\t<div class=\"cabecera_opinion\">\n\t\t\t\t<div class=\"avatar\">A A <\/div>\n\t\t\t\t<div class=\"datos_opinion\">\n\t\t\t\t\t<div class=\"nombre_opinion\">Apolinar Ayala<\/div>\n\t\t\t\t\t<div class=\"info_opinion\">\t\t\t\t\t\t\n\t\t\t\t\t\t<div class=\"cuenta_opinion\"><i class=\"fas fa-pencil-alt\"><\/i><!--span class=\"dashicons dashicons-edit\" style=\"font-size:20px\"><\/span--><span>1 Opini\u00f3n<\/span><\/div>\t\t\t\t\t\t\n\t\t\t\t\t\t<div class=\"localizacion_opinion\">\n\t\t\t\t\t\t\t<i class=\"fas fa-map-marker-alt\"><\/i><!--span class=\"dashicons dashicons-location\" style=\"font-size:20px\"><\/span-->\n\t\t\t\t\t\t\t<span>ES<\/span>\n\t\t\t\t\t\t<\/div>\t\n\t\t\t\t\t<\/div>\n\t\t\t\t<\/div>\n\t\t\t<\/div><div class=\"texto_opinion\"><\/p>\n<p>Tengo despu\u00e9s de la muerte de mi madre, tengo la mejor opini\u00f3n del seguro de decesos de prima Mixta de La Caixa, porque nos trataron de forma deliciosa y profesional.<\/p>\n<p><\/div><\/div>\n<div class=\"opinion \"  >\n\t\t\t<div class=\"cabecera_opinion\">\n\t\t\t\t<div class=\"avatar\">A R <\/div>\n\t\t\t\t<div class=\"datos_opinion\">\n\t\t\t\t\t<div class=\"nombre_opinion\">\u00c1gueda Riquelme<\/div>\n\t\t\t\t\t<div class=\"info_opinion\">\t\t\t\t\t\t\n\t\t\t\t\t\t<div class=\"cuenta_opinion\"><i class=\"fas fa-pencil-alt\"><\/i><!--span class=\"dashicons dashicons-edit\" style=\"font-size:20px\"><\/span--><span>1 Opini\u00f3n<\/span><\/div>\t\t\t\t\t\t\n\t\t\t\t\t\t<div class=\"localizacion_opinion\">\n\t\t\t\t\t\t\t<i class=\"fas fa-map-marker-alt\"><\/i><!--span class=\"dashicons dashicons-location\" style=\"font-size:20px\"><\/span-->\n\t\t\t\t\t\t\t<span>ES<\/span>\n\t\t\t\t\t\t<\/div>\t\n\t\t\t\t\t<\/div>\n\t\t\t\t<\/div>\n\t\t\t<\/div><div class=\"texto_opinion\"><\/p>\n<p>Muchos de mis conocidos me recomendaron La Caixa y decid\u00ed realizar la contrataci\u00f3n con ellos, adem\u00e1s de que me asesoraron al detalle me dieron toda la informaci\u00f3n que necesitaba saber, as\u00ed como un presupuesto adaptado para mi, con lo que su tarifa fue una de los principales motivos por el que escog\u00ed esta La Caixa.<\/p>\n<p><\/div><\/div>\n<\/div><\/div><\/div><\/div>\n<p><div class=\"oficinas\"><br \/>\n<h3><span class=\"ez-toc-section\" id=\"Paginas_relacionadas\"><\/span>P\u00e1ginas relacionadas<span class=\"ez-toc-section-end\"><\/span><\/h3><div class=\"enlazado\"><ul> <li><a href=\"https:\/\/idecesos.com\/seguros\/companias\/la-caixa\/opiniones\/\">Opiniones La Caixa<\/a><\/li> <li><a href=\"https:\/\/idecesos.com\/seguros\/companias\/la-caixa\/precio\/\">Precio seguro La Caixa<\/a><\/li> <li><a href=\"https:\/\/idecesos.com\/seguros\/companias\/la-caixa\/prima-mixta\/\">La Caixa Prima Mixta<\/a><\/li> <li><a href=\"https:\/\/idecesos.com\/seguros\/companias\/la-caixa\/prima-natural\/\">La Caixa Prima Natural<\/a><\/li> <li><a href=\"https:\/\/idecesos.com\/seguros\/companias\/la-caixa\/prima-nivelada\/\">La Caixa Prima Nivelada<\/a><\/li> <li><a href=\"https:\/\/idecesos.com\/seguros\/companias\/la-caixa\/prima-unica\/\">La Caixa Prima \u00danica<\/a><\/li> <li><a href=\"https:\/\/idecesos.com\/seguros\/companias\/la-caixa\/repatriacion\/\">La Caixa Repatriaci\u00f3n \u25b7Opiniones y Precio seguro<\/a><\/li> <li><a href=\"https:\/\/idecesos.com\/seguros\/companias\/la-caixa\/telefono\/\">Tel\u00e9fono Gratuito La Caixa<\/a><\/li><\/ul><\/div><\/p>\n<\/div>\n","protected":false},"excerpt":{"rendered":"<p>La Caixa seguro de decesos de prima mixta es la combinaci\u00f3n perfecta entre su prima natural y la prima nivelada. Hasta el momento en que no se llega a una cierta edad no se nivela el vencimiento de la p\u00f3liza, por lo que cuando se es joven puede resultar m\u00e1s econ\u00f3mico. Leer m\u00e1s: Seguro de&hellip; <\/p>\n","protected":false},"author":3,"featured_media":0,"parent":390,"menu_order":0,"comment_status":"closed","ping_status":"closed","template":"single.php","meta":{"footnotes":""},"class_list":["post-11226","page","type-page","status-publish","hentry"],"yoast_head":"<!-- This site is optimized with the Yoast SEO plugin v27.4 - https:\/\/yoast.com\/product\/yoast-seo-wordpress\/ -->\n<title>Seguro Decesos La Caixa Prima Mixta \u25b7 Opiniones y Precio 2026<\/title>\n<meta name=\"description\" content=\"Click aqu\u00ed \u3010Seguro de Decesos Prima Mixta La Caixa\u3011 Mejores precios La Caixa seguro de fallecidos Prima Mixta \u2611\ufe0f Actualizado por iDecesos\u00ae\" \/>\n<meta name=\"robots\" content=\"index, follow, max-snippet:-1, max-image-preview:large, max-video-preview:-1\" \/>\n<link rel=\"canonical\" href=\"https:\/\/idecesos.com\/seguros\/companias\/la-caixa\/prima-mixta\/\" \/>\n<meta property=\"og:locale\" content=\"es_ES\" \/>\n<meta property=\"og:type\" content=\"article\" \/>\n<meta property=\"og:title\" content=\"Seguro Decesos La Caixa Prima Mixta \u25b7 Opiniones y Precio 2026\" \/>\n<meta property=\"og:description\" content=\"Click aqu\u00ed \u3010Seguro de Decesos Prima Mixta La Caixa\u3011 Mejores precios La Caixa seguro de fallecidos Prima Mixta \u2611\ufe0f Actualizado por iDecesos\u00ae\" \/>\n<meta property=\"og:url\" content=\"https:\/\/idecesos.com\/seguros\/companias\/la-caixa\/prima-mixta\/\" \/>\n<meta property=\"article:modified_time\" content=\"2022-01-03T12:31:02+00:00\" \/>\n<meta name=\"twitter:card\" content=\"summary_large_image\" \/>\n<meta name=\"twitter:label1\" content=\"Tiempo de lectura\" \/>\n\t<meta name=\"twitter:data1\" content=\"54 minutos\" \/>\n<script type=\"application\/ld+json\" class=\"yoast-schema-graph\">{\"@context\":\"https:\\\/\\\/schema.org\",\"@graph\":[{\"@type\":\"WebPage\",\"@id\":\"https:\\\/\\\/idecesos.com\\\/seguros\\\/companias\\\/la-caixa\\\/prima-mixta\\\/\",\"url\":\"https:\\\/\\\/idecesos.com\\\/seguros\\\/companias\\\/la-caixa\\\/prima-mixta\\\/\",\"name\":\"Seguro Decesos La Caixa Prima Mixta \u25b7 Opiniones y Precio 2026\",\"isPartOf\":{\"@id\":\"https:\\\/\\\/idecesos.com\\\/seguros\\\/#website\"},\"datePublished\":\"2021-10-26T13:49:35+00:00\",\"dateModified\":\"2022-01-03T12:31:02+00:00\",\"description\":\"Click aqu\u00ed \u3010Seguro de Decesos Prima Mixta La Caixa\u3011 Mejores precios La Caixa seguro de fallecidos Prima Mixta \u2611\ufe0f Actualizado por iDecesos\u00ae\",\"breadcrumb\":{\"@id\":\"https:\\\/\\\/idecesos.com\\\/seguros\\\/companias\\\/la-caixa\\\/prima-mixta\\\/#breadcrumb\"},\"inLanguage\":\"es\",\"potentialAction\":[{\"@type\":\"ReadAction\",\"target\":[\"https:\\\/\\\/idecesos.com\\\/seguros\\\/companias\\\/la-caixa\\\/prima-mixta\\\/\"]}]},{\"@type\":\"BreadcrumbList\",\"@id\":\"https:\\\/\\\/idecesos.com\\\/seguros\\\/companias\\\/la-caixa\\\/prima-mixta\\\/#breadcrumb\",\"itemListElement\":[{\"@type\":\"ListItem\",\"position\":1,\"name\":\"Portada\",\"item\":\"https:\\\/\\\/idecesos.com\\\/seguros\\\/\"},{\"@type\":\"ListItem\",\"position\":2,\"name\":\"Compa\u00f1\u00edas de Seguros de Decesos en Espa\u00f1a\",\"item\":\"https:\\\/\\\/idecesos.com\\\/seguros\\\/companias\\\/\"},{\"@type\":\"ListItem\",\"position\":3,\"name\":\"Seguro de decesos La Caixa\",\"item\":\"https:\\\/\\\/idecesos.com\\\/seguros\\\/companias\\\/la-caixa\\\/\"},{\"@type\":\"ListItem\",\"position\":4,\"name\":\"Seguro de decesos La Caixa Prima Mixta\"}]},{\"@type\":\"WebSite\",\"@id\":\"https:\\\/\\\/idecesos.com\\\/seguros\\\/#website\",\"url\":\"https:\\\/\\\/idecesos.com\\\/seguros\\\/\",\"name\":\"\",\"description\":\"\",\"potentialAction\":[{\"@type\":\"SearchAction\",\"target\":{\"@type\":\"EntryPoint\",\"urlTemplate\":\"https:\\\/\\\/idecesos.com\\\/seguros\\\/?s={search_term_string}\"},\"query-input\":{\"@type\":\"PropertyValueSpecification\",\"valueRequired\":true,\"valueName\":\"search_term_string\"}}],\"inLanguage\":\"es\"}]}<\/script>\n<!-- \/ Yoast SEO plugin. -->","yoast_head_json":{"title":"Seguro Decesos La Caixa Prima Mixta \u25b7 Opiniones y Precio 2026","description":"Click aqu\u00ed \u3010Seguro de Decesos Prima Mixta La Caixa\u3011 Mejores precios La Caixa seguro de fallecidos Prima Mixta \u2611\ufe0f Actualizado por iDecesos\u00ae","robots":{"index":"index","follow":"follow","max-snippet":"max-snippet:-1","max-image-preview":"max-image-preview:large","max-video-preview":"max-video-preview:-1"},"canonical":"https:\/\/idecesos.com\/seguros\/companias\/la-caixa\/prima-mixta\/","og_locale":"es_ES","og_type":"article","og_title":"Seguro Decesos La Caixa Prima Mixta \u25b7 Opiniones y Precio 2026","og_description":"Click aqu\u00ed \u3010Seguro de Decesos Prima Mixta La Caixa\u3011 Mejores precios La Caixa seguro de fallecidos Prima Mixta \u2611\ufe0f Actualizado por iDecesos\u00ae","og_url":"https:\/\/idecesos.com\/seguros\/companias\/la-caixa\/prima-mixta\/","article_modified_time":"2022-01-03T12:31:02+00:00","twitter_card":"summary_large_image","twitter_misc":{"Tiempo de lectura":"54 minutos"},"schema":{"@context":"https:\/\/schema.org","@graph":[{"@type":"WebPage","@id":"https:\/\/idecesos.com\/seguros\/companias\/la-caixa\/prima-mixta\/","url":"https:\/\/idecesos.com\/seguros\/companias\/la-caixa\/prima-mixta\/","name":"Seguro Decesos La Caixa Prima Mixta \u25b7 Opiniones y Precio 2026","isPartOf":{"@id":"https:\/\/idecesos.com\/seguros\/#website"},"datePublished":"2021-10-26T13:49:35+00:00","dateModified":"2022-01-03T12:31:02+00:00","description":"Click aqu\u00ed \u3010Seguro de Decesos Prima Mixta La Caixa\u3011 Mejores precios La Caixa seguro de fallecidos Prima Mixta \u2611\ufe0f Actualizado por iDecesos\u00ae","breadcrumb":{"@id":"https:\/\/idecesos.com\/seguros\/companias\/la-caixa\/prima-mixta\/#breadcrumb"},"inLanguage":"es","potentialAction":[{"@type":"ReadAction","target":["https:\/\/idecesos.com\/seguros\/companias\/la-caixa\/prima-mixta\/"]}]},{"@type":"BreadcrumbList","@id":"https:\/\/idecesos.com\/seguros\/companias\/la-caixa\/prima-mixta\/#breadcrumb","itemListElement":[{"@type":"ListItem","position":1,"name":"Portada","item":"https:\/\/idecesos.com\/seguros\/"},{"@type":"ListItem","position":2,"name":"Compa\u00f1\u00edas de Seguros de Decesos en Espa\u00f1a","item":"https:\/\/idecesos.com\/seguros\/companias\/"},{"@type":"ListItem","position":3,"name":"Seguro de decesos La Caixa","item":"https:\/\/idecesos.com\/seguros\/companias\/la-caixa\/"},{"@type":"ListItem","position":4,"name":"Seguro de decesos La Caixa Prima Mixta"}]},{"@type":"WebSite","@id":"https:\/\/idecesos.com\/seguros\/#website","url":"https:\/\/idecesos.com\/seguros\/","name":"","description":"","potentialAction":[{"@type":"SearchAction","target":{"@type":"EntryPoint","urlTemplate":"https:\/\/idecesos.com\/seguros\/?s={search_term_string}"},"query-input":{"@type":"PropertyValueSpecification","valueRequired":true,"valueName":"search_term_string"}}],"inLanguage":"es"}]}},"_links":{"self":[{"href":"https:\/\/idecesos.com\/seguros\/wp-json\/wp\/v2\/pages\/11226","targetHints":{"allow":["GET"]}}],"collection":[{"href":"https:\/\/idecesos.com\/seguros\/wp-json\/wp\/v2\/pages"}],"about":[{"href":"https:\/\/idecesos.com\/seguros\/wp-json\/wp\/v2\/types\/page"}],"author":[{"embeddable":true,"href":"https:\/\/idecesos.com\/seguros\/wp-json\/wp\/v2\/users\/3"}],"replies":[{"embeddable":true,"href":"https:\/\/idecesos.com\/seguros\/wp-json\/wp\/v2\/comments?post=11226"}],"version-history":[{"count":2,"href":"https:\/\/idecesos.com\/seguros\/wp-json\/wp\/v2\/pages\/11226\/revisions"}],"predecessor-version":[{"id":12785,"href":"https:\/\/idecesos.com\/seguros\/wp-json\/wp\/v2\/pages\/11226\/revisions\/12785"}],"up":[{"embeddable":true,"href":"https:\/\/idecesos.com\/seguros\/wp-json\/wp\/v2\/pages\/390"}],"wp:attachment":[{"href":"https:\/\/idecesos.com\/seguros\/wp-json\/wp\/v2\/media?parent=11226"}],"curies":[{"name":"wp","href":"https:\/\/api.w.org\/{rel}","templated":true}]}}