{"id":11314,"date":"2021-10-28T00:00:00","date_gmt":"2021-10-27T00:00:00","guid":{"rendered":"https:\/\/idecesos.com\/seguros\/companias\/ocaso\/prima-nivelada\/"},"modified":"2022-01-03T12:31:12","modified_gmt":"2022-01-03T12:31:12","slug":"prima-nivelada","status":"publish","type":"page","link":"https:\/\/idecesos.com\/seguros\/companias\/ocaso\/prima-nivelada\/","title":{"rendered":"Seguro de decesos Ocaso Prima Nivelada"},"content":{"rendered":"<div id=\"ez-toc-container\" class=\"ez-toc-v2_0_82_2 ez-toc-wrap-center counter-hierarchy ez-toc-counter ez-toc-custom ez-toc-container-direction\">\n<div class=\"ez-toc-title-container\">\n<p class=\"ez-toc-title\" style=\"cursor:inherit\">Tabla de Contenido<\/p>\n<span class=\"ez-toc-title-toggle\"><a href=\"#\" class=\"ez-toc-pull-right ez-toc-btn ez-toc-btn-xs ez-toc-btn-default ez-toc-toggle\" aria-label=\"Alternar tabla de contenidos\"><span class=\"ez-toc-js-icon-con\"><span class=\"\"><span class=\"eztoc-hide\" style=\"display:none;\">Toggle<\/span><span class=\"ez-toc-icon-toggle-span\"><svg style=\"fill: #db6415;color:#db6415\" xmlns=\"http:\/\/www.w3.org\/2000\/svg\" class=\"list-377408\" width=\"20px\" height=\"20px\" viewBox=\"0 0 24 24\" fill=\"none\"><path d=\"M6 6H4v2h2V6zm14 0H8v2h12V6zM4 11h2v2H4v-2zm16 0H8v2h12v-2zM4 16h2v2H4v-2zm16 0H8v2h12v-2z\" fill=\"currentColor\"><\/path><\/svg><svg style=\"fill: #db6415;color:#db6415\" class=\"arrow-unsorted-368013\" xmlns=\"http:\/\/www.w3.org\/2000\/svg\" width=\"10px\" height=\"10px\" viewBox=\"0 0 24 24\" version=\"1.2\" baseProfile=\"tiny\"><path d=\"M18.2 9.3l-6.2-6.3-6.2 6.3c-.2.2-.3.4-.3.7s.1.5.3.7c.2.2.4.3.7.3h11c.3 0 .5-.1.7-.3.2-.2.3-.5.3-.7s-.1-.5-.3-.7zM5.8 14.7l6.2 6.3 6.2-6.3c.2-.2.3-.5.3-.7s-.1-.5-.3-.7c-.2-.2-.4-.3-.7-.3h-11c-.3 0-.5.1-.7.3-.2.2-.3.5-.3.7s.1.5.3.7z\"\/><\/svg><\/span><\/span><\/span><\/a><\/span><\/div>\n<nav><ul class='ez-toc-list ez-toc-list-level-1 ' ><li class='ez-toc-page-1 ez-toc-heading-level-2'><a class=\"ez-toc-link ez-toc-heading-1\" href=\"https:\/\/idecesos.com\/seguros\/companias\/ocaso\/prima-nivelada\/#Coberturas_seguro_Prima_Nivelada_Ocaso\" >Coberturas seguro Prima Nivelada Ocaso<\/a><ul class='ez-toc-list-level-3' ><li class='ez-toc-heading-level-3'><a class=\"ez-toc-link ez-toc-heading-2\" href=\"https:\/\/idecesos.com\/seguros\/companias\/ocaso\/prima-nivelada\/#%C2%BFA_quien_va_dirigido_el_seguro_de_decesos_Prima_Nivelada_de_Ocaso\" >\u00bfA qui\u00e9n va dirigido el seguro de decesos Prima Nivelada de Ocaso?<\/a><\/li><\/ul><\/li><li class='ez-toc-page-1 ez-toc-heading-level-2'><a class=\"ez-toc-link ez-toc-heading-3\" href=\"https:\/\/idecesos.com\/seguros\/companias\/ocaso\/prima-nivelada\/#Precio_de_seguro_de_decesos_Prima_Nivelada_Ocaso\" >Precio de seguro de decesos Prima Nivelada Ocaso<\/a><\/li><li class='ez-toc-page-1 ez-toc-heading-level-2'><a class=\"ez-toc-link ez-toc-heading-4\" href=\"https:\/\/idecesos.com\/seguros\/companias\/ocaso\/prima-nivelada\/#Productos_Prima_Nivelada_Ocaso\" >Productos Prima Nivelada Ocaso<\/a><\/li><li class='ez-toc-page-1 ez-toc-heading-level-2'><a class=\"ez-toc-link ez-toc-heading-5\" href=\"https:\/\/idecesos.com\/seguros\/companias\/ocaso\/prima-nivelada\/#Opiniones_del_seguro_de_decesos_de_Prima_Nivelada_de_Ocaso\" >Opiniones del seguro de decesos de Prima Nivelada de Ocaso<\/a><ul class='ez-toc-list-level-3' ><li class='ez-toc-heading-level-3'><a class=\"ez-toc-link ez-toc-heading-6\" href=\"https:\/\/idecesos.com\/seguros\/companias\/ocaso\/prima-nivelada\/#Paginas_relacionadas\" >P\u00e1ginas relacionadas<\/a><\/li><\/ul><\/li><\/ul><\/nav><\/div>\n\n<p>Se posiciona una de las primeras en dentro del seguro de decesos de prima nivelada Ocaso puesto que el coste sigue de manera siempre y en toda circunstancia igual aplicado a la suma final con el servicio mortuorio. Aun contando con un cat\u00e1logo muy amplio, sus clientes del servicio optan por la p\u00f3liza de prima nivelada Ocaso. En el c\u00edrculo de los que contemplan una edad muy joven, les resulta un importe muy elevado. Se hacen cargo de todo de una manera mucho m\u00e1s veloz y f\u00e1cil, marcando el n\u00famero de asistencia familiar de Ocaso lo hicieran conforme el acuerdo de la p\u00f3liza de prima nivelada Ocaso. <\/p>\n<p>Leer m\u00e1s: <a href=\"https:\/\/idecesos.com\/seguros\/tipo\/nivelada\/\">Seguro de decesos Prima Nivelada<\/a><\/p>\n<div class=\"colorf \"  ><div class=\"container clearfix\"><div class=\"col-md-7\"><\/p>\n<h2><span class=\"ez-toc-section\" id=\"Coberturas_seguro_Prima_Nivelada_Ocaso\"><\/span>Coberturas seguro Prima Nivelada Ocaso<span class=\"ez-toc-section-end\"><\/span><\/h2>\n<p>El seguro de decesos Ocaso su mayor cobertura es dar al completo lo que requiere en el instante del \u00f3bito de manera muy completa. El servicio m\u00e1s conocido dentro de Ocaso es el que cubre los gastos mortuorios, puesto que cuenta con persona cualificada y disciplinada en atender con calidad en todo instante. Las coberturas que contienen es como una de la selecci\u00f3n de entierro, si de este modo lo ha escogido el familiar o el asegurado, cuenta con la cobertura de todos los tr\u00e1mites que se hagan cuando ocurre el \u00f3bito. La cobertura m\u00e1s se\u00f1alada es aquella que cuando ocurra el momento que ha fallecido la persona asegurada, los familiares se pongan en contacto con el servicio de asistencia 24 horas de Ocaso ellos se encargasen de todo de manera inmediata en el presupuesto marcado por el capital del asegurado. En iDecesos descubrir\u00e1s en detalle las coberturas del seguro de decesos de prima nivelada de Ocaso las condiciones generales y toda la documentaci\u00f3n del producto que se marcha a requerir, como tambi\u00e9n las coberturas que podr\u00e1n estar excluidas que no sabias. <\/p>\n<p><\/div><\/div><\/div>\n<h3><span class=\"ez-toc-section\" id=\"%C2%BFA_quien_va_dirigido_el_seguro_de_decesos_Prima_Nivelada_de_Ocaso\"><\/span>\u00bfA qui\u00e9n va dirigido el seguro de decesos Prima Nivelada de Ocaso?<span class=\"ez-toc-section-end\"><\/span><\/h3>\n<p>El seguro de prima nivelada de Ocaso est\u00e1 desarrollado para todas y cada una de las personas, a fin de que se adapten a la circunstancia con independencia de c\u00f3mo se hallen. La mayor\u00eda que opta para obtenerlo es para una calma financiera y sentirse de manera que est\u00e1n asegurados para cualquier circunstancia que pueda llegar a suceder. Un 80 por ciento de las personas de edad avanzada tienen una pensi\u00f3n muy b\u00e1sica por lo que precisan de una p\u00f3liza que no aumente la prima cada a\u00f1o. En Ocaso la modalidad de prima nivelada es una de las que m\u00e1s densidad de clientes del servicio tiene y que mayor valoraci\u00f3n le dan sus clientes. <\/p>\n<div class=\"colorf \"  ><div class=\"container clearfix\"><div class=\"col-md-7\"><\/p>\n<h2><span class=\"ez-toc-section\" id=\"Precio_de_seguro_de_decesos_Prima_Nivelada_Ocaso\"><\/span>Precio de seguro de decesos Prima Nivelada Ocaso<span class=\"ez-toc-section-end\"><\/span><\/h2>\n<p>El seguro de prima nivelada Ocaso su precio es 4,99 euros al mes teniendo en cuenta la edad m\u00e1s joven contratable en Ocaso y la localidad con la suma asegurada de servicios f\u00fanebres m\u00e1s bajos. A trav\u00e9s de Ocaso quedar\u00e1 incluido todas y cada una de las promociones exclusivas y abonos libres, dejando el precio m\u00e1s reducido posible. Asimismo se puede pagar de forma mensual, trimestral, semestral o anual, dando todas y cada una de las facilidades de pago posible a los clientes del servicio de Ocaso seguro de prima nivelada. Dentro de iDecesos conocer\u00e1s todas las tarifas existentes, de los seguros de prima \u00abnivelada\u00bb no obstante ver\u00e1s en detalle el precio que estabas buscando es el mejor o te lo podrian mejorar. <\/p>\n<p><\/div><\/div><\/div>\n<h2><span class=\"ez-toc-section\" id=\"Productos_Prima_Nivelada_Ocaso\"><\/span>Productos Prima Nivelada Ocaso<span class=\"ez-toc-section-end\"><\/span><\/h2>\n<div class=\"colorf\"><div class=\"container clearfix\"><div class=\"col-md-7\"><div class=\"opiniones\">\n<h2><span class=\"ez-toc-section\" id=\"Opiniones_del_seguro_de_decesos_de_Prima_Nivelada_de_Ocaso\"><\/span>Opiniones del seguro de decesos de Prima Nivelada de Ocaso<span class=\"ez-toc-section-end\"><\/span><\/h2>\n<p>Ana calvo: Ten\u00eda a este respecto varias dudas sobre las coberturas que ofrecen en la p\u00f3liza, por lo que acud\u00ed a una de sus oficinas m\u00e1s cercanas, me atendieron profesionalmente, d\u00e1ndome tranquilidad y resolviendo indudablemente todas mis cuestiones. Para cada g\u00e9nero de inconvenientes que puede llegar a pasar, requieren de diferentes soluciones para poder solventarlo cuanto antes. Es de gran importancia tenerlo siempre en cuenta. <\/p>\n<div class=\"opinion \"  >\n\t\t\t<div class=\"cabecera_opinion\">\n\t\t\t\t<div class=\"avatar\">V P <\/div>\n\t\t\t\t<div class=\"datos_opinion\">\n\t\t\t\t\t<div class=\"nombre_opinion\">Vito Pi\u00f1a<\/div>\n\t\t\t\t\t<div class=\"info_opinion\">\t\t\t\t\t\t\n\t\t\t\t\t\t<div class=\"cuenta_opinion\"><i class=\"fas fa-pencil-alt\"><\/i><!--span class=\"dashicons dashicons-edit\" style=\"font-size:20px\"><\/span--><span>1 Opini\u00f3n<\/span><\/div>\t\t\t\t\t\t\n\t\t\t\t\t\t<div class=\"localizacion_opinion\">\n\t\t\t\t\t\t\t<i class=\"fas fa-map-marker-alt\"><\/i><!--span class=\"dashicons dashicons-location\" style=\"font-size:20px\"><\/span-->\n\t\t\t\t\t\t\t<span>ES<\/span>\n\t\t\t\t\t\t<\/div>\t\n\t\t\t\t\t<\/div>\n\t\t\t\t<\/div>\n\t\t\t<\/div><div class=\"texto_opinion\"><\/p>\n<p>Estaba dudando de cual ser\u00eda el que mejor cobertura tuviera, con lo que unos amigos me aconsejaron la prima nivelada de Ocaso, desde entonces he recibido una atenci\u00f3n muy adaptada, han resuelto al instante cualquier incidencia que ha ocurrido. Una de los peores instantes se dio cuando falleci\u00f3 mi t\u00edo al cabo de que efectu\u00f3 la p\u00f3liza de un 1 a\u00f1o aproximadamente, solucionaron al detalle y de una manera muy eficaz como veloz. <\/p>\n<p><\/div><\/div>\n<div class=\"opinion \"  >\n\t\t\t<div class=\"cabecera_opinion\">\n\t\t\t\t<div class=\"avatar\">R C <\/div>\n\t\t\t\t<div class=\"datos_opinion\">\n\t\t\t\t\t<div class=\"nombre_opinion\">Raquel Cabo<\/div>\n\t\t\t\t\t<div class=\"info_opinion\">\t\t\t\t\t\t\n\t\t\t\t\t\t<div class=\"cuenta_opinion\"><i class=\"fas fa-pencil-alt\"><\/i><!--span class=\"dashicons dashicons-edit\" style=\"font-size:20px\"><\/span--><span>1 Opini\u00f3n<\/span><\/div>\t\t\t\t\t\t\n\t\t\t\t\t\t<div class=\"localizacion_opinion\">\n\t\t\t\t\t\t\t<i class=\"fas fa-map-marker-alt\"><\/i><!--span class=\"dashicons dashicons-location\" style=\"font-size:20px\"><\/span-->\n\t\t\t\t\t\t\t<span>ES<\/span>\n\t\t\t\t\t\t<\/div>\t\n\t\t\t\t\t<\/div>\n\t\t\t\t<\/div>\n\t\t\t<\/div><div class=\"texto_opinion\"><\/p>\n<p>De todos los comentarios que le\u00ed decid\u00ed arriesgar y la verdad que tuve suerte con Ocaso me ha dado las mejores coberturas de prima nivelada, la tarifa se adapta a mis circunstancias, adem\u00e1s de esto de eso me hicieron un presupuesto que quede muy contenta, tiene unos trabajadores muy profesionales Ocaso. <\/p>\n<p><\/div><\/div>\n<div class=\"opinion \"  >\n\t\t\t<div class=\"cabecera_opinion\">\n\t\t\t\t<div class=\"avatar\">S M <\/div>\n\t\t\t\t<div class=\"datos_opinion\">\n\t\t\t\t\t<div class=\"nombre_opinion\">Soledad Moya<\/div>\n\t\t\t\t\t<div class=\"info_opinion\">\t\t\t\t\t\t\n\t\t\t\t\t\t<div class=\"cuenta_opinion\"><i class=\"fas fa-pencil-alt\"><\/i><!--span class=\"dashicons dashicons-edit\" style=\"font-size:20px\"><\/span--><span>1 Opini\u00f3n<\/span><\/div>\t\t\t\t\t\t\n\t\t\t\t\t\t<div class=\"localizacion_opinion\">\n\t\t\t\t\t\t\t<i class=\"fas fa-map-marker-alt\"><\/i><!--span class=\"dashicons dashicons-location\" style=\"font-size:20px\"><\/span-->\n\t\t\t\t\t\t\t<span>ES<\/span>\n\t\t\t\t\t\t<\/div>\t\n\t\t\t\t\t<\/div>\n\t\t\t\t<\/div>\n\t\t\t<\/div><div class=\"texto_opinion\"><\/p>\n<p>De todos los comentarios que le\u00ed decid\u00ed arriesgar y la verdad que tuve suerte con Ocaso me ha dado las mejores coberturas de prima nivelada, la tarifa se amolda a mis circunstancias, adem\u00e1s de eso me hicieron un presupuesto que quede muy contenta, tiene unos trabajadores muy profesionales Ocaso. <\/p>\n<p><\/div><\/div>\n<\/div><\/div><\/div><\/div>\n<p><div class=\"oficinas\"><br \/>\n<h3><span class=\"ez-toc-section\" id=\"Paginas_relacionadas\"><\/span>P\u00e1ginas relacionadas<span class=\"ez-toc-section-end\"><\/span><\/h3><div class=\"enlazado\"><ul> <li><a href=\"https:\/\/idecesos.com\/seguros\/companias\/ocaso\/coberturas\/\">Coberturas Seguro de Decesos Ocaso<\/a><\/li> <li><a href=\"https:\/\/idecesos.com\/seguros\/companias\/ocaso\/opiniones\/\">Opiniones Ocaso<\/a><\/li> <li><a href=\"https:\/\/idecesos.com\/seguros\/companias\/ocaso\/oro\/\">Ocaso Oro<\/a><\/li> <li><a href=\"https:\/\/idecesos.com\/seguros\/companias\/ocaso\/poliza\/\">P\u00f3liza Ocaso<\/a><\/li> <li><a href=\"https:\/\/idecesos.com\/seguros\/companias\/ocaso\/precio\/\">Precio seguro Ocaso<\/a><\/li> <li><a href=\"https:\/\/idecesos.com\/seguros\/companias\/ocaso\/prima-mixta\/\">Ocaso Prima Mixta<\/a><\/li> <li><a href=\"https:\/\/idecesos.com\/seguros\/companias\/ocaso\/prima-natural\/\">Ocaso Prima Natural<\/a><\/li> <li><a href=\"https:\/\/idecesos.com\/seguros\/companias\/ocaso\/prima-nivelada\/\">Ocaso Prima Nivelada<\/a><\/li> <li><a href=\"https:\/\/idecesos.com\/seguros\/companias\/ocaso\/prima-unica\/\">Ocaso Prima \u00danica<\/a><\/li> <li><a href=\"https:\/\/idecesos.com\/seguros\/companias\/ocaso\/repatriacion\/\">Ocaso Repatriaci\u00f3n<\/a><\/li> <li><a href=\"https:\/\/idecesos.com\/seguros\/companias\/ocaso\/telefono\/\">Tel\u00e9fono Gratuito Ocaso<\/a><\/li> <\/ul><\/div><\/p>\n<\/div>\n","protected":false},"excerpt":{"rendered":"<p>Se posiciona una de las primeras en dentro del seguro de decesos de prima nivelada Ocaso puesto que el coste sigue de manera siempre y en toda circunstancia igual aplicado a la suma final con el servicio mortuorio. Aun contando con un cat\u00e1logo muy amplio, sus clientes del servicio optan por la p\u00f3liza de prima&hellip; <\/p>\n","protected":false},"author":3,"featured_media":0,"parent":777,"menu_order":0,"comment_status":"closed","ping_status":"closed","template":"single.php","meta":{"footnotes":""},"class_list":["post-11314","page","type-page","status-publish","hentry"],"yoast_head":"<!-- This site is optimized with the Yoast SEO plugin v27.2 - https:\/\/yoast.com\/product\/yoast-seo-wordpress\/ -->\n<title>Seguro Decesos Ocaso Prima Nivelada \u25b7 Opiniones y Precio 2026<\/title>\n<meta name=\"description\" content=\"Click aqu\u00ed \u3010Seguro de Decesos Prima Nivelada Ocaso\u3011 Mejores precios Ocaso seguro de fallecidos Prima Nivelada \u2611\ufe0f Actualizado por iDecesos\u00ae\" \/>\n<meta name=\"robots\" content=\"index, follow, max-snippet:-1, max-image-preview:large, max-video-preview:-1\" \/>\n<link rel=\"canonical\" href=\"https:\/\/idecesos.com\/seguros\/companias\/ocaso\/prima-nivelada\/\" \/>\n<meta property=\"og:locale\" content=\"es_ES\" \/>\n<meta property=\"og:type\" content=\"article\" \/>\n<meta property=\"og:title\" content=\"Seguro Decesos Ocaso Prima Nivelada \u25b7 Opiniones y Precio 2026\" \/>\n<meta property=\"og:description\" content=\"Click aqu\u00ed \u3010Seguro de Decesos Prima Nivelada Ocaso\u3011 Mejores precios Ocaso seguro de fallecidos Prima Nivelada \u2611\ufe0f Actualizado por iDecesos\u00ae\" \/>\n<meta property=\"og:url\" content=\"https:\/\/idecesos.com\/seguros\/companias\/ocaso\/prima-nivelada\/\" \/>\n<meta property=\"article:modified_time\" content=\"2022-01-03T12:31:12+00:00\" \/>\n<meta name=\"twitter:card\" content=\"summary_large_image\" \/>\n<meta name=\"twitter:label1\" content=\"Tiempo de lectura\" \/>\n\t<meta name=\"twitter:data1\" content=\"57 minutos\" \/>\n<script type=\"application\/ld+json\" class=\"yoast-schema-graph\">{\"@context\":\"https:\/\/schema.org\",\"@graph\":[{\"@type\":\"WebPage\",\"@id\":\"https:\/\/idecesos.com\/seguros\/companias\/ocaso\/prima-nivelada\/\",\"url\":\"https:\/\/idecesos.com\/seguros\/companias\/ocaso\/prima-nivelada\/\",\"name\":\"Seguro Decesos Ocaso Prima Nivelada \u25b7 Opiniones y Precio 2026\",\"isPartOf\":{\"@id\":\"https:\/\/idecesos.com\/seguros\/#website\"},\"datePublished\":\"2021-10-27T00:00:00+00:00\",\"dateModified\":\"2022-01-03T12:31:12+00:00\",\"description\":\"Click aqu\u00ed \u3010Seguro de Decesos Prima Nivelada Ocaso\u3011 Mejores precios Ocaso seguro de fallecidos Prima Nivelada \u2611\ufe0f Actualizado por iDecesos\u00ae\",\"breadcrumb\":{\"@id\":\"https:\/\/idecesos.com\/seguros\/companias\/ocaso\/prima-nivelada\/#breadcrumb\"},\"inLanguage\":\"es\",\"potentialAction\":[{\"@type\":\"ReadAction\",\"target\":[\"https:\/\/idecesos.com\/seguros\/companias\/ocaso\/prima-nivelada\/\"]}]},{\"@type\":\"BreadcrumbList\",\"@id\":\"https:\/\/idecesos.com\/seguros\/companias\/ocaso\/prima-nivelada\/#breadcrumb\",\"itemListElement\":[{\"@type\":\"ListItem\",\"position\":1,\"name\":\"Portada\",\"item\":\"https:\/\/idecesos.com\/seguros\/\"},{\"@type\":\"ListItem\",\"position\":2,\"name\":\"Compa\u00f1\u00edas de Seguros de Decesos en Espa\u00f1a\",\"item\":\"https:\/\/idecesos.com\/seguros\/companias\/\"},{\"@type\":\"ListItem\",\"position\":3,\"name\":\"Seguro de Decesos Ocaso\",\"item\":\"https:\/\/idecesos.com\/seguros\/companias\/ocaso\/\"},{\"@type\":\"ListItem\",\"position\":4,\"name\":\"Seguro de decesos Ocaso Prima Nivelada\"}]},{\"@type\":\"WebSite\",\"@id\":\"https:\/\/idecesos.com\/seguros\/#website\",\"url\":\"https:\/\/idecesos.com\/seguros\/\",\"name\":\"\",\"description\":\"\",\"potentialAction\":[{\"@type\":\"SearchAction\",\"target\":{\"@type\":\"EntryPoint\",\"urlTemplate\":\"https:\/\/idecesos.com\/seguros\/?s={search_term_string}\"},\"query-input\":{\"@type\":\"PropertyValueSpecification\",\"valueRequired\":true,\"valueName\":\"search_term_string\"}}],\"inLanguage\":\"es\"}]}<\/script>\n<!-- \/ Yoast SEO plugin. -->","yoast_head_json":{"title":"Seguro Decesos Ocaso Prima Nivelada \u25b7 Opiniones y Precio 2026","description":"Click aqu\u00ed \u3010Seguro de Decesos Prima Nivelada Ocaso\u3011 Mejores precios Ocaso seguro de fallecidos Prima Nivelada \u2611\ufe0f Actualizado por iDecesos\u00ae","robots":{"index":"index","follow":"follow","max-snippet":"max-snippet:-1","max-image-preview":"max-image-preview:large","max-video-preview":"max-video-preview:-1"},"canonical":"https:\/\/idecesos.com\/seguros\/companias\/ocaso\/prima-nivelada\/","og_locale":"es_ES","og_type":"article","og_title":"Seguro Decesos Ocaso Prima Nivelada \u25b7 Opiniones y Precio 2026","og_description":"Click aqu\u00ed \u3010Seguro de Decesos Prima Nivelada Ocaso\u3011 Mejores precios Ocaso seguro de fallecidos Prima Nivelada \u2611\ufe0f Actualizado por iDecesos\u00ae","og_url":"https:\/\/idecesos.com\/seguros\/companias\/ocaso\/prima-nivelada\/","article_modified_time":"2022-01-03T12:31:12+00:00","twitter_card":"summary_large_image","twitter_misc":{"Tiempo de lectura":"57 minutos"},"schema":{"@context":"https:\/\/schema.org","@graph":[{"@type":"WebPage","@id":"https:\/\/idecesos.com\/seguros\/companias\/ocaso\/prima-nivelada\/","url":"https:\/\/idecesos.com\/seguros\/companias\/ocaso\/prima-nivelada\/","name":"Seguro Decesos Ocaso Prima Nivelada \u25b7 Opiniones y Precio 2026","isPartOf":{"@id":"https:\/\/idecesos.com\/seguros\/#website"},"datePublished":"2021-10-27T00:00:00+00:00","dateModified":"2022-01-03T12:31:12+00:00","description":"Click aqu\u00ed \u3010Seguro de Decesos Prima Nivelada Ocaso\u3011 Mejores precios Ocaso seguro de fallecidos Prima Nivelada \u2611\ufe0f Actualizado por iDecesos\u00ae","breadcrumb":{"@id":"https:\/\/idecesos.com\/seguros\/companias\/ocaso\/prima-nivelada\/#breadcrumb"},"inLanguage":"es","potentialAction":[{"@type":"ReadAction","target":["https:\/\/idecesos.com\/seguros\/companias\/ocaso\/prima-nivelada\/"]}]},{"@type":"BreadcrumbList","@id":"https:\/\/idecesos.com\/seguros\/companias\/ocaso\/prima-nivelada\/#breadcrumb","itemListElement":[{"@type":"ListItem","position":1,"name":"Portada","item":"https:\/\/idecesos.com\/seguros\/"},{"@type":"ListItem","position":2,"name":"Compa\u00f1\u00edas de Seguros de Decesos en Espa\u00f1a","item":"https:\/\/idecesos.com\/seguros\/companias\/"},{"@type":"ListItem","position":3,"name":"Seguro de Decesos Ocaso","item":"https:\/\/idecesos.com\/seguros\/companias\/ocaso\/"},{"@type":"ListItem","position":4,"name":"Seguro de decesos Ocaso Prima Nivelada"}]},{"@type":"WebSite","@id":"https:\/\/idecesos.com\/seguros\/#website","url":"https:\/\/idecesos.com\/seguros\/","name":"","description":"","potentialAction":[{"@type":"SearchAction","target":{"@type":"EntryPoint","urlTemplate":"https:\/\/idecesos.com\/seguros\/?s={search_term_string}"},"query-input":{"@type":"PropertyValueSpecification","valueRequired":true,"valueName":"search_term_string"}}],"inLanguage":"es"}]}},"_links":{"self":[{"href":"https:\/\/idecesos.com\/seguros\/wp-json\/wp\/v2\/pages\/11314","targetHints":{"allow":["GET"]}}],"collection":[{"href":"https:\/\/idecesos.com\/seguros\/wp-json\/wp\/v2\/pages"}],"about":[{"href":"https:\/\/idecesos.com\/seguros\/wp-json\/wp\/v2\/types\/page"}],"author":[{"embeddable":true,"href":"https:\/\/idecesos.com\/seguros\/wp-json\/wp\/v2\/users\/3"}],"replies":[{"embeddable":true,"href":"https:\/\/idecesos.com\/seguros\/wp-json\/wp\/v2\/comments?post=11314"}],"version-history":[{"count":1,"href":"https:\/\/idecesos.com\/seguros\/wp-json\/wp\/v2\/pages\/11314\/revisions"}],"predecessor-version":[{"id":12806,"href":"https:\/\/idecesos.com\/seguros\/wp-json\/wp\/v2\/pages\/11314\/revisions\/12806"}],"up":[{"embeddable":true,"href":"https:\/\/idecesos.com\/seguros\/wp-json\/wp\/v2\/pages\/777"}],"wp:attachment":[{"href":"https:\/\/idecesos.com\/seguros\/wp-json\/wp\/v2\/media?parent=11314"}],"curies":[{"name":"wp","href":"https:\/\/api.w.org\/{rel}","templated":true}]}}