{"id":11336,"date":"2021-10-28T00:00:00","date_gmt":"2021-10-28T00:00:00","guid":{"rendered":"https:\/\/idecesos.com\/seguros\/?page_id=11336"},"modified":"2022-01-03T12:31:15","modified_gmt":"2022-01-03T12:31:15","slug":"prima-unica","status":"publish","type":"page","link":"https:\/\/idecesos.com\/seguros\/companias\/preventiva\/prima-unica\/","title":{"rendered":"Seguro de decesos Preventiva Prima \u00danica"},"content":{"rendered":"<div id=\"ez-toc-container\" class=\"ez-toc-v2_0_83 ez-toc-wrap-center counter-hierarchy ez-toc-counter ez-toc-custom ez-toc-container-direction\">\n<div class=\"ez-toc-title-container\">\n<p class=\"ez-toc-title\" style=\"cursor:inherit\">Tabla de Contenido<\/p>\n<span class=\"ez-toc-title-toggle\"><a href=\"#\" class=\"ez-toc-pull-right ez-toc-btn ez-toc-btn-xs ez-toc-btn-default ez-toc-toggle\" aria-label=\"Alternar tabla de contenidos\"><span class=\"ez-toc-js-icon-con\"><span class=\"\"><span class=\"eztoc-hide\" style=\"display:none;\">Toggle<\/span><span class=\"ez-toc-icon-toggle-span\"><svg style=\"fill: #db6415;color:#db6415\" xmlns=\"http:\/\/www.w3.org\/2000\/svg\" class=\"list-377408\" width=\"20px\" height=\"20px\" viewBox=\"0 0 24 24\" fill=\"none\"><path d=\"M6 6H4v2h2V6zm14 0H8v2h12V6zM4 11h2v2H4v-2zm16 0H8v2h12v-2zM4 16h2v2H4v-2zm16 0H8v2h12v-2z\" fill=\"currentColor\"><\/path><\/svg><svg style=\"fill: #db6415;color:#db6415\" class=\"arrow-unsorted-368013\" xmlns=\"http:\/\/www.w3.org\/2000\/svg\" width=\"10px\" height=\"10px\" viewBox=\"0 0 24 24\" version=\"1.2\" baseProfile=\"tiny\"><path d=\"M18.2 9.3l-6.2-6.3-6.2 6.3c-.2.2-.3.4-.3.7s.1.5.3.7c.2.2.4.3.7.3h11c.3 0 .5-.1.7-.3.2-.2.3-.5.3-.7s-.1-.5-.3-.7zM5.8 14.7l6.2 6.3 6.2-6.3c.2-.2.3-.5.3-.7s-.1-.5-.3-.7c-.2-.2-.4-.3-.7-.3h-11c-.3 0-.5.1-.7.3-.2.2-.3.5-.3.7s.1.5.3.7z\"\/><\/svg><\/span><\/span><\/span><\/a><\/span><\/div>\n<nav><ul class='ez-toc-list ez-toc-list-level-1 ' ><li class='ez-toc-page-1 ez-toc-heading-level-2'><a class=\"ez-toc-link ez-toc-heading-1\" href=\"https:\/\/idecesos.com\/seguros\/companias\/preventiva\/prima-unica\/#Coberturas_seguro_Prima_Unica_Preventiva\" >Coberturas seguro Prima \u00danica Preventiva<\/a><ul class='ez-toc-list-level-3' ><li class='ez-toc-heading-level-3'><a class=\"ez-toc-link ez-toc-heading-2\" href=\"https:\/\/idecesos.com\/seguros\/companias\/preventiva\/prima-unica\/#%C2%BFA_quien_va_dirigido_el_seguro_de_decesos_Prima_Unica_de_Preventiva\" >\u00bfA qui\u00e9n va dirigido el seguro de decesos Prima \u00danica de Preventiva?<\/a><\/li><\/ul><\/li><li class='ez-toc-page-1 ez-toc-heading-level-2'><a class=\"ez-toc-link ez-toc-heading-3\" href=\"https:\/\/idecesos.com\/seguros\/companias\/preventiva\/prima-unica\/#Precio_de_seguro_de_decesos_Prima_Unica_Preventiva\" >Precio de seguro de decesos Prima \u00danica Preventiva<\/a><\/li><li class='ez-toc-page-1 ez-toc-heading-level-2'><a class=\"ez-toc-link ez-toc-heading-4\" href=\"https:\/\/idecesos.com\/seguros\/companias\/preventiva\/prima-unica\/#Productos_Prima_Unica_Preventiva\" >Productos Prima \u00danica Preventiva<\/a><\/li><li class='ez-toc-page-1 ez-toc-heading-level-2'><a class=\"ez-toc-link ez-toc-heading-5\" href=\"https:\/\/idecesos.com\/seguros\/companias\/preventiva\/prima-unica\/#Opiniones_del_seguro_de_decesos_de_Prima_Unica_de_Preventiva\" >Opiniones del seguro de decesos de Prima \u00danica de Preventiva<\/a><\/li><\/ul><\/nav><\/div>\n<p><br \/>\nEs importante que el seguro de decesos de prima \u00fanica de Preventiva se encargue al 100% de todas las gestiones recurrentes, tr\u00e1mites burocr\u00e1ticos as\u00ed como de dar tranquilidad a sus seres queridos. Mediante el abono en un s\u00f3lo pago de la prima a Preventiva y encomendando de forma indefinida, sin cancelaci\u00f3n anticipada y de forma totalmente garantizada la gesti\u00f3n completa del deceso. Preventiva ofrece un servicio f\u00e1cil, r\u00e1pido e integral de decesos con su servicio de asistencia mediante el pago \u00fanico de anticipado y ajustado a las necesidades de los clientes mayores de edad. <\/p>\n<p>Leer m\u00e1s: <a href=\"https:\/\/idecesos.com\/seguros\/tipo\/prima-unica\/\">Seguro de decesos Prima \u00danica<\/a><br \/>\n<div class=\"colorf \"  ><div class=\"container clearfix\"><div class=\"col-md-7\"><\/p>\n<h2><span class=\"ez-toc-section\" id=\"Coberturas_seguro_Prima_Unica_Preventiva\"><\/span>Coberturas seguro Prima \u00danica Preventiva<span class=\"ez-toc-section-end\"><\/span><\/h2>\n<p>La cobertura que cuenta Preventiva es muy precisa y eficiente, llevan a cabo toda la documentaci\u00f3n burocr\u00e1tica as\u00ed como cualquier tr\u00e1mite ante las administraciones p\u00fablicas. La gesti\u00f3n del sepelio garantiza desde el traslado, tanatorio, acto religioso, velorio, flores, funeraria, necrol\u00f3gica, cementerio, tambi\u00e9n la libre elecci\u00f3n de inhumaci\u00f3n o crematorio. Se ocupar\u00e1 de los tr\u00e1mites burocr\u00e1ticos m\u00e1s complicados con el servicio de asistencia de Preventiva desde la inscripci\u00f3n en el registro civil de fallecidos, certificado m\u00e9dico de defunci\u00f3n entre otras muchas gestiones. Se identifica por la asistencia de Preventiva que una vez te pongas en contacto con ellos, en inmediato se pondr\u00e1n a cubrir todo el proceso de sepelio dejando todo en manos de los especialistas sin que ocurra ninguna incidencia. La p\u00f3liza de prima \u00fanica de Preventiva es importante conocer las condiciones que contiene de todas las coberturas que te ofrecen, adem\u00e1s que podra venir de manera muy detallado y explicado.<br \/>\n<\/div><\/div><\/div><\/p>\n<h3><span class=\"ez-toc-section\" id=\"%C2%BFA_quien_va_dirigido_el_seguro_de_decesos_Prima_Unica_de_Preventiva\"><\/span>\u00bfA qui\u00e9n va dirigido el seguro de decesos Prima \u00danica de Preventiva?<span class=\"ez-toc-section-end\"><\/span><\/h3>\n<p>El seguro de prima \u00fanica de Preventiva est\u00e1 concretado para las personas de un rango de m\u00e1s de 65 a\u00f1os. Generalmente las personas que m\u00e1s lo contratan son aquellas que tienen 70 a\u00f1os ya que buscan dejar todo solucionado y sus familiares no deban preocuparse por nada cuando muera. En el momento que suceda el fallecimiento y se pongan en contacto con la compa\u00f1\u00eda, se encargasen de hacer las gestiones adecuadas para dejar todo arreglado y los familiares no deban preocuparse por nada en ese d\u00eda tan doloroso. Asimismo va dirigido a personas que no van tan holgadas a nivel econ\u00f3mico mas que el asegurado tienen una edad avanzada y no puede contratar una prima peri\u00f3dica pero que el seguro de prima \u00fanica de Preventiva es m\u00e1s barato que contratar un servicio funerario con el cuerpo del finado presente y adem\u00e1s no desean negociar, ni organizar, ni recaudar dinero a los familiares para abonar el servicio.<br \/>\n<div class=\"colorf \"  ><div class=\"container clearfix\"><div class=\"col-md-7\"><\/p>\n<h2><span class=\"ez-toc-section\" id=\"Precio_de_seguro_de_decesos_Prima_Unica_Preventiva\"><\/span>Precio de seguro de decesos Prima \u00danica Preventiva<span class=\"ez-toc-section-end\"><\/span><\/h2>\n<p>De a\u00f1o en a\u00f1o van variando los costes es desde 3000 euros el seguro de prima \u00fanica de Preventiva se hallan cerca de ese precio, aunque para efectuar el c\u00e1lculo de una manera m\u00e1s preciso se debe de tomar en consideraci\u00f3n diferentes factores. Adem\u00e1s, entre todos y cada uno de los seguros de pago \u00fanico que existen en Espa\u00f1a el de Preventiva es bastante econ\u00f3mico y muchos de los interesados se sorprenden de lo asequible que es, una vez se resuelven a contratarlo.<br \/>\n<\/div><\/div><\/div><\/p>\n<h2><span class=\"ez-toc-section\" id=\"Productos_Prima_Unica_Preventiva\"><\/span>Productos Prima \u00danica Preventiva<span class=\"ez-toc-section-end\"><\/span><\/h2>\n<div class=\"colorf\"><div class=\"container clearfix\"><div class=\"col-md-7\"><div class=\"opiniones\">\n<h2><span class=\"ez-toc-section\" id=\"Opiniones_del_seguro_de_decesos_de_Prima_Unica_de_Preventiva\"><\/span>Opiniones del seguro de decesos de Prima \u00danica de Preventiva<span class=\"ez-toc-section-end\"><\/span><\/h2>\n<div class=\"opinion \"  >\n\t\t\t<div class=\"cabecera_opinion\">\n\t\t\t\t<div class=\"avatar\">A F <\/div>\n\t\t\t\t<div class=\"datos_opinion\">\n\t\t\t\t\t<div class=\"nombre_opinion\">Agust\u00edn Feij\u00f3<\/div>\n\t\t\t\t\t<div class=\"info_opinion\">\t\t\t\t\t\t\n\t\t\t\t\t\t<div class=\"cuenta_opinion\"><i class=\"fas fa-pencil-alt\"><\/i><!--span class=\"dashicons dashicons-edit\" style=\"font-size:20px\"><\/span--><span>1 Opini\u00f3n<\/span><\/div>\t\t\t\t\t\t\n\t\t\t\t\t\t<div class=\"localizacion_opinion\">\n\t\t\t\t\t\t\t<i class=\"fas fa-map-marker-alt\"><\/i><!--span class=\"dashicons dashicons-location\" style=\"font-size:20px\"><\/span-->\n\t\t\t\t\t\t\t<span>ES<\/span>\n\t\t\t\t\t\t<\/div>\t\n\t\t\t\t\t<\/div>\n\t\t\t\t<\/div>\n\t\t\t<\/div><div class=\"texto_opinion\"><\/p>\n<p>Aparte de llevar a cabo todos los problemas que ocurri\u00f3 Preventiva el seguro de prima \u00fanica se encarg\u00f3 de todo en el instante del duelo.<\/p>\n<p><\/div><\/div>\n<div class=\"opinion \"  >\n\t\t\t<div class=\"cabecera_opinion\">\n\t\t\t\t<div class=\"avatar\">L H <\/div>\n\t\t\t\t<div class=\"datos_opinion\">\n\t\t\t\t\t<div class=\"nombre_opinion\">Luciano Higueras<\/div>\n\t\t\t\t\t<div class=\"info_opinion\">\t\t\t\t\t\t\n\t\t\t\t\t\t<div class=\"cuenta_opinion\"><i class=\"fas fa-pencil-alt\"><\/i><!--span class=\"dashicons dashicons-edit\" style=\"font-size:20px\"><\/span--><span>1 Opini\u00f3n<\/span><\/div>\t\t\t\t\t\t\n\t\t\t\t\t\t<div class=\"localizacion_opinion\">\n\t\t\t\t\t\t\t<i class=\"fas fa-map-marker-alt\"><\/i><!--span class=\"dashicons dashicons-location\" style=\"font-size:20px\"><\/span-->\n\t\t\t\t\t\t\t<span>ES<\/span>\n\t\t\t\t\t\t<\/div>\t\n\t\t\t\t\t<\/div>\n\t\t\t\t<\/div>\n\t\t\t<\/div><div class=\"texto_opinion\"><\/p>\n<p>Estoy content\u00edsima con el seguro de prima \u00fanica de Preventiva, tanto que tambi\u00e9n se la hemos contratado a mi abuela tras el servicio que le dieron a mi abuelo cuando muri\u00f3.<br \/>\n<\/div><\/div>\n<div class=\"opinion \"  >\n\t\t\t<div class=\"cabecera_opinion\">\n\t\t\t\t<div class=\"avatar\">O M <\/div>\n\t\t\t\t<div class=\"datos_opinion\">\n\t\t\t\t\t<div class=\"nombre_opinion\">Ovidio Maldonado<\/div>\n\t\t\t\t\t<div class=\"info_opinion\">\t\t\t\t\t\t\n\t\t\t\t\t\t<div class=\"cuenta_opinion\"><i class=\"fas fa-pencil-alt\"><\/i><!--span class=\"dashicons dashicons-edit\" style=\"font-size:20px\"><\/span--><span>1 Opini\u00f3n<\/span><\/div>\t\t\t\t\t\t\n\t\t\t\t\t\t<div class=\"localizacion_opinion\">\n\t\t\t\t\t\t\t<i class=\"fas fa-map-marker-alt\"><\/i><!--span class=\"dashicons dashicons-location\" style=\"font-size:20px\"><\/span-->\n\t\t\t\t\t\t\t<span>ES<\/span>\n\t\t\t\t\t\t<\/div>\t\n\t\t\t\t\t<\/div>\n\t\t\t\t<\/div>\n\t\t\t<\/div><div class=\"texto_opinion\"><\/p>\n<p>La mejor compa\u00f1\u00eda que puede existir en el mercado es sin ning\u00fan g\u00e9nero de dudas el seguro de prima \u00fanica de Preventiva, ya que cuentan con el mejor servicio funerario y de forma completa c\u00f3mo detallada.<\/p>\n<p><\/div><\/div>\n<\/div><\/div><\/div><\/div>\n<p><div class=\"oficinas\"><br \/>\n<h3>P\u00e1ginas relacionadas<\/h3><div class=\"enlazado\"><ul> <li><a href=\"https:\/\/idecesos.com\/seguros\/companias\/preventiva\/coberturas\/\">Coberturas Preventiva<\/a><\/li> <li><a href=\"https:\/\/idecesos.com\/seguros\/companias\/preventiva\/opiniones\/\">Opiniones Preventiva<\/a><\/li> <li><a href=\"https:\/\/idecesos.com\/seguros\/companias\/preventiva\/precio\/\">Precio seguro Preventiva<\/a><\/li> <li><a href=\"https:\/\/idecesos.com\/seguros\/companias\/preventiva\/prima-mixta\/\">Preventiva Prima Mixta<\/a><\/li> <li><a href=\"https:\/\/idecesos.com\/seguros\/companias\/preventiva\/prima-natural\/\">Preventiva Prima Natural<\/a><\/li> <li><a href=\"https:\/\/idecesos.com\/seguros\/companias\/preventiva\/prima-nivelada\/\">Preventiva Prima Nivelada<\/a><\/li> <li><a href=\"https:\/\/idecesos.com\/seguros\/companias\/preventiva\/prima-unica\/\">Preventiva Prima \u00danica<\/a><\/li> <li><a href=\"https:\/\/idecesos.com\/seguros\/companias\/preventiva\/repatriacion\/\">Preventiva Repatriaci\u00f3n<\/a><\/li> <li><a href=\"https:\/\/idecesos.com\/seguros\/companias\/preventiva\/telefono\/\">Tel\u00e9fono Gratuito Preventiva<\/a><\/li>   <\/ul><\/div><\/p>\n<\/div>\n","protected":false},"excerpt":{"rendered":"<p>Es importante que el seguro de decesos de prima \u00fanica de Preventiva se encargue al 100% de todas las gestiones recurrentes, tr\u00e1mites burocr\u00e1ticos as\u00ed como de dar tranquilidad a sus seres queridos. Mediante el abono en un s\u00f3lo pago de la prima a Preventiva y encomendando de forma indefinida, sin cancelaci\u00f3n anticipada y de forma&hellip; <\/p>\n","protected":false},"author":3,"featured_media":0,"parent":447,"menu_order":0,"comment_status":"closed","ping_status":"closed","template":"single.php","meta":{"footnotes":""},"class_list":["post-11336","page","type-page","status-publish","hentry"],"yoast_head":"<!-- This site is optimized with the Yoast SEO plugin v27.6 - https:\/\/yoast.com\/product\/yoast-seo-wordpress\/ -->\n<title>Seguro Decesos Preventiva Prima \u00danica \u25b7 Opiniones y Precio 2026<\/title>\n<meta name=\"description\" content=\"Click aqu\u00ed \u3010Seguro de Decesos Prima \u00danica Preventiva\u3011 Mejores precios Preventiva seguro de fallecidos Prima \u00danica \u2611\ufe0f Actualizado por iDecesos\u00ae\" \/>\n<meta name=\"robots\" content=\"index, follow, max-snippet:-1, max-image-preview:large, max-video-preview:-1\" \/>\n<link rel=\"canonical\" href=\"https:\/\/idecesos.com\/seguros\/companias\/preventiva\/prima-unica\/\" \/>\n<meta property=\"og:locale\" content=\"es_ES\" \/>\n<meta property=\"og:type\" content=\"article\" \/>\n<meta property=\"og:title\" content=\"Seguro Decesos Preventiva Prima \u00danica \u25b7 Opiniones y Precio 2026\" \/>\n<meta property=\"og:description\" content=\"Click aqu\u00ed \u3010Seguro de Decesos Prima \u00danica Preventiva\u3011 Mejores precios Preventiva seguro de fallecidos Prima \u00danica \u2611\ufe0f Actualizado por iDecesos\u00ae\" \/>\n<meta property=\"og:url\" content=\"https:\/\/idecesos.com\/seguros\/companias\/preventiva\/prima-unica\/\" \/>\n<meta property=\"article:modified_time\" content=\"2022-01-03T12:31:15+00:00\" \/>\n<meta name=\"twitter:card\" content=\"summary_large_image\" \/>\n<meta name=\"twitter:label1\" content=\"Tiempo de lectura\" \/>\n\t<meta name=\"twitter:data1\" content=\"60 minutos\" \/>\n<script type=\"application\/ld+json\" class=\"yoast-schema-graph\">{\"@context\":\"https:\\\/\\\/schema.org\",\"@graph\":[{\"@type\":\"WebPage\",\"@id\":\"https:\\\/\\\/idecesos.com\\\/seguros\\\/companias\\\/preventiva\\\/prima-unica\\\/\",\"url\":\"https:\\\/\\\/idecesos.com\\\/seguros\\\/companias\\\/preventiva\\\/prima-unica\\\/\",\"name\":\"Seguro Decesos Preventiva Prima \u00danica \u25b7 Opiniones y Precio 2026\",\"isPartOf\":{\"@id\":\"https:\\\/\\\/idecesos.com\\\/seguros\\\/#website\"},\"datePublished\":\"2021-10-28T00:00:00+00:00\",\"dateModified\":\"2022-01-03T12:31:15+00:00\",\"description\":\"Click aqu\u00ed \u3010Seguro de Decesos Prima \u00danica Preventiva\u3011 Mejores precios Preventiva seguro de fallecidos Prima \u00danica \u2611\ufe0f Actualizado por iDecesos\u00ae\",\"breadcrumb\":{\"@id\":\"https:\\\/\\\/idecesos.com\\\/seguros\\\/companias\\\/preventiva\\\/prima-unica\\\/#breadcrumb\"},\"inLanguage\":\"es\",\"potentialAction\":[{\"@type\":\"ReadAction\",\"target\":[\"https:\\\/\\\/idecesos.com\\\/seguros\\\/companias\\\/preventiva\\\/prima-unica\\\/\"]}]},{\"@type\":\"BreadcrumbList\",\"@id\":\"https:\\\/\\\/idecesos.com\\\/seguros\\\/companias\\\/preventiva\\\/prima-unica\\\/#breadcrumb\",\"itemListElement\":[{\"@type\":\"ListItem\",\"position\":1,\"name\":\"Portada\",\"item\":\"https:\\\/\\\/idecesos.com\\\/seguros\\\/\"},{\"@type\":\"ListItem\",\"position\":2,\"name\":\"Compa\u00f1\u00edas de Seguros de Decesos en Espa\u00f1a\",\"item\":\"https:\\\/\\\/idecesos.com\\\/seguros\\\/companias\\\/\"},{\"@type\":\"ListItem\",\"position\":3,\"name\":\"Seguro de decesos Preventiva\",\"item\":\"https:\\\/\\\/idecesos.com\\\/seguros\\\/companias\\\/preventiva\\\/\"},{\"@type\":\"ListItem\",\"position\":4,\"name\":\"Seguro de decesos Preventiva Prima \u00danica\"}]},{\"@type\":\"WebSite\",\"@id\":\"https:\\\/\\\/idecesos.com\\\/seguros\\\/#website\",\"url\":\"https:\\\/\\\/idecesos.com\\\/seguros\\\/\",\"name\":\"\",\"description\":\"\",\"potentialAction\":[{\"@type\":\"SearchAction\",\"target\":{\"@type\":\"EntryPoint\",\"urlTemplate\":\"https:\\\/\\\/idecesos.com\\\/seguros\\\/?s={search_term_string}\"},\"query-input\":{\"@type\":\"PropertyValueSpecification\",\"valueRequired\":true,\"valueName\":\"search_term_string\"}}],\"inLanguage\":\"es\"}]}<\/script>\n<!-- \/ Yoast SEO plugin. -->","yoast_head_json":{"title":"Seguro Decesos Preventiva Prima \u00danica \u25b7 Opiniones y Precio 2026","description":"Click aqu\u00ed \u3010Seguro de Decesos Prima \u00danica Preventiva\u3011 Mejores precios Preventiva seguro de fallecidos Prima \u00danica \u2611\ufe0f Actualizado por iDecesos\u00ae","robots":{"index":"index","follow":"follow","max-snippet":"max-snippet:-1","max-image-preview":"max-image-preview:large","max-video-preview":"max-video-preview:-1"},"canonical":"https:\/\/idecesos.com\/seguros\/companias\/preventiva\/prima-unica\/","og_locale":"es_ES","og_type":"article","og_title":"Seguro Decesos Preventiva Prima \u00danica \u25b7 Opiniones y Precio 2026","og_description":"Click aqu\u00ed \u3010Seguro de Decesos Prima \u00danica Preventiva\u3011 Mejores precios Preventiva seguro de fallecidos Prima \u00danica \u2611\ufe0f Actualizado por iDecesos\u00ae","og_url":"https:\/\/idecesos.com\/seguros\/companias\/preventiva\/prima-unica\/","article_modified_time":"2022-01-03T12:31:15+00:00","twitter_card":"summary_large_image","twitter_misc":{"Tiempo de lectura":"60 minutos"},"schema":{"@context":"https:\/\/schema.org","@graph":[{"@type":"WebPage","@id":"https:\/\/idecesos.com\/seguros\/companias\/preventiva\/prima-unica\/","url":"https:\/\/idecesos.com\/seguros\/companias\/preventiva\/prima-unica\/","name":"Seguro Decesos Preventiva Prima \u00danica \u25b7 Opiniones y Precio 2026","isPartOf":{"@id":"https:\/\/idecesos.com\/seguros\/#website"},"datePublished":"2021-10-28T00:00:00+00:00","dateModified":"2022-01-03T12:31:15+00:00","description":"Click aqu\u00ed \u3010Seguro de Decesos Prima \u00danica Preventiva\u3011 Mejores precios Preventiva seguro de fallecidos Prima \u00danica \u2611\ufe0f Actualizado por iDecesos\u00ae","breadcrumb":{"@id":"https:\/\/idecesos.com\/seguros\/companias\/preventiva\/prima-unica\/#breadcrumb"},"inLanguage":"es","potentialAction":[{"@type":"ReadAction","target":["https:\/\/idecesos.com\/seguros\/companias\/preventiva\/prima-unica\/"]}]},{"@type":"BreadcrumbList","@id":"https:\/\/idecesos.com\/seguros\/companias\/preventiva\/prima-unica\/#breadcrumb","itemListElement":[{"@type":"ListItem","position":1,"name":"Portada","item":"https:\/\/idecesos.com\/seguros\/"},{"@type":"ListItem","position":2,"name":"Compa\u00f1\u00edas de Seguros de Decesos en Espa\u00f1a","item":"https:\/\/idecesos.com\/seguros\/companias\/"},{"@type":"ListItem","position":3,"name":"Seguro de decesos Preventiva","item":"https:\/\/idecesos.com\/seguros\/companias\/preventiva\/"},{"@type":"ListItem","position":4,"name":"Seguro de decesos Preventiva Prima \u00danica"}]},{"@type":"WebSite","@id":"https:\/\/idecesos.com\/seguros\/#website","url":"https:\/\/idecesos.com\/seguros\/","name":"","description":"","potentialAction":[{"@type":"SearchAction","target":{"@type":"EntryPoint","urlTemplate":"https:\/\/idecesos.com\/seguros\/?s={search_term_string}"},"query-input":{"@type":"PropertyValueSpecification","valueRequired":true,"valueName":"search_term_string"}}],"inLanguage":"es"}]}},"_links":{"self":[{"href":"https:\/\/idecesos.com\/seguros\/wp-json\/wp\/v2\/pages\/11336","targetHints":{"allow":["GET"]}}],"collection":[{"href":"https:\/\/idecesos.com\/seguros\/wp-json\/wp\/v2\/pages"}],"about":[{"href":"https:\/\/idecesos.com\/seguros\/wp-json\/wp\/v2\/types\/page"}],"author":[{"embeddable":true,"href":"https:\/\/idecesos.com\/seguros\/wp-json\/wp\/v2\/users\/3"}],"replies":[{"embeddable":true,"href":"https:\/\/idecesos.com\/seguros\/wp-json\/wp\/v2\/comments?post=11336"}],"version-history":[{"count":1,"href":"https:\/\/idecesos.com\/seguros\/wp-json\/wp\/v2\/pages\/11336\/revisions"}],"predecessor-version":[{"id":12773,"href":"https:\/\/idecesos.com\/seguros\/wp-json\/wp\/v2\/pages\/11336\/revisions\/12773"}],"up":[{"embeddable":true,"href":"https:\/\/idecesos.com\/seguros\/wp-json\/wp\/v2\/pages\/447"}],"wp:attachment":[{"href":"https:\/\/idecesos.com\/seguros\/wp-json\/wp\/v2\/media?parent=11336"}],"curies":[{"name":"wp","href":"https:\/\/api.w.org\/{rel}","templated":true}]}}