{"id":11339,"date":"2021-10-29T00:00:00","date_gmt":"2021-10-29T00:00:00","guid":{"rendered":"https:\/\/idecesos.com\/seguros\/?page_id=11339"},"modified":"2022-01-03T12:29:59","modified_gmt":"2022-01-03T12:29:59","slug":"repatriacion","status":"publish","type":"page","link":"https:\/\/idecesos.com\/seguros\/companias\/banco-mediolanum\/repatriacion\/","title":{"rendered":"Seguro de decesos Banco Mediolanum con repatriaci\u00f3n"},"content":{"rendered":"<div id=\"ez-toc-container\" class=\"ez-toc-v2_0_82_2 ez-toc-wrap-center counter-hierarchy ez-toc-counter ez-toc-custom ez-toc-container-direction\">\n<div class=\"ez-toc-title-container\">\n<p class=\"ez-toc-title\" style=\"cursor:inherit\">Tabla de Contenido<\/p>\n<span class=\"ez-toc-title-toggle\"><a href=\"#\" class=\"ez-toc-pull-right ez-toc-btn ez-toc-btn-xs ez-toc-btn-default ez-toc-toggle\" aria-label=\"Alternar tabla de contenidos\"><span class=\"ez-toc-js-icon-con\"><span class=\"\"><span class=\"eztoc-hide\" style=\"display:none;\">Toggle<\/span><span class=\"ez-toc-icon-toggle-span\"><svg style=\"fill: #db6415;color:#db6415\" xmlns=\"http:\/\/www.w3.org\/2000\/svg\" class=\"list-377408\" width=\"20px\" height=\"20px\" viewBox=\"0 0 24 24\" fill=\"none\"><path d=\"M6 6H4v2h2V6zm14 0H8v2h12V6zM4 11h2v2H4v-2zm16 0H8v2h12v-2zM4 16h2v2H4v-2zm16 0H8v2h12v-2z\" fill=\"currentColor\"><\/path><\/svg><svg style=\"fill: #db6415;color:#db6415\" class=\"arrow-unsorted-368013\" xmlns=\"http:\/\/www.w3.org\/2000\/svg\" width=\"10px\" height=\"10px\" viewBox=\"0 0 24 24\" version=\"1.2\" baseProfile=\"tiny\"><path d=\"M18.2 9.3l-6.2-6.3-6.2 6.3c-.2.2-.3.4-.3.7s.1.5.3.7c.2.2.4.3.7.3h11c.3 0 .5-.1.7-.3.2-.2.3-.5.3-.7s-.1-.5-.3-.7zM5.8 14.7l6.2 6.3 6.2-6.3c.2-.2.3-.5.3-.7s-.1-.5-.3-.7c-.2-.2-.4-.3-.7-.3h-11c-.3 0-.5.1-.7.3-.2.2-.3.5-.3.7s.1.5.3.7z\"\/><\/svg><\/span><\/span><\/span><\/a><\/span><\/div>\n<nav><ul class='ez-toc-list ez-toc-list-level-1 ' ><li class='ez-toc-page-1 ez-toc-heading-level-2'><a class=\"ez-toc-link ez-toc-heading-1\" href=\"https:\/\/idecesos.com\/seguros\/companias\/banco-mediolanum\/repatriacion\/#Coberturas_seguro_Banco_Mediolanum_con_repatriacion\" >Coberturas seguro Banco Mediolanum con repatriaci\u00f3n<\/a><ul class='ez-toc-list-level-3' ><li class='ez-toc-heading-level-3'><a class=\"ez-toc-link ez-toc-heading-2\" href=\"https:\/\/idecesos.com\/seguros\/companias\/banco-mediolanum\/repatriacion\/#%C2%BFA_quien_va_dirigido_el_seguro_de_decesos_con_repatriacion_de_Banco_Mediolanum\" >\u00bfA qui\u00e9n va dirigido el seguro de decesos con repatriaci\u00f3n de Banco Mediolanum?<\/a><\/li><\/ul><\/li><li class='ez-toc-page-1 ez-toc-heading-level-2'><a class=\"ez-toc-link ez-toc-heading-3\" href=\"https:\/\/idecesos.com\/seguros\/companias\/banco-mediolanum\/repatriacion\/#Precio_de_seguro_de_decesos_Banco_Mediolanum_con_repatriacion\" >Precio de seguro de decesos Banco Mediolanum con repatriaci\u00f3n<\/a><\/li><li class='ez-toc-page-1 ez-toc-heading-level-2'><a class=\"ez-toc-link ez-toc-heading-4\" href=\"https:\/\/idecesos.com\/seguros\/companias\/banco-mediolanum\/repatriacion\/#Productos_Repatriacion_Banco_Mediolanum\" >Productos Repatriaci\u00f3n Banco Mediolanum<\/a><\/li><li class='ez-toc-page-1 ez-toc-heading-level-2'><a class=\"ez-toc-link ez-toc-heading-5\" href=\"https:\/\/idecesos.com\/seguros\/companias\/banco-mediolanum\/repatriacion\/#Opiniones_del_seguro_de_decesos_de_Repatriacion_de_Banco_Mediolanum\" >Opiniones del seguro de decesos de Repatriaci\u00f3n de Banco Mediolanum<\/a><ul class='ez-toc-list-level-3' ><li class='ez-toc-heading-level-3'><a class=\"ez-toc-link ez-toc-heading-6\" href=\"https:\/\/idecesos.com\/seguros\/companias\/banco-mediolanum\/repatriacion\/#Paginas_relacionadas\" >P\u00e1ginas relacionadas<\/a><\/li><\/ul><\/li><\/ul><\/nav><\/div>\n\n<p>El seguro de repatriaci\u00f3n Banco Mediolanum, quedando incluidas dentro del seguro de decesos las coberturas b\u00e1sicas una de ellas es la de contar con este servicio. Cada pa\u00eds es diferente al resto, pero Espa\u00f1a destaca por acoger en los \u00faltimos tiempos a personas extranjeras a fin de que puedan radicar aqu\u00ed lo m\u00e1s satisfactoriamente posible. En comparaci\u00f3n como es el pa\u00eds de Alemania 199117 , Per\u00fa 193786 y Rep\u00fablica Dominicana 167176. Es mejor precaver y estar preparado para lo que pueda acontecer, es mejor tener la situaci\u00f3n controlada para poder administrarlo desde el primer instante. \u00bfQu\u00e9 sucede en el caso de los emigrantes? Dan garant\u00edas de uno de los mejores cobertura si es tu caso, se realizar\u00e1 la repatriaci\u00f3n cuando ocurra el \u00f3bito. Por lo que podr\u00e1s tener esa tranquilidad en cualquier pa\u00eds que te encuentres y que tu familia pueda contar en todo momento con esa calma. <\/p>\n<p>Leer m\u00e1s: <a href=\"https:\/\/idecesos.com\/seguros\/tipo\/extranjeros-repatriacion\/\">Seguro de decesos con repatriaci\u00f3n<\/a><\/p>\n<div class=\"colorf \"  ><div class=\"container clearfix\"><div class=\"col-md-7\"><\/p>\n<h2><span class=\"ez-toc-section\" id=\"Coberturas_seguro_Banco_Mediolanum_con_repatriacion\"><\/span>Coberturas seguro Banco Mediolanum con repatriaci\u00f3n<span class=\"ez-toc-section-end\"><\/span><\/h2>\n<p>Est\u00e1s todav\u00eda a tiempo de conocer todas las coberturas de decesos de repatriaci\u00f3n en Banco Mediolanum, jam\u00e1s es tarde para hallar una soluci\u00f3n conveniente a cualquier problema. Vas a poder obtenerlo a trav\u00e9s de un seguro de vida, de salud o bien seguro de viaje o bien seguro de decesos. <\/p>\n<p><\/div><\/div><\/div>\n<h3><span class=\"ez-toc-section\" id=\"%C2%BFA_quien_va_dirigido_el_seguro_de_decesos_con_repatriacion_de_Banco_Mediolanum\"><\/span>\u00bfA qui\u00e9n va dirigido el seguro de decesos con repatriaci\u00f3n de Banco Mediolanum?<span class=\"ez-toc-section-end\"><\/span><\/h3>\n<p>El precio de seguro de decesos repatriaci\u00f3n de la Banco Mediolanum est\u00e1 dirigida a alguien en cualquier pa\u00eds del planeta, que se halla en Espa\u00f1a, y por una raz\u00f3n por la que le gustar\u00eda retornar tras la muerte en su pa\u00eds de origen, con todo este proceso, no va a correr con los gastos extremadamente altos y tampoco los miembros de su familia. Dentro de los objetivos principales es tener conocimiento en todo instante de lo que protege en la p\u00f3liza en el momento de efectuar el pago sobre el servicio funerario, quedando todo cubierto, como lo indique el contrato. <\/p>\n<div class=\"colorf \"  ><div class=\"container clearfix\"><div class=\"col-md-7\"><\/p>\n<h2><span class=\"ez-toc-section\" id=\"Precio_de_seguro_de_decesos_Banco_Mediolanum_con_repatriacion\"><\/span>Precio de seguro de decesos Banco Mediolanum con repatriaci\u00f3n<span class=\"ez-toc-section-end\"><\/span><\/h2>\n<p>El precio de seguro de decesos repatriaci\u00f3n de Banco Mediolanum en la mayor parte de los casos se analizaran detalladamente las coberturas de la p\u00f3liza tanto si has aplicado coberturas auxiliares, se podr\u00eda querer que el c\u00e1lculo del precio es desde 4,75 euros en la que llegue a variar. Debes de tener en cuenta que este seguro de decesos para extranjeros es uno complementario al que ya tienes contratado. Con la ayuda de iDecesos entender\u00e1s de una manera considerablemente m\u00e1s sencilla la hora de efectuar la contrataci\u00f3n, vas a poder cotejarlos con un gran abanico de compa\u00f1\u00edas de seguros, existiendo diferentes precios, accede a nuestro a nuestra web y conseguir\u00e1s todo cuanto precises respecto a los seguros. <\/p>\n<p><\/div><\/div><\/div>\n<h2><span class=\"ez-toc-section\" id=\"Productos_Repatriacion_Banco_Mediolanum\"><\/span>Productos Repatriaci\u00f3n Banco Mediolanum<span class=\"ez-toc-section-end\"><\/span><\/h2>\n<div class=\"colorf\"><div class=\"container clearfix\"><div class=\"col-md-7\"><div class=\"opiniones\">\n<h2><span class=\"ez-toc-section\" id=\"Opiniones_del_seguro_de_decesos_de_Repatriacion_de_Banco_Mediolanum\"><\/span>Opiniones del seguro de decesos de Repatriaci\u00f3n de Banco Mediolanum<span class=\"ez-toc-section-end\"><\/span><\/h2>\n<p>&nbsp;<\/p>\n<div class=\"opinion \"  >\n\t\t\t<div class=\"cabecera_opinion\">\n\t\t\t\t<div class=\"avatar\">B P <\/div>\n\t\t\t\t<div class=\"datos_opinion\">\n\t\t\t\t\t<div class=\"nombre_opinion\">Buenaventura Paniagua<\/div>\n\t\t\t\t\t<div class=\"info_opinion\">\t\t\t\t\t\t\n\t\t\t\t\t\t<div class=\"cuenta_opinion\"><i class=\"fas fa-pencil-alt\"><\/i><!--span class=\"dashicons dashicons-edit\" style=\"font-size:20px\"><\/span--><span>1 Opini\u00f3n<\/span><\/div>\t\t\t\t\t\t\n\t\t\t\t\t\t<div class=\"localizacion_opinion\">\n\t\t\t\t\t\t\t<i class=\"fas fa-map-marker-alt\"><\/i><!--span class=\"dashicons dashicons-location\" style=\"font-size:20px\"><\/span-->\n\t\t\t\t\t\t\t<span>ES<\/span>\n\t\t\t\t\t\t<\/div>\t\n\t\t\t\t\t<\/div>\n\t\t\t\t<\/div>\n\t\t\t<\/div><div class=\"texto_opinion\"><\/p>\n<p>Precisamente mis tres hijos viajar por tema laboral por lo que decidimos contratar la p\u00f3liza de repatriaci\u00f3n de Banco Mediolanum puesto que contaba con todas las coberturas al completo, en las cl\u00e1usulas vienen m\u00e1s detallada, nos efectuaron un presupuesto muy accesible, aparte de que me lo hab\u00edan recomendado m\u00faltiples amigas, tras informarme y contemplar diferentes opciones, me qued\u00e9 con Banco Mediolanum y de lo que llevo con ellos, no he tenido ninguna incidencia.<\/p>\n<p><\/div><\/div>\n<div class=\"opinion \"  >\n\t\t\t<div class=\"cabecera_opinion\">\n\t\t\t\t<div class=\"avatar\">S A <\/div>\n\t\t\t\t<div class=\"datos_opinion\">\n\t\t\t\t\t<div class=\"nombre_opinion\">Sandra Alberdi<\/div>\n\t\t\t\t\t<div class=\"info_opinion\">\t\t\t\t\t\t\n\t\t\t\t\t\t<div class=\"cuenta_opinion\"><i class=\"fas fa-pencil-alt\"><\/i><!--span class=\"dashicons dashicons-edit\" style=\"font-size:20px\"><\/span--><span>1 Opini\u00f3n<\/span><\/div>\t\t\t\t\t\t\n\t\t\t\t\t\t<div class=\"localizacion_opinion\">\n\t\t\t\t\t\t\t<i class=\"fas fa-map-marker-alt\"><\/i><!--span class=\"dashicons dashicons-location\" style=\"font-size:20px\"><\/span-->\n\t\t\t\t\t\t\t<span>ES<\/span>\n\t\t\t\t\t\t<\/div>\t\n\t\t\t\t\t<\/div>\n\t\t\t\t<\/div>\n\t\t\t<\/div><div class=\"texto_opinion\"><\/p>\n<p>Por mi condici\u00f3n laboral me vi forzado a efectuar esta p\u00f3liza, por el hecho de asegurar la calma a mi familia como seres queridos, no tuve ning\u00fan problema a la hora de la contrataci\u00f3n la persona que me atendieron fueron lo m\u00e1s profesional posible, y era experto en el campo con lo que me dejo claro todo en el instante. Adem\u00e1s de esto las coberturas se amoldan perfectamente a mis necesidades, aparte de que contaba con algunas complementarias.<\/p>\n<p><\/div><\/div>\n<div class=\"opinion \"  >\n\t\t\t<div class=\"cabecera_opinion\">\n\t\t\t\t<div class=\"avatar\">P S <\/div>\n\t\t\t\t<div class=\"datos_opinion\">\n\t\t\t\t\t<div class=\"nombre_opinion\">Pilar Sierra<\/div>\n\t\t\t\t\t<div class=\"info_opinion\">\t\t\t\t\t\t\n\t\t\t\t\t\t<div class=\"cuenta_opinion\"><i class=\"fas fa-pencil-alt\"><\/i><!--span class=\"dashicons dashicons-edit\" style=\"font-size:20px\"><\/span--><span>1 Opini\u00f3n<\/span><\/div>\t\t\t\t\t\t\n\t\t\t\t\t\t<div class=\"localizacion_opinion\">\n\t\t\t\t\t\t\t<i class=\"fas fa-map-marker-alt\"><\/i><!--span class=\"dashicons dashicons-location\" style=\"font-size:20px\"><\/span-->\n\t\t\t\t\t\t\t<span>ES<\/span>\n\t\t\t\t\t\t<\/div>\t\n\t\t\t\t\t<\/div>\n\t\t\t\t<\/div>\n\t\t\t<\/div><div class=\"texto_opinion\"><\/p>\n<p>El marido de mi mejor amiga es consultor de Banco Mediolanum con lo que aparte de decirme todas y cada una de las coberturas que contar\u00eda en la p\u00f3liza de repatriaci\u00f3n era todo cuanto buscaba, ya que me hijo iba a viajar y necesitaba contar con una calma tanto para \u00e9l como para mi, por lo que Banco Mediolanum contaba con muy buena tarifa en el instante que realice el contrato.<\/p>\n<p><\/div><\/div>\n<\/div><\/div><\/div><\/div>\n<p><div class=\"oficinas\"><br \/>\n<h3><span class=\"ez-toc-section\" id=\"Paginas_relacionadas\"><\/span>P\u00e1ginas relacionadas<span class=\"ez-toc-section-end\"><\/span><\/h3><div class=\"enlazado\"><ul> <li><a href=\"https:\/\/idecesos.com\/seguros\/companias\/banco-mediolanum\/opiniones\/\">Opiniones Banco Mediolanum<\/a><\/li> <li><a href=\"https:\/\/idecesos.com\/seguros\/companias\/banco-mediolanum\/precio\/\">Precio seguro Banco Mediolanum<\/a><\/li> <li><a href=\"https:\/\/idecesos.com\/seguros\/companias\/banco-mediolanum\/prima-mixta\/\">Banco Mediolanum Prima Mixta<\/a><\/li> <li><a href=\"https:\/\/idecesos.com\/seguros\/companias\/banco-mediolanum\/prima-natural\/\">Banco Mediolanum Prima Natural<\/a><\/li> <li><a href=\"https:\/\/idecesos.com\/seguros\/companias\/banco-mediolanum\/prima-nivelada\/\">Banco Mediolanum Prima Nivelada<\/a><\/li> <li><a href=\"https:\/\/idecesos.com\/seguros\/companias\/banco-mediolanum\/prima-unica\/\">Banco Mediolanum Prima \u00danica<\/a><\/li> <li><a href=\"https:\/\/idecesos.com\/seguros\/companias\/banco-mediolanum\/repatriacion\/\">Banco Mediolanum Repatriaci\u00f3n<\/a><\/li> <li><a href=\"https:\/\/idecesos.com\/seguros\/companias\/banco-mediolanum\/telefono\/\">Tel\u00e9fono Gratuito Banco Mediolanum<\/a><\/li><\/ul><\/div><\/p>\n<\/div>\n","protected":false},"excerpt":{"rendered":"<p>El seguro de repatriaci\u00f3n Banco Mediolanum, quedando incluidas dentro del seguro de decesos las coberturas b\u00e1sicas una de ellas es la de contar con este servicio. Cada pa\u00eds es diferente al resto, pero Espa\u00f1a destaca por acoger en los \u00faltimos tiempos a personas extranjeras a fin de que puedan radicar aqu\u00ed lo m\u00e1s satisfactoriamente posible.&hellip; <\/p>\n","protected":false},"author":3,"featured_media":0,"parent":292,"menu_order":0,"comment_status":"closed","ping_status":"closed","template":"single.php","meta":{"footnotes":""},"class_list":["post-11339","page","type-page","status-publish","hentry"],"yoast_head":"<!-- This site is optimized with the Yoast SEO plugin v27.3 - https:\/\/yoast.com\/product\/yoast-seo-wordpress\/ -->\n<title>Seguro Decesos Banco Mediolanum Repatriaci\u00f3n \u25b7 Opiniones y Precio 2026<\/title>\n<meta name=\"description\" content=\"Click aqu\u00ed \u3010Seguro de Decesos con repatriaci\u00f3n Banco Mediolanum\u3011 Mejores precios Banco Mediolanum seguro de fallecidos con repatriaci\u00f3n \u2611\ufe0f Actualizado por iDecesos\u00ae\" \/>\n<meta name=\"robots\" content=\"index, follow, max-snippet:-1, max-image-preview:large, max-video-preview:-1\" \/>\n<link rel=\"canonical\" href=\"https:\/\/idecesos.com\/seguros\/companias\/banco-mediolanum\/repatriacion\/\" \/>\n<meta property=\"og:locale\" content=\"es_ES\" \/>\n<meta property=\"og:type\" content=\"article\" \/>\n<meta property=\"og:title\" content=\"Seguro Decesos Banco Mediolanum Repatriaci\u00f3n \u25b7 Opiniones y Precio 2026\" \/>\n<meta property=\"og:description\" content=\"Click aqu\u00ed \u3010Seguro de Decesos con repatriaci\u00f3n Banco Mediolanum\u3011 Mejores precios Banco Mediolanum seguro de fallecidos con repatriaci\u00f3n \u2611\ufe0f Actualizado por iDecesos\u00ae\" \/>\n<meta property=\"og:url\" content=\"https:\/\/idecesos.com\/seguros\/companias\/banco-mediolanum\/repatriacion\/\" \/>\n<meta property=\"article:modified_time\" content=\"2022-01-03T12:29:59+00:00\" \/>\n<meta name=\"twitter:card\" content=\"summary_large_image\" \/>\n<meta name=\"twitter:label1\" content=\"Tiempo de lectura\" \/>\n\t<meta name=\"twitter:data1\" content=\"56 minutos\" \/>\n<script type=\"application\/ld+json\" class=\"yoast-schema-graph\">{\"@context\":\"https:\\\/\\\/schema.org\",\"@graph\":[{\"@type\":\"WebPage\",\"@id\":\"https:\\\/\\\/idecesos.com\\\/seguros\\\/companias\\\/banco-mediolanum\\\/repatriacion\\\/\",\"url\":\"https:\\\/\\\/idecesos.com\\\/seguros\\\/companias\\\/banco-mediolanum\\\/repatriacion\\\/\",\"name\":\"Seguro Decesos Banco Mediolanum Repatriaci\u00f3n \u25b7 Opiniones y Precio 2026\",\"isPartOf\":{\"@id\":\"https:\\\/\\\/idecesos.com\\\/seguros\\\/#website\"},\"datePublished\":\"2021-10-29T00:00:00+00:00\",\"dateModified\":\"2022-01-03T12:29:59+00:00\",\"description\":\"Click aqu\u00ed \u3010Seguro de Decesos con repatriaci\u00f3n Banco Mediolanum\u3011 Mejores precios Banco Mediolanum seguro de fallecidos con repatriaci\u00f3n \u2611\ufe0f Actualizado por iDecesos\u00ae\",\"breadcrumb\":{\"@id\":\"https:\\\/\\\/idecesos.com\\\/seguros\\\/companias\\\/banco-mediolanum\\\/repatriacion\\\/#breadcrumb\"},\"inLanguage\":\"es\",\"potentialAction\":[{\"@type\":\"ReadAction\",\"target\":[\"https:\\\/\\\/idecesos.com\\\/seguros\\\/companias\\\/banco-mediolanum\\\/repatriacion\\\/\"]}]},{\"@type\":\"BreadcrumbList\",\"@id\":\"https:\\\/\\\/idecesos.com\\\/seguros\\\/companias\\\/banco-mediolanum\\\/repatriacion\\\/#breadcrumb\",\"itemListElement\":[{\"@type\":\"ListItem\",\"position\":1,\"name\":\"Portada\",\"item\":\"https:\\\/\\\/idecesos.com\\\/seguros\\\/\"},{\"@type\":\"ListItem\",\"position\":2,\"name\":\"Compa\u00f1\u00edas de Seguros de Decesos en Espa\u00f1a\",\"item\":\"https:\\\/\\\/idecesos.com\\\/seguros\\\/companias\\\/\"},{\"@type\":\"ListItem\",\"position\":3,\"name\":\"Seguro de decesos Banco Mediolanum\",\"item\":\"https:\\\/\\\/idecesos.com\\\/seguros\\\/companias\\\/banco-mediolanum\\\/\"},{\"@type\":\"ListItem\",\"position\":4,\"name\":\"Seguro de decesos Banco Mediolanum con repatriaci\u00f3n\"}]},{\"@type\":\"WebSite\",\"@id\":\"https:\\\/\\\/idecesos.com\\\/seguros\\\/#website\",\"url\":\"https:\\\/\\\/idecesos.com\\\/seguros\\\/\",\"name\":\"\",\"description\":\"\",\"potentialAction\":[{\"@type\":\"SearchAction\",\"target\":{\"@type\":\"EntryPoint\",\"urlTemplate\":\"https:\\\/\\\/idecesos.com\\\/seguros\\\/?s={search_term_string}\"},\"query-input\":{\"@type\":\"PropertyValueSpecification\",\"valueRequired\":true,\"valueName\":\"search_term_string\"}}],\"inLanguage\":\"es\"}]}<\/script>\n<!-- \/ Yoast SEO plugin. -->","yoast_head_json":{"title":"Seguro Decesos Banco Mediolanum Repatriaci\u00f3n \u25b7 Opiniones y Precio 2026","description":"Click aqu\u00ed \u3010Seguro de Decesos con repatriaci\u00f3n Banco Mediolanum\u3011 Mejores precios Banco Mediolanum seguro de fallecidos con repatriaci\u00f3n \u2611\ufe0f Actualizado por iDecesos\u00ae","robots":{"index":"index","follow":"follow","max-snippet":"max-snippet:-1","max-image-preview":"max-image-preview:large","max-video-preview":"max-video-preview:-1"},"canonical":"https:\/\/idecesos.com\/seguros\/companias\/banco-mediolanum\/repatriacion\/","og_locale":"es_ES","og_type":"article","og_title":"Seguro Decesos Banco Mediolanum Repatriaci\u00f3n \u25b7 Opiniones y Precio 2026","og_description":"Click aqu\u00ed \u3010Seguro de Decesos con repatriaci\u00f3n Banco Mediolanum\u3011 Mejores precios Banco Mediolanum seguro de fallecidos con repatriaci\u00f3n \u2611\ufe0f Actualizado por iDecesos\u00ae","og_url":"https:\/\/idecesos.com\/seguros\/companias\/banco-mediolanum\/repatriacion\/","article_modified_time":"2022-01-03T12:29:59+00:00","twitter_card":"summary_large_image","twitter_misc":{"Tiempo de lectura":"56 minutos"},"schema":{"@context":"https:\/\/schema.org","@graph":[{"@type":"WebPage","@id":"https:\/\/idecesos.com\/seguros\/companias\/banco-mediolanum\/repatriacion\/","url":"https:\/\/idecesos.com\/seguros\/companias\/banco-mediolanum\/repatriacion\/","name":"Seguro Decesos Banco Mediolanum Repatriaci\u00f3n \u25b7 Opiniones y Precio 2026","isPartOf":{"@id":"https:\/\/idecesos.com\/seguros\/#website"},"datePublished":"2021-10-29T00:00:00+00:00","dateModified":"2022-01-03T12:29:59+00:00","description":"Click aqu\u00ed \u3010Seguro de Decesos con repatriaci\u00f3n Banco Mediolanum\u3011 Mejores precios Banco Mediolanum seguro de fallecidos con repatriaci\u00f3n \u2611\ufe0f Actualizado por iDecesos\u00ae","breadcrumb":{"@id":"https:\/\/idecesos.com\/seguros\/companias\/banco-mediolanum\/repatriacion\/#breadcrumb"},"inLanguage":"es","potentialAction":[{"@type":"ReadAction","target":["https:\/\/idecesos.com\/seguros\/companias\/banco-mediolanum\/repatriacion\/"]}]},{"@type":"BreadcrumbList","@id":"https:\/\/idecesos.com\/seguros\/companias\/banco-mediolanum\/repatriacion\/#breadcrumb","itemListElement":[{"@type":"ListItem","position":1,"name":"Portada","item":"https:\/\/idecesos.com\/seguros\/"},{"@type":"ListItem","position":2,"name":"Compa\u00f1\u00edas de Seguros de Decesos en Espa\u00f1a","item":"https:\/\/idecesos.com\/seguros\/companias\/"},{"@type":"ListItem","position":3,"name":"Seguro de decesos Banco Mediolanum","item":"https:\/\/idecesos.com\/seguros\/companias\/banco-mediolanum\/"},{"@type":"ListItem","position":4,"name":"Seguro de decesos Banco Mediolanum con repatriaci\u00f3n"}]},{"@type":"WebSite","@id":"https:\/\/idecesos.com\/seguros\/#website","url":"https:\/\/idecesos.com\/seguros\/","name":"","description":"","potentialAction":[{"@type":"SearchAction","target":{"@type":"EntryPoint","urlTemplate":"https:\/\/idecesos.com\/seguros\/?s={search_term_string}"},"query-input":{"@type":"PropertyValueSpecification","valueRequired":true,"valueName":"search_term_string"}}],"inLanguage":"es"}]}},"_links":{"self":[{"href":"https:\/\/idecesos.com\/seguros\/wp-json\/wp\/v2\/pages\/11339","targetHints":{"allow":["GET"]}}],"collection":[{"href":"https:\/\/idecesos.com\/seguros\/wp-json\/wp\/v2\/pages"}],"about":[{"href":"https:\/\/idecesos.com\/seguros\/wp-json\/wp\/v2\/types\/page"}],"author":[{"embeddable":true,"href":"https:\/\/idecesos.com\/seguros\/wp-json\/wp\/v2\/users\/3"}],"replies":[{"embeddable":true,"href":"https:\/\/idecesos.com\/seguros\/wp-json\/wp\/v2\/comments?post=11339"}],"version-history":[{"count":1,"href":"https:\/\/idecesos.com\/seguros\/wp-json\/wp\/v2\/pages\/11339\/revisions"}],"predecessor-version":[{"id":12855,"href":"https:\/\/idecesos.com\/seguros\/wp-json\/wp\/v2\/pages\/11339\/revisions\/12855"}],"up":[{"embeddable":true,"href":"https:\/\/idecesos.com\/seguros\/wp-json\/wp\/v2\/pages\/292"}],"wp:attachment":[{"href":"https:\/\/idecesos.com\/seguros\/wp-json\/wp\/v2\/media?parent=11339"}],"curies":[{"name":"wp","href":"https:\/\/api.w.org\/{rel}","templated":true}]}}