{"id":11347,"date":"2021-10-29T00:00:00","date_gmt":"2021-10-29T00:00:00","guid":{"rendered":"https:\/\/idecesos.com\/seguros\/?page_id=11347"},"modified":"2022-01-03T12:30:12","modified_gmt":"2022-01-03T12:30:12","slug":"prima-mixta","status":"publish","type":"page","link":"https:\/\/idecesos.com\/seguros\/companias\/el-corte-ingles\/prima-mixta\/","title":{"rendered":"Seguro de decesos El Corte Ingles Prima Mixta"},"content":{"rendered":"<div id=\"ez-toc-container\" class=\"ez-toc-v2_0_82_2 ez-toc-wrap-center counter-hierarchy ez-toc-counter ez-toc-custom ez-toc-container-direction\">\n<div class=\"ez-toc-title-container\">\n<p class=\"ez-toc-title\" style=\"cursor:inherit\">Tabla de Contenido<\/p>\n<span class=\"ez-toc-title-toggle\"><a href=\"#\" class=\"ez-toc-pull-right ez-toc-btn ez-toc-btn-xs ez-toc-btn-default ez-toc-toggle\" aria-label=\"Alternar tabla de contenidos\"><span class=\"ez-toc-js-icon-con\"><span class=\"\"><span class=\"eztoc-hide\" style=\"display:none;\">Toggle<\/span><span class=\"ez-toc-icon-toggle-span\"><svg style=\"fill: #db6415;color:#db6415\" xmlns=\"http:\/\/www.w3.org\/2000\/svg\" class=\"list-377408\" width=\"20px\" height=\"20px\" viewBox=\"0 0 24 24\" fill=\"none\"><path d=\"M6 6H4v2h2V6zm14 0H8v2h12V6zM4 11h2v2H4v-2zm16 0H8v2h12v-2zM4 16h2v2H4v-2zm16 0H8v2h12v-2z\" fill=\"currentColor\"><\/path><\/svg><svg style=\"fill: #db6415;color:#db6415\" class=\"arrow-unsorted-368013\" xmlns=\"http:\/\/www.w3.org\/2000\/svg\" width=\"10px\" height=\"10px\" viewBox=\"0 0 24 24\" version=\"1.2\" baseProfile=\"tiny\"><path d=\"M18.2 9.3l-6.2-6.3-6.2 6.3c-.2.2-.3.4-.3.7s.1.5.3.7c.2.2.4.3.7.3h11c.3 0 .5-.1.7-.3.2-.2.3-.5.3-.7s-.1-.5-.3-.7zM5.8 14.7l6.2 6.3 6.2-6.3c.2-.2.3-.5.3-.7s-.1-.5-.3-.7c-.2-.2-.4-.3-.7-.3h-11c-.3 0-.5.1-.7.3-.2.2-.3.5-.3.7s.1.5.3.7z\"\/><\/svg><\/span><\/span><\/span><\/a><\/span><\/div>\n<nav><ul class='ez-toc-list ez-toc-list-level-1 ' ><li class='ez-toc-page-1 ez-toc-heading-level-2'><a class=\"ez-toc-link ez-toc-heading-1\" href=\"https:\/\/idecesos.com\/seguros\/companias\/el-corte-ingles\/prima-mixta\/#Coberturas_seguro_Prima_Mixta_El_Corte_Ingles\" >Coberturas seguro Prima Mixta El Corte Ingles<\/a><ul class='ez-toc-list-level-3' ><li class='ez-toc-heading-level-3'><a class=\"ez-toc-link ez-toc-heading-2\" href=\"https:\/\/idecesos.com\/seguros\/companias\/el-corte-ingles\/prima-mixta\/#%C2%BFA_quien_va_dirigido_el_seguro_de_decesos_Prima_Mixta_de_El_Corte_Ingles\" >\u00bfA qui\u00e9n va dirigido el seguro de decesos Prima Mixta de El Corte Ingles?<\/a><\/li><\/ul><\/li><li class='ez-toc-page-1 ez-toc-heading-level-2'><a class=\"ez-toc-link ez-toc-heading-3\" href=\"https:\/\/idecesos.com\/seguros\/companias\/el-corte-ingles\/prima-mixta\/#Precio_de_seguro_de_decesos_Prima_Mixta_El_Corte_Ingles\" >Precio de seguro de decesos Prima Mixta El Corte Ingles<\/a><\/li><li class='ez-toc-page-1 ez-toc-heading-level-2'><a class=\"ez-toc-link ez-toc-heading-4\" href=\"https:\/\/idecesos.com\/seguros\/companias\/el-corte-ingles\/prima-mixta\/#Productos_Prima_Mixta_El_Corte_Ingles\" >Productos Prima Mixta El Corte Ingles<\/a><\/li><li class='ez-toc-page-1 ez-toc-heading-level-2'><a class=\"ez-toc-link ez-toc-heading-5\" href=\"https:\/\/idecesos.com\/seguros\/companias\/el-corte-ingles\/prima-mixta\/#Opiniones_del_seguro_de_decesos_de_Prima_Mixta_de_El_Corte_Ingles\" >Opiniones del seguro de decesos de Prima Mixta de El Corte Ingles<\/a><ul class='ez-toc-list-level-3' ><li class='ez-toc-heading-level-3'><a class=\"ez-toc-link ez-toc-heading-6\" href=\"https:\/\/idecesos.com\/seguros\/companias\/el-corte-ingles\/prima-mixta\/#Paginas_relacionadas\" >P\u00e1ginas relacionadas<\/a><\/li><\/ul><\/li><\/ul><\/nav><\/div>\n\n<p>La p\u00f3liza de decesos de prima mixta El Corte Ingles es la m\u00e1s equilibrada en su portfolio de modalidades. Esto se debe a que re\u00fane lo mejor de la prima natural y la prima nivelada, o sea, hasta determinada edad la prima anualmente va medrando m\u00e1s prosigue siendo barata por el hecho de que se acorta la esperanza de vida de los asegurados y la actualizaci\u00f3n de los costes de los servicios y cuando llega a una edad mayor se nivela para estabilizar la prima en los a\u00f1os donde los asegurados habr\u00edan de estar retirados. <\/p>\n<p>Leer m\u00e1s: <a href=\"https:\/\/idecesos.com\/seguros\/tipo\/mixta\/\">Seguro de decesos Prima Mixta<\/a><\/p>\n<div class=\"colorf \"  ><div class=\"container clearfix\"><div class=\"col-md-7\"><\/p>\n<h2><span class=\"ez-toc-section\" id=\"Coberturas_seguro_Prima_Mixta_El_Corte_Ingles\"><\/span>Coberturas seguro Prima Mixta El Corte Ingles<span class=\"ez-toc-section-end\"><\/span><\/h2>\n<p>Las coberturas de la prima mixta El Corte Ingles son muy completas y satisfacen al cliente m\u00e1s exigente en est\u00e1ndares de calidad. Las coberturas m\u00e1s relevantes van relacionadas al genial servicio funerario que reciben los clientes del servicio de El Corte Ingles y la alta valoraci\u00f3n de las coberturas de prima mixta El Corte Ingles. Las coberturas principales que recogen el condicionado general de la p\u00f3liza de prima mixta El Corte Ingles abarcan desde el desplazamiento con chofer especializado en veh\u00edculos f\u00fanebres, tanatorio con todos y cada uno de los complementos que lo incluyen (acto religioso, servicio de asistencia a los familiares en la gu\u00eda de preparativos y consultas, sala de velorio donde puedan darle el \u00faltimo adi\u00f3s al fallecido entre otros), adecuaci\u00f3n del cad\u00e1ver para su presentaci\u00f3n guardando los m\u00e1s rigurosos controles de higiene y c\u00e1nones de elegancia para que sea lo menos traum\u00e1tico posible para sus familiares despedirse en su \u00faltimo instante. Adem\u00e1s, todos los suministros para hacer el sepelio de cabo a rabo, desde el ata\u00fad, nicho del camposanto, flores, esquelas, urna en el caso de incineraci\u00f3n del cad\u00e1ver. <\/p>\n<p><\/div><\/div><\/div>\n<h3><span class=\"ez-toc-section\" id=\"%C2%BFA_quien_va_dirigido_el_seguro_de_decesos_Prima_Mixta_de_El_Corte_Ingles\"><\/span>\u00bfA qui\u00e9n va dirigido el seguro de decesos Prima Mixta de El Corte Ingles?<span class=\"ez-toc-section-end\"><\/span><\/h3>\n<p>Este seguro est\u00e1 dise\u00f1ado para personas o bien unidades familiares con integrantes que no superen los 50 a\u00f1os aproximadamente y que gozan de un precio muy apetecible a pesar de las subidas anuales y que desean emplear todos y cada uno de los servicios a\u00f1adidos que le ofrece El Corte Ingles con su seguro de prima mixta y que les parece mucho m\u00e1s interesante que s\u00f3lo contratar el seguro que cubre el deceso puro y duro. <\/p>\n<div class=\"colorf \"  ><div class=\"container clearfix\"><div class=\"col-md-7\"><\/p>\n<h2><span class=\"ez-toc-section\" id=\"Precio_de_seguro_de_decesos_Prima_Mixta_El_Corte_Ingles\"><\/span>Precio de seguro de decesos Prima Mixta El Corte Ingles<span class=\"ez-toc-section-end\"><\/span><\/h2>\n<p>El seguro de decesos de prima mixta El Corte Ingles su precio es 1,99\u20ac al mes, teniendo en cuenta para su cotizaci\u00f3n una persona residente en una localidad con los servicios funerarios baj\u00edsimos y con una edad menor de 20 a\u00f1os. Este coste de prima mixta es seguramente el mejor y uno de los m\u00e1s baratos que ofrece El Corte Ingles. De las dudas que puedan surgir de El Corte Ingles en iDecesos podr\u00e1s comparar los costes que hay de prima mixta con toda la informaci\u00f3n al instante. <\/p>\n<p><\/div><\/div><\/div>\n<h2><span class=\"ez-toc-section\" id=\"Productos_Prima_Mixta_El_Corte_Ingles\"><\/span>Productos Prima Mixta El Corte Ingles<span class=\"ez-toc-section-end\"><\/span><\/h2>\n<div class=\"colorf\"><div class=\"container clearfix\"><div class=\"col-md-7\"><div class=\"opiniones\">\n<h2><span class=\"ez-toc-section\" id=\"Opiniones_del_seguro_de_decesos_de_Prima_Mixta_de_El_Corte_Ingles\"><\/span>Opiniones del seguro de decesos de Prima Mixta de El Corte Ingles<span class=\"ez-toc-section-end\"><\/span><\/h2>\n<p>Hemos contrastado las distintas opiniones que se ha conseguido, ha sido analizado por cada asesor especialista de iDecesos, con lo que se lleva a la conclusi\u00f3n del mejor seguro de decesos de prima mixta o bien semi natural es de El Corte Ingles puesto que dan coberturas de las m\u00e1s se\u00f1aladas, aparte de contar con un precio muy accesible. <\/p>\n<div class=\"opinion \"  >\n\t\t\t<div class=\"cabecera_opinion\">\n\t\t\t\t<div class=\"avatar\">E P <\/div>\n\t\t\t\t<div class=\"datos_opinion\">\n\t\t\t\t\t<div class=\"nombre_opinion\">Ernesto Paz<\/div>\n\t\t\t\t\t<div class=\"info_opinion\">\t\t\t\t\t\t\n\t\t\t\t\t\t<div class=\"cuenta_opinion\"><i class=\"fas fa-pencil-alt\"><\/i><!--span class=\"dashicons dashicons-edit\" style=\"font-size:20px\"><\/span--><span>1 Opini\u00f3n<\/span><\/div>\t\t\t\t\t\t\n\t\t\t\t\t\t<div class=\"localizacion_opinion\">\n\t\t\t\t\t\t\t<i class=\"fas fa-map-marker-alt\"><\/i><!--span class=\"dashicons dashicons-location\" style=\"font-size:20px\"><\/span-->\n\t\t\t\t\t\t\t<span>ES<\/span>\n\t\t\t\t\t\t<\/div>\t\n\t\t\t\t\t<\/div>\n\t\t\t\t<\/div>\n\t\t\t<\/div><div class=\"texto_opinion\"><\/p>\n<p>No tengo palabras de agradecimiento para El Corte Ingles por el servicio ofrecido por su seguro de prima Mixta.<\/p>\n<p><\/div><\/div>\n<div class=\"opinion \"  >\n\t\t\t<div class=\"cabecera_opinion\">\n\t\t\t\t<div class=\"avatar\">L S <\/div>\n\t\t\t\t<div class=\"datos_opinion\">\n\t\t\t\t\t<div class=\"nombre_opinion\">Leandro Serna<\/div>\n\t\t\t\t\t<div class=\"info_opinion\">\t\t\t\t\t\t\n\t\t\t\t\t\t<div class=\"cuenta_opinion\"><i class=\"fas fa-pencil-alt\"><\/i><!--span class=\"dashicons dashicons-edit\" style=\"font-size:20px\"><\/span--><span>1 Opini\u00f3n<\/span><\/div>\t\t\t\t\t\t\n\t\t\t\t\t\t<div class=\"localizacion_opinion\">\n\t\t\t\t\t\t\t<i class=\"fas fa-map-marker-alt\"><\/i><!--span class=\"dashicons dashicons-location\" style=\"font-size:20px\"><\/span-->\n\t\t\t\t\t\t\t<span>ES<\/span>\n\t\t\t\t\t\t<\/div>\t\n\t\t\t\t\t<\/div>\n\t\t\t\t<\/div>\n\t\t\t<\/div><div class=\"texto_opinion\"><\/p>\n<p>Merced a la ayuda que recibe por la parte de iDecesos que pude efectuar las distintas alternativas que hab\u00eda en el mercado as\u00ed como pod\u00edan darme un presupuesto m\u00e1s cerrado con todo lo que incluye, os lo recomiendo si ten\u00e9is las mismas dudas que tuve yo, con esto me qued\u00f3 todo m\u00e1s resuelto El Corte Ingles me dio las posibilidades m\u00e1s adecuadas para mi circustancias.<\/p>\n<p><\/div><\/div>\n<div class=\"opinion \"  >\n\t\t\t<div class=\"cabecera_opinion\">\n\t\t\t\t<div class=\"avatar\">O D P <\/div>\n\t\t\t\t<div class=\"datos_opinion\">\n\t\t\t\t\t<div class=\"nombre_opinion\">Ovidio del Parra<\/div>\n\t\t\t\t\t<div class=\"info_opinion\">\t\t\t\t\t\t\n\t\t\t\t\t\t<div class=\"cuenta_opinion\"><i class=\"fas fa-pencil-alt\"><\/i><!--span class=\"dashicons dashicons-edit\" style=\"font-size:20px\"><\/span--><span>1 Opini\u00f3n<\/span><\/div>\t\t\t\t\t\t\n\t\t\t\t\t\t<div class=\"localizacion_opinion\">\n\t\t\t\t\t\t\t<i class=\"fas fa-map-marker-alt\"><\/i><!--span class=\"dashicons dashicons-location\" style=\"font-size:20px\"><\/span-->\n\t\t\t\t\t\t\t<span>ES<\/span>\n\t\t\t\t\t\t<\/div>\t\n\t\t\t\t\t<\/div>\n\t\t\t\t<\/div>\n\t\t\t<\/div><div class=\"texto_opinion\"><\/p>\n<p>Efectivamente contamos con un asesor personalizado de El Corte Ingles del que nos gui\u00f3 en las distintas tarifas que contaban y cada uno de ellos con las coberturas que contemplan, llevamos con ellos m\u00e1s de 10 a\u00f1os, aunque ahora El Corte Ingles que ya hemos superado la edad a fin de que nos salga m\u00e1s rentable, este \u00faltimo a\u00f1o se ha sentido la subida.<\/p>\n<p><\/div><\/div>\n<\/div><\/div><\/div><\/div>\n<p><div class=\"oficinas\"><br \/>\n<h3><span class=\"ez-toc-section\" id=\"Paginas_relacionadas\"><\/span>P\u00e1ginas relacionadas<span class=\"ez-toc-section-end\"><\/span><\/h3><div class=\"enlazado\"><ul> <li><a href=\"https:\/\/idecesos.com\/seguros\/companias\/el-corte-ingles\/coberturas\/\">Coberturas Seguro de Decesos El Corte Ingl\u00e9s<\/a><\/li> <li><a href=\"https:\/\/idecesos.com\/seguros\/companias\/el-corte-ingles\/opiniones\/\">Opiniones El Corte Ingl\u00e9s<\/a><\/li> <li><a href=\"https:\/\/idecesos.com\/seguros\/companias\/el-corte-ingles\/precio\/\">Precio seguro El Corte Ingles<\/a><\/li> <li><a href=\"https:\/\/idecesos.com\/seguros\/companias\/el-corte-ingles\/prima-mixta\/\">El Corte Ingles Prima Mixta<\/a><\/li> <li><a href=\"https:\/\/idecesos.com\/seguros\/companias\/el-corte-ingles\/prima-natural\/\">El Corte Ingles Prima Natural<\/a><\/li> <li><a href=\"https:\/\/idecesos.com\/seguros\/companias\/el-corte-ingles\/prima-nivelada\/\">El Corte Ingles Prima Nivelada<\/a><\/li> <li><a href=\"https:\/\/idecesos.com\/seguros\/companias\/el-corte-ingles\/prima-unica\/\">El Corte Ingles Prima \u00danica<\/a><\/li> <li><a href=\"https:\/\/idecesos.com\/seguros\/companias\/el-corte-ingles\/repatriacion\/\">El Corte Ingles Repatriaci\u00f3n<\/a><\/li> <li><a href=\"https:\/\/idecesos.com\/seguros\/companias\/el-corte-ingles\/telefono\/\">Tel\u00e9fono Gratuito El Corte Ingles<\/a><\/li><\/ul><\/div><\/p>\n<\/div>\n","protected":false},"excerpt":{"rendered":"<p>La p\u00f3liza de decesos de prima mixta El Corte Ingles es la m\u00e1s equilibrada en su portfolio de modalidades. Esto se debe a que re\u00fane lo mejor de la prima natural y la prima nivelada, o sea, hasta determinada edad la prima anualmente va medrando m\u00e1s prosigue siendo barata por el hecho de que se&hellip; <\/p>\n","protected":false},"author":3,"featured_media":0,"parent":332,"menu_order":0,"comment_status":"closed","ping_status":"closed","template":"single.php","meta":{"footnotes":""},"class_list":["post-11347","page","type-page","status-publish","hentry"],"yoast_head":"<!-- This site is optimized with the Yoast SEO plugin v27.3 - https:\/\/yoast.com\/product\/yoast-seo-wordpress\/ -->\n<title>Seguro Decesos El Corte Ingles Prima Mixta \u25b7 Opiniones y Precio 2026<\/title>\n<meta name=\"description\" content=\"Click aqu\u00ed \u3010Seguro de Decesos Prima Mixta El Corte Ingles\u3011 Mejores precios El Corte Ingles seguro de fallecidos Prima Mixta \u2611\ufe0f Actualizado por iDecesos\u00ae\" \/>\n<meta name=\"robots\" content=\"index, follow, max-snippet:-1, max-image-preview:large, max-video-preview:-1\" \/>\n<link rel=\"canonical\" href=\"https:\/\/idecesos.com\/seguros\/companias\/el-corte-ingles\/prima-mixta\/\" \/>\n<meta property=\"og:locale\" content=\"es_ES\" \/>\n<meta property=\"og:type\" content=\"article\" \/>\n<meta property=\"og:title\" content=\"Seguro Decesos El Corte Ingles Prima Mixta \u25b7 Opiniones y Precio 2026\" \/>\n<meta property=\"og:description\" content=\"Click aqu\u00ed \u3010Seguro de Decesos Prima Mixta El Corte Ingles\u3011 Mejores precios El Corte Ingles seguro de fallecidos Prima Mixta \u2611\ufe0f Actualizado por iDecesos\u00ae\" \/>\n<meta property=\"og:url\" content=\"https:\/\/idecesos.com\/seguros\/companias\/el-corte-ingles\/prima-mixta\/\" \/>\n<meta property=\"article:modified_time\" content=\"2022-01-03T12:30:12+00:00\" \/>\n<meta name=\"twitter:card\" content=\"summary_large_image\" \/>\n<meta name=\"twitter:label1\" content=\"Tiempo de lectura\" \/>\n\t<meta name=\"twitter:data1\" content=\"54 minutos\" \/>\n<script type=\"application\/ld+json\" class=\"yoast-schema-graph\">{\"@context\":\"https:\\\/\\\/schema.org\",\"@graph\":[{\"@type\":\"WebPage\",\"@id\":\"https:\\\/\\\/idecesos.com\\\/seguros\\\/companias\\\/el-corte-ingles\\\/prima-mixta\\\/\",\"url\":\"https:\\\/\\\/idecesos.com\\\/seguros\\\/companias\\\/el-corte-ingles\\\/prima-mixta\\\/\",\"name\":\"Seguro Decesos El Corte Ingles Prima Mixta \u25b7 Opiniones y Precio 2026\",\"isPartOf\":{\"@id\":\"https:\\\/\\\/idecesos.com\\\/seguros\\\/#website\"},\"datePublished\":\"2021-10-29T00:00:00+00:00\",\"dateModified\":\"2022-01-03T12:30:12+00:00\",\"description\":\"Click aqu\u00ed \u3010Seguro de Decesos Prima Mixta El Corte Ingles\u3011 Mejores precios El Corte Ingles seguro de fallecidos Prima Mixta \u2611\ufe0f Actualizado por iDecesos\u00ae\",\"breadcrumb\":{\"@id\":\"https:\\\/\\\/idecesos.com\\\/seguros\\\/companias\\\/el-corte-ingles\\\/prima-mixta\\\/#breadcrumb\"},\"inLanguage\":\"es\",\"potentialAction\":[{\"@type\":\"ReadAction\",\"target\":[\"https:\\\/\\\/idecesos.com\\\/seguros\\\/companias\\\/el-corte-ingles\\\/prima-mixta\\\/\"]}]},{\"@type\":\"BreadcrumbList\",\"@id\":\"https:\\\/\\\/idecesos.com\\\/seguros\\\/companias\\\/el-corte-ingles\\\/prima-mixta\\\/#breadcrumb\",\"itemListElement\":[{\"@type\":\"ListItem\",\"position\":1,\"name\":\"Portada\",\"item\":\"https:\\\/\\\/idecesos.com\\\/seguros\\\/\"},{\"@type\":\"ListItem\",\"position\":2,\"name\":\"Compa\u00f1\u00edas de Seguros de Decesos en Espa\u00f1a\",\"item\":\"https:\\\/\\\/idecesos.com\\\/seguros\\\/companias\\\/\"},{\"@type\":\"ListItem\",\"position\":3,\"name\":\"Seguro de decesos El Corte Ingl\u00e9s\",\"item\":\"https:\\\/\\\/idecesos.com\\\/seguros\\\/companias\\\/el-corte-ingles\\\/\"},{\"@type\":\"ListItem\",\"position\":4,\"name\":\"Seguro de decesos El Corte Ingles Prima Mixta\"}]},{\"@type\":\"WebSite\",\"@id\":\"https:\\\/\\\/idecesos.com\\\/seguros\\\/#website\",\"url\":\"https:\\\/\\\/idecesos.com\\\/seguros\\\/\",\"name\":\"\",\"description\":\"\",\"potentialAction\":[{\"@type\":\"SearchAction\",\"target\":{\"@type\":\"EntryPoint\",\"urlTemplate\":\"https:\\\/\\\/idecesos.com\\\/seguros\\\/?s={search_term_string}\"},\"query-input\":{\"@type\":\"PropertyValueSpecification\",\"valueRequired\":true,\"valueName\":\"search_term_string\"}}],\"inLanguage\":\"es\"}]}<\/script>\n<!-- \/ Yoast SEO plugin. -->","yoast_head_json":{"title":"Seguro Decesos El Corte Ingles Prima Mixta \u25b7 Opiniones y Precio 2026","description":"Click aqu\u00ed \u3010Seguro de Decesos Prima Mixta El Corte Ingles\u3011 Mejores precios El Corte Ingles seguro de fallecidos Prima Mixta \u2611\ufe0f Actualizado por iDecesos\u00ae","robots":{"index":"index","follow":"follow","max-snippet":"max-snippet:-1","max-image-preview":"max-image-preview:large","max-video-preview":"max-video-preview:-1"},"canonical":"https:\/\/idecesos.com\/seguros\/companias\/el-corte-ingles\/prima-mixta\/","og_locale":"es_ES","og_type":"article","og_title":"Seguro Decesos El Corte Ingles Prima Mixta \u25b7 Opiniones y Precio 2026","og_description":"Click aqu\u00ed \u3010Seguro de Decesos Prima Mixta El Corte Ingles\u3011 Mejores precios El Corte Ingles seguro de fallecidos Prima Mixta \u2611\ufe0f Actualizado por iDecesos\u00ae","og_url":"https:\/\/idecesos.com\/seguros\/companias\/el-corte-ingles\/prima-mixta\/","article_modified_time":"2022-01-03T12:30:12+00:00","twitter_card":"summary_large_image","twitter_misc":{"Tiempo de lectura":"54 minutos"},"schema":{"@context":"https:\/\/schema.org","@graph":[{"@type":"WebPage","@id":"https:\/\/idecesos.com\/seguros\/companias\/el-corte-ingles\/prima-mixta\/","url":"https:\/\/idecesos.com\/seguros\/companias\/el-corte-ingles\/prima-mixta\/","name":"Seguro Decesos El Corte Ingles Prima Mixta \u25b7 Opiniones y Precio 2026","isPartOf":{"@id":"https:\/\/idecesos.com\/seguros\/#website"},"datePublished":"2021-10-29T00:00:00+00:00","dateModified":"2022-01-03T12:30:12+00:00","description":"Click aqu\u00ed \u3010Seguro de Decesos Prima Mixta El Corte Ingles\u3011 Mejores precios El Corte Ingles seguro de fallecidos Prima Mixta \u2611\ufe0f Actualizado por iDecesos\u00ae","breadcrumb":{"@id":"https:\/\/idecesos.com\/seguros\/companias\/el-corte-ingles\/prima-mixta\/#breadcrumb"},"inLanguage":"es","potentialAction":[{"@type":"ReadAction","target":["https:\/\/idecesos.com\/seguros\/companias\/el-corte-ingles\/prima-mixta\/"]}]},{"@type":"BreadcrumbList","@id":"https:\/\/idecesos.com\/seguros\/companias\/el-corte-ingles\/prima-mixta\/#breadcrumb","itemListElement":[{"@type":"ListItem","position":1,"name":"Portada","item":"https:\/\/idecesos.com\/seguros\/"},{"@type":"ListItem","position":2,"name":"Compa\u00f1\u00edas de Seguros de Decesos en Espa\u00f1a","item":"https:\/\/idecesos.com\/seguros\/companias\/"},{"@type":"ListItem","position":3,"name":"Seguro de decesos El Corte Ingl\u00e9s","item":"https:\/\/idecesos.com\/seguros\/companias\/el-corte-ingles\/"},{"@type":"ListItem","position":4,"name":"Seguro de decesos El Corte Ingles Prima Mixta"}]},{"@type":"WebSite","@id":"https:\/\/idecesos.com\/seguros\/#website","url":"https:\/\/idecesos.com\/seguros\/","name":"","description":"","potentialAction":[{"@type":"SearchAction","target":{"@type":"EntryPoint","urlTemplate":"https:\/\/idecesos.com\/seguros\/?s={search_term_string}"},"query-input":{"@type":"PropertyValueSpecification","valueRequired":true,"valueName":"search_term_string"}}],"inLanguage":"es"}]}},"_links":{"self":[{"href":"https:\/\/idecesos.com\/seguros\/wp-json\/wp\/v2\/pages\/11347","targetHints":{"allow":["GET"]}}],"collection":[{"href":"https:\/\/idecesos.com\/seguros\/wp-json\/wp\/v2\/pages"}],"about":[{"href":"https:\/\/idecesos.com\/seguros\/wp-json\/wp\/v2\/types\/page"}],"author":[{"embeddable":true,"href":"https:\/\/idecesos.com\/seguros\/wp-json\/wp\/v2\/users\/3"}],"replies":[{"embeddable":true,"href":"https:\/\/idecesos.com\/seguros\/wp-json\/wp\/v2\/comments?post=11347"}],"version-history":[{"count":1,"href":"https:\/\/idecesos.com\/seguros\/wp-json\/wp\/v2\/pages\/11347\/revisions"}],"predecessor-version":[{"id":12851,"href":"https:\/\/idecesos.com\/seguros\/wp-json\/wp\/v2\/pages\/11347\/revisions\/12851"}],"up":[{"embeddable":true,"href":"https:\/\/idecesos.com\/seguros\/wp-json\/wp\/v2\/pages\/332"}],"wp:attachment":[{"href":"https:\/\/idecesos.com\/seguros\/wp-json\/wp\/v2\/media?parent=11347"}],"curies":[{"name":"wp","href":"https:\/\/api.w.org\/{rel}","templated":true}]}}