{"id":11349,"date":"2021-10-29T00:00:00","date_gmt":"2021-10-29T00:00:00","guid":{"rendered":"https:\/\/idecesos.com\/seguros\/?page_id=11349"},"modified":"2022-01-03T12:30:00","modified_gmt":"2022-01-03T12:30:00","slug":"prima-natural","status":"publish","type":"page","link":"https:\/\/idecesos.com\/seguros\/companias\/banco-popular\/prima-natural\/","title":{"rendered":"Seguro de decesos Banco Popular Prima Natural"},"content":{"rendered":"<div id=\"ez-toc-container\" class=\"ez-toc-v2_0_83 ez-toc-wrap-center counter-hierarchy ez-toc-counter ez-toc-custom ez-toc-container-direction\">\n<div class=\"ez-toc-title-container\">\n<p class=\"ez-toc-title\" style=\"cursor:inherit\">Tabla de Contenido<\/p>\n<span class=\"ez-toc-title-toggle\"><a href=\"#\" class=\"ez-toc-pull-right ez-toc-btn ez-toc-btn-xs ez-toc-btn-default ez-toc-toggle\" aria-label=\"Alternar tabla de contenidos\"><span class=\"ez-toc-js-icon-con\"><span class=\"\"><span class=\"eztoc-hide\" style=\"display:none;\">Toggle<\/span><span class=\"ez-toc-icon-toggle-span\"><svg style=\"fill: #db6415;color:#db6415\" xmlns=\"http:\/\/www.w3.org\/2000\/svg\" class=\"list-377408\" width=\"20px\" height=\"20px\" viewBox=\"0 0 24 24\" fill=\"none\"><path d=\"M6 6H4v2h2V6zm14 0H8v2h12V6zM4 11h2v2H4v-2zm16 0H8v2h12v-2zM4 16h2v2H4v-2zm16 0H8v2h12v-2z\" fill=\"currentColor\"><\/path><\/svg><svg style=\"fill: #db6415;color:#db6415\" class=\"arrow-unsorted-368013\" xmlns=\"http:\/\/www.w3.org\/2000\/svg\" width=\"10px\" height=\"10px\" viewBox=\"0 0 24 24\" version=\"1.2\" baseProfile=\"tiny\"><path d=\"M18.2 9.3l-6.2-6.3-6.2 6.3c-.2.2-.3.4-.3.7s.1.5.3.7c.2.2.4.3.7.3h11c.3 0 .5-.1.7-.3.2-.2.3-.5.3-.7s-.1-.5-.3-.7zM5.8 14.7l6.2 6.3 6.2-6.3c.2-.2.3-.5.3-.7s-.1-.5-.3-.7c-.2-.2-.4-.3-.7-.3h-11c-.3 0-.5.1-.7.3-.2.2-.3.5-.3.7s.1.5.3.7z\"\/><\/svg><\/span><\/span><\/span><\/a><\/span><\/div>\n<nav><ul class='ez-toc-list ez-toc-list-level-1 ' ><li class='ez-toc-page-1 ez-toc-heading-level-2'><a class=\"ez-toc-link ez-toc-heading-1\" href=\"https:\/\/idecesos.com\/seguros\/companias\/banco-popular\/prima-natural\/#Coberturas_seguro_Prima_Natural_Banco_Popular\" >Coberturas seguro Prima Natural Banco Popular<\/a><ul class='ez-toc-list-level-3' ><li class='ez-toc-heading-level-3'><a class=\"ez-toc-link ez-toc-heading-2\" href=\"https:\/\/idecesos.com\/seguros\/companias\/banco-popular\/prima-natural\/#%C2%BFA_quien_va_dirigido_el_seguro_de_decesos_Prima_Natural_de_Banco_Popular\" >\u00bfA qui\u00e9n va dirigido el seguro de decesos Prima Natural de Banco Popular?<\/a><\/li><\/ul><\/li><li class='ez-toc-page-1 ez-toc-heading-level-2'><a class=\"ez-toc-link ez-toc-heading-3\" href=\"https:\/\/idecesos.com\/seguros\/companias\/banco-popular\/prima-natural\/#Precio_de_seguro_de_decesos_Prima_Natural_Banco_Popular\" >Precio de seguro de decesos Prima Natural Banco Popular<\/a><\/li><li class='ez-toc-page-1 ez-toc-heading-level-2'><a class=\"ez-toc-link ez-toc-heading-4\" href=\"https:\/\/idecesos.com\/seguros\/companias\/banco-popular\/prima-natural\/#Productos_Prima_Natural_Banco_Popular\" >Productos Prima Natural Banco Popular<\/a><\/li><li class='ez-toc-page-1 ez-toc-heading-level-2'><a class=\"ez-toc-link ez-toc-heading-5\" href=\"https:\/\/idecesos.com\/seguros\/companias\/banco-popular\/prima-natural\/#Opiniones_del_seguro_de_decesos_de_Prima_Natural_de_Banco_Popular\" >Opiniones del seguro de decesos de Prima Natural de Banco Popular<\/a><\/li><\/ul><\/nav><\/div>\n\n<p>En el seguro de decesos de prima natural de Banco Popular resulta como caracter\u00edstica creciente, lo que se establece de manera constante desde el comienzo. Anualmente esto se ir\u00e1 renovando conforme la edad. El seguro de prima natural en Banco Popular en el instante de efectuar las subidas que se realizan de forma anual tienen presente la edad del asegurado as\u00ed mismo el lugar donde resida. <\/p>\n<p>Leer m\u00e1s: <a href=\"https:\/\/idecesos.com\/seguros\/tipo\/natural\/\">Seguro de decesos Prima Natural<\/a><\/p>\n<div class=\"colorf \"  ><div class=\"container clearfix\"><div class=\"col-md-7\"><\/p>\n<h2><span class=\"ez-toc-section\" id=\"Coberturas_seguro_Prima_Natural_Banco_Popular\"><\/span>Coberturas seguro Prima Natural Banco Popular<span class=\"ez-toc-section-end\"><\/span><\/h2>\n<p>Cada cliente que cuenta con el seguro de decesos de prima natural de Banco Popular est\u00e1 satisfecho en tanto que dan las coberturas m\u00e1s resaltables del mercado y cuentan con otras coberturas. El servicio f\u00fanebre quedar\u00e1 absolutamente cubierto y cualquier gesti\u00f3n que se deba de tener a lo largo de ese proceso. Esto es, ya no s\u00f3lo cubre el funeral, sino que va camino de ser un multirriesgo familiar y que se utilicen sus garant\u00edas por la parte de los asegurados, de esta manera aumentan la fidelidad del cliente del servicio de Banco Popular. La cobertura de servicio funerario de Banco Popular en su seguro de prima natural comprende todos los servicios funerarios; desplazamientos del fallecido en todo el ciclo del sepelio, acondicionamiento del fallecido ( dejan en perfectas condiciones f\u00edsicas para su presentaci\u00f3n en el velatorio), posibilidades asociadas (flores, esquela, coche mortuorio, ata\u00fad o bien urna), tanatorio (sala velorio, acto religioso), personal de asistencia familiar para el asesoramiento y adecuaci\u00f3n del funeral conforme a los gustos y costumbres locales y familiares. Una de las gestiones que gestiones es el certificado m\u00e9dico de defunci\u00f3n, tambi\u00e9n la cobertura de entierro o bien incineraci\u00f3n, todo dentro de las coberturas de entierro. Tras todos y cada uno de los datos y tambi\u00e9n informaci\u00f3n que te hemos proporcionado no te surgir\u00e1n ninguna pregunta a este respecto del seguro de prima natural Banco Popular y lo que cubre. <\/p>\n<p><\/div><\/div><\/div>\n<h3><span class=\"ez-toc-section\" id=\"%C2%BFA_quien_va_dirigido_el_seguro_de_decesos_Prima_Natural_de_Banco_Popular\"><\/span>\u00bfA qui\u00e9n va dirigido el seguro de decesos Prima Natural de Banco Popular?<span class=\"ez-toc-section-end\"><\/span><\/h3>\n<p>Para las personas que se hallen en un rango de edad joven el seguro de prima natural de Banco Popular resultar\u00e1 bastante econ\u00f3mico. Est\u00e1 segmentado para clientes del servicio de un rango de edad joven, en tanto que las primas son m\u00e1s adaptadas dentro de la prima natural. <\/p>\n<div class=\"colorf \"  ><div class=\"container clearfix\"><div class=\"col-md-7\"><\/p>\n<h2><span class=\"ez-toc-section\" id=\"Precio_de_seguro_de_decesos_Prima_Natural_Banco_Popular\"><\/span>Precio de seguro de decesos Prima Natural Banco Popular<span class=\"ez-toc-section-end\"><\/span><\/h2>\n<p>El coste del seguro de prima natural en Banco Popular es 19\u20ac por a\u00f1o teniendo en cuanto asegurados muy j\u00f3venes y de localidades donde el precio del servicio l\u00fagubre es muy barato. Para asegurarte al 100 por cien del mejor precio del seguro de prima natural Banco Popular, es consiguiendo una comparaci\u00f3n con iDecesos sin precisar registros con solo darnos los datos m\u00e1s se\u00f1alados para darte el c\u00e1lculo m\u00e1s preciso. <\/p>\n<p><\/div><\/div><\/div>\n<h2><span class=\"ez-toc-section\" id=\"Productos_Prima_Natural_Banco_Popular\"><\/span>Productos Prima Natural Banco Popular<span class=\"ez-toc-section-end\"><\/span><\/h2>\n<div class=\"colorf\"><div class=\"container clearfix\"><div class=\"col-md-7\"><div class=\"opiniones\">\n<h2><span class=\"ez-toc-section\" id=\"Opiniones_del_seguro_de_decesos_de_Prima_Natural_de_Banco_Popular\"><\/span>Opiniones del seguro de decesos de Prima Natural de Banco Popular<span class=\"ez-toc-section-end\"><\/span><\/h2>\n<div class=\"opinion \"  >\n\t\t\t<div class=\"cabecera_opinion\">\n\t\t\t\t<div class=\"avatar\">J A N <\/div>\n\t\t\t\t<div class=\"datos_opinion\">\n\t\t\t\t\t<div class=\"nombre_opinion\">Jose Angel Narciso<\/div>\n\t\t\t\t\t<div class=\"info_opinion\">\t\t\t\t\t\t\n\t\t\t\t\t\t<div class=\"cuenta_opinion\"><i class=\"fas fa-pencil-alt\"><\/i><!--span class=\"dashicons dashicons-edit\" style=\"font-size:20px\"><\/span--><span>1 Opini\u00f3n<\/span><\/div>\t\t\t\t\t\t\n\t\t\t\t\t\t<div class=\"localizacion_opinion\">\n\t\t\t\t\t\t\t<i class=\"fas fa-map-marker-alt\"><\/i><!--span class=\"dashicons dashicons-location\" style=\"font-size:20px\"><\/span-->\n\t\t\t\t\t\t\t<span>ES<\/span>\n\t\t\t\t\t\t<\/div>\t\n\t\t\t\t\t<\/div>\n\t\t\t\t<\/div>\n\t\t\t<\/div><div class=\"texto_opinion\"><\/p>\n<p>Merece una menci\u00f3n especial y como familiar de un fallecido que le ha cubierto una p\u00f3liza de prima natural de Banco Popular por desgracia que ponga mi opini\u00f3n a efecto pues nos trataron de forma deliciosa y sin problemas en el sepelio de mi sobrino.<\/p>\n<p><\/div><\/div>\n<div class=\"opinion \"  >\n\t\t\t<div class=\"cabecera_opinion\">\n\t\t\t\t<div class=\"avatar\">R D Z <\/div>\n\t\t\t\t<div class=\"datos_opinion\">\n\t\t\t\t\t<div class=\"nombre_opinion\">Renato de Zabaleta<\/div>\n\t\t\t\t\t<div class=\"info_opinion\">\t\t\t\t\t\t\n\t\t\t\t\t\t<div class=\"cuenta_opinion\"><i class=\"fas fa-pencil-alt\"><\/i><!--span class=\"dashicons dashicons-edit\" style=\"font-size:20px\"><\/span--><span>1 Opini\u00f3n<\/span><\/div>\t\t\t\t\t\t\n\t\t\t\t\t\t<div class=\"localizacion_opinion\">\n\t\t\t\t\t\t\t<i class=\"fas fa-map-marker-alt\"><\/i><!--span class=\"dashicons dashicons-location\" style=\"font-size:20px\"><\/span-->\n\t\t\t\t\t\t\t<span>ES<\/span>\n\t\t\t\t\t\t<\/div>\t\n\t\t\t\t\t<\/div>\n\t\t\t\t<\/div>\n\t\t\t<\/div><div class=\"texto_opinion\"><\/p>\n<p>Adquiere esta p\u00f3liza ya que me hijo es joven y el seguro de prima natural de Banco Popular es el m\u00e1s recomendable, desde mi punto de vista, cumple con las esperanzas, adem\u00e1s de esto de que contempla las coberturas y da un servicio de calidad.<\/p>\n<p><\/div><\/div>\n<div class=\"opinion \"  >\n\t\t\t<div class=\"cabecera_opinion\">\n\t\t\t\t<div class=\"avatar\">A R <\/div>\n\t\t\t\t<div class=\"datos_opinion\">\n\t\t\t\t\t<div class=\"nombre_opinion\">\u00c1gueda Riquelme<\/div>\n\t\t\t\t\t<div class=\"info_opinion\">\t\t\t\t\t\t\n\t\t\t\t\t\t<div class=\"cuenta_opinion\"><i class=\"fas fa-pencil-alt\"><\/i><!--span class=\"dashicons dashicons-edit\" style=\"font-size:20px\"><\/span--><span>1 Opini\u00f3n<\/span><\/div>\t\t\t\t\t\t\n\t\t\t\t\t\t<div class=\"localizacion_opinion\">\n\t\t\t\t\t\t\t<i class=\"fas fa-map-marker-alt\"><\/i><!--span class=\"dashicons dashicons-location\" style=\"font-size:20px\"><\/span-->\n\t\t\t\t\t\t\t<span>ES<\/span>\n\t\t\t\t\t\t<\/div>\t\n\t\t\t\t\t<\/div>\n\t\t\t\t<\/div>\n\t\t\t<\/div><div class=\"texto_opinion\"><\/p>\n<p>La mejor p\u00f3liza de prima natural que resalta en el mercado es Banco Popular por el mejor servicio en coberturas y por el trato servicial hacia sus clientes del servicio en todo instante.<\/p>\n<p><\/div><\/div>\n<\/div><\/div><\/div><\/div>\n<p><div class=\"oficinas\"><br \/>\n<h3>P\u00e1ginas relacionadas<\/h3><div class=\"enlazado\"><ul> <li><a href=\"https:\/\/idecesos.com\/seguros\/companias\/banco-popular\/coberturas\/\">Coberturas Seguro de Decesos Banco Popular<\/a><\/li> <li><a href=\"https:\/\/idecesos.com\/seguros\/companias\/banco-popular\/opiniones\/\">Opiniones Banco Popular<\/a><\/li> <li><a href=\"https:\/\/idecesos.com\/seguros\/companias\/banco-popular\/precio\/\">Precio seguro Banco Popular<\/a><\/li> <li><a href=\"https:\/\/idecesos.com\/seguros\/companias\/banco-popular\/prima-mixta\/\">Banco Popular Prima Mixta<\/a><\/li> <li><a href=\"https:\/\/idecesos.com\/seguros\/companias\/banco-popular\/prima-natural\/\">Banco Popular Prima Natural<\/a><\/li> <li><a href=\"https:\/\/idecesos.com\/seguros\/companias\/banco-popular\/prima-nivelada\/\">Banco Popular Prima Nivelada<\/a><\/li> <li><a href=\"https:\/\/idecesos.com\/seguros\/companias\/banco-popular\/prima-unica\/\">Banco Popular Prima \u00danica<\/a><\/li> <li><a href=\"https:\/\/idecesos.com\/seguros\/companias\/banco-popular\/repatriacion\/\">Banco Popular Repatriaci\u00f3n<\/a><\/li> <li><a href=\"https:\/\/idecesos.com\/seguros\/companias\/banco-popular\/telefono\/\">Tel\u00e9fono Gratuito Banco Popular<\/a><\/li><\/ul><\/div><\/p>\n<\/div>\n","protected":false},"excerpt":{"rendered":"<p>En el seguro de decesos de prima natural de Banco Popular resulta como caracter\u00edstica creciente, lo que se establece de manera constante desde el comienzo. Anualmente esto se ir\u00e1 renovando conforme la edad. El seguro de prima natural en Banco Popular en el instante de efectuar las subidas que se realizan de forma anual tienen&hellip; <\/p>\n","protected":false},"author":3,"featured_media":0,"parent":298,"menu_order":0,"comment_status":"closed","ping_status":"closed","template":"single.php","meta":{"footnotes":""},"class_list":["post-11349","page","type-page","status-publish","hentry"],"yoast_head":"<!-- This site is optimized with the Yoast SEO plugin v27.5 - https:\/\/yoast.com\/product\/yoast-seo-wordpress\/ -->\n<title>Seguro Decesos Banco Popular Prima Natural \u25b7 Opiniones y Precio 2026<\/title>\n<meta name=\"description\" content=\"Click aqu\u00ed \u3010Seguro de Decesos Prima Natural Banco Popular\u3011 Mejores precios Banco Popular seguro de fallecidos Prima Natural \u2611\ufe0f Actualizado por iDecesos\u00ae\" \/>\n<meta name=\"robots\" content=\"index, follow, max-snippet:-1, max-image-preview:large, max-video-preview:-1\" \/>\n<link rel=\"canonical\" href=\"https:\/\/idecesos.com\/seguros\/companias\/banco-popular\/prima-natural\/\" \/>\n<meta property=\"og:locale\" content=\"es_ES\" \/>\n<meta property=\"og:type\" content=\"article\" \/>\n<meta property=\"og:title\" content=\"Seguro Decesos Banco Popular Prima Natural \u25b7 Opiniones y Precio 2026\" \/>\n<meta property=\"og:description\" content=\"Click aqu\u00ed \u3010Seguro de Decesos Prima Natural Banco Popular\u3011 Mejores precios Banco Popular seguro de fallecidos Prima Natural \u2611\ufe0f Actualizado por iDecesos\u00ae\" \/>\n<meta property=\"og:url\" content=\"https:\/\/idecesos.com\/seguros\/companias\/banco-popular\/prima-natural\/\" \/>\n<meta property=\"article:modified_time\" content=\"2022-01-03T12:30:00+00:00\" \/>\n<meta name=\"twitter:card\" content=\"summary_large_image\" \/>\n<meta name=\"twitter:label1\" content=\"Tiempo de lectura\" \/>\n\t<meta name=\"twitter:data1\" content=\"54 minutos\" \/>\n<script type=\"application\/ld+json\" class=\"yoast-schema-graph\">{\"@context\":\"https:\\\/\\\/schema.org\",\"@graph\":[{\"@type\":\"WebPage\",\"@id\":\"https:\\\/\\\/idecesos.com\\\/seguros\\\/companias\\\/banco-popular\\\/prima-natural\\\/\",\"url\":\"https:\\\/\\\/idecesos.com\\\/seguros\\\/companias\\\/banco-popular\\\/prima-natural\\\/\",\"name\":\"Seguro Decesos Banco Popular Prima Natural \u25b7 Opiniones y Precio 2026\",\"isPartOf\":{\"@id\":\"https:\\\/\\\/idecesos.com\\\/seguros\\\/#website\"},\"datePublished\":\"2021-10-29T00:00:00+00:00\",\"dateModified\":\"2022-01-03T12:30:00+00:00\",\"description\":\"Click aqu\u00ed \u3010Seguro de Decesos Prima Natural Banco Popular\u3011 Mejores precios Banco Popular seguro de fallecidos Prima Natural \u2611\ufe0f Actualizado por iDecesos\u00ae\",\"breadcrumb\":{\"@id\":\"https:\\\/\\\/idecesos.com\\\/seguros\\\/companias\\\/banco-popular\\\/prima-natural\\\/#breadcrumb\"},\"inLanguage\":\"es\",\"potentialAction\":[{\"@type\":\"ReadAction\",\"target\":[\"https:\\\/\\\/idecesos.com\\\/seguros\\\/companias\\\/banco-popular\\\/prima-natural\\\/\"]}]},{\"@type\":\"BreadcrumbList\",\"@id\":\"https:\\\/\\\/idecesos.com\\\/seguros\\\/companias\\\/banco-popular\\\/prima-natural\\\/#breadcrumb\",\"itemListElement\":[{\"@type\":\"ListItem\",\"position\":1,\"name\":\"Portada\",\"item\":\"https:\\\/\\\/idecesos.com\\\/seguros\\\/\"},{\"@type\":\"ListItem\",\"position\":2,\"name\":\"Compa\u00f1\u00edas de Seguros de Decesos en Espa\u00f1a\",\"item\":\"https:\\\/\\\/idecesos.com\\\/seguros\\\/companias\\\/\"},{\"@type\":\"ListItem\",\"position\":3,\"name\":\"Seguro de decesos Banco Popular\",\"item\":\"https:\\\/\\\/idecesos.com\\\/seguros\\\/companias\\\/banco-popular\\\/\"},{\"@type\":\"ListItem\",\"position\":4,\"name\":\"Seguro de decesos Banco Popular Prima Natural\"}]},{\"@type\":\"WebSite\",\"@id\":\"https:\\\/\\\/idecesos.com\\\/seguros\\\/#website\",\"url\":\"https:\\\/\\\/idecesos.com\\\/seguros\\\/\",\"name\":\"\",\"description\":\"\",\"potentialAction\":[{\"@type\":\"SearchAction\",\"target\":{\"@type\":\"EntryPoint\",\"urlTemplate\":\"https:\\\/\\\/idecesos.com\\\/seguros\\\/?s={search_term_string}\"},\"query-input\":{\"@type\":\"PropertyValueSpecification\",\"valueRequired\":true,\"valueName\":\"search_term_string\"}}],\"inLanguage\":\"es\"}]}<\/script>\n<!-- \/ Yoast SEO plugin. -->","yoast_head_json":{"title":"Seguro Decesos Banco Popular Prima Natural \u25b7 Opiniones y Precio 2026","description":"Click aqu\u00ed \u3010Seguro de Decesos Prima Natural Banco Popular\u3011 Mejores precios Banco Popular seguro de fallecidos Prima Natural \u2611\ufe0f Actualizado por iDecesos\u00ae","robots":{"index":"index","follow":"follow","max-snippet":"max-snippet:-1","max-image-preview":"max-image-preview:large","max-video-preview":"max-video-preview:-1"},"canonical":"https:\/\/idecesos.com\/seguros\/companias\/banco-popular\/prima-natural\/","og_locale":"es_ES","og_type":"article","og_title":"Seguro Decesos Banco Popular Prima Natural \u25b7 Opiniones y Precio 2026","og_description":"Click aqu\u00ed \u3010Seguro de Decesos Prima Natural Banco Popular\u3011 Mejores precios Banco Popular seguro de fallecidos Prima Natural \u2611\ufe0f Actualizado por iDecesos\u00ae","og_url":"https:\/\/idecesos.com\/seguros\/companias\/banco-popular\/prima-natural\/","article_modified_time":"2022-01-03T12:30:00+00:00","twitter_card":"summary_large_image","twitter_misc":{"Tiempo de lectura":"54 minutos"},"schema":{"@context":"https:\/\/schema.org","@graph":[{"@type":"WebPage","@id":"https:\/\/idecesos.com\/seguros\/companias\/banco-popular\/prima-natural\/","url":"https:\/\/idecesos.com\/seguros\/companias\/banco-popular\/prima-natural\/","name":"Seguro Decesos Banco Popular Prima Natural \u25b7 Opiniones y Precio 2026","isPartOf":{"@id":"https:\/\/idecesos.com\/seguros\/#website"},"datePublished":"2021-10-29T00:00:00+00:00","dateModified":"2022-01-03T12:30:00+00:00","description":"Click aqu\u00ed \u3010Seguro de Decesos Prima Natural Banco Popular\u3011 Mejores precios Banco Popular seguro de fallecidos Prima Natural \u2611\ufe0f Actualizado por iDecesos\u00ae","breadcrumb":{"@id":"https:\/\/idecesos.com\/seguros\/companias\/banco-popular\/prima-natural\/#breadcrumb"},"inLanguage":"es","potentialAction":[{"@type":"ReadAction","target":["https:\/\/idecesos.com\/seguros\/companias\/banco-popular\/prima-natural\/"]}]},{"@type":"BreadcrumbList","@id":"https:\/\/idecesos.com\/seguros\/companias\/banco-popular\/prima-natural\/#breadcrumb","itemListElement":[{"@type":"ListItem","position":1,"name":"Portada","item":"https:\/\/idecesos.com\/seguros\/"},{"@type":"ListItem","position":2,"name":"Compa\u00f1\u00edas de Seguros de Decesos en Espa\u00f1a","item":"https:\/\/idecesos.com\/seguros\/companias\/"},{"@type":"ListItem","position":3,"name":"Seguro de decesos Banco Popular","item":"https:\/\/idecesos.com\/seguros\/companias\/banco-popular\/"},{"@type":"ListItem","position":4,"name":"Seguro de decesos Banco Popular Prima Natural"}]},{"@type":"WebSite","@id":"https:\/\/idecesos.com\/seguros\/#website","url":"https:\/\/idecesos.com\/seguros\/","name":"","description":"","potentialAction":[{"@type":"SearchAction","target":{"@type":"EntryPoint","urlTemplate":"https:\/\/idecesos.com\/seguros\/?s={search_term_string}"},"query-input":{"@type":"PropertyValueSpecification","valueRequired":true,"valueName":"search_term_string"}}],"inLanguage":"es"}]}},"_links":{"self":[{"href":"https:\/\/idecesos.com\/seguros\/wp-json\/wp\/v2\/pages\/11349","targetHints":{"allow":["GET"]}}],"collection":[{"href":"https:\/\/idecesos.com\/seguros\/wp-json\/wp\/v2\/pages"}],"about":[{"href":"https:\/\/idecesos.com\/seguros\/wp-json\/wp\/v2\/types\/page"}],"author":[{"embeddable":true,"href":"https:\/\/idecesos.com\/seguros\/wp-json\/wp\/v2\/users\/3"}],"replies":[{"embeddable":true,"href":"https:\/\/idecesos.com\/seguros\/wp-json\/wp\/v2\/comments?post=11349"}],"version-history":[{"count":1,"href":"https:\/\/idecesos.com\/seguros\/wp-json\/wp\/v2\/pages\/11349\/revisions"}],"predecessor-version":[{"id":12859,"href":"https:\/\/idecesos.com\/seguros\/wp-json\/wp\/v2\/pages\/11349\/revisions\/12859"}],"up":[{"embeddable":true,"href":"https:\/\/idecesos.com\/seguros\/wp-json\/wp\/v2\/pages\/298"}],"wp:attachment":[{"href":"https:\/\/idecesos.com\/seguros\/wp-json\/wp\/v2\/media?parent=11349"}],"curies":[{"name":"wp","href":"https:\/\/api.w.org\/{rel}","templated":true}]}}