{"id":11351,"date":"2021-10-29T00:00:00","date_gmt":"2021-10-29T00:00:00","guid":{"rendered":"https:\/\/idecesos.com\/seguros\/?page_id=11351"},"modified":"2022-01-03T12:30:00","modified_gmt":"2022-01-03T12:30:00","slug":"prima-unica","status":"publish","type":"page","link":"https:\/\/idecesos.com\/seguros\/companias\/banco-mediolanum\/prima-unica\/","title":{"rendered":"Seguro de decesos Banco Mediolanum Prima \u00danica"},"content":{"rendered":"<div id=\"ez-toc-container\" class=\"ez-toc-v2_0_82_2 ez-toc-wrap-center counter-hierarchy ez-toc-counter ez-toc-custom ez-toc-container-direction\">\n<div class=\"ez-toc-title-container\">\n<p class=\"ez-toc-title\" style=\"cursor:inherit\">Tabla de Contenido<\/p>\n<span class=\"ez-toc-title-toggle\"><a href=\"#\" class=\"ez-toc-pull-right ez-toc-btn ez-toc-btn-xs ez-toc-btn-default ez-toc-toggle\" aria-label=\"Alternar tabla de contenidos\"><span class=\"ez-toc-js-icon-con\"><span class=\"\"><span class=\"eztoc-hide\" style=\"display:none;\">Toggle<\/span><span class=\"ez-toc-icon-toggle-span\"><svg style=\"fill: #db6415;color:#db6415\" xmlns=\"http:\/\/www.w3.org\/2000\/svg\" class=\"list-377408\" width=\"20px\" height=\"20px\" viewBox=\"0 0 24 24\" fill=\"none\"><path d=\"M6 6H4v2h2V6zm14 0H8v2h12V6zM4 11h2v2H4v-2zm16 0H8v2h12v-2zM4 16h2v2H4v-2zm16 0H8v2h12v-2z\" fill=\"currentColor\"><\/path><\/svg><svg style=\"fill: #db6415;color:#db6415\" class=\"arrow-unsorted-368013\" xmlns=\"http:\/\/www.w3.org\/2000\/svg\" width=\"10px\" height=\"10px\" viewBox=\"0 0 24 24\" version=\"1.2\" baseProfile=\"tiny\"><path d=\"M18.2 9.3l-6.2-6.3-6.2 6.3c-.2.2-.3.4-.3.7s.1.5.3.7c.2.2.4.3.7.3h11c.3 0 .5-.1.7-.3.2-.2.3-.5.3-.7s-.1-.5-.3-.7zM5.8 14.7l6.2 6.3 6.2-6.3c.2-.2.3-.5.3-.7s-.1-.5-.3-.7c-.2-.2-.4-.3-.7-.3h-11c-.3 0-.5.1-.7.3-.2.2-.3.5-.3.7s.1.5.3.7z\"\/><\/svg><\/span><\/span><\/span><\/a><\/span><\/div>\n<nav><ul class='ez-toc-list ez-toc-list-level-1 ' ><li class='ez-toc-page-1 ez-toc-heading-level-2'><a class=\"ez-toc-link ez-toc-heading-1\" href=\"https:\/\/idecesos.com\/seguros\/companias\/banco-mediolanum\/prima-unica\/#Coberturas_seguro_Prima_Unica_Banco_Mediolanum\" >Coberturas seguro Prima \u00danica Banco Mediolanum<\/a><ul class='ez-toc-list-level-3' ><li class='ez-toc-heading-level-3'><a class=\"ez-toc-link ez-toc-heading-2\" href=\"https:\/\/idecesos.com\/seguros\/companias\/banco-mediolanum\/prima-unica\/#%C2%BFA_quien_va_dirigido_el_seguro_de_decesos_Prima_Unica_de_Banco_Mediolanum\" >\u00bfA qui\u00e9n va dirigido el seguro de decesos Prima \u00danica de Banco Mediolanum?<\/a><\/li><\/ul><\/li><li class='ez-toc-page-1 ez-toc-heading-level-2'><a class=\"ez-toc-link ez-toc-heading-3\" href=\"https:\/\/idecesos.com\/seguros\/companias\/banco-mediolanum\/prima-unica\/#Precio_de_seguro_de_decesos_Prima_Unica_Banco_Mediolanum\" >Precio de seguro de decesos Prima \u00danica Banco Mediolanum<\/a><\/li><li class='ez-toc-page-1 ez-toc-heading-level-2'><a class=\"ez-toc-link ez-toc-heading-4\" href=\"https:\/\/idecesos.com\/seguros\/companias\/banco-mediolanum\/prima-unica\/#Productos_Prima_Unica_Banco_Mediolanum\" >Productos Prima \u00danica Banco Mediolanum<\/a><\/li><li class='ez-toc-page-1 ez-toc-heading-level-2'><a class=\"ez-toc-link ez-toc-heading-5\" href=\"https:\/\/idecesos.com\/seguros\/companias\/banco-mediolanum\/prima-unica\/#Opiniones_del_seguro_de_decesos_de_Prima_Unica_de_Banco_Mediolanum\" >Opiniones del seguro de decesos de Prima \u00danica de Banco Mediolanum<\/a><ul class='ez-toc-list-level-3' ><li class='ez-toc-heading-level-3'><a class=\"ez-toc-link ez-toc-heading-6\" href=\"https:\/\/idecesos.com\/seguros\/companias\/banco-mediolanum\/prima-unica\/#Paginas_relacionadas\" >P\u00e1ginas relacionadas<\/a><\/li><\/ul><\/li><\/ul><\/nav><\/div>\n<p><br \/>\nEl seguro de decesos de Banco Mediolanum es la alternativa perfecta para personas mayores que quieren una p\u00f3liza de pago \u00fanico y que le cubra todos y cada uno de los gastos, servicios, suministros de un entierro, entierro y tambi\u00e9n incineraci\u00f3n. Banco Mediolanum da las garant\u00edas necesarias del traslado del fallecido como las gestiones pertinentes que se deben de suplir en ese momento. <\/p>\n<p>Leer m\u00e1s: <a href=\"https:\/\/idecesos.com\/seguros\/tipo\/prima-unica\/\">Seguro de decesos Prima \u00danica<\/a><br \/>\n<div class=\"colorf \"  ><div class=\"container clearfix\"><div class=\"col-md-7\"><\/p>\n<h2><span class=\"ez-toc-section\" id=\"Coberturas_seguro_Prima_Unica_Banco_Mediolanum\"><\/span>Coberturas seguro Prima \u00danica Banco Mediolanum<span class=\"ez-toc-section-end\"><\/span><\/h2>\n<p>El seguro de decesos de prima \u00fanica de Banco Mediolanum destaca por las coberturas que da en todo el proceso, adem\u00e1s de que gestiona toda la documentaci\u00f3n pertinente al fallecido. La administraci\u00f3n del sepelio garantiza desde el traslado, tanatorio, acto religioso, velorio, flores, funeraria, esquela, cementerio, asimismo la libre elecci\u00f3n de inhumaci\u00f3n o crematorio. Se encargar\u00e1 de los tr\u00e1mites burocr\u00e1ticos m\u00e1s dif\u00edciles con el servicio de asistencia de Banco Mediolanum desde la inscripci\u00f3n en el registro civil de fallecidos, certificado m\u00e9dico de defunci\u00f3n entre otras muchas gestiones. Las coberturas est\u00e1n con perfecci\u00f3n dise\u00f1adas para que en el instante que se llame al tel\u00e9fono de asistencia de Banco Mediolanum cubran todo y cada uno de los actos de un deceso y con la mayor dignidad posible. Debes consultar todas las cl\u00e1usulas que vayan en la p\u00f3liza de prima \u00fanica de Banco Mediolanum para conocer en detalle las coberturas que contempla de forma general o bien espec\u00edfica.<br \/>\n<\/div><\/div><\/div><\/p>\n<h3><span class=\"ez-toc-section\" id=\"%C2%BFA_quien_va_dirigido_el_seguro_de_decesos_Prima_Unica_de_Banco_Mediolanum\"><\/span>\u00bfA qui\u00e9n va dirigido el seguro de decesos Prima \u00danica de Banco Mediolanum?<span class=\"ez-toc-section-end\"><\/span><\/h3>\n<p>El seguro de prima \u00fanica Banco Mediolanum va para todas las personas de m\u00e1s de 70 a\u00f1os de edad, de la que jam\u00e1s han adquirido ning\u00fan seguro de decesos de antemano. Banco Mediolanum ofrece el seguro de decesos de pago \u00fanico para poder resolver el problema a los mayores de forma adelantada y dejarlo todo previsto. La contrataci\u00f3n lo efect\u00faan habitualmente personas de 70 a\u00f1os hasta m\u00e1s de 80 a\u00f1os, es muy habitual que lo adquieran personas con 90 a\u00f1os habitualmente.<br \/>\n<div class=\"colorf \"  ><div class=\"container clearfix\"><div class=\"col-md-7\"><\/p>\n<h2><span class=\"ez-toc-section\" id=\"Precio_de_seguro_de_decesos_Prima_Unica_Banco_Mediolanum\"><\/span>Precio de seguro de decesos Prima \u00danica Banco Mediolanum<span class=\"ez-toc-section-end\"><\/span><\/h2>\n<p>El seguro de prima \u00fanica de Banco Mediolanum es de lo m\u00e1s econ\u00f3mico en cuesti\u00f3n de el mercado de Espa\u00f1a, su precio es de 31500\u20ac a grosso modo, los puntos que se tendr\u00e1n presente es la edad de la persona como la localidad. Cuando efect\u00faes la comparaci\u00f3n con respecto al mejor precio del seguro de pago \u00fanico de Banco Mediolanum en cuesti\u00f3n de menos de 60 segundos tendr\u00e1s todos los datos precisos.<br \/>\n<\/div><\/div><\/div><\/p>\n<h2><span class=\"ez-toc-section\" id=\"Productos_Prima_Unica_Banco_Mediolanum\"><\/span>Productos Prima \u00danica Banco Mediolanum<span class=\"ez-toc-section-end\"><\/span><\/h2>\n<div class=\"colorf\"><div class=\"container clearfix\"><div class=\"col-md-7\"><div class=\"opiniones\">\n<h2><span class=\"ez-toc-section\" id=\"Opiniones_del_seguro_de_decesos_de_Prima_Unica_de_Banco_Mediolanum\"><\/span>Opiniones del seguro de decesos de Prima \u00danica de Banco Mediolanum<span class=\"ez-toc-section-end\"><\/span><\/h2>\n<div class=\"opinion \"  >\n\t\t\t<div class=\"cabecera_opinion\">\n\t\t\t\t<div class=\"avatar\">R V <\/div>\n\t\t\t\t<div class=\"datos_opinion\">\n\t\t\t\t\t<div class=\"nombre_opinion\">Reyes Villar<\/div>\n\t\t\t\t\t<div class=\"info_opinion\">\t\t\t\t\t\t\n\t\t\t\t\t\t<div class=\"cuenta_opinion\"><i class=\"fas fa-pencil-alt\"><\/i><!--span class=\"dashicons dashicons-edit\" style=\"font-size:20px\"><\/span--><span>1 Opini\u00f3n<\/span><\/div>\t\t\t\t\t\t\n\t\t\t\t\t\t<div class=\"localizacion_opinion\">\n\t\t\t\t\t\t\t<i class=\"fas fa-map-marker-alt\"><\/i><!--span class=\"dashicons dashicons-location\" style=\"font-size:20px\"><\/span-->\n\t\t\t\t\t\t\t<span>ES<\/span>\n\t\t\t\t\t\t<\/div>\t\n\t\t\t\t\t<\/div>\n\t\t\t\t<\/div>\n\t\t\t<\/div><div class=\"texto_opinion\"><\/p>\n<p>Realizan la gesti\u00f3n del sepelio de forma exhaustiva, y dando un trato a los familiares muy fr\u00e1gil.<\/p>\n<p><\/div><\/div>\n<div class=\"opinion \"  >\n\t\t\t<div class=\"cabecera_opinion\">\n\t\t\t\t<div class=\"avatar\">A A <\/div>\n\t\t\t\t<div class=\"datos_opinion\">\n\t\t\t\t\t<div class=\"nombre_opinion\">Aurelia Aragon\u00e9s<\/div>\n\t\t\t\t\t<div class=\"info_opinion\">\t\t\t\t\t\t\n\t\t\t\t\t\t<div class=\"cuenta_opinion\"><i class=\"fas fa-pencil-alt\"><\/i><!--span class=\"dashicons dashicons-edit\" style=\"font-size:20px\"><\/span--><span>1 Opini\u00f3n<\/span><\/div>\t\t\t\t\t\t\n\t\t\t\t\t\t<div class=\"localizacion_opinion\">\n\t\t\t\t\t\t\t<i class=\"fas fa-map-marker-alt\"><\/i><!--span class=\"dashicons dashicons-location\" style=\"font-size:20px\"><\/span-->\n\t\t\t\t\t\t\t<span>ES<\/span>\n\t\t\t\t\t\t<\/div>\t\n\t\t\t\t\t<\/div>\n\t\t\t\t<\/div>\n\t\t\t<\/div><div class=\"texto_opinion\"><\/p>\n<p>Tengo despu\u00e9s de la muerte de mi madre, tengo la mejor opini\u00f3n del seguro de decesos de prima \u00fanica de Banco Mediolanum, porque nos trataron de forma deliciosa y profesional.<br \/>\n<\/div><\/div>\n<div class=\"opinion \"  >\n\t\t\t<div class=\"cabecera_opinion\">\n\t\t\t\t<div class=\"avatar\">C M <\/div>\n\t\t\t\t<div class=\"datos_opinion\">\n\t\t\t\t\t<div class=\"nombre_opinion\">Carmelo Miranda<\/div>\n\t\t\t\t\t<div class=\"info_opinion\">\t\t\t\t\t\t\n\t\t\t\t\t\t<div class=\"cuenta_opinion\"><i class=\"fas fa-pencil-alt\"><\/i><!--span class=\"dashicons dashicons-edit\" style=\"font-size:20px\"><\/span--><span>1 Opini\u00f3n<\/span><\/div>\t\t\t\t\t\t\n\t\t\t\t\t\t<div class=\"localizacion_opinion\">\n\t\t\t\t\t\t\t<i class=\"fas fa-map-marker-alt\"><\/i><!--span class=\"dashicons dashicons-location\" style=\"font-size:20px\"><\/span-->\n\t\t\t\t\t\t\t<span>ES<\/span>\n\t\t\t\t\t\t<\/div>\t\n\t\t\t\t\t<\/div>\n\t\t\t\t<\/div>\n\t\t\t<\/div><div class=\"texto_opinion\"><\/p>\n<p>En ese momento tan inopinado como el fallecimiento de un ser querido, en el caso de mi padre en ese d\u00eda Banco Mediolanum nos ayud\u00f3 brind\u00e1ndonos todas las coberturas precisas como asistencia personal, Banco Mediolanum resalta por sus caracter\u00edsticas que son solventes en esa situaci\u00f3n, Banco Mediolanum cuenta con los mejores expertos del campo.<\/p>\n<p><\/div><\/div>\n<\/div><\/div><\/div><\/div>\n<p><div class=\"oficinas\"><br \/>\n<h3><span class=\"ez-toc-section\" id=\"Paginas_relacionadas\"><\/span>P\u00e1ginas relacionadas<span class=\"ez-toc-section-end\"><\/span><\/h3><div class=\"enlazado\"><ul> <li><a href=\"https:\/\/idecesos.com\/seguros\/companias\/banco-mediolanum\/opiniones\/\">Opiniones Banco Mediolanum<\/a><\/li> <li><a href=\"https:\/\/idecesos.com\/seguros\/companias\/banco-mediolanum\/precio\/\">Precio seguro Banco Mediolanum<\/a><\/li> <li><a href=\"https:\/\/idecesos.com\/seguros\/companias\/banco-mediolanum\/prima-mixta\/\">Banco Mediolanum Prima Mixta<\/a><\/li> <li><a href=\"https:\/\/idecesos.com\/seguros\/companias\/banco-mediolanum\/prima-natural\/\">Banco Mediolanum Prima Natural<\/a><\/li> <li><a href=\"https:\/\/idecesos.com\/seguros\/companias\/banco-mediolanum\/prima-nivelada\/\">Banco Mediolanum Prima Nivelada<\/a><\/li> <li><a href=\"https:\/\/idecesos.com\/seguros\/companias\/banco-mediolanum\/prima-unica\/\">Banco Mediolanum Prima \u00danica<\/a><\/li> <li><a href=\"https:\/\/idecesos.com\/seguros\/companias\/banco-mediolanum\/repatriacion\/\">Banco Mediolanum Repatriaci\u00f3n<\/a><\/li> <li><a href=\"https:\/\/idecesos.com\/seguros\/companias\/banco-mediolanum\/telefono\/\">Tel\u00e9fono Gratuito Banco Mediolanum<\/a><\/li><\/ul><\/div><\/p>\n<\/div>\n","protected":false},"excerpt":{"rendered":"<p>El seguro de decesos de Banco Mediolanum es la alternativa perfecta para personas mayores que quieren una p\u00f3liza de pago \u00fanico y que le cubra todos y cada uno de los gastos, servicios, suministros de un entierro, entierro y tambi\u00e9n incineraci\u00f3n. Banco Mediolanum da las garant\u00edas necesarias del traslado del fallecido como las gestiones pertinentes&hellip; <\/p>\n","protected":false},"author":3,"featured_media":0,"parent":292,"menu_order":0,"comment_status":"closed","ping_status":"closed","template":"single.php","meta":{"footnotes":""},"class_list":["post-11351","page","type-page","status-publish","hentry"],"yoast_head":"<!-- This site is optimized with the Yoast SEO plugin v27.3 - https:\/\/yoast.com\/product\/yoast-seo-wordpress\/ -->\n<title>Seguro Decesos Banco Mediolanum Prima \u00danica \u25b7 Opiniones y Precio 2026<\/title>\n<meta name=\"description\" content=\"Click aqu\u00ed \u3010Seguro de Decesos Prima \u00danica Banco Mediolanum\u3011 Mejores precios Banco Mediolanum seguro de fallecidos Prima \u00danica \u2611\ufe0f Actualizado por iDecesos\u00ae\" \/>\n<meta name=\"robots\" content=\"index, follow, max-snippet:-1, max-image-preview:large, max-video-preview:-1\" \/>\n<link rel=\"canonical\" href=\"https:\/\/idecesos.com\/seguros\/companias\/banco-mediolanum\/prima-unica\/\" \/>\n<meta property=\"og:locale\" content=\"es_ES\" \/>\n<meta property=\"og:type\" content=\"article\" \/>\n<meta property=\"og:title\" content=\"Seguro Decesos Banco Mediolanum Prima \u00danica \u25b7 Opiniones y Precio 2026\" \/>\n<meta property=\"og:description\" content=\"Click aqu\u00ed \u3010Seguro de Decesos Prima \u00danica Banco Mediolanum\u3011 Mejores precios Banco Mediolanum seguro de fallecidos Prima \u00danica \u2611\ufe0f Actualizado por iDecesos\u00ae\" \/>\n<meta property=\"og:url\" content=\"https:\/\/idecesos.com\/seguros\/companias\/banco-mediolanum\/prima-unica\/\" \/>\n<meta property=\"article:modified_time\" content=\"2022-01-03T12:30:00+00:00\" \/>\n<meta name=\"twitter:card\" content=\"summary_large_image\" \/>\n<meta name=\"twitter:label1\" content=\"Tiempo de lectura\" \/>\n\t<meta name=\"twitter:data1\" content=\"60 minutos\" \/>\n<script type=\"application\/ld+json\" class=\"yoast-schema-graph\">{\"@context\":\"https:\\\/\\\/schema.org\",\"@graph\":[{\"@type\":\"WebPage\",\"@id\":\"https:\\\/\\\/idecesos.com\\\/seguros\\\/companias\\\/banco-mediolanum\\\/prima-unica\\\/\",\"url\":\"https:\\\/\\\/idecesos.com\\\/seguros\\\/companias\\\/banco-mediolanum\\\/prima-unica\\\/\",\"name\":\"Seguro Decesos Banco Mediolanum Prima \u00danica \u25b7 Opiniones y Precio 2026\",\"isPartOf\":{\"@id\":\"https:\\\/\\\/idecesos.com\\\/seguros\\\/#website\"},\"datePublished\":\"2021-10-29T00:00:00+00:00\",\"dateModified\":\"2022-01-03T12:30:00+00:00\",\"description\":\"Click aqu\u00ed \u3010Seguro de Decesos Prima \u00danica Banco Mediolanum\u3011 Mejores precios Banco Mediolanum seguro de fallecidos Prima \u00danica \u2611\ufe0f Actualizado por iDecesos\u00ae\",\"breadcrumb\":{\"@id\":\"https:\\\/\\\/idecesos.com\\\/seguros\\\/companias\\\/banco-mediolanum\\\/prima-unica\\\/#breadcrumb\"},\"inLanguage\":\"es\",\"potentialAction\":[{\"@type\":\"ReadAction\",\"target\":[\"https:\\\/\\\/idecesos.com\\\/seguros\\\/companias\\\/banco-mediolanum\\\/prima-unica\\\/\"]}]},{\"@type\":\"BreadcrumbList\",\"@id\":\"https:\\\/\\\/idecesos.com\\\/seguros\\\/companias\\\/banco-mediolanum\\\/prima-unica\\\/#breadcrumb\",\"itemListElement\":[{\"@type\":\"ListItem\",\"position\":1,\"name\":\"Portada\",\"item\":\"https:\\\/\\\/idecesos.com\\\/seguros\\\/\"},{\"@type\":\"ListItem\",\"position\":2,\"name\":\"Compa\u00f1\u00edas de Seguros de Decesos en Espa\u00f1a\",\"item\":\"https:\\\/\\\/idecesos.com\\\/seguros\\\/companias\\\/\"},{\"@type\":\"ListItem\",\"position\":3,\"name\":\"Seguro de decesos Banco Mediolanum\",\"item\":\"https:\\\/\\\/idecesos.com\\\/seguros\\\/companias\\\/banco-mediolanum\\\/\"},{\"@type\":\"ListItem\",\"position\":4,\"name\":\"Seguro de decesos Banco Mediolanum Prima \u00danica\"}]},{\"@type\":\"WebSite\",\"@id\":\"https:\\\/\\\/idecesos.com\\\/seguros\\\/#website\",\"url\":\"https:\\\/\\\/idecesos.com\\\/seguros\\\/\",\"name\":\"\",\"description\":\"\",\"potentialAction\":[{\"@type\":\"SearchAction\",\"target\":{\"@type\":\"EntryPoint\",\"urlTemplate\":\"https:\\\/\\\/idecesos.com\\\/seguros\\\/?s={search_term_string}\"},\"query-input\":{\"@type\":\"PropertyValueSpecification\",\"valueRequired\":true,\"valueName\":\"search_term_string\"}}],\"inLanguage\":\"es\"}]}<\/script>\n<!-- \/ Yoast SEO plugin. -->","yoast_head_json":{"title":"Seguro Decesos Banco Mediolanum Prima \u00danica \u25b7 Opiniones y Precio 2026","description":"Click aqu\u00ed \u3010Seguro de Decesos Prima \u00danica Banco Mediolanum\u3011 Mejores precios Banco Mediolanum seguro de fallecidos Prima \u00danica \u2611\ufe0f Actualizado por iDecesos\u00ae","robots":{"index":"index","follow":"follow","max-snippet":"max-snippet:-1","max-image-preview":"max-image-preview:large","max-video-preview":"max-video-preview:-1"},"canonical":"https:\/\/idecesos.com\/seguros\/companias\/banco-mediolanum\/prima-unica\/","og_locale":"es_ES","og_type":"article","og_title":"Seguro Decesos Banco Mediolanum Prima \u00danica \u25b7 Opiniones y Precio 2026","og_description":"Click aqu\u00ed \u3010Seguro de Decesos Prima \u00danica Banco Mediolanum\u3011 Mejores precios Banco Mediolanum seguro de fallecidos Prima \u00danica \u2611\ufe0f Actualizado por iDecesos\u00ae","og_url":"https:\/\/idecesos.com\/seguros\/companias\/banco-mediolanum\/prima-unica\/","article_modified_time":"2022-01-03T12:30:00+00:00","twitter_card":"summary_large_image","twitter_misc":{"Tiempo de lectura":"60 minutos"},"schema":{"@context":"https:\/\/schema.org","@graph":[{"@type":"WebPage","@id":"https:\/\/idecesos.com\/seguros\/companias\/banco-mediolanum\/prima-unica\/","url":"https:\/\/idecesos.com\/seguros\/companias\/banco-mediolanum\/prima-unica\/","name":"Seguro Decesos Banco Mediolanum Prima \u00danica \u25b7 Opiniones y Precio 2026","isPartOf":{"@id":"https:\/\/idecesos.com\/seguros\/#website"},"datePublished":"2021-10-29T00:00:00+00:00","dateModified":"2022-01-03T12:30:00+00:00","description":"Click aqu\u00ed \u3010Seguro de Decesos Prima \u00danica Banco Mediolanum\u3011 Mejores precios Banco Mediolanum seguro de fallecidos Prima \u00danica \u2611\ufe0f Actualizado por iDecesos\u00ae","breadcrumb":{"@id":"https:\/\/idecesos.com\/seguros\/companias\/banco-mediolanum\/prima-unica\/#breadcrumb"},"inLanguage":"es","potentialAction":[{"@type":"ReadAction","target":["https:\/\/idecesos.com\/seguros\/companias\/banco-mediolanum\/prima-unica\/"]}]},{"@type":"BreadcrumbList","@id":"https:\/\/idecesos.com\/seguros\/companias\/banco-mediolanum\/prima-unica\/#breadcrumb","itemListElement":[{"@type":"ListItem","position":1,"name":"Portada","item":"https:\/\/idecesos.com\/seguros\/"},{"@type":"ListItem","position":2,"name":"Compa\u00f1\u00edas de Seguros de Decesos en Espa\u00f1a","item":"https:\/\/idecesos.com\/seguros\/companias\/"},{"@type":"ListItem","position":3,"name":"Seguro de decesos Banco Mediolanum","item":"https:\/\/idecesos.com\/seguros\/companias\/banco-mediolanum\/"},{"@type":"ListItem","position":4,"name":"Seguro de decesos Banco Mediolanum Prima \u00danica"}]},{"@type":"WebSite","@id":"https:\/\/idecesos.com\/seguros\/#website","url":"https:\/\/idecesos.com\/seguros\/","name":"","description":"","potentialAction":[{"@type":"SearchAction","target":{"@type":"EntryPoint","urlTemplate":"https:\/\/idecesos.com\/seguros\/?s={search_term_string}"},"query-input":{"@type":"PropertyValueSpecification","valueRequired":true,"valueName":"search_term_string"}}],"inLanguage":"es"}]}},"_links":{"self":[{"href":"https:\/\/idecesos.com\/seguros\/wp-json\/wp\/v2\/pages\/11351","targetHints":{"allow":["GET"]}}],"collection":[{"href":"https:\/\/idecesos.com\/seguros\/wp-json\/wp\/v2\/pages"}],"about":[{"href":"https:\/\/idecesos.com\/seguros\/wp-json\/wp\/v2\/types\/page"}],"author":[{"embeddable":true,"href":"https:\/\/idecesos.com\/seguros\/wp-json\/wp\/v2\/users\/3"}],"replies":[{"embeddable":true,"href":"https:\/\/idecesos.com\/seguros\/wp-json\/wp\/v2\/comments?post=11351"}],"version-history":[{"count":1,"href":"https:\/\/idecesos.com\/seguros\/wp-json\/wp\/v2\/pages\/11351\/revisions"}],"predecessor-version":[{"id":12846,"href":"https:\/\/idecesos.com\/seguros\/wp-json\/wp\/v2\/pages\/11351\/revisions\/12846"}],"up":[{"embeddable":true,"href":"https:\/\/idecesos.com\/seguros\/wp-json\/wp\/v2\/pages\/292"}],"wp:attachment":[{"href":"https:\/\/idecesos.com\/seguros\/wp-json\/wp\/v2\/media?parent=11351"}],"curies":[{"name":"wp","href":"https:\/\/api.w.org\/{rel}","templated":true}]}}