{"id":11353,"date":"2021-10-29T00:00:00","date_gmt":"2021-10-29T00:00:00","guid":{"rendered":"https:\/\/idecesos.com\/seguros\/?page_id=11353"},"modified":"2022-01-03T12:30:12","modified_gmt":"2022-01-03T12:30:12","slug":"prima-unica","status":"publish","type":"page","link":"https:\/\/idecesos.com\/seguros\/companias\/el-corte-ingles\/prima-unica\/","title":{"rendered":"Seguro de decesos El Corte Ingles Prima \u00danica"},"content":{"rendered":"<div id=\"ez-toc-container\" class=\"ez-toc-v2_0_82_2 ez-toc-wrap-center counter-hierarchy ez-toc-counter ez-toc-custom ez-toc-container-direction\">\n<div class=\"ez-toc-title-container\">\n<p class=\"ez-toc-title\" style=\"cursor:inherit\">Tabla de Contenido<\/p>\n<span class=\"ez-toc-title-toggle\"><a href=\"#\" class=\"ez-toc-pull-right ez-toc-btn ez-toc-btn-xs ez-toc-btn-default ez-toc-toggle\" aria-label=\"Alternar tabla de contenidos\"><span class=\"ez-toc-js-icon-con\"><span class=\"\"><span class=\"eztoc-hide\" style=\"display:none;\">Toggle<\/span><span class=\"ez-toc-icon-toggle-span\"><svg style=\"fill: #db6415;color:#db6415\" xmlns=\"http:\/\/www.w3.org\/2000\/svg\" class=\"list-377408\" width=\"20px\" height=\"20px\" viewBox=\"0 0 24 24\" fill=\"none\"><path d=\"M6 6H4v2h2V6zm14 0H8v2h12V6zM4 11h2v2H4v-2zm16 0H8v2h12v-2zM4 16h2v2H4v-2zm16 0H8v2h12v-2z\" fill=\"currentColor\"><\/path><\/svg><svg style=\"fill: #db6415;color:#db6415\" class=\"arrow-unsorted-368013\" xmlns=\"http:\/\/www.w3.org\/2000\/svg\" width=\"10px\" height=\"10px\" viewBox=\"0 0 24 24\" version=\"1.2\" baseProfile=\"tiny\"><path d=\"M18.2 9.3l-6.2-6.3-6.2 6.3c-.2.2-.3.4-.3.7s.1.5.3.7c.2.2.4.3.7.3h11c.3 0 .5-.1.7-.3.2-.2.3-.5.3-.7s-.1-.5-.3-.7zM5.8 14.7l6.2 6.3 6.2-6.3c.2-.2.3-.5.3-.7s-.1-.5-.3-.7c-.2-.2-.4-.3-.7-.3h-11c-.3 0-.5.1-.7.3-.2.2-.3.5-.3.7s.1.5.3.7z\"\/><\/svg><\/span><\/span><\/span><\/a><\/span><\/div>\n<nav><ul class='ez-toc-list ez-toc-list-level-1 ' ><li class='ez-toc-page-1 ez-toc-heading-level-2'><a class=\"ez-toc-link ez-toc-heading-1\" href=\"https:\/\/idecesos.com\/seguros\/companias\/el-corte-ingles\/prima-unica\/#Coberturas_seguro_Prima_Unica_El_Corte_Ingles\" >Coberturas seguro Prima \u00danica El Corte Ingles<\/a><ul class='ez-toc-list-level-3' ><li class='ez-toc-heading-level-3'><a class=\"ez-toc-link ez-toc-heading-2\" href=\"https:\/\/idecesos.com\/seguros\/companias\/el-corte-ingles\/prima-unica\/#%C2%BFA_quien_va_dirigido_el_seguro_de_decesos_Prima_Unica_de_El_Corte_Ingles\" >\u00bfA qui\u00e9n va dirigido el seguro de decesos Prima \u00danica de El Corte Ingles?<\/a><\/li><\/ul><\/li><li class='ez-toc-page-1 ez-toc-heading-level-2'><a class=\"ez-toc-link ez-toc-heading-3\" href=\"https:\/\/idecesos.com\/seguros\/companias\/el-corte-ingles\/prima-unica\/#Precio_de_seguro_de_decesos_Prima_Unica_El_Corte_Ingles\" >Precio de seguro de decesos Prima \u00danica El Corte Ingles<\/a><\/li><li class='ez-toc-page-1 ez-toc-heading-level-2'><a class=\"ez-toc-link ez-toc-heading-4\" href=\"https:\/\/idecesos.com\/seguros\/companias\/el-corte-ingles\/prima-unica\/#Productos_Prima_Unica_El_Corte_Ingles\" >Productos Prima \u00danica El Corte Ingles<\/a><\/li><li class='ez-toc-page-1 ez-toc-heading-level-2'><a class=\"ez-toc-link ez-toc-heading-5\" href=\"https:\/\/idecesos.com\/seguros\/companias\/el-corte-ingles\/prima-unica\/#Opiniones_del_seguro_de_decesos_de_Prima_Unica_de_El_Corte_Ingles\" >Opiniones del seguro de decesos de Prima \u00danica de El Corte Ingles<\/a><ul class='ez-toc-list-level-3' ><li class='ez-toc-heading-level-3'><a class=\"ez-toc-link ez-toc-heading-6\" href=\"https:\/\/idecesos.com\/seguros\/companias\/el-corte-ingles\/prima-unica\/#Paginas_relacionadas\" >P\u00e1ginas relacionadas<\/a><\/li><\/ul><\/li><\/ul><\/nav><\/div>\n<p><br \/>\nDentro del rango de edades el de las personas mayores prefieren El Corte Ingles como seguro, debido a su \u00fanico pago y por el hecho de que cuenta con un servicio de funeral complet\u00edsimo independientemente que elija entierro o incineraci\u00f3n. El seguro de prima \u00fanica de El Corte Ingles es el mejor del mercado que cuenta con todas las garant\u00edas de solucionar los tr\u00e1mites burocr\u00e1ticos y el servicio funerario al completo. <\/p>\n<p>Leer m\u00e1s: <a href=\"https:\/\/idecesos.com\/seguros\/tipo\/prima-unica\/\">Seguro de decesos Prima \u00danica<\/a><br \/>\n<div class=\"colorf \"  ><div class=\"container clearfix\"><div class=\"col-md-7\"><\/p>\n<h2><span class=\"ez-toc-section\" id=\"Coberturas_seguro_Prima_Unica_El_Corte_Ingles\"><\/span>Coberturas seguro Prima \u00danica El Corte Ingles<span class=\"ez-toc-section-end\"><\/span><\/h2>\n<p>Las mejores coberturas del seguro de prima \u00fanica las encontrar\u00e1s en El Corte Ingles con las garant\u00edas m\u00e1s actuales y tambi\u00e9n renovadoras del mercado asegurador en Espa\u00f1a. Contar con las mejores coberturas en un instante tan delicado es esencial por esta raz\u00f3n El Corte Ingles gestiona de manera satisfactoria este servicio encarg\u00e1ndose de todo en cada detalle de ese d\u00eda tan singular. Quedando cubierto lo dicho previamente, tambi\u00e9n cubren necrol\u00f3gicas, servicio religioso si as\u00ed lo requieren los familiares, corona floral, toda la documentaci\u00f3n sobre el fallecido como certificado de defunci\u00f3n entre otros, si su elecci\u00f3n es ata\u00fad o bien entierro. El seguro de decesos de El Corte Ingles deja cubierto todas las necesidades que puedan llegar a precisar los familiares en ese instante as\u00ed como guardar la dignidad del fallecido.<br \/>\n<\/div><\/div><\/div><\/p>\n<h3><span class=\"ez-toc-section\" id=\"%C2%BFA_quien_va_dirigido_el_seguro_de_decesos_Prima_Unica_de_El_Corte_Ingles\"><\/span>\u00bfA qui\u00e9n va dirigido el seguro de decesos Prima \u00danica de El Corte Ingles?<span class=\"ez-toc-section-end\"><\/span><\/h3>\n<p>El Corte Ingles, el seguro de prima \u00fanica para todas aquellas personas que sean mayor de 60 a\u00f1os, si bien el rango de contrataci\u00f3n se halle en los 70 a\u00f1os los adquieren para dejar todo de manera resuelta en el momento de su \u00f3bito. En el instante que suceda el fallecimiento y se pongan en contacto con la compa\u00f1\u00eda, se encargaran de realizar las gestiones adecuadas para dejar todo arreglado y los familiares no deban preocuparse por nada en ese d\u00eda tan doloroso. Hay que tener en consideraci\u00f3n que el seguro de prima \u00fanica de El Corte Ingles es aquella que se dirige para todas y cada una de las personas que no cuentan con un nivel bastante adquisitivo demasiado alto. Gracias a esta p\u00f3liza la aseguradora en todo instante todo los servicios funerarios de manera completa, donde los familiares no tendr\u00e1s nada que preocuparse.<br \/>\n<div class=\"colorf \"  ><div class=\"container clearfix\"><div class=\"col-md-7\"><\/p>\n<h2><span class=\"ez-toc-section\" id=\"Precio_de_seguro_de_decesos_Prima_Unica_El_Corte_Ingles\"><\/span>Precio de seguro de decesos Prima \u00danica El Corte Ingles<span class=\"ez-toc-section-end\"><\/span><\/h2>\n<p>El seguro de prima \u00fanica de El Corte Ingles resulta bastante econ\u00f3mico, su coste es de 3100 euros alrededor, contando con los factores de la edad de esta manera asimismo donde radique. Siendo uno de los mejores en el mercado. Es importante contar con el comparador para conseguir el mejor coste de pago \u00fanico de El Corte Ingles ya que tendremos una perspectiva m\u00e1s visual con respecto a todos los datos, y solo ser\u00e1 en menor tiempo del que te puedes imaginar.<br \/>\n<\/div><\/div><\/div><\/p>\n<h2><span class=\"ez-toc-section\" id=\"Productos_Prima_Unica_El_Corte_Ingles\"><\/span>Productos Prima \u00danica El Corte Ingles<span class=\"ez-toc-section-end\"><\/span><\/h2>\n<div class=\"colorf\"><div class=\"container clearfix\"><div class=\"col-md-7\"><div class=\"opiniones\">\n<h2><span class=\"ez-toc-section\" id=\"Opiniones_del_seguro_de_decesos_de_Prima_Unica_de_El_Corte_Ingles\"><\/span>Opiniones del seguro de decesos de Prima \u00danica de El Corte Ingles<span class=\"ez-toc-section-end\"><\/span><\/h2>\n<div class=\"opinion \"  >\n\t\t\t<div class=\"cabecera_opinion\">\n\t\t\t\t<div class=\"avatar\">V P <\/div>\n\t\t\t\t<div class=\"datos_opinion\">\n\t\t\t\t\t<div class=\"nombre_opinion\">Vito Pi\u00f1a<\/div>\n\t\t\t\t\t<div class=\"info_opinion\">\t\t\t\t\t\t\n\t\t\t\t\t\t<div class=\"cuenta_opinion\"><i class=\"fas fa-pencil-alt\"><\/i><!--span class=\"dashicons dashicons-edit\" style=\"font-size:20px\"><\/span--><span>1 Opini\u00f3n<\/span><\/div>\t\t\t\t\t\t\n\t\t\t\t\t\t<div class=\"localizacion_opinion\">\n\t\t\t\t\t\t\t<i class=\"fas fa-map-marker-alt\"><\/i><!--span class=\"dashicons dashicons-location\" style=\"font-size:20px\"><\/span-->\n\t\t\t\t\t\t\t<span>ES<\/span>\n\t\t\t\t\t\t<\/div>\t\n\t\t\t\t\t<\/div>\n\t\t\t\t<\/div>\n\t\t\t<\/div><div class=\"texto_opinion\"><\/p>\n<p>El Corte Ingles el seguro de prima \u00fanica es el mejor de todo el mercado Espa\u00f1ol, lo recomiendo 100 por ciento .<\/p>\n<p><\/div><\/div>\n<div class=\"opinion \"  >\n\t\t\t<div class=\"cabecera_opinion\">\n\t\t\t\t<div class=\"avatar\">C B <\/div>\n\t\t\t\t<div class=\"datos_opinion\">\n\t\t\t\t\t<div class=\"nombre_opinion\">Carla Benito<\/div>\n\t\t\t\t\t<div class=\"info_opinion\">\t\t\t\t\t\t\n\t\t\t\t\t\t<div class=\"cuenta_opinion\"><i class=\"fas fa-pencil-alt\"><\/i><!--span class=\"dashicons dashicons-edit\" style=\"font-size:20px\"><\/span--><span>1 Opini\u00f3n<\/span><\/div>\t\t\t\t\t\t\n\t\t\t\t\t\t<div class=\"localizacion_opinion\">\n\t\t\t\t\t\t\t<i class=\"fas fa-map-marker-alt\"><\/i><!--span class=\"dashicons dashicons-location\" style=\"font-size:20px\"><\/span-->\n\t\t\t\t\t\t\t<span>ES<\/span>\n\t\t\t\t\t\t<\/div>\t\n\t\t\t\t\t<\/div>\n\t\t\t\t<\/div>\n\t\t\t<\/div><div class=\"texto_opinion\"><\/p>\n<p>La mejor compa\u00f1\u00eda que puede existir en el mercado es sin ning\u00fan g\u00e9nero de dudas el seguro de prima \u00fanica de El Corte Ingles, en tanto que cuentan con el mejor servicio funerario y de forma completa c\u00f3mo detallada.<br \/>\n<\/div><\/div>\n<div class=\"opinion \"  >\n\t\t\t<div class=\"cabecera_opinion\">\n\t\t\t\t<div class=\"avatar\">C N <\/div>\n\t\t\t\t<div class=\"datos_opinion\">\n\t\t\t\t\t<div class=\"nombre_opinion\">Charo Nogu\u00e9s<\/div>\n\t\t\t\t\t<div class=\"info_opinion\">\t\t\t\t\t\t\n\t\t\t\t\t\t<div class=\"cuenta_opinion\"><i class=\"fas fa-pencil-alt\"><\/i><!--span class=\"dashicons dashicons-edit\" style=\"font-size:20px\"><\/span--><span>1 Opini\u00f3n<\/span><\/div>\t\t\t\t\t\t\n\t\t\t\t\t\t<div class=\"localizacion_opinion\">\n\t\t\t\t\t\t\t<i class=\"fas fa-map-marker-alt\"><\/i><!--span class=\"dashicons dashicons-location\" style=\"font-size:20px\"><\/span-->\n\t\t\t\t\t\t\t<span>ES<\/span>\n\t\t\t\t\t\t<\/div>\t\n\t\t\t\t\t<\/div>\n\t\t\t\t<\/div>\n\t\t\t<\/div><div class=\"texto_opinion\"><\/p>\n<p>Estoy content\u00edsima con el seguro de prima \u00fanica de El Corte Ingles, tanto que tambi\u00e9n se la hemos contratado a mi abuela tras el servicio que le dieron a mi abuelo cuando muri\u00f3.<\/p>\n<p><\/div><\/div>\n<\/div><\/div><\/div><\/div>\n<p><div class=\"oficinas\"><br \/>\n<h3><span class=\"ez-toc-section\" id=\"Paginas_relacionadas\"><\/span>P\u00e1ginas relacionadas<span class=\"ez-toc-section-end\"><\/span><\/h3><div class=\"enlazado\"><ul> <li><a href=\"https:\/\/idecesos.com\/seguros\/companias\/el-corte-ingles\/coberturas\/\">Coberturas Seguro de Decesos El Corte Ingl\u00e9s<\/a><\/li> <li><a href=\"https:\/\/idecesos.com\/seguros\/companias\/el-corte-ingles\/opiniones\/\">Opiniones El Corte Ingl\u00e9s<\/a><\/li> <li><a href=\"https:\/\/idecesos.com\/seguros\/companias\/el-corte-ingles\/precio\/\">Precio seguro El Corte Ingles<\/a><\/li> <li><a href=\"https:\/\/idecesos.com\/seguros\/companias\/el-corte-ingles\/prima-mixta\/\">El Corte Ingles Prima Mixta<\/a><\/li> <li><a href=\"https:\/\/idecesos.com\/seguros\/companias\/el-corte-ingles\/prima-natural\/\">El Corte Ingles Prima Natural<\/a><\/li> <li><a href=\"https:\/\/idecesos.com\/seguros\/companias\/el-corte-ingles\/prima-nivelada\/\">El Corte Ingles Prima Nivelada<\/a><\/li> <li><a href=\"https:\/\/idecesos.com\/seguros\/companias\/el-corte-ingles\/prima-unica\/\">El Corte Ingles Prima \u00danica<\/a><\/li> <li><a href=\"https:\/\/idecesos.com\/seguros\/companias\/el-corte-ingles\/repatriacion\/\">El Corte Ingles Repatriaci\u00f3n<\/a><\/li> <li><a href=\"https:\/\/idecesos.com\/seguros\/companias\/el-corte-ingles\/telefono\/\">Tel\u00e9fono Gratuito El Corte Ingles<\/a><\/li><\/ul><\/div><\/p>\n<\/div>\n","protected":false},"excerpt":{"rendered":"<p>Dentro del rango de edades el de las personas mayores prefieren El Corte Ingles como seguro, debido a su \u00fanico pago y por el hecho de que cuenta con un servicio de funeral complet\u00edsimo independientemente que elija entierro o incineraci\u00f3n. El seguro de prima \u00fanica de El Corte Ingles es el mejor del mercado que&hellip; <\/p>\n","protected":false},"author":3,"featured_media":0,"parent":332,"menu_order":0,"comment_status":"closed","ping_status":"closed","template":"single.php","meta":{"footnotes":""},"class_list":["post-11353","page","type-page","status-publish","hentry"],"yoast_head":"<!-- This site is optimized with the Yoast SEO plugin v27.5 - https:\/\/yoast.com\/product\/yoast-seo-wordpress\/ -->\n<title>Seguro Decesos El Corte Ingles Prima \u00danica \u25b7 Opiniones y Precio 2026<\/title>\n<meta name=\"description\" content=\"Click aqu\u00ed \u3010Seguro de Decesos Prima \u00danica El Corte Ingles\u3011 Mejores precios El Corte Ingles seguro de fallecidos Prima \u00danica \u2611\ufe0f Actualizado por iDecesos\u00ae\" \/>\n<meta name=\"robots\" content=\"index, follow, max-snippet:-1, max-image-preview:large, max-video-preview:-1\" \/>\n<link rel=\"canonical\" href=\"https:\/\/idecesos.com\/seguros\/companias\/el-corte-ingles\/prima-unica\/\" \/>\n<meta property=\"og:locale\" content=\"es_ES\" \/>\n<meta property=\"og:type\" content=\"article\" \/>\n<meta property=\"og:title\" content=\"Seguro Decesos El Corte Ingles Prima \u00danica \u25b7 Opiniones y Precio 2026\" \/>\n<meta property=\"og:description\" content=\"Click aqu\u00ed \u3010Seguro de Decesos Prima \u00danica El Corte Ingles\u3011 Mejores precios El Corte Ingles seguro de fallecidos Prima \u00danica \u2611\ufe0f Actualizado por iDecesos\u00ae\" \/>\n<meta property=\"og:url\" content=\"https:\/\/idecesos.com\/seguros\/companias\/el-corte-ingles\/prima-unica\/\" \/>\n<meta property=\"article:modified_time\" content=\"2022-01-03T12:30:12+00:00\" \/>\n<meta name=\"twitter:card\" content=\"summary_large_image\" \/>\n<meta name=\"twitter:label1\" content=\"Tiempo de lectura\" \/>\n\t<meta name=\"twitter:data1\" content=\"60 minutos\" \/>\n<script type=\"application\/ld+json\" class=\"yoast-schema-graph\">{\"@context\":\"https:\\\/\\\/schema.org\",\"@graph\":[{\"@type\":\"WebPage\",\"@id\":\"https:\\\/\\\/idecesos.com\\\/seguros\\\/companias\\\/el-corte-ingles\\\/prima-unica\\\/\",\"url\":\"https:\\\/\\\/idecesos.com\\\/seguros\\\/companias\\\/el-corte-ingles\\\/prima-unica\\\/\",\"name\":\"Seguro Decesos El Corte Ingles Prima \u00danica \u25b7 Opiniones y Precio 2026\",\"isPartOf\":{\"@id\":\"https:\\\/\\\/idecesos.com\\\/seguros\\\/#website\"},\"datePublished\":\"2021-10-29T00:00:00+00:00\",\"dateModified\":\"2022-01-03T12:30:12+00:00\",\"description\":\"Click aqu\u00ed \u3010Seguro de Decesos Prima \u00danica El Corte Ingles\u3011 Mejores precios El Corte Ingles seguro de fallecidos Prima \u00danica \u2611\ufe0f Actualizado por iDecesos\u00ae\",\"breadcrumb\":{\"@id\":\"https:\\\/\\\/idecesos.com\\\/seguros\\\/companias\\\/el-corte-ingles\\\/prima-unica\\\/#breadcrumb\"},\"inLanguage\":\"es\",\"potentialAction\":[{\"@type\":\"ReadAction\",\"target\":[\"https:\\\/\\\/idecesos.com\\\/seguros\\\/companias\\\/el-corte-ingles\\\/prima-unica\\\/\"]}]},{\"@type\":\"BreadcrumbList\",\"@id\":\"https:\\\/\\\/idecesos.com\\\/seguros\\\/companias\\\/el-corte-ingles\\\/prima-unica\\\/#breadcrumb\",\"itemListElement\":[{\"@type\":\"ListItem\",\"position\":1,\"name\":\"Portada\",\"item\":\"https:\\\/\\\/idecesos.com\\\/seguros\\\/\"},{\"@type\":\"ListItem\",\"position\":2,\"name\":\"Compa\u00f1\u00edas de Seguros de Decesos en Espa\u00f1a\",\"item\":\"https:\\\/\\\/idecesos.com\\\/seguros\\\/companias\\\/\"},{\"@type\":\"ListItem\",\"position\":3,\"name\":\"Seguro de decesos El Corte Ingl\u00e9s\",\"item\":\"https:\\\/\\\/idecesos.com\\\/seguros\\\/companias\\\/el-corte-ingles\\\/\"},{\"@type\":\"ListItem\",\"position\":4,\"name\":\"Seguro de decesos El Corte Ingles Prima \u00danica\"}]},{\"@type\":\"WebSite\",\"@id\":\"https:\\\/\\\/idecesos.com\\\/seguros\\\/#website\",\"url\":\"https:\\\/\\\/idecesos.com\\\/seguros\\\/\",\"name\":\"\",\"description\":\"\",\"potentialAction\":[{\"@type\":\"SearchAction\",\"target\":{\"@type\":\"EntryPoint\",\"urlTemplate\":\"https:\\\/\\\/idecesos.com\\\/seguros\\\/?s={search_term_string}\"},\"query-input\":{\"@type\":\"PropertyValueSpecification\",\"valueRequired\":true,\"valueName\":\"search_term_string\"}}],\"inLanguage\":\"es\"}]}<\/script>\n<!-- \/ Yoast SEO plugin. -->","yoast_head_json":{"title":"Seguro Decesos El Corte Ingles Prima \u00danica \u25b7 Opiniones y Precio 2026","description":"Click aqu\u00ed \u3010Seguro de Decesos Prima \u00danica El Corte Ingles\u3011 Mejores precios El Corte Ingles seguro de fallecidos Prima \u00danica \u2611\ufe0f Actualizado por iDecesos\u00ae","robots":{"index":"index","follow":"follow","max-snippet":"max-snippet:-1","max-image-preview":"max-image-preview:large","max-video-preview":"max-video-preview:-1"},"canonical":"https:\/\/idecesos.com\/seguros\/companias\/el-corte-ingles\/prima-unica\/","og_locale":"es_ES","og_type":"article","og_title":"Seguro Decesos El Corte Ingles Prima \u00danica \u25b7 Opiniones y Precio 2026","og_description":"Click aqu\u00ed \u3010Seguro de Decesos Prima \u00danica El Corte Ingles\u3011 Mejores precios El Corte Ingles seguro de fallecidos Prima \u00danica \u2611\ufe0f Actualizado por iDecesos\u00ae","og_url":"https:\/\/idecesos.com\/seguros\/companias\/el-corte-ingles\/prima-unica\/","article_modified_time":"2022-01-03T12:30:12+00:00","twitter_card":"summary_large_image","twitter_misc":{"Tiempo de lectura":"60 minutos"},"schema":{"@context":"https:\/\/schema.org","@graph":[{"@type":"WebPage","@id":"https:\/\/idecesos.com\/seguros\/companias\/el-corte-ingles\/prima-unica\/","url":"https:\/\/idecesos.com\/seguros\/companias\/el-corte-ingles\/prima-unica\/","name":"Seguro Decesos El Corte Ingles Prima \u00danica \u25b7 Opiniones y Precio 2026","isPartOf":{"@id":"https:\/\/idecesos.com\/seguros\/#website"},"datePublished":"2021-10-29T00:00:00+00:00","dateModified":"2022-01-03T12:30:12+00:00","description":"Click aqu\u00ed \u3010Seguro de Decesos Prima \u00danica El Corte Ingles\u3011 Mejores precios El Corte Ingles seguro de fallecidos Prima \u00danica \u2611\ufe0f Actualizado por iDecesos\u00ae","breadcrumb":{"@id":"https:\/\/idecesos.com\/seguros\/companias\/el-corte-ingles\/prima-unica\/#breadcrumb"},"inLanguage":"es","potentialAction":[{"@type":"ReadAction","target":["https:\/\/idecesos.com\/seguros\/companias\/el-corte-ingles\/prima-unica\/"]}]},{"@type":"BreadcrumbList","@id":"https:\/\/idecesos.com\/seguros\/companias\/el-corte-ingles\/prima-unica\/#breadcrumb","itemListElement":[{"@type":"ListItem","position":1,"name":"Portada","item":"https:\/\/idecesos.com\/seguros\/"},{"@type":"ListItem","position":2,"name":"Compa\u00f1\u00edas de Seguros de Decesos en Espa\u00f1a","item":"https:\/\/idecesos.com\/seguros\/companias\/"},{"@type":"ListItem","position":3,"name":"Seguro de decesos El Corte Ingl\u00e9s","item":"https:\/\/idecesos.com\/seguros\/companias\/el-corte-ingles\/"},{"@type":"ListItem","position":4,"name":"Seguro de decesos El Corte Ingles Prima \u00danica"}]},{"@type":"WebSite","@id":"https:\/\/idecesos.com\/seguros\/#website","url":"https:\/\/idecesos.com\/seguros\/","name":"","description":"","potentialAction":[{"@type":"SearchAction","target":{"@type":"EntryPoint","urlTemplate":"https:\/\/idecesos.com\/seguros\/?s={search_term_string}"},"query-input":{"@type":"PropertyValueSpecification","valueRequired":true,"valueName":"search_term_string"}}],"inLanguage":"es"}]}},"_links":{"self":[{"href":"https:\/\/idecesos.com\/seguros\/wp-json\/wp\/v2\/pages\/11353","targetHints":{"allow":["GET"]}}],"collection":[{"href":"https:\/\/idecesos.com\/seguros\/wp-json\/wp\/v2\/pages"}],"about":[{"href":"https:\/\/idecesos.com\/seguros\/wp-json\/wp\/v2\/types\/page"}],"author":[{"embeddable":true,"href":"https:\/\/idecesos.com\/seguros\/wp-json\/wp\/v2\/users\/3"}],"replies":[{"embeddable":true,"href":"https:\/\/idecesos.com\/seguros\/wp-json\/wp\/v2\/comments?post=11353"}],"version-history":[{"count":1,"href":"https:\/\/idecesos.com\/seguros\/wp-json\/wp\/v2\/pages\/11353\/revisions"}],"predecessor-version":[{"id":12848,"href":"https:\/\/idecesos.com\/seguros\/wp-json\/wp\/v2\/pages\/11353\/revisions\/12848"}],"up":[{"embeddable":true,"href":"https:\/\/idecesos.com\/seguros\/wp-json\/wp\/v2\/pages\/332"}],"wp:attachment":[{"href":"https:\/\/idecesos.com\/seguros\/wp-json\/wp\/v2\/media?parent=11353"}],"curies":[{"name":"wp","href":"https:\/\/api.w.org\/{rel}","templated":true}]}}