{"id":11355,"date":"2021-10-30T00:00:00","date_gmt":"2021-10-30T00:00:00","guid":{"rendered":"https:\/\/idecesos.com\/seguros\/?page_id=11355"},"modified":"2022-01-03T12:30:14","modified_gmt":"2022-01-03T12:30:14","slug":"repatriacion","status":"publish","type":"page","link":"https:\/\/idecesos.com\/seguros\/companias\/ferrol\/repatriacion\/","title":{"rendered":"Seguro de decesos Ferrol con repatriaci\u00f3n"},"content":{"rendered":"<div id=\"ez-toc-container\" class=\"ez-toc-v2_0_82_2 ez-toc-wrap-center counter-hierarchy ez-toc-counter ez-toc-custom ez-toc-container-direction\">\n<div class=\"ez-toc-title-container\">\n<p class=\"ez-toc-title\" style=\"cursor:inherit\">Tabla de Contenido<\/p>\n<span class=\"ez-toc-title-toggle\"><a href=\"#\" class=\"ez-toc-pull-right ez-toc-btn ez-toc-btn-xs ez-toc-btn-default ez-toc-toggle\" aria-label=\"Alternar tabla de contenidos\"><span class=\"ez-toc-js-icon-con\"><span class=\"\"><span class=\"eztoc-hide\" style=\"display:none;\">Toggle<\/span><span class=\"ez-toc-icon-toggle-span\"><svg style=\"fill: #db6415;color:#db6415\" xmlns=\"http:\/\/www.w3.org\/2000\/svg\" class=\"list-377408\" width=\"20px\" height=\"20px\" viewBox=\"0 0 24 24\" fill=\"none\"><path d=\"M6 6H4v2h2V6zm14 0H8v2h12V6zM4 11h2v2H4v-2zm16 0H8v2h12v-2zM4 16h2v2H4v-2zm16 0H8v2h12v-2z\" fill=\"currentColor\"><\/path><\/svg><svg style=\"fill: #db6415;color:#db6415\" class=\"arrow-unsorted-368013\" xmlns=\"http:\/\/www.w3.org\/2000\/svg\" width=\"10px\" height=\"10px\" viewBox=\"0 0 24 24\" version=\"1.2\" baseProfile=\"tiny\"><path d=\"M18.2 9.3l-6.2-6.3-6.2 6.3c-.2.2-.3.4-.3.7s.1.5.3.7c.2.2.4.3.7.3h11c.3 0 .5-.1.7-.3.2-.2.3-.5.3-.7s-.1-.5-.3-.7zM5.8 14.7l6.2 6.3 6.2-6.3c.2-.2.3-.5.3-.7s-.1-.5-.3-.7c-.2-.2-.4-.3-.7-.3h-11c-.3 0-.5.1-.7.3-.2.2-.3.5-.3.7s.1.5.3.7z\"\/><\/svg><\/span><\/span><\/span><\/a><\/span><\/div>\n<nav><ul class='ez-toc-list ez-toc-list-level-1 ' ><li class='ez-toc-page-1 ez-toc-heading-level-2'><a class=\"ez-toc-link ez-toc-heading-1\" href=\"https:\/\/idecesos.com\/seguros\/companias\/ferrol\/repatriacion\/#Coberturas_seguro_Ferrol_con_repatriacion\" >Coberturas seguro Ferrol con repatriaci\u00f3n<\/a><ul class='ez-toc-list-level-3' ><li class='ez-toc-heading-level-3'><a class=\"ez-toc-link ez-toc-heading-2\" href=\"https:\/\/idecesos.com\/seguros\/companias\/ferrol\/repatriacion\/#%C2%BFA_quien_va_dirigido_el_seguro_de_decesos_con_repatriacion_de_Ferrol\" >\u00bfA qui\u00e9n va dirigido el seguro de decesos con repatriaci\u00f3n de Ferrol?<\/a><\/li><\/ul><\/li><li class='ez-toc-page-1 ez-toc-heading-level-2'><a class=\"ez-toc-link ez-toc-heading-3\" href=\"https:\/\/idecesos.com\/seguros\/companias\/ferrol\/repatriacion\/#Precio_de_seguro_de_decesos_Ferrol_con_repatriacion\" >Precio de seguro de decesos Ferrol con repatriaci\u00f3n<\/a><\/li><li class='ez-toc-page-1 ez-toc-heading-level-2'><a class=\"ez-toc-link ez-toc-heading-4\" href=\"https:\/\/idecesos.com\/seguros\/companias\/ferrol\/repatriacion\/#Productos_Repatriacion_Ferrol\" >Productos Repatriaci\u00f3n Ferrol<\/a><\/li><li class='ez-toc-page-1 ez-toc-heading-level-2'><a class=\"ez-toc-link ez-toc-heading-5\" href=\"https:\/\/idecesos.com\/seguros\/companias\/ferrol\/repatriacion\/#Opiniones_del_seguro_de_decesos_de_Repatriacion_de_Ferrol\" >Opiniones del seguro de decesos de Repatriaci\u00f3n de Ferrol<\/a><ul class='ez-toc-list-level-3' ><li class='ez-toc-heading-level-3'><a class=\"ez-toc-link ez-toc-heading-6\" href=\"https:\/\/idecesos.com\/seguros\/companias\/ferrol\/repatriacion\/#Paginas_relacionadas\" >P\u00e1ginas relacionadas<\/a><\/li><\/ul><\/li><\/ul><\/nav><\/div>\n\n<p>El seguro de repatriaci\u00f3n Ferrol, aparte de las coberturas b\u00e1sicas y las adicionales cuenta con esta cobertura. Se puede resaltar que en estos \u00faltimos a\u00f1os muchas personas han decidido dejar su lugar donde originalmente viven, para residir dentro de Espa\u00f1a. Con lo que es uno de los grandes pa\u00edses en acoger extranjeros como es el caso de Marruecos con una cantidad de 711792. Es de suma importancia que prevengas lo que puede llegar a acontecer en un futuro, en el que evitar\u00e1s a tu familia desembolsar una cantidad elevada del que no puedan hacer frente. Aunque este seguro adem\u00e1s de poder asegurar a los inmigrantes le garantizan un servicio de repatriaci\u00f3n de forma inmediata dentro de lo posible. <\/p>\n<p>Leer m\u00e1s: <a href=\"https:\/\/idecesos.com\/seguros\/tipo\/extranjeros-repatriacion\/\">Seguro de decesos con repatriaci\u00f3n<\/a><\/p>\n<div class=\"colorf \"  ><div class=\"container clearfix\"><div class=\"col-md-7\"><\/p>\n<h2><span class=\"ez-toc-section\" id=\"Coberturas_seguro_Ferrol_con_repatriacion\"><\/span>Coberturas seguro Ferrol con repatriaci\u00f3n<span class=\"ez-toc-section-end\"><\/span><\/h2>\n<p>\u00bfQuedan incluidas todas las personas que vivan en cualquier pa\u00eds? En las coberturas del seguro de repatriaci\u00f3n de Ferrol, quedan incluidas todas las personas, conoce algunas de las coberturas que dan, tramitaci\u00f3n de documentaci\u00f3n, asistencia de viaje, si bien dentro de la p\u00f3liza hallar\u00e1s de una forma mucho m\u00e1s espec\u00edfica. <\/p>\n<p><\/div><\/div><\/div>\n<h3><span class=\"ez-toc-section\" id=\"%C2%BFA_quien_va_dirigido_el_seguro_de_decesos_con_repatriacion_de_Ferrol\"><\/span>\u00bfA qui\u00e9n va dirigido el seguro de decesos con repatriaci\u00f3n de Ferrol?<span class=\"ez-toc-section-end\"><\/span><\/h3>\n<p>El seguro de decesos de repatriaci\u00f3n de Ferrol no solo va dirigido a cualquiera que se encuentre en el cualquier pa\u00eds del planeta, as\u00ed sea que residan en Espa\u00f1a y por alg\u00fan motivo desean volver a su pa\u00eds de origen tras el \u00f3bito, por el cual todo este proceso no suponga un gasto desorbitado y dif\u00edcil de hacer en frente de esos precios para sus familiares. La cobertura de gran importancia es aquella donde cubre al asegurado ya sea en su lugar de origen o en otra una parte del planeta. Siempre que venga dentro del contrato. <\/p>\n<div class=\"colorf \"  ><div class=\"container clearfix\"><div class=\"col-md-7\"><\/p>\n<h2><span class=\"ez-toc-section\" id=\"Precio_de_seguro_de_decesos_Ferrol_con_repatriacion\"><\/span>Precio de seguro de decesos Ferrol con repatriaci\u00f3n<span class=\"ez-toc-section-end\"><\/span><\/h2>\n<p>En uno de los diferentes cat\u00e1logos que tienen, cuentan con los diferentes precios de decesos de repatriaci\u00f3n de la Ferrol que lo puedes hallar desde 3,20\u20ac. Para tener un coste final lo obtendr\u00e1s una vez se haya realizado el c\u00e1lculo de manera detallada. Con este seguro generamos una calma a tu familia sin importar en el pa\u00eds que te encuentres. Puesto que se tiene en cuenta que uno de los objetivos m\u00e1s esenciales es la garant\u00eda de los precios del servicio mortuorio en su lugar origen o en el que el fallecido o bien una parte del planeta, siempre que se proporcionen las indicaciones que vayan dentro de la p\u00f3liza. Una de las comodidades que te dan es la poder tener diferentes modalidades de pago, que a la larga facilitan muchos problemas. <\/p>\n<p><\/div><\/div><\/div>\n<h2><span class=\"ez-toc-section\" id=\"Productos_Repatriacion_Ferrol\"><\/span>Productos Repatriaci\u00f3n Ferrol<span class=\"ez-toc-section-end\"><\/span><\/h2>\n<div class=\"colorf\"><div class=\"container clearfix\"><div class=\"col-md-7\"><div class=\"opiniones\">\n<h2><span class=\"ez-toc-section\" id=\"Opiniones_del_seguro_de_decesos_de_Repatriacion_de_Ferrol\"><\/span>Opiniones del seguro de decesos de Repatriaci\u00f3n de Ferrol<span class=\"ez-toc-section-end\"><\/span><\/h2>\n<p>&nbsp;<\/p>\n<div class=\"opinion \"  >\n\t\t\t<div class=\"cabecera_opinion\">\n\t\t\t\t<div class=\"avatar\">E M <\/div>\n\t\t\t\t<div class=\"datos_opinion\">\n\t\t\t\t\t<div class=\"nombre_opinion\">Emily Mariko<\/div>\n\t\t\t\t\t<div class=\"info_opinion\">\t\t\t\t\t\t\n\t\t\t\t\t\t<div class=\"cuenta_opinion\"><i class=\"fas fa-pencil-alt\"><\/i><!--span class=\"dashicons dashicons-edit\" style=\"font-size:20px\"><\/span--><span>1 Opini\u00f3n<\/span><\/div>\t\t\t\t\t\t\n\t\t\t\t\t\t<div class=\"localizacion_opinion\">\n\t\t\t\t\t\t\t<i class=\"fas fa-map-marker-alt\"><\/i><!--span class=\"dashicons dashicons-location\" style=\"font-size:20px\"><\/span-->\n\t\t\t\t\t\t\t<span>ES<\/span>\n\t\t\t\t\t\t<\/div>\t\n\t\t\t\t\t<\/div>\n\t\t\t\t<\/div>\n\t\t\t<\/div><div class=\"texto_opinion\"><\/p>\n<p>Estuvimos inform\u00e1ndonos durante un buen tiempo ya que nuestra sobrina se iba a ir a extranjero a estudiar, por lo que nos recomendaron realizar la contrataci\u00f3n de esta p\u00f3liza, por lo que nos aseguramos de hacerlo de este modo pues jam\u00e1s se sabe que puede llegar en el futuro, pero de esta manera nos aseguramos de cualquier accidente del que no podamos hacer frente si llegase a suceder algo. Una vez que efectuamos esto, nos quedamos todos m\u00e1s sosegados y quedando asegura mi sobrina para cualquier incidencia.<\/p>\n<p><\/div><\/div>\n<div class=\"opinion \"  >\n\t\t\t<div class=\"cabecera_opinion\">\n\t\t\t\t<div class=\"avatar\">C D L <\/div>\n\t\t\t\t<div class=\"datos_opinion\">\n\t\t\t\t\t<div class=\"nombre_opinion\">Calixta del Llobet<\/div>\n\t\t\t\t\t<div class=\"info_opinion\">\t\t\t\t\t\t\n\t\t\t\t\t\t<div class=\"cuenta_opinion\"><i class=\"fas fa-pencil-alt\"><\/i><!--span class=\"dashicons dashicons-edit\" style=\"font-size:20px\"><\/span--><span>1 Opini\u00f3n<\/span><\/div>\t\t\t\t\t\t\n\t\t\t\t\t\t<div class=\"localizacion_opinion\">\n\t\t\t\t\t\t\t<i class=\"fas fa-map-marker-alt\"><\/i><!--span class=\"dashicons dashicons-location\" style=\"font-size:20px\"><\/span-->\n\t\t\t\t\t\t\t<span>ES<\/span>\n\t\t\t\t\t\t<\/div>\t\n\t\t\t\t\t<\/div>\n\t\t\t\t<\/div>\n\t\t\t<\/div><div class=\"texto_opinion\"><\/p>\n<p>No hace m\u00e1s de 3 a\u00f1os que llevo con ellos, desafortunadamente mi prima muri\u00f3 en un viaje donde se encontraba de erasmus, merced a que optamos a realizar la contrataci\u00f3n, nos dieron cobertura a lo largo del traslado a su lugar de origen, d\u00e1ndonos todas y cada una de las comodidades a lo largo del proceso, gracias a ello nos result\u00f3 m\u00e1s sencillo. Quedando todos y cada uno de los gastos cubiertos, poni\u00e9ndonos a su disposici\u00f3n todos los servicios contratados.<\/p>\n<p><\/div><\/div>\n<div class=\"opinion \"  >\n\t\t\t<div class=\"cabecera_opinion\">\n\t\t\t\t<div class=\"avatar\">N E <\/div>\n\t\t\t\t<div class=\"datos_opinion\">\n\t\t\t\t\t<div class=\"nombre_opinion\">Nidia Escamilla<\/div>\n\t\t\t\t\t<div class=\"info_opinion\">\t\t\t\t\t\t\n\t\t\t\t\t\t<div class=\"cuenta_opinion\"><i class=\"fas fa-pencil-alt\"><\/i><!--span class=\"dashicons dashicons-edit\" style=\"font-size:20px\"><\/span--><span>1 Opini\u00f3n<\/span><\/div>\t\t\t\t\t\t\n\t\t\t\t\t\t<div class=\"localizacion_opinion\">\n\t\t\t\t\t\t\t<i class=\"fas fa-map-marker-alt\"><\/i><!--span class=\"dashicons dashicons-location\" style=\"font-size:20px\"><\/span-->\n\t\t\t\t\t\t\t<span>ES<\/span>\n\t\t\t\t\t\t<\/div>\t\n\t\t\t\t\t<\/div>\n\t\t\t\t<\/div>\n\t\t\t<\/div><div class=\"texto_opinion\"><\/p>\n<p>Realice el contrato con ellos ya que me dieron confianza y la seguridad de poder contar con sus servicios fuera de Espa\u00f1a, puesto que era lo que buscaba, y se adapta de forma perfecta a mis circustancias, el servicio que recib\u00ed ha sido extraordinariamente, me asesoran en todo instante y con tranquilidad, aparte de ello mi familia se podr\u00e1 sentir m\u00e1s tranquilo cada vez que realice alg\u00fan viaje. Solucionaron todo aquel inconveniente que pudo ocurrir, donde nos respaldaron en todo instante.<\/p>\n<p><\/div><\/div>\n<\/div><\/div><\/div><\/div>\n<p><div class=\"oficinas\"><br \/>\n<h3><span class=\"ez-toc-section\" id=\"Paginas_relacionadas\"><\/span>P\u00e1ginas relacionadas<span class=\"ez-toc-section-end\"><\/span><\/h3><div class=\"enlazado\"><ul> <li><a href=\"https:\/\/idecesos.com\/seguros\/companias\/ferrol\/opiniones\/\">Opiniones Ferrol<\/a><\/li> <li><a href=\"https:\/\/idecesos.com\/seguros\/companias\/ferrol\/precio\/\">Precio seguro Ferrol<\/a><\/li> <li><a href=\"https:\/\/idecesos.com\/seguros\/companias\/ferrol\/prima-mixta\/\">Ferrol Prima Mixta<\/a><\/li> <li><a href=\"https:\/\/idecesos.com\/seguros\/companias\/ferrol\/prima-natural\/\">Ferrol Prima Natural<\/a><\/li> <li><a href=\"https:\/\/idecesos.com\/seguros\/companias\/ferrol\/prima-nivelada\/\">Ferrol Prima Nivelada<\/a><\/li> <li><a href=\"https:\/\/idecesos.com\/seguros\/companias\/ferrol\/prima-unica\/\">Ferrol Prima \u00danica<\/a><\/li> <li><a href=\"https:\/\/idecesos.com\/seguros\/companias\/ferrol\/repatriacion\/\">Ferrol Repatriaci\u00f3n<\/a><\/li> <li><a href=\"https:\/\/idecesos.com\/seguros\/companias\/ferrol\/telefono\/\">Tel\u00e9fono Gratuito Ferrol<\/a><\/li><\/ul><\/div><\/p>\n<\/div>\n","protected":false},"excerpt":{"rendered":"<p>El seguro de repatriaci\u00f3n Ferrol, aparte de las coberturas b\u00e1sicas y las adicionales cuenta con esta cobertura. Se puede resaltar que en estos \u00faltimos a\u00f1os muchas personas han decidido dejar su lugar donde originalmente viven, para residir dentro de Espa\u00f1a. Con lo que es uno de los grandes pa\u00edses en acoger extranjeros como es el&hellip; <\/p>\n","protected":false},"author":3,"featured_media":0,"parent":364,"menu_order":0,"comment_status":"closed","ping_status":"closed","template":"single.php","meta":{"footnotes":""},"class_list":["post-11355","page","type-page","status-publish","hentry"],"yoast_head":"<!-- This site is optimized with the Yoast SEO plugin v27.3 - https:\/\/yoast.com\/product\/yoast-seo-wordpress\/ -->\n<title>Seguro Decesos Ferrol Repatriaci\u00f3n \u25b7 Opiniones y Precio 2026<\/title>\n<meta name=\"description\" content=\"Click aqu\u00ed \u3010Seguro de Decesos con repatriaci\u00f3n Ferrol\u3011 Mejores precios Ferrol seguro de fallecidos con repatriaci\u00f3n \u2611\ufe0f Actualizado por iDecesos\u00ae\" \/>\n<meta name=\"robots\" content=\"index, follow, max-snippet:-1, max-image-preview:large, max-video-preview:-1\" \/>\n<link rel=\"canonical\" href=\"https:\/\/idecesos.com\/seguros\/companias\/ferrol\/repatriacion\/\" \/>\n<meta property=\"og:locale\" content=\"es_ES\" \/>\n<meta property=\"og:type\" content=\"article\" \/>\n<meta property=\"og:title\" content=\"Seguro Decesos Ferrol Repatriaci\u00f3n \u25b7 Opiniones y Precio 2026\" \/>\n<meta property=\"og:description\" content=\"Click aqu\u00ed \u3010Seguro de Decesos con repatriaci\u00f3n Ferrol\u3011 Mejores precios Ferrol seguro de fallecidos con repatriaci\u00f3n \u2611\ufe0f Actualizado por iDecesos\u00ae\" \/>\n<meta property=\"og:url\" content=\"https:\/\/idecesos.com\/seguros\/companias\/ferrol\/repatriacion\/\" \/>\n<meta property=\"article:modified_time\" content=\"2022-01-03T12:30:14+00:00\" \/>\n<meta name=\"twitter:card\" content=\"summary_large_image\" \/>\n<meta name=\"twitter:label1\" content=\"Tiempo de lectura\" \/>\n\t<meta name=\"twitter:data1\" content=\"56 minutos\" \/>\n<script type=\"application\/ld+json\" class=\"yoast-schema-graph\">{\"@context\":\"https:\\\/\\\/schema.org\",\"@graph\":[{\"@type\":\"WebPage\",\"@id\":\"https:\\\/\\\/idecesos.com\\\/seguros\\\/companias\\\/ferrol\\\/repatriacion\\\/\",\"url\":\"https:\\\/\\\/idecesos.com\\\/seguros\\\/companias\\\/ferrol\\\/repatriacion\\\/\",\"name\":\"Seguro Decesos Ferrol Repatriaci\u00f3n \u25b7 Opiniones y Precio 2026\",\"isPartOf\":{\"@id\":\"https:\\\/\\\/idecesos.com\\\/seguros\\\/#website\"},\"datePublished\":\"2021-10-30T00:00:00+00:00\",\"dateModified\":\"2022-01-03T12:30:14+00:00\",\"description\":\"Click aqu\u00ed \u3010Seguro de Decesos con repatriaci\u00f3n Ferrol\u3011 Mejores precios Ferrol seguro de fallecidos con repatriaci\u00f3n \u2611\ufe0f Actualizado por iDecesos\u00ae\",\"breadcrumb\":{\"@id\":\"https:\\\/\\\/idecesos.com\\\/seguros\\\/companias\\\/ferrol\\\/repatriacion\\\/#breadcrumb\"},\"inLanguage\":\"es\",\"potentialAction\":[{\"@type\":\"ReadAction\",\"target\":[\"https:\\\/\\\/idecesos.com\\\/seguros\\\/companias\\\/ferrol\\\/repatriacion\\\/\"]}]},{\"@type\":\"BreadcrumbList\",\"@id\":\"https:\\\/\\\/idecesos.com\\\/seguros\\\/companias\\\/ferrol\\\/repatriacion\\\/#breadcrumb\",\"itemListElement\":[{\"@type\":\"ListItem\",\"position\":1,\"name\":\"Portada\",\"item\":\"https:\\\/\\\/idecesos.com\\\/seguros\\\/\"},{\"@type\":\"ListItem\",\"position\":2,\"name\":\"Compa\u00f1\u00edas de Seguros de Decesos en Espa\u00f1a\",\"item\":\"https:\\\/\\\/idecesos.com\\\/seguros\\\/companias\\\/\"},{\"@type\":\"ListItem\",\"position\":3,\"name\":\"Seguro de decesos Ferrol\",\"item\":\"https:\\\/\\\/idecesos.com\\\/seguros\\\/companias\\\/ferrol\\\/\"},{\"@type\":\"ListItem\",\"position\":4,\"name\":\"Seguro de decesos Ferrol con repatriaci\u00f3n\"}]},{\"@type\":\"WebSite\",\"@id\":\"https:\\\/\\\/idecesos.com\\\/seguros\\\/#website\",\"url\":\"https:\\\/\\\/idecesos.com\\\/seguros\\\/\",\"name\":\"\",\"description\":\"\",\"potentialAction\":[{\"@type\":\"SearchAction\",\"target\":{\"@type\":\"EntryPoint\",\"urlTemplate\":\"https:\\\/\\\/idecesos.com\\\/seguros\\\/?s={search_term_string}\"},\"query-input\":{\"@type\":\"PropertyValueSpecification\",\"valueRequired\":true,\"valueName\":\"search_term_string\"}}],\"inLanguage\":\"es\"}]}<\/script>\n<!-- \/ Yoast SEO plugin. -->","yoast_head_json":{"title":"Seguro Decesos Ferrol Repatriaci\u00f3n \u25b7 Opiniones y Precio 2026","description":"Click aqu\u00ed \u3010Seguro de Decesos con repatriaci\u00f3n Ferrol\u3011 Mejores precios Ferrol seguro de fallecidos con repatriaci\u00f3n \u2611\ufe0f Actualizado por iDecesos\u00ae","robots":{"index":"index","follow":"follow","max-snippet":"max-snippet:-1","max-image-preview":"max-image-preview:large","max-video-preview":"max-video-preview:-1"},"canonical":"https:\/\/idecesos.com\/seguros\/companias\/ferrol\/repatriacion\/","og_locale":"es_ES","og_type":"article","og_title":"Seguro Decesos Ferrol Repatriaci\u00f3n \u25b7 Opiniones y Precio 2026","og_description":"Click aqu\u00ed \u3010Seguro de Decesos con repatriaci\u00f3n Ferrol\u3011 Mejores precios Ferrol seguro de fallecidos con repatriaci\u00f3n \u2611\ufe0f Actualizado por iDecesos\u00ae","og_url":"https:\/\/idecesos.com\/seguros\/companias\/ferrol\/repatriacion\/","article_modified_time":"2022-01-03T12:30:14+00:00","twitter_card":"summary_large_image","twitter_misc":{"Tiempo de lectura":"56 minutos"},"schema":{"@context":"https:\/\/schema.org","@graph":[{"@type":"WebPage","@id":"https:\/\/idecesos.com\/seguros\/companias\/ferrol\/repatriacion\/","url":"https:\/\/idecesos.com\/seguros\/companias\/ferrol\/repatriacion\/","name":"Seguro Decesos Ferrol Repatriaci\u00f3n \u25b7 Opiniones y Precio 2026","isPartOf":{"@id":"https:\/\/idecesos.com\/seguros\/#website"},"datePublished":"2021-10-30T00:00:00+00:00","dateModified":"2022-01-03T12:30:14+00:00","description":"Click aqu\u00ed \u3010Seguro de Decesos con repatriaci\u00f3n Ferrol\u3011 Mejores precios Ferrol seguro de fallecidos con repatriaci\u00f3n \u2611\ufe0f Actualizado por iDecesos\u00ae","breadcrumb":{"@id":"https:\/\/idecesos.com\/seguros\/companias\/ferrol\/repatriacion\/#breadcrumb"},"inLanguage":"es","potentialAction":[{"@type":"ReadAction","target":["https:\/\/idecesos.com\/seguros\/companias\/ferrol\/repatriacion\/"]}]},{"@type":"BreadcrumbList","@id":"https:\/\/idecesos.com\/seguros\/companias\/ferrol\/repatriacion\/#breadcrumb","itemListElement":[{"@type":"ListItem","position":1,"name":"Portada","item":"https:\/\/idecesos.com\/seguros\/"},{"@type":"ListItem","position":2,"name":"Compa\u00f1\u00edas de Seguros de Decesos en Espa\u00f1a","item":"https:\/\/idecesos.com\/seguros\/companias\/"},{"@type":"ListItem","position":3,"name":"Seguro de decesos Ferrol","item":"https:\/\/idecesos.com\/seguros\/companias\/ferrol\/"},{"@type":"ListItem","position":4,"name":"Seguro de decesos Ferrol con repatriaci\u00f3n"}]},{"@type":"WebSite","@id":"https:\/\/idecesos.com\/seguros\/#website","url":"https:\/\/idecesos.com\/seguros\/","name":"","description":"","potentialAction":[{"@type":"SearchAction","target":{"@type":"EntryPoint","urlTemplate":"https:\/\/idecesos.com\/seguros\/?s={search_term_string}"},"query-input":{"@type":"PropertyValueSpecification","valueRequired":true,"valueName":"search_term_string"}}],"inLanguage":"es"}]}},"_links":{"self":[{"href":"https:\/\/idecesos.com\/seguros\/wp-json\/wp\/v2\/pages\/11355","targetHints":{"allow":["GET"]}}],"collection":[{"href":"https:\/\/idecesos.com\/seguros\/wp-json\/wp\/v2\/pages"}],"about":[{"href":"https:\/\/idecesos.com\/seguros\/wp-json\/wp\/v2\/types\/page"}],"author":[{"embeddable":true,"href":"https:\/\/idecesos.com\/seguros\/wp-json\/wp\/v2\/users\/3"}],"replies":[{"embeddable":true,"href":"https:\/\/idecesos.com\/seguros\/wp-json\/wp\/v2\/comments?post=11355"}],"version-history":[{"count":1,"href":"https:\/\/idecesos.com\/seguros\/wp-json\/wp\/v2\/pages\/11355\/revisions"}],"predecessor-version":[{"id":12871,"href":"https:\/\/idecesos.com\/seguros\/wp-json\/wp\/v2\/pages\/11355\/revisions\/12871"}],"up":[{"embeddable":true,"href":"https:\/\/idecesos.com\/seguros\/wp-json\/wp\/v2\/pages\/364"}],"wp:attachment":[{"href":"https:\/\/idecesos.com\/seguros\/wp-json\/wp\/v2\/media?parent=11355"}],"curies":[{"name":"wp","href":"https:\/\/api.w.org\/{rel}","templated":true}]}}