{"id":11359,"date":"2021-10-30T00:00:00","date_gmt":"2021-10-30T00:00:00","guid":{"rendered":"https:\/\/idecesos.com\/seguros\/?page_id=11359"},"modified":"2022-01-03T12:30:59","modified_gmt":"2022-01-03T12:30:59","slug":"prima-nivelada","status":"publish","type":"page","link":"https:\/\/idecesos.com\/seguros\/companias\/ibercaja\/prima-nivelada\/","title":{"rendered":"Seguro de decesos Ibercaja Prima Nivelada"},"content":{"rendered":"<div id=\"ez-toc-container\" class=\"ez-toc-v2_0_82_2 ez-toc-wrap-center counter-hierarchy ez-toc-counter ez-toc-custom ez-toc-container-direction\">\n<div class=\"ez-toc-title-container\">\n<p class=\"ez-toc-title\" style=\"cursor:inherit\">Tabla de Contenido<\/p>\n<span class=\"ez-toc-title-toggle\"><a href=\"#\" class=\"ez-toc-pull-right ez-toc-btn ez-toc-btn-xs ez-toc-btn-default ez-toc-toggle\" aria-label=\"Alternar tabla de contenidos\"><span class=\"ez-toc-js-icon-con\"><span class=\"\"><span class=\"eztoc-hide\" style=\"display:none;\">Toggle<\/span><span class=\"ez-toc-icon-toggle-span\"><svg style=\"fill: #db6415;color:#db6415\" xmlns=\"http:\/\/www.w3.org\/2000\/svg\" class=\"list-377408\" width=\"20px\" height=\"20px\" viewBox=\"0 0 24 24\" fill=\"none\"><path d=\"M6 6H4v2h2V6zm14 0H8v2h12V6zM4 11h2v2H4v-2zm16 0H8v2h12v-2zM4 16h2v2H4v-2zm16 0H8v2h12v-2z\" fill=\"currentColor\"><\/path><\/svg><svg style=\"fill: #db6415;color:#db6415\" class=\"arrow-unsorted-368013\" xmlns=\"http:\/\/www.w3.org\/2000\/svg\" width=\"10px\" height=\"10px\" viewBox=\"0 0 24 24\" version=\"1.2\" baseProfile=\"tiny\"><path d=\"M18.2 9.3l-6.2-6.3-6.2 6.3c-.2.2-.3.4-.3.7s.1.5.3.7c.2.2.4.3.7.3h11c.3 0 .5-.1.7-.3.2-.2.3-.5.3-.7s-.1-.5-.3-.7zM5.8 14.7l6.2 6.3 6.2-6.3c.2-.2.3-.5.3-.7s-.1-.5-.3-.7c-.2-.2-.4-.3-.7-.3h-11c-.3 0-.5.1-.7.3-.2.2-.3.5-.3.7s.1.5.3.7z\"\/><\/svg><\/span><\/span><\/span><\/a><\/span><\/div>\n<nav><ul class='ez-toc-list ez-toc-list-level-1 ' ><li class='ez-toc-page-1 ez-toc-heading-level-2'><a class=\"ez-toc-link ez-toc-heading-1\" href=\"https:\/\/idecesos.com\/seguros\/companias\/ibercaja\/prima-nivelada\/#Coberturas_seguro_Prima_Nivelada_Ibercaja\" >Coberturas seguro Prima Nivelada Ibercaja<\/a><ul class='ez-toc-list-level-3' ><li class='ez-toc-heading-level-3'><a class=\"ez-toc-link ez-toc-heading-2\" href=\"https:\/\/idecesos.com\/seguros\/companias\/ibercaja\/prima-nivelada\/#%C2%BFA_quien_va_dirigido_el_seguro_de_decesos_Prima_Nivelada_de_Ibercaja\" >\u00bfA qui\u00e9n va dirigido el seguro de decesos Prima Nivelada de Ibercaja?<\/a><\/li><\/ul><\/li><li class='ez-toc-page-1 ez-toc-heading-level-2'><a class=\"ez-toc-link ez-toc-heading-3\" href=\"https:\/\/idecesos.com\/seguros\/companias\/ibercaja\/prima-nivelada\/#Precio_de_seguro_de_decesos_Prima_Nivelada_Ibercaja\" >Precio de seguro de decesos Prima Nivelada Ibercaja<\/a><\/li><li class='ez-toc-page-1 ez-toc-heading-level-2'><a class=\"ez-toc-link ez-toc-heading-4\" href=\"https:\/\/idecesos.com\/seguros\/companias\/ibercaja\/prima-nivelada\/#Productos_Prima_Nivelada_Ibercaja\" >Productos Prima Nivelada Ibercaja<\/a><\/li><li class='ez-toc-page-1 ez-toc-heading-level-2'><a class=\"ez-toc-link ez-toc-heading-5\" href=\"https:\/\/idecesos.com\/seguros\/companias\/ibercaja\/prima-nivelada\/#Opiniones_del_seguro_de_decesos_de_Prima_Nivelada_de_Ibercaja\" >Opiniones del seguro de decesos de Prima Nivelada de Ibercaja<\/a><ul class='ez-toc-list-level-3' ><li class='ez-toc-heading-level-3'><a class=\"ez-toc-link ez-toc-heading-6\" href=\"https:\/\/idecesos.com\/seguros\/companias\/ibercaja\/prima-nivelada\/#Paginas_relacionadas\" >P\u00e1ginas relacionadas<\/a><\/li><\/ul><\/li><\/ul><\/nav><\/div>\n\n<p>Durante los a\u00f1os se quiere lograr una prima de forma continua por el cual no llegue acrecentar una vez comience el a\u00f1o. En este caso se habla de la prima nivelada de Ibercaja se encargar\u00e1 de aplicar ciertos g\u00e9neros de p\u00f3liza dependiendo de la edad, el seguro de prima nivelada Ibercaja una vez efectuado las peculiaridades pertinentes, tambi\u00e9n lograr\u00e1 estabilizar una vez de haya aumentado cualquier gasto funerario. <\/p>\n<p>Leer m\u00e1s: <a href=\"https:\/\/idecesos.com\/seguros\/tipo\/nivelada\/\">Seguro de decesos Prima Nivelada<\/a><\/p>\n<div class=\"colorf \"  ><div class=\"container clearfix\"><div class=\"col-md-7\"><\/p>\n<h2><span class=\"ez-toc-section\" id=\"Coberturas_seguro_Prima_Nivelada_Ibercaja\"><\/span>Coberturas seguro Prima Nivelada Ibercaja<span class=\"ez-toc-section-end\"><\/span><\/h2>\n<p>Las coberturas del seguro de prima nivelada Ibercaja son completas y suficientemente extensas para dejarlo todo previsto. Dentro de las coberturas del segura de prima nivelada Ibercaja que presentan, vienen explicadas en el condicionado general, podr\u00e1s obtenerlo de forma m\u00e1s detallada y observar los diferentes servicios que conllevan, como en el caso del servicio funerario de manera completa hasta acondicionamiento del tanatorio o bien servicio religioso. Es bastante dif\u00edcil que cuando muere una persona cercana a ti, puedas llevar a cabo tr\u00e1mites dif\u00edciles, en esos la empresa aseguradora se ocupar\u00e1 de un proceso tan complicado, como es dar la baja en el registro civil o como obtener el certificado m\u00e9dico de defunci\u00f3n. Para poder contemplar de forma m\u00e1s detallada las ventajas e inconvenientes en contraste a otras ofertas consiguieras ver con iDecesos las mejores coberturas de prima nivelada de Ibercaja. <\/p>\n<p><\/div><\/div><\/div>\n<h3><span class=\"ez-toc-section\" id=\"%C2%BFA_quien_va_dirigido_el_seguro_de_decesos_Prima_Nivelada_de_Ibercaja\"><\/span>\u00bfA qui\u00e9n va dirigido el seguro de decesos Prima Nivelada de Ibercaja?<span class=\"ez-toc-section-end\"><\/span><\/h3>\n<p>Para todas aquellas personas de una edad muy avanzada por el motivo que sea no desean que le suba el seguro y deseen solventar ese gasto de manera apacible, el conveniente en estos casos es el seguro de prima nivelada Ibercaja. Asimismo acostumbran a contratar personas con una cultura de seguro de decesos de prima nivelada Ibercaja adquirida en su familia y que no concibe otra modalidad porque de esta forma lo ha visto en su casa con sus padres. <\/p>\n<div class=\"colorf \"  ><div class=\"container clearfix\"><div class=\"col-md-7\"><\/p>\n<h2><span class=\"ez-toc-section\" id=\"Precio_de_seguro_de_decesos_Prima_Nivelada_Ibercaja\"><\/span>Precio de seguro de decesos Prima Nivelada Ibercaja<span class=\"ez-toc-section-end\"><\/span><\/h2>\n<p>En Ibercaja su prima nivelada su coste es desde 5\u20ac, aunque van a tomar en cuenta diferentes factores como es el caso de la edad del asegurado, con lo que aseguran que no resultar\u00e1 de forma variable transcurrido el tiempo. Las comparativas de iDecesos que contiene todos y cada uno de los datos son entendibles con lo que lo comprender\u00e1s al instante, eludiendo cualquier registro o bien a percibir informaci\u00f3n superflua, m\u00e1s vers\u00e1til, m\u00e1s veloz. <\/p>\n<p><\/div><\/div><\/div>\n<h2><span class=\"ez-toc-section\" id=\"Productos_Prima_Nivelada_Ibercaja\"><\/span>Productos Prima Nivelada Ibercaja<span class=\"ez-toc-section-end\"><\/span><\/h2>\n<div class=\"colorf\"><div class=\"container clearfix\"><div class=\"col-md-7\"><div class=\"opiniones\">\n<h2><span class=\"ez-toc-section\" id=\"Opiniones_del_seguro_de_decesos_de_Prima_Nivelada_de_Ibercaja\"><\/span>Opiniones del seguro de decesos de Prima Nivelada de Ibercaja<span class=\"ez-toc-section-end\"><\/span><\/h2>\n<p>Tiene una de las mejores opiniones el seguro de decesos de prima nivelada Ibercaja generado merced a los mejores aconsejes del mercado que es iDecesos, dando accesibilidad a unas coberturas que llevan a cabo de forma eficaz las gestiones pertinentes. Adem\u00e1s ponen a disposici\u00f3n de los interesados en la prima nivelada Ibercaja todas las facilidades de pago sin incrementos significativos en la prima. De manera ocasional Ibercaja pone a disposici\u00f3n de sus clientes promociones y descuentos muy interesantes y ventajosos. <\/p>\n<div class=\"opinion \"  >\n\t\t\t<div class=\"cabecera_opinion\">\n\t\t\t\t<div class=\"avatar\">C D C <\/div>\n\t\t\t\t<div class=\"datos_opinion\">\n\t\t\t\t\t<div class=\"nombre_opinion\">Cebri\u00e1n de Calvo<\/div>\n\t\t\t\t\t<div class=\"info_opinion\">\t\t\t\t\t\t\n\t\t\t\t\t\t<div class=\"cuenta_opinion\"><i class=\"fas fa-pencil-alt\"><\/i><!--span class=\"dashicons dashicons-edit\" style=\"font-size:20px\"><\/span--><span>1 Opini\u00f3n<\/span><\/div>\t\t\t\t\t\t\n\t\t\t\t\t\t<div class=\"localizacion_opinion\">\n\t\t\t\t\t\t\t<i class=\"fas fa-map-marker-alt\"><\/i><!--span class=\"dashicons dashicons-location\" style=\"font-size:20px\"><\/span-->\n\t\t\t\t\t\t\t<span>ES<\/span>\n\t\t\t\t\t\t<\/div>\t\n\t\t\t\t\t<\/div>\n\t\t\t\t<\/div>\n\t\t\t<\/div><div class=\"texto_opinion\"><\/p>\n<p>Actualmente es complicado localizar una compa\u00f1\u00eda aseguradora con buen costo y buen atenci\u00f3n al servicio por este motivo Ibercaja me sorprendi\u00f3 bastante ya que me daban muy buenas ventajas, dentro del presupuesto que me efectuaron fue muy concreto con la p\u00f3liza de prima nivelada, si a\u00fan no das con la adecuada te recomiendo Ibercaja. <\/p>\n<p><\/div><\/div>\n<div class=\"opinion \"  >\n\t\t\t<div class=\"cabecera_opinion\">\n\t\t\t\t<div class=\"avatar\">S M <\/div>\n\t\t\t\t<div class=\"datos_opinion\">\n\t\t\t\t\t<div class=\"nombre_opinion\">Sara Morales<\/div>\n\t\t\t\t\t<div class=\"info_opinion\">\t\t\t\t\t\t\n\t\t\t\t\t\t<div class=\"cuenta_opinion\"><i class=\"fas fa-pencil-alt\"><\/i><!--span class=\"dashicons dashicons-edit\" style=\"font-size:20px\"><\/span--><span>1 Opini\u00f3n<\/span><\/div>\t\t\t\t\t\t\n\t\t\t\t\t\t<div class=\"localizacion_opinion\">\n\t\t\t\t\t\t\t<i class=\"fas fa-map-marker-alt\"><\/i><!--span class=\"dashicons dashicons-location\" style=\"font-size:20px\"><\/span-->\n\t\t\t\t\t\t\t<span>ES<\/span>\n\t\t\t\t\t\t<\/div>\t\n\t\t\t\t\t<\/div>\n\t\t\t\t<\/div>\n\t\t\t<\/div><div class=\"texto_opinion\"><\/p>\n<p>Cuando realice el contrato de prima nivelada de Ibercaja adem\u00e1s de esto de que sus coberturas son muy destacables, me asistieron en todo el proceso,  lo realice de forma telef\u00f3nica, ya que me resultaba mucho m\u00e1s f\u00e1cil hacer la contrataci\u00f3n. Te lo aconsejo 100 por cien . <\/p>\n<p><\/div><\/div>\n<div class=\"opinion \"  >\n\t\t\t<div class=\"cabecera_opinion\">\n\t\t\t\t<div class=\"avatar\">V J <\/div>\n\t\t\t\t<div class=\"datos_opinion\">\n\t\t\t\t\t<div class=\"nombre_opinion\">Viviana Jaume<\/div>\n\t\t\t\t\t<div class=\"info_opinion\">\t\t\t\t\t\t\n\t\t\t\t\t\t<div class=\"cuenta_opinion\"><i class=\"fas fa-pencil-alt\"><\/i><!--span class=\"dashicons dashicons-edit\" style=\"font-size:20px\"><\/span--><span>1 Opini\u00f3n<\/span><\/div>\t\t\t\t\t\t\n\t\t\t\t\t\t<div class=\"localizacion_opinion\">\n\t\t\t\t\t\t\t<i class=\"fas fa-map-marker-alt\"><\/i><!--span class=\"dashicons dashicons-location\" style=\"font-size:20px\"><\/span-->\n\t\t\t\t\t\t\t<span>ES<\/span>\n\t\t\t\t\t\t<\/div>\t\n\t\t\t\t\t<\/div>\n\t\t\t\t<\/div>\n\t\t\t<\/div><div class=\"texto_opinion\"><\/p>\n<p>Lo recomiendo en tanto que me dieron una de las mejores coberturas tanto a mi como a mi familia, en el momento del suceso, no vaciles con prima nivelada de Ibercaja, se hace cargo de todo. Hace unos meses muri\u00f3 un familiar muy cercano por lo que contaba con esta p\u00f3liza, es verdad que le dieron todas las coberturas y dieron todas facilidades posibles dentro de ese tan dif\u00edcil de gestionar. <\/p>\n<p><\/div><\/div>\n<\/div><\/div><\/div><\/div>\n<p><div class=\"oficinas\"><br \/>\n<h3><span class=\"ez-toc-section\" id=\"Paginas_relacionadas\"><\/span>P\u00e1ginas relacionadas<span class=\"ez-toc-section-end\"><\/span><\/h3><div class=\"enlazado\"><ul> <li><a href=\"https:\/\/idecesos.com\/seguros\/companias\/ibercaja\/opiniones\/\">Opiniones Ibercaja<\/a><\/li> <li><a href=\"https:\/\/idecesos.com\/seguros\/companias\/ibercaja\/precio\/\">Precio seguro Ibercaja<\/a><\/li> <li><a href=\"https:\/\/idecesos.com\/seguros\/companias\/ibercaja\/prima-mixta\/\">Ibercaja Prima Mixta<\/a><\/li> <li><a href=\"https:\/\/idecesos.com\/seguros\/companias\/ibercaja\/prima-natural\/\">Ibercaja Prima Natural<\/a><\/li> <li><a href=\"https:\/\/idecesos.com\/seguros\/companias\/ibercaja\/prima-nivelada\/\">Ibercaja Prima Nivelada<\/a><\/li> <li><a href=\"https:\/\/idecesos.com\/seguros\/companias\/ibercaja\/prima-unica\/\">Ibercaja Prima \u00danica<\/a><\/li> <li><a href=\"https:\/\/idecesos.com\/seguros\/companias\/ibercaja\/repatriacion\/\">Ibercaja Repatriaci\u00f3n<\/a><\/li> <li><a href=\"https:\/\/idecesos.com\/seguros\/companias\/ibercaja\/telefono\/\">Tel\u00e9fono Gratuito Ibercaja<\/a><\/li><\/ul><\/div><\/p>\n<\/div>\n","protected":false},"excerpt":{"rendered":"<p>Durante los a\u00f1os se quiere lograr una prima de forma continua por el cual no llegue acrecentar una vez comience el a\u00f1o. En este caso se habla de la prima nivelada de Ibercaja se encargar\u00e1 de aplicar ciertos g\u00e9neros de p\u00f3liza dependiendo de la edad, el seguro de prima nivelada Ibercaja una vez efectuado las&hellip; <\/p>\n","protected":false},"author":3,"featured_media":0,"parent":367,"menu_order":0,"comment_status":"closed","ping_status":"closed","template":"single.php","meta":{"footnotes":""},"class_list":["post-11359","page","type-page","status-publish","hentry"],"yoast_head":"<!-- This site is optimized with the Yoast SEO plugin v27.3 - https:\/\/yoast.com\/product\/yoast-seo-wordpress\/ -->\n<title>Seguro Decesos Ibercaja Prima Nivelada \u25b7 Opiniones y Precio 2026<\/title>\n<meta name=\"description\" content=\"Click aqu\u00ed \u3010Seguro de Decesos Prima Nivelada Ibercaja\u3011 Mejores precios Ibercaja seguro de fallecidos Prima Nivelada \u2611\ufe0f Actualizado por iDecesos\u00ae\" \/>\n<meta name=\"robots\" content=\"index, follow, max-snippet:-1, max-image-preview:large, max-video-preview:-1\" \/>\n<link rel=\"canonical\" href=\"https:\/\/idecesos.com\/seguros\/companias\/ibercaja\/prima-nivelada\/\" \/>\n<meta property=\"og:locale\" content=\"es_ES\" \/>\n<meta property=\"og:type\" content=\"article\" \/>\n<meta property=\"og:title\" content=\"Seguro Decesos Ibercaja Prima Nivelada \u25b7 Opiniones y Precio 2026\" \/>\n<meta property=\"og:description\" content=\"Click aqu\u00ed \u3010Seguro de Decesos Prima Nivelada Ibercaja\u3011 Mejores precios Ibercaja seguro de fallecidos Prima Nivelada \u2611\ufe0f Actualizado por iDecesos\u00ae\" \/>\n<meta property=\"og:url\" content=\"https:\/\/idecesos.com\/seguros\/companias\/ibercaja\/prima-nivelada\/\" \/>\n<meta property=\"article:modified_time\" content=\"2022-01-03T12:30:59+00:00\" \/>\n<meta name=\"twitter:card\" content=\"summary_large_image\" \/>\n<meta name=\"twitter:label1\" content=\"Tiempo de lectura\" \/>\n\t<meta name=\"twitter:data1\" content=\"57 minutos\" \/>\n<script type=\"application\/ld+json\" class=\"yoast-schema-graph\">{\"@context\":\"https:\\\/\\\/schema.org\",\"@graph\":[{\"@type\":\"WebPage\",\"@id\":\"https:\\\/\\\/idecesos.com\\\/seguros\\\/companias\\\/ibercaja\\\/prima-nivelada\\\/\",\"url\":\"https:\\\/\\\/idecesos.com\\\/seguros\\\/companias\\\/ibercaja\\\/prima-nivelada\\\/\",\"name\":\"Seguro Decesos Ibercaja Prima Nivelada \u25b7 Opiniones y Precio 2026\",\"isPartOf\":{\"@id\":\"https:\\\/\\\/idecesos.com\\\/seguros\\\/#website\"},\"datePublished\":\"2021-10-30T00:00:00+00:00\",\"dateModified\":\"2022-01-03T12:30:59+00:00\",\"description\":\"Click aqu\u00ed \u3010Seguro de Decesos Prima Nivelada Ibercaja\u3011 Mejores precios Ibercaja seguro de fallecidos Prima Nivelada \u2611\ufe0f Actualizado por iDecesos\u00ae\",\"breadcrumb\":{\"@id\":\"https:\\\/\\\/idecesos.com\\\/seguros\\\/companias\\\/ibercaja\\\/prima-nivelada\\\/#breadcrumb\"},\"inLanguage\":\"es\",\"potentialAction\":[{\"@type\":\"ReadAction\",\"target\":[\"https:\\\/\\\/idecesos.com\\\/seguros\\\/companias\\\/ibercaja\\\/prima-nivelada\\\/\"]}]},{\"@type\":\"BreadcrumbList\",\"@id\":\"https:\\\/\\\/idecesos.com\\\/seguros\\\/companias\\\/ibercaja\\\/prima-nivelada\\\/#breadcrumb\",\"itemListElement\":[{\"@type\":\"ListItem\",\"position\":1,\"name\":\"Portada\",\"item\":\"https:\\\/\\\/idecesos.com\\\/seguros\\\/\"},{\"@type\":\"ListItem\",\"position\":2,\"name\":\"Compa\u00f1\u00edas de Seguros de Decesos en Espa\u00f1a\",\"item\":\"https:\\\/\\\/idecesos.com\\\/seguros\\\/companias\\\/\"},{\"@type\":\"ListItem\",\"position\":3,\"name\":\"Seguro de decesos Ibercaja\",\"item\":\"https:\\\/\\\/idecesos.com\\\/seguros\\\/companias\\\/ibercaja\\\/\"},{\"@type\":\"ListItem\",\"position\":4,\"name\":\"Seguro de decesos Ibercaja Prima Nivelada\"}]},{\"@type\":\"WebSite\",\"@id\":\"https:\\\/\\\/idecesos.com\\\/seguros\\\/#website\",\"url\":\"https:\\\/\\\/idecesos.com\\\/seguros\\\/\",\"name\":\"\",\"description\":\"\",\"potentialAction\":[{\"@type\":\"SearchAction\",\"target\":{\"@type\":\"EntryPoint\",\"urlTemplate\":\"https:\\\/\\\/idecesos.com\\\/seguros\\\/?s={search_term_string}\"},\"query-input\":{\"@type\":\"PropertyValueSpecification\",\"valueRequired\":true,\"valueName\":\"search_term_string\"}}],\"inLanguage\":\"es\"}]}<\/script>\n<!-- \/ Yoast SEO plugin. -->","yoast_head_json":{"title":"Seguro Decesos Ibercaja Prima Nivelada \u25b7 Opiniones y Precio 2026","description":"Click aqu\u00ed \u3010Seguro de Decesos Prima Nivelada Ibercaja\u3011 Mejores precios Ibercaja seguro de fallecidos Prima Nivelada \u2611\ufe0f Actualizado por iDecesos\u00ae","robots":{"index":"index","follow":"follow","max-snippet":"max-snippet:-1","max-image-preview":"max-image-preview:large","max-video-preview":"max-video-preview:-1"},"canonical":"https:\/\/idecesos.com\/seguros\/companias\/ibercaja\/prima-nivelada\/","og_locale":"es_ES","og_type":"article","og_title":"Seguro Decesos Ibercaja Prima Nivelada \u25b7 Opiniones y Precio 2026","og_description":"Click aqu\u00ed \u3010Seguro de Decesos Prima Nivelada Ibercaja\u3011 Mejores precios Ibercaja seguro de fallecidos Prima Nivelada \u2611\ufe0f Actualizado por iDecesos\u00ae","og_url":"https:\/\/idecesos.com\/seguros\/companias\/ibercaja\/prima-nivelada\/","article_modified_time":"2022-01-03T12:30:59+00:00","twitter_card":"summary_large_image","twitter_misc":{"Tiempo de lectura":"57 minutos"},"schema":{"@context":"https:\/\/schema.org","@graph":[{"@type":"WebPage","@id":"https:\/\/idecesos.com\/seguros\/companias\/ibercaja\/prima-nivelada\/","url":"https:\/\/idecesos.com\/seguros\/companias\/ibercaja\/prima-nivelada\/","name":"Seguro Decesos Ibercaja Prima Nivelada \u25b7 Opiniones y Precio 2026","isPartOf":{"@id":"https:\/\/idecesos.com\/seguros\/#website"},"datePublished":"2021-10-30T00:00:00+00:00","dateModified":"2022-01-03T12:30:59+00:00","description":"Click aqu\u00ed \u3010Seguro de Decesos Prima Nivelada Ibercaja\u3011 Mejores precios Ibercaja seguro de fallecidos Prima Nivelada \u2611\ufe0f Actualizado por iDecesos\u00ae","breadcrumb":{"@id":"https:\/\/idecesos.com\/seguros\/companias\/ibercaja\/prima-nivelada\/#breadcrumb"},"inLanguage":"es","potentialAction":[{"@type":"ReadAction","target":["https:\/\/idecesos.com\/seguros\/companias\/ibercaja\/prima-nivelada\/"]}]},{"@type":"BreadcrumbList","@id":"https:\/\/idecesos.com\/seguros\/companias\/ibercaja\/prima-nivelada\/#breadcrumb","itemListElement":[{"@type":"ListItem","position":1,"name":"Portada","item":"https:\/\/idecesos.com\/seguros\/"},{"@type":"ListItem","position":2,"name":"Compa\u00f1\u00edas de Seguros de Decesos en Espa\u00f1a","item":"https:\/\/idecesos.com\/seguros\/companias\/"},{"@type":"ListItem","position":3,"name":"Seguro de decesos Ibercaja","item":"https:\/\/idecesos.com\/seguros\/companias\/ibercaja\/"},{"@type":"ListItem","position":4,"name":"Seguro de decesos Ibercaja Prima Nivelada"}]},{"@type":"WebSite","@id":"https:\/\/idecesos.com\/seguros\/#website","url":"https:\/\/idecesos.com\/seguros\/","name":"","description":"","potentialAction":[{"@type":"SearchAction","target":{"@type":"EntryPoint","urlTemplate":"https:\/\/idecesos.com\/seguros\/?s={search_term_string}"},"query-input":{"@type":"PropertyValueSpecification","valueRequired":true,"valueName":"search_term_string"}}],"inLanguage":"es"}]}},"_links":{"self":[{"href":"https:\/\/idecesos.com\/seguros\/wp-json\/wp\/v2\/pages\/11359","targetHints":{"allow":["GET"]}}],"collection":[{"href":"https:\/\/idecesos.com\/seguros\/wp-json\/wp\/v2\/pages"}],"about":[{"href":"https:\/\/idecesos.com\/seguros\/wp-json\/wp\/v2\/types\/page"}],"author":[{"embeddable":true,"href":"https:\/\/idecesos.com\/seguros\/wp-json\/wp\/v2\/users\/3"}],"replies":[{"embeddable":true,"href":"https:\/\/idecesos.com\/seguros\/wp-json\/wp\/v2\/comments?post=11359"}],"version-history":[{"count":1,"href":"https:\/\/idecesos.com\/seguros\/wp-json\/wp\/v2\/pages\/11359\/revisions"}],"predecessor-version":[{"id":12869,"href":"https:\/\/idecesos.com\/seguros\/wp-json\/wp\/v2\/pages\/11359\/revisions\/12869"}],"up":[{"embeddable":true,"href":"https:\/\/idecesos.com\/seguros\/wp-json\/wp\/v2\/pages\/367"}],"wp:attachment":[{"href":"https:\/\/idecesos.com\/seguros\/wp-json\/wp\/v2\/media?parent=11359"}],"curies":[{"name":"wp","href":"https:\/\/api.w.org\/{rel}","templated":true}]}}