{"id":11369,"date":"2021-10-31T00:00:00","date_gmt":"2021-10-31T00:00:00","guid":{"rendered":"https:\/\/idecesos.com\/seguros\/?page_id=11369"},"modified":"2022-01-03T12:31:18","modified_gmt":"2022-01-03T12:31:18","slug":"repatriacion","status":"publish","type":"page","link":"https:\/\/idecesos.com\/seguros\/companias\/rastreator\/repatriacion\/","title":{"rendered":"Seguro de decesos Rastreator con repatriaci\u00f3n"},"content":{"rendered":"<div id=\"ez-toc-container\" class=\"ez-toc-v2_0_82_2 ez-toc-wrap-center counter-hierarchy ez-toc-counter ez-toc-custom ez-toc-container-direction\">\n<div class=\"ez-toc-title-container\">\n<p class=\"ez-toc-title\" style=\"cursor:inherit\">Tabla de Contenido<\/p>\n<span class=\"ez-toc-title-toggle\"><a href=\"#\" class=\"ez-toc-pull-right ez-toc-btn ez-toc-btn-xs ez-toc-btn-default ez-toc-toggle\" aria-label=\"Alternar tabla de contenidos\"><span class=\"ez-toc-js-icon-con\"><span class=\"\"><span class=\"eztoc-hide\" style=\"display:none;\">Toggle<\/span><span class=\"ez-toc-icon-toggle-span\"><svg style=\"fill: #db6415;color:#db6415\" xmlns=\"http:\/\/www.w3.org\/2000\/svg\" class=\"list-377408\" width=\"20px\" height=\"20px\" viewBox=\"0 0 24 24\" fill=\"none\"><path d=\"M6 6H4v2h2V6zm14 0H8v2h12V6zM4 11h2v2H4v-2zm16 0H8v2h12v-2zM4 16h2v2H4v-2zm16 0H8v2h12v-2z\" fill=\"currentColor\"><\/path><\/svg><svg style=\"fill: #db6415;color:#db6415\" class=\"arrow-unsorted-368013\" xmlns=\"http:\/\/www.w3.org\/2000\/svg\" width=\"10px\" height=\"10px\" viewBox=\"0 0 24 24\" version=\"1.2\" baseProfile=\"tiny\"><path d=\"M18.2 9.3l-6.2-6.3-6.2 6.3c-.2.2-.3.4-.3.7s.1.5.3.7c.2.2.4.3.7.3h11c.3 0 .5-.1.7-.3.2-.2.3-.5.3-.7s-.1-.5-.3-.7zM5.8 14.7l6.2 6.3 6.2-6.3c.2-.2.3-.5.3-.7s-.1-.5-.3-.7c-.2-.2-.4-.3-.7-.3h-11c-.3 0-.5.1-.7.3-.2.2-.3.5-.3.7s.1.5.3.7z\"\/><\/svg><\/span><\/span><\/span><\/a><\/span><\/div>\n<nav><ul class='ez-toc-list ez-toc-list-level-1 ' ><li class='ez-toc-page-1 ez-toc-heading-level-2'><a class=\"ez-toc-link ez-toc-heading-1\" href=\"https:\/\/idecesos.com\/seguros\/companias\/rastreator\/repatriacion\/#Coberturas_seguro_Rastreator_con_repatriacion\" >Coberturas seguro Rastreator con repatriaci\u00f3n<\/a><ul class='ez-toc-list-level-3' ><li class='ez-toc-heading-level-3'><a class=\"ez-toc-link ez-toc-heading-2\" href=\"https:\/\/idecesos.com\/seguros\/companias\/rastreator\/repatriacion\/#%C2%BFA_quien_va_dirigido_el_seguro_de_decesos_con_repatriacion_de_Rastreator\" >\u00bfA qui\u00e9n va dirigido el seguro de decesos con repatriaci\u00f3n de Rastreator?<\/a><\/li><\/ul><\/li><li class='ez-toc-page-1 ez-toc-heading-level-2'><a class=\"ez-toc-link ez-toc-heading-3\" href=\"https:\/\/idecesos.com\/seguros\/companias\/rastreator\/repatriacion\/#Precio_de_seguro_de_decesos_Rastreator_con_repatriacion\" >Precio de seguro de decesos Rastreator con repatriaci\u00f3n<\/a><\/li><li class='ez-toc-page-1 ez-toc-heading-level-2'><a class=\"ez-toc-link ez-toc-heading-4\" href=\"https:\/\/idecesos.com\/seguros\/companias\/rastreator\/repatriacion\/#Productos_Repatriacion_Rastreator\" >Productos Repatriaci\u00f3n Rastreator<\/a><\/li><li class='ez-toc-page-1 ez-toc-heading-level-2'><a class=\"ez-toc-link ez-toc-heading-5\" href=\"https:\/\/idecesos.com\/seguros\/companias\/rastreator\/repatriacion\/#Opiniones_del_seguro_de_decesos_de_Repatriacion_de_Rastreator\" >Opiniones del seguro de decesos de Repatriaci\u00f3n de Rastreator<\/a><ul class='ez-toc-list-level-3' ><li class='ez-toc-heading-level-3'><a class=\"ez-toc-link ez-toc-heading-6\" href=\"https:\/\/idecesos.com\/seguros\/companias\/rastreator\/repatriacion\/#Paginas_relacionadas\" >P\u00e1ginas relacionadas<\/a><\/li><\/ul><\/li><\/ul><\/nav><\/div>\n\n<p>Cuenta con las primordiales coberturas m\u00e1s f\u00e1ciles que son como las b\u00e1sicas, el servicio m\u00e1s completo del seguro de decesos de repatriaci\u00f3n Rastreator es que vas a poder a\u00f1adir todas las coberturas complementarias que necesites. A lo largo de los pr\u00e1cticamente 2 \u00faltimos a\u00f1os las personas han peligroso todo dejando a tras su lugar de origen para residir en Espa\u00f1a siendo este uno de los pa\u00edses con m\u00e1s extranjeros a diferencia de otros a\u00f1os como en el caso de Alemania 199117, Per\u00fa 193786, Rep\u00fablica Dominicana 167176. Cuando controlas cualquier situaci\u00f3n, si pasa alguna incidencia ten por sentada que todo va a ser considerablemente m\u00e1s sencillo. La cobertura destacable del servicio de repatriaci\u00f3n es cuando da toda la garant\u00eda en el instante del fallecimiento donde se har\u00e1 la repatriaci\u00f3n a su sitio de origen. Lograr dar serenidad a tu familia es algo de suma importancia, en tanto que en cualquier parte del mundo, le dar\u00e1n esas serenidad. <\/p>\n<p>Leer m\u00e1s: <a href=\"https:\/\/idecesos.com\/seguros\/tipo\/extranjeros-repatriacion\/\">Seguro de decesos con repatriaci\u00f3n<\/a><\/p>\n<div class=\"colorf \"  ><div class=\"container clearfix\"><div class=\"col-md-7\"><\/p>\n<h2><span class=\"ez-toc-section\" id=\"Coberturas_seguro_Rastreator_con_repatriacion\"><\/span>Coberturas seguro Rastreator con repatriaci\u00f3n<span class=\"ez-toc-section-end\"><\/span><\/h2>\n<p>\u00bfA qui\u00e9n se dirige las coberturas de seguro de repatriaci\u00f3n de Rastreator? Es para todas aquellas personas que vivan en otro sitio del planeta, con lo que dentro de las coberturas que incluye es la tramitaci\u00f3n de los documentos, servicio f\u00fanebre, incineraci\u00f3n o bien camposanto, todas y cada una estas coberturas las podr\u00e1s ver de forma m\u00e1s detallada en el contrato. <\/p>\n<p><\/div><\/div><\/div>\n<h3><span class=\"ez-toc-section\" id=\"%C2%BFA_quien_va_dirigido_el_seguro_de_decesos_con_repatriacion_de_Rastreator\"><\/span>\u00bfA qui\u00e9n va dirigido el seguro de decesos con repatriaci\u00f3n de Rastreator?<span class=\"ez-toc-section-end\"><\/span><\/h3>\n<p>Si en los peores casos se da que la persona ha fallecido as\u00ed sea en otro pa\u00eds o bien dentro de Espa\u00f1a le aseguren en todo instante la gesti\u00f3n de este proceso que se llevar\u00e1 a cabo de una forma m\u00e1s eficiente, facilitando todo a los familiares en el seguro de decesos de repatriaci\u00f3n de Rastreator. Cuando la persona fallece es esencial conocer las garant\u00edas en cada circunstancia que dan cobertura, seg\u00fan las pautas que vengan dentro del contrato. <\/p>\n<div class=\"colorf \"  ><div class=\"container clearfix\"><div class=\"col-md-7\"><\/p>\n<h2><span class=\"ez-toc-section\" id=\"Precio_de_seguro_de_decesos_Rastreator_con_repatriacion\"><\/span>Precio de seguro de decesos Rastreator con repatriaci\u00f3n<span class=\"ez-toc-section-end\"><\/span><\/h2>\n<p>\u00a1M\u00e1s o menos lo vas a poder localizar el precio alrededor es de 4,80\u20ac! es el precio id\u00f3neo para tu seguro de deceso de repatriaci\u00f3n de la Rastreator, ten presente que habr\u00e1 diferentes factores por el cual se determinar\u00e1 el precio final, adem\u00e1s de conocer que es un complemento a tu seguro ya contratado. Son expertos en el \u00e1mbito por esta raz\u00f3n iDecesos trae las coberturas necesarias para que puedas localizar toda la informaci\u00f3n que precises y que puedas acceder a todo ello de manera veloz, con lo que te resultar\u00e1 de forma eficiente y lograr\u00e1s adquirir los diferentes precios que hay en el mercado actual. <\/p>\n<p><\/div><\/div><\/div>\n<h2><span class=\"ez-toc-section\" id=\"Productos_Repatriacion_Rastreator\"><\/span>Productos Repatriaci\u00f3n Rastreator<span class=\"ez-toc-section-end\"><\/span><\/h2>\n<div class=\"colorf\"><div class=\"container clearfix\"><div class=\"col-md-7\"><div class=\"opiniones\">\n<h2><span class=\"ez-toc-section\" id=\"Opiniones_del_seguro_de_decesos_de_Repatriacion_de_Rastreator\"><\/span>Opiniones del seguro de decesos de Repatriaci\u00f3n de Rastreator<span class=\"ez-toc-section-end\"><\/span><\/h2>\n<p>&nbsp;<\/p>\n<div class=\"opinion \"  >\n\t\t\t<div class=\"cabecera_opinion\">\n\t\t\t\t<div class=\"avatar\">E M <\/div>\n\t\t\t\t<div class=\"datos_opinion\">\n\t\t\t\t\t<div class=\"nombre_opinion\">Emily Mariko<\/div>\n\t\t\t\t\t<div class=\"info_opinion\">\t\t\t\t\t\t\n\t\t\t\t\t\t<div class=\"cuenta_opinion\"><i class=\"fas fa-pencil-alt\"><\/i><!--span class=\"dashicons dashicons-edit\" style=\"font-size:20px\"><\/span--><span>1 Opini\u00f3n<\/span><\/div>\t\t\t\t\t\t\n\t\t\t\t\t\t<div class=\"localizacion_opinion\">\n\t\t\t\t\t\t\t<i class=\"fas fa-map-marker-alt\"><\/i><!--span class=\"dashicons dashicons-location\" style=\"font-size:20px\"><\/span-->\n\t\t\t\t\t\t\t<span>ES<\/span>\n\t\t\t\t\t\t<\/div>\t\n\t\t\t\t\t<\/div>\n\t\t\t\t<\/div>\n\t\t\t<\/div><div class=\"texto_opinion\"><\/p>\n<p>Hace m\u00e1s de 5 a\u00f1os decidimos efectuar un viaje con mis padres, desgraciadamente mi madre falleci\u00f3 en el viaje, con lo que merced a que realizamos la contrataci\u00f3n de un seguro de decesos hace bastante tiempo, en las coberturas que ten\u00eda era repatriaci\u00f3n en cualquier sitio del mundo, por lo que nos facilit\u00f3 mucho el poder traer a mi madre a su sitio de origen, con todo los gastos cubiertos respecto al fallecimiento, recibimos mucho apoyo durante el viaje con lo que nos sentimos muy apoyados en todo instante.<\/p>\n<p><\/div><\/div>\n<div class=\"opinion \"  >\n\t\t\t<div class=\"cabecera_opinion\">\n\t\t\t\t<div class=\"avatar\">R H <\/div>\n\t\t\t\t<div class=\"datos_opinion\">\n\t\t\t\t\t<div class=\"nombre_opinion\">Renato Herranz<\/div>\n\t\t\t\t\t<div class=\"info_opinion\">\t\t\t\t\t\t\n\t\t\t\t\t\t<div class=\"cuenta_opinion\"><i class=\"fas fa-pencil-alt\"><\/i><!--span class=\"dashicons dashicons-edit\" style=\"font-size:20px\"><\/span--><span>1 Opini\u00f3n<\/span><\/div>\t\t\t\t\t\t\n\t\t\t\t\t\t<div class=\"localizacion_opinion\">\n\t\t\t\t\t\t\t<i class=\"fas fa-map-marker-alt\"><\/i><!--span class=\"dashicons dashicons-location\" style=\"font-size:20px\"><\/span-->\n\t\t\t\t\t\t\t<span>ES<\/span>\n\t\t\t\t\t\t<\/div>\t\n\t\t\t\t\t<\/div>\n\t\t\t\t<\/div>\n\t\t\t<\/div><div class=\"texto_opinion\"><\/p>\n<p>Para las personas que tengas ciertas dudas, de verdad que os lo aconsejo por el hecho de que adem\u00e1s de administrar todos y cada uno de los tr\u00e1mites, cuando ocurre el fallecimiento de ese ser querido, nos lo hacen considerablemente m\u00e1s simple, recib\u00ed un servicio estupendo de la mano de los mejores, lo recomiendo siempre y en toda circunstancia. No ocurri\u00f3 ninguna mala gesti\u00f3n o bien inconvenientes, por lo que nos resguardaron en todo instante.<\/p>\n<p><\/div><\/div>\n<div class=\"opinion \"  >\n\t\t\t<div class=\"cabecera_opinion\">\n\t\t\t\t<div class=\"avatar\">N B <\/div>\n\t\t\t\t<div class=\"datos_opinion\">\n\t\t\t\t\t<div class=\"nombre_opinion\">Nuria Barbero<\/div>\n\t\t\t\t\t<div class=\"info_opinion\">\t\t\t\t\t\t\n\t\t\t\t\t\t<div class=\"cuenta_opinion\"><i class=\"fas fa-pencil-alt\"><\/i><!--span class=\"dashicons dashicons-edit\" style=\"font-size:20px\"><\/span--><span>1 Opini\u00f3n<\/span><\/div>\t\t\t\t\t\t\n\t\t\t\t\t\t<div class=\"localizacion_opinion\">\n\t\t\t\t\t\t\t<i class=\"fas fa-map-marker-alt\"><\/i><!--span class=\"dashicons dashicons-location\" style=\"font-size:20px\"><\/span-->\n\t\t\t\t\t\t\t<span>ES<\/span>\n\t\t\t\t\t\t<\/div>\t\n\t\t\t\t\t<\/div>\n\t\t\t\t<\/div>\n\t\t\t<\/div><div class=\"texto_opinion\"><\/p>\n<p>Exactamente mis tres hijos viajar por tema laboral por lo que decidimos contratar la p\u00f3liza de repatriaci\u00f3n de Rastreator puesto que contaba con todas y cada una de las coberturas al completo, dentro de las cl\u00e1usulas vienen m\u00e1s detallada, nos efectuaron un presupuesto muy alcanzable, adem\u00e1s de que me lo hab\u00edan recomendado m\u00faltiples amigas, tras informarme y contemplar diferentes opciones, me qued\u00e9 con Rastreator y de lo que llevo con ellos, no he tenido ninguna incidencia.<\/p>\n<p><\/div><\/div>\n<\/div><\/div><\/div><\/div>\n<p><div class=\"oficinas\"><br \/>\n<h3><span class=\"ez-toc-section\" id=\"Paginas_relacionadas\"><\/span>P\u00e1ginas relacionadas<span class=\"ez-toc-section-end\"><\/span><\/h3><div class=\"enlazado\"><ul> <li><a href=\"https:\/\/idecesos.com\/seguros\/companias\/rastreator\/precio\/\">Precio seguro Rastreator<\/a><\/li> <li><a href=\"https:\/\/idecesos.com\/seguros\/companias\/rastreator\/prima-mixta\/\">Rastreator Prima Mixta<\/a><\/li> <li><a href=\"https:\/\/idecesos.com\/seguros\/companias\/rastreator\/prima-natural\/\">Rastreator Prima Natural<\/a><\/li> <li><a href=\"https:\/\/idecesos.com\/seguros\/companias\/rastreator\/prima-nivelada\/\">Rastreator Prima Nivelada<\/a><\/li> <li><a href=\"https:\/\/idecesos.com\/seguros\/companias\/rastreator\/prima-unica\/\">Rastreator Prima \u00danica<\/a><\/li> <li><a href=\"https:\/\/idecesos.com\/seguros\/companias\/rastreator\/repatriacion\/\">Rastreator Repatriaci\u00f3n<\/a><\/li> <li><a href=\"https:\/\/idecesos.com\/seguros\/companias\/rastreator\/telefono\/\">Tel\u00e9fono Gratuito Rastreator<\/a><\/li><\/ul><\/div><\/p>\n<\/div>\n","protected":false},"excerpt":{"rendered":"<p>Cuenta con las primordiales coberturas m\u00e1s f\u00e1ciles que son como las b\u00e1sicas, el servicio m\u00e1s completo del seguro de decesos de repatriaci\u00f3n Rastreator es que vas a poder a\u00f1adir todas las coberturas complementarias que necesites. A lo largo de los pr\u00e1cticamente 2 \u00faltimos a\u00f1os las personas han peligroso todo dejando a tras su lugar de&hellip; <\/p>\n","protected":false},"author":3,"featured_media":0,"parent":462,"menu_order":0,"comment_status":"closed","ping_status":"closed","template":"single.php","meta":{"footnotes":""},"class_list":["post-11369","page","type-page","status-publish","hentry"],"yoast_head":"<!-- This site is optimized with the Yoast SEO plugin v27.3 - https:\/\/yoast.com\/product\/yoast-seo-wordpress\/ -->\n<title>Seguro Decesos Rastreator Repatriaci\u00f3n \u25b7 Opiniones y Precio 2026<\/title>\n<meta name=\"description\" content=\"Click aqu\u00ed \u3010Seguro de Decesos con repatriaci\u00f3n Rastreator\u3011 Mejores precios Rastreator seguro de fallecidos con repatriaci\u00f3n \u2611\ufe0f Actualizado por iDecesos\u00ae\" \/>\n<meta name=\"robots\" content=\"index, follow, max-snippet:-1, max-image-preview:large, max-video-preview:-1\" \/>\n<link rel=\"canonical\" href=\"https:\/\/idecesos.com\/seguros\/companias\/rastreator\/repatriacion\/\" \/>\n<meta property=\"og:locale\" content=\"es_ES\" \/>\n<meta property=\"og:type\" content=\"article\" \/>\n<meta property=\"og:title\" content=\"Seguro Decesos Rastreator Repatriaci\u00f3n \u25b7 Opiniones y Precio 2026\" \/>\n<meta property=\"og:description\" content=\"Click aqu\u00ed \u3010Seguro de Decesos con repatriaci\u00f3n Rastreator\u3011 Mejores precios Rastreator seguro de fallecidos con repatriaci\u00f3n \u2611\ufe0f Actualizado por iDecesos\u00ae\" \/>\n<meta property=\"og:url\" content=\"https:\/\/idecesos.com\/seguros\/companias\/rastreator\/repatriacion\/\" \/>\n<meta property=\"article:modified_time\" content=\"2022-01-03T12:31:18+00:00\" \/>\n<meta name=\"twitter:card\" content=\"summary_large_image\" \/>\n<meta name=\"twitter:label1\" content=\"Tiempo de lectura\" \/>\n\t<meta name=\"twitter:data1\" content=\"56 minutos\" \/>\n<script type=\"application\/ld+json\" class=\"yoast-schema-graph\">{\"@context\":\"https:\\\/\\\/schema.org\",\"@graph\":[{\"@type\":\"WebPage\",\"@id\":\"https:\\\/\\\/idecesos.com\\\/seguros\\\/companias\\\/rastreator\\\/repatriacion\\\/\",\"url\":\"https:\\\/\\\/idecesos.com\\\/seguros\\\/companias\\\/rastreator\\\/repatriacion\\\/\",\"name\":\"Seguro Decesos Rastreator Repatriaci\u00f3n \u25b7 Opiniones y Precio 2026\",\"isPartOf\":{\"@id\":\"https:\\\/\\\/idecesos.com\\\/seguros\\\/#website\"},\"datePublished\":\"2021-10-31T00:00:00+00:00\",\"dateModified\":\"2022-01-03T12:31:18+00:00\",\"description\":\"Click aqu\u00ed \u3010Seguro de Decesos con repatriaci\u00f3n Rastreator\u3011 Mejores precios Rastreator seguro de fallecidos con repatriaci\u00f3n \u2611\ufe0f Actualizado por iDecesos\u00ae\",\"breadcrumb\":{\"@id\":\"https:\\\/\\\/idecesos.com\\\/seguros\\\/companias\\\/rastreator\\\/repatriacion\\\/#breadcrumb\"},\"inLanguage\":\"es\",\"potentialAction\":[{\"@type\":\"ReadAction\",\"target\":[\"https:\\\/\\\/idecesos.com\\\/seguros\\\/companias\\\/rastreator\\\/repatriacion\\\/\"]}]},{\"@type\":\"BreadcrumbList\",\"@id\":\"https:\\\/\\\/idecesos.com\\\/seguros\\\/companias\\\/rastreator\\\/repatriacion\\\/#breadcrumb\",\"itemListElement\":[{\"@type\":\"ListItem\",\"position\":1,\"name\":\"Portada\",\"item\":\"https:\\\/\\\/idecesos.com\\\/seguros\\\/\"},{\"@type\":\"ListItem\",\"position\":2,\"name\":\"Compa\u00f1\u00edas de Seguros de Decesos en Espa\u00f1a\",\"item\":\"https:\\\/\\\/idecesos.com\\\/seguros\\\/companias\\\/\"},{\"@type\":\"ListItem\",\"position\":3,\"name\":\"Seguro de decesos Rastreator\",\"item\":\"https:\\\/\\\/idecesos.com\\\/seguros\\\/companias\\\/rastreator\\\/\"},{\"@type\":\"ListItem\",\"position\":4,\"name\":\"Seguro de decesos Rastreator con repatriaci\u00f3n\"}]},{\"@type\":\"WebSite\",\"@id\":\"https:\\\/\\\/idecesos.com\\\/seguros\\\/#website\",\"url\":\"https:\\\/\\\/idecesos.com\\\/seguros\\\/\",\"name\":\"\",\"description\":\"\",\"potentialAction\":[{\"@type\":\"SearchAction\",\"target\":{\"@type\":\"EntryPoint\",\"urlTemplate\":\"https:\\\/\\\/idecesos.com\\\/seguros\\\/?s={search_term_string}\"},\"query-input\":{\"@type\":\"PropertyValueSpecification\",\"valueRequired\":true,\"valueName\":\"search_term_string\"}}],\"inLanguage\":\"es\"}]}<\/script>\n<!-- \/ Yoast SEO plugin. -->","yoast_head_json":{"title":"Seguro Decesos Rastreator Repatriaci\u00f3n \u25b7 Opiniones y Precio 2026","description":"Click aqu\u00ed \u3010Seguro de Decesos con repatriaci\u00f3n Rastreator\u3011 Mejores precios Rastreator seguro de fallecidos con repatriaci\u00f3n \u2611\ufe0f Actualizado por iDecesos\u00ae","robots":{"index":"index","follow":"follow","max-snippet":"max-snippet:-1","max-image-preview":"max-image-preview:large","max-video-preview":"max-video-preview:-1"},"canonical":"https:\/\/idecesos.com\/seguros\/companias\/rastreator\/repatriacion\/","og_locale":"es_ES","og_type":"article","og_title":"Seguro Decesos Rastreator Repatriaci\u00f3n \u25b7 Opiniones y Precio 2026","og_description":"Click aqu\u00ed \u3010Seguro de Decesos con repatriaci\u00f3n Rastreator\u3011 Mejores precios Rastreator seguro de fallecidos con repatriaci\u00f3n \u2611\ufe0f Actualizado por iDecesos\u00ae","og_url":"https:\/\/idecesos.com\/seguros\/companias\/rastreator\/repatriacion\/","article_modified_time":"2022-01-03T12:31:18+00:00","twitter_card":"summary_large_image","twitter_misc":{"Tiempo de lectura":"56 minutos"},"schema":{"@context":"https:\/\/schema.org","@graph":[{"@type":"WebPage","@id":"https:\/\/idecesos.com\/seguros\/companias\/rastreator\/repatriacion\/","url":"https:\/\/idecesos.com\/seguros\/companias\/rastreator\/repatriacion\/","name":"Seguro Decesos Rastreator Repatriaci\u00f3n \u25b7 Opiniones y Precio 2026","isPartOf":{"@id":"https:\/\/idecesos.com\/seguros\/#website"},"datePublished":"2021-10-31T00:00:00+00:00","dateModified":"2022-01-03T12:31:18+00:00","description":"Click aqu\u00ed \u3010Seguro de Decesos con repatriaci\u00f3n Rastreator\u3011 Mejores precios Rastreator seguro de fallecidos con repatriaci\u00f3n \u2611\ufe0f Actualizado por iDecesos\u00ae","breadcrumb":{"@id":"https:\/\/idecesos.com\/seguros\/companias\/rastreator\/repatriacion\/#breadcrumb"},"inLanguage":"es","potentialAction":[{"@type":"ReadAction","target":["https:\/\/idecesos.com\/seguros\/companias\/rastreator\/repatriacion\/"]}]},{"@type":"BreadcrumbList","@id":"https:\/\/idecesos.com\/seguros\/companias\/rastreator\/repatriacion\/#breadcrumb","itemListElement":[{"@type":"ListItem","position":1,"name":"Portada","item":"https:\/\/idecesos.com\/seguros\/"},{"@type":"ListItem","position":2,"name":"Compa\u00f1\u00edas de Seguros de Decesos en Espa\u00f1a","item":"https:\/\/idecesos.com\/seguros\/companias\/"},{"@type":"ListItem","position":3,"name":"Seguro de decesos Rastreator","item":"https:\/\/idecesos.com\/seguros\/companias\/rastreator\/"},{"@type":"ListItem","position":4,"name":"Seguro de decesos Rastreator con repatriaci\u00f3n"}]},{"@type":"WebSite","@id":"https:\/\/idecesos.com\/seguros\/#website","url":"https:\/\/idecesos.com\/seguros\/","name":"","description":"","potentialAction":[{"@type":"SearchAction","target":{"@type":"EntryPoint","urlTemplate":"https:\/\/idecesos.com\/seguros\/?s={search_term_string}"},"query-input":{"@type":"PropertyValueSpecification","valueRequired":true,"valueName":"search_term_string"}}],"inLanguage":"es"}]}},"_links":{"self":[{"href":"https:\/\/idecesos.com\/seguros\/wp-json\/wp\/v2\/pages\/11369","targetHints":{"allow":["GET"]}}],"collection":[{"href":"https:\/\/idecesos.com\/seguros\/wp-json\/wp\/v2\/pages"}],"about":[{"href":"https:\/\/idecesos.com\/seguros\/wp-json\/wp\/v2\/types\/page"}],"author":[{"embeddable":true,"href":"https:\/\/idecesos.com\/seguros\/wp-json\/wp\/v2\/users\/3"}],"replies":[{"embeddable":true,"href":"https:\/\/idecesos.com\/seguros\/wp-json\/wp\/v2\/comments?post=11369"}],"version-history":[{"count":1,"href":"https:\/\/idecesos.com\/seguros\/wp-json\/wp\/v2\/pages\/11369\/revisions"}],"predecessor-version":[{"id":12885,"href":"https:\/\/idecesos.com\/seguros\/wp-json\/wp\/v2\/pages\/11369\/revisions\/12885"}],"up":[{"embeddable":true,"href":"https:\/\/idecesos.com\/seguros\/wp-json\/wp\/v2\/pages\/462"}],"wp:attachment":[{"href":"https:\/\/idecesos.com\/seguros\/wp-json\/wp\/v2\/media?parent=11369"}],"curies":[{"name":"wp","href":"https:\/\/api.w.org\/{rel}","templated":true}]}}