{"id":11372,"date":"2021-10-31T00:00:00","date_gmt":"2021-10-31T00:00:00","guid":{"rendered":"https:\/\/idecesos.com\/seguros\/?page_id=11372"},"modified":"2022-01-03T12:31:18","modified_gmt":"2022-01-03T12:31:18","slug":"prima-nivelada","status":"publish","type":"page","link":"https:\/\/idecesos.com\/seguros\/companias\/rastreator\/prima-nivelada\/","title":{"rendered":"Seguro de decesos Rastreator Prima Nivelada"},"content":{"rendered":"<div id=\"ez-toc-container\" class=\"ez-toc-v2_0_82_2 ez-toc-wrap-center counter-hierarchy ez-toc-counter ez-toc-custom ez-toc-container-direction\">\n<div class=\"ez-toc-title-container\">\n<p class=\"ez-toc-title\" style=\"cursor:inherit\">Tabla de Contenido<\/p>\n<span class=\"ez-toc-title-toggle\"><a href=\"#\" class=\"ez-toc-pull-right ez-toc-btn ez-toc-btn-xs ez-toc-btn-default ez-toc-toggle\" aria-label=\"Alternar tabla de contenidos\"><span class=\"ez-toc-js-icon-con\"><span class=\"\"><span class=\"eztoc-hide\" style=\"display:none;\">Toggle<\/span><span class=\"ez-toc-icon-toggle-span\"><svg style=\"fill: #db6415;color:#db6415\" xmlns=\"http:\/\/www.w3.org\/2000\/svg\" class=\"list-377408\" width=\"20px\" height=\"20px\" viewBox=\"0 0 24 24\" fill=\"none\"><path d=\"M6 6H4v2h2V6zm14 0H8v2h12V6zM4 11h2v2H4v-2zm16 0H8v2h12v-2zM4 16h2v2H4v-2zm16 0H8v2h12v-2z\" fill=\"currentColor\"><\/path><\/svg><svg style=\"fill: #db6415;color:#db6415\" class=\"arrow-unsorted-368013\" xmlns=\"http:\/\/www.w3.org\/2000\/svg\" width=\"10px\" height=\"10px\" viewBox=\"0 0 24 24\" version=\"1.2\" baseProfile=\"tiny\"><path d=\"M18.2 9.3l-6.2-6.3-6.2 6.3c-.2.2-.3.4-.3.7s.1.5.3.7c.2.2.4.3.7.3h11c.3 0 .5-.1.7-.3.2-.2.3-.5.3-.7s-.1-.5-.3-.7zM5.8 14.7l6.2 6.3 6.2-6.3c.2-.2.3-.5.3-.7s-.1-.5-.3-.7c-.2-.2-.4-.3-.7-.3h-11c-.3 0-.5.1-.7.3-.2.2-.3.5-.3.7s.1.5.3.7z\"\/><\/svg><\/span><\/span><\/span><\/a><\/span><\/div>\n<nav><ul class='ez-toc-list ez-toc-list-level-1 ' ><li class='ez-toc-page-1 ez-toc-heading-level-2'><a class=\"ez-toc-link ez-toc-heading-1\" href=\"https:\/\/idecesos.com\/seguros\/companias\/rastreator\/prima-nivelada\/#Coberturas_seguro_Prima_Nivelada_Rastreator\" >Coberturas seguro Prima Nivelada Rastreator<\/a><ul class='ez-toc-list-level-3' ><li class='ez-toc-heading-level-3'><a class=\"ez-toc-link ez-toc-heading-2\" href=\"https:\/\/idecesos.com\/seguros\/companias\/rastreator\/prima-nivelada\/#%C2%BFA_quien_va_dirigido_el_seguro_de_decesos_Prima_Nivelada_de_Rastreator\" >\u00bfA qui\u00e9n va dirigido el seguro de decesos Prima Nivelada de Rastreator?<\/a><\/li><\/ul><\/li><li class='ez-toc-page-1 ez-toc-heading-level-2'><a class=\"ez-toc-link ez-toc-heading-3\" href=\"https:\/\/idecesos.com\/seguros\/companias\/rastreator\/prima-nivelada\/#Precio_de_seguro_de_decesos_Prima_Nivelada_Rastreator\" >Precio de seguro de decesos Prima Nivelada Rastreator<\/a><\/li><li class='ez-toc-page-1 ez-toc-heading-level-2'><a class=\"ez-toc-link ez-toc-heading-4\" href=\"https:\/\/idecesos.com\/seguros\/companias\/rastreator\/prima-nivelada\/#Productos_Prima_Nivelada_Rastreator\" >Productos Prima Nivelada Rastreator<\/a><\/li><li class='ez-toc-page-1 ez-toc-heading-level-2'><a class=\"ez-toc-link ez-toc-heading-5\" href=\"https:\/\/idecesos.com\/seguros\/companias\/rastreator\/prima-nivelada\/#Opiniones_del_seguro_de_decesos_de_Prima_Nivelada_de_Rastreator\" >Opiniones del seguro de decesos de Prima Nivelada de Rastreator<\/a><ul class='ez-toc-list-level-3' ><li class='ez-toc-heading-level-3'><a class=\"ez-toc-link ez-toc-heading-6\" href=\"https:\/\/idecesos.com\/seguros\/companias\/rastreator\/prima-nivelada\/#Paginas_relacionadas\" >P\u00e1ginas relacionadas<\/a><\/li><\/ul><\/li><\/ul><\/nav><\/div>\n\n<p>Cuando se llegue a conocer la suma asegurada del servicio funerario se conocer al comienzo de la contrataci\u00f3n de la p\u00f3liza de Rastreator, es cierto que el seguro de decesos de prima \u00abnivelada\u00bb cuenta con diferentes categor\u00edas, garantiza continuar con la prima constante de por vida que se tenga este contrato con la misma empresa. En la compa\u00f1\u00eda de seguros de Rastreator cuando se renueve se coger\u00e1 como referencia la edad cuando realiza la p\u00f3liza, como en los siguientes a\u00f1os la suma se aplicar\u00e1 la tasa conforme a eso. Cuando se logra una cierta edad, dentro del seguro se agregar\u00e1 una tasa con relaci\u00f3n a ello para el total de la suma aseguradas en caso de ser imprevistas. <\/p>\n<p>Leer m\u00e1s: <a href=\"https:\/\/idecesos.com\/seguros\/tipo\/nivelada\/\">Seguro de decesos Prima Nivelada<\/a><\/p>\n<div class=\"colorf \"  ><div class=\"container clearfix\"><div class=\"col-md-7\"><\/p>\n<h2><span class=\"ez-toc-section\" id=\"Coberturas_seguro_Prima_Nivelada_Rastreator\"><\/span>Coberturas seguro Prima Nivelada Rastreator<span class=\"ez-toc-section-end\"><\/span><\/h2>\n<p>Para dejarlo todo preparado y tenerlo bajo control, las coberturas del seguro de prima nivelada Rastreator cuentan con la caracter\u00edstica de ser lo m\u00e1s perfecto expresamente detallada. Las coberturas del seguro de prima nivelada Rastreator vienen detalladas en el condicionado general, donde destacan las del servicio mortuorio que cubre los desplazamientos, inhumaci\u00f3n o bien incineraci\u00f3n, acondicionamiento del cada vez, tanatorio (sala de velatorio, personal, capilla), l\u00e1pida, ata\u00fad, servicio religioso, coche de acompa\u00f1amiento, flores, recordatorios entre otros muchos. Gestionar uno mismo las tramitaciones del fallecido no es cosa simple, ya que se debe tener un estricto control de ello, y ejecutarlo de la forma m\u00e1s adecuada a fin de que ocurra ning\u00fan inconveniente m\u00e1s adelante, gracias a la asegurada gestiona todo eso de manera veloz y sencilla, se encargaran de realizar toda la tramitaci\u00f3n burocr\u00e1tica. Para poder contemplar de manera m\u00e1s detallada los beneficios e inconvenientes a diferencia de otras ofertas lograras ver con iDecesos las mejores coberturas de prima nivelada de Rastreator. <\/p>\n<p><\/div><\/div><\/div>\n<h3><span class=\"ez-toc-section\" id=\"%C2%BFA_quien_va_dirigido_el_seguro_de_decesos_Prima_Nivelada_de_Rastreator\"><\/span>\u00bfA qui\u00e9n va dirigido el seguro de decesos Prima Nivelada de Rastreator?<span class=\"ez-toc-section-end\"><\/span><\/h3>\n<p>Est\u00e1 desarrollado para todas aquellas personas que se encuentren financieramente poco estable, puedan obtener el seguro de prima nivelada de Rastreator. Adquirir es contar con una protecci\u00f3n para cualquier acontencimiento que pueda acontecer como sentirse estable econ\u00f3micamente. La una gran parte que realiza esta p\u00f3liza son personas de edad avanzada, de la cual requieren un pago que no aumente, en tanto que tendr\u00edan que abonar con su pensi\u00f3n. Los clientes optan por las valoraciones de otros clientes del servicio, por lo que hay un sinn\u00famero de personas que escogen la modalidad de prima nivelada en Rastreator. <\/p>\n<div class=\"colorf \"  ><div class=\"container clearfix\"><div class=\"col-md-7\"><\/p>\n<h2><span class=\"ez-toc-section\" id=\"Precio_de_seguro_de_decesos_Prima_Nivelada_Rastreator\"><\/span>Precio de seguro de decesos Prima Nivelada Rastreator<span class=\"ez-toc-section-end\"><\/span><\/h2>\n<p>El precio del seguro de prima nivelada Rastreator es de 5,15\u20ac quien abonar\u00e1 de forma mensual, en cada ello se va a coger los datos importantes como es el caso de la edad y de la localidad siendo el total de la suma del servicio l\u00fagubre. Quedando incluido todas las ofertas y descuentos que contemplen, dejando de esta forma uno de los precios m\u00e1s destacables y econ\u00f3micos de Rastreator. En el seguro de prima nivelada de Rastreator ha adaptado las distintas formas de efectuar el pago haciendo m\u00e1s sencillo este proceso, vas a poder realizarlo de forma mensual, trimestral o semestral entre otros muchos. iDecesos es la plataforma m\u00e1s grande a nivel comparativa de seguros, en cual seguro de prima nivelada Rastreator obtendr\u00e1s toda la informaci\u00f3n en menos de 1 minuto, y de esta forma sabr\u00e1s si el precio era el que estabas buscando o bien te lo podrian mejorar. <\/p>\n<p><\/div><\/div><\/div>\n<h2><span class=\"ez-toc-section\" id=\"Productos_Prima_Nivelada_Rastreator\"><\/span>Productos Prima Nivelada Rastreator<span class=\"ez-toc-section-end\"><\/span><\/h2>\n<div class=\"colorf\"><div class=\"container clearfix\"><div class=\"col-md-7\"><div class=\"opiniones\">\n<h2><span class=\"ez-toc-section\" id=\"Opiniones_del_seguro_de_decesos_de_Prima_Nivelada_de_Rastreator\"><\/span>Opiniones del seguro de decesos de Prima Nivelada de Rastreator<span class=\"ez-toc-section-end\"><\/span><\/h2>\n<p>Mireia Jimenez: le ped\u00ed la opini\u00f3n a mi asesor de seguros que lleva con mi familia 20 a\u00f1os d\u00e1ndonos servicio acerca de la prima nivelada de Rastreator y me afirm\u00f3 que no lo dudase, que era una compa\u00f1\u00eda que trabajaba realmente bien y era realmente seria. Desafortunadamente a los 7 meses que contratamos mi madre muri\u00f3 y fue llamar al n\u00famero de asistencia y nos lo gestionaron todo el funeral y nos dieron todas las comodidades del mundo. <\/p>\n<div class=\"opinion \"  >\n\t\t\t<div class=\"cabecera_opinion\">\n\t\t\t\t<div class=\"avatar\">S M <\/div>\n\t\t\t\t<div class=\"datos_opinion\">\n\t\t\t\t\t<div class=\"nombre_opinion\">Sergio Mengual<\/div>\n\t\t\t\t\t<div class=\"info_opinion\">\t\t\t\t\t\t\n\t\t\t\t\t\t<div class=\"cuenta_opinion\"><i class=\"fas fa-pencil-alt\"><\/i><!--span class=\"dashicons dashicons-edit\" style=\"font-size:20px\"><\/span--><span>1 Opini\u00f3n<\/span><\/div>\t\t\t\t\t\t\n\t\t\t\t\t\t<div class=\"localizacion_opinion\">\n\t\t\t\t\t\t\t<i class=\"fas fa-map-marker-alt\"><\/i><!--span class=\"dashicons dashicons-location\" style=\"font-size:20px\"><\/span-->\n\t\t\t\t\t\t\t<span>ES<\/span>\n\t\t\t\t\t\t<\/div>\t\n\t\t\t\t\t<\/div>\n\t\t\t\t<\/div>\n\t\t\t<\/div><div class=\"texto_opinion\"><\/p>\n<p>Este \u00faltimo a\u00f1o mi situaci\u00f3n econ\u00f3mica cambi\u00f3 un poco por lo que tuve que cambiar de compa\u00f1\u00eda, por lo que use iDecesos que par ami es mi mejor aliado a la hora de ver las diferentes tarifas de las dem\u00e1s empresas de seguros, por lo que Rastreator me result\u00f3 muy interesante por ello hice la contrataci\u00f3n de prima nivelada, a d\u00eda de el d\u00eda de hoy prosigo con ellos, de esta manera que os lo aconsejo. <\/p>\n<p><\/div><\/div>\n<div class=\"opinion \"  >\n\t\t\t<div class=\"cabecera_opinion\">\n\t\t\t\t<div class=\"avatar\">S A <\/div>\n\t\t\t\t<div class=\"datos_opinion\">\n\t\t\t\t\t<div class=\"nombre_opinion\">Saturnina Adriana<\/div>\n\t\t\t\t\t<div class=\"info_opinion\">\t\t\t\t\t\t\n\t\t\t\t\t\t<div class=\"cuenta_opinion\"><i class=\"fas fa-pencil-alt\"><\/i><!--span class=\"dashicons dashicons-edit\" style=\"font-size:20px\"><\/span--><span>1 Opini\u00f3n<\/span><\/div>\t\t\t\t\t\t\n\t\t\t\t\t\t<div class=\"localizacion_opinion\">\n\t\t\t\t\t\t\t<i class=\"fas fa-map-marker-alt\"><\/i><!--span class=\"dashicons dashicons-location\" style=\"font-size:20px\"><\/span-->\n\t\t\t\t\t\t\t<span>ES<\/span>\n\t\t\t\t\t\t<\/div>\t\n\t\t\t\t\t<\/div>\n\t\t\t\t<\/div>\n\t\t\t<\/div><div class=\"texto_opinion\"><\/p>\n<p>Rastreator en el instante que realice con ellos la p\u00f3liza de prima nivelada, la tarifa me pareci\u00f3 perfecta, no solo eso, sus trabajadores son excepcionales, me trataron de manera que no tengo queja con ello, cuentan con unas coberturas muy atractivas, que desde un principio era lo que estaba buscando, gracias a Rastreator por el mejor el servicio. <\/p>\n<p><\/div><\/div>\n<div class=\"opinion \"  >\n\t\t\t<div class=\"cabecera_opinion\">\n\t\t\t\t<div class=\"avatar\">C U <\/div>\n\t\t\t\t<div class=\"datos_opinion\">\n\t\t\t\t\t<div class=\"nombre_opinion\">Chucho Ur\u00eda<\/div>\n\t\t\t\t\t<div class=\"info_opinion\">\t\t\t\t\t\t\n\t\t\t\t\t\t<div class=\"cuenta_opinion\"><i class=\"fas fa-pencil-alt\"><\/i><!--span class=\"dashicons dashicons-edit\" style=\"font-size:20px\"><\/span--><span>1 Opini\u00f3n<\/span><\/div>\t\t\t\t\t\t\n\t\t\t\t\t\t<div class=\"localizacion_opinion\">\n\t\t\t\t\t\t\t<i class=\"fas fa-map-marker-alt\"><\/i><!--span class=\"dashicons dashicons-location\" style=\"font-size:20px\"><\/span-->\n\t\t\t\t\t\t\t<span>ES<\/span>\n\t\t\t\t\t\t<\/div>\t\n\t\t\t\t\t<\/div>\n\t\t\t\t<\/div>\n\t\t\t<\/div><div class=\"texto_opinion\"><\/p>\n<p>Cuando ocurri\u00f3 el fallecimiento de mi madre, que sucedi\u00f3 de una manera repentina, la empresa de seguros se ocup\u00f3 de gestionar todo de una manera eficiente, con lo que no debimos preocuparnos de nada. Si en cualquier ocasi\u00f3n puede suceder alg\u00fan problema,  cuentan con todas las soluciones libres. <\/p>\n<p><\/div><\/div>\n<\/div><\/div><\/div><\/div>\n<p><div class=\"oficinas\"><br \/>\n<h3><span class=\"ez-toc-section\" id=\"Paginas_relacionadas\"><\/span>P\u00e1ginas relacionadas<span class=\"ez-toc-section-end\"><\/span><\/h3><div class=\"enlazado\"><ul> <li><a href=\"https:\/\/idecesos.com\/seguros\/companias\/rastreator\/precio\/\">Precio seguro Rastreator<\/a><\/li> <li><a href=\"https:\/\/idecesos.com\/seguros\/companias\/rastreator\/prima-mixta\/\">Rastreator Prima Mixta<\/a><\/li> <li><a href=\"https:\/\/idecesos.com\/seguros\/companias\/rastreator\/prima-natural\/\">Rastreator Prima Natural<\/a><\/li> <li><a href=\"https:\/\/idecesos.com\/seguros\/companias\/rastreator\/prima-nivelada\/\">Rastreator Prima Nivelada<\/a><\/li> <li><a href=\"https:\/\/idecesos.com\/seguros\/companias\/rastreator\/prima-unica\/\">Rastreator Prima \u00danica<\/a><\/li> <li><a href=\"https:\/\/idecesos.com\/seguros\/companias\/rastreator\/repatriacion\/\">Rastreator Repatriaci\u00f3n<\/a><\/li> <li><a href=\"https:\/\/idecesos.com\/seguros\/companias\/rastreator\/telefono\/\">Tel\u00e9fono Gratuito Rastreator<\/a><\/li><\/ul><\/div><\/p>\n<\/div>\n","protected":false},"excerpt":{"rendered":"<p>Cuando se llegue a conocer la suma asegurada del servicio funerario se conocer al comienzo de la contrataci\u00f3n de la p\u00f3liza de Rastreator, es cierto que el seguro de decesos de prima \u00abnivelada\u00bb cuenta con diferentes categor\u00edas, garantiza continuar con la prima constante de por vida que se tenga este contrato con la misma empresa.&hellip; <\/p>\n","protected":false},"author":3,"featured_media":0,"parent":462,"menu_order":0,"comment_status":"closed","ping_status":"closed","template":"single.php","meta":{"footnotes":""},"class_list":["post-11372","page","type-page","status-publish","hentry"],"yoast_head":"<!-- This site is optimized with the Yoast SEO plugin v27.3 - https:\/\/yoast.com\/product\/yoast-seo-wordpress\/ -->\n<title>Seguro Decesos Rastreator Prima Nivelada \u25b7 Opiniones y Precio 2026<\/title>\n<meta name=\"description\" content=\"Click aqu\u00ed \u3010Seguro de Decesos Prima Nivelada Rastreator\u3011 Mejores precios Rastreator seguro de fallecidos Prima Nivelada \u2611\ufe0f Actualizado por iDecesos\u00ae\" \/>\n<meta name=\"robots\" content=\"index, follow, max-snippet:-1, max-image-preview:large, max-video-preview:-1\" \/>\n<link rel=\"canonical\" href=\"https:\/\/idecesos.com\/seguros\/companias\/rastreator\/prima-nivelada\/\" \/>\n<meta property=\"og:locale\" content=\"es_ES\" \/>\n<meta property=\"og:type\" content=\"article\" \/>\n<meta property=\"og:title\" content=\"Seguro Decesos Rastreator Prima Nivelada \u25b7 Opiniones y Precio 2026\" \/>\n<meta property=\"og:description\" content=\"Click aqu\u00ed \u3010Seguro de Decesos Prima Nivelada Rastreator\u3011 Mejores precios Rastreator seguro de fallecidos Prima Nivelada \u2611\ufe0f Actualizado por iDecesos\u00ae\" \/>\n<meta property=\"og:url\" content=\"https:\/\/idecesos.com\/seguros\/companias\/rastreator\/prima-nivelada\/\" \/>\n<meta property=\"article:modified_time\" content=\"2022-01-03T12:31:18+00:00\" \/>\n<meta name=\"twitter:card\" content=\"summary_large_image\" \/>\n<meta name=\"twitter:label1\" content=\"Tiempo de lectura\" \/>\n\t<meta name=\"twitter:data1\" content=\"57 minutos\" \/>\n<script type=\"application\/ld+json\" class=\"yoast-schema-graph\">{\"@context\":\"https:\\\/\\\/schema.org\",\"@graph\":[{\"@type\":\"WebPage\",\"@id\":\"https:\\\/\\\/idecesos.com\\\/seguros\\\/companias\\\/rastreator\\\/prima-nivelada\\\/\",\"url\":\"https:\\\/\\\/idecesos.com\\\/seguros\\\/companias\\\/rastreator\\\/prima-nivelada\\\/\",\"name\":\"Seguro Decesos Rastreator Prima Nivelada \u25b7 Opiniones y Precio 2026\",\"isPartOf\":{\"@id\":\"https:\\\/\\\/idecesos.com\\\/seguros\\\/#website\"},\"datePublished\":\"2021-10-31T00:00:00+00:00\",\"dateModified\":\"2022-01-03T12:31:18+00:00\",\"description\":\"Click aqu\u00ed \u3010Seguro de Decesos Prima Nivelada Rastreator\u3011 Mejores precios Rastreator seguro de fallecidos Prima Nivelada \u2611\ufe0f Actualizado por iDecesos\u00ae\",\"breadcrumb\":{\"@id\":\"https:\\\/\\\/idecesos.com\\\/seguros\\\/companias\\\/rastreator\\\/prima-nivelada\\\/#breadcrumb\"},\"inLanguage\":\"es\",\"potentialAction\":[{\"@type\":\"ReadAction\",\"target\":[\"https:\\\/\\\/idecesos.com\\\/seguros\\\/companias\\\/rastreator\\\/prima-nivelada\\\/\"]}]},{\"@type\":\"BreadcrumbList\",\"@id\":\"https:\\\/\\\/idecesos.com\\\/seguros\\\/companias\\\/rastreator\\\/prima-nivelada\\\/#breadcrumb\",\"itemListElement\":[{\"@type\":\"ListItem\",\"position\":1,\"name\":\"Portada\",\"item\":\"https:\\\/\\\/idecesos.com\\\/seguros\\\/\"},{\"@type\":\"ListItem\",\"position\":2,\"name\":\"Compa\u00f1\u00edas de Seguros de Decesos en Espa\u00f1a\",\"item\":\"https:\\\/\\\/idecesos.com\\\/seguros\\\/companias\\\/\"},{\"@type\":\"ListItem\",\"position\":3,\"name\":\"Seguro de decesos Rastreator\",\"item\":\"https:\\\/\\\/idecesos.com\\\/seguros\\\/companias\\\/rastreator\\\/\"},{\"@type\":\"ListItem\",\"position\":4,\"name\":\"Seguro de decesos Rastreator Prima Nivelada\"}]},{\"@type\":\"WebSite\",\"@id\":\"https:\\\/\\\/idecesos.com\\\/seguros\\\/#website\",\"url\":\"https:\\\/\\\/idecesos.com\\\/seguros\\\/\",\"name\":\"\",\"description\":\"\",\"potentialAction\":[{\"@type\":\"SearchAction\",\"target\":{\"@type\":\"EntryPoint\",\"urlTemplate\":\"https:\\\/\\\/idecesos.com\\\/seguros\\\/?s={search_term_string}\"},\"query-input\":{\"@type\":\"PropertyValueSpecification\",\"valueRequired\":true,\"valueName\":\"search_term_string\"}}],\"inLanguage\":\"es\"}]}<\/script>\n<!-- \/ Yoast SEO plugin. -->","yoast_head_json":{"title":"Seguro Decesos Rastreator Prima Nivelada \u25b7 Opiniones y Precio 2026","description":"Click aqu\u00ed \u3010Seguro de Decesos Prima Nivelada Rastreator\u3011 Mejores precios Rastreator seguro de fallecidos Prima Nivelada \u2611\ufe0f Actualizado por iDecesos\u00ae","robots":{"index":"index","follow":"follow","max-snippet":"max-snippet:-1","max-image-preview":"max-image-preview:large","max-video-preview":"max-video-preview:-1"},"canonical":"https:\/\/idecesos.com\/seguros\/companias\/rastreator\/prima-nivelada\/","og_locale":"es_ES","og_type":"article","og_title":"Seguro Decesos Rastreator Prima Nivelada \u25b7 Opiniones y Precio 2026","og_description":"Click aqu\u00ed \u3010Seguro de Decesos Prima Nivelada Rastreator\u3011 Mejores precios Rastreator seguro de fallecidos Prima Nivelada \u2611\ufe0f Actualizado por iDecesos\u00ae","og_url":"https:\/\/idecesos.com\/seguros\/companias\/rastreator\/prima-nivelada\/","article_modified_time":"2022-01-03T12:31:18+00:00","twitter_card":"summary_large_image","twitter_misc":{"Tiempo de lectura":"57 minutos"},"schema":{"@context":"https:\/\/schema.org","@graph":[{"@type":"WebPage","@id":"https:\/\/idecesos.com\/seguros\/companias\/rastreator\/prima-nivelada\/","url":"https:\/\/idecesos.com\/seguros\/companias\/rastreator\/prima-nivelada\/","name":"Seguro Decesos Rastreator Prima Nivelada \u25b7 Opiniones y Precio 2026","isPartOf":{"@id":"https:\/\/idecesos.com\/seguros\/#website"},"datePublished":"2021-10-31T00:00:00+00:00","dateModified":"2022-01-03T12:31:18+00:00","description":"Click aqu\u00ed \u3010Seguro de Decesos Prima Nivelada Rastreator\u3011 Mejores precios Rastreator seguro de fallecidos Prima Nivelada \u2611\ufe0f Actualizado por iDecesos\u00ae","breadcrumb":{"@id":"https:\/\/idecesos.com\/seguros\/companias\/rastreator\/prima-nivelada\/#breadcrumb"},"inLanguage":"es","potentialAction":[{"@type":"ReadAction","target":["https:\/\/idecesos.com\/seguros\/companias\/rastreator\/prima-nivelada\/"]}]},{"@type":"BreadcrumbList","@id":"https:\/\/idecesos.com\/seguros\/companias\/rastreator\/prima-nivelada\/#breadcrumb","itemListElement":[{"@type":"ListItem","position":1,"name":"Portada","item":"https:\/\/idecesos.com\/seguros\/"},{"@type":"ListItem","position":2,"name":"Compa\u00f1\u00edas de Seguros de Decesos en Espa\u00f1a","item":"https:\/\/idecesos.com\/seguros\/companias\/"},{"@type":"ListItem","position":3,"name":"Seguro de decesos Rastreator","item":"https:\/\/idecesos.com\/seguros\/companias\/rastreator\/"},{"@type":"ListItem","position":4,"name":"Seguro de decesos Rastreator Prima Nivelada"}]},{"@type":"WebSite","@id":"https:\/\/idecesos.com\/seguros\/#website","url":"https:\/\/idecesos.com\/seguros\/","name":"","description":"","potentialAction":[{"@type":"SearchAction","target":{"@type":"EntryPoint","urlTemplate":"https:\/\/idecesos.com\/seguros\/?s={search_term_string}"},"query-input":{"@type":"PropertyValueSpecification","valueRequired":true,"valueName":"search_term_string"}}],"inLanguage":"es"}]}},"_links":{"self":[{"href":"https:\/\/idecesos.com\/seguros\/wp-json\/wp\/v2\/pages\/11372","targetHints":{"allow":["GET"]}}],"collection":[{"href":"https:\/\/idecesos.com\/seguros\/wp-json\/wp\/v2\/pages"}],"about":[{"href":"https:\/\/idecesos.com\/seguros\/wp-json\/wp\/v2\/types\/page"}],"author":[{"embeddable":true,"href":"https:\/\/idecesos.com\/seguros\/wp-json\/wp\/v2\/users\/3"}],"replies":[{"embeddable":true,"href":"https:\/\/idecesos.com\/seguros\/wp-json\/wp\/v2\/comments?post=11372"}],"version-history":[{"count":1,"href":"https:\/\/idecesos.com\/seguros\/wp-json\/wp\/v2\/pages\/11372\/revisions"}],"predecessor-version":[{"id":12882,"href":"https:\/\/idecesos.com\/seguros\/wp-json\/wp\/v2\/pages\/11372\/revisions\/12882"}],"up":[{"embeddable":true,"href":"https:\/\/idecesos.com\/seguros\/wp-json\/wp\/v2\/pages\/462"}],"wp:attachment":[{"href":"https:\/\/idecesos.com\/seguros\/wp-json\/wp\/v2\/media?parent=11372"}],"curies":[{"name":"wp","href":"https:\/\/api.w.org\/{rel}","templated":true}]}}