{"id":11373,"date":"2021-10-31T00:00:00","date_gmt":"2021-10-31T00:00:00","guid":{"rendered":"https:\/\/idecesos.com\/seguros\/?page_id=11373"},"modified":"2022-01-03T12:31:18","modified_gmt":"2022-01-03T12:31:18","slug":"prima-nivelada","status":"publish","type":"page","link":"https:\/\/idecesos.com\/seguros\/companias\/reale\/prima-nivelada\/","title":{"rendered":"Seguro de decesos Reale Prima Nivelada"},"content":{"rendered":"<div id=\"ez-toc-container\" class=\"ez-toc-v2_0_82_2 ez-toc-wrap-center counter-hierarchy ez-toc-counter ez-toc-custom ez-toc-container-direction\">\n<div class=\"ez-toc-title-container\">\n<p class=\"ez-toc-title\" style=\"cursor:inherit\">Tabla de Contenido<\/p>\n<span class=\"ez-toc-title-toggle\"><a href=\"#\" class=\"ez-toc-pull-right ez-toc-btn ez-toc-btn-xs ez-toc-btn-default ez-toc-toggle\" aria-label=\"Alternar tabla de contenidos\"><span class=\"ez-toc-js-icon-con\"><span class=\"\"><span class=\"eztoc-hide\" style=\"display:none;\">Toggle<\/span><span class=\"ez-toc-icon-toggle-span\"><svg style=\"fill: #db6415;color:#db6415\" xmlns=\"http:\/\/www.w3.org\/2000\/svg\" class=\"list-377408\" width=\"20px\" height=\"20px\" viewBox=\"0 0 24 24\" fill=\"none\"><path d=\"M6 6H4v2h2V6zm14 0H8v2h12V6zM4 11h2v2H4v-2zm16 0H8v2h12v-2zM4 16h2v2H4v-2zm16 0H8v2h12v-2z\" fill=\"currentColor\"><\/path><\/svg><svg style=\"fill: #db6415;color:#db6415\" class=\"arrow-unsorted-368013\" xmlns=\"http:\/\/www.w3.org\/2000\/svg\" width=\"10px\" height=\"10px\" viewBox=\"0 0 24 24\" version=\"1.2\" baseProfile=\"tiny\"><path d=\"M18.2 9.3l-6.2-6.3-6.2 6.3c-.2.2-.3.4-.3.7s.1.5.3.7c.2.2.4.3.7.3h11c.3 0 .5-.1.7-.3.2-.2.3-.5.3-.7s-.1-.5-.3-.7zM5.8 14.7l6.2 6.3 6.2-6.3c.2-.2.3-.5.3-.7s-.1-.5-.3-.7c-.2-.2-.4-.3-.7-.3h-11c-.3 0-.5.1-.7.3-.2.2-.3.5-.3.7s.1.5.3.7z\"\/><\/svg><\/span><\/span><\/span><\/a><\/span><\/div>\n<nav><ul class='ez-toc-list ez-toc-list-level-1 ' ><li class='ez-toc-page-1 ez-toc-heading-level-2'><a class=\"ez-toc-link ez-toc-heading-1\" href=\"https:\/\/idecesos.com\/seguros\/companias\/reale\/prima-nivelada\/#Coberturas_seguro_Prima_Nivelada_Reale\" >Coberturas seguro Prima Nivelada Reale<\/a><ul class='ez-toc-list-level-3' ><li class='ez-toc-heading-level-3'><a class=\"ez-toc-link ez-toc-heading-2\" href=\"https:\/\/idecesos.com\/seguros\/companias\/reale\/prima-nivelada\/#%C2%BFA_quien_va_dirigido_el_seguro_de_decesos_Prima_Nivelada_de_Reale\" >\u00bfA qui\u00e9n va dirigido el seguro de decesos Prima Nivelada de Reale?<\/a><\/li><\/ul><\/li><li class='ez-toc-page-1 ez-toc-heading-level-2'><a class=\"ez-toc-link ez-toc-heading-3\" href=\"https:\/\/idecesos.com\/seguros\/companias\/reale\/prima-nivelada\/#Precio_de_seguro_de_decesos_Prima_Nivelada_Reale\" >Precio de seguro de decesos Prima Nivelada Reale<\/a><\/li><li class='ez-toc-page-1 ez-toc-heading-level-2'><a class=\"ez-toc-link ez-toc-heading-4\" href=\"https:\/\/idecesos.com\/seguros\/companias\/reale\/prima-nivelada\/#Productos_Prima_Nivelada_Reale\" >Productos Prima Nivelada Reale<\/a><\/li><li class='ez-toc-page-1 ez-toc-heading-level-2'><a class=\"ez-toc-link ez-toc-heading-5\" href=\"https:\/\/idecesos.com\/seguros\/companias\/reale\/prima-nivelada\/#Opiniones_del_seguro_de_decesos_de_Prima_Nivelada_de_Reale\" >Opiniones del seguro de decesos de Prima Nivelada de Reale<\/a><ul class='ez-toc-list-level-3' ><li class='ez-toc-heading-level-3'><a class=\"ez-toc-link ez-toc-heading-6\" href=\"https:\/\/idecesos.com\/seguros\/companias\/reale\/prima-nivelada\/#Paginas_relacionadas\" >P\u00e1ginas relacionadas<\/a><\/li><\/ul><\/li><\/ul><\/nav><\/div>\n\n<p>Cada usuario que se mantenga fiel a la Reale contar\u00e1 con un servicio en su variedades de prima constante en el seguro de decesos de prima nivelada de Reale, dentro del inicio de la compa\u00f1\u00eda. Cuando realizastes por primera vez la contrataci\u00f3n de la p\u00f3liza con Reale se va a tomar en cuenta la edad. De esta forma cuando se realice las actualizaciones pertinentes por a\u00f1o pr\u00f3ximo, a la suma asegurada se le aplicar\u00e1 una tasa conforme la contrataci\u00f3n anterior. En el c\u00e1lculo de la compa\u00f1\u00eda de manera imprevisible la p\u00f3liza a\u00f1adir\u00e1 una tasa continua adecuada a la edad lograda. <\/p>\n<p>Leer m\u00e1s: <a href=\"https:\/\/idecesos.com\/seguros\/tipo\/nivelada\/\">Seguro de decesos Prima Nivelada<\/a><\/p>\n<div class=\"colorf \"  ><div class=\"container clearfix\"><div class=\"col-md-7\"><\/p>\n<h2><span class=\"ez-toc-section\" id=\"Coberturas_seguro_Prima_Nivelada_Reale\"><\/span>Coberturas seguro Prima Nivelada Reale<span class=\"ez-toc-section-end\"><\/span><\/h2>\n<p>Todas y cada una de las coberturas de la prima nivelada de Reale son enfocadas para darle un servicio funerario digno a todos sus asegurados y adem\u00e1s para ofrecerles unas garant\u00edas altamenente \u00fatiles que van a poder utilizar durante toda la vigencia de la p\u00f3liza. resaltamos las siguientes garant\u00edas; desplazamiento en coche mortuorio, ata\u00fad, tanatorio con todos sus servicios internos incluidos para mayor confort de la familia, necrol\u00f3gica, recordatorios, entierro si desean la inhumaci\u00f3n o urna en el caso de cremaci\u00f3n, y gestoria para las tramitaciones ante todos y cada uno de los organismos p\u00fablicos para que quede completamente legal el registro del deceso. Han renovado sus servicios de prima nivelada dej\u00e1ndolos de forma actual en Reale destacando como de las mejores dentro de los diferentes mercados que existen. Donde vas a poder contar con entierro o incineraci\u00f3n. Conoce las coberturas que contemplan el seguro de decesos Reale, ya que es de gran importancia tener en consideraci\u00f3n cuales son las que poseen antes de realizar la contrataci\u00f3n. Con iDecesos vas a poder observar toda la informaci\u00f3n de una manera m\u00e1s detallada y ver las condiciones generales que disponen de prima nivelada. <\/p>\n<p><\/div><\/div><\/div>\n<h3><span class=\"ez-toc-section\" id=\"%C2%BFA_quien_va_dirigido_el_seguro_de_decesos_Prima_Nivelada_de_Reale\"><\/span>\u00bfA qui\u00e9n va dirigido el seguro de decesos Prima Nivelada de Reale?<span class=\"ez-toc-section-end\"><\/span><\/h3>\n<p>El seguro de prima nivelada de Reale est\u00e1 desarrollado para todas y cada una de las personas, para que se adapten a la circunstancia independientemente de c\u00f3mo se hallen. La mayor parte que opta para obtenerlo es para una calma financiera y sentirse de manera que est\u00e1n asegurados para cualquier circunstancia que pueda llegar a suceder. Un 80 por cien de las personas de edad avanzada tienen una pensi\u00f3n muy b\u00e1sica con lo que precisan de una p\u00f3liza que no aumente la prima todos los a\u00f1os. Prima nivelada con un 85 por ciento destacada por la cantidad de clientes del servicio que escogen esta p\u00f3liza en Reale dentro de las valoraciones que lo determinan. <\/p>\n<div class=\"colorf \"  ><div class=\"container clearfix\"><div class=\"col-md-7\"><\/p>\n<h2><span class=\"ez-toc-section\" id=\"Precio_de_seguro_de_decesos_Prima_Nivelada_Reale\"><\/span>Precio de seguro de decesos Prima Nivelada Reale<span class=\"ez-toc-section-end\"><\/span><\/h2>\n<p>El seguro de prima nivelada Reale su precio es 4,99\u20ac por mes teniendo presente la edad m\u00e1s joven contratable en Reale y la localidad con la suma asegurada de servicios f\u00fanebres m\u00e1s bajos. Adem\u00e1s de esto han sido aplicados todos y cada uno de los descuentos, consiguiendo de los mejores costes y m\u00e1s asequibles de Reale. Cuenta con diferentes vertientes en el momento de efectuar los pagos, facilitando a los clientes de Reale del seguro de prima nivelada estas ventajas exclusivas. Para conseguir la tarifa con las ofertas m\u00e1s incre\u00edbles semejantes a tu seguro de prima nivelada Reale nada m\u00e1s tienes que efectuar una comparativa de costes en iDecesos en tan solo un minuto sabr\u00e1s si lo que deseabas es lo m\u00e1s asequible a lo que puedes acceder con una prima constante. <\/p>\n<p><\/div><\/div><\/div>\n<h2><span class=\"ez-toc-section\" id=\"Productos_Prima_Nivelada_Reale\"><\/span>Productos Prima Nivelada Reale<span class=\"ez-toc-section-end\"><\/span><\/h2>\n<div class=\"colorf\"><div class=\"container clearfix\"><div class=\"col-md-7\"><div class=\"opiniones\">\n<h2><span class=\"ez-toc-section\" id=\"Opiniones_del_seguro_de_decesos_de_Prima_Nivelada_de_Reale\"><\/span>Opiniones del seguro de decesos de Prima Nivelada de Reale<span class=\"ez-toc-section-end\"><\/span><\/h2>\n<p>En iDecesos a lo largo del tiempo a contemplar las mejores opiniones del seguro de prima nivelada de Reale, en la que son l\u00edderes en seguros de decesos, es m\u00e1s que satisfactoria. Este criterio se fundamenta en un an\u00e1lisis profundo cobertura a cobertura y haciendo una investigaci\u00f3n de mercado con otras compa\u00f1\u00edas que ofertan prima nivelada. <\/p>\n<div class=\"opinion \"  >\n\t\t\t<div class=\"cabecera_opinion\">\n\t\t\t\t<div class=\"avatar\">A V <\/div>\n\t\t\t\t<div class=\"datos_opinion\">\n\t\t\t\t\t<div class=\"nombre_opinion\">\u00c1ngela Vera<\/div>\n\t\t\t\t\t<div class=\"info_opinion\">\t\t\t\t\t\t\n\t\t\t\t\t\t<div class=\"cuenta_opinion\"><i class=\"fas fa-pencil-alt\"><\/i><!--span class=\"dashicons dashicons-edit\" style=\"font-size:20px\"><\/span--><span>1 Opini\u00f3n<\/span><\/div>\t\t\t\t\t\t\n\t\t\t\t\t\t<div class=\"localizacion_opinion\">\n\t\t\t\t\t\t\t<i class=\"fas fa-map-marker-alt\"><\/i><!--span class=\"dashicons dashicons-location\" style=\"font-size:20px\"><\/span-->\n\t\t\t\t\t\t\t<span>ES<\/span>\n\t\t\t\t\t\t<\/div>\t\n\t\t\t\t\t<\/div>\n\t\t\t\t<\/div>\n\t\t\t<\/div><div class=\"texto_opinion\"><\/p>\n<p>Cuando llam\u00e9 pues ocurri\u00f3 una incidencia de suma importancia, no tardaron nada en solucionar mi problema, qued\u00e9 content\u00edsimo con el servicio que tienen para cada ocasi\u00f3n. Para cada tipo de inconvenientes que puede llegar a pasar, precisan de diferentes soluciones para poder solventarlo lo antes posible. <\/p>\n<p><\/div><\/div>\n<div class=\"opinion \"  >\n\t\t\t<div class=\"cabecera_opinion\">\n\t\t\t\t<div class=\"avatar\">A A <\/div>\n\t\t\t\t<div class=\"datos_opinion\">\n\t\t\t\t\t<div class=\"nombre_opinion\">An\u00edbal Arsenio<\/div>\n\t\t\t\t\t<div class=\"info_opinion\">\t\t\t\t\t\t\n\t\t\t\t\t\t<div class=\"cuenta_opinion\"><i class=\"fas fa-pencil-alt\"><\/i><!--span class=\"dashicons dashicons-edit\" style=\"font-size:20px\"><\/span--><span>1 Opini\u00f3n<\/span><\/div>\t\t\t\t\t\t\n\t\t\t\t\t\t<div class=\"localizacion_opinion\">\n\t\t\t\t\t\t\t<i class=\"fas fa-map-marker-alt\"><\/i><!--span class=\"dashicons dashicons-location\" style=\"font-size:20px\"><\/span-->\n\t\t\t\t\t\t\t<span>ES<\/span>\n\t\t\t\t\t\t<\/div>\t\n\t\t\t\t\t<\/div>\n\t\t\t\t<\/div>\n\t\t\t<\/div><div class=\"texto_opinion\"><\/p>\n<p>Un compa\u00f1ero de trabajo me charl\u00f3 de Reale por lo que en ese instante me sorprendi\u00f3 bastante por lo que bien que estaba con esa compa\u00f1\u00eda aseguradora, me puse en contacto con ellos de inmediato, y un consultor se encarg\u00f3 de toda la tramitaci\u00f3n de manera inmediata, haciendo muy f\u00e1cil la contrataci\u00f3n de la p\u00f3liza de prima nivelada de Reale. <\/p>\n<p><\/div><\/div>\n<div class=\"opinion \"  >\n\t\t\t<div class=\"cabecera_opinion\">\n\t\t\t\t<div class=\"avatar\">G M <\/div>\n\t\t\t\t<div class=\"datos_opinion\">\n\t\t\t\t\t<div class=\"nombre_opinion\">Geraldo Matas<\/div>\n\t\t\t\t\t<div class=\"info_opinion\">\t\t\t\t\t\t\n\t\t\t\t\t\t<div class=\"cuenta_opinion\"><i class=\"fas fa-pencil-alt\"><\/i><!--span class=\"dashicons dashicons-edit\" style=\"font-size:20px\"><\/span--><span>1 Opini\u00f3n<\/span><\/div>\t\t\t\t\t\t\n\t\t\t\t\t\t<div class=\"localizacion_opinion\">\n\t\t\t\t\t\t\t<i class=\"fas fa-map-marker-alt\"><\/i><!--span class=\"dashicons dashicons-location\" style=\"font-size:20px\"><\/span-->\n\t\t\t\t\t\t\t<span>ES<\/span>\n\t\t\t\t\t\t<\/div>\t\n\t\t\t\t\t<\/div>\n\t\t\t\t<\/div>\n\t\t\t<\/div><div class=\"texto_opinion\"><\/p>\n<p>Cuando llam\u00e9 pues ocurri\u00f3 una incidencia de gran importancia, no tardaron nada en resolver mi inconveniente, qued\u00e9 content\u00edsimo con el servicio que tienen para cada ocasi\u00f3n. Para cada g\u00e9nero de inconvenientes que puede llegar a pasar, precisan de diferentes soluciones para poder ponerle remedio a la mayor brevedad posible. <\/p>\n<p><\/div><\/div>\n<\/div><\/div><\/div><\/div>\n<p><div class=\"oficinas\"><br \/>\n<h3><span class=\"ez-toc-section\" id=\"Paginas_relacionadas\"><\/span>P\u00e1ginas relacionadas<span class=\"ez-toc-section-end\"><\/span><\/h3><div class=\"enlazado\"><ul> <li><a href=\"https:\/\/idecesos.com\/seguros\/companias\/reale\/coberturas\/\">Coberturas Reale<\/a><\/li> <li><a href=\"https:\/\/idecesos.com\/seguros\/companias\/reale\/opiniones\/\">Opiniones Reale<\/a><\/li> <li><a href=\"https:\/\/idecesos.com\/seguros\/companias\/reale\/precio\/\">Precio seguro Reale<\/a><\/li> <li><a href=\"https:\/\/idecesos.com\/seguros\/companias\/reale\/prima-mixta\/\">Reale Prima Mixta<\/a><\/li> <li><a href=\"https:\/\/idecesos.com\/seguros\/companias\/reale\/prima-natural\/\">Reale Prima Natural<\/a><\/li> <li><a href=\"https:\/\/idecesos.com\/seguros\/companias\/reale\/prima-nivelada\/\">Reale Prima Nivelada<\/a><\/li> <li><a href=\"https:\/\/idecesos.com\/seguros\/companias\/reale\/prima-unica\/\">Reale Prima \u00danica<\/a><\/li> <li><a href=\"https:\/\/idecesos.com\/seguros\/companias\/reale\/repatriacion\/\">Reale Repatriaci\u00f3n<\/a><\/li> <li><a href=\"https:\/\/idecesos.com\/seguros\/companias\/reale\/telefono\/\">Tel\u00e9fono Gratuito Reale<\/a><\/li>   <\/ul><\/div><\/p>\n<\/div>\n","protected":false},"excerpt":{"rendered":"<p>Cada usuario que se mantenga fiel a la Reale contar\u00e1 con un servicio en su variedades de prima constante en el seguro de decesos de prima nivelada de Reale, dentro del inicio de la compa\u00f1\u00eda. Cuando realizastes por primera vez la contrataci\u00f3n de la p\u00f3liza con Reale se va a tomar en cuenta la edad.&hellip; <\/p>\n","protected":false},"author":3,"featured_media":0,"parent":464,"menu_order":0,"comment_status":"closed","ping_status":"closed","template":"single.php","meta":{"footnotes":""},"class_list":["post-11373","page","type-page","status-publish","hentry"],"yoast_head":"<!-- This site is optimized with the Yoast SEO plugin v27.3 - https:\/\/yoast.com\/product\/yoast-seo-wordpress\/ -->\n<title>Seguro Decesos Reale Prima Nivelada \u25b7 Opiniones y Precio 2026<\/title>\n<meta name=\"description\" content=\"Click aqu\u00ed \u3010Seguro de Decesos Prima Nivelada Reale\u3011 Mejores precios Reale seguro de fallecidos Prima Nivelada \u2611\ufe0f Actualizado por iDecesos\u00ae\" \/>\n<meta name=\"robots\" content=\"index, follow, max-snippet:-1, max-image-preview:large, max-video-preview:-1\" \/>\n<link rel=\"canonical\" href=\"https:\/\/idecesos.com\/seguros\/companias\/reale\/prima-nivelada\/\" \/>\n<meta property=\"og:locale\" content=\"es_ES\" \/>\n<meta property=\"og:type\" content=\"article\" \/>\n<meta property=\"og:title\" content=\"Seguro Decesos Reale Prima Nivelada \u25b7 Opiniones y Precio 2026\" \/>\n<meta property=\"og:description\" content=\"Click aqu\u00ed \u3010Seguro de Decesos Prima Nivelada Reale\u3011 Mejores precios Reale seguro de fallecidos Prima Nivelada \u2611\ufe0f Actualizado por iDecesos\u00ae\" \/>\n<meta property=\"og:url\" content=\"https:\/\/idecesos.com\/seguros\/companias\/reale\/prima-nivelada\/\" \/>\n<meta property=\"article:modified_time\" content=\"2022-01-03T12:31:18+00:00\" \/>\n<meta name=\"twitter:card\" content=\"summary_large_image\" \/>\n<meta name=\"twitter:label1\" content=\"Tiempo de lectura\" \/>\n\t<meta name=\"twitter:data1\" content=\"57 minutos\" \/>\n<script type=\"application\/ld+json\" class=\"yoast-schema-graph\">{\"@context\":\"https:\\\/\\\/schema.org\",\"@graph\":[{\"@type\":\"WebPage\",\"@id\":\"https:\\\/\\\/idecesos.com\\\/seguros\\\/companias\\\/reale\\\/prima-nivelada\\\/\",\"url\":\"https:\\\/\\\/idecesos.com\\\/seguros\\\/companias\\\/reale\\\/prima-nivelada\\\/\",\"name\":\"Seguro Decesos Reale Prima Nivelada \u25b7 Opiniones y Precio 2026\",\"isPartOf\":{\"@id\":\"https:\\\/\\\/idecesos.com\\\/seguros\\\/#website\"},\"datePublished\":\"2021-10-31T00:00:00+00:00\",\"dateModified\":\"2022-01-03T12:31:18+00:00\",\"description\":\"Click aqu\u00ed \u3010Seguro de Decesos Prima Nivelada Reale\u3011 Mejores precios Reale seguro de fallecidos Prima Nivelada \u2611\ufe0f Actualizado por iDecesos\u00ae\",\"breadcrumb\":{\"@id\":\"https:\\\/\\\/idecesos.com\\\/seguros\\\/companias\\\/reale\\\/prima-nivelada\\\/#breadcrumb\"},\"inLanguage\":\"es\",\"potentialAction\":[{\"@type\":\"ReadAction\",\"target\":[\"https:\\\/\\\/idecesos.com\\\/seguros\\\/companias\\\/reale\\\/prima-nivelada\\\/\"]}]},{\"@type\":\"BreadcrumbList\",\"@id\":\"https:\\\/\\\/idecesos.com\\\/seguros\\\/companias\\\/reale\\\/prima-nivelada\\\/#breadcrumb\",\"itemListElement\":[{\"@type\":\"ListItem\",\"position\":1,\"name\":\"Portada\",\"item\":\"https:\\\/\\\/idecesos.com\\\/seguros\\\/\"},{\"@type\":\"ListItem\",\"position\":2,\"name\":\"Compa\u00f1\u00edas de Seguros de Decesos en Espa\u00f1a\",\"item\":\"https:\\\/\\\/idecesos.com\\\/seguros\\\/companias\\\/\"},{\"@type\":\"ListItem\",\"position\":3,\"name\":\"Seguro de decesos Reale\",\"item\":\"https:\\\/\\\/idecesos.com\\\/seguros\\\/companias\\\/reale\\\/\"},{\"@type\":\"ListItem\",\"position\":4,\"name\":\"Seguro de decesos Reale Prima Nivelada\"}]},{\"@type\":\"WebSite\",\"@id\":\"https:\\\/\\\/idecesos.com\\\/seguros\\\/#website\",\"url\":\"https:\\\/\\\/idecesos.com\\\/seguros\\\/\",\"name\":\"\",\"description\":\"\",\"potentialAction\":[{\"@type\":\"SearchAction\",\"target\":{\"@type\":\"EntryPoint\",\"urlTemplate\":\"https:\\\/\\\/idecesos.com\\\/seguros\\\/?s={search_term_string}\"},\"query-input\":{\"@type\":\"PropertyValueSpecification\",\"valueRequired\":true,\"valueName\":\"search_term_string\"}}],\"inLanguage\":\"es\"}]}<\/script>\n<!-- \/ Yoast SEO plugin. -->","yoast_head_json":{"title":"Seguro Decesos Reale Prima Nivelada \u25b7 Opiniones y Precio 2026","description":"Click aqu\u00ed \u3010Seguro de Decesos Prima Nivelada Reale\u3011 Mejores precios Reale seguro de fallecidos Prima Nivelada \u2611\ufe0f Actualizado por iDecesos\u00ae","robots":{"index":"index","follow":"follow","max-snippet":"max-snippet:-1","max-image-preview":"max-image-preview:large","max-video-preview":"max-video-preview:-1"},"canonical":"https:\/\/idecesos.com\/seguros\/companias\/reale\/prima-nivelada\/","og_locale":"es_ES","og_type":"article","og_title":"Seguro Decesos Reale Prima Nivelada \u25b7 Opiniones y Precio 2026","og_description":"Click aqu\u00ed \u3010Seguro de Decesos Prima Nivelada Reale\u3011 Mejores precios Reale seguro de fallecidos Prima Nivelada \u2611\ufe0f Actualizado por iDecesos\u00ae","og_url":"https:\/\/idecesos.com\/seguros\/companias\/reale\/prima-nivelada\/","article_modified_time":"2022-01-03T12:31:18+00:00","twitter_card":"summary_large_image","twitter_misc":{"Tiempo de lectura":"57 minutos"},"schema":{"@context":"https:\/\/schema.org","@graph":[{"@type":"WebPage","@id":"https:\/\/idecesos.com\/seguros\/companias\/reale\/prima-nivelada\/","url":"https:\/\/idecesos.com\/seguros\/companias\/reale\/prima-nivelada\/","name":"Seguro Decesos Reale Prima Nivelada \u25b7 Opiniones y Precio 2026","isPartOf":{"@id":"https:\/\/idecesos.com\/seguros\/#website"},"datePublished":"2021-10-31T00:00:00+00:00","dateModified":"2022-01-03T12:31:18+00:00","description":"Click aqu\u00ed \u3010Seguro de Decesos Prima Nivelada Reale\u3011 Mejores precios Reale seguro de fallecidos Prima Nivelada \u2611\ufe0f Actualizado por iDecesos\u00ae","breadcrumb":{"@id":"https:\/\/idecesos.com\/seguros\/companias\/reale\/prima-nivelada\/#breadcrumb"},"inLanguage":"es","potentialAction":[{"@type":"ReadAction","target":["https:\/\/idecesos.com\/seguros\/companias\/reale\/prima-nivelada\/"]}]},{"@type":"BreadcrumbList","@id":"https:\/\/idecesos.com\/seguros\/companias\/reale\/prima-nivelada\/#breadcrumb","itemListElement":[{"@type":"ListItem","position":1,"name":"Portada","item":"https:\/\/idecesos.com\/seguros\/"},{"@type":"ListItem","position":2,"name":"Compa\u00f1\u00edas de Seguros de Decesos en Espa\u00f1a","item":"https:\/\/idecesos.com\/seguros\/companias\/"},{"@type":"ListItem","position":3,"name":"Seguro de decesos Reale","item":"https:\/\/idecesos.com\/seguros\/companias\/reale\/"},{"@type":"ListItem","position":4,"name":"Seguro de decesos Reale Prima Nivelada"}]},{"@type":"WebSite","@id":"https:\/\/idecesos.com\/seguros\/#website","url":"https:\/\/idecesos.com\/seguros\/","name":"","description":"","potentialAction":[{"@type":"SearchAction","target":{"@type":"EntryPoint","urlTemplate":"https:\/\/idecesos.com\/seguros\/?s={search_term_string}"},"query-input":{"@type":"PropertyValueSpecification","valueRequired":true,"valueName":"search_term_string"}}],"inLanguage":"es"}]}},"_links":{"self":[{"href":"https:\/\/idecesos.com\/seguros\/wp-json\/wp\/v2\/pages\/11373","targetHints":{"allow":["GET"]}}],"collection":[{"href":"https:\/\/idecesos.com\/seguros\/wp-json\/wp\/v2\/pages"}],"about":[{"href":"https:\/\/idecesos.com\/seguros\/wp-json\/wp\/v2\/types\/page"}],"author":[{"embeddable":true,"href":"https:\/\/idecesos.com\/seguros\/wp-json\/wp\/v2\/users\/3"}],"replies":[{"embeddable":true,"href":"https:\/\/idecesos.com\/seguros\/wp-json\/wp\/v2\/comments?post=11373"}],"version-history":[{"count":1,"href":"https:\/\/idecesos.com\/seguros\/wp-json\/wp\/v2\/pages\/11373\/revisions"}],"predecessor-version":[{"id":12883,"href":"https:\/\/idecesos.com\/seguros\/wp-json\/wp\/v2\/pages\/11373\/revisions\/12883"}],"up":[{"embeddable":true,"href":"https:\/\/idecesos.com\/seguros\/wp-json\/wp\/v2\/pages\/464"}],"wp:attachment":[{"href":"https:\/\/idecesos.com\/seguros\/wp-json\/wp\/v2\/media?parent=11373"}],"curies":[{"name":"wp","href":"https:\/\/api.w.org\/{rel}","templated":true}]}}