{"id":11374,"date":"2021-10-31T00:00:00","date_gmt":"2021-10-31T00:00:00","guid":{"rendered":"https:\/\/idecesos.com\/seguros\/?page_id=11374"},"modified":"2022-01-03T12:31:02","modified_gmt":"2022-01-03T12:31:02","slug":"prima-nivelada","status":"publish","type":"page","link":"https:\/\/idecesos.com\/seguros\/companias\/almudena\/prima-nivelada\/","title":{"rendered":"Seguro de decesos La Almudena Prima Nivelada"},"content":{"rendered":"<div id=\"ez-toc-container\" class=\"ez-toc-v2_0_82_2 ez-toc-wrap-center counter-hierarchy ez-toc-counter ez-toc-custom ez-toc-container-direction\">\n<div class=\"ez-toc-title-container\">\n<p class=\"ez-toc-title\" style=\"cursor:inherit\">Tabla de Contenido<\/p>\n<span class=\"ez-toc-title-toggle\"><a href=\"#\" class=\"ez-toc-pull-right ez-toc-btn ez-toc-btn-xs ez-toc-btn-default ez-toc-toggle\" aria-label=\"Alternar tabla de contenidos\"><span class=\"ez-toc-js-icon-con\"><span class=\"\"><span class=\"eztoc-hide\" style=\"display:none;\">Toggle<\/span><span class=\"ez-toc-icon-toggle-span\"><svg style=\"fill: #db6415;color:#db6415\" xmlns=\"http:\/\/www.w3.org\/2000\/svg\" class=\"list-377408\" width=\"20px\" height=\"20px\" viewBox=\"0 0 24 24\" fill=\"none\"><path d=\"M6 6H4v2h2V6zm14 0H8v2h12V6zM4 11h2v2H4v-2zm16 0H8v2h12v-2zM4 16h2v2H4v-2zm16 0H8v2h12v-2z\" fill=\"currentColor\"><\/path><\/svg><svg style=\"fill: #db6415;color:#db6415\" class=\"arrow-unsorted-368013\" xmlns=\"http:\/\/www.w3.org\/2000\/svg\" width=\"10px\" height=\"10px\" viewBox=\"0 0 24 24\" version=\"1.2\" baseProfile=\"tiny\"><path d=\"M18.2 9.3l-6.2-6.3-6.2 6.3c-.2.2-.3.4-.3.7s.1.5.3.7c.2.2.4.3.7.3h11c.3 0 .5-.1.7-.3.2-.2.3-.5.3-.7s-.1-.5-.3-.7zM5.8 14.7l6.2 6.3 6.2-6.3c.2-.2.3-.5.3-.7s-.1-.5-.3-.7c-.2-.2-.4-.3-.7-.3h-11c-.3 0-.5.1-.7.3-.2.2-.3.5-.3.7s.1.5.3.7z\"\/><\/svg><\/span><\/span><\/span><\/a><\/span><\/div>\n<nav><ul class='ez-toc-list ez-toc-list-level-1 ' ><li class='ez-toc-page-1 ez-toc-heading-level-2'><a class=\"ez-toc-link ez-toc-heading-1\" href=\"https:\/\/idecesos.com\/seguros\/companias\/almudena\/prima-nivelada\/#Coberturas_seguro_Prima_Nivelada_La_Almudena\" >Coberturas seguro Prima Nivelada La Almudena<\/a><ul class='ez-toc-list-level-3' ><li class='ez-toc-heading-level-3'><a class=\"ez-toc-link ez-toc-heading-2\" href=\"https:\/\/idecesos.com\/seguros\/companias\/almudena\/prima-nivelada\/#%C2%BFA_quien_va_dirigido_el_seguro_de_decesos_Prima_Nivelada_de_La_Almudena\" >\u00bfA qui\u00e9n va dirigido el seguro de decesos Prima Nivelada de La Almudena?<\/a><\/li><\/ul><\/li><li class='ez-toc-page-1 ez-toc-heading-level-2'><a class=\"ez-toc-link ez-toc-heading-3\" href=\"https:\/\/idecesos.com\/seguros\/companias\/almudena\/prima-nivelada\/#Precio_de_seguro_de_decesos_Prima_Nivelada_La_Almudena\" >Precio de seguro de decesos Prima Nivelada La Almudena<\/a><\/li><li class='ez-toc-page-1 ez-toc-heading-level-2'><a class=\"ez-toc-link ez-toc-heading-4\" href=\"https:\/\/idecesos.com\/seguros\/companias\/almudena\/prima-nivelada\/#Productos_Prima_Nivelada_La_Almudena\" >Productos Prima Nivelada La Almudena<\/a><\/li><li class='ez-toc-page-1 ez-toc-heading-level-2'><a class=\"ez-toc-link ez-toc-heading-5\" href=\"https:\/\/idecesos.com\/seguros\/companias\/almudena\/prima-nivelada\/#Opiniones_del_seguro_de_decesos_de_Prima_Nivelada_de_La_Almudena\" >Opiniones del seguro de decesos de Prima Nivelada de La Almudena<\/a><ul class='ez-toc-list-level-3' ><li class='ez-toc-heading-level-3'><a class=\"ez-toc-link ez-toc-heading-6\" href=\"https:\/\/idecesos.com\/seguros\/companias\/almudena\/prima-nivelada\/#Paginas_relacionadas\" >P\u00e1ginas relacionadas<\/a><\/li><\/ul><\/li><\/ul><\/nav><\/div>\n\n<p>Dentro de los seguros que est\u00e1s buscando deseas que se encuentre una prima continuada de la que no contempla variaciones a largo del tiempo por lo que el seguro de prima nivelada La Almudena es la m\u00e1s atinada. Con el seguro de prima nivelada La Almudena quedar\u00e1 de forma autom\u00e1tica la tasa de la p\u00f3liza de acuerdo a la edad contratada y quedar\u00e1 de forma regulada en el momento que se agreguen ciertos gastos que tengan que ver con el servicio mortuorio. <\/p>\n<p>Leer m\u00e1s: <a href=\"https:\/\/idecesos.com\/seguros\/tipo\/nivelada\/\">Seguro de decesos Prima Nivelada<\/a><\/p>\n<div class=\"colorf \"  ><div class=\"container clearfix\"><div class=\"col-md-7\"><\/p>\n<h2><span class=\"ez-toc-section\" id=\"Coberturas_seguro_Prima_Nivelada_La_Almudena\"><\/span>Coberturas seguro Prima Nivelada La Almudena<span class=\"ez-toc-section-end\"><\/span><\/h2>\n<p>La mayor parte de los clientes del servicio opta por el seguro l\u00fagubre La Almudena ya que da la confianza y controla una de los mejores servicios de la p\u00f3liza de seguro. La Almudena se han transformado en los l\u00edderes del mercado por dar un servicio de calidad y ser expertos en el \u00e1mbito.<br \/>\nEl asegurado tendr\u00e1 libre elecci\u00f3n de sepelio o incineraci\u00f3n, se encargaran de las gestiones administrativas de forma legal y que todo se realice una vez que muere el adjudicatario. Cuando ocurra esa situaci\u00f3n, las gestiones pertinentes sobre el fallecido ser\u00e1 lo que hayan escogido los familiares ya sea por costumbres o etnias. En relaci\u00f3n al presupuesto se adaptara de la manera m\u00e1s correcta y dentro de las medidas oportunas de servicios del fondo de seguros. Es una herramienta esencial contar con un comparador de seguros en iDecesos vas a tener todas las coberturas a su alcance del seguro funerario m\u00e1s selecto a nivel La Almudena se destaca pues contempla las diferentes opciones que vas a poder consultar toda la informaci\u00f3n que precises de cada producto. Cada documento debe contener informaci\u00f3n, donde vayan las condiciones explicadas como las que no ir\u00e1n incluidas. <\/p>\n<p><\/div><\/div><\/div>\n<h3><span class=\"ez-toc-section\" id=\"%C2%BFA_quien_va_dirigido_el_seguro_de_decesos_Prima_Nivelada_de_La_Almudena\"><\/span>\u00bfA qui\u00e9n va dirigido el seguro de decesos Prima Nivelada de La Almudena?<span class=\"ez-toc-section-end\"><\/span><\/h3>\n<p>\u00bfQu\u00e9 prima se adapta a nivel econ\u00f3mico a cualquier clase de circunstancias? En este caso el seguro de prima nivelada La Almudena es perfecta en tanto que se ajusta a las necesidades de cada uno de sus clientes del servicio. M\u00e1s del 85 por cien de las personas que han adquirido esta p\u00f3liza son de edad avanzada debido que quieren que su prima se realice constantemente y no aumente. En La Almudena la creaci\u00f3n de esta modalidad es una de las que m\u00e1s optan diferentes personas teniendo en cuenta que est\u00e1 apreciad\u00edsimo por sus clientes. <\/p>\n<div class=\"colorf \"  ><div class=\"container clearfix\"><div class=\"col-md-7\"><\/p>\n<h2><span class=\"ez-toc-section\" id=\"Precio_de_seguro_de_decesos_Prima_Nivelada_La_Almudena\"><\/span>Precio de seguro de decesos Prima Nivelada La Almudena<span class=\"ez-toc-section-end\"><\/span><\/h2>\n<p>La prima nivelada de La Almudena se estima que es desde 5,10\u20ac. Dependiendo de las distintas caracter\u00edsticas como es el caso de la edad de la cual siempre y en toda circunstancia ser\u00e1 continua. Las comparativas de iDecesos que contiene todos y cada uno de los datos son comprensibles con lo que lo entender\u00e1s al momento, evitando cualquier registro o a percibir informaci\u00f3n innecesaria, m\u00e1s polivalente, m\u00e1s r\u00e1pido. <\/p>\n<p><\/div><\/div><\/div>\n<h2><span class=\"ez-toc-section\" id=\"Productos_Prima_Nivelada_La_Almudena\"><\/span>Productos Prima Nivelada La Almudena<span class=\"ez-toc-section-end\"><\/span><\/h2>\n<div class=\"colorf\"><div class=\"container clearfix\"><div class=\"col-md-7\"><div class=\"opiniones\">\n<h2><span class=\"ez-toc-section\" id=\"Opiniones_del_seguro_de_decesos_de_Prima_Nivelada_de_La_Almudena\"><\/span>Opiniones del seguro de decesos de Prima Nivelada de La Almudena<span class=\"ez-toc-section-end\"><\/span><\/h2>\n<p>En La Almudena que contiene el seguro de prima nivelada, dentro de iDecesos ha destacado por tener de las mejores opiniones de esta compa\u00f1\u00eda. Est\u00e1 determinado por un pormenorizado an\u00e1lisis que se lleva a cabo en profundidad, obteniendo datos de las dem\u00e1s aseguradoras que tambi\u00e9n ofrecen prima nivelada. <\/p>\n<div class=\"opinion \"  >\n\t\t\t<div class=\"cabecera_opinion\">\n\t\t\t\t<div class=\"avatar\">F S <\/div>\n\t\t\t\t<div class=\"datos_opinion\">\n\t\t\t\t\t<div class=\"nombre_opinion\">Felipe Salgado<\/div>\n\t\t\t\t\t<div class=\"info_opinion\">\t\t\t\t\t\t\n\t\t\t\t\t\t<div class=\"cuenta_opinion\"><i class=\"fas fa-pencil-alt\"><\/i><!--span class=\"dashicons dashicons-edit\" style=\"font-size:20px\"><\/span--><span>1 Opini\u00f3n<\/span><\/div>\t\t\t\t\t\t\n\t\t\t\t\t\t<div class=\"localizacion_opinion\">\n\t\t\t\t\t\t\t<i class=\"fas fa-map-marker-alt\"><\/i><!--span class=\"dashicons dashicons-location\" style=\"font-size:20px\"><\/span-->\n\t\t\t\t\t\t\t<span>ES<\/span>\n\t\t\t\t\t\t<\/div>\t\n\t\t\t\t\t<\/div>\n\t\t\t\t<\/div>\n\t\t\t<\/div><div class=\"texto_opinion\"><\/p>\n<p>No ten\u00eda clar\u00edsimo si esta p\u00f3liza era la adecuada para mi, por lo que acudi a una de sus oficinas, donde me atendieron personalizadamente resolviendo todas mis cuestiones a este respecto, qued\u00e9 muy contento me lo explicaron detalladamente, con lo que realice la contrataci\u00f3n en tanto que se amolda perfectamente a mi necesidades y a m\u00ed circunstancias. Adem\u00e1s de esto cuentan con muchas soluciones en el instante de que ocurra alg\u00fan inconveniente. Lo que resulta esencial tomarlo en cuenta. <\/p>\n<p><\/div><\/div>\n<div class=\"opinion \"  >\n\t\t\t<div class=\"cabecera_opinion\">\n\t\t\t\t<div class=\"avatar\">F J <\/div>\n\t\t\t\t<div class=\"datos_opinion\">\n\t\t\t\t\t<div class=\"nombre_opinion\">Francisco Jose<\/div>\n\t\t\t\t\t<div class=\"info_opinion\">\t\t\t\t\t\t\n\t\t\t\t\t\t<div class=\"cuenta_opinion\"><i class=\"fas fa-pencil-alt\"><\/i><!--span class=\"dashicons dashicons-edit\" style=\"font-size:20px\"><\/span--><span>1 Opini\u00f3n<\/span><\/div>\t\t\t\t\t\t\n\t\t\t\t\t\t<div class=\"localizacion_opinion\">\n\t\t\t\t\t\t\t<i class=\"fas fa-map-marker-alt\"><\/i><!--span class=\"dashicons dashicons-location\" style=\"font-size:20px\"><\/span-->\n\t\t\t\t\t\t\t<span>ES<\/span>\n\t\t\t\t\t\t<\/div>\t\n\t\t\t\t\t<\/div>\n\t\t\t\t<\/div>\n\t\t\t<\/div><div class=\"texto_opinion\"><\/p>\n<p>Mi experiencia con La Almudena ha sido muy buena, me han brindado un servicio de calidad de 10, con ellos obtuve el seguro de prima nivelada, por lo que cont\u00e9 con una tarifa muy adaptada, siempre y en toda circunstancia lo aconsejo cuando me lo preguntan. <\/p>\n<p><\/div><\/div>\n<div class=\"opinion \"  >\n\t\t\t<div class=\"cabecera_opinion\">\n\t\t\t\t<div class=\"avatar\">A G <\/div>\n\t\t\t\t<div class=\"datos_opinion\">\n\t\t\t\t\t<div class=\"nombre_opinion\">Am\u00e9rico Gelabert<\/div>\n\t\t\t\t\t<div class=\"info_opinion\">\t\t\t\t\t\t\n\t\t\t\t\t\t<div class=\"cuenta_opinion\"><i class=\"fas fa-pencil-alt\"><\/i><!--span class=\"dashicons dashicons-edit\" style=\"font-size:20px\"><\/span--><span>1 Opini\u00f3n<\/span><\/div>\t\t\t\t\t\t\n\t\t\t\t\t\t<div class=\"localizacion_opinion\">\n\t\t\t\t\t\t\t<i class=\"fas fa-map-marker-alt\"><\/i><!--span class=\"dashicons dashicons-location\" style=\"font-size:20px\"><\/span-->\n\t\t\t\t\t\t\t<span>ES<\/span>\n\t\t\t\t\t\t<\/div>\t\n\t\t\t\t\t<\/div>\n\t\t\t\t<\/div>\n\t\t\t<\/div><div class=\"texto_opinion\"><\/p>\n<p>No ten\u00eda muy claro si esta p\u00f3liza era la adecuada para mi, por lo que acudi a una de sus oficinas, donde me atendieron personalizadamente resolviendo todas y cada una mis cuestiones al respecto, qued\u00e9 content\u00edsimo me lo explicaron detalladamente, por lo que realice la contrataci\u00f3n puesto que se adapta de manera perfecta a mi necesidades y a m\u00ed circunstancias. Adem\u00e1s de esto cuentan con muchas soluciones en el momento de que ocurra alg\u00fan problema. Lo que resulta importante tomarlo en cuenta. <\/p>\n<p><\/div><\/div>\n<\/div><\/div><\/div><\/div>\n<p><div class=\"oficinas\"><br \/>\n<h3><span class=\"ez-toc-section\" id=\"Paginas_relacionadas\"><\/span>P\u00e1ginas relacionadas<span class=\"ez-toc-section-end\"><\/span><\/h3><div class=\"enlazado\"><ul> <li><a href=\"https:\/\/idecesos.com\/seguros\/companias\/almudena\/opiniones\/\">Opiniones Almudena<\/a><\/li> <li><a href=\"https:\/\/idecesos.com\/seguros\/companias\/almudena\/precio\/\">Precio seguro La Almudena<\/a><\/li> <li><a href=\"https:\/\/idecesos.com\/seguros\/companias\/almudena\/prima-mixta\/\">La Almudena Prima Mixta<\/a><\/li> <li><a href=\"https:\/\/idecesos.com\/seguros\/companias\/almudena\/prima-natural\/\">La Almudena Prima Natural<\/a><\/li> <li><a href=\"https:\/\/idecesos.com\/seguros\/companias\/almudena\/prima-nivelada\/\">La Almudena Prima Nivelada<\/a><\/li> <li><a href=\"https:\/\/idecesos.com\/seguros\/companias\/almudena\/prima-unica\/\">La Almudena Prima \u00danica<\/a><\/li> <li><a href=\"https:\/\/idecesos.com\/seguros\/companias\/almudena\/repatriacion\/\">La Almudena Repatriaci\u00f3n<\/a><\/li> <li><a href=\"https:\/\/idecesos.com\/seguros\/companias\/almudena\/telefono\/\">Tel\u00e9fono Gratuito La Almudena<\/a><\/li><\/ul><\/div><\/p>\n<\/div>\n","protected":false},"excerpt":{"rendered":"<p>Dentro de los seguros que est\u00e1s buscando deseas que se encuentre una prima continuada de la que no contempla variaciones a largo del tiempo por lo que el seguro de prima nivelada La Almudena es la m\u00e1s atinada. Con el seguro de prima nivelada La Almudena quedar\u00e1 de forma autom\u00e1tica la tasa de la p\u00f3liza&hellip; <\/p>\n","protected":false},"author":3,"featured_media":0,"parent":472,"menu_order":0,"comment_status":"closed","ping_status":"closed","template":"single.php","meta":{"footnotes":""},"class_list":["post-11374","page","type-page","status-publish","hentry"],"yoast_head":"<!-- This site is optimized with the Yoast SEO plugin v27.3 - https:\/\/yoast.com\/product\/yoast-seo-wordpress\/ -->\n<title>Seguro Decesos La Almudena Prima Nivelada \u25b7 Opiniones y Precio 2026<\/title>\n<meta name=\"description\" content=\"Click aqu\u00ed \u3010Seguro de Decesos Prima Nivelada La Almudena\u3011 Mejores precios La Almudena seguro de fallecidos Prima Nivelada \u2611\ufe0f Actualizado por iDecesos\u00ae\" \/>\n<meta name=\"robots\" content=\"index, follow, max-snippet:-1, max-image-preview:large, max-video-preview:-1\" \/>\n<link rel=\"canonical\" href=\"https:\/\/idecesos.com\/seguros\/companias\/almudena\/prima-nivelada\/\" \/>\n<meta property=\"og:locale\" content=\"es_ES\" \/>\n<meta property=\"og:type\" content=\"article\" \/>\n<meta property=\"og:title\" content=\"Seguro Decesos La Almudena Prima Nivelada \u25b7 Opiniones y Precio 2026\" \/>\n<meta property=\"og:description\" content=\"Click aqu\u00ed \u3010Seguro de Decesos Prima Nivelada La Almudena\u3011 Mejores precios La Almudena seguro de fallecidos Prima Nivelada \u2611\ufe0f Actualizado por iDecesos\u00ae\" \/>\n<meta property=\"og:url\" content=\"https:\/\/idecesos.com\/seguros\/companias\/almudena\/prima-nivelada\/\" \/>\n<meta property=\"article:modified_time\" content=\"2022-01-03T12:31:02+00:00\" \/>\n<meta name=\"twitter:card\" content=\"summary_large_image\" \/>\n<meta name=\"twitter:label1\" content=\"Tiempo de lectura\" \/>\n\t<meta name=\"twitter:data1\" content=\"57 minutos\" \/>\n<script type=\"application\/ld+json\" class=\"yoast-schema-graph\">{\"@context\":\"https:\\\/\\\/schema.org\",\"@graph\":[{\"@type\":\"WebPage\",\"@id\":\"https:\\\/\\\/idecesos.com\\\/seguros\\\/companias\\\/almudena\\\/prima-nivelada\\\/\",\"url\":\"https:\\\/\\\/idecesos.com\\\/seguros\\\/companias\\\/almudena\\\/prima-nivelada\\\/\",\"name\":\"Seguro Decesos La Almudena Prima Nivelada \u25b7 Opiniones y Precio 2026\",\"isPartOf\":{\"@id\":\"https:\\\/\\\/idecesos.com\\\/seguros\\\/#website\"},\"datePublished\":\"2021-10-31T00:00:00+00:00\",\"dateModified\":\"2022-01-03T12:31:02+00:00\",\"description\":\"Click aqu\u00ed \u3010Seguro de Decesos Prima Nivelada La Almudena\u3011 Mejores precios La Almudena seguro de fallecidos Prima Nivelada \u2611\ufe0f Actualizado por iDecesos\u00ae\",\"breadcrumb\":{\"@id\":\"https:\\\/\\\/idecesos.com\\\/seguros\\\/companias\\\/almudena\\\/prima-nivelada\\\/#breadcrumb\"},\"inLanguage\":\"es\",\"potentialAction\":[{\"@type\":\"ReadAction\",\"target\":[\"https:\\\/\\\/idecesos.com\\\/seguros\\\/companias\\\/almudena\\\/prima-nivelada\\\/\"]}]},{\"@type\":\"BreadcrumbList\",\"@id\":\"https:\\\/\\\/idecesos.com\\\/seguros\\\/companias\\\/almudena\\\/prima-nivelada\\\/#breadcrumb\",\"itemListElement\":[{\"@type\":\"ListItem\",\"position\":1,\"name\":\"Portada\",\"item\":\"https:\\\/\\\/idecesos.com\\\/seguros\\\/\"},{\"@type\":\"ListItem\",\"position\":2,\"name\":\"Compa\u00f1\u00edas de Seguros de Decesos en Espa\u00f1a\",\"item\":\"https:\\\/\\\/idecesos.com\\\/seguros\\\/companias\\\/\"},{\"@type\":\"ListItem\",\"position\":3,\"name\":\"Seguro de Decesos La Almudena\",\"item\":\"https:\\\/\\\/idecesos.com\\\/seguros\\\/companias\\\/almudena\\\/\"},{\"@type\":\"ListItem\",\"position\":4,\"name\":\"Seguro de decesos La Almudena Prima Nivelada\"}]},{\"@type\":\"WebSite\",\"@id\":\"https:\\\/\\\/idecesos.com\\\/seguros\\\/#website\",\"url\":\"https:\\\/\\\/idecesos.com\\\/seguros\\\/\",\"name\":\"\",\"description\":\"\",\"potentialAction\":[{\"@type\":\"SearchAction\",\"target\":{\"@type\":\"EntryPoint\",\"urlTemplate\":\"https:\\\/\\\/idecesos.com\\\/seguros\\\/?s={search_term_string}\"},\"query-input\":{\"@type\":\"PropertyValueSpecification\",\"valueRequired\":true,\"valueName\":\"search_term_string\"}}],\"inLanguage\":\"es\"}]}<\/script>\n<!-- \/ Yoast SEO plugin. -->","yoast_head_json":{"title":"Seguro Decesos La Almudena Prima Nivelada \u25b7 Opiniones y Precio 2026","description":"Click aqu\u00ed \u3010Seguro de Decesos Prima Nivelada La Almudena\u3011 Mejores precios La Almudena seguro de fallecidos Prima Nivelada \u2611\ufe0f Actualizado por iDecesos\u00ae","robots":{"index":"index","follow":"follow","max-snippet":"max-snippet:-1","max-image-preview":"max-image-preview:large","max-video-preview":"max-video-preview:-1"},"canonical":"https:\/\/idecesos.com\/seguros\/companias\/almudena\/prima-nivelada\/","og_locale":"es_ES","og_type":"article","og_title":"Seguro Decesos La Almudena Prima Nivelada \u25b7 Opiniones y Precio 2026","og_description":"Click aqu\u00ed \u3010Seguro de Decesos Prima Nivelada La Almudena\u3011 Mejores precios La Almudena seguro de fallecidos Prima Nivelada \u2611\ufe0f Actualizado por iDecesos\u00ae","og_url":"https:\/\/idecesos.com\/seguros\/companias\/almudena\/prima-nivelada\/","article_modified_time":"2022-01-03T12:31:02+00:00","twitter_card":"summary_large_image","twitter_misc":{"Tiempo de lectura":"57 minutos"},"schema":{"@context":"https:\/\/schema.org","@graph":[{"@type":"WebPage","@id":"https:\/\/idecesos.com\/seguros\/companias\/almudena\/prima-nivelada\/","url":"https:\/\/idecesos.com\/seguros\/companias\/almudena\/prima-nivelada\/","name":"Seguro Decesos La Almudena Prima Nivelada \u25b7 Opiniones y Precio 2026","isPartOf":{"@id":"https:\/\/idecesos.com\/seguros\/#website"},"datePublished":"2021-10-31T00:00:00+00:00","dateModified":"2022-01-03T12:31:02+00:00","description":"Click aqu\u00ed \u3010Seguro de Decesos Prima Nivelada La Almudena\u3011 Mejores precios La Almudena seguro de fallecidos Prima Nivelada \u2611\ufe0f Actualizado por iDecesos\u00ae","breadcrumb":{"@id":"https:\/\/idecesos.com\/seguros\/companias\/almudena\/prima-nivelada\/#breadcrumb"},"inLanguage":"es","potentialAction":[{"@type":"ReadAction","target":["https:\/\/idecesos.com\/seguros\/companias\/almudena\/prima-nivelada\/"]}]},{"@type":"BreadcrumbList","@id":"https:\/\/idecesos.com\/seguros\/companias\/almudena\/prima-nivelada\/#breadcrumb","itemListElement":[{"@type":"ListItem","position":1,"name":"Portada","item":"https:\/\/idecesos.com\/seguros\/"},{"@type":"ListItem","position":2,"name":"Compa\u00f1\u00edas de Seguros de Decesos en Espa\u00f1a","item":"https:\/\/idecesos.com\/seguros\/companias\/"},{"@type":"ListItem","position":3,"name":"Seguro de Decesos La Almudena","item":"https:\/\/idecesos.com\/seguros\/companias\/almudena\/"},{"@type":"ListItem","position":4,"name":"Seguro de decesos La Almudena Prima Nivelada"}]},{"@type":"WebSite","@id":"https:\/\/idecesos.com\/seguros\/#website","url":"https:\/\/idecesos.com\/seguros\/","name":"","description":"","potentialAction":[{"@type":"SearchAction","target":{"@type":"EntryPoint","urlTemplate":"https:\/\/idecesos.com\/seguros\/?s={search_term_string}"},"query-input":{"@type":"PropertyValueSpecification","valueRequired":true,"valueName":"search_term_string"}}],"inLanguage":"es"}]}},"_links":{"self":[{"href":"https:\/\/idecesos.com\/seguros\/wp-json\/wp\/v2\/pages\/11374","targetHints":{"allow":["GET"]}}],"collection":[{"href":"https:\/\/idecesos.com\/seguros\/wp-json\/wp\/v2\/pages"}],"about":[{"href":"https:\/\/idecesos.com\/seguros\/wp-json\/wp\/v2\/types\/page"}],"author":[{"embeddable":true,"href":"https:\/\/idecesos.com\/seguros\/wp-json\/wp\/v2\/users\/3"}],"replies":[{"embeddable":true,"href":"https:\/\/idecesos.com\/seguros\/wp-json\/wp\/v2\/comments?post=11374"}],"version-history":[{"count":1,"href":"https:\/\/idecesos.com\/seguros\/wp-json\/wp\/v2\/pages\/11374\/revisions"}],"predecessor-version":[{"id":12884,"href":"https:\/\/idecesos.com\/seguros\/wp-json\/wp\/v2\/pages\/11374\/revisions\/12884"}],"up":[{"embeddable":true,"href":"https:\/\/idecesos.com\/seguros\/wp-json\/wp\/v2\/pages\/472"}],"wp:attachment":[{"href":"https:\/\/idecesos.com\/seguros\/wp-json\/wp\/v2\/media?parent=11374"}],"curies":[{"name":"wp","href":"https:\/\/api.w.org\/{rel}","templated":true}]}}