{"id":11394,"date":"2021-11-01T00:00:00","date_gmt":"2021-11-01T00:00:00","guid":{"rendered":"https:\/\/idecesos.com\/seguros\/?page_id=11394"},"modified":"2022-01-03T12:31:48","modified_gmt":"2022-01-03T12:31:48","slug":"prima-natural","status":"publish","type":"page","link":"https:\/\/idecesos.com\/seguros\/companias\/banco-triodos-bank\/prima-natural\/","title":{"rendered":"Seguro de decesos Triodos Bank Prima Natural"},"content":{"rendered":"<div id=\"ez-toc-container\" class=\"ez-toc-v2_0_82_2 ez-toc-wrap-center counter-hierarchy ez-toc-counter ez-toc-custom ez-toc-container-direction\">\n<div class=\"ez-toc-title-container\">\n<p class=\"ez-toc-title\" style=\"cursor:inherit\">Tabla de Contenido<\/p>\n<span class=\"ez-toc-title-toggle\"><a href=\"#\" class=\"ez-toc-pull-right ez-toc-btn ez-toc-btn-xs ez-toc-btn-default ez-toc-toggle\" aria-label=\"Alternar tabla de contenidos\"><span class=\"ez-toc-js-icon-con\"><span class=\"\"><span class=\"eztoc-hide\" style=\"display:none;\">Toggle<\/span><span class=\"ez-toc-icon-toggle-span\"><svg style=\"fill: #db6415;color:#db6415\" xmlns=\"http:\/\/www.w3.org\/2000\/svg\" class=\"list-377408\" width=\"20px\" height=\"20px\" viewBox=\"0 0 24 24\" fill=\"none\"><path d=\"M6 6H4v2h2V6zm14 0H8v2h12V6zM4 11h2v2H4v-2zm16 0H8v2h12v-2zM4 16h2v2H4v-2zm16 0H8v2h12v-2z\" fill=\"currentColor\"><\/path><\/svg><svg style=\"fill: #db6415;color:#db6415\" class=\"arrow-unsorted-368013\" xmlns=\"http:\/\/www.w3.org\/2000\/svg\" width=\"10px\" height=\"10px\" viewBox=\"0 0 24 24\" version=\"1.2\" baseProfile=\"tiny\"><path d=\"M18.2 9.3l-6.2-6.3-6.2 6.3c-.2.2-.3.4-.3.7s.1.5.3.7c.2.2.4.3.7.3h11c.3 0 .5-.1.7-.3.2-.2.3-.5.3-.7s-.1-.5-.3-.7zM5.8 14.7l6.2 6.3 6.2-6.3c.2-.2.3-.5.3-.7s-.1-.5-.3-.7c-.2-.2-.4-.3-.7-.3h-11c-.3 0-.5.1-.7.3-.2.2-.3.5-.3.7s.1.5.3.7z\"\/><\/svg><\/span><\/span><\/span><\/a><\/span><\/div>\n<nav><ul class='ez-toc-list ez-toc-list-level-1 ' ><li class='ez-toc-page-1 ez-toc-heading-level-2'><a class=\"ez-toc-link ez-toc-heading-1\" href=\"https:\/\/idecesos.com\/seguros\/companias\/banco-triodos-bank\/prima-natural\/#Coberturas_seguro_Prima_Natural_Triodos_Bank\" >Coberturas seguro Prima Natural Triodos Bank<\/a><ul class='ez-toc-list-level-3' ><li class='ez-toc-heading-level-3'><a class=\"ez-toc-link ez-toc-heading-2\" href=\"https:\/\/idecesos.com\/seguros\/companias\/banco-triodos-bank\/prima-natural\/#%C2%BFA_quien_va_dirigido_el_seguro_de_decesos_Prima_Natural_de_Triodos_Bank\" >\u00bfA qui\u00e9n va dirigido el seguro de decesos Prima Natural de Triodos Bank?<\/a><\/li><\/ul><\/li><li class='ez-toc-page-1 ez-toc-heading-level-2'><a class=\"ez-toc-link ez-toc-heading-3\" href=\"https:\/\/idecesos.com\/seguros\/companias\/banco-triodos-bank\/prima-natural\/#Precio_de_seguro_de_decesos_Prima_Natural_Triodos_Bank\" >Precio de seguro de decesos Prima Natural Triodos Bank<\/a><\/li><li class='ez-toc-page-1 ez-toc-heading-level-2'><a class=\"ez-toc-link ez-toc-heading-4\" href=\"https:\/\/idecesos.com\/seguros\/companias\/banco-triodos-bank\/prima-natural\/#Productos_Prima_Natural_Triodos_Bank\" >Productos Prima Natural Triodos Bank<\/a><\/li><li class='ez-toc-page-1 ez-toc-heading-level-2'><a class=\"ez-toc-link ez-toc-heading-5\" href=\"https:\/\/idecesos.com\/seguros\/companias\/banco-triodos-bank\/prima-natural\/#Opiniones_del_seguro_de_decesos_de_Prima_Natural_de_Triodos_Bank\" >Opiniones del seguro de decesos de Prima Natural de Triodos Bank<\/a><ul class='ez-toc-list-level-3' ><li class='ez-toc-heading-level-3'><a class=\"ez-toc-link ez-toc-heading-6\" href=\"https:\/\/idecesos.com\/seguros\/companias\/banco-triodos-bank\/prima-natural\/#Paginas_relacionadas\" >P\u00e1ginas relacionadas<\/a><\/li><\/ul><\/li><\/ul><\/nav><\/div>\n\n<p>\u00bfMucho de vosotros os preguntareis qu\u00e9 g\u00e9nero de seguro es? puesto que explicado es un seguro de decesos de prima natural de Triodos Bank . Responderemos a estas cuestiones de forma simplificada. Una de las principales peculiaridades de prima natural de Triodos Bank es debido que la prima aumenta dependiendo de la edad del asegurado en tanto que podr\u00eda haber mayor peligro de finar. Tras el an\u00e1lisis que se ha llevado a cabo el resultado es que la esperanza de vida es reducida. Tambi\u00e9n, el precio tambi\u00e9n va asociado al incremento del valor de los servicios funerarios asociados en todos y cada localidad, y acostumbran a cambiar. En Triodos Bank el seguro de prima natural es el m\u00e1s atractivo entre todos con lo que se paga por su prima. <\/p>\n<p>Leer m\u00e1s: <a href=\"https:\/\/idecesos.com\/seguros\/tipo\/natural\/\">Seguro de decesos Prima Natural<\/a><\/p>\n<div class=\"colorf \"  ><div class=\"container clearfix\"><div class=\"col-md-7\"><\/p>\n<h2><span class=\"ez-toc-section\" id=\"Coberturas_seguro_Prima_Natural_Triodos_Bank\"><\/span>Coberturas seguro Prima Natural Triodos Bank<span class=\"ez-toc-section-end\"><\/span><\/h2>\n<p>Dentro de las diferentes cuestiones que han realizado la m\u00e1s habitual es las coberturas del seguro de decesos de prima natural de Triodos Bank en tanto que el m\u00e1s econ\u00f3mico. Triodos Bank con el seguro de prima natural, se encargan de dar tranquilidad a sus clientes del servicio, respecto a las coberturas que contiene al completo, el servicio de sepelio es uno de los servicios que queda completamente cubierto as\u00ed como cualquier tr\u00e1mite legal pertinente. El seguro de prima natural de Triodos Bank cuenta con la cobertura en las gestiones es como son el desplazamiento, todo cuanto vaya a precisar en ese instante, desde flores , urna o incineraci\u00f3n como las tramitaciones legales oportunas. Cuando se hablado de las coberturas que contiene cada uno de ellos, en Triodos Bank con el seguro de prima natural contiene unas coberturas extras de las cul\u00e9s van a poder hacer uso durante la permanencia en Triodos Bank. Se adaptar\u00e1 a ti que no hallar\u00e1s otro como Triodos Bank. <\/p>\n<p><\/div><\/div><\/div>\n<h3><span class=\"ez-toc-section\" id=\"%C2%BFA_quien_va_dirigido_el_seguro_de_decesos_Prima_Natural_de_Triodos_Bank\"><\/span>\u00bfA qui\u00e9n va dirigido el seguro de decesos Prima Natural de Triodos Bank?<span class=\"ez-toc-section-end\"><\/span><\/h3>\n<p>La ventaja de efectuar la contrataci\u00f3n de la p\u00f3liza de una edad joven con Triodos Bank seguro de prima natural es su bajo coste a lo largo del fallecimiento en el caso de alg\u00fan accidente inesperado. No obstante, este seguro de prima natural de Triodos Bank tiene un inconveniente muy a tomar en consideraci\u00f3n, que es el crecimiento de la prima a vencimiento anual. Por tanto, el tomador de la p\u00f3liza de Triodos Bank ha de ser responsable de inspeccionar que la subida que viene anualmente no es desmedida y si es el en el caso de que si, llamar a iDecesos a fin de que le cambie la modalidad de natural para contener esa subida. En consecuencia, esta prima natural de Triodos Bank es muy golosa cuando todos los protagonistas de la p\u00f3liza tienen pocos a\u00f1os. <\/p>\n<div class=\"colorf \"  ><div class=\"container clearfix\"><div class=\"col-md-7\"><\/p>\n<h2><span class=\"ez-toc-section\" id=\"Precio_de_seguro_de_decesos_Prima_Natural_Triodos_Bank\"><\/span>Precio de seguro de decesos Prima Natural Triodos Bank<span class=\"ez-toc-section-end\"><\/span><\/h2>\n<p>Triodos Bank seguro de prima natural cuenta con un coste que es desde 2,10 euros cada asegurado. Se ha conseguido este precio eligiendo como factores la edad joven de un asegurado el lugar donde resida y se celebre el servicio mortuorio m\u00e1s econ\u00f3mico. Tu mejor aliado en comparaci\u00f3n es iDecesos, efect\u00faa las comparaciones en referencia al seguro de prima natural de Triodos Bank y obtendr\u00e1s los mejores resultados sin perder el tiempo. <\/p>\n<p><\/div><\/div><\/div>\n<h2><span class=\"ez-toc-section\" id=\"Productos_Prima_Natural_Triodos_Bank\"><\/span>Productos Prima Natural Triodos Bank<span class=\"ez-toc-section-end\"><\/span><\/h2>\n<div class=\"colorf\"><div class=\"container clearfix\"><div class=\"col-md-7\"><div class=\"opiniones\">\n<h2><span class=\"ez-toc-section\" id=\"Opiniones_del_seguro_de_decesos_de_Prima_Natural_de_Triodos_Bank\"><\/span>Opiniones del seguro de decesos de Prima Natural de Triodos Bank<span class=\"ez-toc-section-end\"><\/span><\/h2>\n<div class=\"opinion \"  >\n\t\t\t<div class=\"cabecera_opinion\">\n\t\t\t\t<div class=\"avatar\">M L <\/div>\n\t\t\t\t<div class=\"datos_opinion\">\n\t\t\t\t\t<div class=\"nombre_opinion\">Marita Lucena<\/div>\n\t\t\t\t\t<div class=\"info_opinion\">\t\t\t\t\t\t\n\t\t\t\t\t\t<div class=\"cuenta_opinion\"><i class=\"fas fa-pencil-alt\"><\/i><!--span class=\"dashicons dashicons-edit\" style=\"font-size:20px\"><\/span--><span>1 Opini\u00f3n<\/span><\/div>\t\t\t\t\t\t\n\t\t\t\t\t\t<div class=\"localizacion_opinion\">\n\t\t\t\t\t\t\t<i class=\"fas fa-map-marker-alt\"><\/i><!--span class=\"dashicons dashicons-location\" style=\"font-size:20px\"><\/span-->\n\t\t\t\t\t\t\t<span>ES<\/span>\n\t\t\t\t\t\t<\/div>\t\n\t\t\t\t\t<\/div>\n\t\t\t\t<\/div>\n\t\t\t<\/div><div class=\"texto_opinion\"><\/p>\n<p>Con iDecesos al efectuar las comparaciones decid\u00ed escoger Triodos Bank el seguro de prima natural, por lo que estoy muy contenta por el coste tan alcanzable y las coberturas que cubren todo al 100 por ciento lo que necesitaba.<\/p>\n<p><\/div><\/div>\n<div class=\"opinion \"  >\n\t\t\t<div class=\"cabecera_opinion\">\n\t\t\t\t<div class=\"avatar\">L S <\/div>\n\t\t\t\t<div class=\"datos_opinion\">\n\t\t\t\t\t<div class=\"nombre_opinion\">Leandro Serna<\/div>\n\t\t\t\t\t<div class=\"info_opinion\">\t\t\t\t\t\t\n\t\t\t\t\t\t<div class=\"cuenta_opinion\"><i class=\"fas fa-pencil-alt\"><\/i><!--span class=\"dashicons dashicons-edit\" style=\"font-size:20px\"><\/span--><span>1 Opini\u00f3n<\/span><\/div>\t\t\t\t\t\t\n\t\t\t\t\t\t<div class=\"localizacion_opinion\">\n\t\t\t\t\t\t\t<i class=\"fas fa-map-marker-alt\"><\/i><!--span class=\"dashicons dashicons-location\" style=\"font-size:20px\"><\/span-->\n\t\t\t\t\t\t\t<span>ES<\/span>\n\t\t\t\t\t\t<\/div>\t\n\t\t\t\t\t<\/div>\n\t\t\t\t<\/div>\n\t\t\t<\/div><div class=\"texto_opinion\"><\/p>\n<p>Desde mi opini\u00f3n nos recomendaron la p\u00f3liza de decesos de prima natural de Triodos Bank y de instante nos ha ido genial, aunque en los \u00faltimos a\u00f1os estamos notando la subida de costo que est\u00e1 haciendo Triodos Bank.<\/p>\n<p><\/div><\/div>\n<div class=\"opinion \"  >\n\t\t\t<div class=\"cabecera_opinion\">\n\t\t\t\t<div class=\"avatar\">J A <\/div>\n\t\t\t\t<div class=\"datos_opinion\">\n\t\t\t\t\t<div class=\"nombre_opinion\">Jose Antonio<\/div>\n\t\t\t\t\t<div class=\"info_opinion\">\t\t\t\t\t\t\n\t\t\t\t\t\t<div class=\"cuenta_opinion\"><i class=\"fas fa-pencil-alt\"><\/i><!--span class=\"dashicons dashicons-edit\" style=\"font-size:20px\"><\/span--><span>1 Opini\u00f3n<\/span><\/div>\t\t\t\t\t\t\n\t\t\t\t\t\t<div class=\"localizacion_opinion\">\n\t\t\t\t\t\t\t<i class=\"fas fa-map-marker-alt\"><\/i><!--span class=\"dashicons dashicons-location\" style=\"font-size:20px\"><\/span-->\n\t\t\t\t\t\t\t<span>ES<\/span>\n\t\t\t\t\t\t<\/div>\t\n\t\t\t\t\t<\/div>\n\t\t\t\t<\/div>\n\t\t\t<\/div><div class=\"texto_opinion\"><\/p>\n<p>Muy aconsejable Triodos Bank prima natural, todo muy adecuado.<\/p>\n<p><\/div><\/div>\n<\/div><\/div><\/div><\/div>\n<p><div class=\"oficinas\"><br \/>\n<h3><span class=\"ez-toc-section\" id=\"Paginas_relacionadas\"><\/span>P\u00e1ginas relacionadas<span class=\"ez-toc-section-end\"><\/span><\/h3><div class=\"enlazado\"><ul> <li><a href=\"https:\/\/idecesos.com\/seguros\/companias\/banco-triodos-bank\/opiniones\/\">Opiniones Triodos Bank<\/a><\/li> <li><a href=\"https:\/\/idecesos.com\/seguros\/companias\/banco-triodos-bank\/precio\/\">Precio seguro Triodos Bank<\/a><\/li> <li><a href=\"https:\/\/idecesos.com\/seguros\/companias\/banco-triodos-bank\/prima-mixta\/\">Triodos Bank Prima Mixta<\/a><\/li> <li><a href=\"https:\/\/idecesos.com\/seguros\/companias\/banco-triodos-bank\/prima-natural\/\">Triodos Bank Prima Natural<\/a><\/li> <li><a href=\"https:\/\/idecesos.com\/seguros\/companias\/banco-triodos-bank\/prima-nivelada\/\">Triodos Bank Prima Nivelada<\/a><\/li> <li><a href=\"https:\/\/idecesos.com\/seguros\/companias\/banco-triodos-bank\/prima-unica\/\">Triodos Bank Prima \u00danica<\/a><\/li> <li><a href=\"https:\/\/idecesos.com\/seguros\/companias\/banco-triodos-bank\/repatriacion\/\">Triodos Bank Repatriaci\u00f3n<\/a><\/li> <li><a href=\"https:\/\/idecesos.com\/seguros\/companias\/banco-triodos-bank\/telefono\/\">Tel\u00e9fono Gratuito Triodos Bank<\/a><\/li><\/ul><\/div><\/p>\n<\/div>\n","protected":false},"excerpt":{"rendered":"<p>\u00bfMucho de vosotros os preguntareis qu\u00e9 g\u00e9nero de seguro es? puesto que explicado es un seguro de decesos de prima natural de Triodos Bank . Responderemos a estas cuestiones de forma simplificada. Una de las principales peculiaridades de prima natural de Triodos Bank es debido que la prima aumenta dependiendo de la edad del asegurado&hellip; <\/p>\n","protected":false},"author":3,"featured_media":0,"parent":504,"menu_order":0,"comment_status":"closed","ping_status":"closed","template":"single.php","meta":{"footnotes":""},"class_list":["post-11394","page","type-page","status-publish","hentry"],"yoast_head":"<!-- This site is optimized with the Yoast SEO plugin v27.5 - https:\/\/yoast.com\/product\/yoast-seo-wordpress\/ -->\n<title>Seguro Decesos Triodos Bank Prima Natural \u25b7 Opiniones y Precio 2026<\/title>\n<meta name=\"description\" content=\"Click aqu\u00ed \u3010Seguro de Decesos Prima Natural Triodos Bank\u3011 Mejores precios Triodos Bank seguro de fallecidos Prima Natural \u2611\ufe0f Actualizado por iDecesos\u00ae\" \/>\n<meta name=\"robots\" content=\"index, follow, max-snippet:-1, max-image-preview:large, max-video-preview:-1\" \/>\n<link rel=\"canonical\" href=\"https:\/\/idecesos.com\/seguros\/companias\/banco-triodos-bank\/prima-natural\/\" \/>\n<meta property=\"og:locale\" content=\"es_ES\" \/>\n<meta property=\"og:type\" content=\"article\" \/>\n<meta property=\"og:title\" content=\"Seguro Decesos Triodos Bank Prima Natural \u25b7 Opiniones y Precio 2026\" \/>\n<meta property=\"og:description\" content=\"Click aqu\u00ed \u3010Seguro de Decesos Prima Natural Triodos Bank\u3011 Mejores precios Triodos Bank seguro de fallecidos Prima Natural \u2611\ufe0f Actualizado por iDecesos\u00ae\" \/>\n<meta property=\"og:url\" content=\"https:\/\/idecesos.com\/seguros\/companias\/banco-triodos-bank\/prima-natural\/\" \/>\n<meta property=\"article:modified_time\" content=\"2022-01-03T12:31:48+00:00\" \/>\n<meta name=\"twitter:card\" content=\"summary_large_image\" \/>\n<meta name=\"twitter:label1\" content=\"Tiempo de lectura\" \/>\n\t<meta name=\"twitter:data1\" content=\"54 minutos\" \/>\n<script type=\"application\/ld+json\" class=\"yoast-schema-graph\">{\"@context\":\"https:\\\/\\\/schema.org\",\"@graph\":[{\"@type\":\"WebPage\",\"@id\":\"https:\\\/\\\/idecesos.com\\\/seguros\\\/companias\\\/banco-triodos-bank\\\/prima-natural\\\/\",\"url\":\"https:\\\/\\\/idecesos.com\\\/seguros\\\/companias\\\/banco-triodos-bank\\\/prima-natural\\\/\",\"name\":\"Seguro Decesos Triodos Bank Prima Natural \u25b7 Opiniones y Precio 2026\",\"isPartOf\":{\"@id\":\"https:\\\/\\\/idecesos.com\\\/seguros\\\/#website\"},\"datePublished\":\"2021-11-01T00:00:00+00:00\",\"dateModified\":\"2022-01-03T12:31:48+00:00\",\"description\":\"Click aqu\u00ed \u3010Seguro de Decesos Prima Natural Triodos Bank\u3011 Mejores precios Triodos Bank seguro de fallecidos Prima Natural \u2611\ufe0f Actualizado por iDecesos\u00ae\",\"breadcrumb\":{\"@id\":\"https:\\\/\\\/idecesos.com\\\/seguros\\\/companias\\\/banco-triodos-bank\\\/prima-natural\\\/#breadcrumb\"},\"inLanguage\":\"es\",\"potentialAction\":[{\"@type\":\"ReadAction\",\"target\":[\"https:\\\/\\\/idecesos.com\\\/seguros\\\/companias\\\/banco-triodos-bank\\\/prima-natural\\\/\"]}]},{\"@type\":\"BreadcrumbList\",\"@id\":\"https:\\\/\\\/idecesos.com\\\/seguros\\\/companias\\\/banco-triodos-bank\\\/prima-natural\\\/#breadcrumb\",\"itemListElement\":[{\"@type\":\"ListItem\",\"position\":1,\"name\":\"Portada\",\"item\":\"https:\\\/\\\/idecesos.com\\\/seguros\\\/\"},{\"@type\":\"ListItem\",\"position\":2,\"name\":\"Compa\u00f1\u00edas de Seguros de Decesos en Espa\u00f1a\",\"item\":\"https:\\\/\\\/idecesos.com\\\/seguros\\\/companias\\\/\"},{\"@type\":\"ListItem\",\"position\":3,\"name\":\"Seguro de decesos Triodos Bank\",\"item\":\"https:\\\/\\\/idecesos.com\\\/seguros\\\/companias\\\/banco-triodos-bank\\\/\"},{\"@type\":\"ListItem\",\"position\":4,\"name\":\"Seguro de decesos Triodos Bank Prima Natural\"}]},{\"@type\":\"WebSite\",\"@id\":\"https:\\\/\\\/idecesos.com\\\/seguros\\\/#website\",\"url\":\"https:\\\/\\\/idecesos.com\\\/seguros\\\/\",\"name\":\"\",\"description\":\"\",\"potentialAction\":[{\"@type\":\"SearchAction\",\"target\":{\"@type\":\"EntryPoint\",\"urlTemplate\":\"https:\\\/\\\/idecesos.com\\\/seguros\\\/?s={search_term_string}\"},\"query-input\":{\"@type\":\"PropertyValueSpecification\",\"valueRequired\":true,\"valueName\":\"search_term_string\"}}],\"inLanguage\":\"es\"}]}<\/script>\n<!-- \/ Yoast SEO plugin. -->","yoast_head_json":{"title":"Seguro Decesos Triodos Bank Prima Natural \u25b7 Opiniones y Precio 2026","description":"Click aqu\u00ed \u3010Seguro de Decesos Prima Natural Triodos Bank\u3011 Mejores precios Triodos Bank seguro de fallecidos Prima Natural \u2611\ufe0f Actualizado por iDecesos\u00ae","robots":{"index":"index","follow":"follow","max-snippet":"max-snippet:-1","max-image-preview":"max-image-preview:large","max-video-preview":"max-video-preview:-1"},"canonical":"https:\/\/idecesos.com\/seguros\/companias\/banco-triodos-bank\/prima-natural\/","og_locale":"es_ES","og_type":"article","og_title":"Seguro Decesos Triodos Bank Prima Natural \u25b7 Opiniones y Precio 2026","og_description":"Click aqu\u00ed \u3010Seguro de Decesos Prima Natural Triodos Bank\u3011 Mejores precios Triodos Bank seguro de fallecidos Prima Natural \u2611\ufe0f Actualizado por iDecesos\u00ae","og_url":"https:\/\/idecesos.com\/seguros\/companias\/banco-triodos-bank\/prima-natural\/","article_modified_time":"2022-01-03T12:31:48+00:00","twitter_card":"summary_large_image","twitter_misc":{"Tiempo de lectura":"54 minutos"},"schema":{"@context":"https:\/\/schema.org","@graph":[{"@type":"WebPage","@id":"https:\/\/idecesos.com\/seguros\/companias\/banco-triodos-bank\/prima-natural\/","url":"https:\/\/idecesos.com\/seguros\/companias\/banco-triodos-bank\/prima-natural\/","name":"Seguro Decesos Triodos Bank Prima Natural \u25b7 Opiniones y Precio 2026","isPartOf":{"@id":"https:\/\/idecesos.com\/seguros\/#website"},"datePublished":"2021-11-01T00:00:00+00:00","dateModified":"2022-01-03T12:31:48+00:00","description":"Click aqu\u00ed \u3010Seguro de Decesos Prima Natural Triodos Bank\u3011 Mejores precios Triodos Bank seguro de fallecidos Prima Natural \u2611\ufe0f Actualizado por iDecesos\u00ae","breadcrumb":{"@id":"https:\/\/idecesos.com\/seguros\/companias\/banco-triodos-bank\/prima-natural\/#breadcrumb"},"inLanguage":"es","potentialAction":[{"@type":"ReadAction","target":["https:\/\/idecesos.com\/seguros\/companias\/banco-triodos-bank\/prima-natural\/"]}]},{"@type":"BreadcrumbList","@id":"https:\/\/idecesos.com\/seguros\/companias\/banco-triodos-bank\/prima-natural\/#breadcrumb","itemListElement":[{"@type":"ListItem","position":1,"name":"Portada","item":"https:\/\/idecesos.com\/seguros\/"},{"@type":"ListItem","position":2,"name":"Compa\u00f1\u00edas de Seguros de Decesos en Espa\u00f1a","item":"https:\/\/idecesos.com\/seguros\/companias\/"},{"@type":"ListItem","position":3,"name":"Seguro de decesos Triodos Bank","item":"https:\/\/idecesos.com\/seguros\/companias\/banco-triodos-bank\/"},{"@type":"ListItem","position":4,"name":"Seguro de decesos Triodos Bank Prima Natural"}]},{"@type":"WebSite","@id":"https:\/\/idecesos.com\/seguros\/#website","url":"https:\/\/idecesos.com\/seguros\/","name":"","description":"","potentialAction":[{"@type":"SearchAction","target":{"@type":"EntryPoint","urlTemplate":"https:\/\/idecesos.com\/seguros\/?s={search_term_string}"},"query-input":{"@type":"PropertyValueSpecification","valueRequired":true,"valueName":"search_term_string"}}],"inLanguage":"es"}]}},"_links":{"self":[{"href":"https:\/\/idecesos.com\/seguros\/wp-json\/wp\/v2\/pages\/11394","targetHints":{"allow":["GET"]}}],"collection":[{"href":"https:\/\/idecesos.com\/seguros\/wp-json\/wp\/v2\/pages"}],"about":[{"href":"https:\/\/idecesos.com\/seguros\/wp-json\/wp\/v2\/types\/page"}],"author":[{"embeddable":true,"href":"https:\/\/idecesos.com\/seguros\/wp-json\/wp\/v2\/users\/3"}],"replies":[{"embeddable":true,"href":"https:\/\/idecesos.com\/seguros\/wp-json\/wp\/v2\/comments?post=11394"}],"version-history":[{"count":1,"href":"https:\/\/idecesos.com\/seguros\/wp-json\/wp\/v2\/pages\/11394\/revisions"}],"predecessor-version":[{"id":12904,"href":"https:\/\/idecesos.com\/seguros\/wp-json\/wp\/v2\/pages\/11394\/revisions\/12904"}],"up":[{"embeddable":true,"href":"https:\/\/idecesos.com\/seguros\/wp-json\/wp\/v2\/pages\/504"}],"wp:attachment":[{"href":"https:\/\/idecesos.com\/seguros\/wp-json\/wp\/v2\/media?parent=11394"}],"curies":[{"name":"wp","href":"https:\/\/api.w.org\/{rel}","templated":true}]}}