{"id":11402,"date":"2021-11-02T00:00:00","date_gmt":"2021-11-02T00:00:00","guid":{"rendered":"https:\/\/idecesos.com\/seguros\/?page_id=11402"},"modified":"2022-01-03T12:30:06","modified_gmt":"2022-01-03T12:30:06","slug":"prima-nivelada","status":"publish","type":"page","link":"https:\/\/idecesos.com\/seguros\/companias\/caja-ingenieros\/prima-nivelada\/","title":{"rendered":"Seguro de decesos Caja Ingenieros Prima Nivelada"},"content":{"rendered":"<div id=\"ez-toc-container\" class=\"ez-toc-v2_0_82_2 ez-toc-wrap-center counter-hierarchy ez-toc-counter ez-toc-custom ez-toc-container-direction\">\n<div class=\"ez-toc-title-container\">\n<p class=\"ez-toc-title\" style=\"cursor:inherit\">Tabla de Contenido<\/p>\n<span class=\"ez-toc-title-toggle\"><a href=\"#\" class=\"ez-toc-pull-right ez-toc-btn ez-toc-btn-xs ez-toc-btn-default ez-toc-toggle\" aria-label=\"Alternar tabla de contenidos\"><span class=\"ez-toc-js-icon-con\"><span class=\"\"><span class=\"eztoc-hide\" style=\"display:none;\">Toggle<\/span><span class=\"ez-toc-icon-toggle-span\"><svg style=\"fill: #db6415;color:#db6415\" xmlns=\"http:\/\/www.w3.org\/2000\/svg\" class=\"list-377408\" width=\"20px\" height=\"20px\" viewBox=\"0 0 24 24\" fill=\"none\"><path d=\"M6 6H4v2h2V6zm14 0H8v2h12V6zM4 11h2v2H4v-2zm16 0H8v2h12v-2zM4 16h2v2H4v-2zm16 0H8v2h12v-2z\" fill=\"currentColor\"><\/path><\/svg><svg style=\"fill: #db6415;color:#db6415\" class=\"arrow-unsorted-368013\" xmlns=\"http:\/\/www.w3.org\/2000\/svg\" width=\"10px\" height=\"10px\" viewBox=\"0 0 24 24\" version=\"1.2\" baseProfile=\"tiny\"><path d=\"M18.2 9.3l-6.2-6.3-6.2 6.3c-.2.2-.3.4-.3.7s.1.5.3.7c.2.2.4.3.7.3h11c.3 0 .5-.1.7-.3.2-.2.3-.5.3-.7s-.1-.5-.3-.7zM5.8 14.7l6.2 6.3 6.2-6.3c.2-.2.3-.5.3-.7s-.1-.5-.3-.7c-.2-.2-.4-.3-.7-.3h-11c-.3 0-.5.1-.7.3-.2.2-.3.5-.3.7s.1.5.3.7z\"\/><\/svg><\/span><\/span><\/span><\/a><\/span><\/div>\n<nav><ul class='ez-toc-list ez-toc-list-level-1 ' ><li class='ez-toc-page-1 ez-toc-heading-level-2'><a class=\"ez-toc-link ez-toc-heading-1\" href=\"https:\/\/idecesos.com\/seguros\/companias\/caja-ingenieros\/prima-nivelada\/#Coberturas_seguro_Prima_Nivelada_Caja_Ingenieros\" >Coberturas seguro Prima Nivelada Caja Ingenieros<\/a><ul class='ez-toc-list-level-3' ><li class='ez-toc-heading-level-3'><a class=\"ez-toc-link ez-toc-heading-2\" href=\"https:\/\/idecesos.com\/seguros\/companias\/caja-ingenieros\/prima-nivelada\/#%C2%BFA_quien_va_dirigido_el_seguro_de_decesos_Prima_Nivelada_de_Caja_Ingenieros\" >\u00bfA qui\u00e9n va dirigido el seguro de decesos Prima Nivelada de Caja Ingenieros?<\/a><\/li><\/ul><\/li><li class='ez-toc-page-1 ez-toc-heading-level-2'><a class=\"ez-toc-link ez-toc-heading-3\" href=\"https:\/\/idecesos.com\/seguros\/companias\/caja-ingenieros\/prima-nivelada\/#Precio_de_seguro_de_decesos_Prima_Nivelada_Caja_Ingenieros\" >Precio de seguro de decesos Prima Nivelada Caja Ingenieros<\/a><\/li><li class='ez-toc-page-1 ez-toc-heading-level-2'><a class=\"ez-toc-link ez-toc-heading-4\" href=\"https:\/\/idecesos.com\/seguros\/companias\/caja-ingenieros\/prima-nivelada\/#Productos_Prima_Nivelada_Caja_Ingenieros\" >Productos Prima Nivelada Caja Ingenieros<\/a><\/li><li class='ez-toc-page-1 ez-toc-heading-level-2'><a class=\"ez-toc-link ez-toc-heading-5\" href=\"https:\/\/idecesos.com\/seguros\/companias\/caja-ingenieros\/prima-nivelada\/#Opiniones_del_seguro_de_decesos_de_Prima_Nivelada_de_Caja_Ingenieros\" >Opiniones del seguro de decesos de Prima Nivelada de Caja Ingenieros<\/a><ul class='ez-toc-list-level-3' ><li class='ez-toc-heading-level-3'><a class=\"ez-toc-link ez-toc-heading-6\" href=\"https:\/\/idecesos.com\/seguros\/companias\/caja-ingenieros\/prima-nivelada\/#Paginas_relacionadas\" >P\u00e1ginas relacionadas<\/a><\/li><\/ul><\/li><\/ul><\/nav><\/div>\n\n<p>Si todav\u00eda no has encontrado la p\u00f3liza que desees, el seguro de decesos de prima nivelada de Caja Ingenieros es la m\u00e1s adecuada y amoldada a ti, ya que no habr\u00e1 ninguna alteraci\u00f3n de forma imprevista. Es propio cuando el tomador es joven en tanto que va a pagar proporcionalmente m\u00e1s de lo que pagar\u00eda en el caso de la contrataci\u00f3n de una prima natural. De esta p\u00f3liza se favorecer\u00e1 aquella persona que sea mayor ya que le resultar\u00e1 de una forma m\u00e1s asequible realizar los pagos. <\/p>\n<p>Leer m\u00e1s: <a href=\"https:\/\/idecesos.com\/seguros\/tipo\/nivelada\/\">Seguro de decesos Prima Nivelada<\/a><\/p>\n<div class=\"colorf \"  ><div class=\"container clearfix\"><div class=\"col-md-7\"><\/p>\n<h2><span class=\"ez-toc-section\" id=\"Coberturas_seguro_Prima_Nivelada_Caja_Ingenieros\"><\/span>Coberturas seguro Prima Nivelada Caja Ingenieros<span class=\"ez-toc-section-end\"><\/span><\/h2>\n<p>La mayor\u00eda de los clientes del servicio opta por el seguro l\u00fagubre Caja Ingenieros en tanto que da la confianza y controla una de los mejores servicios de la p\u00f3liza de seguro. Caja Ingenieros se han transformado en los l\u00edderes del mercado por dar un servicio de calidad y ser especialistas en el sector.<br \/>\nAntes de que el asegurado fallece podr\u00e1 seleccionar entre entierro o incineraci\u00f3n, adem\u00e1s de todo ello quedar\u00e1 resuelto todos los tr\u00e1mites que se deben realizar. Desde ese instante, la administraci\u00f3n de la muerte se realizar\u00e1 de acuerdo con las preferencias y costumbres de la familia. Dentro de los servicios que solicites se har\u00e1n, en relaci\u00f3n al presupuesto y a los fondos del seguro, quedando de manera proporcionada a la medida dentro de lo posible. Es una herramienta esencial contar con un comparador de seguros en iDecesos tendr\u00e1s todas y cada una de las coberturas a su alcance del seguro funerario m\u00e1s selecto a nivel Caja Ingenieros se destaca por el hecho de que contempla las diferentes opciones que podr\u00e1s consultar toda la informaci\u00f3n que precises de cada producto. Cada documento debe de contener informaci\u00f3n, donde vayan las condiciones explicadas como las que no van a ir incluidas. <\/p>\n<p><\/div><\/div><\/div>\n<h3><span class=\"ez-toc-section\" id=\"%C2%BFA_quien_va_dirigido_el_seguro_de_decesos_Prima_Nivelada_de_Caja_Ingenieros\"><\/span>\u00bfA qui\u00e9n va dirigido el seguro de decesos Prima Nivelada de Caja Ingenieros?<span class=\"ez-toc-section-end\"><\/span><\/h3>\n<p>El seguro de prima nivelada de Caja Ingenieros va dirigido a cualquier segmento de la poblaci\u00f3n nacional, que aparte de mirar el factor econ\u00f3mico, busquen una estabilidad de costes financieros y un servicio que en el instante del siniestro con tan solo llamar a un n\u00famero no le pongan ning\u00fan impedimento y tengan un servicio enormemente experto en la tramitaci\u00f3n y administraci\u00f3n de un sepelio. <\/p>\n<div class=\"colorf \"  ><div class=\"container clearfix\"><div class=\"col-md-7\"><\/p>\n<h2><span class=\"ez-toc-section\" id=\"Precio_de_seguro_de_decesos_Prima_Nivelada_Caja_Ingenieros\"><\/span>Precio de seguro de decesos Prima Nivelada Caja Ingenieros<span class=\"ez-toc-section-end\"><\/span><\/h2>\n<p>En Caja Ingenieros su prima nivelada su precio es desde 5\u20ac, aunque tomar\u00e1n en cuenta diferentes factores como es el caso de la edad del asegurado, por lo que aseguran que no resultar\u00e1 de manera variable transcurrido un tiempo. Las comparativas de iDecesos que contiene todos y cada uno de los datos son comprensibles por lo que lo entender\u00e1s al instante, evitando cualquier registro o a percibir informaci\u00f3n superflua, m\u00e1s vers\u00e1til, m\u00e1s r\u00e1pido. <\/p>\n<p><\/div><\/div><\/div>\n<h2><span class=\"ez-toc-section\" id=\"Productos_Prima_Nivelada_Caja_Ingenieros\"><\/span>Productos Prima Nivelada Caja Ingenieros<span class=\"ez-toc-section-end\"><\/span><\/h2>\n<div class=\"colorf\"><div class=\"container clearfix\"><div class=\"col-md-7\"><div class=\"opiniones\">\n<h2><span class=\"ez-toc-section\" id=\"Opiniones_del_seguro_de_decesos_de_Prima_Nivelada_de_Caja_Ingenieros\"><\/span>Opiniones del seguro de decesos de Prima Nivelada de Caja Ingenieros<span class=\"ez-toc-section-end\"><\/span><\/h2>\n<p>Alexander Pozuelo: Lo aconsejo en tanto que me dieron una de las mejores coberturas tanto a mi como a mi familia, en el momento del acontencimiento, no dudes con prima nivelada de Caja Ingenieros, se hace cargo de todo. Una de los peores instantes se dio cuando falleci\u00f3 mi t\u00edo tras que realiz\u00f3 la p\u00f3liza de un 1 a\u00f1o m\u00e1s o menos, solucionaron al detalle y de una forma muy eficaz como veloz. <\/p>\n<div class=\"opinion \"  >\n\t\t\t<div class=\"cabecera_opinion\">\n\t\t\t\t<div class=\"avatar\">M P <\/div>\n\t\t\t\t<div class=\"datos_opinion\">\n\t\t\t\t\t<div class=\"nombre_opinion\">Mara Pi\u00f1eyro<\/div>\n\t\t\t\t\t<div class=\"info_opinion\">\t\t\t\t\t\t\n\t\t\t\t\t\t<div class=\"cuenta_opinion\"><i class=\"fas fa-pencil-alt\"><\/i><!--span class=\"dashicons dashicons-edit\" style=\"font-size:20px\"><\/span--><span>1 Opini\u00f3n<\/span><\/div>\t\t\t\t\t\t\n\t\t\t\t\t\t<div class=\"localizacion_opinion\">\n\t\t\t\t\t\t\t<i class=\"fas fa-map-marker-alt\"><\/i><!--span class=\"dashicons dashicons-location\" style=\"font-size:20px\"><\/span-->\n\t\t\t\t\t\t\t<span>ES<\/span>\n\t\t\t\t\t\t<\/div>\t\n\t\t\t\t\t<\/div>\n\t\t\t\t<\/div>\n\t\t\t<\/div><div class=\"texto_opinion\"><\/p>\n<p>Cuando ocurri\u00f3 el fallecimiento de mi madre, que sucedi\u00f3 de una forma repentina, la compa\u00f1\u00eda de seguros se ocup\u00f3 de gestionar todo de una manera eficiente, por lo que no debimos preocuparnos de nada. Si en cualquier ocasi\u00f3n puede acontecer alg\u00fan inconveniente, ellos cuentan con todas las soluciones libres. <\/p>\n<p><\/div><\/div>\n<div class=\"opinion \"  >\n\t\t\t<div class=\"cabecera_opinion\">\n\t\t\t\t<div class=\"avatar\">E B <\/div>\n\t\t\t\t<div class=\"datos_opinion\">\n\t\t\t\t\t<div class=\"nombre_opinion\">Eliseo Barrios<\/div>\n\t\t\t\t\t<div class=\"info_opinion\">\t\t\t\t\t\t\n\t\t\t\t\t\t<div class=\"cuenta_opinion\"><i class=\"fas fa-pencil-alt\"><\/i><!--span class=\"dashicons dashicons-edit\" style=\"font-size:20px\"><\/span--><span>1 Opini\u00f3n<\/span><\/div>\t\t\t\t\t\t\n\t\t\t\t\t\t<div class=\"localizacion_opinion\">\n\t\t\t\t\t\t\t<i class=\"fas fa-map-marker-alt\"><\/i><!--span class=\"dashicons dashicons-location\" style=\"font-size:20px\"><\/span-->\n\t\t\t\t\t\t\t<span>ES<\/span>\n\t\t\t\t\t\t<\/div>\t\n\t\t\t\t\t<\/div>\n\t\t\t\t<\/div>\n\t\t\t<\/div><div class=\"texto_opinion\"><\/p>\n<p>Para mi punto de opini\u00f3n considero que Caja Ingenieros con el seguro de prima nivelada es muy recomendable, cuentan con unas coberturas ampl\u00edsimas, uno de sus aconsejes me efectu\u00f3 un presupuesto \u00fanico y recordable, contando que siempre y en todo momento es exactamente la misma tarifa quede content\u00edsima tanto con el servicio como todo cuanto me brinda Caja Ingenieros, quiero agregar que mi familia cuenta con esta compa\u00f1\u00eda de seguros. <\/p>\n<p><\/div><\/div>\n<div class=\"opinion \"  >\n\t\t\t<div class=\"cabecera_opinion\">\n\t\t\t\t<div class=\"avatar\">P S <\/div>\n\t\t\t\t<div class=\"datos_opinion\">\n\t\t\t\t\t<div class=\"nombre_opinion\">Pilar Sierra<\/div>\n\t\t\t\t\t<div class=\"info_opinion\">\t\t\t\t\t\t\n\t\t\t\t\t\t<div class=\"cuenta_opinion\"><i class=\"fas fa-pencil-alt\"><\/i><!--span class=\"dashicons dashicons-edit\" style=\"font-size:20px\"><\/span--><span>1 Opini\u00f3n<\/span><\/div>\t\t\t\t\t\t\n\t\t\t\t\t\t<div class=\"localizacion_opinion\">\n\t\t\t\t\t\t\t<i class=\"fas fa-map-marker-alt\"><\/i><!--span class=\"dashicons dashicons-location\" style=\"font-size:20px\"><\/span-->\n\t\t\t\t\t\t\t<span>ES<\/span>\n\t\t\t\t\t\t<\/div>\t\n\t\t\t\t\t<\/div>\n\t\t\t\t<\/div>\n\t\t\t<\/div><div class=\"texto_opinion\"><\/p>\n<p>No ten\u00eda clar\u00edsimo si esta p\u00f3liza era la conveniente para mi, por lo que acudi a una de sus oficinas, donde me atendieron personalizadamente resolviendo todas y cada una mis cuestiones al respecto, qued\u00e9 muy contento me lo explicaron detalladamente, con lo que realice la contrataci\u00f3n ya que se adapta perfectamente a mi necesidades y a m\u00ed circunstancias. Adem\u00e1s cuentan con muchas soluciones en el momento de que ocurra alg\u00fan inconveniente. Lo que resulta importante tomarlo en cuenta. <\/p>\n<p><\/div><\/div>\n<\/div><\/div><\/div><\/div>\n<p><div class=\"oficinas\"><br \/>\n<h3><span class=\"ez-toc-section\" id=\"Paginas_relacionadas\"><\/span>P\u00e1ginas relacionadas<span class=\"ez-toc-section-end\"><\/span><\/h3><div class=\"enlazado\"><ul> <li><a href=\"https:\/\/idecesos.com\/seguros\/companias\/caja-ingenieros\/opiniones\/\">Opiniones Caja Ingenieros<\/a><\/li> <li><a href=\"https:\/\/idecesos.com\/seguros\/companias\/caja-ingenieros\/precio\/\">Precio seguro Caja Ingenieros<\/a><\/li> <li><a href=\"https:\/\/idecesos.com\/seguros\/companias\/caja-ingenieros\/prima-mixta\/\">Caja Ingenieros Prima Mixta<\/a><\/li> <li><a href=\"https:\/\/idecesos.com\/seguros\/companias\/caja-ingenieros\/prima-natural\/\">Caja Ingenieros Prima Natural<\/a><\/li> <li><a href=\"https:\/\/idecesos.com\/seguros\/companias\/caja-ingenieros\/prima-nivelada\/\">Caja Ingenieros Prima Nivelada<\/a><\/li> <li><a href=\"https:\/\/idecesos.com\/seguros\/companias\/caja-ingenieros\/prima-unica\/\">Caja Ingenieros Prima \u00danica<\/a><\/li> <li><a href=\"https:\/\/idecesos.com\/seguros\/companias\/caja-ingenieros\/repatriacion\/\">Caja Ingenieros Repatriaci\u00f3n<\/a><\/li> <li><a href=\"https:\/\/idecesos.com\/seguros\/companias\/caja-ingenieros\/telefono\/\">Tel\u00e9fono Gratuito Caja Ingenieros<\/a><\/li><\/ul><\/div><\/p>\n<\/div>\n","protected":false},"excerpt":{"rendered":"<p>Si todav\u00eda no has encontrado la p\u00f3liza que desees, el seguro de decesos de prima nivelada de Caja Ingenieros es la m\u00e1s adecuada y amoldada a ti, ya que no habr\u00e1 ninguna alteraci\u00f3n de forma imprevista. Es propio cuando el tomador es joven en tanto que va a pagar proporcionalmente m\u00e1s de lo que pagar\u00eda&hellip; <\/p>\n","protected":false},"author":3,"featured_media":0,"parent":585,"menu_order":0,"comment_status":"closed","ping_status":"closed","template":"single.php","meta":{"footnotes":""},"class_list":["post-11402","page","type-page","status-publish","hentry"],"yoast_head":"<!-- This site is optimized with the Yoast SEO plugin v27.3 - https:\/\/yoast.com\/product\/yoast-seo-wordpress\/ -->\n<title>Seguro Decesos Caja Ingenieros Prima Nivelada \u25b7 Opiniones y Precio 2026<\/title>\n<meta name=\"description\" content=\"Click aqu\u00ed \u3010Seguro de Decesos Prima Nivelada Caja Ingenieros\u3011 Mejores precios Caja Ingenieros seguro de fallecidos Prima Nivelada \u2611\ufe0f Actualizado por iDecesos\u00ae\" \/>\n<meta name=\"robots\" content=\"index, follow, max-snippet:-1, max-image-preview:large, max-video-preview:-1\" \/>\n<link rel=\"canonical\" href=\"https:\/\/idecesos.com\/seguros\/companias\/caja-ingenieros\/prima-nivelada\/\" \/>\n<meta property=\"og:locale\" content=\"es_ES\" \/>\n<meta property=\"og:type\" content=\"article\" \/>\n<meta property=\"og:title\" content=\"Seguro Decesos Caja Ingenieros Prima Nivelada \u25b7 Opiniones y Precio 2026\" \/>\n<meta property=\"og:description\" content=\"Click aqu\u00ed \u3010Seguro de Decesos Prima Nivelada Caja Ingenieros\u3011 Mejores precios Caja Ingenieros seguro de fallecidos Prima Nivelada \u2611\ufe0f Actualizado por iDecesos\u00ae\" \/>\n<meta property=\"og:url\" content=\"https:\/\/idecesos.com\/seguros\/companias\/caja-ingenieros\/prima-nivelada\/\" \/>\n<meta property=\"article:modified_time\" content=\"2022-01-03T12:30:06+00:00\" \/>\n<meta name=\"twitter:card\" content=\"summary_large_image\" \/>\n<meta name=\"twitter:label1\" content=\"Tiempo de lectura\" \/>\n\t<meta name=\"twitter:data1\" content=\"57 minutos\" \/>\n<script type=\"application\/ld+json\" class=\"yoast-schema-graph\">{\"@context\":\"https:\\\/\\\/schema.org\",\"@graph\":[{\"@type\":\"WebPage\",\"@id\":\"https:\\\/\\\/idecesos.com\\\/seguros\\\/companias\\\/caja-ingenieros\\\/prima-nivelada\\\/\",\"url\":\"https:\\\/\\\/idecesos.com\\\/seguros\\\/companias\\\/caja-ingenieros\\\/prima-nivelada\\\/\",\"name\":\"Seguro Decesos Caja Ingenieros Prima Nivelada \u25b7 Opiniones y Precio 2026\",\"isPartOf\":{\"@id\":\"https:\\\/\\\/idecesos.com\\\/seguros\\\/#website\"},\"datePublished\":\"2021-11-02T00:00:00+00:00\",\"dateModified\":\"2022-01-03T12:30:06+00:00\",\"description\":\"Click aqu\u00ed \u3010Seguro de Decesos Prima Nivelada Caja Ingenieros\u3011 Mejores precios Caja Ingenieros seguro de fallecidos Prima Nivelada \u2611\ufe0f Actualizado por iDecesos\u00ae\",\"breadcrumb\":{\"@id\":\"https:\\\/\\\/idecesos.com\\\/seguros\\\/companias\\\/caja-ingenieros\\\/prima-nivelada\\\/#breadcrumb\"},\"inLanguage\":\"es\",\"potentialAction\":[{\"@type\":\"ReadAction\",\"target\":[\"https:\\\/\\\/idecesos.com\\\/seguros\\\/companias\\\/caja-ingenieros\\\/prima-nivelada\\\/\"]}]},{\"@type\":\"BreadcrumbList\",\"@id\":\"https:\\\/\\\/idecesos.com\\\/seguros\\\/companias\\\/caja-ingenieros\\\/prima-nivelada\\\/#breadcrumb\",\"itemListElement\":[{\"@type\":\"ListItem\",\"position\":1,\"name\":\"Portada\",\"item\":\"https:\\\/\\\/idecesos.com\\\/seguros\\\/\"},{\"@type\":\"ListItem\",\"position\":2,\"name\":\"Compa\u00f1\u00edas de Seguros de Decesos en Espa\u00f1a\",\"item\":\"https:\\\/\\\/idecesos.com\\\/seguros\\\/companias\\\/\"},{\"@type\":\"ListItem\",\"position\":3,\"name\":\"Seguro de decesos Caja ingenieros\",\"item\":\"https:\\\/\\\/idecesos.com\\\/seguros\\\/companias\\\/caja-ingenieros\\\/\"},{\"@type\":\"ListItem\",\"position\":4,\"name\":\"Seguro de decesos Caja Ingenieros Prima Nivelada\"}]},{\"@type\":\"WebSite\",\"@id\":\"https:\\\/\\\/idecesos.com\\\/seguros\\\/#website\",\"url\":\"https:\\\/\\\/idecesos.com\\\/seguros\\\/\",\"name\":\"\",\"description\":\"\",\"potentialAction\":[{\"@type\":\"SearchAction\",\"target\":{\"@type\":\"EntryPoint\",\"urlTemplate\":\"https:\\\/\\\/idecesos.com\\\/seguros\\\/?s={search_term_string}\"},\"query-input\":{\"@type\":\"PropertyValueSpecification\",\"valueRequired\":true,\"valueName\":\"search_term_string\"}}],\"inLanguage\":\"es\"}]}<\/script>\n<!-- \/ Yoast SEO plugin. -->","yoast_head_json":{"title":"Seguro Decesos Caja Ingenieros Prima Nivelada \u25b7 Opiniones y Precio 2026","description":"Click aqu\u00ed \u3010Seguro de Decesos Prima Nivelada Caja Ingenieros\u3011 Mejores precios Caja Ingenieros seguro de fallecidos Prima Nivelada \u2611\ufe0f Actualizado por iDecesos\u00ae","robots":{"index":"index","follow":"follow","max-snippet":"max-snippet:-1","max-image-preview":"max-image-preview:large","max-video-preview":"max-video-preview:-1"},"canonical":"https:\/\/idecesos.com\/seguros\/companias\/caja-ingenieros\/prima-nivelada\/","og_locale":"es_ES","og_type":"article","og_title":"Seguro Decesos Caja Ingenieros Prima Nivelada \u25b7 Opiniones y Precio 2026","og_description":"Click aqu\u00ed \u3010Seguro de Decesos Prima Nivelada Caja Ingenieros\u3011 Mejores precios Caja Ingenieros seguro de fallecidos Prima Nivelada \u2611\ufe0f Actualizado por iDecesos\u00ae","og_url":"https:\/\/idecesos.com\/seguros\/companias\/caja-ingenieros\/prima-nivelada\/","article_modified_time":"2022-01-03T12:30:06+00:00","twitter_card":"summary_large_image","twitter_misc":{"Tiempo de lectura":"57 minutos"},"schema":{"@context":"https:\/\/schema.org","@graph":[{"@type":"WebPage","@id":"https:\/\/idecesos.com\/seguros\/companias\/caja-ingenieros\/prima-nivelada\/","url":"https:\/\/idecesos.com\/seguros\/companias\/caja-ingenieros\/prima-nivelada\/","name":"Seguro Decesos Caja Ingenieros Prima Nivelada \u25b7 Opiniones y Precio 2026","isPartOf":{"@id":"https:\/\/idecesos.com\/seguros\/#website"},"datePublished":"2021-11-02T00:00:00+00:00","dateModified":"2022-01-03T12:30:06+00:00","description":"Click aqu\u00ed \u3010Seguro de Decesos Prima Nivelada Caja Ingenieros\u3011 Mejores precios Caja Ingenieros seguro de fallecidos Prima Nivelada \u2611\ufe0f Actualizado por iDecesos\u00ae","breadcrumb":{"@id":"https:\/\/idecesos.com\/seguros\/companias\/caja-ingenieros\/prima-nivelada\/#breadcrumb"},"inLanguage":"es","potentialAction":[{"@type":"ReadAction","target":["https:\/\/idecesos.com\/seguros\/companias\/caja-ingenieros\/prima-nivelada\/"]}]},{"@type":"BreadcrumbList","@id":"https:\/\/idecesos.com\/seguros\/companias\/caja-ingenieros\/prima-nivelada\/#breadcrumb","itemListElement":[{"@type":"ListItem","position":1,"name":"Portada","item":"https:\/\/idecesos.com\/seguros\/"},{"@type":"ListItem","position":2,"name":"Compa\u00f1\u00edas de Seguros de Decesos en Espa\u00f1a","item":"https:\/\/idecesos.com\/seguros\/companias\/"},{"@type":"ListItem","position":3,"name":"Seguro de decesos Caja ingenieros","item":"https:\/\/idecesos.com\/seguros\/companias\/caja-ingenieros\/"},{"@type":"ListItem","position":4,"name":"Seguro de decesos Caja Ingenieros Prima Nivelada"}]},{"@type":"WebSite","@id":"https:\/\/idecesos.com\/seguros\/#website","url":"https:\/\/idecesos.com\/seguros\/","name":"","description":"","potentialAction":[{"@type":"SearchAction","target":{"@type":"EntryPoint","urlTemplate":"https:\/\/idecesos.com\/seguros\/?s={search_term_string}"},"query-input":{"@type":"PropertyValueSpecification","valueRequired":true,"valueName":"search_term_string"}}],"inLanguage":"es"}]}},"_links":{"self":[{"href":"https:\/\/idecesos.com\/seguros\/wp-json\/wp\/v2\/pages\/11402","targetHints":{"allow":["GET"]}}],"collection":[{"href":"https:\/\/idecesos.com\/seguros\/wp-json\/wp\/v2\/pages"}],"about":[{"href":"https:\/\/idecesos.com\/seguros\/wp-json\/wp\/v2\/types\/page"}],"author":[{"embeddable":true,"href":"https:\/\/idecesos.com\/seguros\/wp-json\/wp\/v2\/users\/3"}],"replies":[{"embeddable":true,"href":"https:\/\/idecesos.com\/seguros\/wp-json\/wp\/v2\/comments?post=11402"}],"version-history":[{"count":1,"href":"https:\/\/idecesos.com\/seguros\/wp-json\/wp\/v2\/pages\/11402\/revisions"}],"predecessor-version":[{"id":12909,"href":"https:\/\/idecesos.com\/seguros\/wp-json\/wp\/v2\/pages\/11402\/revisions\/12909"}],"up":[{"embeddable":true,"href":"https:\/\/idecesos.com\/seguros\/wp-json\/wp\/v2\/pages\/585"}],"wp:attachment":[{"href":"https:\/\/idecesos.com\/seguros\/wp-json\/wp\/v2\/media?parent=11402"}],"curies":[{"name":"wp","href":"https:\/\/api.w.org\/{rel}","templated":true}]}}