{"id":11406,"date":"2021-11-02T00:00:00","date_gmt":"2021-11-02T00:00:00","guid":{"rendered":"https:\/\/idecesos.com\/seguros\/?page_id=11406"},"modified":"2022-01-03T12:30:15","modified_gmt":"2022-01-03T12:30:15","slug":"prima-mixta","status":"publish","type":"page","link":"https:\/\/idecesos.com\/seguros\/companias\/finisterre\/prima-mixta\/","title":{"rendered":"Seguro de decesos Finisterre Prima Mixta"},"content":{"rendered":"<div id=\"ez-toc-container\" class=\"ez-toc-v2_0_82_2 ez-toc-wrap-center counter-hierarchy ez-toc-counter ez-toc-custom ez-toc-container-direction\">\n<div class=\"ez-toc-title-container\">\n<p class=\"ez-toc-title\" style=\"cursor:inherit\">Tabla de Contenido<\/p>\n<span class=\"ez-toc-title-toggle\"><a href=\"#\" class=\"ez-toc-pull-right ez-toc-btn ez-toc-btn-xs ez-toc-btn-default ez-toc-toggle\" aria-label=\"Alternar tabla de contenidos\"><span class=\"ez-toc-js-icon-con\"><span class=\"\"><span class=\"eztoc-hide\" style=\"display:none;\">Toggle<\/span><span class=\"ez-toc-icon-toggle-span\"><svg style=\"fill: #db6415;color:#db6415\" xmlns=\"http:\/\/www.w3.org\/2000\/svg\" class=\"list-377408\" width=\"20px\" height=\"20px\" viewBox=\"0 0 24 24\" fill=\"none\"><path d=\"M6 6H4v2h2V6zm14 0H8v2h12V6zM4 11h2v2H4v-2zm16 0H8v2h12v-2zM4 16h2v2H4v-2zm16 0H8v2h12v-2z\" fill=\"currentColor\"><\/path><\/svg><svg style=\"fill: #db6415;color:#db6415\" class=\"arrow-unsorted-368013\" xmlns=\"http:\/\/www.w3.org\/2000\/svg\" width=\"10px\" height=\"10px\" viewBox=\"0 0 24 24\" version=\"1.2\" baseProfile=\"tiny\"><path d=\"M18.2 9.3l-6.2-6.3-6.2 6.3c-.2.2-.3.4-.3.7s.1.5.3.7c.2.2.4.3.7.3h11c.3 0 .5-.1.7-.3.2-.2.3-.5.3-.7s-.1-.5-.3-.7zM5.8 14.7l6.2 6.3 6.2-6.3c.2-.2.3-.5.3-.7s-.1-.5-.3-.7c-.2-.2-.4-.3-.7-.3h-11c-.3 0-.5.1-.7.3-.2.2-.3.5-.3.7s.1.5.3.7z\"\/><\/svg><\/span><\/span><\/span><\/a><\/span><\/div>\n<nav><ul class='ez-toc-list ez-toc-list-level-1 ' ><li class='ez-toc-page-1 ez-toc-heading-level-2'><a class=\"ez-toc-link ez-toc-heading-1\" href=\"https:\/\/idecesos.com\/seguros\/companias\/finisterre\/prima-mixta\/#Coberturas_seguro_Prima_Mixta_Finisterre\" >Coberturas seguro Prima Mixta Finisterre<\/a><ul class='ez-toc-list-level-3' ><li class='ez-toc-heading-level-3'><a class=\"ez-toc-link ez-toc-heading-2\" href=\"https:\/\/idecesos.com\/seguros\/companias\/finisterre\/prima-mixta\/#%C2%BFA_quien_va_dirigido_el_seguro_de_decesos_Prima_Mixta_de_Finisterre\" >\u00bfA qui\u00e9n va dirigido el seguro de decesos Prima Mixta de Finisterre?<\/a><\/li><\/ul><\/li><li class='ez-toc-page-1 ez-toc-heading-level-2'><a class=\"ez-toc-link ez-toc-heading-3\" href=\"https:\/\/idecesos.com\/seguros\/companias\/finisterre\/prima-mixta\/#Precio_de_seguro_de_decesos_Prima_Mixta_Finisterre\" >Precio de seguro de decesos Prima Mixta Finisterre<\/a><\/li><li class='ez-toc-page-1 ez-toc-heading-level-2'><a class=\"ez-toc-link ez-toc-heading-4\" href=\"https:\/\/idecesos.com\/seguros\/companias\/finisterre\/prima-mixta\/#Productos_Prima_Mixta_Finisterre\" >Productos Prima Mixta Finisterre<\/a><\/li><li class='ez-toc-page-1 ez-toc-heading-level-2'><a class=\"ez-toc-link ez-toc-heading-5\" href=\"https:\/\/idecesos.com\/seguros\/companias\/finisterre\/prima-mixta\/#Opiniones_del_seguro_de_decesos_de_Prima_Mixta_de_Finisterre\" >Opiniones del seguro de decesos de Prima Mixta de Finisterre<\/a><ul class='ez-toc-list-level-3' ><li class='ez-toc-heading-level-3'><a class=\"ez-toc-link ez-toc-heading-6\" href=\"https:\/\/idecesos.com\/seguros\/companias\/finisterre\/prima-mixta\/#Paginas_relacionadas\" >P\u00e1ginas relacionadas<\/a><\/li><\/ul><\/li><\/ul><\/nav><\/div>\n\n<p>Siendo de todas y cada una la m\u00e1s rentable de sus categor\u00edas que dispone la p\u00f3liza de seguro de decesos de prima mixta Finisterre. Esto se debe a que re\u00fane lo mejor de la prima natural y la prima nivelada, es decir, hasta cierta edad la prima anualmente va medrando pero sigue siendo asequible porque se acorta la esperanza de vida de los asegurados y la actualizaci\u00f3n de los precios de los servicios y cuando llega a una edad m\u00e1s mayor se nivela para estabilizar la prima en los a\u00f1os donde los asegurados deber\u00edan estar jubilados. <\/p>\n<p>Leer m\u00e1s: <a href=\"https:\/\/idecesos.com\/seguros\/tipo\/mixta\/\">Seguro de decesos Prima Mixta<\/a><\/p>\n<div class=\"colorf \"  ><div class=\"container clearfix\"><div class=\"col-md-7\"><\/p>\n<h2><span class=\"ez-toc-section\" id=\"Coberturas_seguro_Prima_Mixta_Finisterre\"><\/span>Coberturas seguro Prima Mixta Finisterre<span class=\"ez-toc-section-end\"><\/span><\/h2>\n<p>En el seguro de decesos de prima mixta de Finisterre los clientes es m\u00e1s usual que se pregunte qu\u00e9 es lo que cubre, con lo que en el seguro de decesos prima mixta Finisterre aparte de contar con las coberturas b\u00e1sicas y necesarias, frente al sepelio estaria todo cubierto, administraci\u00f3n de documentaci\u00f3n, traslado, flores,esquelas entre otros. Adem\u00e1s tiene coberturas a\u00f1adidas el seguro de prima mixta Finisterre que pueden los asegurados utilizar de manera gratuita y que son de gran utilidad para la vida por lo general. Para saber m\u00e1s coberturas que se ofrecen, realiza una comparativa en iDecesos y podr\u00e1s examinar las condiciones generales, el producto informativo de los seguros de prima mixta y confrontarlo con tu seguro de Finisterre, tal vez se asemeje m\u00e1s a tus necesidades otra oferta. Solo debes rellenar el siguiente cuestionario para conseguir en detalle tu p\u00f3liza del seguro de decesos de prima mixta de Finisterre con solo apuntar tu edad y localidad. Finisterre es una compa\u00f1\u00eda que se identifica por ser especialistas en los seguros de decesos de prima mixta, aparte de que te aseguran todas y cada una de las coberturas al completo de gran nivel, el servicio funerario, est\u00e1 recogido en las condiciones de la p\u00f3liza de prima mixta Finisterre. <\/p>\n<p><\/div><\/div><\/div>\n<h3><span class=\"ez-toc-section\" id=\"%C2%BFA_quien_va_dirigido_el_seguro_de_decesos_Prima_Mixta_de_Finisterre\"><\/span>\u00bfA qui\u00e9n va dirigido el seguro de decesos Prima Mixta de Finisterre?<span class=\"ez-toc-section-end\"><\/span><\/h3>\n<p>Es el mejor seguro para todas y cada una aquellas personas que est\u00e1n muy cerca de cumplir los 50 a\u00f1os en tanto que se van a poder favorecer de un pago m\u00e1s econ\u00f3mico. <\/p>\n<div class=\"colorf \"  ><div class=\"container clearfix\"><div class=\"col-md-7\"><\/p>\n<h2><span class=\"ez-toc-section\" id=\"Precio_de_seguro_de_decesos_Prima_Mixta_Finisterre\"><\/span>Precio de seguro de decesos Prima Mixta Finisterre<span class=\"ez-toc-section-end\"><\/span><\/h2>\n<p>El seguro de prima mixta Finisterre su coste es 1,99\u20ac por mes con las edades mejores y los precios m\u00e1s baratos de servicios funerarios para el deceso del fallecido cogido como muestra en Espa\u00f1a. Es importante, ya antes de contratar y abonar un precio de un seguro de prima mixta de Finisterre cotejar en iDecesos con otras propuestas de empresas de seguros semejantes en calidad y servicio a Finisterre. <\/p>\n<p><\/div><\/div><\/div>\n<h2><span class=\"ez-toc-section\" id=\"Productos_Prima_Mixta_Finisterre\"><\/span>Productos Prima Mixta Finisterre<span class=\"ez-toc-section-end\"><\/span><\/h2>\n<div class=\"colorf\"><div class=\"container clearfix\"><div class=\"col-md-7\"><div class=\"opiniones\">\n<h2><span class=\"ez-toc-section\" id=\"Opiniones_del_seguro_de_decesos_de_Prima_Mixta_de_Finisterre\"><\/span>Opiniones del seguro de decesos de Prima Mixta de Finisterre<span class=\"ez-toc-section-end\"><\/span><\/h2>\n<p>Todas y cada una de las opiniones est\u00e1n filtradas por los expertos de iDecesos por lo que se categorizan con buenas rese\u00f1as a este respecto al seguro de decesos de prima mixta de Finisterre. Hemos analizado una a una cada una de las coberturas y servicios de la p\u00f3liza y examinado el condicionado general de Finisterre, y hemos llegado a la conclusi\u00f3n que nos hallamos ante un espl\u00e9ndido producto de seguro de prima mixta. <\/p>\n<div class=\"opinion \"  >\n\t\t\t<div class=\"cabecera_opinion\">\n\t\t\t\t<div class=\"avatar\">R V <\/div>\n\t\t\t\t<div class=\"datos_opinion\">\n\t\t\t\t\t<div class=\"nombre_opinion\">Reyes Villar<\/div>\n\t\t\t\t\t<div class=\"info_opinion\">\t\t\t\t\t\t\n\t\t\t\t\t\t<div class=\"cuenta_opinion\"><i class=\"fas fa-pencil-alt\"><\/i><!--span class=\"dashicons dashicons-edit\" style=\"font-size:20px\"><\/span--><span>1 Opini\u00f3n<\/span><\/div>\t\t\t\t\t\t\n\t\t\t\t\t\t<div class=\"localizacion_opinion\">\n\t\t\t\t\t\t\t<i class=\"fas fa-map-marker-alt\"><\/i><!--span class=\"dashicons dashicons-location\" style=\"font-size:20px\"><\/span-->\n\t\t\t\t\t\t\t<span>ES<\/span>\n\t\t\t\t\t\t<\/div>\t\n\t\t\t\t\t<\/div>\n\t\t\t\t<\/div>\n\t\t\t<\/div><div class=\"texto_opinion\"><\/p>\n<p>Aconsejo el seguro de prima Mixta de Finisterre sin lugar a dudas, porque cuando muri\u00f3 mi abuelo respondieron fenomenal.<\/p>\n<p><\/div><\/div>\n<div class=\"opinion \"  >\n\t\t\t<div class=\"cabecera_opinion\">\n\t\t\t\t<div class=\"avatar\">L H <\/div>\n\t\t\t\t<div class=\"datos_opinion\">\n\t\t\t\t\t<div class=\"nombre_opinion\">Luciano Higueras<\/div>\n\t\t\t\t\t<div class=\"info_opinion\">\t\t\t\t\t\t\n\t\t\t\t\t\t<div class=\"cuenta_opinion\"><i class=\"fas fa-pencil-alt\"><\/i><!--span class=\"dashicons dashicons-edit\" style=\"font-size:20px\"><\/span--><span>1 Opini\u00f3n<\/span><\/div>\t\t\t\t\t\t\n\t\t\t\t\t\t<div class=\"localizacion_opinion\">\n\t\t\t\t\t\t\t<i class=\"fas fa-map-marker-alt\"><\/i><!--span class=\"dashicons dashicons-location\" style=\"font-size:20px\"><\/span-->\n\t\t\t\t\t\t\t<span>ES<\/span>\n\t\t\t\t\t\t<\/div>\t\n\t\t\t\t\t<\/div>\n\t\t\t\t<\/div>\n\t\t\t<\/div><div class=\"texto_opinion\"><\/p>\n<p>Tengo una opini\u00f3n muy positiva del seguro de prima Mixta de Finisterre porque lo hemos utilizado para nuestra abuela y todo fue perfecto.<\/p>\n<p><\/div><\/div>\n<div class=\"opinion \"  >\n\t\t\t<div class=\"cabecera_opinion\">\n\t\t\t\t<div class=\"avatar\">P C <\/div>\n\t\t\t\t<div class=\"datos_opinion\">\n\t\t\t\t\t<div class=\"nombre_opinion\">Piedad Castrillo<\/div>\n\t\t\t\t\t<div class=\"info_opinion\">\t\t\t\t\t\t\n\t\t\t\t\t\t<div class=\"cuenta_opinion\"><i class=\"fas fa-pencil-alt\"><\/i><!--span class=\"dashicons dashicons-edit\" style=\"font-size:20px\"><\/span--><span>1 Opini\u00f3n<\/span><\/div>\t\t\t\t\t\t\n\t\t\t\t\t\t<div class=\"localizacion_opinion\">\n\t\t\t\t\t\t\t<i class=\"fas fa-map-marker-alt\"><\/i><!--span class=\"dashicons dashicons-location\" style=\"font-size:20px\"><\/span-->\n\t\t\t\t\t\t\t<span>ES<\/span>\n\t\t\t\t\t\t<\/div>\t\n\t\t\t\t\t<\/div>\n\t\t\t\t<\/div>\n\t\t\t<\/div><div class=\"texto_opinion\"><\/p>\n<p>Al comienzo Finisterre me ofrezco un trato fant\u00e1stico, as\u00ed sea forma telef\u00f3nica como presencialmente yendo a sus oficinas, por eso no he tenido ninguna protesta,  cuando realice el contrato era muy joven con lo que el precio era bastante econ\u00f3mico, pero cuando he aumentado en a\u00f1os, he apreciado una subido en el importe del coste de Finisterre.<\/p>\n<p><\/div><\/div>\n<\/div><\/div><\/div><\/div>\n<p><div class=\"oficinas\"><br \/>\n<h3><span class=\"ez-toc-section\" id=\"Paginas_relacionadas\"><\/span>P\u00e1ginas relacionadas<span class=\"ez-toc-section-end\"><\/span><\/h3><div class=\"enlazado\"><ul> <li><a href=\"https:\/\/idecesos.com\/seguros\/companias\/finisterre\/precio\/\">Precio seguro Finisterre<\/a><\/li> <li><a href=\"https:\/\/idecesos.com\/seguros\/companias\/finisterre\/prima-mixta\/\">Finisterre Prima Mixta<\/a><\/li> <li><a href=\"https:\/\/idecesos.com\/seguros\/companias\/finisterre\/prima-natural\/\">Finisterre Prima Natural<\/a><\/li> <li><a href=\"https:\/\/idecesos.com\/seguros\/companias\/finisterre\/prima-nivelada\/\">Finisterre Prima Nivelada<\/a><\/li> <li><a href=\"https:\/\/idecesos.com\/seguros\/companias\/finisterre\/prima-unica\/\">Finisterre Prima \u00danica<\/a><\/li> <li><a href=\"https:\/\/idecesos.com\/seguros\/companias\/finisterre\/repatriacion\/\">Finisterre Repatriaci\u00f3n<\/a><\/li> <li><a href=\"https:\/\/idecesos.com\/seguros\/companias\/finisterre\/telefono\/\">Tel\u00e9fono Gratuito Finisterre<\/a><\/li> <li><a href=\"https:\/\/idecesos.com\/seguros\/companias\/finisterre\/toledo\/\">Seguro de Decesos Finisterre Toledo<\/a><\/li><\/ul><\/div><\/p>\n<\/div>\n","protected":false},"excerpt":{"rendered":"<p>Siendo de todas y cada una la m\u00e1s rentable de sus categor\u00edas que dispone la p\u00f3liza de seguro de decesos de prima mixta Finisterre. Esto se debe a que re\u00fane lo mejor de la prima natural y la prima nivelada, es decir, hasta cierta edad la prima anualmente va medrando pero sigue siendo asequible porque&hellip; <\/p>\n","protected":false},"author":3,"featured_media":0,"parent":628,"menu_order":0,"comment_status":"closed","ping_status":"closed","template":"single.php","meta":{"footnotes":""},"class_list":["post-11406","page","type-page","status-publish","hentry"],"yoast_head":"<!-- This site is optimized with the Yoast SEO plugin v27.4 - https:\/\/yoast.com\/product\/yoast-seo-wordpress\/ -->\n<title>Seguro Decesos Finisterre Prima Mixta \u25b7 Opiniones y Precio 2026<\/title>\n<meta name=\"description\" content=\"Click aqu\u00ed \u3010Seguro de Decesos Prima Mixta Finisterre\u3011 Mejores precios Finisterre seguro de fallecidos Prima Mixta \u2611\ufe0f Actualizado por iDecesos\u00ae\" \/>\n<meta name=\"robots\" content=\"index, follow, max-snippet:-1, max-image-preview:large, max-video-preview:-1\" \/>\n<link rel=\"canonical\" href=\"https:\/\/idecesos.com\/seguros\/companias\/finisterre\/prima-mixta\/\" \/>\n<meta property=\"og:locale\" content=\"es_ES\" \/>\n<meta property=\"og:type\" content=\"article\" \/>\n<meta property=\"og:title\" content=\"Seguro Decesos Finisterre Prima Mixta \u25b7 Opiniones y Precio 2026\" \/>\n<meta property=\"og:description\" content=\"Click aqu\u00ed \u3010Seguro de Decesos Prima Mixta Finisterre\u3011 Mejores precios Finisterre seguro de fallecidos Prima Mixta \u2611\ufe0f Actualizado por iDecesos\u00ae\" \/>\n<meta property=\"og:url\" content=\"https:\/\/idecesos.com\/seguros\/companias\/finisterre\/prima-mixta\/\" \/>\n<meta property=\"article:modified_time\" content=\"2022-01-03T12:30:15+00:00\" \/>\n<meta name=\"twitter:card\" content=\"summary_large_image\" \/>\n<meta name=\"twitter:label1\" content=\"Tiempo de lectura\" \/>\n\t<meta name=\"twitter:data1\" content=\"54 minutos\" \/>\n<script type=\"application\/ld+json\" class=\"yoast-schema-graph\">{\"@context\":\"https:\\\/\\\/schema.org\",\"@graph\":[{\"@type\":\"WebPage\",\"@id\":\"https:\\\/\\\/idecesos.com\\\/seguros\\\/companias\\\/finisterre\\\/prima-mixta\\\/\",\"url\":\"https:\\\/\\\/idecesos.com\\\/seguros\\\/companias\\\/finisterre\\\/prima-mixta\\\/\",\"name\":\"Seguro Decesos Finisterre Prima Mixta \u25b7 Opiniones y Precio 2026\",\"isPartOf\":{\"@id\":\"https:\\\/\\\/idecesos.com\\\/seguros\\\/#website\"},\"datePublished\":\"2021-11-02T00:00:00+00:00\",\"dateModified\":\"2022-01-03T12:30:15+00:00\",\"description\":\"Click aqu\u00ed \u3010Seguro de Decesos Prima Mixta Finisterre\u3011 Mejores precios Finisterre seguro de fallecidos Prima Mixta \u2611\ufe0f Actualizado por iDecesos\u00ae\",\"breadcrumb\":{\"@id\":\"https:\\\/\\\/idecesos.com\\\/seguros\\\/companias\\\/finisterre\\\/prima-mixta\\\/#breadcrumb\"},\"inLanguage\":\"es\",\"potentialAction\":[{\"@type\":\"ReadAction\",\"target\":[\"https:\\\/\\\/idecesos.com\\\/seguros\\\/companias\\\/finisterre\\\/prima-mixta\\\/\"]}]},{\"@type\":\"BreadcrumbList\",\"@id\":\"https:\\\/\\\/idecesos.com\\\/seguros\\\/companias\\\/finisterre\\\/prima-mixta\\\/#breadcrumb\",\"itemListElement\":[{\"@type\":\"ListItem\",\"position\":1,\"name\":\"Portada\",\"item\":\"https:\\\/\\\/idecesos.com\\\/seguros\\\/\"},{\"@type\":\"ListItem\",\"position\":2,\"name\":\"Compa\u00f1\u00edas de Seguros de Decesos en Espa\u00f1a\",\"item\":\"https:\\\/\\\/idecesos.com\\\/seguros\\\/companias\\\/\"},{\"@type\":\"ListItem\",\"position\":3,\"name\":\"Seguro de decesos Finisterre\",\"item\":\"https:\\\/\\\/idecesos.com\\\/seguros\\\/companias\\\/finisterre\\\/\"},{\"@type\":\"ListItem\",\"position\":4,\"name\":\"Seguro de decesos Finisterre Prima Mixta\"}]},{\"@type\":\"WebSite\",\"@id\":\"https:\\\/\\\/idecesos.com\\\/seguros\\\/#website\",\"url\":\"https:\\\/\\\/idecesos.com\\\/seguros\\\/\",\"name\":\"\",\"description\":\"\",\"potentialAction\":[{\"@type\":\"SearchAction\",\"target\":{\"@type\":\"EntryPoint\",\"urlTemplate\":\"https:\\\/\\\/idecesos.com\\\/seguros\\\/?s={search_term_string}\"},\"query-input\":{\"@type\":\"PropertyValueSpecification\",\"valueRequired\":true,\"valueName\":\"search_term_string\"}}],\"inLanguage\":\"es\"}]}<\/script>\n<!-- \/ Yoast SEO plugin. -->","yoast_head_json":{"title":"Seguro Decesos Finisterre Prima Mixta \u25b7 Opiniones y Precio 2026","description":"Click aqu\u00ed \u3010Seguro de Decesos Prima Mixta Finisterre\u3011 Mejores precios Finisterre seguro de fallecidos Prima Mixta \u2611\ufe0f Actualizado por iDecesos\u00ae","robots":{"index":"index","follow":"follow","max-snippet":"max-snippet:-1","max-image-preview":"max-image-preview:large","max-video-preview":"max-video-preview:-1"},"canonical":"https:\/\/idecesos.com\/seguros\/companias\/finisterre\/prima-mixta\/","og_locale":"es_ES","og_type":"article","og_title":"Seguro Decesos Finisterre Prima Mixta \u25b7 Opiniones y Precio 2026","og_description":"Click aqu\u00ed \u3010Seguro de Decesos Prima Mixta Finisterre\u3011 Mejores precios Finisterre seguro de fallecidos Prima Mixta \u2611\ufe0f Actualizado por iDecesos\u00ae","og_url":"https:\/\/idecesos.com\/seguros\/companias\/finisterre\/prima-mixta\/","article_modified_time":"2022-01-03T12:30:15+00:00","twitter_card":"summary_large_image","twitter_misc":{"Tiempo de lectura":"54 minutos"},"schema":{"@context":"https:\/\/schema.org","@graph":[{"@type":"WebPage","@id":"https:\/\/idecesos.com\/seguros\/companias\/finisterre\/prima-mixta\/","url":"https:\/\/idecesos.com\/seguros\/companias\/finisterre\/prima-mixta\/","name":"Seguro Decesos Finisterre Prima Mixta \u25b7 Opiniones y Precio 2026","isPartOf":{"@id":"https:\/\/idecesos.com\/seguros\/#website"},"datePublished":"2021-11-02T00:00:00+00:00","dateModified":"2022-01-03T12:30:15+00:00","description":"Click aqu\u00ed \u3010Seguro de Decesos Prima Mixta Finisterre\u3011 Mejores precios Finisterre seguro de fallecidos Prima Mixta \u2611\ufe0f Actualizado por iDecesos\u00ae","breadcrumb":{"@id":"https:\/\/idecesos.com\/seguros\/companias\/finisterre\/prima-mixta\/#breadcrumb"},"inLanguage":"es","potentialAction":[{"@type":"ReadAction","target":["https:\/\/idecesos.com\/seguros\/companias\/finisterre\/prima-mixta\/"]}]},{"@type":"BreadcrumbList","@id":"https:\/\/idecesos.com\/seguros\/companias\/finisterre\/prima-mixta\/#breadcrumb","itemListElement":[{"@type":"ListItem","position":1,"name":"Portada","item":"https:\/\/idecesos.com\/seguros\/"},{"@type":"ListItem","position":2,"name":"Compa\u00f1\u00edas de Seguros de Decesos en Espa\u00f1a","item":"https:\/\/idecesos.com\/seguros\/companias\/"},{"@type":"ListItem","position":3,"name":"Seguro de decesos Finisterre","item":"https:\/\/idecesos.com\/seguros\/companias\/finisterre\/"},{"@type":"ListItem","position":4,"name":"Seguro de decesos Finisterre Prima Mixta"}]},{"@type":"WebSite","@id":"https:\/\/idecesos.com\/seguros\/#website","url":"https:\/\/idecesos.com\/seguros\/","name":"","description":"","potentialAction":[{"@type":"SearchAction","target":{"@type":"EntryPoint","urlTemplate":"https:\/\/idecesos.com\/seguros\/?s={search_term_string}"},"query-input":{"@type":"PropertyValueSpecification","valueRequired":true,"valueName":"search_term_string"}}],"inLanguage":"es"}]}},"_links":{"self":[{"href":"https:\/\/idecesos.com\/seguros\/wp-json\/wp\/v2\/pages\/11406","targetHints":{"allow":["GET"]}}],"collection":[{"href":"https:\/\/idecesos.com\/seguros\/wp-json\/wp\/v2\/pages"}],"about":[{"href":"https:\/\/idecesos.com\/seguros\/wp-json\/wp\/v2\/types\/page"}],"author":[{"embeddable":true,"href":"https:\/\/idecesos.com\/seguros\/wp-json\/wp\/v2\/users\/3"}],"replies":[{"embeddable":true,"href":"https:\/\/idecesos.com\/seguros\/wp-json\/wp\/v2\/comments?post=11406"}],"version-history":[{"count":1,"href":"https:\/\/idecesos.com\/seguros\/wp-json\/wp\/v2\/pages\/11406\/revisions"}],"predecessor-version":[{"id":12910,"href":"https:\/\/idecesos.com\/seguros\/wp-json\/wp\/v2\/pages\/11406\/revisions\/12910"}],"up":[{"embeddable":true,"href":"https:\/\/idecesos.com\/seguros\/wp-json\/wp\/v2\/pages\/628"}],"wp:attachment":[{"href":"https:\/\/idecesos.com\/seguros\/wp-json\/wp\/v2\/media?parent=11406"}],"curies":[{"name":"wp","href":"https:\/\/api.w.org\/{rel}","templated":true}]}}