{"id":11408,"date":"2021-11-02T00:00:00","date_gmt":"2021-11-02T00:00:00","guid":{"rendered":"https:\/\/idecesos.com\/seguros\/?page_id=11408"},"modified":"2022-01-03T12:30:05","modified_gmt":"2022-01-03T12:30:05","slug":"prima-natural","status":"publish","type":"page","link":"https:\/\/idecesos.com\/seguros\/companias\/caja-ingenieros\/prima-natural\/","title":{"rendered":"Seguro de decesos Caja Ingenieros Prima Natural"},"content":{"rendered":"<div id=\"ez-toc-container\" class=\"ez-toc-v2_0_82_2 ez-toc-wrap-center counter-hierarchy ez-toc-counter ez-toc-custom ez-toc-container-direction\">\n<div class=\"ez-toc-title-container\">\n<p class=\"ez-toc-title\" style=\"cursor:inherit\">Tabla de Contenido<\/p>\n<span class=\"ez-toc-title-toggle\"><a href=\"#\" class=\"ez-toc-pull-right ez-toc-btn ez-toc-btn-xs ez-toc-btn-default ez-toc-toggle\" aria-label=\"Alternar tabla de contenidos\"><span class=\"ez-toc-js-icon-con\"><span class=\"\"><span class=\"eztoc-hide\" style=\"display:none;\">Toggle<\/span><span class=\"ez-toc-icon-toggle-span\"><svg style=\"fill: #db6415;color:#db6415\" xmlns=\"http:\/\/www.w3.org\/2000\/svg\" class=\"list-377408\" width=\"20px\" height=\"20px\" viewBox=\"0 0 24 24\" fill=\"none\"><path d=\"M6 6H4v2h2V6zm14 0H8v2h12V6zM4 11h2v2H4v-2zm16 0H8v2h12v-2zM4 16h2v2H4v-2zm16 0H8v2h12v-2z\" fill=\"currentColor\"><\/path><\/svg><svg style=\"fill: #db6415;color:#db6415\" class=\"arrow-unsorted-368013\" xmlns=\"http:\/\/www.w3.org\/2000\/svg\" width=\"10px\" height=\"10px\" viewBox=\"0 0 24 24\" version=\"1.2\" baseProfile=\"tiny\"><path d=\"M18.2 9.3l-6.2-6.3-6.2 6.3c-.2.2-.3.4-.3.7s.1.5.3.7c.2.2.4.3.7.3h11c.3 0 .5-.1.7-.3.2-.2.3-.5.3-.7s-.1-.5-.3-.7zM5.8 14.7l6.2 6.3 6.2-6.3c.2-.2.3-.5.3-.7s-.1-.5-.3-.7c-.2-.2-.4-.3-.7-.3h-11c-.3 0-.5.1-.7.3-.2.2-.3.5-.3.7s.1.5.3.7z\"\/><\/svg><\/span><\/span><\/span><\/a><\/span><\/div>\n<nav><ul class='ez-toc-list ez-toc-list-level-1 ' ><li class='ez-toc-page-1 ez-toc-heading-level-2'><a class=\"ez-toc-link ez-toc-heading-1\" href=\"https:\/\/idecesos.com\/seguros\/companias\/caja-ingenieros\/prima-natural\/#Coberturas_seguro_Prima_Natural_Caja_Ingenieros\" >Coberturas seguro Prima Natural Caja Ingenieros<\/a><ul class='ez-toc-list-level-3' ><li class='ez-toc-heading-level-3'><a class=\"ez-toc-link ez-toc-heading-2\" href=\"https:\/\/idecesos.com\/seguros\/companias\/caja-ingenieros\/prima-natural\/#%C2%BFA_quien_va_dirigido_el_seguro_de_decesos_Prima_Natural_de_Caja_Ingenieros\" >\u00bfA qui\u00e9n va dirigido el seguro de decesos Prima Natural de Caja Ingenieros?<\/a><\/li><\/ul><\/li><li class='ez-toc-page-1 ez-toc-heading-level-2'><a class=\"ez-toc-link ez-toc-heading-3\" href=\"https:\/\/idecesos.com\/seguros\/companias\/caja-ingenieros\/prima-natural\/#Precio_de_seguro_de_decesos_Prima_Natural_Caja_Ingenieros\" >Precio de seguro de decesos Prima Natural Caja Ingenieros<\/a><\/li><li class='ez-toc-page-1 ez-toc-heading-level-2'><a class=\"ez-toc-link ez-toc-heading-4\" href=\"https:\/\/idecesos.com\/seguros\/companias\/caja-ingenieros\/prima-natural\/#Productos_Prima_Natural_Caja_Ingenieros\" >Productos Prima Natural Caja Ingenieros<\/a><\/li><li class='ez-toc-page-1 ez-toc-heading-level-2'><a class=\"ez-toc-link ez-toc-heading-5\" href=\"https:\/\/idecesos.com\/seguros\/companias\/caja-ingenieros\/prima-natural\/#Opiniones_del_seguro_de_decesos_de_Prima_Natural_de_Caja_Ingenieros\" >Opiniones del seguro de decesos de Prima Natural de Caja Ingenieros<\/a><ul class='ez-toc-list-level-3' ><li class='ez-toc-heading-level-3'><a class=\"ez-toc-link ez-toc-heading-6\" href=\"https:\/\/idecesos.com\/seguros\/companias\/caja-ingenieros\/prima-natural\/#Paginas_relacionadas\" >P\u00e1ginas relacionadas<\/a><\/li><\/ul><\/li><\/ul><\/nav><\/div>\n\n<p>El seguro de prima natural de Caja Ingenieros es el que revisa su precio de forma anual renovable a medida que los asegurados van cumpliendo a\u00f1os y aumenta el coste muy levemente y conforme la suma asegurada del servicio f\u00fanebre en cada a\u00f1o. El resultado de estar en un rango de edad joven la p\u00f3liza de prima natural de Caja Ingenieros te resultar\u00e1 bastante econ\u00f3mico pero cuando se aumenten los a\u00f1os va a dejar de ser interesante ya que no va a ser tan rentable. Este producto naci\u00f3 con el fin de que cada persona o n\u00facleos familiares. con asegurados j\u00f3venes, en el momento de contratar el seguro de decesos de prima natural de Caja Ingenieros es completamente m\u00e1s barata. <\/p>\n<p>Leer m\u00e1s: <a href=\"https:\/\/idecesos.com\/seguros\/tipo\/natural\/\">Seguro de decesos Prima Natural<\/a><\/p>\n<div class=\"colorf \"  ><div class=\"container clearfix\"><div class=\"col-md-7\"><\/p>\n<h2><span class=\"ez-toc-section\" id=\"Coberturas_seguro_Prima_Natural_Caja_Ingenieros\"><\/span>Coberturas seguro Prima Natural Caja Ingenieros<span class=\"ez-toc-section-end\"><\/span><\/h2>\n<p>El seguro de decesos de prima nivelada de Caja Ingenieros la cuesti\u00f3n que han efectuado los clientes del servicio con m\u00e1s frecuencia es a este respecto de sus cobertura, puesto que la prima es baja. Caja Ingenieros con el seguro de prima natural, se hacen cargo de dar calma a sus clientes del servicio, respecto a las coberturas que contiene al completo, el servicio de sepelio es uno de los servicios que queda completamente cubierto as\u00ed como cualquier tr\u00e1mite legal pertinente. Caja Ingenieros en las coberturas que cuenta cubre al completo desde el desplazamiento, hospitalizaci\u00f3n y todo el proceso que se lleva a cabo en el momento funerario. Tambi\u00e9n incluye el acto religioso, tramitaci\u00f3n legal de los documentos precisos. Asimismo, el seguro de prima natural Caja Ingenieros, tiene unas coberturas adicionales que le dar\u00e1n un confort a los asegurados durante la permanencia con Caja Ingenieros que no les va a dejar indiferente y que les har\u00e1 decantarse por Caja Ingenieros. <\/p>\n<p><\/div><\/div><\/div>\n<h3><span class=\"ez-toc-section\" id=\"%C2%BFA_quien_va_dirigido_el_seguro_de_decesos_Prima_Natural_de_Caja_Ingenieros\"><\/span>\u00bfA qui\u00e9n va dirigido el seguro de decesos Prima Natural de Caja Ingenieros?<span class=\"ez-toc-section-end\"><\/span><\/h3>\n<p>El seguro de prima natural de Caja Ingenieros se dirige a un perfil de usuario en tramo de edad joven, puesto que ofrece una prima de seguro muy econ\u00f3mica. El perfil del cliente del servicio de prima natural es joven de ah\u00ed que son primas tan ajustadas y atienden a la esperanza de vida en cada instante. <\/p>\n<div class=\"colorf \"  ><div class=\"container clearfix\"><div class=\"col-md-7\"><\/p>\n<h2><span class=\"ez-toc-section\" id=\"Precio_de_seguro_de_decesos_Prima_Natural_Caja_Ingenieros\"><\/span>Precio de seguro de decesos Prima Natural Caja Ingenieros<span class=\"ez-toc-section-end\"><\/span><\/h2>\n<p>El precio del seguro de prima natural en Caja Ingenieros es 19 euros al a\u00f1o teniendo en cuanto asegurados muy j\u00f3venes y de localidades donde el coste del servicio f\u00fanebre es barat\u00edsimo. Antes de realizar la contrataci\u00f3n del seguro de prima nivelada Caja Ingenieros es esencial saber los diferentes precios que hay en el mercado a fin de que puedas equipararlas y poder escoger el m\u00e1s atinado iDecesos te la soluci\u00f3n en menos de 1 minuto. <\/p>\n<p><\/div><\/div><\/div>\n<h2><span class=\"ez-toc-section\" id=\"Productos_Prima_Natural_Caja_Ingenieros\"><\/span>Productos Prima Natural Caja Ingenieros<span class=\"ez-toc-section-end\"><\/span><\/h2>\n<div class=\"colorf\"><div class=\"container clearfix\"><div class=\"col-md-7\"><div class=\"opiniones\">\n<h2><span class=\"ez-toc-section\" id=\"Opiniones_del_seguro_de_decesos_de_Prima_Natural_de_Caja_Ingenieros\"><\/span>Opiniones del seguro de decesos de Prima Natural de Caja Ingenieros<span class=\"ez-toc-section-end\"><\/span><\/h2>\n<div class=\"opinion \"  >\n\t\t\t<div class=\"cabecera_opinion\">\n\t\t\t\t<div class=\"avatar\">J M P <\/div>\n\t\t\t\t<div class=\"datos_opinion\">\n\t\t\t\t\t<div class=\"nombre_opinion\">Jose Manuel Palma<\/div>\n\t\t\t\t\t<div class=\"info_opinion\">\t\t\t\t\t\t\n\t\t\t\t\t\t<div class=\"cuenta_opinion\"><i class=\"fas fa-pencil-alt\"><\/i><!--span class=\"dashicons dashicons-edit\" style=\"font-size:20px\"><\/span--><span>1 Opini\u00f3n<\/span><\/div>\t\t\t\t\t\t\n\t\t\t\t\t\t<div class=\"localizacion_opinion\">\n\t\t\t\t\t\t\t<i class=\"fas fa-map-marker-alt\"><\/i><!--span class=\"dashicons dashicons-location\" style=\"font-size:20px\"><\/span-->\n\t\t\t\t\t\t\t<span>ES<\/span>\n\t\t\t\t\t\t<\/div>\t\n\t\t\t\t\t<\/div>\n\t\t\t\t<\/div>\n\t\t\t<\/div><div class=\"texto_opinion\"><\/p>\n<p>Tengo asegurado a mis 3 hijos y a mi mujer con el seguro de prima \u00fanica de Caja Ingenieros y pago 12,80 euros al mes por todos, est\u00e1 sinceramente bien y con una compa\u00f1\u00eda top.<\/p>\n<p><\/div><\/div>\n<div class=\"opinion \"  >\n\t\t\t<div class=\"cabecera_opinion\">\n\t\t\t\t<div class=\"avatar\">J G <\/div>\n\t\t\t\t<div class=\"datos_opinion\">\n\t\t\t\t\t<div class=\"nombre_opinion\">Joel Galo<\/div>\n\t\t\t\t\t<div class=\"info_opinion\">\t\t\t\t\t\t\n\t\t\t\t\t\t<div class=\"cuenta_opinion\"><i class=\"fas fa-pencil-alt\"><\/i><!--span class=\"dashicons dashicons-edit\" style=\"font-size:20px\"><\/span--><span>1 Opini\u00f3n<\/span><\/div>\t\t\t\t\t\t\n\t\t\t\t\t\t<div class=\"localizacion_opinion\">\n\t\t\t\t\t\t\t<i class=\"fas fa-map-marker-alt\"><\/i><!--span class=\"dashicons dashicons-location\" style=\"font-size:20px\"><\/span-->\n\t\t\t\t\t\t\t<span>ES<\/span>\n\t\t\t\t\t\t<\/div>\t\n\t\t\t\t\t<\/div>\n\t\t\t\t<\/div>\n\t\t\t<\/div><div class=\"texto_opinion\"><\/p>\n<p>La mejor p\u00f3liza de prima natural que destaca en el mercado es Caja Ingenieros por el mejor servicio en coberturas y por el trato servicial cara sus clientes en todo momento.<\/p>\n<p><\/div><\/div>\n<div class=\"opinion \"  >\n\t\t\t<div class=\"cabecera_opinion\">\n\t\t\t\t<div class=\"avatar\">A G <\/div>\n\t\t\t\t<div class=\"datos_opinion\">\n\t\t\t\t\t<div class=\"nombre_opinion\">Am\u00e9rico Gelabert<\/div>\n\t\t\t\t\t<div class=\"info_opinion\">\t\t\t\t\t\t\n\t\t\t\t\t\t<div class=\"cuenta_opinion\"><i class=\"fas fa-pencil-alt\"><\/i><!--span class=\"dashicons dashicons-edit\" style=\"font-size:20px\"><\/span--><span>1 Opini\u00f3n<\/span><\/div>\t\t\t\t\t\t\n\t\t\t\t\t\t<div class=\"localizacion_opinion\">\n\t\t\t\t\t\t\t<i class=\"fas fa-map-marker-alt\"><\/i><!--span class=\"dashicons dashicons-location\" style=\"font-size:20px\"><\/span-->\n\t\t\t\t\t\t\t<span>ES<\/span>\n\t\t\t\t\t\t<\/div>\t\n\t\t\t\t\t<\/div>\n\t\t\t\t<\/div>\n\t\t\t<\/div><div class=\"texto_opinion\"><\/p>\n<p>Mi marido lleva trabajando como consultor m\u00e1s de 15 a\u00f1os por lo que le parec\u00eda estupendo la idea de optar por el seguro de prima natural deCaja Ingenieros para nuestros 3 hijos.<\/p>\n<p><\/div><\/div>\n<\/div><\/div><\/div><\/div>\n<p><div class=\"oficinas\"><br \/>\n<h3><span class=\"ez-toc-section\" id=\"Paginas_relacionadas\"><\/span>P\u00e1ginas relacionadas<span class=\"ez-toc-section-end\"><\/span><\/h3><div class=\"enlazado\"><ul> <li><a href=\"https:\/\/idecesos.com\/seguros\/companias\/caja-ingenieros\/opiniones\/\">Opiniones Caja Ingenieros<\/a><\/li> <li><a href=\"https:\/\/idecesos.com\/seguros\/companias\/caja-ingenieros\/precio\/\">Precio seguro Caja Ingenieros<\/a><\/li> <li><a href=\"https:\/\/idecesos.com\/seguros\/companias\/caja-ingenieros\/prima-mixta\/\">Caja Ingenieros Prima Mixta<\/a><\/li> <li><a href=\"https:\/\/idecesos.com\/seguros\/companias\/caja-ingenieros\/prima-natural\/\">Caja Ingenieros Prima Natural<\/a><\/li> <li><a href=\"https:\/\/idecesos.com\/seguros\/companias\/caja-ingenieros\/prima-nivelada\/\">Caja Ingenieros Prima Nivelada<\/a><\/li> <li><a href=\"https:\/\/idecesos.com\/seguros\/companias\/caja-ingenieros\/prima-unica\/\">Caja Ingenieros Prima \u00danica<\/a><\/li> <li><a href=\"https:\/\/idecesos.com\/seguros\/companias\/caja-ingenieros\/repatriacion\/\">Caja Ingenieros Repatriaci\u00f3n<\/a><\/li> <li><a href=\"https:\/\/idecesos.com\/seguros\/companias\/caja-ingenieros\/telefono\/\">Tel\u00e9fono Gratuito Caja Ingenieros<\/a><\/li><\/ul><\/div><\/p>\n<\/div>\n","protected":false},"excerpt":{"rendered":"<p>El seguro de prima natural de Caja Ingenieros es el que revisa su precio de forma anual renovable a medida que los asegurados van cumpliendo a\u00f1os y aumenta el coste muy levemente y conforme la suma asegurada del servicio f\u00fanebre en cada a\u00f1o. El resultado de estar en un rango de edad joven la p\u00f3liza&hellip; <\/p>\n","protected":false},"author":3,"featured_media":0,"parent":585,"menu_order":0,"comment_status":"closed","ping_status":"closed","template":"single.php","meta":{"footnotes":""},"class_list":["post-11408","page","type-page","status-publish","hentry"],"yoast_head":"<!-- This site is optimized with the Yoast SEO plugin v27.5 - https:\/\/yoast.com\/product\/yoast-seo-wordpress\/ -->\n<title>Seguro Decesos Caja Ingenieros Prima Natural \u25b7 Opiniones y Precio 2026<\/title>\n<meta name=\"description\" content=\"Click aqu\u00ed \u3010Seguro de Decesos Prima Natural Caja Ingenieros\u3011 Mejores precios Caja Ingenieros seguro de fallecidos Prima Natural \u2611\ufe0f Actualizado por iDecesos\u00ae\" \/>\n<meta name=\"robots\" content=\"index, follow, max-snippet:-1, max-image-preview:large, max-video-preview:-1\" \/>\n<link rel=\"canonical\" href=\"https:\/\/idecesos.com\/seguros\/companias\/caja-ingenieros\/prima-natural\/\" \/>\n<meta property=\"og:locale\" content=\"es_ES\" \/>\n<meta property=\"og:type\" content=\"article\" \/>\n<meta property=\"og:title\" content=\"Seguro Decesos Caja Ingenieros Prima Natural \u25b7 Opiniones y Precio 2026\" \/>\n<meta property=\"og:description\" content=\"Click aqu\u00ed \u3010Seguro de Decesos Prima Natural Caja Ingenieros\u3011 Mejores precios Caja Ingenieros seguro de fallecidos Prima Natural \u2611\ufe0f Actualizado por iDecesos\u00ae\" \/>\n<meta property=\"og:url\" content=\"https:\/\/idecesos.com\/seguros\/companias\/caja-ingenieros\/prima-natural\/\" \/>\n<meta property=\"article:modified_time\" content=\"2022-01-03T12:30:05+00:00\" \/>\n<meta name=\"twitter:card\" content=\"summary_large_image\" \/>\n<meta name=\"twitter:label1\" content=\"Tiempo de lectura\" \/>\n\t<meta name=\"twitter:data1\" content=\"54 minutos\" \/>\n<script type=\"application\/ld+json\" class=\"yoast-schema-graph\">{\"@context\":\"https:\\\/\\\/schema.org\",\"@graph\":[{\"@type\":\"WebPage\",\"@id\":\"https:\\\/\\\/idecesos.com\\\/seguros\\\/companias\\\/caja-ingenieros\\\/prima-natural\\\/\",\"url\":\"https:\\\/\\\/idecesos.com\\\/seguros\\\/companias\\\/caja-ingenieros\\\/prima-natural\\\/\",\"name\":\"Seguro Decesos Caja Ingenieros Prima Natural \u25b7 Opiniones y Precio 2026\",\"isPartOf\":{\"@id\":\"https:\\\/\\\/idecesos.com\\\/seguros\\\/#website\"},\"datePublished\":\"2021-11-02T00:00:00+00:00\",\"dateModified\":\"2022-01-03T12:30:05+00:00\",\"description\":\"Click aqu\u00ed \u3010Seguro de Decesos Prima Natural Caja Ingenieros\u3011 Mejores precios Caja Ingenieros seguro de fallecidos Prima Natural \u2611\ufe0f Actualizado por iDecesos\u00ae\",\"breadcrumb\":{\"@id\":\"https:\\\/\\\/idecesos.com\\\/seguros\\\/companias\\\/caja-ingenieros\\\/prima-natural\\\/#breadcrumb\"},\"inLanguage\":\"es\",\"potentialAction\":[{\"@type\":\"ReadAction\",\"target\":[\"https:\\\/\\\/idecesos.com\\\/seguros\\\/companias\\\/caja-ingenieros\\\/prima-natural\\\/\"]}]},{\"@type\":\"BreadcrumbList\",\"@id\":\"https:\\\/\\\/idecesos.com\\\/seguros\\\/companias\\\/caja-ingenieros\\\/prima-natural\\\/#breadcrumb\",\"itemListElement\":[{\"@type\":\"ListItem\",\"position\":1,\"name\":\"Portada\",\"item\":\"https:\\\/\\\/idecesos.com\\\/seguros\\\/\"},{\"@type\":\"ListItem\",\"position\":2,\"name\":\"Compa\u00f1\u00edas de Seguros de Decesos en Espa\u00f1a\",\"item\":\"https:\\\/\\\/idecesos.com\\\/seguros\\\/companias\\\/\"},{\"@type\":\"ListItem\",\"position\":3,\"name\":\"Seguro de decesos Caja ingenieros\",\"item\":\"https:\\\/\\\/idecesos.com\\\/seguros\\\/companias\\\/caja-ingenieros\\\/\"},{\"@type\":\"ListItem\",\"position\":4,\"name\":\"Seguro de decesos Caja Ingenieros Prima Natural\"}]},{\"@type\":\"WebSite\",\"@id\":\"https:\\\/\\\/idecesos.com\\\/seguros\\\/#website\",\"url\":\"https:\\\/\\\/idecesos.com\\\/seguros\\\/\",\"name\":\"\",\"description\":\"\",\"potentialAction\":[{\"@type\":\"SearchAction\",\"target\":{\"@type\":\"EntryPoint\",\"urlTemplate\":\"https:\\\/\\\/idecesos.com\\\/seguros\\\/?s={search_term_string}\"},\"query-input\":{\"@type\":\"PropertyValueSpecification\",\"valueRequired\":true,\"valueName\":\"search_term_string\"}}],\"inLanguage\":\"es\"}]}<\/script>\n<!-- \/ Yoast SEO plugin. -->","yoast_head_json":{"title":"Seguro Decesos Caja Ingenieros Prima Natural \u25b7 Opiniones y Precio 2026","description":"Click aqu\u00ed \u3010Seguro de Decesos Prima Natural Caja Ingenieros\u3011 Mejores precios Caja Ingenieros seguro de fallecidos Prima Natural \u2611\ufe0f Actualizado por iDecesos\u00ae","robots":{"index":"index","follow":"follow","max-snippet":"max-snippet:-1","max-image-preview":"max-image-preview:large","max-video-preview":"max-video-preview:-1"},"canonical":"https:\/\/idecesos.com\/seguros\/companias\/caja-ingenieros\/prima-natural\/","og_locale":"es_ES","og_type":"article","og_title":"Seguro Decesos Caja Ingenieros Prima Natural \u25b7 Opiniones y Precio 2026","og_description":"Click aqu\u00ed \u3010Seguro de Decesos Prima Natural Caja Ingenieros\u3011 Mejores precios Caja Ingenieros seguro de fallecidos Prima Natural \u2611\ufe0f Actualizado por iDecesos\u00ae","og_url":"https:\/\/idecesos.com\/seguros\/companias\/caja-ingenieros\/prima-natural\/","article_modified_time":"2022-01-03T12:30:05+00:00","twitter_card":"summary_large_image","twitter_misc":{"Tiempo de lectura":"54 minutos"},"schema":{"@context":"https:\/\/schema.org","@graph":[{"@type":"WebPage","@id":"https:\/\/idecesos.com\/seguros\/companias\/caja-ingenieros\/prima-natural\/","url":"https:\/\/idecesos.com\/seguros\/companias\/caja-ingenieros\/prima-natural\/","name":"Seguro Decesos Caja Ingenieros Prima Natural \u25b7 Opiniones y Precio 2026","isPartOf":{"@id":"https:\/\/idecesos.com\/seguros\/#website"},"datePublished":"2021-11-02T00:00:00+00:00","dateModified":"2022-01-03T12:30:05+00:00","description":"Click aqu\u00ed \u3010Seguro de Decesos Prima Natural Caja Ingenieros\u3011 Mejores precios Caja Ingenieros seguro de fallecidos Prima Natural \u2611\ufe0f Actualizado por iDecesos\u00ae","breadcrumb":{"@id":"https:\/\/idecesos.com\/seguros\/companias\/caja-ingenieros\/prima-natural\/#breadcrumb"},"inLanguage":"es","potentialAction":[{"@type":"ReadAction","target":["https:\/\/idecesos.com\/seguros\/companias\/caja-ingenieros\/prima-natural\/"]}]},{"@type":"BreadcrumbList","@id":"https:\/\/idecesos.com\/seguros\/companias\/caja-ingenieros\/prima-natural\/#breadcrumb","itemListElement":[{"@type":"ListItem","position":1,"name":"Portada","item":"https:\/\/idecesos.com\/seguros\/"},{"@type":"ListItem","position":2,"name":"Compa\u00f1\u00edas de Seguros de Decesos en Espa\u00f1a","item":"https:\/\/idecesos.com\/seguros\/companias\/"},{"@type":"ListItem","position":3,"name":"Seguro de decesos Caja ingenieros","item":"https:\/\/idecesos.com\/seguros\/companias\/caja-ingenieros\/"},{"@type":"ListItem","position":4,"name":"Seguro de decesos Caja Ingenieros Prima Natural"}]},{"@type":"WebSite","@id":"https:\/\/idecesos.com\/seguros\/#website","url":"https:\/\/idecesos.com\/seguros\/","name":"","description":"","potentialAction":[{"@type":"SearchAction","target":{"@type":"EntryPoint","urlTemplate":"https:\/\/idecesos.com\/seguros\/?s={search_term_string}"},"query-input":{"@type":"PropertyValueSpecification","valueRequired":true,"valueName":"search_term_string"}}],"inLanguage":"es"}]}},"_links":{"self":[{"href":"https:\/\/idecesos.com\/seguros\/wp-json\/wp\/v2\/pages\/11408","targetHints":{"allow":["GET"]}}],"collection":[{"href":"https:\/\/idecesos.com\/seguros\/wp-json\/wp\/v2\/pages"}],"about":[{"href":"https:\/\/idecesos.com\/seguros\/wp-json\/wp\/v2\/types\/page"}],"author":[{"embeddable":true,"href":"https:\/\/idecesos.com\/seguros\/wp-json\/wp\/v2\/users\/3"}],"replies":[{"embeddable":true,"href":"https:\/\/idecesos.com\/seguros\/wp-json\/wp\/v2\/comments?post=11408"}],"version-history":[{"count":1,"href":"https:\/\/idecesos.com\/seguros\/wp-json\/wp\/v2\/pages\/11408\/revisions"}],"predecessor-version":[{"id":12917,"href":"https:\/\/idecesos.com\/seguros\/wp-json\/wp\/v2\/pages\/11408\/revisions\/12917"}],"up":[{"embeddable":true,"href":"https:\/\/idecesos.com\/seguros\/wp-json\/wp\/v2\/pages\/585"}],"wp:attachment":[{"href":"https:\/\/idecesos.com\/seguros\/wp-json\/wp\/v2\/media?parent=11408"}],"curies":[{"name":"wp","href":"https:\/\/api.w.org\/{rel}","templated":true}]}}