{"id":11412,"date":"2021-11-02T00:00:00","date_gmt":"2021-11-02T00:00:00","guid":{"rendered":"https:\/\/idecesos.com\/seguros\/?page_id=11412"},"modified":"2022-01-03T12:30:16","modified_gmt":"2022-01-03T12:30:16","slug":"prima-unica","status":"publish","type":"page","link":"https:\/\/idecesos.com\/seguros\/companias\/finisterre\/prima-unica\/","title":{"rendered":"Seguro de decesos Finisterre Prima \u00danica"},"content":{"rendered":"<div id=\"ez-toc-container\" class=\"ez-toc-v2_0_82_2 ez-toc-wrap-center counter-hierarchy ez-toc-counter ez-toc-custom ez-toc-container-direction\">\n<div class=\"ez-toc-title-container\">\n<p class=\"ez-toc-title\" style=\"cursor:inherit\">Tabla de Contenido<\/p>\n<span class=\"ez-toc-title-toggle\"><a href=\"#\" class=\"ez-toc-pull-right ez-toc-btn ez-toc-btn-xs ez-toc-btn-default ez-toc-toggle\" aria-label=\"Alternar tabla de contenidos\"><span class=\"ez-toc-js-icon-con\"><span class=\"\"><span class=\"eztoc-hide\" style=\"display:none;\">Toggle<\/span><span class=\"ez-toc-icon-toggle-span\"><svg style=\"fill: #db6415;color:#db6415\" xmlns=\"http:\/\/www.w3.org\/2000\/svg\" class=\"list-377408\" width=\"20px\" height=\"20px\" viewBox=\"0 0 24 24\" fill=\"none\"><path d=\"M6 6H4v2h2V6zm14 0H8v2h12V6zM4 11h2v2H4v-2zm16 0H8v2h12v-2zM4 16h2v2H4v-2zm16 0H8v2h12v-2z\" fill=\"currentColor\"><\/path><\/svg><svg style=\"fill: #db6415;color:#db6415\" class=\"arrow-unsorted-368013\" xmlns=\"http:\/\/www.w3.org\/2000\/svg\" width=\"10px\" height=\"10px\" viewBox=\"0 0 24 24\" version=\"1.2\" baseProfile=\"tiny\"><path d=\"M18.2 9.3l-6.2-6.3-6.2 6.3c-.2.2-.3.4-.3.7s.1.5.3.7c.2.2.4.3.7.3h11c.3 0 .5-.1.7-.3.2-.2.3-.5.3-.7s-.1-.5-.3-.7zM5.8 14.7l6.2 6.3 6.2-6.3c.2-.2.3-.5.3-.7s-.1-.5-.3-.7c-.2-.2-.4-.3-.7-.3h-11c-.3 0-.5.1-.7.3-.2.2-.3.5-.3.7s.1.5.3.7z\"\/><\/svg><\/span><\/span><\/span><\/a><\/span><\/div>\n<nav><ul class='ez-toc-list ez-toc-list-level-1 ' ><li class='ez-toc-page-1 ez-toc-heading-level-2'><a class=\"ez-toc-link ez-toc-heading-1\" href=\"https:\/\/idecesos.com\/seguros\/companias\/finisterre\/prima-unica\/#Coberturas_seguro_Prima_Unica_Finisterre\" >Coberturas seguro Prima \u00danica Finisterre<\/a><ul class='ez-toc-list-level-3' ><li class='ez-toc-heading-level-3'><a class=\"ez-toc-link ez-toc-heading-2\" href=\"https:\/\/idecesos.com\/seguros\/companias\/finisterre\/prima-unica\/#%C2%BFA_quien_va_dirigido_el_seguro_de_decesos_Prima_Unica_de_Finisterre\" >\u00bfA qui\u00e9n va dirigido el seguro de decesos Prima \u00danica de Finisterre?<\/a><\/li><\/ul><\/li><li class='ez-toc-page-1 ez-toc-heading-level-2'><a class=\"ez-toc-link ez-toc-heading-3\" href=\"https:\/\/idecesos.com\/seguros\/companias\/finisterre\/prima-unica\/#Precio_de_seguro_de_decesos_Prima_Unica_Finisterre\" >Precio de seguro de decesos Prima \u00danica Finisterre<\/a><\/li><li class='ez-toc-page-1 ez-toc-heading-level-2'><a class=\"ez-toc-link ez-toc-heading-4\" href=\"https:\/\/idecesos.com\/seguros\/companias\/finisterre\/prima-unica\/#Productos_Prima_Unica_Finisterre\" >Productos Prima \u00danica Finisterre<\/a><\/li><li class='ez-toc-page-1 ez-toc-heading-level-2'><a class=\"ez-toc-link ez-toc-heading-5\" href=\"https:\/\/idecesos.com\/seguros\/companias\/finisterre\/prima-unica\/#Opiniones_del_seguro_de_decesos_de_Prima_Unica_de_Finisterre\" >Opiniones del seguro de decesos de Prima \u00danica de Finisterre<\/a><ul class='ez-toc-list-level-3' ><li class='ez-toc-heading-level-3'><a class=\"ez-toc-link ez-toc-heading-6\" href=\"https:\/\/idecesos.com\/seguros\/companias\/finisterre\/prima-unica\/#Paginas_relacionadas\" >P\u00e1ginas relacionadas<\/a><\/li><\/ul><\/li><\/ul><\/nav><\/div>\n<p><br \/>\nEl seguro de decesos de Finisterre es la opci\u00f3n alternativa perfecta para personas mayores que desean una p\u00f3liza de pago \u00fanico y que le cubra todos y cada uno de los gastos, servicios, suministros de un entierro, entierro y tambi\u00e9n incineraci\u00f3n. El seguro de prima \u00fanica de Finisterre es el mejor del mercado que cuenta con todas las garant\u00edas de solucionar los tr\u00e1mites burocr\u00e1ticos y el servicio funerario al completo. <\/p>\n<p>Leer m\u00e1s: <a href=\"https:\/\/idecesos.com\/seguros\/tipo\/prima-unica\/\">Seguro de decesos Prima \u00danica<\/a><br \/>\n<div class=\"colorf \"  ><div class=\"container clearfix\"><div class=\"col-md-7\"><\/p>\n<h2><span class=\"ez-toc-section\" id=\"Coberturas_seguro_Prima_Unica_Finisterre\"><\/span>Coberturas seguro Prima \u00danica Finisterre<span class=\"ez-toc-section-end\"><\/span><\/h2>\n<p>El seguro de decesos de prima \u00fanica de Finisterre lo han se\u00f1alado como el mejor dentro del mercado de Espa\u00f1a en tanto que cuenta con las mejores coberturas niveles muy elevados, aparte de que se han ido renovando de a\u00f1o en a\u00f1o, adecu\u00e1ndose a cada cliente. Finisterre cuenta con las mejores coberturas en administraci\u00f3n de tramitaci\u00f3n del servicio funerario, traslado del fallecido, preparaci\u00f3n de la sala del tanatorio y acomodar al fallecido a fin de que sus familiares puedan dar el \u00faltimo adi\u00f3s. Adem\u00e1s de esto, cubre el tanatorio, flores (corona), esquela, acto religioso, sala de velorio, personal de asistencia a fin de que gu\u00ede e indique en todo momento a los familiares de los tr\u00e1mites a seguir y de los los horarios (misa difunto, traslado cementerio) y los tr\u00e1mites que les efect\u00faan (certificado de defunci\u00f3n, registro civil del fallecido, pago de tasas entre otros), ata\u00fad y cementerio en caso de inhumaci\u00f3n o urna y servicio de cremaci\u00f3n. O sea, las coberturas del seguro de decesos de Finisterre resuelven todas las necesidades de sus clientes del servicio en el instante del fallecimiento del asegurado con un final con la mayor dignidad posible.<br \/>\n<\/div><\/div><\/div><\/p>\n<h3><span class=\"ez-toc-section\" id=\"%C2%BFA_quien_va_dirigido_el_seguro_de_decesos_Prima_Unica_de_Finisterre\"><\/span>\u00bfA qui\u00e9n va dirigido el seguro de decesos Prima \u00danica de Finisterre?<span class=\"ez-toc-section-end\"><\/span><\/h3>\n<p>El seguro de prima \u00fanica Finisterre va para todas y cada una de las personas de m\u00e1s de 70 a\u00f1os de edad, de la cual nunca han adquirido ning\u00fan seguro de decesos con anterioridad. Las personas mayores de edad prefieren adquirir el seguro de decesos de pago \u00fanico de Finisterre en tanto que dejan todo resuelto, para no causar ning\u00fan problema a sus seres queridos. La contrataci\u00f3n lo efect\u00faan habitualmente personas de 70 a\u00f1os hasta m\u00e1s de 80 a\u00f1os, es muy habitual que lo adquieran personas con 90 a\u00f1os habitualmente.<br \/>\n<div class=\"colorf \"  ><div class=\"container clearfix\"><div class=\"col-md-7\"><\/p>\n<h2><span class=\"ez-toc-section\" id=\"Precio_de_seguro_de_decesos_Prima_Unica_Finisterre\"><\/span>Precio de seguro de decesos Prima \u00danica Finisterre<span class=\"ez-toc-section-end\"><\/span><\/h2>\n<p>El seguro de prima \u00fanica de Finisterre su precio es desde 3100\u20ac grosso modo, se ha tomado como puntos referentes la edad y la localidad de la persona asegurada. Para muchos de los clientes de Finisterre les prosigue resultando incre\u00edble el precio que dan, aparte de ello es destacado por dar estas ventajas. Por esta raz\u00f3n cada cliente lo aconseja puesto que es un precio muy atinado en estos tiempos.<br \/>\n<\/div><\/div><\/div><\/p>\n<h2><span class=\"ez-toc-section\" id=\"Productos_Prima_Unica_Finisterre\"><\/span>Productos Prima \u00danica Finisterre<span class=\"ez-toc-section-end\"><\/span><\/h2>\n<div class=\"colorf\"><div class=\"container clearfix\"><div class=\"col-md-7\"><div class=\"opiniones\">\n<h2><span class=\"ez-toc-section\" id=\"Opiniones_del_seguro_de_decesos_de_Prima_Unica_de_Finisterre\"><\/span>Opiniones del seguro de decesos de Prima \u00danica de Finisterre<span class=\"ez-toc-section-end\"><\/span><\/h2>\n<div class=\"opinion \"  >\n\t\t\t<div class=\"cabecera_opinion\">\n\t\t\t\t<div class=\"avatar\">O M <\/div>\n\t\t\t\t<div class=\"datos_opinion\">\n\t\t\t\t\t<div class=\"nombre_opinion\">Oriana Mill\u00e1n<\/div>\n\t\t\t\t\t<div class=\"info_opinion\">\t\t\t\t\t\t\n\t\t\t\t\t\t<div class=\"cuenta_opinion\"><i class=\"fas fa-pencil-alt\"><\/i><!--span class=\"dashicons dashicons-edit\" style=\"font-size:20px\"><\/span--><span>1 Opini\u00f3n<\/span><\/div>\t\t\t\t\t\t\n\t\t\t\t\t\t<div class=\"localizacion_opinion\">\n\t\t\t\t\t\t\t<i class=\"fas fa-map-marker-alt\"><\/i><!--span class=\"dashicons dashicons-location\" style=\"font-size:20px\"><\/span-->\n\t\t\t\t\t\t\t<span>ES<\/span>\n\t\t\t\t\t\t<\/div>\t\n\t\t\t\t\t<\/div>\n\t\t\t\t<\/div>\n\t\t\t<\/div><div class=\"texto_opinion\"><\/p>\n<p>En ese instante tan inopinado como el fallecimiento de un ser querido, en el caso de mi padre en ese d\u00eda Finisterre nos asisti\u00f3 brind\u00e1ndonos todas las coberturas precisas as\u00ed como asistencia personal, Finisterre resalta por sus peculiaridades que son solventes en esa situaci\u00f3n, Finisterre cuenta con los mejores especialistas del sector.<\/p>\n<p><\/div><\/div>\n<div class=\"opinion \"  >\n\t\t\t<div class=\"cabecera_opinion\">\n\t\t\t\t<div class=\"avatar\">A P <\/div>\n\t\t\t\t<div class=\"datos_opinion\">\n\t\t\t\t\t<div class=\"nombre_opinion\">Abel Perera<\/div>\n\t\t\t\t\t<div class=\"info_opinion\">\t\t\t\t\t\t\n\t\t\t\t\t\t<div class=\"cuenta_opinion\"><i class=\"fas fa-pencil-alt\"><\/i><!--span class=\"dashicons dashicons-edit\" style=\"font-size:20px\"><\/span--><span>1 Opini\u00f3n<\/span><\/div>\t\t\t\t\t\t\n\t\t\t\t\t\t<div class=\"localizacion_opinion\">\n\t\t\t\t\t\t\t<i class=\"fas fa-map-marker-alt\"><\/i><!--span class=\"dashicons dashicons-location\" style=\"font-size:20px\"><\/span-->\n\t\t\t\t\t\t\t<span>ES<\/span>\n\t\t\t\t\t\t<\/div>\t\n\t\t\t\t\t<\/div>\n\t\t\t\t<\/div>\n\t\t\t<\/div><div class=\"texto_opinion\"><\/p>\n<p>Elegimos el seguro de prima \u00fanica de Finisterre debido a que hemos tenido buena experiencia con esta compa\u00f1\u00eda.<br \/>\n<\/div><\/div>\n<div class=\"opinion \"  >\n\t\t\t<div class=\"cabecera_opinion\">\n\t\t\t\t<div class=\"avatar\">A P <\/div>\n\t\t\t\t<div class=\"datos_opinion\">\n\t\t\t\t\t<div class=\"nombre_opinion\">Anacleto Paniagua<\/div>\n\t\t\t\t\t<div class=\"info_opinion\">\t\t\t\t\t\t\n\t\t\t\t\t\t<div class=\"cuenta_opinion\"><i class=\"fas fa-pencil-alt\"><\/i><!--span class=\"dashicons dashicons-edit\" style=\"font-size:20px\"><\/span--><span>1 Opini\u00f3n<\/span><\/div>\t\t\t\t\t\t\n\t\t\t\t\t\t<div class=\"localizacion_opinion\">\n\t\t\t\t\t\t\t<i class=\"fas fa-map-marker-alt\"><\/i><!--span class=\"dashicons dashicons-location\" style=\"font-size:20px\"><\/span-->\n\t\t\t\t\t\t\t<span>ES<\/span>\n\t\t\t\t\t\t<\/div>\t\n\t\t\t\t\t<\/div>\n\t\t\t\t<\/div>\n\t\t\t<\/div><div class=\"texto_opinion\"><\/p>\n<p>El seguro de prima \u00fanica de Finisterre ha sido clave en nuestra familia y en nuestra humilde opini\u00f3n el servicio ha sido estupendo.<\/p>\n<p><\/div><\/div>\n<\/div><\/div><\/div><\/div>\n<p><div class=\"oficinas\"><br \/>\n<h3><span class=\"ez-toc-section\" id=\"Paginas_relacionadas\"><\/span>P\u00e1ginas relacionadas<span class=\"ez-toc-section-end\"><\/span><\/h3><div class=\"enlazado\"><ul> <li><a href=\"https:\/\/idecesos.com\/seguros\/companias\/finisterre\/precio\/\">Precio seguro Finisterre<\/a><\/li> <li><a href=\"https:\/\/idecesos.com\/seguros\/companias\/finisterre\/prima-mixta\/\">Finisterre Prima Mixta<\/a><\/li> <li><a href=\"https:\/\/idecesos.com\/seguros\/companias\/finisterre\/prima-natural\/\">Finisterre Prima Natural<\/a><\/li> <li><a href=\"https:\/\/idecesos.com\/seguros\/companias\/finisterre\/prima-nivelada\/\">Finisterre Prima Nivelada<\/a><\/li> <li><a href=\"https:\/\/idecesos.com\/seguros\/companias\/finisterre\/prima-unica\/\">Finisterre Prima \u00danica<\/a><\/li> <li><a href=\"https:\/\/idecesos.com\/seguros\/companias\/finisterre\/repatriacion\/\">Finisterre Repatriaci\u00f3n<\/a><\/li> <li><a href=\"https:\/\/idecesos.com\/seguros\/companias\/finisterre\/telefono\/\">Tel\u00e9fono Gratuito Finisterre<\/a><\/li> <li><a href=\"https:\/\/idecesos.com\/seguros\/companias\/finisterre\/toledo\/\">Seguro de Decesos Finisterre Toledo<\/a><\/li><\/ul><\/div><\/p>\n<\/div>\n","protected":false},"excerpt":{"rendered":"<p>El seguro de decesos de Finisterre es la opci\u00f3n alternativa perfecta para personas mayores que desean una p\u00f3liza de pago \u00fanico y que le cubra todos y cada uno de los gastos, servicios, suministros de un entierro, entierro y tambi\u00e9n incineraci\u00f3n. El seguro de prima \u00fanica de Finisterre es el mejor del mercado que cuenta&hellip; <\/p>\n","protected":false},"author":3,"featured_media":0,"parent":628,"menu_order":0,"comment_status":"closed","ping_status":"closed","template":"single.php","meta":{"footnotes":""},"class_list":["post-11412","page","type-page","status-publish","hentry"],"yoast_head":"<!-- This site is optimized with the Yoast SEO plugin v27.3 - https:\/\/yoast.com\/product\/yoast-seo-wordpress\/ -->\n<title>Seguro Decesos Finisterre Prima \u00danica \u25b7 Opiniones y Precio 2026<\/title>\n<meta name=\"description\" content=\"Click aqu\u00ed \u3010Seguro de Decesos Prima \u00danica Finisterre\u3011 Mejores precios Finisterre seguro de fallecidos Prima \u00danica \u2611\ufe0f Actualizado por iDecesos\u00ae\" \/>\n<meta name=\"robots\" content=\"index, follow, max-snippet:-1, max-image-preview:large, max-video-preview:-1\" \/>\n<link rel=\"canonical\" href=\"https:\/\/idecesos.com\/seguros\/companias\/finisterre\/prima-unica\/\" \/>\n<meta property=\"og:locale\" content=\"es_ES\" \/>\n<meta property=\"og:type\" content=\"article\" \/>\n<meta property=\"og:title\" content=\"Seguro Decesos Finisterre Prima \u00danica \u25b7 Opiniones y Precio 2026\" \/>\n<meta property=\"og:description\" content=\"Click aqu\u00ed \u3010Seguro de Decesos Prima \u00danica Finisterre\u3011 Mejores precios Finisterre seguro de fallecidos Prima \u00danica \u2611\ufe0f Actualizado por iDecesos\u00ae\" \/>\n<meta property=\"og:url\" content=\"https:\/\/idecesos.com\/seguros\/companias\/finisterre\/prima-unica\/\" \/>\n<meta property=\"article:modified_time\" content=\"2022-01-03T12:30:16+00:00\" \/>\n<meta name=\"twitter:card\" content=\"summary_large_image\" \/>\n<meta name=\"twitter:label1\" content=\"Tiempo de lectura\" \/>\n\t<meta name=\"twitter:data1\" content=\"60 minutos\" \/>\n<script type=\"application\/ld+json\" class=\"yoast-schema-graph\">{\"@context\":\"https:\\\/\\\/schema.org\",\"@graph\":[{\"@type\":\"WebPage\",\"@id\":\"https:\\\/\\\/idecesos.com\\\/seguros\\\/companias\\\/finisterre\\\/prima-unica\\\/\",\"url\":\"https:\\\/\\\/idecesos.com\\\/seguros\\\/companias\\\/finisterre\\\/prima-unica\\\/\",\"name\":\"Seguro Decesos Finisterre Prima \u00danica \u25b7 Opiniones y Precio 2026\",\"isPartOf\":{\"@id\":\"https:\\\/\\\/idecesos.com\\\/seguros\\\/#website\"},\"datePublished\":\"2021-11-02T00:00:00+00:00\",\"dateModified\":\"2022-01-03T12:30:16+00:00\",\"description\":\"Click aqu\u00ed \u3010Seguro de Decesos Prima \u00danica Finisterre\u3011 Mejores precios Finisterre seguro de fallecidos Prima \u00danica \u2611\ufe0f Actualizado por iDecesos\u00ae\",\"breadcrumb\":{\"@id\":\"https:\\\/\\\/idecesos.com\\\/seguros\\\/companias\\\/finisterre\\\/prima-unica\\\/#breadcrumb\"},\"inLanguage\":\"es\",\"potentialAction\":[{\"@type\":\"ReadAction\",\"target\":[\"https:\\\/\\\/idecesos.com\\\/seguros\\\/companias\\\/finisterre\\\/prima-unica\\\/\"]}]},{\"@type\":\"BreadcrumbList\",\"@id\":\"https:\\\/\\\/idecesos.com\\\/seguros\\\/companias\\\/finisterre\\\/prima-unica\\\/#breadcrumb\",\"itemListElement\":[{\"@type\":\"ListItem\",\"position\":1,\"name\":\"Portada\",\"item\":\"https:\\\/\\\/idecesos.com\\\/seguros\\\/\"},{\"@type\":\"ListItem\",\"position\":2,\"name\":\"Compa\u00f1\u00edas de Seguros de Decesos en Espa\u00f1a\",\"item\":\"https:\\\/\\\/idecesos.com\\\/seguros\\\/companias\\\/\"},{\"@type\":\"ListItem\",\"position\":3,\"name\":\"Seguro de decesos Finisterre\",\"item\":\"https:\\\/\\\/idecesos.com\\\/seguros\\\/companias\\\/finisterre\\\/\"},{\"@type\":\"ListItem\",\"position\":4,\"name\":\"Seguro de decesos Finisterre Prima \u00danica\"}]},{\"@type\":\"WebSite\",\"@id\":\"https:\\\/\\\/idecesos.com\\\/seguros\\\/#website\",\"url\":\"https:\\\/\\\/idecesos.com\\\/seguros\\\/\",\"name\":\"\",\"description\":\"\",\"potentialAction\":[{\"@type\":\"SearchAction\",\"target\":{\"@type\":\"EntryPoint\",\"urlTemplate\":\"https:\\\/\\\/idecesos.com\\\/seguros\\\/?s={search_term_string}\"},\"query-input\":{\"@type\":\"PropertyValueSpecification\",\"valueRequired\":true,\"valueName\":\"search_term_string\"}}],\"inLanguage\":\"es\"}]}<\/script>\n<!-- \/ Yoast SEO plugin. -->","yoast_head_json":{"title":"Seguro Decesos Finisterre Prima \u00danica \u25b7 Opiniones y Precio 2026","description":"Click aqu\u00ed \u3010Seguro de Decesos Prima \u00danica Finisterre\u3011 Mejores precios Finisterre seguro de fallecidos Prima \u00danica \u2611\ufe0f Actualizado por iDecesos\u00ae","robots":{"index":"index","follow":"follow","max-snippet":"max-snippet:-1","max-image-preview":"max-image-preview:large","max-video-preview":"max-video-preview:-1"},"canonical":"https:\/\/idecesos.com\/seguros\/companias\/finisterre\/prima-unica\/","og_locale":"es_ES","og_type":"article","og_title":"Seguro Decesos Finisterre Prima \u00danica \u25b7 Opiniones y Precio 2026","og_description":"Click aqu\u00ed \u3010Seguro de Decesos Prima \u00danica Finisterre\u3011 Mejores precios Finisterre seguro de fallecidos Prima \u00danica \u2611\ufe0f Actualizado por iDecesos\u00ae","og_url":"https:\/\/idecesos.com\/seguros\/companias\/finisterre\/prima-unica\/","article_modified_time":"2022-01-03T12:30:16+00:00","twitter_card":"summary_large_image","twitter_misc":{"Tiempo de lectura":"60 minutos"},"schema":{"@context":"https:\/\/schema.org","@graph":[{"@type":"WebPage","@id":"https:\/\/idecesos.com\/seguros\/companias\/finisterre\/prima-unica\/","url":"https:\/\/idecesos.com\/seguros\/companias\/finisterre\/prima-unica\/","name":"Seguro Decesos Finisterre Prima \u00danica \u25b7 Opiniones y Precio 2026","isPartOf":{"@id":"https:\/\/idecesos.com\/seguros\/#website"},"datePublished":"2021-11-02T00:00:00+00:00","dateModified":"2022-01-03T12:30:16+00:00","description":"Click aqu\u00ed \u3010Seguro de Decesos Prima \u00danica Finisterre\u3011 Mejores precios Finisterre seguro de fallecidos Prima \u00danica \u2611\ufe0f Actualizado por iDecesos\u00ae","breadcrumb":{"@id":"https:\/\/idecesos.com\/seguros\/companias\/finisterre\/prima-unica\/#breadcrumb"},"inLanguage":"es","potentialAction":[{"@type":"ReadAction","target":["https:\/\/idecesos.com\/seguros\/companias\/finisterre\/prima-unica\/"]}]},{"@type":"BreadcrumbList","@id":"https:\/\/idecesos.com\/seguros\/companias\/finisterre\/prima-unica\/#breadcrumb","itemListElement":[{"@type":"ListItem","position":1,"name":"Portada","item":"https:\/\/idecesos.com\/seguros\/"},{"@type":"ListItem","position":2,"name":"Compa\u00f1\u00edas de Seguros de Decesos en Espa\u00f1a","item":"https:\/\/idecesos.com\/seguros\/companias\/"},{"@type":"ListItem","position":3,"name":"Seguro de decesos Finisterre","item":"https:\/\/idecesos.com\/seguros\/companias\/finisterre\/"},{"@type":"ListItem","position":4,"name":"Seguro de decesos Finisterre Prima \u00danica"}]},{"@type":"WebSite","@id":"https:\/\/idecesos.com\/seguros\/#website","url":"https:\/\/idecesos.com\/seguros\/","name":"","description":"","potentialAction":[{"@type":"SearchAction","target":{"@type":"EntryPoint","urlTemplate":"https:\/\/idecesos.com\/seguros\/?s={search_term_string}"},"query-input":{"@type":"PropertyValueSpecification","valueRequired":true,"valueName":"search_term_string"}}],"inLanguage":"es"}]}},"_links":{"self":[{"href":"https:\/\/idecesos.com\/seguros\/wp-json\/wp\/v2\/pages\/11412","targetHints":{"allow":["GET"]}}],"collection":[{"href":"https:\/\/idecesos.com\/seguros\/wp-json\/wp\/v2\/pages"}],"about":[{"href":"https:\/\/idecesos.com\/seguros\/wp-json\/wp\/v2\/types\/page"}],"author":[{"embeddable":true,"href":"https:\/\/idecesos.com\/seguros\/wp-json\/wp\/v2\/users\/3"}],"replies":[{"embeddable":true,"href":"https:\/\/idecesos.com\/seguros\/wp-json\/wp\/v2\/comments?post=11412"}],"version-history":[{"count":1,"href":"https:\/\/idecesos.com\/seguros\/wp-json\/wp\/v2\/pages\/11412\/revisions"}],"predecessor-version":[{"id":12907,"href":"https:\/\/idecesos.com\/seguros\/wp-json\/wp\/v2\/pages\/11412\/revisions\/12907"}],"up":[{"embeddable":true,"href":"https:\/\/idecesos.com\/seguros\/wp-json\/wp\/v2\/pages\/628"}],"wp:attachment":[{"href":"https:\/\/idecesos.com\/seguros\/wp-json\/wp\/v2\/media?parent=11412"}],"curies":[{"name":"wp","href":"https:\/\/api.w.org\/{rel}","templated":true}]}}