{"id":11419,"date":"2021-11-03T00:00:00","date_gmt":"2021-11-03T00:00:00","guid":{"rendered":"https:\/\/idecesos.com\/seguros\/?page_id=11419"},"modified":"2022-01-03T12:31:19","modified_gmt":"2022-01-03T12:31:19","slug":"prima-nivelada","status":"publish","type":"page","link":"https:\/\/idecesos.com\/seguros\/companias\/regal\/prima-nivelada\/","title":{"rendered":"Seguro de decesos Regal Prima Nivelada"},"content":{"rendered":"<div id=\"ez-toc-container\" class=\"ez-toc-v2_0_82_2 ez-toc-wrap-center counter-hierarchy ez-toc-counter ez-toc-custom ez-toc-container-direction\">\n<div class=\"ez-toc-title-container\">\n<p class=\"ez-toc-title\" style=\"cursor:inherit\">Tabla de Contenido<\/p>\n<span class=\"ez-toc-title-toggle\"><a href=\"#\" class=\"ez-toc-pull-right ez-toc-btn ez-toc-btn-xs ez-toc-btn-default ez-toc-toggle\" aria-label=\"Alternar tabla de contenidos\"><span class=\"ez-toc-js-icon-con\"><span class=\"\"><span class=\"eztoc-hide\" style=\"display:none;\">Toggle<\/span><span class=\"ez-toc-icon-toggle-span\"><svg style=\"fill: #db6415;color:#db6415\" xmlns=\"http:\/\/www.w3.org\/2000\/svg\" class=\"list-377408\" width=\"20px\" height=\"20px\" viewBox=\"0 0 24 24\" fill=\"none\"><path d=\"M6 6H4v2h2V6zm14 0H8v2h12V6zM4 11h2v2H4v-2zm16 0H8v2h12v-2zM4 16h2v2H4v-2zm16 0H8v2h12v-2z\" fill=\"currentColor\"><\/path><\/svg><svg style=\"fill: #db6415;color:#db6415\" class=\"arrow-unsorted-368013\" xmlns=\"http:\/\/www.w3.org\/2000\/svg\" width=\"10px\" height=\"10px\" viewBox=\"0 0 24 24\" version=\"1.2\" baseProfile=\"tiny\"><path d=\"M18.2 9.3l-6.2-6.3-6.2 6.3c-.2.2-.3.4-.3.7s.1.5.3.7c.2.2.4.3.7.3h11c.3 0 .5-.1.7-.3.2-.2.3-.5.3-.7s-.1-.5-.3-.7zM5.8 14.7l6.2 6.3 6.2-6.3c.2-.2.3-.5.3-.7s-.1-.5-.3-.7c-.2-.2-.4-.3-.7-.3h-11c-.3 0-.5.1-.7.3-.2.2-.3.5-.3.7s.1.5.3.7z\"\/><\/svg><\/span><\/span><\/span><\/a><\/span><\/div>\n<nav><ul class='ez-toc-list ez-toc-list-level-1 ' ><li class='ez-toc-page-1 ez-toc-heading-level-2'><a class=\"ez-toc-link ez-toc-heading-1\" href=\"https:\/\/idecesos.com\/seguros\/companias\/regal\/prima-nivelada\/#Coberturas_seguro_Prima_Nivelada_Regal\" >Coberturas seguro Prima Nivelada Regal<\/a><ul class='ez-toc-list-level-3' ><li class='ez-toc-heading-level-3'><a class=\"ez-toc-link ez-toc-heading-2\" href=\"https:\/\/idecesos.com\/seguros\/companias\/regal\/prima-nivelada\/#%C2%BFA_quien_va_dirigido_el_seguro_de_decesos_Prima_Nivelada_de_Regal\" >\u00bfA qui\u00e9n va dirigido el seguro de decesos Prima Nivelada de Regal?<\/a><\/li><\/ul><\/li><li class='ez-toc-page-1 ez-toc-heading-level-2'><a class=\"ez-toc-link ez-toc-heading-3\" href=\"https:\/\/idecesos.com\/seguros\/companias\/regal\/prima-nivelada\/#Precio_de_seguro_de_decesos_Prima_Nivelada_Regal\" >Precio de seguro de decesos Prima Nivelada Regal<\/a><\/li><li class='ez-toc-page-1 ez-toc-heading-level-2'><a class=\"ez-toc-link ez-toc-heading-4\" href=\"https:\/\/idecesos.com\/seguros\/companias\/regal\/prima-nivelada\/#Productos_Prima_Nivelada_Regal\" >Productos Prima Nivelada Regal<\/a><\/li><li class='ez-toc-page-1 ez-toc-heading-level-2'><a class=\"ez-toc-link ez-toc-heading-5\" href=\"https:\/\/idecesos.com\/seguros\/companias\/regal\/prima-nivelada\/#Opiniones_del_seguro_de_decesos_de_Prima_Nivelada_de_Regal\" >Opiniones del seguro de decesos de Prima Nivelada de Regal<\/a><ul class='ez-toc-list-level-3' ><li class='ez-toc-heading-level-3'><a class=\"ez-toc-link ez-toc-heading-6\" href=\"https:\/\/idecesos.com\/seguros\/companias\/regal\/prima-nivelada\/#Paginas_relacionadas\" >P\u00e1ginas relacionadas<\/a><\/li><\/ul><\/li><\/ul><\/nav><\/div>\n\n<p>Resalta el seguro de decesos de prima nivelada Regal por dar un precio toda vez que se sostiene en el tiempo de forma continuada, y va a quedar a\u00f1adido a la suma de los gastos funerarios. Aun contando con un cat\u00e1logo ampl\u00edsimo, sus clientes del servicio optan por la p\u00f3liza de prima nivelada Regal. Dentro del c\u00edrculo de los que contemplan una edad muy joven, les resulta un monto muy elevado. La prima nivelada Regal resalta una de sus ventajas es que lo tramitan de una forma mucho m\u00e1s f\u00e1cil, efectuando una llamada se encargasen de todas las gestiones pertinentes a trav\u00e9s de asistencia familiar de Regal. <\/p>\n<p>Leer m\u00e1s: <a href=\"https:\/\/idecesos.com\/seguros\/tipo\/nivelada\/\">Seguro de decesos Prima Nivelada<\/a><\/p>\n<div class=\"colorf \"  ><div class=\"container clearfix\"><div class=\"col-md-7\"><\/p>\n<h2><span class=\"ez-toc-section\" id=\"Coberturas_seguro_Prima_Nivelada_Regal\"><\/span>Coberturas seguro Prima Nivelada Regal<span class=\"ez-toc-section-end\"><\/span><\/h2>\n<p>Una de las primordiales coberturas del seguro de decesos Regal y que le dan la misi\u00f3n principal a la p\u00f3liza y por la que lo contraten los clientes del servicio es el servicio l\u00fagubre completo. Contar con personas expertas en el campo, dando una prestaci\u00f3n del servicio m\u00e1s dedicado es por lo que resalta en el \u00e1mbito funerario de Regal. En las distintas coberturas que contempla como en el caso de elecci\u00f3n de urna, o bien gestiones documentarias, quedaran todo solventado en el momento que ocurre el fallecimiento. La cobertura entra a marchar desde el instante que se genera la muerte de un asegurado, y los familiares llaman al 902 de 24 horas del servicio de asistencia de Regal y desde ese momento se gestiona el deceso acorde a los gustos y costumbres de los familiares, en sus peticiones se amoldara el servicio en todo lo posible y dentro del presupuesto del capital asegurado. Para obtener la informaci\u00f3n m\u00e1s completa y detallada sobre las coberturas del seguro de decesos de prima nivelada de Regal, con iDecesos contaras con esa ventaja de ver toda la ventaja de ver toda la informaci\u00f3n de una manera m\u00e1s detallada y completa, cada producto explicado y de las que mejor se adaptaran a ti. <\/p>\n<p><\/div><\/div><\/div>\n<h3><span class=\"ez-toc-section\" id=\"%C2%BFA_quien_va_dirigido_el_seguro_de_decesos_Prima_Nivelada_de_Regal\"><\/span>\u00bfA qui\u00e9n va dirigido el seguro de decesos Prima Nivelada de Regal?<span class=\"ez-toc-section-end\"><\/span><\/h3>\n<p>Para todas aquellas personas de una edad muy avanzada por el motivo que sea no quieren que le suba el seguro y quieran solucionar ese gasto de manera apacible, el adecuado en estos casos es el seguro de prima nivelada Regal. Durante la vida de cada humano ha crecido con unos criterios de los que han querido seguir la trayectoria de sus familiares por esta raz\u00f3n obteniendo el seguro de decesos de prima \u00abnivelada\u00bb. <\/p>\n<div class=\"colorf \"  ><div class=\"container clearfix\"><div class=\"col-md-7\"><\/p>\n<h2><span class=\"ez-toc-section\" id=\"Precio_de_seguro_de_decesos_Prima_Nivelada_Regal\"><\/span>Precio de seguro de decesos Prima Nivelada Regal<span class=\"ez-toc-section-end\"><\/span><\/h2>\n<p>Regal prima nivelada el precio es 4,99\u20ac al mes, pero la tarifa va a depender de la edad de los asegurados en el momento de la contrataci\u00f3n y de la suma asegurada de los servicios mortuorios de la localidad de los mismos. Para saber si prima es la m\u00e1s econ\u00f3mica en relaci\u00f3n a el resto compa\u00f1\u00edas aseguradoras, esa informaci\u00f3n lo lograr\u00e1s en iDeceso sin precisar ningun registro. <\/p>\n<p><\/div><\/div><\/div>\n<h2><span class=\"ez-toc-section\" id=\"Productos_Prima_Nivelada_Regal\"><\/span>Productos Prima Nivelada Regal<span class=\"ez-toc-section-end\"><\/span><\/h2>\n<div class=\"colorf\"><div class=\"container clearfix\"><div class=\"col-md-7\"><div class=\"opiniones\">\n<h2><span class=\"ez-toc-section\" id=\"Opiniones_del_seguro_de_decesos_de_Prima_Nivelada_de_Regal\"><\/span>Opiniones del seguro de decesos de Prima Nivelada de Regal<span class=\"ez-toc-section-end\"><\/span><\/h2>\n<p>Eduardo Santos: Cuando llam\u00e9 porque ocurri\u00f3 una incidencia de gran importancia, no tardaron nada en solucionar mi problema, qued\u00e9 content\u00edsimo con el servicio que tienen para cada ocasi\u00f3n. Disponen de diferentes soluciones para cualquier circunstancia que pueda suceder alg\u00fan tipo de incidencia. Por lo que se debe de dar la relevancia a final de cuentas. <\/p>\n<div class=\"opinion \"  >\n\t\t\t<div class=\"cabecera_opinion\">\n\t\t\t\t<div class=\"avatar\">J M P <\/div>\n\t\t\t\t<div class=\"datos_opinion\">\n\t\t\t\t\t<div class=\"nombre_opinion\">Jose Manuel Palma<\/div>\n\t\t\t\t\t<div class=\"info_opinion\">\t\t\t\t\t\t\n\t\t\t\t\t\t<div class=\"cuenta_opinion\"><i class=\"fas fa-pencil-alt\"><\/i><!--span class=\"dashicons dashicons-edit\" style=\"font-size:20px\"><\/span--><span>1 Opini\u00f3n<\/span><\/div>\t\t\t\t\t\t\n\t\t\t\t\t\t<div class=\"localizacion_opinion\">\n\t\t\t\t\t\t\t<i class=\"fas fa-map-marker-alt\"><\/i><!--span class=\"dashicons dashicons-location\" style=\"font-size:20px\"><\/span-->\n\t\t\t\t\t\t\t<span>ES<\/span>\n\t\t\t\t\t\t<\/div>\t\n\t\t\t\t\t<\/div>\n\t\t\t\t<\/div>\n\t\t\t<\/div><div class=\"texto_opinion\"><\/p>\n<p>De todos los comentarios que le\u00ed decid\u00ed arriesgar y la verdad que tuve suerte con Regal me ha dado las mejores coberturas de prima nivelada, la tarifa se adapta a mis circunstancias, adem\u00e1s de eso me hicieron un presupuesto que quede muy contenta, tiene unos trabajadores muy profesionales Regal. <\/p>\n<p><\/div><\/div>\n<div class=\"opinion \"  >\n\t\t\t<div class=\"cabecera_opinion\">\n\t\t\t\t<div class=\"avatar\">A F <\/div>\n\t\t\t\t<div class=\"datos_opinion\">\n\t\t\t\t\t<div class=\"nombre_opinion\">Andr\u00e9s Felipe<\/div>\n\t\t\t\t\t<div class=\"info_opinion\">\t\t\t\t\t\t\n\t\t\t\t\t\t<div class=\"cuenta_opinion\"><i class=\"fas fa-pencil-alt\"><\/i><!--span class=\"dashicons dashicons-edit\" style=\"font-size:20px\"><\/span--><span>1 Opini\u00f3n<\/span><\/div>\t\t\t\t\t\t\n\t\t\t\t\t\t<div class=\"localizacion_opinion\">\n\t\t\t\t\t\t\t<i class=\"fas fa-map-marker-alt\"><\/i><!--span class=\"dashicons dashicons-location\" style=\"font-size:20px\"><\/span-->\n\t\t\t\t\t\t\t<span>ES<\/span>\n\t\t\t\t\t\t<\/div>\t\n\t\t\t\t\t<\/div>\n\t\t\t\t<\/div>\n\t\t\t<\/div><div class=\"texto_opinion\"><\/p>\n<p>Para mi punto de opini\u00f3n considero que Regal con el seguro de prima nivelada es muy recomendable, cuentan con unas coberturas muy amplias, uno de sus aconsejes me realiz\u00f3 un presupuesto \u00fanico y memorable, contando que siempre y en todo momento es la misma tarifa quede content\u00edsima tanto con el servicio como todo lo que me ofrece Regal, deseo incorporar que toda mi familia cuenta con esta aseguradora. <\/p>\n<p><\/div><\/div>\n<div class=\"opinion \"  >\n\t\t\t<div class=\"cabecera_opinion\">\n\t\t\t\t<div class=\"avatar\">J A <\/div>\n\t\t\t\t<div class=\"datos_opinion\">\n\t\t\t\t\t<div class=\"nombre_opinion\">Jose Antonio<\/div>\n\t\t\t\t\t<div class=\"info_opinion\">\t\t\t\t\t\t\n\t\t\t\t\t\t<div class=\"cuenta_opinion\"><i class=\"fas fa-pencil-alt\"><\/i><!--span class=\"dashicons dashicons-edit\" style=\"font-size:20px\"><\/span--><span>1 Opini\u00f3n<\/span><\/div>\t\t\t\t\t\t\n\t\t\t\t\t\t<div class=\"localizacion_opinion\">\n\t\t\t\t\t\t\t<i class=\"fas fa-map-marker-alt\"><\/i><!--span class=\"dashicons dashicons-location\" style=\"font-size:20px\"><\/span-->\n\t\t\t\t\t\t\t<span>ES<\/span>\n\t\t\t\t\t\t<\/div>\t\n\t\t\t\t\t<\/div>\n\t\t\t\t<\/div>\n\t\t\t<\/div><div class=\"texto_opinion\"><\/p>\n<p>Cuando realice el contrato de prima nivelada de Regal adem\u00e1s de que sus coberturas son muy resaltables, me ayudaron en todo el proceso, yo lo realice de manera telef\u00f3nica, ya que me resultaba mucho m\u00e1s f\u00e1cil hacer la contrataci\u00f3n. Te lo aconsejo 100 por cien . <\/p>\n<p><\/div><\/div>\n<\/div><\/div><\/div><\/div>\n<p><div class=\"oficinas\"><br \/>\n<h3><span class=\"ez-toc-section\" id=\"Paginas_relacionadas\"><\/span>P\u00e1ginas relacionadas<span class=\"ez-toc-section-end\"><\/span><\/h3><div class=\"enlazado\"><ul> <li><a href=\"https:\/\/idecesos.com\/seguros\/companias\/regal\/opiniones\/\">Opiniones Regal<\/a><\/li> <li><a href=\"https:\/\/idecesos.com\/seguros\/companias\/regal\/precio\/\">Precio seguro Regal<\/a><\/li> <li><a href=\"https:\/\/idecesos.com\/seguros\/companias\/regal\/prima-mixta\/\">Regal Prima Mixta<\/a><\/li> <li><a href=\"https:\/\/idecesos.com\/seguros\/companias\/regal\/prima-natural\/\">Regal Prima Natural<\/a><\/li> <li><a href=\"https:\/\/idecesos.com\/seguros\/companias\/regal\/prima-nivelada\/\">Regal Prima Nivelada<\/a><\/li> <li><a href=\"https:\/\/idecesos.com\/seguros\/companias\/regal\/prima-unica\/\">Regal Prima \u00danica<\/a><\/li> <li><a href=\"https:\/\/idecesos.com\/seguros\/companias\/regal\/repatriacion\/\">Regal Repatriaci\u00f3n<\/a><\/li> <li><a href=\"https:\/\/idecesos.com\/seguros\/companias\/regal\/telefono\/\">Tel\u00e9fono Gratuito Regal<\/a><\/li><\/ul><\/div><\/p>\n<\/div>\n","protected":false},"excerpt":{"rendered":"<p>Resalta el seguro de decesos de prima nivelada Regal por dar un precio toda vez que se sostiene en el tiempo de forma continuada, y va a quedar a\u00f1adido a la suma de los gastos funerarios. Aun contando con un cat\u00e1logo ampl\u00edsimo, sus clientes del servicio optan por la p\u00f3liza de prima nivelada Regal. Dentro&hellip; <\/p>\n","protected":false},"author":3,"featured_media":0,"parent":473,"menu_order":0,"comment_status":"closed","ping_status":"closed","template":"single.php","meta":{"footnotes":""},"class_list":["post-11419","page","type-page","status-publish","hentry"],"yoast_head":"<!-- This site is optimized with the Yoast SEO plugin v27.3 - https:\/\/yoast.com\/product\/yoast-seo-wordpress\/ -->\n<title>Seguro Decesos Regal Prima Nivelada \u25b7 Opiniones y Precio 2026<\/title>\n<meta name=\"description\" content=\"Click aqu\u00ed \u3010Seguro de Decesos Prima Nivelada Regal\u3011 Mejores precios Regal seguro de fallecidos Prima Nivelada \u2611\ufe0f Actualizado por iDecesos\u00ae\" \/>\n<meta name=\"robots\" content=\"index, follow, max-snippet:-1, max-image-preview:large, max-video-preview:-1\" \/>\n<link rel=\"canonical\" href=\"https:\/\/idecesos.com\/seguros\/companias\/regal\/prima-nivelada\/\" \/>\n<meta property=\"og:locale\" content=\"es_ES\" \/>\n<meta property=\"og:type\" content=\"article\" \/>\n<meta property=\"og:title\" content=\"Seguro Decesos Regal Prima Nivelada \u25b7 Opiniones y Precio 2026\" \/>\n<meta property=\"og:description\" content=\"Click aqu\u00ed \u3010Seguro de Decesos Prima Nivelada Regal\u3011 Mejores precios Regal seguro de fallecidos Prima Nivelada \u2611\ufe0f Actualizado por iDecesos\u00ae\" \/>\n<meta property=\"og:url\" content=\"https:\/\/idecesos.com\/seguros\/companias\/regal\/prima-nivelada\/\" \/>\n<meta property=\"article:modified_time\" content=\"2022-01-03T12:31:19+00:00\" \/>\n<meta name=\"twitter:card\" content=\"summary_large_image\" \/>\n<meta name=\"twitter:label1\" content=\"Tiempo de lectura\" \/>\n\t<meta name=\"twitter:data1\" content=\"57 minutos\" \/>\n<script type=\"application\/ld+json\" class=\"yoast-schema-graph\">{\"@context\":\"https:\\\/\\\/schema.org\",\"@graph\":[{\"@type\":\"WebPage\",\"@id\":\"https:\\\/\\\/idecesos.com\\\/seguros\\\/companias\\\/regal\\\/prima-nivelada\\\/\",\"url\":\"https:\\\/\\\/idecesos.com\\\/seguros\\\/companias\\\/regal\\\/prima-nivelada\\\/\",\"name\":\"Seguro Decesos Regal Prima Nivelada \u25b7 Opiniones y Precio 2026\",\"isPartOf\":{\"@id\":\"https:\\\/\\\/idecesos.com\\\/seguros\\\/#website\"},\"datePublished\":\"2021-11-03T00:00:00+00:00\",\"dateModified\":\"2022-01-03T12:31:19+00:00\",\"description\":\"Click aqu\u00ed \u3010Seguro de Decesos Prima Nivelada Regal\u3011 Mejores precios Regal seguro de fallecidos Prima Nivelada \u2611\ufe0f Actualizado por iDecesos\u00ae\",\"breadcrumb\":{\"@id\":\"https:\\\/\\\/idecesos.com\\\/seguros\\\/companias\\\/regal\\\/prima-nivelada\\\/#breadcrumb\"},\"inLanguage\":\"es\",\"potentialAction\":[{\"@type\":\"ReadAction\",\"target\":[\"https:\\\/\\\/idecesos.com\\\/seguros\\\/companias\\\/regal\\\/prima-nivelada\\\/\"]}]},{\"@type\":\"BreadcrumbList\",\"@id\":\"https:\\\/\\\/idecesos.com\\\/seguros\\\/companias\\\/regal\\\/prima-nivelada\\\/#breadcrumb\",\"itemListElement\":[{\"@type\":\"ListItem\",\"position\":1,\"name\":\"Portada\",\"item\":\"https:\\\/\\\/idecesos.com\\\/seguros\\\/\"},{\"@type\":\"ListItem\",\"position\":2,\"name\":\"Compa\u00f1\u00edas de Seguros de Decesos en Espa\u00f1a\",\"item\":\"https:\\\/\\\/idecesos.com\\\/seguros\\\/companias\\\/\"},{\"@type\":\"ListItem\",\"position\":3,\"name\":\"Seguro de decesos Regal\",\"item\":\"https:\\\/\\\/idecesos.com\\\/seguros\\\/companias\\\/regal\\\/\"},{\"@type\":\"ListItem\",\"position\":4,\"name\":\"Seguro de decesos Regal Prima Nivelada\"}]},{\"@type\":\"WebSite\",\"@id\":\"https:\\\/\\\/idecesos.com\\\/seguros\\\/#website\",\"url\":\"https:\\\/\\\/idecesos.com\\\/seguros\\\/\",\"name\":\"\",\"description\":\"\",\"potentialAction\":[{\"@type\":\"SearchAction\",\"target\":{\"@type\":\"EntryPoint\",\"urlTemplate\":\"https:\\\/\\\/idecesos.com\\\/seguros\\\/?s={search_term_string}\"},\"query-input\":{\"@type\":\"PropertyValueSpecification\",\"valueRequired\":true,\"valueName\":\"search_term_string\"}}],\"inLanguage\":\"es\"}]}<\/script>\n<!-- \/ Yoast SEO plugin. -->","yoast_head_json":{"title":"Seguro Decesos Regal Prima Nivelada \u25b7 Opiniones y Precio 2026","description":"Click aqu\u00ed \u3010Seguro de Decesos Prima Nivelada Regal\u3011 Mejores precios Regal seguro de fallecidos Prima Nivelada \u2611\ufe0f Actualizado por iDecesos\u00ae","robots":{"index":"index","follow":"follow","max-snippet":"max-snippet:-1","max-image-preview":"max-image-preview:large","max-video-preview":"max-video-preview:-1"},"canonical":"https:\/\/idecesos.com\/seguros\/companias\/regal\/prima-nivelada\/","og_locale":"es_ES","og_type":"article","og_title":"Seguro Decesos Regal Prima Nivelada \u25b7 Opiniones y Precio 2026","og_description":"Click aqu\u00ed \u3010Seguro de Decesos Prima Nivelada Regal\u3011 Mejores precios Regal seguro de fallecidos Prima Nivelada \u2611\ufe0f Actualizado por iDecesos\u00ae","og_url":"https:\/\/idecesos.com\/seguros\/companias\/regal\/prima-nivelada\/","article_modified_time":"2022-01-03T12:31:19+00:00","twitter_card":"summary_large_image","twitter_misc":{"Tiempo de lectura":"57 minutos"},"schema":{"@context":"https:\/\/schema.org","@graph":[{"@type":"WebPage","@id":"https:\/\/idecesos.com\/seguros\/companias\/regal\/prima-nivelada\/","url":"https:\/\/idecesos.com\/seguros\/companias\/regal\/prima-nivelada\/","name":"Seguro Decesos Regal Prima Nivelada \u25b7 Opiniones y Precio 2026","isPartOf":{"@id":"https:\/\/idecesos.com\/seguros\/#website"},"datePublished":"2021-11-03T00:00:00+00:00","dateModified":"2022-01-03T12:31:19+00:00","description":"Click aqu\u00ed \u3010Seguro de Decesos Prima Nivelada Regal\u3011 Mejores precios Regal seguro de fallecidos Prima Nivelada \u2611\ufe0f Actualizado por iDecesos\u00ae","breadcrumb":{"@id":"https:\/\/idecesos.com\/seguros\/companias\/regal\/prima-nivelada\/#breadcrumb"},"inLanguage":"es","potentialAction":[{"@type":"ReadAction","target":["https:\/\/idecesos.com\/seguros\/companias\/regal\/prima-nivelada\/"]}]},{"@type":"BreadcrumbList","@id":"https:\/\/idecesos.com\/seguros\/companias\/regal\/prima-nivelada\/#breadcrumb","itemListElement":[{"@type":"ListItem","position":1,"name":"Portada","item":"https:\/\/idecesos.com\/seguros\/"},{"@type":"ListItem","position":2,"name":"Compa\u00f1\u00edas de Seguros de Decesos en Espa\u00f1a","item":"https:\/\/idecesos.com\/seguros\/companias\/"},{"@type":"ListItem","position":3,"name":"Seguro de decesos Regal","item":"https:\/\/idecesos.com\/seguros\/companias\/regal\/"},{"@type":"ListItem","position":4,"name":"Seguro de decesos Regal Prima Nivelada"}]},{"@type":"WebSite","@id":"https:\/\/idecesos.com\/seguros\/#website","url":"https:\/\/idecesos.com\/seguros\/","name":"","description":"","potentialAction":[{"@type":"SearchAction","target":{"@type":"EntryPoint","urlTemplate":"https:\/\/idecesos.com\/seguros\/?s={search_term_string}"},"query-input":{"@type":"PropertyValueSpecification","valueRequired":true,"valueName":"search_term_string"}}],"inLanguage":"es"}]}},"_links":{"self":[{"href":"https:\/\/idecesos.com\/seguros\/wp-json\/wp\/v2\/pages\/11419","targetHints":{"allow":["GET"]}}],"collection":[{"href":"https:\/\/idecesos.com\/seguros\/wp-json\/wp\/v2\/pages"}],"about":[{"href":"https:\/\/idecesos.com\/seguros\/wp-json\/wp\/v2\/types\/page"}],"author":[{"embeddable":true,"href":"https:\/\/idecesos.com\/seguros\/wp-json\/wp\/v2\/users\/3"}],"replies":[{"embeddable":true,"href":"https:\/\/idecesos.com\/seguros\/wp-json\/wp\/v2\/comments?post=11419"}],"version-history":[{"count":1,"href":"https:\/\/idecesos.com\/seguros\/wp-json\/wp\/v2\/pages\/11419\/revisions"}],"predecessor-version":[{"id":12929,"href":"https:\/\/idecesos.com\/seguros\/wp-json\/wp\/v2\/pages\/11419\/revisions\/12929"}],"up":[{"embeddable":true,"href":"https:\/\/idecesos.com\/seguros\/wp-json\/wp\/v2\/pages\/473"}],"wp:attachment":[{"href":"https:\/\/idecesos.com\/seguros\/wp-json\/wp\/v2\/media?parent=11419"}],"curies":[{"name":"wp","href":"https:\/\/api.w.org\/{rel}","templated":true}]}}