{"id":11440,"date":"2021-11-04T00:00:00","date_gmt":"2021-11-04T00:00:00","guid":{"rendered":"https:\/\/idecesos.com\/seguros\/?page_id=11440"},"modified":"2022-01-03T12:30:01","modified_gmt":"2022-01-03T12:30:01","slug":"prima-mixta","status":"publish","type":"page","link":"https:\/\/idecesos.com\/seguros\/companias\/bankia\/prima-mixta\/","title":{"rendered":"Seguro de decesos Bankia Prima Mixta"},"content":{"rendered":"<div id=\"ez-toc-container\" class=\"ez-toc-v2_0_82_2 ez-toc-wrap-center counter-hierarchy ez-toc-counter ez-toc-custom ez-toc-container-direction\">\n<div class=\"ez-toc-title-container\">\n<p class=\"ez-toc-title\" style=\"cursor:inherit\">Tabla de Contenido<\/p>\n<span class=\"ez-toc-title-toggle\"><a href=\"#\" class=\"ez-toc-pull-right ez-toc-btn ez-toc-btn-xs ez-toc-btn-default ez-toc-toggle\" aria-label=\"Alternar tabla de contenidos\"><span class=\"ez-toc-js-icon-con\"><span class=\"\"><span class=\"eztoc-hide\" style=\"display:none;\">Toggle<\/span><span class=\"ez-toc-icon-toggle-span\"><svg style=\"fill: #db6415;color:#db6415\" xmlns=\"http:\/\/www.w3.org\/2000\/svg\" class=\"list-377408\" width=\"20px\" height=\"20px\" viewBox=\"0 0 24 24\" fill=\"none\"><path d=\"M6 6H4v2h2V6zm14 0H8v2h12V6zM4 11h2v2H4v-2zm16 0H8v2h12v-2zM4 16h2v2H4v-2zm16 0H8v2h12v-2z\" fill=\"currentColor\"><\/path><\/svg><svg style=\"fill: #db6415;color:#db6415\" class=\"arrow-unsorted-368013\" xmlns=\"http:\/\/www.w3.org\/2000\/svg\" width=\"10px\" height=\"10px\" viewBox=\"0 0 24 24\" version=\"1.2\" baseProfile=\"tiny\"><path d=\"M18.2 9.3l-6.2-6.3-6.2 6.3c-.2.2-.3.4-.3.7s.1.5.3.7c.2.2.4.3.7.3h11c.3 0 .5-.1.7-.3.2-.2.3-.5.3-.7s-.1-.5-.3-.7zM5.8 14.7l6.2 6.3 6.2-6.3c.2-.2.3-.5.3-.7s-.1-.5-.3-.7c-.2-.2-.4-.3-.7-.3h-11c-.3 0-.5.1-.7.3-.2.2-.3.5-.3.7s.1.5.3.7z\"\/><\/svg><\/span><\/span><\/span><\/a><\/span><\/div>\n<nav><ul class='ez-toc-list ez-toc-list-level-1 ' ><li class='ez-toc-page-1 ez-toc-heading-level-2'><a class=\"ez-toc-link ez-toc-heading-1\" href=\"https:\/\/idecesos.com\/seguros\/companias\/bankia\/prima-mixta\/#Coberturas_seguro_Prima_Mixta_Bankia\" >Coberturas seguro Prima Mixta Bankia<\/a><ul class='ez-toc-list-level-3' ><li class='ez-toc-heading-level-3'><a class=\"ez-toc-link ez-toc-heading-2\" href=\"https:\/\/idecesos.com\/seguros\/companias\/bankia\/prima-mixta\/#%C2%BFA_quien_va_dirigido_el_seguro_de_decesos_Prima_Mixta_de_Bankia\" >\u00bfA qui\u00e9n va dirigido el seguro de decesos Prima Mixta de Bankia?<\/a><\/li><\/ul><\/li><li class='ez-toc-page-1 ez-toc-heading-level-2'><a class=\"ez-toc-link ez-toc-heading-3\" href=\"https:\/\/idecesos.com\/seguros\/companias\/bankia\/prima-mixta\/#Precio_de_seguro_de_decesos_Prima_Mixta_Bankia\" >Precio de seguro de decesos Prima Mixta Bankia<\/a><\/li><li class='ez-toc-page-1 ez-toc-heading-level-2'><a class=\"ez-toc-link ez-toc-heading-4\" href=\"https:\/\/idecesos.com\/seguros\/companias\/bankia\/prima-mixta\/#Productos_Prima_Mixta_Bankia\" >Productos Prima Mixta Bankia<\/a><\/li><li class='ez-toc-page-1 ez-toc-heading-level-2'><a class=\"ez-toc-link ez-toc-heading-5\" href=\"https:\/\/idecesos.com\/seguros\/companias\/bankia\/prima-mixta\/#Opiniones_del_seguro_de_decesos_de_Prima_Mixta_de_Bankia\" >Opiniones del seguro de decesos de Prima Mixta de Bankia<\/a><ul class='ez-toc-list-level-3' ><li class='ez-toc-heading-level-3'><a class=\"ez-toc-link ez-toc-heading-6\" href=\"https:\/\/idecesos.com\/seguros\/companias\/bankia\/prima-mixta\/#Paginas_relacionadas\" >P\u00e1ginas relacionadas<\/a><\/li><\/ul><\/li><\/ul><\/nav><\/div>\n\n<p>En la prima creciente hay una uni\u00f3n con prima mixta de Bankia y prima nivelada de Bankia. El desarrollo anual del coste de prima mixta Bankia es debido a los a\u00f1os que se va cumpliendo que asimismo es a mayor riesgo de finar. Por lo que resulta m\u00e1s cara y se marchan renovando los servicios ya que encarecen con el tiempo, cuando se llega a una cierta edad la prima mixta Bankia se nivela. <\/p>\n<p>Leer m\u00e1s: <a href=\"https:\/\/idecesos.com\/seguros\/tipo\/mixta\/\">Seguro de decesos Prima Mixta<\/a><\/p>\n<div class=\"colorf \"  ><div class=\"container clearfix\"><div class=\"col-md-7\"><\/p>\n<h2><span class=\"ez-toc-section\" id=\"Coberturas_seguro_Prima_Mixta_Bankia\"><\/span>Coberturas seguro Prima Mixta Bankia<span class=\"ez-toc-section-end\"><\/span><\/h2>\n<p>Dentro del seguro de decesos de prima mixta de Bankia los clientes del servicio es m\u00e1s frecuente que se pregunte qu\u00e9 es lo que cubre, por lo que dentro del seguro de decesos prima mixta Bankia adem\u00e1s de contar con las coberturas b\u00e1sicas y necesarias, ante el sepelio estaria todo cubierto, gesti\u00f3n de documentaci\u00f3n, traslado, flores,esquelas entre otros muchos. Adem\u00e1s tiene coberturas a\u00f1adidas el seguro de prima mixta Bankia que pueden los asegurados usar de manera gratuita y que son de gran utilidad para la vida normalmente. Con iDecesos lograr\u00e1s conocer todo en detalle del seguro de decesos de prima mixta de Bankia podr\u00e1s realizar las comparaciones necesarias y conocer las coberturas que te interesan m\u00e1s. Para darte con exactitud las coberturas que tendr\u00edas, es preciso indicar tu edad y tu localidad a fin de que sea una busca m\u00e1s espec\u00edfica del seguro de decesos de prima \u00abmixta\u00bb. La compa\u00f1\u00eda Bankia tiene una experiencia altamente experta en seguros de decesos de prima mixta y podemos garantizar que si te decides por sus coberturas el servicio es de un gran nivel asegurador, adem\u00e1s en caso de que sobre capital asegurado del servicio funerario se les ser\u00e1 devuelto a los familiares y esto lo recoge en el condicionado general, donde asimismo est\u00e1n las coberturas generales y particulares de la p\u00f3liza de prima mixta Bankia. <\/p>\n<p><\/div><\/div><\/div>\n<h3><span class=\"ez-toc-section\" id=\"%C2%BFA_quien_va_dirigido_el_seguro_de_decesos_Prima_Mixta_de_Bankia\"><\/span>\u00bfA qui\u00e9n va dirigido el seguro de decesos Prima Mixta de Bankia?<span class=\"ez-toc-section-end\"><\/span><\/h3>\n<p>La mayor\u00eda que adquiere este seguro de prima mixta de Bankia es debido a su coste que es accesible y cuenta con una estabilidad financiera para cada familia que lo contrate. En Bankia la p\u00f3liza de prima mixta lo adquiere familias por el servicio complementario que ofrecen. <\/p>\n<div class=\"colorf \"  ><div class=\"container clearfix\"><div class=\"col-md-7\"><\/p>\n<h2><span class=\"ez-toc-section\" id=\"Precio_de_seguro_de_decesos_Prima_Mixta_Bankia\"><\/span>Precio de seguro de decesos Prima Mixta Bankia<span class=\"ez-toc-section-end\"><\/span><\/h2>\n<p>El precio es de 1,99 euros por mes del seguro de decesos de prima mixta de Bankia con las variables actuariales m\u00e1s convenientes para el c\u00e1lculo de la misma. Lo esencial es que el precio de Bankia es el m\u00e1s alcanzable y asequible, con lo que cuenta con mucha competencia. iDecesos tu aliado para lograr el mejor coste del mercado, vas a poder realizar las diferentes comparaciones con respecto al de Bankia. Solo debes incluir los datos para efectuar el c\u00e1lculo para tu p\u00f3liza ideal. <\/p>\n<p><\/div><\/div><\/div>\n<h2><span class=\"ez-toc-section\" id=\"Productos_Prima_Mixta_Bankia\"><\/span>Productos Prima Mixta Bankia<span class=\"ez-toc-section-end\"><\/span><\/h2>\n<div class=\"colorf\"><div class=\"container clearfix\"><div class=\"col-md-7\"><div class=\"opiniones\">\n<h2><span class=\"ez-toc-section\" id=\"Opiniones_del_seguro_de_decesos_de_Prima_Mixta_de_Bankia\"><\/span>Opiniones del seguro de decesos de Prima Mixta de Bankia<span class=\"ez-toc-section-end\"><\/span><\/h2>\n<p>Bankia cuenta con las mejores opiniones del mercado por el producto de prima mixta o semi natural. El mejor director de iDecesos ha dejado por hecho que el seguro de prima mixta, es el conjunto de los diferentes categor\u00edas de prima natural y nivelada, formando de las mejores p\u00f3lizas del mercado. <\/p>\n<div class=\"opinion \"  >\n\t\t\t<div class=\"cabecera_opinion\">\n\t\t\t\t<div class=\"avatar\">D B <\/div>\n\t\t\t\t<div class=\"datos_opinion\">\n\t\t\t\t\t<div class=\"nombre_opinion\">Dominga Benitez<\/div>\n\t\t\t\t\t<div class=\"info_opinion\">\t\t\t\t\t\t\n\t\t\t\t\t\t<div class=\"cuenta_opinion\"><i class=\"fas fa-pencil-alt\"><\/i><!--span class=\"dashicons dashicons-edit\" style=\"font-size:20px\"><\/span--><span>1 Opini\u00f3n<\/span><\/div>\t\t\t\t\t\t\n\t\t\t\t\t\t<div class=\"localizacion_opinion\">\n\t\t\t\t\t\t\t<i class=\"fas fa-map-marker-alt\"><\/i><!--span class=\"dashicons dashicons-location\" style=\"font-size:20px\"><\/span-->\n\t\t\t\t\t\t\t<span>ES<\/span>\n\t\t\t\t\t\t<\/div>\t\n\t\t\t\t\t<\/div>\n\t\t\t\t<\/div>\n\t\t\t<\/div><div class=\"texto_opinion\"><\/p>\n<p>Cuando me efectuaron el presupuesto en Bankia tanto las coberturas como la tarifa eran espectaculares, claro que debes de tomar en consideraci\u00f3n a la hora de realizar la contrataci\u00f3n con Bankia empieza aumentar el coste seg\u00fan la edad en tanto que ellos se refieren cuanta m\u00e1s edad m\u00e1s riesgo puede haber.<\/p>\n<p><\/div><\/div>\n<div class=\"opinion \"  >\n\t\t\t<div class=\"cabecera_opinion\">\n\t\t\t\t<div class=\"avatar\">C T <\/div>\n\t\t\t\t<div class=\"datos_opinion\">\n\t\t\t\t\t<div class=\"nombre_opinion\">Cayetana Tere<\/div>\n\t\t\t\t\t<div class=\"info_opinion\">\t\t\t\t\t\t\n\t\t\t\t\t\t<div class=\"cuenta_opinion\"><i class=\"fas fa-pencil-alt\"><\/i><!--span class=\"dashicons dashicons-edit\" style=\"font-size:20px\"><\/span--><span>1 Opini\u00f3n<\/span><\/div>\t\t\t\t\t\t\n\t\t\t\t\t\t<div class=\"localizacion_opinion\">\n\t\t\t\t\t\t\t<i class=\"fas fa-map-marker-alt\"><\/i><!--span class=\"dashicons dashicons-location\" style=\"font-size:20px\"><\/span-->\n\t\t\t\t\t\t\t<span>ES<\/span>\n\t\t\t\t\t\t<\/div>\t\n\t\t\t\t\t<\/div>\n\t\t\t\t<\/div>\n\t\t\t<\/div><div class=\"texto_opinion\"><\/p>\n<p>Opino que Bankia es una de las mejores que he descubierto con iDecesos, me pusieron todo tan f\u00e1cil en la contrataci\u00f3n puesto que lo hice de manera en l\u00ednea, es cierto que a mi edad las ventajas que obtuve fueron destacables, por lo que a nivel econ\u00f3mico me result\u00f3 muy sencillo de poder efectuar los pagos, aparte de que contaba con diferentes modalidades de pago en Bankia.<\/p>\n<p><\/div><\/div>\n<div class=\"opinion \"  >\n\t\t\t<div class=\"cabecera_opinion\">\n\t\t\t\t<div class=\"avatar\">I V <\/div>\n\t\t\t\t<div class=\"datos_opinion\">\n\t\t\t\t\t<div class=\"nombre_opinion\">Isa\u00edas Vilanova<\/div>\n\t\t\t\t\t<div class=\"info_opinion\">\t\t\t\t\t\t\n\t\t\t\t\t\t<div class=\"cuenta_opinion\"><i class=\"fas fa-pencil-alt\"><\/i><!--span class=\"dashicons dashicons-edit\" style=\"font-size:20px\"><\/span--><span>1 Opini\u00f3n<\/span><\/div>\t\t\t\t\t\t\n\t\t\t\t\t\t<div class=\"localizacion_opinion\">\n\t\t\t\t\t\t\t<i class=\"fas fa-map-marker-alt\"><\/i><!--span class=\"dashicons dashicons-location\" style=\"font-size:20px\"><\/span-->\n\t\t\t\t\t\t\t<span>ES<\/span>\n\t\t\t\t\t\t<\/div>\t\n\t\t\t\t\t<\/div>\n\t\t\t\t<\/div>\n\t\t\t<\/div><div class=\"texto_opinion\"><\/p>\n<p>He contratado el seguro de prima Mixta de Bankia y s\u00f3lo puedo decir que desde el momento que llamamos al tel\u00e9fono de asistencia se encargaron de todo y fue todo correcto por parte de su personal.<\/p>\n<p><\/div><\/div>\n<\/div><\/div><\/div><\/div>\n<p><div class=\"oficinas\"><br \/>\n<h3><span class=\"ez-toc-section\" id=\"Paginas_relacionadas\"><\/span>P\u00e1ginas relacionadas<span class=\"ez-toc-section-end\"><\/span><\/h3><div class=\"enlazado\"><ul> <li><a href=\"https:\/\/idecesos.com\/seguros\/companias\/bankia\/opiniones\/\">Opiniones Bankia<\/a><\/li> <li><a href=\"https:\/\/idecesos.com\/seguros\/companias\/bankia\/precio\/\">Precio seguro Bankia<\/a><\/li> <li><a href=\"https:\/\/idecesos.com\/seguros\/companias\/bankia\/prima-mixta\/\">Bankia Prima Mixta<\/a><\/li> <li><a href=\"https:\/\/idecesos.com\/seguros\/companias\/bankia\/prima-natural\/\">Bankia Prima Natural<\/a><\/li> <li><a href=\"https:\/\/idecesos.com\/seguros\/companias\/bankia\/prima-nivelada\/\">Bankia Prima Nivelada<\/a><\/li> <li><a href=\"https:\/\/idecesos.com\/seguros\/companias\/bankia\/prima-unica\/\">Bankia Prima \u00danica<\/a><\/li> <li><a href=\"https:\/\/idecesos.com\/seguros\/companias\/bankia\/repatriacion\/\">Bankia Repatriaci\u00f3n<\/a><\/li> <li><a href=\"https:\/\/idecesos.com\/seguros\/companias\/bankia\/telefono\/\">Tel\u00e9fono Gratuito Bankia<\/a><\/li><\/ul><\/div><\/p>\n<\/div>\n","protected":false},"excerpt":{"rendered":"<p>En la prima creciente hay una uni\u00f3n con prima mixta de Bankia y prima nivelada de Bankia. El desarrollo anual del coste de prima mixta Bankia es debido a los a\u00f1os que se va cumpliendo que asimismo es a mayor riesgo de finar. Por lo que resulta m\u00e1s cara y se marchan renovando los servicios&hellip; <\/p>\n","protected":false},"author":3,"featured_media":0,"parent":509,"menu_order":0,"comment_status":"closed","ping_status":"closed","template":"single.php","meta":{"footnotes":""},"class_list":["post-11440","page","type-page","status-publish","hentry"],"yoast_head":"<!-- This site is optimized with the Yoast SEO plugin v27.4 - https:\/\/yoast.com\/product\/yoast-seo-wordpress\/ -->\n<title>Seguro Decesos Bankia Prima Mixta \u25b7 Opiniones y Precio 2026<\/title>\n<meta name=\"description\" content=\"Click aqu\u00ed \u3010Seguro de Decesos Prima Mixta Bankia\u3011 Mejores precios Bankia seguro de fallecidos Prima Mixta \u2611\ufe0f Actualizado por iDecesos\u00ae\" \/>\n<meta name=\"robots\" content=\"index, follow, max-snippet:-1, max-image-preview:large, max-video-preview:-1\" \/>\n<link rel=\"canonical\" href=\"https:\/\/idecesos.com\/seguros\/companias\/bankia\/prima-mixta\/\" \/>\n<meta property=\"og:locale\" content=\"es_ES\" \/>\n<meta property=\"og:type\" content=\"article\" \/>\n<meta property=\"og:title\" content=\"Seguro Decesos Bankia Prima Mixta \u25b7 Opiniones y Precio 2026\" \/>\n<meta property=\"og:description\" content=\"Click aqu\u00ed \u3010Seguro de Decesos Prima Mixta Bankia\u3011 Mejores precios Bankia seguro de fallecidos Prima Mixta \u2611\ufe0f Actualizado por iDecesos\u00ae\" \/>\n<meta property=\"og:url\" content=\"https:\/\/idecesos.com\/seguros\/companias\/bankia\/prima-mixta\/\" \/>\n<meta property=\"article:modified_time\" content=\"2022-01-03T12:30:01+00:00\" \/>\n<meta name=\"twitter:card\" content=\"summary_large_image\" \/>\n<meta name=\"twitter:label1\" content=\"Tiempo de lectura\" \/>\n\t<meta name=\"twitter:data1\" content=\"54 minutos\" \/>\n<script type=\"application\/ld+json\" class=\"yoast-schema-graph\">{\"@context\":\"https:\\\/\\\/schema.org\",\"@graph\":[{\"@type\":\"WebPage\",\"@id\":\"https:\\\/\\\/idecesos.com\\\/seguros\\\/companias\\\/bankia\\\/prima-mixta\\\/\",\"url\":\"https:\\\/\\\/idecesos.com\\\/seguros\\\/companias\\\/bankia\\\/prima-mixta\\\/\",\"name\":\"Seguro Decesos Bankia Prima Mixta \u25b7 Opiniones y Precio 2026\",\"isPartOf\":{\"@id\":\"https:\\\/\\\/idecesos.com\\\/seguros\\\/#website\"},\"datePublished\":\"2021-11-04T00:00:00+00:00\",\"dateModified\":\"2022-01-03T12:30:01+00:00\",\"description\":\"Click aqu\u00ed \u3010Seguro de Decesos Prima Mixta Bankia\u3011 Mejores precios Bankia seguro de fallecidos Prima Mixta \u2611\ufe0f Actualizado por iDecesos\u00ae\",\"breadcrumb\":{\"@id\":\"https:\\\/\\\/idecesos.com\\\/seguros\\\/companias\\\/bankia\\\/prima-mixta\\\/#breadcrumb\"},\"inLanguage\":\"es\",\"potentialAction\":[{\"@type\":\"ReadAction\",\"target\":[\"https:\\\/\\\/idecesos.com\\\/seguros\\\/companias\\\/bankia\\\/prima-mixta\\\/\"]}]},{\"@type\":\"BreadcrumbList\",\"@id\":\"https:\\\/\\\/idecesos.com\\\/seguros\\\/companias\\\/bankia\\\/prima-mixta\\\/#breadcrumb\",\"itemListElement\":[{\"@type\":\"ListItem\",\"position\":1,\"name\":\"Portada\",\"item\":\"https:\\\/\\\/idecesos.com\\\/seguros\\\/\"},{\"@type\":\"ListItem\",\"position\":2,\"name\":\"Compa\u00f1\u00edas de Seguros de Decesos en Espa\u00f1a\",\"item\":\"https:\\\/\\\/idecesos.com\\\/seguros\\\/companias\\\/\"},{\"@type\":\"ListItem\",\"position\":3,\"name\":\"Seguro de decesos Bankia\",\"item\":\"https:\\\/\\\/idecesos.com\\\/seguros\\\/companias\\\/bankia\\\/\"},{\"@type\":\"ListItem\",\"position\":4,\"name\":\"Seguro de decesos Bankia Prima Mixta\"}]},{\"@type\":\"WebSite\",\"@id\":\"https:\\\/\\\/idecesos.com\\\/seguros\\\/#website\",\"url\":\"https:\\\/\\\/idecesos.com\\\/seguros\\\/\",\"name\":\"\",\"description\":\"\",\"potentialAction\":[{\"@type\":\"SearchAction\",\"target\":{\"@type\":\"EntryPoint\",\"urlTemplate\":\"https:\\\/\\\/idecesos.com\\\/seguros\\\/?s={search_term_string}\"},\"query-input\":{\"@type\":\"PropertyValueSpecification\",\"valueRequired\":true,\"valueName\":\"search_term_string\"}}],\"inLanguage\":\"es\"}]}<\/script>\n<!-- \/ Yoast SEO plugin. -->","yoast_head_json":{"title":"Seguro Decesos Bankia Prima Mixta \u25b7 Opiniones y Precio 2026","description":"Click aqu\u00ed \u3010Seguro de Decesos Prima Mixta Bankia\u3011 Mejores precios Bankia seguro de fallecidos Prima Mixta \u2611\ufe0f Actualizado por iDecesos\u00ae","robots":{"index":"index","follow":"follow","max-snippet":"max-snippet:-1","max-image-preview":"max-image-preview:large","max-video-preview":"max-video-preview:-1"},"canonical":"https:\/\/idecesos.com\/seguros\/companias\/bankia\/prima-mixta\/","og_locale":"es_ES","og_type":"article","og_title":"Seguro Decesos Bankia Prima Mixta \u25b7 Opiniones y Precio 2026","og_description":"Click aqu\u00ed \u3010Seguro de Decesos Prima Mixta Bankia\u3011 Mejores precios Bankia seguro de fallecidos Prima Mixta \u2611\ufe0f Actualizado por iDecesos\u00ae","og_url":"https:\/\/idecesos.com\/seguros\/companias\/bankia\/prima-mixta\/","article_modified_time":"2022-01-03T12:30:01+00:00","twitter_card":"summary_large_image","twitter_misc":{"Tiempo de lectura":"54 minutos"},"schema":{"@context":"https:\/\/schema.org","@graph":[{"@type":"WebPage","@id":"https:\/\/idecesos.com\/seguros\/companias\/bankia\/prima-mixta\/","url":"https:\/\/idecesos.com\/seguros\/companias\/bankia\/prima-mixta\/","name":"Seguro Decesos Bankia Prima Mixta \u25b7 Opiniones y Precio 2026","isPartOf":{"@id":"https:\/\/idecesos.com\/seguros\/#website"},"datePublished":"2021-11-04T00:00:00+00:00","dateModified":"2022-01-03T12:30:01+00:00","description":"Click aqu\u00ed \u3010Seguro de Decesos Prima Mixta Bankia\u3011 Mejores precios Bankia seguro de fallecidos Prima Mixta \u2611\ufe0f Actualizado por iDecesos\u00ae","breadcrumb":{"@id":"https:\/\/idecesos.com\/seguros\/companias\/bankia\/prima-mixta\/#breadcrumb"},"inLanguage":"es","potentialAction":[{"@type":"ReadAction","target":["https:\/\/idecesos.com\/seguros\/companias\/bankia\/prima-mixta\/"]}]},{"@type":"BreadcrumbList","@id":"https:\/\/idecesos.com\/seguros\/companias\/bankia\/prima-mixta\/#breadcrumb","itemListElement":[{"@type":"ListItem","position":1,"name":"Portada","item":"https:\/\/idecesos.com\/seguros\/"},{"@type":"ListItem","position":2,"name":"Compa\u00f1\u00edas de Seguros de Decesos en Espa\u00f1a","item":"https:\/\/idecesos.com\/seguros\/companias\/"},{"@type":"ListItem","position":3,"name":"Seguro de decesos Bankia","item":"https:\/\/idecesos.com\/seguros\/companias\/bankia\/"},{"@type":"ListItem","position":4,"name":"Seguro de decesos Bankia Prima Mixta"}]},{"@type":"WebSite","@id":"https:\/\/idecesos.com\/seguros\/#website","url":"https:\/\/idecesos.com\/seguros\/","name":"","description":"","potentialAction":[{"@type":"SearchAction","target":{"@type":"EntryPoint","urlTemplate":"https:\/\/idecesos.com\/seguros\/?s={search_term_string}"},"query-input":{"@type":"PropertyValueSpecification","valueRequired":true,"valueName":"search_term_string"}}],"inLanguage":"es"}]}},"_links":{"self":[{"href":"https:\/\/idecesos.com\/seguros\/wp-json\/wp\/v2\/pages\/11440","targetHints":{"allow":["GET"]}}],"collection":[{"href":"https:\/\/idecesos.com\/seguros\/wp-json\/wp\/v2\/pages"}],"about":[{"href":"https:\/\/idecesos.com\/seguros\/wp-json\/wp\/v2\/types\/page"}],"author":[{"embeddable":true,"href":"https:\/\/idecesos.com\/seguros\/wp-json\/wp\/v2\/users\/3"}],"replies":[{"embeddable":true,"href":"https:\/\/idecesos.com\/seguros\/wp-json\/wp\/v2\/comments?post=11440"}],"version-history":[{"count":1,"href":"https:\/\/idecesos.com\/seguros\/wp-json\/wp\/v2\/pages\/11440\/revisions"}],"predecessor-version":[{"id":12941,"href":"https:\/\/idecesos.com\/seguros\/wp-json\/wp\/v2\/pages\/11440\/revisions\/12941"}],"up":[{"embeddable":true,"href":"https:\/\/idecesos.com\/seguros\/wp-json\/wp\/v2\/pages\/509"}],"wp:attachment":[{"href":"https:\/\/idecesos.com\/seguros\/wp-json\/wp\/v2\/media?parent=11440"}],"curies":[{"name":"wp","href":"https:\/\/api.w.org\/{rel}","templated":true}]}}