{"id":11451,"date":"2021-11-05T00:00:00","date_gmt":"2021-11-05T00:00:00","guid":{"rendered":"https:\/\/idecesos.com\/seguros\/?page_id=11451"},"modified":"2022-01-03T12:30:05","modified_gmt":"2022-01-03T12:30:05","slug":"prima-nivelada","status":"publish","type":"page","link":"https:\/\/idecesos.com\/seguros\/companias\/caixabank\/prima-nivelada\/","title":{"rendered":"Seguro de decesos Caixabank Prima Nivelada"},"content":{"rendered":"<div id=\"ez-toc-container\" class=\"ez-toc-v2_0_82_2 ez-toc-wrap-center counter-hierarchy ez-toc-counter ez-toc-custom ez-toc-container-direction\">\n<div class=\"ez-toc-title-container\">\n<p class=\"ez-toc-title\" style=\"cursor:inherit\">Tabla de Contenido<\/p>\n<span class=\"ez-toc-title-toggle\"><a href=\"#\" class=\"ez-toc-pull-right ez-toc-btn ez-toc-btn-xs ez-toc-btn-default ez-toc-toggle\" aria-label=\"Alternar tabla de contenidos\"><span class=\"ez-toc-js-icon-con\"><span class=\"\"><span class=\"eztoc-hide\" style=\"display:none;\">Toggle<\/span><span class=\"ez-toc-icon-toggle-span\"><svg style=\"fill: #db6415;color:#db6415\" xmlns=\"http:\/\/www.w3.org\/2000\/svg\" class=\"list-377408\" width=\"20px\" height=\"20px\" viewBox=\"0 0 24 24\" fill=\"none\"><path d=\"M6 6H4v2h2V6zm14 0H8v2h12V6zM4 11h2v2H4v-2zm16 0H8v2h12v-2zM4 16h2v2H4v-2zm16 0H8v2h12v-2z\" fill=\"currentColor\"><\/path><\/svg><svg style=\"fill: #db6415;color:#db6415\" class=\"arrow-unsorted-368013\" xmlns=\"http:\/\/www.w3.org\/2000\/svg\" width=\"10px\" height=\"10px\" viewBox=\"0 0 24 24\" version=\"1.2\" baseProfile=\"tiny\"><path d=\"M18.2 9.3l-6.2-6.3-6.2 6.3c-.2.2-.3.4-.3.7s.1.5.3.7c.2.2.4.3.7.3h11c.3 0 .5-.1.7-.3.2-.2.3-.5.3-.7s-.1-.5-.3-.7zM5.8 14.7l6.2 6.3 6.2-6.3c.2-.2.3-.5.3-.7s-.1-.5-.3-.7c-.2-.2-.4-.3-.7-.3h-11c-.3 0-.5.1-.7.3-.2.2-.3.5-.3.7s.1.5.3.7z\"\/><\/svg><\/span><\/span><\/span><\/a><\/span><\/div>\n<nav><ul class='ez-toc-list ez-toc-list-level-1 ' ><li class='ez-toc-page-1 ez-toc-heading-level-2'><a class=\"ez-toc-link ez-toc-heading-1\" href=\"https:\/\/idecesos.com\/seguros\/companias\/caixabank\/prima-nivelada\/#Coberturas_seguro_Prima_Nivelada_Caixabank\" >Coberturas seguro Prima Nivelada Caixabank<\/a><ul class='ez-toc-list-level-3' ><li class='ez-toc-heading-level-3'><a class=\"ez-toc-link ez-toc-heading-2\" href=\"https:\/\/idecesos.com\/seguros\/companias\/caixabank\/prima-nivelada\/#%C2%BFA_quien_va_dirigido_el_seguro_de_decesos_Prima_Nivelada_de_Caixabank\" >\u00bfA qui\u00e9n va dirigido el seguro de decesos Prima Nivelada de Caixabank?<\/a><\/li><\/ul><\/li><li class='ez-toc-page-1 ez-toc-heading-level-2'><a class=\"ez-toc-link ez-toc-heading-3\" href=\"https:\/\/idecesos.com\/seguros\/companias\/caixabank\/prima-nivelada\/#Precio_de_seguro_de_decesos_Prima_Nivelada_Caixabank\" >Precio de seguro de decesos Prima Nivelada Caixabank<\/a><\/li><li class='ez-toc-page-1 ez-toc-heading-level-2'><a class=\"ez-toc-link ez-toc-heading-4\" href=\"https:\/\/idecesos.com\/seguros\/companias\/caixabank\/prima-nivelada\/#Productos_Prima_Nivelada_Caixabank\" >Productos Prima Nivelada Caixabank<\/a><\/li><li class='ez-toc-page-1 ez-toc-heading-level-2'><a class=\"ez-toc-link ez-toc-heading-5\" href=\"https:\/\/idecesos.com\/seguros\/companias\/caixabank\/prima-nivelada\/#Opiniones_del_seguro_de_decesos_de_Prima_Nivelada_de_Caixabank\" >Opiniones del seguro de decesos de Prima Nivelada de Caixabank<\/a><ul class='ez-toc-list-level-3' ><li class='ez-toc-heading-level-3'><a class=\"ez-toc-link ez-toc-heading-6\" href=\"https:\/\/idecesos.com\/seguros\/companias\/caixabank\/prima-nivelada\/#Paginas_relacionadas\" >P\u00e1ginas relacionadas<\/a><\/li><\/ul><\/li><\/ul><\/nav><\/div>\n\n<p>El servicio funerario va en la suma total con el contrato primordial del seguro, el seguro de decesos de prima nivelada Caixabank ya que destaca por ser siempre y en toda circunstancia igual al final del total. La que m\u00e1s optan a contratar es la p\u00f3liza de prima nivelada Caixabank, asimismo es verdad que muchas de las personas de car\u00e1cter m\u00e1s joven les resulta cada largo tiempo, un pago excesivo. Se encargan de todo de una manera mucho m\u00e1s r\u00e1pida y simple, marcando el n\u00famero de asistencia familiar de Caixabank lo realizaran seg\u00fan el acuerdo de la p\u00f3liza de prima nivelada Caixabank. <\/p>\n<p>Leer m\u00e1s: <a href=\"https:\/\/idecesos.com\/seguros\/tipo\/nivelada\/\">Seguro de decesos Prima Nivelada<\/a><\/p>\n<div class=\"colorf \"  ><div class=\"container clearfix\"><div class=\"col-md-7\"><\/p>\n<h2><span class=\"ez-toc-section\" id=\"Coberturas_seguro_Prima_Nivelada_Caixabank\"><\/span>Coberturas seguro Prima Nivelada Caixabank<span class=\"ez-toc-section-end\"><\/span><\/h2>\n<p>Prima nivelada de Caixabank da unas coberturas de calidad para sus clientes del servicio, dando el mejor servicio y dedicaci\u00f3n dentro de las funerarias. Dando altas expectativas de sus garant\u00edas. Dar serenidad a tu familia entra parte de las gestiones importantes como es el caso de hacer todas las gestiones burocr\u00e1ticas llev\u00e1ndolo a un proceso legal frente a los organismos p\u00fablicos. Lo servicios con mejor garantia es la que entra dentro de todo el servicio funerario, ata\u00fad, tanatorio o bien caso de que deseen inhumaci\u00f3n o bien urna. Caixabank se ha abierto paso al mercado gracias a sus renovaciones y grandes mejoras en las coberturas de prima nivelada, en las que incluyen entierro o bien cremaci\u00f3n. Conoce las coberturas que contemplan el seguro de decesos Caixabank, ya que es de gran importancia tener en consideraci\u00f3n cuales son las que poseen ya antes de efectuar la contrataci\u00f3n. Con iDecesos vas a poder observar toda la informaci\u00f3n de una forma m\u00e1s detallada y ver las condiciones generales que disponen de prima nivelada. <\/p>\n<p><\/div><\/div><\/div>\n<h3><span class=\"ez-toc-section\" id=\"%C2%BFA_quien_va_dirigido_el_seguro_de_decesos_Prima_Nivelada_de_Caixabank\"><\/span>\u00bfA qui\u00e9n va dirigido el seguro de decesos Prima Nivelada de Caixabank?<span class=\"ez-toc-section-end\"><\/span><\/h3>\n<p>No hay una determinada poblaci\u00f3n a la que se vayan a dirigir con lo que el seguro de prima nivelada de Caixabank buscan que puedan acceder todas y cada una de las personas y cuenten con una situaci\u00f3n estable a nivel econ\u00f3mico, y en el momento de necesitar los servicios no ocurra ning\u00fan inconveniente. <\/p>\n<div class=\"colorf \"  ><div class=\"container clearfix\"><div class=\"col-md-7\"><\/p>\n<h2><span class=\"ez-toc-section\" id=\"Precio_de_seguro_de_decesos_Prima_Nivelada_Caixabank\"><\/span>Precio de seguro de decesos Prima Nivelada Caixabank<span class=\"ez-toc-section-end\"><\/span><\/h2>\n<p>El precio del seguro de prima nivelada Caixabank es de 5,15 euros quien abonar\u00e1 de forma mensual, en cada ello se coger\u00e1 los datos importantes como es el caso de la edad y de la localidad siendo el total de la suma del servicio l\u00fagubre. Quedando incluido todas y cada una de las ofertas y descuentos que contemplen, dejando de esta manera uno de los costes m\u00e1s destacables y econ\u00f3micos de Caixabank. El seguro de prima nivelada de Caixabank da muchas comodidades a sus clientes del servicio a la hora de efectuar los pagos, siendo de manera mensual, trimestral, semestral o anual. Para obtener la tarifa con las ofertas m\u00e1s incre\u00edbles semejantes a tu seguro de prima nivelada Caixabank solamente tienes que efectuar una comparativa de precios en iDecesos en tan s\u00f3lo un minuto vas a saber si lo que quer\u00edas es lo m\u00e1s barato a lo que puedes acceder con una prima incesante. <\/p>\n<p><\/div><\/div><\/div>\n<h2><span class=\"ez-toc-section\" id=\"Productos_Prima_Nivelada_Caixabank\"><\/span>Productos Prima Nivelada Caixabank<span class=\"ez-toc-section-end\"><\/span><\/h2>\n<div class=\"colorf\"><div class=\"container clearfix\"><div class=\"col-md-7\"><div class=\"opiniones\">\n<h2><span class=\"ez-toc-section\" id=\"Opiniones_del_seguro_de_decesos_de_Prima_Nivelada_de_Caixabank\"><\/span>Opiniones del seguro de decesos de Prima Nivelada de Caixabank<span class=\"ez-toc-section-end\"><\/span><\/h2>\n<p>Tiene una de las mejores creencias el seguro de decesos de prima nivelada Caixabank generado merced a los mejores aconsejes del mercado que es iDecesos, dando accesibilidad a unas coberturas que llevan a cabo de forma eficaz las gestiones pertinentes. Adem\u00e1s ponen a disposici\u00f3n de los interesados en la prima nivelada Caixabank todas las comodidades de pago sin aumentos significativos en la prima. Caixabank de forma m\u00e1s usual realiza descuentos muy interesantes a fin de que se puedan favorecerlos clientes. <\/p>\n<div class=\"opinion \"  >\n\t\t\t<div class=\"cabecera_opinion\">\n\t\t\t\t<div class=\"avatar\">A E <\/div>\n\t\t\t\t<div class=\"datos_opinion\">\n\t\t\t\t\t<div class=\"nombre_opinion\">Abril Egea<\/div>\n\t\t\t\t\t<div class=\"info_opinion\">\t\t\t\t\t\t\n\t\t\t\t\t\t<div class=\"cuenta_opinion\"><i class=\"fas fa-pencil-alt\"><\/i><!--span class=\"dashicons dashicons-edit\" style=\"font-size:20px\"><\/span--><span>1 Opini\u00f3n<\/span><\/div>\t\t\t\t\t\t\n\t\t\t\t\t\t<div class=\"localizacion_opinion\">\n\t\t\t\t\t\t\t<i class=\"fas fa-map-marker-alt\"><\/i><!--span class=\"dashicons dashicons-location\" style=\"font-size:20px\"><\/span-->\n\t\t\t\t\t\t\t<span>ES<\/span>\n\t\t\t\t\t\t<\/div>\t\n\t\t\t\t\t<\/div>\n\t\t\t\t<\/div>\n\t\t\t<\/div><div class=\"texto_opinion\"><\/p>\n<p>Ten\u00eda a este respecto varias dudas sobre las coberturas que ofrecen en la p\u00f3liza, con lo que asist\u00ed a una de sus oficinas m\u00e1s cercanas, me atendieron profesionalmente, d\u00e1ndome tranquilidad y resolviendo sin duda todas y cada una mis cuestiones. Disponen de diferentes soluciones para cualquier circunstancia que pueda ocurrir alg\u00fan g\u00e9nero de incidencia. <\/p>\n<p><\/div><\/div>\n<div class=\"opinion \"  >\n\t\t\t<div class=\"cabecera_opinion\">\n\t\t\t\t<div class=\"avatar\">M M <\/div>\n\t\t\t\t<div class=\"datos_opinion\">\n\t\t\t\t\t<div class=\"nombre_opinion\">Marcelo Martinez<\/div>\n\t\t\t\t\t<div class=\"info_opinion\">\t\t\t\t\t\t\n\t\t\t\t\t\t<div class=\"cuenta_opinion\"><i class=\"fas fa-pencil-alt\"><\/i><!--span class=\"dashicons dashicons-edit\" style=\"font-size:20px\"><\/span--><span>1 Opini\u00f3n<\/span><\/div>\t\t\t\t\t\t\n\t\t\t\t\t\t<div class=\"localizacion_opinion\">\n\t\t\t\t\t\t\t<i class=\"fas fa-map-marker-alt\"><\/i><!--span class=\"dashicons dashicons-location\" style=\"font-size:20px\"><\/span-->\n\t\t\t\t\t\t\t<span>ES<\/span>\n\t\t\t\t\t\t<\/div>\t\n\t\t\t\t\t<\/div>\n\t\t\t\t<\/div>\n\t\t\t<\/div><div class=\"texto_opinion\"><\/p>\n<p>Caixabank fue de las que m\u00e1s se adapta a lo que buscaba, efectu\u00e9 con ellos el seguro de prima nivelada me dieron diferentes modalidades de pago, me aconsejaron con una mayor cobertura, se preocuparon por o que deber\u00eda saber de cada cl\u00e1usula, qued\u00e9 encantada con Caixabank. <\/p>\n<p><\/div><\/div>\n<div class=\"opinion \"  >\n\t\t\t<div class=\"cabecera_opinion\">\n\t\t\t\t<div class=\"avatar\">T J <\/div>\n\t\t\t\t<div class=\"datos_opinion\">\n\t\t\t\t\t<div class=\"nombre_opinion\">Trist\u00e1n Joel<\/div>\n\t\t\t\t\t<div class=\"info_opinion\">\t\t\t\t\t\t\n\t\t\t\t\t\t<div class=\"cuenta_opinion\"><i class=\"fas fa-pencil-alt\"><\/i><!--span class=\"dashicons dashicons-edit\" style=\"font-size:20px\"><\/span--><span>1 Opini\u00f3n<\/span><\/div>\t\t\t\t\t\t\n\t\t\t\t\t\t<div class=\"localizacion_opinion\">\n\t\t\t\t\t\t\t<i class=\"fas fa-map-marker-alt\"><\/i><!--span class=\"dashicons dashicons-location\" style=\"font-size:20px\"><\/span-->\n\t\t\t\t\t\t\t<span>ES<\/span>\n\t\t\t\t\t\t<\/div>\t\n\t\t\t\t\t<\/div>\n\t\t\t\t<\/div>\n\t\t\t<\/div><div class=\"texto_opinion\"><\/p>\n<p>Mi experiencia con Caixabank ha sido muy buena, me han brindado un servicio de calidad de 10, con ellos consegu\u00ed el seguro de prima nivelada, por lo que cont\u00e9 con una tarifa muy personalizada, siempre y en todo momento lo aconsejo cuando me lo preguntan. <\/p>\n<p><\/div><\/div>\n<\/div><\/div><\/div><\/div>\n<p><div class=\"oficinas\"><br \/>\n<h3><span class=\"ez-toc-section\" id=\"Paginas_relacionadas\"><\/span>P\u00e1ginas relacionadas<span class=\"ez-toc-section-end\"><\/span><\/h3><div class=\"enlazado\"><ul> <li><a href=\"https:\/\/idecesos.com\/seguros\/companias\/caixabank\/opiniones\/\">Opiniones CaixaBank<\/a><\/li> <li><a href=\"https:\/\/idecesos.com\/seguros\/companias\/caixabank\/precio\/\">Precio seguro Caixabank<\/a><\/li> <li><a href=\"https:\/\/idecesos.com\/seguros\/companias\/caixabank\/prima-mixta\/\">Caixabank Prima Mixta<\/a><\/li> <li><a href=\"https:\/\/idecesos.com\/seguros\/companias\/caixabank\/prima-natural\/\">Caixabank Prima Natural<\/a><\/li> <li><a href=\"https:\/\/idecesos.com\/seguros\/companias\/caixabank\/prima-nivelada\/\">Caixabank Prima Nivelada<\/a><\/li> <li><a href=\"https:\/\/idecesos.com\/seguros\/companias\/caixabank\/prima-unica\/\">Caixabank Prima \u00danica<\/a><\/li> <li><a href=\"https:\/\/idecesos.com\/seguros\/companias\/caixabank\/repatriacion\/\">Caixabank Repatriaci\u00f3n<\/a><\/li> <li><a href=\"https:\/\/idecesos.com\/seguros\/companias\/caixabank\/telefono\/\">Tel\u00e9fono Gratuito Caixabank<\/a><\/li><\/ul><\/div><\/p>\n<\/div>\n","protected":false},"excerpt":{"rendered":"<p>El servicio funerario va en la suma total con el contrato primordial del seguro, el seguro de decesos de prima nivelada Caixabank ya que destaca por ser siempre y en toda circunstancia igual al final del total. La que m\u00e1s optan a contratar es la p\u00f3liza de prima nivelada Caixabank, asimismo es verdad que muchas&hellip; <\/p>\n","protected":false},"author":3,"featured_media":0,"parent":581,"menu_order":0,"comment_status":"closed","ping_status":"closed","template":"single.php","meta":{"footnotes":""},"class_list":["post-11451","page","type-page","status-publish","hentry"],"yoast_head":"<!-- This site is optimized with the Yoast SEO plugin v27.5 - https:\/\/yoast.com\/product\/yoast-seo-wordpress\/ -->\n<title>Seguro Decesos Caixabank Prima Nivelada \u25b7 Opiniones y Precio 2026<\/title>\n<meta name=\"description\" content=\"Click aqu\u00ed \u3010Seguro de Decesos Prima Nivelada Caixabank\u3011 Mejores precios Caixabank seguro de fallecidos Prima Nivelada \u2611\ufe0f Actualizado por iDecesos\u00ae\" \/>\n<meta name=\"robots\" content=\"index, follow, max-snippet:-1, max-image-preview:large, max-video-preview:-1\" \/>\n<link rel=\"canonical\" href=\"https:\/\/idecesos.com\/seguros\/companias\/caixabank\/prima-nivelada\/\" \/>\n<meta property=\"og:locale\" content=\"es_ES\" \/>\n<meta property=\"og:type\" content=\"article\" \/>\n<meta property=\"og:title\" content=\"Seguro Decesos Caixabank Prima Nivelada \u25b7 Opiniones y Precio 2026\" \/>\n<meta property=\"og:description\" content=\"Click aqu\u00ed \u3010Seguro de Decesos Prima Nivelada Caixabank\u3011 Mejores precios Caixabank seguro de fallecidos Prima Nivelada \u2611\ufe0f Actualizado por iDecesos\u00ae\" \/>\n<meta property=\"og:url\" content=\"https:\/\/idecesos.com\/seguros\/companias\/caixabank\/prima-nivelada\/\" \/>\n<meta property=\"article:modified_time\" content=\"2022-01-03T12:30:05+00:00\" \/>\n<meta name=\"twitter:card\" content=\"summary_large_image\" \/>\n<meta name=\"twitter:label1\" content=\"Tiempo de lectura\" \/>\n\t<meta name=\"twitter:data1\" content=\"57 minutos\" \/>\n<script type=\"application\/ld+json\" class=\"yoast-schema-graph\">{\"@context\":\"https:\\\/\\\/schema.org\",\"@graph\":[{\"@type\":\"WebPage\",\"@id\":\"https:\\\/\\\/idecesos.com\\\/seguros\\\/companias\\\/caixabank\\\/prima-nivelada\\\/\",\"url\":\"https:\\\/\\\/idecesos.com\\\/seguros\\\/companias\\\/caixabank\\\/prima-nivelada\\\/\",\"name\":\"Seguro Decesos Caixabank Prima Nivelada \u25b7 Opiniones y Precio 2026\",\"isPartOf\":{\"@id\":\"https:\\\/\\\/idecesos.com\\\/seguros\\\/#website\"},\"datePublished\":\"2021-11-05T00:00:00+00:00\",\"dateModified\":\"2022-01-03T12:30:05+00:00\",\"description\":\"Click aqu\u00ed \u3010Seguro de Decesos Prima Nivelada Caixabank\u3011 Mejores precios Caixabank seguro de fallecidos Prima Nivelada \u2611\ufe0f Actualizado por iDecesos\u00ae\",\"breadcrumb\":{\"@id\":\"https:\\\/\\\/idecesos.com\\\/seguros\\\/companias\\\/caixabank\\\/prima-nivelada\\\/#breadcrumb\"},\"inLanguage\":\"es\",\"potentialAction\":[{\"@type\":\"ReadAction\",\"target\":[\"https:\\\/\\\/idecesos.com\\\/seguros\\\/companias\\\/caixabank\\\/prima-nivelada\\\/\"]}]},{\"@type\":\"BreadcrumbList\",\"@id\":\"https:\\\/\\\/idecesos.com\\\/seguros\\\/companias\\\/caixabank\\\/prima-nivelada\\\/#breadcrumb\",\"itemListElement\":[{\"@type\":\"ListItem\",\"position\":1,\"name\":\"Portada\",\"item\":\"https:\\\/\\\/idecesos.com\\\/seguros\\\/\"},{\"@type\":\"ListItem\",\"position\":2,\"name\":\"Compa\u00f1\u00edas de Seguros de Decesos en Espa\u00f1a\",\"item\":\"https:\\\/\\\/idecesos.com\\\/seguros\\\/companias\\\/\"},{\"@type\":\"ListItem\",\"position\":3,\"name\":\"Seguro de decesos Caixabank\",\"item\":\"https:\\\/\\\/idecesos.com\\\/seguros\\\/companias\\\/caixabank\\\/\"},{\"@type\":\"ListItem\",\"position\":4,\"name\":\"Seguro de decesos Caixabank Prima Nivelada\"}]},{\"@type\":\"WebSite\",\"@id\":\"https:\\\/\\\/idecesos.com\\\/seguros\\\/#website\",\"url\":\"https:\\\/\\\/idecesos.com\\\/seguros\\\/\",\"name\":\"\",\"description\":\"\",\"potentialAction\":[{\"@type\":\"SearchAction\",\"target\":{\"@type\":\"EntryPoint\",\"urlTemplate\":\"https:\\\/\\\/idecesos.com\\\/seguros\\\/?s={search_term_string}\"},\"query-input\":{\"@type\":\"PropertyValueSpecification\",\"valueRequired\":true,\"valueName\":\"search_term_string\"}}],\"inLanguage\":\"es\"}]}<\/script>\n<!-- \/ Yoast SEO plugin. -->","yoast_head_json":{"title":"Seguro Decesos Caixabank Prima Nivelada \u25b7 Opiniones y Precio 2026","description":"Click aqu\u00ed \u3010Seguro de Decesos Prima Nivelada Caixabank\u3011 Mejores precios Caixabank seguro de fallecidos Prima Nivelada \u2611\ufe0f Actualizado por iDecesos\u00ae","robots":{"index":"index","follow":"follow","max-snippet":"max-snippet:-1","max-image-preview":"max-image-preview:large","max-video-preview":"max-video-preview:-1"},"canonical":"https:\/\/idecesos.com\/seguros\/companias\/caixabank\/prima-nivelada\/","og_locale":"es_ES","og_type":"article","og_title":"Seguro Decesos Caixabank Prima Nivelada \u25b7 Opiniones y Precio 2026","og_description":"Click aqu\u00ed \u3010Seguro de Decesos Prima Nivelada Caixabank\u3011 Mejores precios Caixabank seguro de fallecidos Prima Nivelada \u2611\ufe0f Actualizado por iDecesos\u00ae","og_url":"https:\/\/idecesos.com\/seguros\/companias\/caixabank\/prima-nivelada\/","article_modified_time":"2022-01-03T12:30:05+00:00","twitter_card":"summary_large_image","twitter_misc":{"Tiempo de lectura":"57 minutos"},"schema":{"@context":"https:\/\/schema.org","@graph":[{"@type":"WebPage","@id":"https:\/\/idecesos.com\/seguros\/companias\/caixabank\/prima-nivelada\/","url":"https:\/\/idecesos.com\/seguros\/companias\/caixabank\/prima-nivelada\/","name":"Seguro Decesos Caixabank Prima Nivelada \u25b7 Opiniones y Precio 2026","isPartOf":{"@id":"https:\/\/idecesos.com\/seguros\/#website"},"datePublished":"2021-11-05T00:00:00+00:00","dateModified":"2022-01-03T12:30:05+00:00","description":"Click aqu\u00ed \u3010Seguro de Decesos Prima Nivelada Caixabank\u3011 Mejores precios Caixabank seguro de fallecidos Prima Nivelada \u2611\ufe0f Actualizado por iDecesos\u00ae","breadcrumb":{"@id":"https:\/\/idecesos.com\/seguros\/companias\/caixabank\/prima-nivelada\/#breadcrumb"},"inLanguage":"es","potentialAction":[{"@type":"ReadAction","target":["https:\/\/idecesos.com\/seguros\/companias\/caixabank\/prima-nivelada\/"]}]},{"@type":"BreadcrumbList","@id":"https:\/\/idecesos.com\/seguros\/companias\/caixabank\/prima-nivelada\/#breadcrumb","itemListElement":[{"@type":"ListItem","position":1,"name":"Portada","item":"https:\/\/idecesos.com\/seguros\/"},{"@type":"ListItem","position":2,"name":"Compa\u00f1\u00edas de Seguros de Decesos en Espa\u00f1a","item":"https:\/\/idecesos.com\/seguros\/companias\/"},{"@type":"ListItem","position":3,"name":"Seguro de decesos Caixabank","item":"https:\/\/idecesos.com\/seguros\/companias\/caixabank\/"},{"@type":"ListItem","position":4,"name":"Seguro de decesos Caixabank Prima Nivelada"}]},{"@type":"WebSite","@id":"https:\/\/idecesos.com\/seguros\/#website","url":"https:\/\/idecesos.com\/seguros\/","name":"","description":"","potentialAction":[{"@type":"SearchAction","target":{"@type":"EntryPoint","urlTemplate":"https:\/\/idecesos.com\/seguros\/?s={search_term_string}"},"query-input":{"@type":"PropertyValueSpecification","valueRequired":true,"valueName":"search_term_string"}}],"inLanguage":"es"}]}},"_links":{"self":[{"href":"https:\/\/idecesos.com\/seguros\/wp-json\/wp\/v2\/pages\/11451","targetHints":{"allow":["GET"]}}],"collection":[{"href":"https:\/\/idecesos.com\/seguros\/wp-json\/wp\/v2\/pages"}],"about":[{"href":"https:\/\/idecesos.com\/seguros\/wp-json\/wp\/v2\/types\/page"}],"author":[{"embeddable":true,"href":"https:\/\/idecesos.com\/seguros\/wp-json\/wp\/v2\/users\/3"}],"replies":[{"embeddable":true,"href":"https:\/\/idecesos.com\/seguros\/wp-json\/wp\/v2\/comments?post=11451"}],"version-history":[{"count":1,"href":"https:\/\/idecesos.com\/seguros\/wp-json\/wp\/v2\/pages\/11451\/revisions"}],"predecessor-version":[{"id":12958,"href":"https:\/\/idecesos.com\/seguros\/wp-json\/wp\/v2\/pages\/11451\/revisions\/12958"}],"up":[{"embeddable":true,"href":"https:\/\/idecesos.com\/seguros\/wp-json\/wp\/v2\/pages\/581"}],"wp:attachment":[{"href":"https:\/\/idecesos.com\/seguros\/wp-json\/wp\/v2\/media?parent=11451"}],"curies":[{"name":"wp","href":"https:\/\/api.w.org\/{rel}","templated":true}]}}