{"id":11463,"date":"2021-11-06T00:00:00","date_gmt":"2021-11-06T00:00:00","guid":{"rendered":"https:\/\/idecesos.com\/seguros\/?page_id=11463"},"modified":"2022-01-03T12:31:46","modified_gmt":"2022-01-03T12:31:46","slug":"repatriacion","status":"publish","type":"page","link":"https:\/\/idecesos.com\/seguros\/companias\/santander\/repatriacion\/","title":{"rendered":"Seguro de decesos Santander con repatriaci\u00f3n"},"content":{"rendered":"<div id=\"ez-toc-container\" class=\"ez-toc-v2_0_82_2 ez-toc-wrap-center counter-hierarchy ez-toc-counter ez-toc-custom ez-toc-container-direction\">\n<div class=\"ez-toc-title-container\">\n<p class=\"ez-toc-title\" style=\"cursor:inherit\">Tabla de Contenido<\/p>\n<span class=\"ez-toc-title-toggle\"><a href=\"#\" class=\"ez-toc-pull-right ez-toc-btn ez-toc-btn-xs ez-toc-btn-default ez-toc-toggle\" aria-label=\"Alternar tabla de contenidos\"><span class=\"ez-toc-js-icon-con\"><span class=\"\"><span class=\"eztoc-hide\" style=\"display:none;\">Toggle<\/span><span class=\"ez-toc-icon-toggle-span\"><svg style=\"fill: #db6415;color:#db6415\" xmlns=\"http:\/\/www.w3.org\/2000\/svg\" class=\"list-377408\" width=\"20px\" height=\"20px\" viewBox=\"0 0 24 24\" fill=\"none\"><path d=\"M6 6H4v2h2V6zm14 0H8v2h12V6zM4 11h2v2H4v-2zm16 0H8v2h12v-2zM4 16h2v2H4v-2zm16 0H8v2h12v-2z\" fill=\"currentColor\"><\/path><\/svg><svg style=\"fill: #db6415;color:#db6415\" class=\"arrow-unsorted-368013\" xmlns=\"http:\/\/www.w3.org\/2000\/svg\" width=\"10px\" height=\"10px\" viewBox=\"0 0 24 24\" version=\"1.2\" baseProfile=\"tiny\"><path d=\"M18.2 9.3l-6.2-6.3-6.2 6.3c-.2.2-.3.4-.3.7s.1.5.3.7c.2.2.4.3.7.3h11c.3 0 .5-.1.7-.3.2-.2.3-.5.3-.7s-.1-.5-.3-.7zM5.8 14.7l6.2 6.3 6.2-6.3c.2-.2.3-.5.3-.7s-.1-.5-.3-.7c-.2-.2-.4-.3-.7-.3h-11c-.3 0-.5.1-.7.3-.2.2-.3.5-.3.7s.1.5.3.7z\"\/><\/svg><\/span><\/span><\/span><\/a><\/span><\/div>\n<nav><ul class='ez-toc-list ez-toc-list-level-1 ' ><li class='ez-toc-page-1 ez-toc-heading-level-2'><a class=\"ez-toc-link ez-toc-heading-1\" href=\"https:\/\/idecesos.com\/seguros\/companias\/santander\/repatriacion\/#Coberturas_seguro_Santander_con_repatriacion\" >Coberturas seguro Santander con repatriaci\u00f3n<\/a><ul class='ez-toc-list-level-3' ><li class='ez-toc-heading-level-3'><a class=\"ez-toc-link ez-toc-heading-2\" href=\"https:\/\/idecesos.com\/seguros\/companias\/santander\/repatriacion\/#%C2%BFA_quien_va_dirigido_el_seguro_de_decesos_con_repatriacion_de_Santander\" >\u00bfA qui\u00e9n va dirigido el seguro de decesos con repatriaci\u00f3n de Santander?<\/a><\/li><\/ul><\/li><li class='ez-toc-page-1 ez-toc-heading-level-2'><a class=\"ez-toc-link ez-toc-heading-3\" href=\"https:\/\/idecesos.com\/seguros\/companias\/santander\/repatriacion\/#Precio_de_seguro_de_decesos_Santander_con_repatriacion\" >Precio de seguro de decesos Santander con repatriaci\u00f3n<\/a><\/li><li class='ez-toc-page-1 ez-toc-heading-level-2'><a class=\"ez-toc-link ez-toc-heading-4\" href=\"https:\/\/idecesos.com\/seguros\/companias\/santander\/repatriacion\/#Productos_Repatriacion_Santander\" >Productos Repatriaci\u00f3n Santander<\/a><\/li><li class='ez-toc-page-1 ez-toc-heading-level-2'><a class=\"ez-toc-link ez-toc-heading-5\" href=\"https:\/\/idecesos.com\/seguros\/companias\/santander\/repatriacion\/#Opiniones_del_seguro_de_decesos_de_Repatriacion_de_Santander\" >Opiniones del seguro de decesos de Repatriaci\u00f3n de Santander<\/a><ul class='ez-toc-list-level-3' ><li class='ez-toc-heading-level-3'><a class=\"ez-toc-link ez-toc-heading-6\" href=\"https:\/\/idecesos.com\/seguros\/companias\/santander\/repatriacion\/#Paginas_relacionadas\" >P\u00e1ginas relacionadas<\/a><\/li><\/ul><\/li><\/ul><\/nav><\/div>\n\n<p>El seguro de repatriaci\u00f3n Santander, quedando incluidas en el seguro de decesos las coberturas b\u00e1sicas una de ellas es la de contar con este servicio. Durante los pr\u00e1cticamente dos \u00faltimos a\u00f1os las personas han peligroso todo dejando a tras su sitio de origen para residir en Espa\u00f1a siendo este uno de los pa\u00edses con m\u00e1s extranjeros a diferencia de otros a\u00f1os como en el caso de Alemania 199117, Per\u00fa 193786, R. Dominicana 167176. Es bastante dif\u00edcil prever lo que va a suceder en el futuro, pero es importante prevenirlo y dejarlo todo preparado. La cobertura resaltable del servicio de repatriaci\u00f3n es cuando da toda la garant\u00eda en el momento del fallecimiento donde se har\u00e1 la repatriaci\u00f3n a su sitio de origen. Con lo que vas a poder tener esa calma en cualquier pa\u00eds que te encuentres y que tu familia pueda contar en todo instante con esa calma. <\/p>\n<p>Leer m\u00e1s: <a href=\"https:\/\/idecesos.com\/seguros\/tipo\/extranjeros-repatriacion\/\">Seguro de decesos con repatriaci\u00f3n<\/a><\/p>\n<div class=\"colorf \"  ><div class=\"container clearfix\"><div class=\"col-md-7\"><\/p>\n<h2><span class=\"ez-toc-section\" id=\"Coberturas_seguro_Santander_con_repatriacion\"><\/span>Coberturas seguro Santander con repatriaci\u00f3n<span class=\"ez-toc-section-end\"><\/span><\/h2>\n<p>Coberturas seguro de repatriaci\u00f3n de Santander \u00bfA quien va dirigido estas coberturas? Son para todas aquellas personas que se encuentren en alg\u00fan pa\u00eds del mundo, en las coberturas como la gesti\u00f3n de los tr\u00e1mites, servicio funerario, libre elecci\u00f3n del cementerio o bien incineraci\u00f3n, asistencia en viaje, cobertura de los gastos en diferentes categor\u00edas. En el contrato de la p\u00f3liza quedar\u00e1 incluido todas las cl\u00e1usulas que debes conocer as\u00ed como los diferentes pautas que incluyen, ya sea de forma indefinida. <\/p>\n<p><\/div><\/div><\/div>\n<h3><span class=\"ez-toc-section\" id=\"%C2%BFA_quien_va_dirigido_el_seguro_de_decesos_con_repatriacion_de_Santander\"><\/span>\u00bfA qui\u00e9n va dirigido el seguro de decesos con repatriaci\u00f3n de Santander?<span class=\"ez-toc-section-end\"><\/span><\/h3>\n<p>No todas las personas conocen al 100 por ciento la cobertura que incluye el seguro de decesos de repatriaci\u00f3n de Santander, uno de los puntos m\u00e1s esencial, en el pa\u00eds que te encuentres llevar\u00e1n tu cuerpo al pa\u00eds de origen, facilitando el proceso a ti como a tus seres queridos. Un dato importante que debes de valorar es la garant\u00eda que dan dentro de la cobertura, de todos los gastos cubiertos del servicio l\u00fagubre en la localidad donde resida el fallecido. Cada informaci\u00f3n de relevancia va a quedar en la p\u00f3liza del seguro. <\/p>\n<div class=\"colorf \"  ><div class=\"container clearfix\"><div class=\"col-md-7\"><\/p>\n<h2><span class=\"ez-toc-section\" id=\"Precio_de_seguro_de_decesos_Santander_con_repatriacion\"><\/span>Precio de seguro de decesos Santander con repatriaci\u00f3n<span class=\"ez-toc-section-end\"><\/span><\/h2>\n<p>El coste de seguro de decesos repatriaci\u00f3n de la Santander se estimara dependiendo de las coberturas que contenga la p\u00f3liza de seguro, por lo que pagando en pocas cantidades de dinero de forma peri\u00f3dica con la compa\u00f1\u00eda de seguros,  se encargaran de los gastos relacionados con la repatriaci\u00f3n. \u00bfPor qu\u00e9 iDecesos? tendr\u00e1s un extenso cat\u00e1logo de los diferentes costes, a fin de que puedas seleccionar el que mejor se adapte a tus necesidades, sin dificultades y eludiendo siempre y en todo momento registros in\u00fatiles. <\/p>\n<p><\/div><\/div><\/div>\n<h2><span class=\"ez-toc-section\" id=\"Productos_Repatriacion_Santander\"><\/span>Productos Repatriaci\u00f3n Santander<span class=\"ez-toc-section-end\"><\/span><\/h2>\n<div class=\"colorf\"><div class=\"container clearfix\"><div class=\"col-md-7\"><div class=\"opiniones\">\n<h2><span class=\"ez-toc-section\" id=\"Opiniones_del_seguro_de_decesos_de_Repatriacion_de_Santander\"><\/span>Opiniones del seguro de decesos de Repatriaci\u00f3n de Santander<span class=\"ez-toc-section-end\"><\/span><\/h2>\n<p>&nbsp;<\/p>\n<div class=\"opinion \"  >\n\t\t\t<div class=\"cabecera_opinion\">\n\t\t\t\t<div class=\"avatar\">E L B <\/div>\n\t\t\t\t<div class=\"datos_opinion\">\n\t\t\t\t\t<div class=\"nombre_opinion\">Elodia Ligia Bermejo<\/div>\n\t\t\t\t\t<div class=\"info_opinion\">\t\t\t\t\t\t\n\t\t\t\t\t\t<div class=\"cuenta_opinion\"><i class=\"fas fa-pencil-alt\"><\/i><!--span class=\"dashicons dashicons-edit\" style=\"font-size:20px\"><\/span--><span>1 Opini\u00f3n<\/span><\/div>\t\t\t\t\t\t\n\t\t\t\t\t\t<div class=\"localizacion_opinion\">\n\t\t\t\t\t\t\t<i class=\"fas fa-map-marker-alt\"><\/i><!--span class=\"dashicons dashicons-location\" style=\"font-size:20px\"><\/span-->\n\t\t\t\t\t\t\t<span>ES<\/span>\n\t\t\t\t\t\t<\/div>\t\n\t\t\t\t\t<\/div>\n\t\t\t\t<\/div>\n\t\t\t<\/div><div class=\"texto_opinion\"><\/p>\n<p>Hace m\u00e1s de 5 a\u00f1os decidimos efectuar un viaje con mis progenitores, desgraciadamente mi madre falleci\u00f3 en el viaje, con lo que gracias a que efectuamos la contrataci\u00f3n de un seguro de decesos hace mucho tiempo, en las coberturas que ten\u00eda era repatriaci\u00f3n en cualquier lugar del mundo, con lo que nos facilit\u00f3 mucho el poder traer a mi madre a su sitio de origen, con todo los gastos cubiertos con respecto al fallecimiento, recibimos mucho apoyo a lo largo del viaje con lo que nos sentimos muy respaldados en todo momento.<\/p>\n<p><\/div><\/div>\n<div class=\"opinion \"  >\n\t\t\t<div class=\"cabecera_opinion\">\n\t\t\t\t<div class=\"avatar\">A F <\/div>\n\t\t\t\t<div class=\"datos_opinion\">\n\t\t\t\t\t<div class=\"nombre_opinion\">Andr\u00e9s Felipe<\/div>\n\t\t\t\t\t<div class=\"info_opinion\">\t\t\t\t\t\t\n\t\t\t\t\t\t<div class=\"cuenta_opinion\"><i class=\"fas fa-pencil-alt\"><\/i><!--span class=\"dashicons dashicons-edit\" style=\"font-size:20px\"><\/span--><span>1 Opini\u00f3n<\/span><\/div>\t\t\t\t\t\t\n\t\t\t\t\t\t<div class=\"localizacion_opinion\">\n\t\t\t\t\t\t\t<i class=\"fas fa-map-marker-alt\"><\/i><!--span class=\"dashicons dashicons-location\" style=\"font-size:20px\"><\/span-->\n\t\t\t\t\t\t\t<span>ES<\/span>\n\t\t\t\t\t\t<\/div>\t\n\t\t\t\t\t<\/div>\n\t\t\t\t<\/div>\n\t\t\t<\/div><div class=\"texto_opinion\"><\/p>\n<p>No hace m\u00e1s de 3 a\u00f1os que llevo con ellos, desafortunadamente mi prima muri\u00f3 en un viaje donde se encontraba de erasmus, gracias a que optamos a realizar la contrataci\u00f3n, nos dieron cobertura a lo largo del traslado a su lugar de origen, d\u00e1ndonos todas y cada una de las facilidades a lo largo del proceso, merced a ello nos result\u00f3 m\u00e1s f\u00e1cil. Quedando todos los gastos cubiertos, poni\u00e9ndonos a su predisposici\u00f3n todos los servicios contratados.<\/p>\n<p><\/div><\/div>\n<div class=\"opinion \"  >\n\t\t\t<div class=\"cabecera_opinion\">\n\t\t\t\t<div class=\"avatar\">C M <\/div>\n\t\t\t\t<div class=\"datos_opinion\">\n\t\t\t\t\t<div class=\"nombre_opinion\">Camilo Marqu\u00e9s<\/div>\n\t\t\t\t\t<div class=\"info_opinion\">\t\t\t\t\t\t\n\t\t\t\t\t\t<div class=\"cuenta_opinion\"><i class=\"fas fa-pencil-alt\"><\/i><!--span class=\"dashicons dashicons-edit\" style=\"font-size:20px\"><\/span--><span>1 Opini\u00f3n<\/span><\/div>\t\t\t\t\t\t\n\t\t\t\t\t\t<div class=\"localizacion_opinion\">\n\t\t\t\t\t\t\t<i class=\"fas fa-map-marker-alt\"><\/i><!--span class=\"dashicons dashicons-location\" style=\"font-size:20px\"><\/span-->\n\t\t\t\t\t\t\t<span>ES<\/span>\n\t\t\t\t\t\t<\/div>\t\n\t\t\t\t\t<\/div>\n\t\t\t\t<\/div>\n\t\t\t<\/div><div class=\"texto_opinion\"><\/p>\n<p>Desde mi experiencia con Santander durante el proceso de contrataci\u00f3n del seguro de repatriaci\u00f3n fue genial contar con profesionales en todo instante que resolvieron cada duda que pod\u00eda llegar a tener como de encargarse de la gesti\u00f3n de forma m\u00e1s oportuna , en mi caso yo lo hice con mucha prisa debido que mi hija se iba de erasmus y precisaba efectuarlo lo antes posible posible, Santander me dio las mejores coberturas as\u00ed como la calma.<\/p>\n<p><\/div><\/div>\n<\/div><\/div><\/div><\/div>\n<p><div class=\"oficinas\"><br \/>\n<h3><span class=\"ez-toc-section\" id=\"Paginas_relacionadas\"><\/span>P\u00e1ginas relacionadas<span class=\"ez-toc-section-end\"><\/span><\/h3><div class=\"enlazado\"><ul> <li><a href=\"https:\/\/idecesos.com\/seguros\/companias\/santander\/coberturas\/\">Coberturas Santander<\/a><\/li> <li><a href=\"https:\/\/idecesos.com\/seguros\/companias\/santander\/opiniones\/\">Opiniones Santander<\/a><\/li> <li><a href=\"https:\/\/idecesos.com\/seguros\/companias\/santander\/precio\/\">Precio seguro Santander<\/a><\/li> <li><a href=\"https:\/\/idecesos.com\/seguros\/companias\/santander\/prima-mixta\/\">Santander Prima Mixta<\/a><\/li> <li><a href=\"https:\/\/idecesos.com\/seguros\/companias\/santander\/prima-natural\/\">Santander Prima Natural<\/a><\/li> <li><a href=\"https:\/\/idecesos.com\/seguros\/companias\/santander\/prima-nivelada\/\">Santander Prima Nivelada<\/a><\/li> <li><a href=\"https:\/\/idecesos.com\/seguros\/companias\/santander\/prima-unica\/\">Santander Prima \u00danica<\/a><\/li> <li><a href=\"https:\/\/idecesos.com\/seguros\/companias\/santander\/repatriacion\/\">Santander Repatriaci\u00f3n<\/a><\/li> <li><a href=\"https:\/\/idecesos.com\/seguros\/companias\/santander\/telefono\/\">Tel\u00e9fono Gratuito Santander<\/a><\/li>                                                                                                                                                                                                                                                                                                                                                                                                                                                                                                                                                                                                                                                                                                                                                                                                                                                                                                                                                                                                                                                                                                                                                                                                                                                                                                                                                                                                                                                                                                                                                                                                                                                                                                                                                                                                                                                                                                                                                                                                                                                                                                                                                                                                                                                                                                                                                                                                                                                                                                                                                                                                                                                                                                                                                                                                                                                                                                                                                                                                                                                                                                                             <\/ul><\/div><\/p>\n<\/div>\n","protected":false},"excerpt":{"rendered":"<p>El seguro de repatriaci\u00f3n Santander, quedando incluidas en el seguro de decesos las coberturas b\u00e1sicas una de ellas es la de contar con este servicio. Durante los pr\u00e1cticamente dos \u00faltimos a\u00f1os las personas han peligroso todo dejando a tras su sitio de origen para residir en Espa\u00f1a siendo este uno de los pa\u00edses con m\u00e1s&hellip; <\/p>\n","protected":false},"author":3,"featured_media":0,"parent":834,"menu_order":0,"comment_status":"closed","ping_status":"closed","template":"single.php","meta":{"footnotes":""},"class_list":["post-11463","page","type-page","status-publish","hentry"],"yoast_head":"<!-- This site is optimized with the Yoast SEO plugin v27.5 - https:\/\/yoast.com\/product\/yoast-seo-wordpress\/ -->\n<title>Seguro Decesos Santander Repatriaci\u00f3n \u25b7 Opiniones y Precio 2026<\/title>\n<meta name=\"description\" content=\"Click aqu\u00ed \u3010Seguro de Decesos con repatriaci\u00f3n Santander\u3011 Mejores precios Santander seguro de fallecidos con repatriaci\u00f3n \u2611\ufe0f Actualizado por iDecesos\u00ae\" \/>\n<meta name=\"robots\" content=\"index, follow, max-snippet:-1, max-image-preview:large, max-video-preview:-1\" \/>\n<link rel=\"canonical\" href=\"https:\/\/idecesos.com\/seguros\/companias\/santander\/repatriacion\/\" \/>\n<meta property=\"og:locale\" content=\"es_ES\" \/>\n<meta property=\"og:type\" content=\"article\" \/>\n<meta property=\"og:title\" content=\"Seguro Decesos Santander Repatriaci\u00f3n \u25b7 Opiniones y Precio 2026\" \/>\n<meta property=\"og:description\" content=\"Click aqu\u00ed \u3010Seguro de Decesos con repatriaci\u00f3n Santander\u3011 Mejores precios Santander seguro de fallecidos con repatriaci\u00f3n \u2611\ufe0f Actualizado por iDecesos\u00ae\" \/>\n<meta property=\"og:url\" content=\"https:\/\/idecesos.com\/seguros\/companias\/santander\/repatriacion\/\" \/>\n<meta property=\"article:modified_time\" content=\"2022-01-03T12:31:46+00:00\" \/>\n<meta name=\"twitter:card\" content=\"summary_large_image\" \/>\n<meta name=\"twitter:label1\" content=\"Tiempo de lectura\" \/>\n\t<meta name=\"twitter:data1\" content=\"56 minutos\" \/>\n<script type=\"application\/ld+json\" class=\"yoast-schema-graph\">{\"@context\":\"https:\\\/\\\/schema.org\",\"@graph\":[{\"@type\":\"WebPage\",\"@id\":\"https:\\\/\\\/idecesos.com\\\/seguros\\\/companias\\\/santander\\\/repatriacion\\\/\",\"url\":\"https:\\\/\\\/idecesos.com\\\/seguros\\\/companias\\\/santander\\\/repatriacion\\\/\",\"name\":\"Seguro Decesos Santander Repatriaci\u00f3n \u25b7 Opiniones y Precio 2026\",\"isPartOf\":{\"@id\":\"https:\\\/\\\/idecesos.com\\\/seguros\\\/#website\"},\"datePublished\":\"2021-11-06T00:00:00+00:00\",\"dateModified\":\"2022-01-03T12:31:46+00:00\",\"description\":\"Click aqu\u00ed \u3010Seguro de Decesos con repatriaci\u00f3n Santander\u3011 Mejores precios Santander seguro de fallecidos con repatriaci\u00f3n \u2611\ufe0f Actualizado por iDecesos\u00ae\",\"breadcrumb\":{\"@id\":\"https:\\\/\\\/idecesos.com\\\/seguros\\\/companias\\\/santander\\\/repatriacion\\\/#breadcrumb\"},\"inLanguage\":\"es\",\"potentialAction\":[{\"@type\":\"ReadAction\",\"target\":[\"https:\\\/\\\/idecesos.com\\\/seguros\\\/companias\\\/santander\\\/repatriacion\\\/\"]}]},{\"@type\":\"BreadcrumbList\",\"@id\":\"https:\\\/\\\/idecesos.com\\\/seguros\\\/companias\\\/santander\\\/repatriacion\\\/#breadcrumb\",\"itemListElement\":[{\"@type\":\"ListItem\",\"position\":1,\"name\":\"Portada\",\"item\":\"https:\\\/\\\/idecesos.com\\\/seguros\\\/\"},{\"@type\":\"ListItem\",\"position\":2,\"name\":\"Compa\u00f1\u00edas de Seguros de Decesos en Espa\u00f1a\",\"item\":\"https:\\\/\\\/idecesos.com\\\/seguros\\\/companias\\\/\"},{\"@type\":\"ListItem\",\"position\":3,\"name\":\"Seguro de decesos Santander\",\"item\":\"https:\\\/\\\/idecesos.com\\\/seguros\\\/companias\\\/santander\\\/\"},{\"@type\":\"ListItem\",\"position\":4,\"name\":\"Seguro de decesos Santander con repatriaci\u00f3n\"}]},{\"@type\":\"WebSite\",\"@id\":\"https:\\\/\\\/idecesos.com\\\/seguros\\\/#website\",\"url\":\"https:\\\/\\\/idecesos.com\\\/seguros\\\/\",\"name\":\"\",\"description\":\"\",\"potentialAction\":[{\"@type\":\"SearchAction\",\"target\":{\"@type\":\"EntryPoint\",\"urlTemplate\":\"https:\\\/\\\/idecesos.com\\\/seguros\\\/?s={search_term_string}\"},\"query-input\":{\"@type\":\"PropertyValueSpecification\",\"valueRequired\":true,\"valueName\":\"search_term_string\"}}],\"inLanguage\":\"es\"}]}<\/script>\n<!-- \/ Yoast SEO plugin. -->","yoast_head_json":{"title":"Seguro Decesos Santander Repatriaci\u00f3n \u25b7 Opiniones y Precio 2026","description":"Click aqu\u00ed \u3010Seguro de Decesos con repatriaci\u00f3n Santander\u3011 Mejores precios Santander seguro de fallecidos con repatriaci\u00f3n \u2611\ufe0f Actualizado por iDecesos\u00ae","robots":{"index":"index","follow":"follow","max-snippet":"max-snippet:-1","max-image-preview":"max-image-preview:large","max-video-preview":"max-video-preview:-1"},"canonical":"https:\/\/idecesos.com\/seguros\/companias\/santander\/repatriacion\/","og_locale":"es_ES","og_type":"article","og_title":"Seguro Decesos Santander Repatriaci\u00f3n \u25b7 Opiniones y Precio 2026","og_description":"Click aqu\u00ed \u3010Seguro de Decesos con repatriaci\u00f3n Santander\u3011 Mejores precios Santander seguro de fallecidos con repatriaci\u00f3n \u2611\ufe0f Actualizado por iDecesos\u00ae","og_url":"https:\/\/idecesos.com\/seguros\/companias\/santander\/repatriacion\/","article_modified_time":"2022-01-03T12:31:46+00:00","twitter_card":"summary_large_image","twitter_misc":{"Tiempo de lectura":"56 minutos"},"schema":{"@context":"https:\/\/schema.org","@graph":[{"@type":"WebPage","@id":"https:\/\/idecesos.com\/seguros\/companias\/santander\/repatriacion\/","url":"https:\/\/idecesos.com\/seguros\/companias\/santander\/repatriacion\/","name":"Seguro Decesos Santander Repatriaci\u00f3n \u25b7 Opiniones y Precio 2026","isPartOf":{"@id":"https:\/\/idecesos.com\/seguros\/#website"},"datePublished":"2021-11-06T00:00:00+00:00","dateModified":"2022-01-03T12:31:46+00:00","description":"Click aqu\u00ed \u3010Seguro de Decesos con repatriaci\u00f3n Santander\u3011 Mejores precios Santander seguro de fallecidos con repatriaci\u00f3n \u2611\ufe0f Actualizado por iDecesos\u00ae","breadcrumb":{"@id":"https:\/\/idecesos.com\/seguros\/companias\/santander\/repatriacion\/#breadcrumb"},"inLanguage":"es","potentialAction":[{"@type":"ReadAction","target":["https:\/\/idecesos.com\/seguros\/companias\/santander\/repatriacion\/"]}]},{"@type":"BreadcrumbList","@id":"https:\/\/idecesos.com\/seguros\/companias\/santander\/repatriacion\/#breadcrumb","itemListElement":[{"@type":"ListItem","position":1,"name":"Portada","item":"https:\/\/idecesos.com\/seguros\/"},{"@type":"ListItem","position":2,"name":"Compa\u00f1\u00edas de Seguros de Decesos en Espa\u00f1a","item":"https:\/\/idecesos.com\/seguros\/companias\/"},{"@type":"ListItem","position":3,"name":"Seguro de decesos Santander","item":"https:\/\/idecesos.com\/seguros\/companias\/santander\/"},{"@type":"ListItem","position":4,"name":"Seguro de decesos Santander con repatriaci\u00f3n"}]},{"@type":"WebSite","@id":"https:\/\/idecesos.com\/seguros\/#website","url":"https:\/\/idecesos.com\/seguros\/","name":"","description":"","potentialAction":[{"@type":"SearchAction","target":{"@type":"EntryPoint","urlTemplate":"https:\/\/idecesos.com\/seguros\/?s={search_term_string}"},"query-input":{"@type":"PropertyValueSpecification","valueRequired":true,"valueName":"search_term_string"}}],"inLanguage":"es"}]}},"_links":{"self":[{"href":"https:\/\/idecesos.com\/seguros\/wp-json\/wp\/v2\/pages\/11463","targetHints":{"allow":["GET"]}}],"collection":[{"href":"https:\/\/idecesos.com\/seguros\/wp-json\/wp\/v2\/pages"}],"about":[{"href":"https:\/\/idecesos.com\/seguros\/wp-json\/wp\/v2\/types\/page"}],"author":[{"embeddable":true,"href":"https:\/\/idecesos.com\/seguros\/wp-json\/wp\/v2\/users\/3"}],"replies":[{"embeddable":true,"href":"https:\/\/idecesos.com\/seguros\/wp-json\/wp\/v2\/comments?post=11463"}],"version-history":[{"count":1,"href":"https:\/\/idecesos.com\/seguros\/wp-json\/wp\/v2\/pages\/11463\/revisions"}],"predecessor-version":[{"id":12976,"href":"https:\/\/idecesos.com\/seguros\/wp-json\/wp\/v2\/pages\/11463\/revisions\/12976"}],"up":[{"embeddable":true,"href":"https:\/\/idecesos.com\/seguros\/wp-json\/wp\/v2\/pages\/834"}],"wp:attachment":[{"href":"https:\/\/idecesos.com\/seguros\/wp-json\/wp\/v2\/media?parent=11463"}],"curies":[{"name":"wp","href":"https:\/\/api.w.org\/{rel}","templated":true}]}}