{"id":11465,"date":"2021-11-06T00:00:00","date_gmt":"2021-11-06T00:00:00","guid":{"rendered":"https:\/\/idecesos.com\/seguros\/?page_id=11465"},"modified":"2022-01-03T12:31:11","modified_gmt":"2022-01-03T12:31:11","slug":"prima-nivelada","status":"publish","type":"page","link":"https:\/\/idecesos.com\/seguros\/companias\/nederlanden\/prima-nivelada\/","title":{"rendered":"Seguro de decesos Nationale Nederlanden Prima Nivelada"},"content":{"rendered":"<div id=\"ez-toc-container\" class=\"ez-toc-v2_0_82_2 ez-toc-wrap-center counter-hierarchy ez-toc-counter ez-toc-custom ez-toc-container-direction\">\n<div class=\"ez-toc-title-container\">\n<p class=\"ez-toc-title\" style=\"cursor:inherit\">Tabla de Contenido<\/p>\n<span class=\"ez-toc-title-toggle\"><a href=\"#\" class=\"ez-toc-pull-right ez-toc-btn ez-toc-btn-xs ez-toc-btn-default ez-toc-toggle\" aria-label=\"Alternar tabla de contenidos\"><span class=\"ez-toc-js-icon-con\"><span class=\"\"><span class=\"eztoc-hide\" style=\"display:none;\">Toggle<\/span><span class=\"ez-toc-icon-toggle-span\"><svg style=\"fill: #db6415;color:#db6415\" xmlns=\"http:\/\/www.w3.org\/2000\/svg\" class=\"list-377408\" width=\"20px\" height=\"20px\" viewBox=\"0 0 24 24\" fill=\"none\"><path d=\"M6 6H4v2h2V6zm14 0H8v2h12V6zM4 11h2v2H4v-2zm16 0H8v2h12v-2zM4 16h2v2H4v-2zm16 0H8v2h12v-2z\" fill=\"currentColor\"><\/path><\/svg><svg style=\"fill: #db6415;color:#db6415\" class=\"arrow-unsorted-368013\" xmlns=\"http:\/\/www.w3.org\/2000\/svg\" width=\"10px\" height=\"10px\" viewBox=\"0 0 24 24\" version=\"1.2\" baseProfile=\"tiny\"><path d=\"M18.2 9.3l-6.2-6.3-6.2 6.3c-.2.2-.3.4-.3.7s.1.5.3.7c.2.2.4.3.7.3h11c.3 0 .5-.1.7-.3.2-.2.3-.5.3-.7s-.1-.5-.3-.7zM5.8 14.7l6.2 6.3 6.2-6.3c.2-.2.3-.5.3-.7s-.1-.5-.3-.7c-.2-.2-.4-.3-.7-.3h-11c-.3 0-.5.1-.7.3-.2.2-.3.5-.3.7s.1.5.3.7z\"\/><\/svg><\/span><\/span><\/span><\/a><\/span><\/div>\n<nav><ul class='ez-toc-list ez-toc-list-level-1 ' ><li class='ez-toc-page-1 ez-toc-heading-level-2'><a class=\"ez-toc-link ez-toc-heading-1\" href=\"https:\/\/idecesos.com\/seguros\/companias\/nederlanden\/prima-nivelada\/#Coberturas_seguro_Prima_Nivelada_Nationale_Nederlanden\" >Coberturas seguro Prima Nivelada Nationale Nederlanden<\/a><ul class='ez-toc-list-level-3' ><li class='ez-toc-heading-level-3'><a class=\"ez-toc-link ez-toc-heading-2\" href=\"https:\/\/idecesos.com\/seguros\/companias\/nederlanden\/prima-nivelada\/#%C2%BFA_quien_va_dirigido_el_seguro_de_decesos_Prima_Nivelada_de_Nationale_Nederlanden\" >\u00bfA qui\u00e9n va dirigido el seguro de decesos Prima Nivelada de Nationale Nederlanden?<\/a><\/li><\/ul><\/li><li class='ez-toc-page-1 ez-toc-heading-level-2'><a class=\"ez-toc-link ez-toc-heading-3\" href=\"https:\/\/idecesos.com\/seguros\/companias\/nederlanden\/prima-nivelada\/#Precio_de_seguro_de_decesos_Prima_Nivelada_Nationale_Nederlanden\" >Precio de seguro de decesos Prima Nivelada Nationale Nederlanden<\/a><\/li><li class='ez-toc-page-1 ez-toc-heading-level-2'><a class=\"ez-toc-link ez-toc-heading-4\" href=\"https:\/\/idecesos.com\/seguros\/companias\/nederlanden\/prima-nivelada\/#Productos_Prima_Nivelada_Nationale_Nederlanden\" >Productos Prima Nivelada Nationale Nederlanden<\/a><\/li><li class='ez-toc-page-1 ez-toc-heading-level-2'><a class=\"ez-toc-link ez-toc-heading-5\" href=\"https:\/\/idecesos.com\/seguros\/companias\/nederlanden\/prima-nivelada\/#Opiniones_del_seguro_de_decesos_de_Prima_Nivelada_de_Nationale_Nederlanden\" >Opiniones del seguro de decesos de Prima Nivelada de Nationale Nederlanden<\/a><ul class='ez-toc-list-level-3' ><li class='ez-toc-heading-level-3'><a class=\"ez-toc-link ez-toc-heading-6\" href=\"https:\/\/idecesos.com\/seguros\/companias\/nederlanden\/prima-nivelada\/#Paginas_relacionadas\" >P\u00e1ginas relacionadas<\/a><\/li><\/ul><\/li><\/ul><\/nav><\/div>\n\n<p>Nationale Nederlanden su seguro de decesos de prima nivelada es perfecta para todas y cada una aquellas personas que buscan algo que sea de forma continuada a lo largo de los a\u00f1os. Desde el instante en que empieza la contrataci\u00f3n hasta la finalizaci\u00f3n. En caso de que el asegurado resulte ser m\u00e1s joven, dentro de los diferentes rangos acabar\u00e1 pagando considerablemente m\u00e1s en contraste a una prima natural. El beneficio de este seguro resulta cuanto mayor es el tomador de la p\u00f3liza menos deber\u00e1 abonar. <\/p>\n<p>Leer m\u00e1s: <a href=\"https:\/\/idecesos.com\/seguros\/tipo\/nivelada\/\">Seguro de decesos Prima Nivelada<\/a><\/p>\n<div class=\"colorf \"  ><div class=\"container clearfix\"><div class=\"col-md-7\"><\/p>\n<h2><span class=\"ez-toc-section\" id=\"Coberturas_seguro_Prima_Nivelada_Nationale_Nederlanden\"><\/span>Coberturas seguro Prima Nivelada Nationale Nederlanden<span class=\"ez-toc-section-end\"><\/span><\/h2>\n<p>El seguro de decesos Nationale Nederlanden su mayor cobertura es dar al completo lo que requiere en el momento del \u00f3bito de forma muy completa. El servicio m\u00e1s famoso en Nationale Nederlanden es el que cubre los gastos f\u00fanebres, en tanto que cuenta con persona cualificada y disciplinada en atender con calidad en todo momento. Cuando haya escogido la modalidad de entre entierro o bien urna quedar\u00e1 autom\u00e1ticamente cubierto, en la tramitaci\u00f3n de documentaci\u00f3n todos y cada uno de los tr\u00e1mites asimismo quedar\u00e1n cubiertos. El servicio de asistencia de Nationale Nederlanden trabajan las 24 horas, en el instante de percibir una llamada se pondr\u00e1n a la disposici\u00f3n del cliente dando las coberturas convenientes y adapt\u00e1ndolo a las preferencias del servicio funerario que haya elegido previamente, contando con el presupuesto del capital del asegurado. Lo m\u00e1s esencial para tener claro que las coberturas del seguro de decesos de prima nivelada de Nationale Nederlanden son las mejores y que m\u00e1s se ajustan a lo que queremos es comparando en iDecesos el comparador especialista en seguros de decesos, vas a poder preguntar adem\u00e1s todos los condicionados generales y el documento de informaci\u00f3n del producto donde te explica sin dobleces lo cubierto y sus exclusiones. <\/p>\n<p><\/div><\/div><\/div>\n<h3><span class=\"ez-toc-section\" id=\"%C2%BFA_quien_va_dirigido_el_seguro_de_decesos_Prima_Nivelada_de_Nationale_Nederlanden\"><\/span>\u00bfA qui\u00e9n va dirigido el seguro de decesos Prima Nivelada de Nationale Nederlanden?<span class=\"ez-toc-section-end\"><\/span><\/h3>\n<p>El seguro de prima nivelada Nationale Nederlanden va dirigido a personas de avanzada edad que no quieren que les suba el seguro y quieren provisionar al mes esa cuota sin sobre saltos. Durante la vida de cada ser humano ha crecido con unos criterios de los cuales han querido seguir la trayectoria de sus familiares por ello obteniendo el seguro de decesos de prima \u00abnivelada\u00bb. <\/p>\n<div class=\"colorf \"  ><div class=\"container clearfix\"><div class=\"col-md-7\"><\/p>\n<h2><span class=\"ez-toc-section\" id=\"Precio_de_seguro_de_decesos_Prima_Nivelada_Nationale_Nederlanden\"><\/span>Precio de seguro de decesos Prima Nivelada Nationale Nederlanden<span class=\"ez-toc-section-end\"><\/span><\/h2>\n<p>El precio de la prima nivelada de la Nationale Nederlanden se encuentra cerca de 4,99 euros al mes, vas a deber tener en consideraci\u00f3n que este coste ir\u00e1 dependiendo de la persona asegurada, ya que se calculan bas\u00e1ndonos en la edad, mas no resultar\u00e1 variable con el tiempo. Con iDecesos podr\u00e1s tenerlo m\u00e1s claro en tanto que la comparativa es m\u00e1s inteligible, sin precisar registros, tan simple como hacer clic. <\/p>\n<p><\/div><\/div><\/div>\n<h2><span class=\"ez-toc-section\" id=\"Productos_Prima_Nivelada_Nationale_Nederlanden\"><\/span>Productos Prima Nivelada Nationale Nederlanden<span class=\"ez-toc-section-end\"><\/span><\/h2>\n<div class=\"colorf\"><div class=\"container clearfix\"><div class=\"col-md-7\"><div class=\"opiniones\">\n<h2><span class=\"ez-toc-section\" id=\"Opiniones_del_seguro_de_decesos_de_Prima_Nivelada_de_Nationale_Nederlanden\"><\/span>Opiniones del seguro de decesos de Prima Nivelada de Nationale Nederlanden<span class=\"ez-toc-section-end\"><\/span><\/h2>\n<p>Alexander Pozuelo: Lo recomiendo en tanto que me dieron una de las mejores coberturas tanto a mi como a mi familia, en el instante del acontencimiento, no vaciles con prima nivelada de Nationale Nederlanden, se hace cargo de todo. Una de los peores momentos se dio cuando muri\u00f3 mi t\u00edo tras que realiz\u00f3 la p\u00f3liza de un 1 a\u00f1o m\u00e1s o menos, solucionaron al detalle y de una manera muy eficiente como r\u00e1pida. <\/p>\n<div class=\"opinion \"  >\n\t\t\t<div class=\"cabecera_opinion\">\n\t\t\t\t<div class=\"avatar\">E T <\/div>\n\t\t\t\t<div class=\"datos_opinion\">\n\t\t\t\t\t<div class=\"nombre_opinion\">Evangelina Tomas<\/div>\n\t\t\t\t\t<div class=\"info_opinion\">\t\t\t\t\t\t\n\t\t\t\t\t\t<div class=\"cuenta_opinion\"><i class=\"fas fa-pencil-alt\"><\/i><!--span class=\"dashicons dashicons-edit\" style=\"font-size:20px\"><\/span--><span>1 Opini\u00f3n<\/span><\/div>\t\t\t\t\t\t\n\t\t\t\t\t\t<div class=\"localizacion_opinion\">\n\t\t\t\t\t\t\t<i class=\"fas fa-map-marker-alt\"><\/i><!--span class=\"dashicons dashicons-location\" style=\"font-size:20px\"><\/span-->\n\t\t\t\t\t\t\t<span>ES<\/span>\n\t\t\t\t\t\t<\/div>\t\n\t\t\t\t\t<\/div>\n\t\t\t\t<\/div>\n\t\t\t<\/div><div class=\"texto_opinion\"><\/p>\n<p>Este \u00faltimo a\u00f1o mi situaci\u00f3n econ\u00f3mica cambi\u00f3 un poco por lo que tuve que mudar de compa\u00f1\u00eda, por lo que use iDecesos que par ami es mi mejor aliado a la hora de ver las distintas tarifas de las dem\u00e1s compa\u00f1\u00edas de seguros, por lo que Nationale Nederlanden me result\u00f3 muy interesante por ello hice la contrataci\u00f3n de prima nivelada, a d\u00eda de hoy sigo con ellos, de esta forma que os lo recomiendo. <\/p>\n<p><\/div><\/div>\n<div class=\"opinion \"  >\n\t\t\t<div class=\"cabecera_opinion\">\n\t\t\t\t<div class=\"avatar\">A C <\/div>\n\t\t\t\t<div class=\"datos_opinion\">\n\t\t\t\t\t<div class=\"nombre_opinion\">Anita Castrillo<\/div>\n\t\t\t\t\t<div class=\"info_opinion\">\t\t\t\t\t\t\n\t\t\t\t\t\t<div class=\"cuenta_opinion\"><i class=\"fas fa-pencil-alt\"><\/i><!--span class=\"dashicons dashicons-edit\" style=\"font-size:20px\"><\/span--><span>1 Opini\u00f3n<\/span><\/div>\t\t\t\t\t\t\n\t\t\t\t\t\t<div class=\"localizacion_opinion\">\n\t\t\t\t\t\t\t<i class=\"fas fa-map-marker-alt\"><\/i><!--span class=\"dashicons dashicons-location\" style=\"font-size:20px\"><\/span-->\n\t\t\t\t\t\t\t<span>ES<\/span>\n\t\t\t\t\t\t<\/div>\t\n\t\t\t\t\t<\/div>\n\t\t\t\t<\/div>\n\t\t\t<\/div><div class=\"texto_opinion\"><\/p>\n<p>Cuando ocurri\u00f3 el fallecimiento de mi madre, que sucedi\u00f3 de una forma repentina, la compa\u00f1\u00eda aseguradora se ocup\u00f3 de gestionar todo de una manera eficaz, por lo que no debimos preocuparnos de nada. Si en cualquier ocasi\u00f3n puede ocurrir alg\u00fan problema,  cuentan con todas y cada una de las soluciones disponibles. <\/p>\n<p><\/div><\/div>\n<div class=\"opinion \"  >\n\t\t\t<div class=\"cabecera_opinion\">\n\t\t\t\t<div class=\"avatar\">G M <\/div>\n\t\t\t\t<div class=\"datos_opinion\">\n\t\t\t\t\t<div class=\"nombre_opinion\">Geraldo Matas<\/div>\n\t\t\t\t\t<div class=\"info_opinion\">\t\t\t\t\t\t\n\t\t\t\t\t\t<div class=\"cuenta_opinion\"><i class=\"fas fa-pencil-alt\"><\/i><!--span class=\"dashicons dashicons-edit\" style=\"font-size:20px\"><\/span--><span>1 Opini\u00f3n<\/span><\/div>\t\t\t\t\t\t\n\t\t\t\t\t\t<div class=\"localizacion_opinion\">\n\t\t\t\t\t\t\t<i class=\"fas fa-map-marker-alt\"><\/i><!--span class=\"dashicons dashicons-location\" style=\"font-size:20px\"><\/span-->\n\t\t\t\t\t\t\t<span>ES<\/span>\n\t\t\t\t\t\t<\/div>\t\n\t\t\t\t\t<\/div>\n\t\t\t\t<\/div>\n\t\t\t<\/div><div class=\"texto_opinion\"><\/p>\n<p>Mi experiencia con Nationale Nederlanden ha sido muy buena, me han brindado un servicio de calidad de 10, con ellos obtuve el seguro de prima nivelada, por lo que cont\u00e9 con una tarifa muy personalizada, siempre y en toda circunstancia lo recomiendo cuando me lo preguntan. <\/p>\n<p><\/div><\/div>\n<\/div><\/div><\/div><\/div>\n<p><div class=\"oficinas\"><br \/>\n<h3><span class=\"ez-toc-section\" id=\"Paginas_relacionadas\"><\/span>P\u00e1ginas relacionadas<span class=\"ez-toc-section-end\"><\/span><\/h3><div class=\"enlazado\"><ul> <li><a href=\"https:\/\/idecesos.com\/seguros\/companias\/nederlanden\/coberturas\/\">Coberturas Seguro de Decesos Nederlanden<\/a><\/li> <li><a href=\"https:\/\/idecesos.com\/seguros\/companias\/nederlanden\/opiniones\/\">Opiniones Nationale Nederlanden<\/a><\/li> <li><a href=\"https:\/\/idecesos.com\/seguros\/companias\/nederlanden\/precio\/\">Precio seguro Nationale Nederlanden<\/a><\/li> <li><a href=\"https:\/\/idecesos.com\/seguros\/companias\/nederlanden\/prima-mixta\/\">Nationale Nederlanden Prima Mixta<\/a><\/li> <li><a href=\"https:\/\/idecesos.com\/seguros\/companias\/nederlanden\/prima-natural\/\">Nationale Nederlanden Prima Natural<\/a><\/li> <li><a href=\"https:\/\/idecesos.com\/seguros\/companias\/nederlanden\/prima-nivelada\/\">Nationale Nederlanden Prima Nivelada<\/a><\/li> <li><a href=\"https:\/\/idecesos.com\/seguros\/companias\/nederlanden\/prima-unica\/\">Nationale Nederlanden Prima \u00danica<\/a><\/li> <li><a href=\"https:\/\/idecesos.com\/seguros\/companias\/nederlanden\/repatriacion\/\">Nationale Nederlanden Repatriaci\u00f3n<\/a><\/li> <li><a href=\"https:\/\/idecesos.com\/seguros\/companias\/nederlanden\/telefono\/\">Tel\u00e9fono Gratuito Nationale Nederlanden<\/a><\/li>   <\/ul><\/div><\/p>\n<\/div>\n","protected":false},"excerpt":{"rendered":"<p>Nationale Nederlanden su seguro de decesos de prima nivelada es perfecta para todas y cada una aquellas personas que buscan algo que sea de forma continuada a lo largo de los a\u00f1os. Desde el instante en que empieza la contrataci\u00f3n hasta la finalizaci\u00f3n. En caso de que el asegurado resulte ser m\u00e1s joven, dentro de&hellip; <\/p>\n","protected":false},"author":3,"featured_media":0,"parent":758,"menu_order":0,"comment_status":"closed","ping_status":"closed","template":"single.php","meta":{"footnotes":""},"class_list":["post-11465","page","type-page","status-publish","hentry"],"yoast_head":"<!-- This site is optimized with the Yoast SEO plugin v27.4 - https:\/\/yoast.com\/product\/yoast-seo-wordpress\/ -->\n<title>Seguro Decesos Nationale Nederlanden Prima Nivelada \u25b7 Opiniones y Precio 2026<\/title>\n<meta name=\"description\" content=\"Click aqu\u00ed \u3010Seguro de Decesos Prima Nivelada Nationale Nederlanden\u3011 Mejores precios Nationale Nederlanden seguro de fallecidos Prima Nivelada \u2611\ufe0f Actualizado por iDecesos\u00ae\" \/>\n<meta name=\"robots\" content=\"index, follow, max-snippet:-1, max-image-preview:large, max-video-preview:-1\" \/>\n<link rel=\"canonical\" href=\"https:\/\/idecesos.com\/seguros\/companias\/nederlanden\/prima-nivelada\/\" \/>\n<meta property=\"og:locale\" content=\"es_ES\" \/>\n<meta property=\"og:type\" content=\"article\" \/>\n<meta property=\"og:title\" content=\"Seguro Decesos Nationale Nederlanden Prima Nivelada \u25b7 Opiniones y Precio 2026\" \/>\n<meta property=\"og:description\" content=\"Click aqu\u00ed \u3010Seguro de Decesos Prima Nivelada Nationale Nederlanden\u3011 Mejores precios Nationale Nederlanden seguro de fallecidos Prima Nivelada \u2611\ufe0f Actualizado por iDecesos\u00ae\" \/>\n<meta property=\"og:url\" content=\"https:\/\/idecesos.com\/seguros\/companias\/nederlanden\/prima-nivelada\/\" \/>\n<meta property=\"article:modified_time\" content=\"2022-01-03T12:31:11+00:00\" \/>\n<meta name=\"twitter:card\" content=\"summary_large_image\" \/>\n<meta name=\"twitter:label1\" content=\"Tiempo de lectura\" \/>\n\t<meta name=\"twitter:data1\" content=\"57 minutos\" \/>\n<script type=\"application\/ld+json\" class=\"yoast-schema-graph\">{\"@context\":\"https:\\\/\\\/schema.org\",\"@graph\":[{\"@type\":\"WebPage\",\"@id\":\"https:\\\/\\\/idecesos.com\\\/seguros\\\/companias\\\/nederlanden\\\/prima-nivelada\\\/\",\"url\":\"https:\\\/\\\/idecesos.com\\\/seguros\\\/companias\\\/nederlanden\\\/prima-nivelada\\\/\",\"name\":\"Seguro Decesos Nationale Nederlanden Prima Nivelada \u25b7 Opiniones y Precio 2026\",\"isPartOf\":{\"@id\":\"https:\\\/\\\/idecesos.com\\\/seguros\\\/#website\"},\"datePublished\":\"2021-11-06T00:00:00+00:00\",\"dateModified\":\"2022-01-03T12:31:11+00:00\",\"description\":\"Click aqu\u00ed \u3010Seguro de Decesos Prima Nivelada Nationale Nederlanden\u3011 Mejores precios Nationale Nederlanden seguro de fallecidos Prima Nivelada \u2611\ufe0f Actualizado por iDecesos\u00ae\",\"breadcrumb\":{\"@id\":\"https:\\\/\\\/idecesos.com\\\/seguros\\\/companias\\\/nederlanden\\\/prima-nivelada\\\/#breadcrumb\"},\"inLanguage\":\"es\",\"potentialAction\":[{\"@type\":\"ReadAction\",\"target\":[\"https:\\\/\\\/idecesos.com\\\/seguros\\\/companias\\\/nederlanden\\\/prima-nivelada\\\/\"]}]},{\"@type\":\"BreadcrumbList\",\"@id\":\"https:\\\/\\\/idecesos.com\\\/seguros\\\/companias\\\/nederlanden\\\/prima-nivelada\\\/#breadcrumb\",\"itemListElement\":[{\"@type\":\"ListItem\",\"position\":1,\"name\":\"Portada\",\"item\":\"https:\\\/\\\/idecesos.com\\\/seguros\\\/\"},{\"@type\":\"ListItem\",\"position\":2,\"name\":\"Compa\u00f1\u00edas de Seguros de Decesos en Espa\u00f1a\",\"item\":\"https:\\\/\\\/idecesos.com\\\/seguros\\\/companias\\\/\"},{\"@type\":\"ListItem\",\"position\":3,\"name\":\"Seguro de decesos Nationale Nederlanden\",\"item\":\"https:\\\/\\\/idecesos.com\\\/seguros\\\/companias\\\/nederlanden\\\/\"},{\"@type\":\"ListItem\",\"position\":4,\"name\":\"Seguro de decesos Nationale Nederlanden Prima Nivelada\"}]},{\"@type\":\"WebSite\",\"@id\":\"https:\\\/\\\/idecesos.com\\\/seguros\\\/#website\",\"url\":\"https:\\\/\\\/idecesos.com\\\/seguros\\\/\",\"name\":\"\",\"description\":\"\",\"potentialAction\":[{\"@type\":\"SearchAction\",\"target\":{\"@type\":\"EntryPoint\",\"urlTemplate\":\"https:\\\/\\\/idecesos.com\\\/seguros\\\/?s={search_term_string}\"},\"query-input\":{\"@type\":\"PropertyValueSpecification\",\"valueRequired\":true,\"valueName\":\"search_term_string\"}}],\"inLanguage\":\"es\"}]}<\/script>\n<!-- \/ Yoast SEO plugin. -->","yoast_head_json":{"title":"Seguro Decesos Nationale Nederlanden Prima Nivelada \u25b7 Opiniones y Precio 2026","description":"Click aqu\u00ed \u3010Seguro de Decesos Prima Nivelada Nationale Nederlanden\u3011 Mejores precios Nationale Nederlanden seguro de fallecidos Prima Nivelada \u2611\ufe0f Actualizado por iDecesos\u00ae","robots":{"index":"index","follow":"follow","max-snippet":"max-snippet:-1","max-image-preview":"max-image-preview:large","max-video-preview":"max-video-preview:-1"},"canonical":"https:\/\/idecesos.com\/seguros\/companias\/nederlanden\/prima-nivelada\/","og_locale":"es_ES","og_type":"article","og_title":"Seguro Decesos Nationale Nederlanden Prima Nivelada \u25b7 Opiniones y Precio 2026","og_description":"Click aqu\u00ed \u3010Seguro de Decesos Prima Nivelada Nationale Nederlanden\u3011 Mejores precios Nationale Nederlanden seguro de fallecidos Prima Nivelada \u2611\ufe0f Actualizado por iDecesos\u00ae","og_url":"https:\/\/idecesos.com\/seguros\/companias\/nederlanden\/prima-nivelada\/","article_modified_time":"2022-01-03T12:31:11+00:00","twitter_card":"summary_large_image","twitter_misc":{"Tiempo de lectura":"57 minutos"},"schema":{"@context":"https:\/\/schema.org","@graph":[{"@type":"WebPage","@id":"https:\/\/idecesos.com\/seguros\/companias\/nederlanden\/prima-nivelada\/","url":"https:\/\/idecesos.com\/seguros\/companias\/nederlanden\/prima-nivelada\/","name":"Seguro Decesos Nationale Nederlanden Prima Nivelada \u25b7 Opiniones y Precio 2026","isPartOf":{"@id":"https:\/\/idecesos.com\/seguros\/#website"},"datePublished":"2021-11-06T00:00:00+00:00","dateModified":"2022-01-03T12:31:11+00:00","description":"Click aqu\u00ed \u3010Seguro de Decesos Prima Nivelada Nationale Nederlanden\u3011 Mejores precios Nationale Nederlanden seguro de fallecidos Prima Nivelada \u2611\ufe0f Actualizado por iDecesos\u00ae","breadcrumb":{"@id":"https:\/\/idecesos.com\/seguros\/companias\/nederlanden\/prima-nivelada\/#breadcrumb"},"inLanguage":"es","potentialAction":[{"@type":"ReadAction","target":["https:\/\/idecesos.com\/seguros\/companias\/nederlanden\/prima-nivelada\/"]}]},{"@type":"BreadcrumbList","@id":"https:\/\/idecesos.com\/seguros\/companias\/nederlanden\/prima-nivelada\/#breadcrumb","itemListElement":[{"@type":"ListItem","position":1,"name":"Portada","item":"https:\/\/idecesos.com\/seguros\/"},{"@type":"ListItem","position":2,"name":"Compa\u00f1\u00edas de Seguros de Decesos en Espa\u00f1a","item":"https:\/\/idecesos.com\/seguros\/companias\/"},{"@type":"ListItem","position":3,"name":"Seguro de decesos Nationale Nederlanden","item":"https:\/\/idecesos.com\/seguros\/companias\/nederlanden\/"},{"@type":"ListItem","position":4,"name":"Seguro de decesos Nationale Nederlanden Prima Nivelada"}]},{"@type":"WebSite","@id":"https:\/\/idecesos.com\/seguros\/#website","url":"https:\/\/idecesos.com\/seguros\/","name":"","description":"","potentialAction":[{"@type":"SearchAction","target":{"@type":"EntryPoint","urlTemplate":"https:\/\/idecesos.com\/seguros\/?s={search_term_string}"},"query-input":{"@type":"PropertyValueSpecification","valueRequired":true,"valueName":"search_term_string"}}],"inLanguage":"es"}]}},"_links":{"self":[{"href":"https:\/\/idecesos.com\/seguros\/wp-json\/wp\/v2\/pages\/11465","targetHints":{"allow":["GET"]}}],"collection":[{"href":"https:\/\/idecesos.com\/seguros\/wp-json\/wp\/v2\/pages"}],"about":[{"href":"https:\/\/idecesos.com\/seguros\/wp-json\/wp\/v2\/types\/page"}],"author":[{"embeddable":true,"href":"https:\/\/idecesos.com\/seguros\/wp-json\/wp\/v2\/users\/3"}],"replies":[{"embeddable":true,"href":"https:\/\/idecesos.com\/seguros\/wp-json\/wp\/v2\/comments?post=11465"}],"version-history":[{"count":1,"href":"https:\/\/idecesos.com\/seguros\/wp-json\/wp\/v2\/pages\/11465\/revisions"}],"predecessor-version":[{"id":12972,"href":"https:\/\/idecesos.com\/seguros\/wp-json\/wp\/v2\/pages\/11465\/revisions\/12972"}],"up":[{"embeddable":true,"href":"https:\/\/idecesos.com\/seguros\/wp-json\/wp\/v2\/pages\/758"}],"wp:attachment":[{"href":"https:\/\/idecesos.com\/seguros\/wp-json\/wp\/v2\/media?parent=11465"}],"curies":[{"name":"wp","href":"https:\/\/api.w.org\/{rel}","templated":true}]}}