{"id":11482,"date":"2021-11-07T00:00:00","date_gmt":"2021-11-07T00:00:00","guid":{"rendered":"https:\/\/idecesos.com\/seguros\/?page_id=11482"},"modified":"2022-01-03T12:30:02","modified_gmt":"2022-01-03T12:30:02","slug":"prima-nivelada","status":"publish","type":"page","link":"https:\/\/idecesos.com\/seguros\/companias\/banco-bpi\/prima-nivelada\/","title":{"rendered":"Seguro de decesos BPI Prima Nivelada"},"content":{"rendered":"<div id=\"ez-toc-container\" class=\"ez-toc-v2_0_82_2 ez-toc-wrap-center counter-hierarchy ez-toc-counter ez-toc-custom ez-toc-container-direction\">\n<div class=\"ez-toc-title-container\">\n<p class=\"ez-toc-title\" style=\"cursor:inherit\">Tabla de Contenido<\/p>\n<span class=\"ez-toc-title-toggle\"><a href=\"#\" class=\"ez-toc-pull-right ez-toc-btn ez-toc-btn-xs ez-toc-btn-default ez-toc-toggle\" aria-label=\"Alternar tabla de contenidos\"><span class=\"ez-toc-js-icon-con\"><span class=\"\"><span class=\"eztoc-hide\" style=\"display:none;\">Toggle<\/span><span class=\"ez-toc-icon-toggle-span\"><svg style=\"fill: #db6415;color:#db6415\" xmlns=\"http:\/\/www.w3.org\/2000\/svg\" class=\"list-377408\" width=\"20px\" height=\"20px\" viewBox=\"0 0 24 24\" fill=\"none\"><path d=\"M6 6H4v2h2V6zm14 0H8v2h12V6zM4 11h2v2H4v-2zm16 0H8v2h12v-2zM4 16h2v2H4v-2zm16 0H8v2h12v-2z\" fill=\"currentColor\"><\/path><\/svg><svg style=\"fill: #db6415;color:#db6415\" class=\"arrow-unsorted-368013\" xmlns=\"http:\/\/www.w3.org\/2000\/svg\" width=\"10px\" height=\"10px\" viewBox=\"0 0 24 24\" version=\"1.2\" baseProfile=\"tiny\"><path d=\"M18.2 9.3l-6.2-6.3-6.2 6.3c-.2.2-.3.4-.3.7s.1.5.3.7c.2.2.4.3.7.3h11c.3 0 .5-.1.7-.3.2-.2.3-.5.3-.7s-.1-.5-.3-.7zM5.8 14.7l6.2 6.3 6.2-6.3c.2-.2.3-.5.3-.7s-.1-.5-.3-.7c-.2-.2-.4-.3-.7-.3h-11c-.3 0-.5.1-.7.3-.2.2-.3.5-.3.7s.1.5.3.7z\"\/><\/svg><\/span><\/span><\/span><\/a><\/span><\/div>\n<nav><ul class='ez-toc-list ez-toc-list-level-1 ' ><li class='ez-toc-page-1 ez-toc-heading-level-2'><a class=\"ez-toc-link ez-toc-heading-1\" href=\"https:\/\/idecesos.com\/seguros\/companias\/banco-bpi\/prima-nivelada\/#Coberturas_seguro_Prima_Nivelada_BPI\" >Coberturas seguro Prima Nivelada BPI<\/a><ul class='ez-toc-list-level-3' ><li class='ez-toc-heading-level-3'><a class=\"ez-toc-link ez-toc-heading-2\" href=\"https:\/\/idecesos.com\/seguros\/companias\/banco-bpi\/prima-nivelada\/#%C2%BFA_quien_va_dirigido_el_seguro_de_decesos_Prima_Nivelada_de_BPI\" >\u00bfA qui\u00e9n va dirigido el seguro de decesos Prima Nivelada de BPI?<\/a><\/li><\/ul><\/li><li class='ez-toc-page-1 ez-toc-heading-level-2'><a class=\"ez-toc-link ez-toc-heading-3\" href=\"https:\/\/idecesos.com\/seguros\/companias\/banco-bpi\/prima-nivelada\/#Precio_de_seguro_de_decesos_Prima_Nivelada_BPI\" >Precio de seguro de decesos Prima Nivelada BPI<\/a><\/li><li class='ez-toc-page-1 ez-toc-heading-level-2'><a class=\"ez-toc-link ez-toc-heading-4\" href=\"https:\/\/idecesos.com\/seguros\/companias\/banco-bpi\/prima-nivelada\/#Productos_Prima_Nivelada_BPI\" >Productos Prima Nivelada BPI<\/a><\/li><li class='ez-toc-page-1 ez-toc-heading-level-2'><a class=\"ez-toc-link ez-toc-heading-5\" href=\"https:\/\/idecesos.com\/seguros\/companias\/banco-bpi\/prima-nivelada\/#Opiniones_del_seguro_de_decesos_de_Prima_Nivelada_de_BPI\" >Opiniones del seguro de decesos de Prima Nivelada de BPI<\/a><ul class='ez-toc-list-level-3' ><li class='ez-toc-heading-level-3'><a class=\"ez-toc-link ez-toc-heading-6\" href=\"https:\/\/idecesos.com\/seguros\/companias\/banco-bpi\/prima-nivelada\/#Paginas_relacionadas\" >P\u00e1ginas relacionadas<\/a><\/li><\/ul><\/li><\/ul><\/nav><\/div>\n\n<p>El seguro de decesos de prima nivelada BPI es una modalidad en la que BPI se compromete a mantener la prima constante a lo largo de toda la vida que te sostengas de usuario en la empresa aseguradora, para la suma asegurada del servicio funerario contratado al comienzo del seguro. Cuando realizastes por vez primera la contrataci\u00f3n de la p\u00f3liza con BPI se va a tomar en cuenta la edad. De esta forma cuando se realice las actualizaciones pertinentes por a\u00f1o pr\u00f3ximo, a la suma asegurada se le va a aplicar una tasa conforme la contrataci\u00f3n precedente. En el c\u00e1lculo de la compa\u00f1\u00eda de forma imprevisible la p\u00f3liza a\u00f1adir\u00e1 una tasa continua conveniente a la edad lograda. <\/p>\n<p>Leer m\u00e1s: <a href=\"https:\/\/idecesos.com\/seguros\/tipo\/nivelada\/\">Seguro de decesos Prima Nivelada<\/a><\/p>\n<div class=\"colorf \"  ><div class=\"container clearfix\"><div class=\"col-md-7\"><\/p>\n<h2><span class=\"ez-toc-section\" id=\"Coberturas_seguro_Prima_Nivelada_BPI\"><\/span>Coberturas seguro Prima Nivelada BPI<span class=\"ez-toc-section-end\"><\/span><\/h2>\n<p>Prima nivelada de BPI da unas coberturas de calidad para sus clientes, dando el mejor servicio y dedicaci\u00f3n en las funerarias. Dando altas expectativas de sus garant\u00edas. Para un mayor servicio y brindar las facilidades a sus familiares las m\u00e1s se\u00f1aladas son el desplazamiento en turismo funerario, tanatorio, ata\u00fad y todas gestiones pertinentes a la tramitaci\u00f3n para el proceso sea dentro lo que se rige la normativa legal de los organismos p\u00fablicos. Han renovado sus servicios de prima nivelada dej\u00e1ndolos de manera actual en BPI destacando como de las mejores dentro de los diferentes mercados que existen. Donde vas a poder contar con entierro o incineraci\u00f3n. Conoce las coberturas que contemplan el seguro de decesos BPI, en tanto que es de suma importancia tener en consideraci\u00f3n cuales son las que poseen ya antes de efectuar la contrataci\u00f3n. Con iDecesos podr\u00e1s observar toda la informaci\u00f3n de una forma m\u00e1s detallada y ver las condiciones generales que disponen de prima nivelada. <\/p>\n<p><\/div><\/div><\/div>\n<h3><span class=\"ez-toc-section\" id=\"%C2%BFA_quien_va_dirigido_el_seguro_de_decesos_Prima_Nivelada_de_BPI\"><\/span>\u00bfA qui\u00e9n va dirigido el seguro de decesos Prima Nivelada de BPI?<span class=\"ez-toc-section-end\"><\/span><\/h3>\n<p>Es cierto que cuando se llega a una edad muy avanzada hay que eludir que suban el coste del seguro para que despu\u00e9s no te pille por sorpresa a la hora de realizar los pagos de las cuotas, con el seguro seguro de prima nivelada BPI , da esa serenidad que se busca en esas edades. En determinados casos se da por generaci\u00f3n familiar han contratado este tipo de seguro durante una saga continuada por esta raz\u00f3n que asimismo adquieren el seguro de decesos de prima nivelada BPI como lo han percibido a lo largo de vida con sus padres. <\/p>\n<div class=\"colorf \"  ><div class=\"container clearfix\"><div class=\"col-md-7\"><\/p>\n<h2><span class=\"ez-toc-section\" id=\"Precio_de_seguro_de_decesos_Prima_Nivelada_BPI\"><\/span>Precio de seguro de decesos Prima Nivelada BPI<span class=\"ez-toc-section-end\"><\/span><\/h2>\n<p>Cada prima nivelada va a ser diferente en el caso de BPI el precio es desde 5,15\u20ac. Asimismo se va a tomar en cuenta los servicio funerarios teniendo en cuenta su localidad. En menos de 1 minuto con iDecesos conocer\u00e1s el listado tan grande que existe de diferentes precios, de esta forma sabr\u00e1s con relaci\u00f3n a tu prima si es la m\u00e1s econ\u00f3mica de entre todas, con solo hacer clic. <\/p>\n<p><\/div><\/div><\/div>\n<h2><span class=\"ez-toc-section\" id=\"Productos_Prima_Nivelada_BPI\"><\/span>Productos Prima Nivelada BPI<span class=\"ez-toc-section-end\"><\/span><\/h2>\n<div class=\"colorf\"><div class=\"container clearfix\"><div class=\"col-md-7\"><div class=\"opiniones\">\n<h2><span class=\"ez-toc-section\" id=\"Opiniones_del_seguro_de_decesos_de_Prima_Nivelada_de_BPI\"><\/span>Opiniones del seguro de decesos de Prima Nivelada de BPI<span class=\"ez-toc-section-end\"><\/span><\/h2>\n<p>iDecesos aparte de ser de los mejores expertos en comparador y ser especialistas en los seguros de defunci\u00f3n, las rese\u00f1as que proceden de prima nivelada de BPI son muy buenas. Este criterio se fundamenta en un an\u00e1lisis profundo cobertura a cobertura y haciendo una investigaci\u00f3n de mercado con otras compa\u00f1\u00edas que ofertan prima nivelada. <\/p>\n<div class=\"opinion \"  >\n\t\t\t<div class=\"cabecera_opinion\">\n\t\t\t\t<div class=\"avatar\">S M <\/div>\n\t\t\t\t<div class=\"datos_opinion\">\n\t\t\t\t\t<div class=\"nombre_opinion\">Sof\u00eda Mar\u00edn<\/div>\n\t\t\t\t\t<div class=\"info_opinion\">\t\t\t\t\t\t\n\t\t\t\t\t\t<div class=\"cuenta_opinion\"><i class=\"fas fa-pencil-alt\"><\/i><!--span class=\"dashicons dashicons-edit\" style=\"font-size:20px\"><\/span--><span>1 Opini\u00f3n<\/span><\/div>\t\t\t\t\t\t\n\t\t\t\t\t\t<div class=\"localizacion_opinion\">\n\t\t\t\t\t\t\t<i class=\"fas fa-map-marker-alt\"><\/i><!--span class=\"dashicons dashicons-location\" style=\"font-size:20px\"><\/span-->\n\t\t\t\t\t\t\t<span>ES<\/span>\n\t\t\t\t\t\t<\/div>\t\n\t\t\t\t\t<\/div>\n\t\t\t\t<\/div>\n\t\t\t<\/div><div class=\"texto_opinion\"><\/p>\n<p>Me informe anteriormente amigos no bien conocidos que ya tuvieran contratada la prima nivelada de BPI para asegurarme que tal funcionaba, me puse en contacto con ellos y qued\u00e9 encantada con el servicio que recib\u00ed. De los mejores servicios de atenci\u00f3n que tienen es la asistencia telef\u00f3nica, que solventan cualquier problema inmediatamente, con lo que resulta m\u00e1s f\u00e1cil, dando tantas ventajas en ese momento tan doloroso. <\/p>\n<p><\/div><\/div>\n<div class=\"opinion \"  >\n\t\t\t<div class=\"cabecera_opinion\">\n\t\t\t\t<div class=\"avatar\">B A <\/div>\n\t\t\t\t<div class=\"datos_opinion\">\n\t\t\t\t\t<div class=\"nombre_opinion\">Bruno Adadia<\/div>\n\t\t\t\t\t<div class=\"info_opinion\">\t\t\t\t\t\t\n\t\t\t\t\t\t<div class=\"cuenta_opinion\"><i class=\"fas fa-pencil-alt\"><\/i><!--span class=\"dashicons dashicons-edit\" style=\"font-size:20px\"><\/span--><span>1 Opini\u00f3n<\/span><\/div>\t\t\t\t\t\t\n\t\t\t\t\t\t<div class=\"localizacion_opinion\">\n\t\t\t\t\t\t\t<i class=\"fas fa-map-marker-alt\"><\/i><!--span class=\"dashicons dashicons-location\" style=\"font-size:20px\"><\/span-->\n\t\t\t\t\t\t\t<span>ES<\/span>\n\t\t\t\t\t\t<\/div>\t\n\t\t\t\t\t<\/div>\n\t\t\t\t<\/div>\n\t\t\t<\/div><div class=\"texto_opinion\"><\/p>\n<p>Me informe anteriormente amigos o conocidos que ya tuviesen contratada la prima nivelada de BPI para asegurarme que tal funcionaba, me puse en contacto con ellos y qued\u00e9 encantada con el servicio que recib\u00ed. De los mejores servicios de atenci\u00f3n que tienen es la asistencia telef\u00f3nica, que resuelven cualquier inconveniente de inmediato, con lo que resulta m\u00e1s f\u00e1cil, dando tantas ventajas en ese instante tan doloroso. <\/p>\n<p><\/div><\/div>\n<div class=\"opinion \"  >\n\t\t\t<div class=\"cabecera_opinion\">\n\t\t\t\t<div class=\"avatar\">H P <\/div>\n\t\t\t\t<div class=\"datos_opinion\">\n\t\t\t\t\t<div class=\"nombre_opinion\">Hayd\u00e9e Pe\u00f1alver<\/div>\n\t\t\t\t\t<div class=\"info_opinion\">\t\t\t\t\t\t\n\t\t\t\t\t\t<div class=\"cuenta_opinion\"><i class=\"fas fa-pencil-alt\"><\/i><!--span class=\"dashicons dashicons-edit\" style=\"font-size:20px\"><\/span--><span>1 Opini\u00f3n<\/span><\/div>\t\t\t\t\t\t\n\t\t\t\t\t\t<div class=\"localizacion_opinion\">\n\t\t\t\t\t\t\t<i class=\"fas fa-map-marker-alt\"><\/i><!--span class=\"dashicons dashicons-location\" style=\"font-size:20px\"><\/span-->\n\t\t\t\t\t\t\t<span>ES<\/span>\n\t\t\t\t\t\t<\/div>\t\n\t\t\t\t\t<\/div>\n\t\t\t\t<\/div>\n\t\t\t<\/div><div class=\"texto_opinion\"><\/p>\n<p>Me recomendaron BPI ya que estaba buscando el seguro de prima nivelada m\u00e1s econ\u00f3mico, realizando tambi\u00e9n una b\u00fasqueda muy pormenorizada di con iDecesos, con sinceridad para mi es una herramienta chapo ya que se encarga de decirte las diferentes tarifas que puede tener cada empresa de seguros, por lo que me asisto bastante y decid\u00ed contratar BPI. <\/p>\n<p><\/div><\/div>\n<\/div><\/div><\/div><\/div>\n<p><div class=\"oficinas\"><br \/>\n<h3><span class=\"ez-toc-section\" id=\"Paginas_relacionadas\"><\/span>P\u00e1ginas relacionadas<span class=\"ez-toc-section-end\"><\/span><\/h3><div class=\"enlazado\"><ul> <li><a href=\"https:\/\/idecesos.com\/seguros\/companias\/banco-bpi\/opiniones\/\">Opiniones BPI<\/a><\/li> <li><a href=\"https:\/\/idecesos.com\/seguros\/companias\/banco-bpi\/precio\/\">Precio seguro BPI<\/a><\/li> <li><a href=\"https:\/\/idecesos.com\/seguros\/companias\/banco-bpi\/prima-mixta\/\">BPI Prima Mixta<\/a><\/li> <li><a href=\"https:\/\/idecesos.com\/seguros\/companias\/banco-bpi\/prima-natural\/\">BPI Prima Natural<\/a><\/li> <li><a href=\"https:\/\/idecesos.com\/seguros\/companias\/banco-bpi\/prima-nivelada\/\">BPI Prima Nivelada<\/a><\/li> <li><a href=\"https:\/\/idecesos.com\/seguros\/companias\/banco-bpi\/prima-unica\/\">BPI Prima \u00danica<\/a><\/li> <li><a href=\"https:\/\/idecesos.com\/seguros\/companias\/banco-bpi\/repatriacion\/\">BPI Repatriaci\u00f3n<\/a><\/li> <li><a href=\"https:\/\/idecesos.com\/seguros\/companias\/banco-bpi\/telefono\/\">Tel\u00e9fono Gratuito BPI<\/a><\/li><\/ul><\/div><\/p>\n<\/div>\n","protected":false},"excerpt":{"rendered":"<p>El seguro de decesos de prima nivelada BPI es una modalidad en la que BPI se compromete a mantener la prima constante a lo largo de toda la vida que te sostengas de usuario en la empresa aseguradora, para la suma asegurada del servicio funerario contratado al comienzo del seguro. Cuando realizastes por vez primera&hellip; <\/p>\n","protected":false},"author":3,"featured_media":0,"parent":273,"menu_order":0,"comment_status":"closed","ping_status":"closed","template":"single.php","meta":{"footnotes":""},"class_list":["post-11482","page","type-page","status-publish","hentry"],"yoast_head":"<!-- This site is optimized with the Yoast SEO plugin v27.4 - https:\/\/yoast.com\/product\/yoast-seo-wordpress\/ -->\n<title>Seguro Decesos BPI Prima Nivelada \u25b7 Opiniones y Precio 2026<\/title>\n<meta name=\"description\" content=\"Click aqu\u00ed \u3010Seguro de Decesos Prima Nivelada BPI\u3011 Mejores precios BPI seguro de fallecidos Prima Nivelada \u2611\ufe0f Actualizado por iDecesos\u00ae\" \/>\n<meta name=\"robots\" content=\"index, follow, max-snippet:-1, max-image-preview:large, max-video-preview:-1\" \/>\n<link rel=\"canonical\" href=\"https:\/\/idecesos.com\/seguros\/companias\/banco-bpi\/prima-nivelada\/\" \/>\n<meta property=\"og:locale\" content=\"es_ES\" \/>\n<meta property=\"og:type\" content=\"article\" \/>\n<meta property=\"og:title\" content=\"Seguro Decesos BPI Prima Nivelada \u25b7 Opiniones y Precio 2026\" \/>\n<meta property=\"og:description\" content=\"Click aqu\u00ed \u3010Seguro de Decesos Prima Nivelada BPI\u3011 Mejores precios BPI seguro de fallecidos Prima Nivelada \u2611\ufe0f Actualizado por iDecesos\u00ae\" \/>\n<meta property=\"og:url\" content=\"https:\/\/idecesos.com\/seguros\/companias\/banco-bpi\/prima-nivelada\/\" \/>\n<meta property=\"article:modified_time\" content=\"2022-01-03T12:30:02+00:00\" \/>\n<meta name=\"twitter:card\" content=\"summary_large_image\" \/>\n<meta name=\"twitter:label1\" content=\"Tiempo de lectura\" \/>\n\t<meta name=\"twitter:data1\" content=\"57 minutos\" \/>\n<script type=\"application\/ld+json\" class=\"yoast-schema-graph\">{\"@context\":\"https:\\\/\\\/schema.org\",\"@graph\":[{\"@type\":\"WebPage\",\"@id\":\"https:\\\/\\\/idecesos.com\\\/seguros\\\/companias\\\/banco-bpi\\\/prima-nivelada\\\/\",\"url\":\"https:\\\/\\\/idecesos.com\\\/seguros\\\/companias\\\/banco-bpi\\\/prima-nivelada\\\/\",\"name\":\"Seguro Decesos BPI Prima Nivelada \u25b7 Opiniones y Precio 2026\",\"isPartOf\":{\"@id\":\"https:\\\/\\\/idecesos.com\\\/seguros\\\/#website\"},\"datePublished\":\"2021-11-07T00:00:00+00:00\",\"dateModified\":\"2022-01-03T12:30:02+00:00\",\"description\":\"Click aqu\u00ed \u3010Seguro de Decesos Prima Nivelada BPI\u3011 Mejores precios BPI seguro de fallecidos Prima Nivelada \u2611\ufe0f Actualizado por iDecesos\u00ae\",\"breadcrumb\":{\"@id\":\"https:\\\/\\\/idecesos.com\\\/seguros\\\/companias\\\/banco-bpi\\\/prima-nivelada\\\/#breadcrumb\"},\"inLanguage\":\"es\",\"potentialAction\":[{\"@type\":\"ReadAction\",\"target\":[\"https:\\\/\\\/idecesos.com\\\/seguros\\\/companias\\\/banco-bpi\\\/prima-nivelada\\\/\"]}]},{\"@type\":\"BreadcrumbList\",\"@id\":\"https:\\\/\\\/idecesos.com\\\/seguros\\\/companias\\\/banco-bpi\\\/prima-nivelada\\\/#breadcrumb\",\"itemListElement\":[{\"@type\":\"ListItem\",\"position\":1,\"name\":\"Portada\",\"item\":\"https:\\\/\\\/idecesos.com\\\/seguros\\\/\"},{\"@type\":\"ListItem\",\"position\":2,\"name\":\"Compa\u00f1\u00edas de Seguros de Decesos en Espa\u00f1a\",\"item\":\"https:\\\/\\\/idecesos.com\\\/seguros\\\/companias\\\/\"},{\"@type\":\"ListItem\",\"position\":3,\"name\":\"Seguro de decesos BPI\",\"item\":\"https:\\\/\\\/idecesos.com\\\/seguros\\\/companias\\\/banco-bpi\\\/\"},{\"@type\":\"ListItem\",\"position\":4,\"name\":\"Seguro de decesos BPI Prima Nivelada\"}]},{\"@type\":\"WebSite\",\"@id\":\"https:\\\/\\\/idecesos.com\\\/seguros\\\/#website\",\"url\":\"https:\\\/\\\/idecesos.com\\\/seguros\\\/\",\"name\":\"\",\"description\":\"\",\"potentialAction\":[{\"@type\":\"SearchAction\",\"target\":{\"@type\":\"EntryPoint\",\"urlTemplate\":\"https:\\\/\\\/idecesos.com\\\/seguros\\\/?s={search_term_string}\"},\"query-input\":{\"@type\":\"PropertyValueSpecification\",\"valueRequired\":true,\"valueName\":\"search_term_string\"}}],\"inLanguage\":\"es\"}]}<\/script>\n<!-- \/ Yoast SEO plugin. -->","yoast_head_json":{"title":"Seguro Decesos BPI Prima Nivelada \u25b7 Opiniones y Precio 2026","description":"Click aqu\u00ed \u3010Seguro de Decesos Prima Nivelada BPI\u3011 Mejores precios BPI seguro de fallecidos Prima Nivelada \u2611\ufe0f Actualizado por iDecesos\u00ae","robots":{"index":"index","follow":"follow","max-snippet":"max-snippet:-1","max-image-preview":"max-image-preview:large","max-video-preview":"max-video-preview:-1"},"canonical":"https:\/\/idecesos.com\/seguros\/companias\/banco-bpi\/prima-nivelada\/","og_locale":"es_ES","og_type":"article","og_title":"Seguro Decesos BPI Prima Nivelada \u25b7 Opiniones y Precio 2026","og_description":"Click aqu\u00ed \u3010Seguro de Decesos Prima Nivelada BPI\u3011 Mejores precios BPI seguro de fallecidos Prima Nivelada \u2611\ufe0f Actualizado por iDecesos\u00ae","og_url":"https:\/\/idecesos.com\/seguros\/companias\/banco-bpi\/prima-nivelada\/","article_modified_time":"2022-01-03T12:30:02+00:00","twitter_card":"summary_large_image","twitter_misc":{"Tiempo de lectura":"57 minutos"},"schema":{"@context":"https:\/\/schema.org","@graph":[{"@type":"WebPage","@id":"https:\/\/idecesos.com\/seguros\/companias\/banco-bpi\/prima-nivelada\/","url":"https:\/\/idecesos.com\/seguros\/companias\/banco-bpi\/prima-nivelada\/","name":"Seguro Decesos BPI Prima Nivelada \u25b7 Opiniones y Precio 2026","isPartOf":{"@id":"https:\/\/idecesos.com\/seguros\/#website"},"datePublished":"2021-11-07T00:00:00+00:00","dateModified":"2022-01-03T12:30:02+00:00","description":"Click aqu\u00ed \u3010Seguro de Decesos Prima Nivelada BPI\u3011 Mejores precios BPI seguro de fallecidos Prima Nivelada \u2611\ufe0f Actualizado por iDecesos\u00ae","breadcrumb":{"@id":"https:\/\/idecesos.com\/seguros\/companias\/banco-bpi\/prima-nivelada\/#breadcrumb"},"inLanguage":"es","potentialAction":[{"@type":"ReadAction","target":["https:\/\/idecesos.com\/seguros\/companias\/banco-bpi\/prima-nivelada\/"]}]},{"@type":"BreadcrumbList","@id":"https:\/\/idecesos.com\/seguros\/companias\/banco-bpi\/prima-nivelada\/#breadcrumb","itemListElement":[{"@type":"ListItem","position":1,"name":"Portada","item":"https:\/\/idecesos.com\/seguros\/"},{"@type":"ListItem","position":2,"name":"Compa\u00f1\u00edas de Seguros de Decesos en Espa\u00f1a","item":"https:\/\/idecesos.com\/seguros\/companias\/"},{"@type":"ListItem","position":3,"name":"Seguro de decesos BPI","item":"https:\/\/idecesos.com\/seguros\/companias\/banco-bpi\/"},{"@type":"ListItem","position":4,"name":"Seguro de decesos BPI Prima Nivelada"}]},{"@type":"WebSite","@id":"https:\/\/idecesos.com\/seguros\/#website","url":"https:\/\/idecesos.com\/seguros\/","name":"","description":"","potentialAction":[{"@type":"SearchAction","target":{"@type":"EntryPoint","urlTemplate":"https:\/\/idecesos.com\/seguros\/?s={search_term_string}"},"query-input":{"@type":"PropertyValueSpecification","valueRequired":true,"valueName":"search_term_string"}}],"inLanguage":"es"}]}},"_links":{"self":[{"href":"https:\/\/idecesos.com\/seguros\/wp-json\/wp\/v2\/pages\/11482","targetHints":{"allow":["GET"]}}],"collection":[{"href":"https:\/\/idecesos.com\/seguros\/wp-json\/wp\/v2\/pages"}],"about":[{"href":"https:\/\/idecesos.com\/seguros\/wp-json\/wp\/v2\/types\/page"}],"author":[{"embeddable":true,"href":"https:\/\/idecesos.com\/seguros\/wp-json\/wp\/v2\/users\/3"}],"replies":[{"embeddable":true,"href":"https:\/\/idecesos.com\/seguros\/wp-json\/wp\/v2\/comments?post=11482"}],"version-history":[{"count":1,"href":"https:\/\/idecesos.com\/seguros\/wp-json\/wp\/v2\/pages\/11482\/revisions"}],"predecessor-version":[{"id":12989,"href":"https:\/\/idecesos.com\/seguros\/wp-json\/wp\/v2\/pages\/11482\/revisions\/12989"}],"up":[{"embeddable":true,"href":"https:\/\/idecesos.com\/seguros\/wp-json\/wp\/v2\/pages\/273"}],"wp:attachment":[{"href":"https:\/\/idecesos.com\/seguros\/wp-json\/wp\/v2\/media?parent=11482"}],"curies":[{"name":"wp","href":"https:\/\/api.w.org\/{rel}","templated":true}]}}