{"id":11483,"date":"2021-11-07T00:00:00","date_gmt":"2021-11-07T00:00:00","guid":{"rendered":"https:\/\/idecesos.com\/seguros\/?page_id=11483"},"modified":"2022-01-03T12:31:49","modified_gmt":"2022-01-03T12:31:49","slug":"prima-mixta","status":"publish","type":"page","link":"https:\/\/idecesos.com\/seguros\/companias\/unicaja\/prima-mixta\/","title":{"rendered":"Seguro de decesos Unicaja Prima Mixta"},"content":{"rendered":"<div id=\"ez-toc-container\" class=\"ez-toc-v2_0_82_2 ez-toc-wrap-center counter-hierarchy ez-toc-counter ez-toc-custom ez-toc-container-direction\">\n<div class=\"ez-toc-title-container\">\n<p class=\"ez-toc-title\" style=\"cursor:inherit\">Tabla de Contenido<\/p>\n<span class=\"ez-toc-title-toggle\"><a href=\"#\" class=\"ez-toc-pull-right ez-toc-btn ez-toc-btn-xs ez-toc-btn-default ez-toc-toggle\" aria-label=\"Alternar tabla de contenidos\"><span class=\"ez-toc-js-icon-con\"><span class=\"\"><span class=\"eztoc-hide\" style=\"display:none;\">Toggle<\/span><span class=\"ez-toc-icon-toggle-span\"><svg style=\"fill: #db6415;color:#db6415\" xmlns=\"http:\/\/www.w3.org\/2000\/svg\" class=\"list-377408\" width=\"20px\" height=\"20px\" viewBox=\"0 0 24 24\" fill=\"none\"><path d=\"M6 6H4v2h2V6zm14 0H8v2h12V6zM4 11h2v2H4v-2zm16 0H8v2h12v-2zM4 16h2v2H4v-2zm16 0H8v2h12v-2z\" fill=\"currentColor\"><\/path><\/svg><svg style=\"fill: #db6415;color:#db6415\" class=\"arrow-unsorted-368013\" xmlns=\"http:\/\/www.w3.org\/2000\/svg\" width=\"10px\" height=\"10px\" viewBox=\"0 0 24 24\" version=\"1.2\" baseProfile=\"tiny\"><path d=\"M18.2 9.3l-6.2-6.3-6.2 6.3c-.2.2-.3.4-.3.7s.1.5.3.7c.2.2.4.3.7.3h11c.3 0 .5-.1.7-.3.2-.2.3-.5.3-.7s-.1-.5-.3-.7zM5.8 14.7l6.2 6.3 6.2-6.3c.2-.2.3-.5.3-.7s-.1-.5-.3-.7c-.2-.2-.4-.3-.7-.3h-11c-.3 0-.5.1-.7.3-.2.2-.3.5-.3.7s.1.5.3.7z\"\/><\/svg><\/span><\/span><\/span><\/a><\/span><\/div>\n<nav><ul class='ez-toc-list ez-toc-list-level-1 ' ><li class='ez-toc-page-1 ez-toc-heading-level-2'><a class=\"ez-toc-link ez-toc-heading-1\" href=\"https:\/\/idecesos.com\/seguros\/companias\/unicaja\/prima-mixta\/#Coberturas_seguro_Prima_Mixta_Unicaja\" >Coberturas seguro Prima Mixta Unicaja<\/a><ul class='ez-toc-list-level-3' ><li class='ez-toc-heading-level-3'><a class=\"ez-toc-link ez-toc-heading-2\" href=\"https:\/\/idecesos.com\/seguros\/companias\/unicaja\/prima-mixta\/#%C2%BFA_quien_va_dirigido_el_seguro_de_decesos_Prima_Mixta_de_Unicaja\" >\u00bfA qui\u00e9n va dirigido el seguro de decesos Prima Mixta de Unicaja?<\/a><\/li><\/ul><\/li><li class='ez-toc-page-1 ez-toc-heading-level-2'><a class=\"ez-toc-link ez-toc-heading-3\" href=\"https:\/\/idecesos.com\/seguros\/companias\/unicaja\/prima-mixta\/#Precio_de_seguro_de_decesos_Prima_Mixta_Unicaja\" >Precio de seguro de decesos Prima Mixta Unicaja<\/a><\/li><li class='ez-toc-page-1 ez-toc-heading-level-2'><a class=\"ez-toc-link ez-toc-heading-4\" href=\"https:\/\/idecesos.com\/seguros\/companias\/unicaja\/prima-mixta\/#Productos_Prima_Mixta_Unicaja\" >Productos Prima Mixta Unicaja<\/a><\/li><li class='ez-toc-page-1 ez-toc-heading-level-2'><a class=\"ez-toc-link ez-toc-heading-5\" href=\"https:\/\/idecesos.com\/seguros\/companias\/unicaja\/prima-mixta\/#Opiniones_del_seguro_de_decesos_de_Prima_Mixta_de_Unicaja\" >Opiniones del seguro de decesos de Prima Mixta de Unicaja<\/a><ul class='ez-toc-list-level-3' ><li class='ez-toc-heading-level-3'><a class=\"ez-toc-link ez-toc-heading-6\" href=\"https:\/\/idecesos.com\/seguros\/companias\/unicaja\/prima-mixta\/#Paginas_relacionadas\" >P\u00e1ginas relacionadas<\/a><\/li><\/ul><\/li><\/ul><\/nav><\/div>\n\n<p>El seguro de decesos de prima mixta de Unicaja es perfecta en tanto que es una mezcla de prima natural y nivelada. Es una ventaja que cuando se est\u00e1 en una edad m\u00e1s temprana resulte m\u00e1s econ\u00f3mico, pero no se queda nivelada hasta el momento en que se llegue a una edad concretamente. <\/p>\n<p>Leer m\u00e1s: <a href=\"https:\/\/idecesos.com\/seguros\/tipo\/mixta\/\">Seguro de decesos Prima Mixta<\/a><\/p>\n<div class=\"colorf \"  ><div class=\"container clearfix\"><div class=\"col-md-7\"><\/p>\n<h2><span class=\"ez-toc-section\" id=\"Coberturas_seguro_Prima_Mixta_Unicaja\"><\/span>Coberturas seguro Prima Mixta Unicaja<span class=\"ez-toc-section-end\"><\/span><\/h2>\n<p>Para los clientes m\u00e1s exigentes pueden contar con las coberturas de la prima mixta Unicaja aparte de tener una calidad conforme las creencias de cada usuario. Lo m\u00e1s resaltable de las coberturas seg\u00fan las opiniones de los clientes es el servicio recibido de funeraria de Unicaja cuanta con grandes valoraciones por las coberturas de prima mixta Unicaja. Las coberturas principales que recogen el condicionado general de la p\u00f3liza de prima mixta Unicaja engloban desde el desplazamiento con chofer especializado en veh\u00edculos f\u00fanebres, tanatorio con todos los complementos que lo incluyen (acto religioso, servicio de asistencia a los familiares en la gu\u00eda de preparativos y consultas, sala de velorio donde puedan darle el \u00faltimo adi\u00f3s al fallecido entre otros muchos), adecuaci\u00f3n del cad\u00e1ver para su presentaci\u00f3n guardando los m\u00e1s rigurosos controles de higiene y c\u00e1nones de elegancia para que sea lo menos traum\u00e1tico posible para sus familiares despedirse en su \u00faltimo instante. Se har\u00e1 de la forma m\u00e1s exhaustiva, adecuando todo en ese d\u00eda tan singular, el ata\u00fad, florister\u00eda, ya sea incineraci\u00f3n o urna. <\/p>\n<p><\/div><\/div><\/div>\n<h3><span class=\"ez-toc-section\" id=\"%C2%BFA_quien_va_dirigido_el_seguro_de_decesos_Prima_Mixta_de_Unicaja\"><\/span>\u00bfA qui\u00e9n va dirigido el seguro de decesos Prima Mixta de Unicaja?<span class=\"ez-toc-section-end\"><\/span><\/h3>\n<p>En Unicaja el servicio m\u00e1s contratado es el seguro de prima mixta, lo suele obtener personas j\u00f3venes o bien familiares en tanto que el pago resulta mucho m\u00e1s econ\u00f3mico y rentable. Las familias prefieren realizar la contrataci\u00f3n de la p\u00f3liza de prima mixta de Unicaja debido a los dem\u00e1s servicios que contempla. <\/p>\n<div class=\"colorf \"  ><div class=\"container clearfix\"><div class=\"col-md-7\"><\/p>\n<h2><span class=\"ez-toc-section\" id=\"Precio_de_seguro_de_decesos_Prima_Mixta_Unicaja\"><\/span>Precio de seguro de decesos Prima Mixta Unicaja<span class=\"ez-toc-section-end\"><\/span><\/h2>\n<p>Para las personas que cotizan en una localidad con los servicios funerarios bajos, y se encuentre en un rango de edad menor de 20 a\u00f1os el seguro decesos de prima mixta Unicaja su coste es desde 2 euros cada mes. Este precio de prima mixta es seguramente el mejor y uno de los m\u00e1s baratos que ofrece Unicaja. Para salir de cualquier duda, equipara tu coste de prima mixta en el comparador iDecesos con el de Unicaja en tan solo un minuto, m\u00e1s simple imposible. <\/p>\n<p><\/div><\/div><\/div>\n<h2><span class=\"ez-toc-section\" id=\"Productos_Prima_Mixta_Unicaja\"><\/span>Productos Prima Mixta Unicaja<span class=\"ez-toc-section-end\"><\/span><\/h2>\n<div class=\"colorf\"><div class=\"container clearfix\"><div class=\"col-md-7\"><div class=\"opiniones\">\n<h2><span class=\"ez-toc-section\" id=\"Opiniones_del_seguro_de_decesos_de_Prima_Mixta_de_Unicaja\"><\/span>Opiniones del seguro de decesos de Prima Mixta de Unicaja<span class=\"ez-toc-section-end\"><\/span><\/h2>\n<p>Las mejores valoraciones conseguidas en estos \u00faltimos a\u00f1os son por Unicaja con el producto de prima mixta o bien semi natural. El directivo encargado de los estudios de los servicios de iDecesos, ha declarado que el seguro de prima mixta, es una mezcla perfecta de prima natural y nivelada que se complementan con las mejores coberturas que es un producto muy completo. <\/p>\n<div class=\"opinion \"  >\n\t\t\t<div class=\"cabecera_opinion\">\n\t\t\t\t<div class=\"avatar\">A C <\/div>\n\t\t\t\t<div class=\"datos_opinion\">\n\t\t\t\t\t<div class=\"nombre_opinion\">Alejandra Coral<\/div>\n\t\t\t\t\t<div class=\"info_opinion\">\t\t\t\t\t\t\n\t\t\t\t\t\t<div class=\"cuenta_opinion\"><i class=\"fas fa-pencil-alt\"><\/i><!--span class=\"dashicons dashicons-edit\" style=\"font-size:20px\"><\/span--><span>1 Opini\u00f3n<\/span><\/div>\t\t\t\t\t\t\n\t\t\t\t\t\t<div class=\"localizacion_opinion\">\n\t\t\t\t\t\t\t<i class=\"fas fa-map-marker-alt\"><\/i><!--span class=\"dashicons dashicons-location\" style=\"font-size:20px\"><\/span-->\n\t\t\t\t\t\t\t<span>ES<\/span>\n\t\t\t\t\t\t<\/div>\t\n\t\t\t\t\t<\/div>\n\t\t\t\t<\/div>\n\t\t\t<\/div><div class=\"texto_opinion\"><\/p>\n<p>Opino que Unicaja es de las mejores que he descubierto con iDecesos, me pusieron todo tan simple en la contrataci\u00f3n puesto que lo hice de forma en l\u00ednea, es cierto que a mi edad los beneficios que obtuve fueron destacables, por lo que a nivel econ\u00f3mico me result\u00f3 sencill\u00edsimo de poder efectuar los pagos, adem\u00e1s de que contaba con diferentes modalidades de pago dentro de Unicaja.<\/p>\n<p><\/div><\/div>\n<div class=\"opinion \"  >\n\t\t\t<div class=\"cabecera_opinion\">\n\t\t\t\t<div class=\"avatar\">L S <\/div>\n\t\t\t\t<div class=\"datos_opinion\">\n\t\t\t\t\t<div class=\"nombre_opinion\">Leandro Serna<\/div>\n\t\t\t\t\t<div class=\"info_opinion\">\t\t\t\t\t\t\n\t\t\t\t\t\t<div class=\"cuenta_opinion\"><i class=\"fas fa-pencil-alt\"><\/i><!--span class=\"dashicons dashicons-edit\" style=\"font-size:20px\"><\/span--><span>1 Opini\u00f3n<\/span><\/div>\t\t\t\t\t\t\n\t\t\t\t\t\t<div class=\"localizacion_opinion\">\n\t\t\t\t\t\t\t<i class=\"fas fa-map-marker-alt\"><\/i><!--span class=\"dashicons dashicons-location\" style=\"font-size:20px\"><\/span-->\n\t\t\t\t\t\t\t<span>ES<\/span>\n\t\t\t\t\t\t<\/div>\t\n\t\t\t\t\t<\/div>\n\t\t\t\t<\/div>\n\t\t\t<\/div><div class=\"texto_opinion\"><\/p>\n<p>Aconsejo el seguro de decesos de prima Mixta de Unicaja, lo contratamos para mi difunto padre y nos dieron un servicio muy apropiado.<\/p>\n<p><\/div><\/div>\n<div class=\"opinion \"  >\n\t\t\t<div class=\"cabecera_opinion\">\n\t\t\t\t<div class=\"avatar\">B C <\/div>\n\t\t\t\t<div class=\"datos_opinion\">\n\t\t\t\t\t<div class=\"nombre_opinion\">Bautista Casas<\/div>\n\t\t\t\t\t<div class=\"info_opinion\">\t\t\t\t\t\t\n\t\t\t\t\t\t<div class=\"cuenta_opinion\"><i class=\"fas fa-pencil-alt\"><\/i><!--span class=\"dashicons dashicons-edit\" style=\"font-size:20px\"><\/span--><span>1 Opini\u00f3n<\/span><\/div>\t\t\t\t\t\t\n\t\t\t\t\t\t<div class=\"localizacion_opinion\">\n\t\t\t\t\t\t\t<i class=\"fas fa-map-marker-alt\"><\/i><!--span class=\"dashicons dashicons-location\" style=\"font-size:20px\"><\/span-->\n\t\t\t\t\t\t\t<span>ES<\/span>\n\t\t\t\t\t\t<\/div>\t\n\t\t\t\t\t<\/div>\n\t\t\t\t<\/div>\n\t\t\t<\/div><div class=\"texto_opinion\"><\/p>\n<p>Gracias a la ayuda que recibe por parte de iDecesos que pude realizar las diferentes alternativas que hab\u00eda en el mercado as\u00ed como pod\u00edan darme un presupuesto m\u00e1s cerrado con todo cuanto incluye, os lo recomiendo si ten\u00e9is las mismas dudas que tuve , con esto me qued\u00f3 todo m\u00e1s resuelto Unicaja me dio las posibilidades m\u00e1s adecuadas para mi circustancias.<\/p>\n<p><\/div><\/div>\n<\/div><\/div><\/div><\/div>\n<p><div class=\"oficinas\"><br \/>\n<h3><span class=\"ez-toc-section\" id=\"Paginas_relacionadas\"><\/span>P\u00e1ginas relacionadas<span class=\"ez-toc-section-end\"><\/span><\/h3><div class=\"enlazado\"><ul> <li><a href=\"https:\/\/idecesos.com\/seguros\/companias\/unicaja\/opiniones\/\">Opiniones Unicaja<\/a><\/li> <li><a href=\"https:\/\/idecesos.com\/seguros\/companias\/unicaja\/precio\/\">Precio seguro Unicaja<\/a><\/li> <li><a href=\"https:\/\/idecesos.com\/seguros\/companias\/unicaja\/prima-mixta\/\">Unicaja Prima Mixta<\/a><\/li> <li><a href=\"https:\/\/idecesos.com\/seguros\/companias\/unicaja\/prima-natural\/\">Unicaja Prima Natural<\/a><\/li> <li><a href=\"https:\/\/idecesos.com\/seguros\/companias\/unicaja\/prima-nivelada\/\">Unicaja Prima Nivelada<\/a><\/li> <li><a href=\"https:\/\/idecesos.com\/seguros\/companias\/unicaja\/prima-unica\/\">Unicaja Prima \u00danica<\/a><\/li> <li><a href=\"https:\/\/idecesos.com\/seguros\/companias\/unicaja\/repatriacion\/\">Unicaja Repatriaci\u00f3n<\/a><\/li> <li><a href=\"https:\/\/idecesos.com\/seguros\/companias\/unicaja\/telefono\/\">Tel\u00e9fono Gratuito Unicaja<\/a><\/li>                                                                                                                                                                                                                                                                                                                                                                                                                                                                                                                                                                                                                                                                                                                                                                                                                                                                                                                                                                                                                                                                                                                                                                                                                                                                                                                                                                                                                                                                                                                                                                                                                                                                                                                                                                                                                                                                                                                                                                                                                                                                                                                                                                                                                                                                                                                                                                                                                                                                                                                                                                                                                                                                                                                                                                                                                                                                                                                                                                                                                                                                                                                              <\/ul><\/div><\/p>\n<\/div>\n","protected":false},"excerpt":{"rendered":"<p>El seguro de decesos de prima mixta de Unicaja es perfecta en tanto que es una mezcla de prima natural y nivelada. Es una ventaja que cuando se est\u00e1 en una edad m\u00e1s temprana resulte m\u00e1s econ\u00f3mico, pero no se queda nivelada hasta el momento en que se llegue a una edad concretamente. Leer m\u00e1s:&hellip; <\/p>\n","protected":false},"author":3,"featured_media":0,"parent":847,"menu_order":0,"comment_status":"closed","ping_status":"closed","template":"single.php","meta":{"footnotes":""},"class_list":["post-11483","page","type-page","status-publish","hentry"],"yoast_head":"<!-- This site is optimized with the Yoast SEO plugin v27.5 - https:\/\/yoast.com\/product\/yoast-seo-wordpress\/ -->\n<title>Seguro Decesos Unicaja Prima Mixta \u25b7 Opiniones y Precio 2026<\/title>\n<meta name=\"description\" content=\"Click aqu\u00ed \u3010Seguro de Decesos Prima Mixta Unicaja\u3011 Mejores precios Unicaja seguro de fallecidos Prima Mixta \u2611\ufe0f Actualizado por iDecesos\u00ae\" \/>\n<meta name=\"robots\" content=\"index, follow, max-snippet:-1, max-image-preview:large, max-video-preview:-1\" \/>\n<link rel=\"canonical\" href=\"https:\/\/idecesos.com\/seguros\/companias\/unicaja\/prima-mixta\/\" \/>\n<meta property=\"og:locale\" content=\"es_ES\" \/>\n<meta property=\"og:type\" content=\"article\" \/>\n<meta property=\"og:title\" content=\"Seguro Decesos Unicaja Prima Mixta \u25b7 Opiniones y Precio 2026\" \/>\n<meta property=\"og:description\" content=\"Click aqu\u00ed \u3010Seguro de Decesos Prima Mixta Unicaja\u3011 Mejores precios Unicaja seguro de fallecidos Prima Mixta \u2611\ufe0f Actualizado por iDecesos\u00ae\" \/>\n<meta property=\"og:url\" content=\"https:\/\/idecesos.com\/seguros\/companias\/unicaja\/prima-mixta\/\" \/>\n<meta property=\"article:modified_time\" content=\"2022-01-03T12:31:49+00:00\" \/>\n<meta name=\"twitter:card\" content=\"summary_large_image\" \/>\n<meta name=\"twitter:label1\" content=\"Tiempo de lectura\" \/>\n\t<meta name=\"twitter:data1\" content=\"54 minutos\" \/>\n<script type=\"application\/ld+json\" class=\"yoast-schema-graph\">{\"@context\":\"https:\\\/\\\/schema.org\",\"@graph\":[{\"@type\":\"WebPage\",\"@id\":\"https:\\\/\\\/idecesos.com\\\/seguros\\\/companias\\\/unicaja\\\/prima-mixta\\\/\",\"url\":\"https:\\\/\\\/idecesos.com\\\/seguros\\\/companias\\\/unicaja\\\/prima-mixta\\\/\",\"name\":\"Seguro Decesos Unicaja Prima Mixta \u25b7 Opiniones y Precio 2026\",\"isPartOf\":{\"@id\":\"https:\\\/\\\/idecesos.com\\\/seguros\\\/#website\"},\"datePublished\":\"2021-11-07T00:00:00+00:00\",\"dateModified\":\"2022-01-03T12:31:49+00:00\",\"description\":\"Click aqu\u00ed \u3010Seguro de Decesos Prima Mixta Unicaja\u3011 Mejores precios Unicaja seguro de fallecidos Prima Mixta \u2611\ufe0f Actualizado por iDecesos\u00ae\",\"breadcrumb\":{\"@id\":\"https:\\\/\\\/idecesos.com\\\/seguros\\\/companias\\\/unicaja\\\/prima-mixta\\\/#breadcrumb\"},\"inLanguage\":\"es\",\"potentialAction\":[{\"@type\":\"ReadAction\",\"target\":[\"https:\\\/\\\/idecesos.com\\\/seguros\\\/companias\\\/unicaja\\\/prima-mixta\\\/\"]}]},{\"@type\":\"BreadcrumbList\",\"@id\":\"https:\\\/\\\/idecesos.com\\\/seguros\\\/companias\\\/unicaja\\\/prima-mixta\\\/#breadcrumb\",\"itemListElement\":[{\"@type\":\"ListItem\",\"position\":1,\"name\":\"Portada\",\"item\":\"https:\\\/\\\/idecesos.com\\\/seguros\\\/\"},{\"@type\":\"ListItem\",\"position\":2,\"name\":\"Compa\u00f1\u00edas de Seguros de Decesos en Espa\u00f1a\",\"item\":\"https:\\\/\\\/idecesos.com\\\/seguros\\\/companias\\\/\"},{\"@type\":\"ListItem\",\"position\":3,\"name\":\"Seguro de decesos Unicaja\",\"item\":\"https:\\\/\\\/idecesos.com\\\/seguros\\\/companias\\\/unicaja\\\/\"},{\"@type\":\"ListItem\",\"position\":4,\"name\":\"Seguro de decesos Unicaja Prima Mixta\"}]},{\"@type\":\"WebSite\",\"@id\":\"https:\\\/\\\/idecesos.com\\\/seguros\\\/#website\",\"url\":\"https:\\\/\\\/idecesos.com\\\/seguros\\\/\",\"name\":\"\",\"description\":\"\",\"potentialAction\":[{\"@type\":\"SearchAction\",\"target\":{\"@type\":\"EntryPoint\",\"urlTemplate\":\"https:\\\/\\\/idecesos.com\\\/seguros\\\/?s={search_term_string}\"},\"query-input\":{\"@type\":\"PropertyValueSpecification\",\"valueRequired\":true,\"valueName\":\"search_term_string\"}}],\"inLanguage\":\"es\"}]}<\/script>\n<!-- \/ Yoast SEO plugin. -->","yoast_head_json":{"title":"Seguro Decesos Unicaja Prima Mixta \u25b7 Opiniones y Precio 2026","description":"Click aqu\u00ed \u3010Seguro de Decesos Prima Mixta Unicaja\u3011 Mejores precios Unicaja seguro de fallecidos Prima Mixta \u2611\ufe0f Actualizado por iDecesos\u00ae","robots":{"index":"index","follow":"follow","max-snippet":"max-snippet:-1","max-image-preview":"max-image-preview:large","max-video-preview":"max-video-preview:-1"},"canonical":"https:\/\/idecesos.com\/seguros\/companias\/unicaja\/prima-mixta\/","og_locale":"es_ES","og_type":"article","og_title":"Seguro Decesos Unicaja Prima Mixta \u25b7 Opiniones y Precio 2026","og_description":"Click aqu\u00ed \u3010Seguro de Decesos Prima Mixta Unicaja\u3011 Mejores precios Unicaja seguro de fallecidos Prima Mixta \u2611\ufe0f Actualizado por iDecesos\u00ae","og_url":"https:\/\/idecesos.com\/seguros\/companias\/unicaja\/prima-mixta\/","article_modified_time":"2022-01-03T12:31:49+00:00","twitter_card":"summary_large_image","twitter_misc":{"Tiempo de lectura":"54 minutos"},"schema":{"@context":"https:\/\/schema.org","@graph":[{"@type":"WebPage","@id":"https:\/\/idecesos.com\/seguros\/companias\/unicaja\/prima-mixta\/","url":"https:\/\/idecesos.com\/seguros\/companias\/unicaja\/prima-mixta\/","name":"Seguro Decesos Unicaja Prima Mixta \u25b7 Opiniones y Precio 2026","isPartOf":{"@id":"https:\/\/idecesos.com\/seguros\/#website"},"datePublished":"2021-11-07T00:00:00+00:00","dateModified":"2022-01-03T12:31:49+00:00","description":"Click aqu\u00ed \u3010Seguro de Decesos Prima Mixta Unicaja\u3011 Mejores precios Unicaja seguro de fallecidos Prima Mixta \u2611\ufe0f Actualizado por iDecesos\u00ae","breadcrumb":{"@id":"https:\/\/idecesos.com\/seguros\/companias\/unicaja\/prima-mixta\/#breadcrumb"},"inLanguage":"es","potentialAction":[{"@type":"ReadAction","target":["https:\/\/idecesos.com\/seguros\/companias\/unicaja\/prima-mixta\/"]}]},{"@type":"BreadcrumbList","@id":"https:\/\/idecesos.com\/seguros\/companias\/unicaja\/prima-mixta\/#breadcrumb","itemListElement":[{"@type":"ListItem","position":1,"name":"Portada","item":"https:\/\/idecesos.com\/seguros\/"},{"@type":"ListItem","position":2,"name":"Compa\u00f1\u00edas de Seguros de Decesos en Espa\u00f1a","item":"https:\/\/idecesos.com\/seguros\/companias\/"},{"@type":"ListItem","position":3,"name":"Seguro de decesos Unicaja","item":"https:\/\/idecesos.com\/seguros\/companias\/unicaja\/"},{"@type":"ListItem","position":4,"name":"Seguro de decesos Unicaja Prima Mixta"}]},{"@type":"WebSite","@id":"https:\/\/idecesos.com\/seguros\/#website","url":"https:\/\/idecesos.com\/seguros\/","name":"","description":"","potentialAction":[{"@type":"SearchAction","target":{"@type":"EntryPoint","urlTemplate":"https:\/\/idecesos.com\/seguros\/?s={search_term_string}"},"query-input":{"@type":"PropertyValueSpecification","valueRequired":true,"valueName":"search_term_string"}}],"inLanguage":"es"}]}},"_links":{"self":[{"href":"https:\/\/idecesos.com\/seguros\/wp-json\/wp\/v2\/pages\/11483","targetHints":{"allow":["GET"]}}],"collection":[{"href":"https:\/\/idecesos.com\/seguros\/wp-json\/wp\/v2\/pages"}],"about":[{"href":"https:\/\/idecesos.com\/seguros\/wp-json\/wp\/v2\/types\/page"}],"author":[{"embeddable":true,"href":"https:\/\/idecesos.com\/seguros\/wp-json\/wp\/v2\/users\/3"}],"replies":[{"embeddable":true,"href":"https:\/\/idecesos.com\/seguros\/wp-json\/wp\/v2\/comments?post=11483"}],"version-history":[{"count":1,"href":"https:\/\/idecesos.com\/seguros\/wp-json\/wp\/v2\/pages\/11483\/revisions"}],"predecessor-version":[{"id":12984,"href":"https:\/\/idecesos.com\/seguros\/wp-json\/wp\/v2\/pages\/11483\/revisions\/12984"}],"up":[{"embeddable":true,"href":"https:\/\/idecesos.com\/seguros\/wp-json\/wp\/v2\/pages\/847"}],"wp:attachment":[{"href":"https:\/\/idecesos.com\/seguros\/wp-json\/wp\/v2\/media?parent=11483"}],"curies":[{"name":"wp","href":"https:\/\/api.w.org\/{rel}","templated":true}]}}