{"id":11495,"date":"2021-11-08T00:00:00","date_gmt":"2021-11-08T00:00:00","guid":{"rendered":"https:\/\/idecesos.com\/seguros\/?page_id=11495"},"modified":"2022-01-03T12:31:47","modified_gmt":"2022-01-03T12:31:47","slug":"prima-nivelada","status":"publish","type":"page","link":"https:\/\/idecesos.com\/seguros\/companias\/banco-targobank\/prima-nivelada\/","title":{"rendered":"Seguro de decesos Targobank Prima Nivelada"},"content":{"rendered":"<div id=\"ez-toc-container\" class=\"ez-toc-v2_0_82_2 ez-toc-wrap-center counter-hierarchy ez-toc-counter ez-toc-custom ez-toc-container-direction\">\n<div class=\"ez-toc-title-container\">\n<p class=\"ez-toc-title\" style=\"cursor:inherit\">Tabla de Contenido<\/p>\n<span class=\"ez-toc-title-toggle\"><a href=\"#\" class=\"ez-toc-pull-right ez-toc-btn ez-toc-btn-xs ez-toc-btn-default ez-toc-toggle\" aria-label=\"Alternar tabla de contenidos\"><span class=\"ez-toc-js-icon-con\"><span class=\"\"><span class=\"eztoc-hide\" style=\"display:none;\">Toggle<\/span><span class=\"ez-toc-icon-toggle-span\"><svg style=\"fill: #db6415;color:#db6415\" xmlns=\"http:\/\/www.w3.org\/2000\/svg\" class=\"list-377408\" width=\"20px\" height=\"20px\" viewBox=\"0 0 24 24\" fill=\"none\"><path d=\"M6 6H4v2h2V6zm14 0H8v2h12V6zM4 11h2v2H4v-2zm16 0H8v2h12v-2zM4 16h2v2H4v-2zm16 0H8v2h12v-2z\" fill=\"currentColor\"><\/path><\/svg><svg style=\"fill: #db6415;color:#db6415\" class=\"arrow-unsorted-368013\" xmlns=\"http:\/\/www.w3.org\/2000\/svg\" width=\"10px\" height=\"10px\" viewBox=\"0 0 24 24\" version=\"1.2\" baseProfile=\"tiny\"><path d=\"M18.2 9.3l-6.2-6.3-6.2 6.3c-.2.2-.3.4-.3.7s.1.5.3.7c.2.2.4.3.7.3h11c.3 0 .5-.1.7-.3.2-.2.3-.5.3-.7s-.1-.5-.3-.7zM5.8 14.7l6.2 6.3 6.2-6.3c.2-.2.3-.5.3-.7s-.1-.5-.3-.7c-.2-.2-.4-.3-.7-.3h-11c-.3 0-.5.1-.7.3-.2.2-.3.5-.3.7s.1.5.3.7z\"\/><\/svg><\/span><\/span><\/span><\/a><\/span><\/div>\n<nav><ul class='ez-toc-list ez-toc-list-level-1 ' ><li class='ez-toc-page-1 ez-toc-heading-level-2'><a class=\"ez-toc-link ez-toc-heading-1\" href=\"https:\/\/idecesos.com\/seguros\/companias\/banco-targobank\/prima-nivelada\/#Coberturas_seguro_Prima_Nivelada_Targobank\" >Coberturas seguro Prima Nivelada Targobank<\/a><ul class='ez-toc-list-level-3' ><li class='ez-toc-heading-level-3'><a class=\"ez-toc-link ez-toc-heading-2\" href=\"https:\/\/idecesos.com\/seguros\/companias\/banco-targobank\/prima-nivelada\/#%C2%BFA_quien_va_dirigido_el_seguro_de_decesos_Prima_Nivelada_de_Targobank\" >\u00bfA qui\u00e9n va dirigido el seguro de decesos Prima Nivelada de Targobank?<\/a><\/li><\/ul><\/li><li class='ez-toc-page-1 ez-toc-heading-level-2'><a class=\"ez-toc-link ez-toc-heading-3\" href=\"https:\/\/idecesos.com\/seguros\/companias\/banco-targobank\/prima-nivelada\/#Precio_de_seguro_de_decesos_Prima_Nivelada_Targobank\" >Precio de seguro de decesos Prima Nivelada Targobank<\/a><\/li><li class='ez-toc-page-1 ez-toc-heading-level-2'><a class=\"ez-toc-link ez-toc-heading-4\" href=\"https:\/\/idecesos.com\/seguros\/companias\/banco-targobank\/prima-nivelada\/#Productos_Prima_Nivelada_Targobank\" >Productos Prima Nivelada Targobank<\/a><\/li><li class='ez-toc-page-1 ez-toc-heading-level-2'><a class=\"ez-toc-link ez-toc-heading-5\" href=\"https:\/\/idecesos.com\/seguros\/companias\/banco-targobank\/prima-nivelada\/#Opiniones_del_seguro_de_decesos_de_Prima_Nivelada_de_Targobank\" >Opiniones del seguro de decesos de Prima Nivelada de Targobank<\/a><ul class='ez-toc-list-level-3' ><li class='ez-toc-heading-level-3'><a class=\"ez-toc-link ez-toc-heading-6\" href=\"https:\/\/idecesos.com\/seguros\/companias\/banco-targobank\/prima-nivelada\/#Paginas_relacionadas\" >P\u00e1ginas relacionadas<\/a><\/li><\/ul><\/li><\/ul><\/nav><\/div>\n\n<p>El seguro de decesos de prima nivelada de Targobank es la p\u00f3liza que buscas puesto que resulta constante por lo que no cambia pr\u00e1cticamente nada al vencimiento de la anualidad desde el principio de la contrataci\u00f3n. Es propio cuando el tomador es joven en tanto que va a pagar proporcionalmente m\u00e1s de lo que pagar\u00eda en caso de la contrataci\u00f3n de una prima natural. La ventaja de este seguro resulta cuanto mayor es el tomador de la p\u00f3liza menos tendr\u00e1 que abonar. <\/p>\n<p>Leer m\u00e1s: <a href=\"https:\/\/idecesos.com\/seguros\/tipo\/nivelada\/\">Seguro de decesos Prima Nivelada<\/a><\/p>\n<div class=\"colorf \"  ><div class=\"container clearfix\"><div class=\"col-md-7\"><\/p>\n<h2><span class=\"ez-toc-section\" id=\"Coberturas_seguro_Prima_Nivelada_Targobank\"><\/span>Coberturas seguro Prima Nivelada Targobank<span class=\"ez-toc-section-end\"><\/span><\/h2>\n<p>Targobank su seguro de decesos una de sus p\u00f3lizas m\u00e1s contratadas es que dan la cobertura al completo en el servicio l\u00fagubre. El servicio l\u00fagubre resalta en Targobankes el m\u00e1s resaltable, aseguran velocidad y una atenci\u00f3n personalizada. Adem\u00e1s, cubre tanto el entierro de qu\u00e9 manera la incineraci\u00f3n si lo desean los familiares o bien beneficiarios, tambi\u00e9n est\u00e1 cubierto el servicio de gestor\u00eda que tramita todo el papeleo referente al registro civil del fallecido. El servicio de asistencia de Targobank trabajan las 24 horas, en el momento de recibir una llamada se van a poner a la predisposici\u00f3n del cliente del servicio dando las coberturas convenientes y adapt\u00e1ndolo a las preferencias del servicio funerario que haya escogido anteriormente, contando con el presupuesto del capital del asegurado. Para conseguir la informaci\u00f3n m\u00e1s completa y detallada sobre las coberturas del seguro de decesos de prima nivelada de Targobank, con iDecesos contases con esa ventaja de ver toda la ventaja de ver toda la informaci\u00f3n de una forma m\u00e1s detallada y completa, cada producto explicado y de las que mejor se adaptaran a ti. <\/p>\n<p><\/div><\/div><\/div>\n<h3><span class=\"ez-toc-section\" id=\"%C2%BFA_quien_va_dirigido_el_seguro_de_decesos_Prima_Nivelada_de_Targobank\"><\/span>\u00bfA qui\u00e9n va dirigido el seguro de decesos Prima Nivelada de Targobank?<span class=\"ez-toc-section-end\"><\/span><\/h3>\n<p>Una de las caracter\u00edsticas del seguro de prima nivelada de Targobank es que va a dirigido a cualquier persona, para todas y cada una aquellas personas que est\u00e9n buscando una estabilidad financiera en el coste de mercado, asegurando que le den un servicio con unas garant\u00edas altas y muy especializado. <\/p>\n<div class=\"colorf \"  ><div class=\"container clearfix\"><div class=\"col-md-7\"><\/p>\n<h2><span class=\"ez-toc-section\" id=\"Precio_de_seguro_de_decesos_Prima_Nivelada_Targobank\"><\/span>Precio de seguro de decesos Prima Nivelada Targobank<span class=\"ez-toc-section-end\"><\/span><\/h2>\n<p>En el an\u00e1lisis que se coger\u00e1 en cuenta como en este caso va a ser la edad de la persona m\u00e1s joven en Targobank , tambi\u00e9n se va a tomar en cuenta su localidad del seguro de prima nivelada Targobank el coste aproximado es de 5,10 euros a abonar cada mes. Dentro de Targobank incluyen todos los descuentos libres dejando el precio de una forma considerablemente m\u00e1s alcanzable en el momento de realizar los pagos. El seguro de prima nivelada de Targobank da muchas facilidades a sus clientes del servicio a la hora de realizar los pagos, siendo de manera mensual, trimestral, semestral o bien anual. Para obtener la tarifa con las ofertas m\u00e1s incre\u00edbles semejantes a tu seguro de prima nivelada Targobank nada m\u00e1s tienes que realizar una comparativa de precios en iDecesos en tan s\u00f3lo un minuto sabr\u00e1s si lo que quer\u00edas es lo m\u00e1s barato a lo que puedes acceder con una prima incesante. <\/p>\n<p><\/div><\/div><\/div>\n<h2><span class=\"ez-toc-section\" id=\"Productos_Prima_Nivelada_Targobank\"><\/span>Productos Prima Nivelada Targobank<span class=\"ez-toc-section-end\"><\/span><\/h2>\n<div class=\"colorf\"><div class=\"container clearfix\"><div class=\"col-md-7\"><div class=\"opiniones\">\n<h2><span class=\"ez-toc-section\" id=\"Opiniones_del_seguro_de_decesos_de_Prima_Nivelada_de_Targobank\"><\/span>Opiniones del seguro de decesos de Prima Nivelada de Targobank<span class=\"ez-toc-section-end\"><\/span><\/h2>\n<p>En Targobank que contiene el seguro de prima nivelada, en iDecesos ha destacado por tener una de las mejores opiniones de esta compa\u00f1\u00eda. Realizando una investigaci\u00f3n de mercado a nivel en profundidad de las distintas compa\u00f1\u00edas que hay, dentro de las que ofrecen prima nivelada, asimismo se llevar\u00e1 en gran profundidad un an\u00e1lisis. <\/p>\n<div class=\"opinion \"  >\n\t\t\t<div class=\"cabecera_opinion\">\n\t\t\t\t<div class=\"avatar\">A T <\/div>\n\t\t\t\t<div class=\"datos_opinion\">\n\t\t\t\t\t<div class=\"nombre_opinion\">Amelia Trujillo<\/div>\n\t\t\t\t\t<div class=\"info_opinion\">\t\t\t\t\t\t\n\t\t\t\t\t\t<div class=\"cuenta_opinion\"><i class=\"fas fa-pencil-alt\"><\/i><!--span class=\"dashicons dashicons-edit\" style=\"font-size:20px\"><\/span--><span>1 Opini\u00f3n<\/span><\/div>\t\t\t\t\t\t\n\t\t\t\t\t\t<div class=\"localizacion_opinion\">\n\t\t\t\t\t\t\t<i class=\"fas fa-map-marker-alt\"><\/i><!--span class=\"dashicons dashicons-location\" style=\"font-size:20px\"><\/span-->\n\t\t\t\t\t\t\t<span>ES<\/span>\n\t\t\t\t\t\t<\/div>\t\n\t\t\t\t\t<\/div>\n\t\t\t\t<\/div>\n\t\t\t<\/div><div class=\"texto_opinion\"><\/p>\n<p>Cuando ocurri\u00f3 el fallecimiento de mi madre, que sucedi\u00f3 de una manera repentina, la compa\u00f1\u00eda de seguros se ocup\u00f3 de gestionar todo de una forma eficiente, por lo que no tuvimos que preocuparnos de nada. Si en cualquier ocasi\u00f3n puede suceder alg\u00fan inconveniente, ellos cuentan con todas y cada una de las soluciones disponibles. <\/p>\n<p><\/div><\/div>\n<div class=\"opinion \"  >\n\t\t\t<div class=\"cabecera_opinion\">\n\t\t\t\t<div class=\"avatar\">L S <\/div>\n\t\t\t\t<div class=\"datos_opinion\">\n\t\t\t\t\t<div class=\"nombre_opinion\">Leandro Serna<\/div>\n\t\t\t\t\t<div class=\"info_opinion\">\t\t\t\t\t\t\n\t\t\t\t\t\t<div class=\"cuenta_opinion\"><i class=\"fas fa-pencil-alt\"><\/i><!--span class=\"dashicons dashicons-edit\" style=\"font-size:20px\"><\/span--><span>1 Opini\u00f3n<\/span><\/div>\t\t\t\t\t\t\n\t\t\t\t\t\t<div class=\"localizacion_opinion\">\n\t\t\t\t\t\t\t<i class=\"fas fa-map-marker-alt\"><\/i><!--span class=\"dashicons dashicons-location\" style=\"font-size:20px\"><\/span-->\n\t\t\t\t\t\t\t<span>ES<\/span>\n\t\t\t\t\t\t<\/div>\t\n\t\t\t\t\t<\/div>\n\t\t\t\t<\/div>\n\t\t\t<\/div><div class=\"texto_opinion\"><\/p>\n<p>Cuando realice el contrato de prima nivelada de Targobank adem\u00e1s de esto de que sus coberturas son muy destacables, me ayudaron en todo el proceso, yo lo realice de manera telef\u00f3nica, ya que me resultaba mucho m\u00e1s sencillo hacer la contrataci\u00f3n. Te lo aconsejo 100 por cien . <\/p>\n<p><\/div><\/div>\n<div class=\"opinion \"  >\n\t\t\t<div class=\"cabecera_opinion\">\n\t\t\t\t<div class=\"avatar\">S A <\/div>\n\t\t\t\t<div class=\"datos_opinion\">\n\t\t\t\t\t<div class=\"nombre_opinion\">Samuel Ayll\u00f3n<\/div>\n\t\t\t\t\t<div class=\"info_opinion\">\t\t\t\t\t\t\n\t\t\t\t\t\t<div class=\"cuenta_opinion\"><i class=\"fas fa-pencil-alt\"><\/i><!--span class=\"dashicons dashicons-edit\" style=\"font-size:20px\"><\/span--><span>1 Opini\u00f3n<\/span><\/div>\t\t\t\t\t\t\n\t\t\t\t\t\t<div class=\"localizacion_opinion\">\n\t\t\t\t\t\t\t<i class=\"fas fa-map-marker-alt\"><\/i><!--span class=\"dashicons dashicons-location\" style=\"font-size:20px\"><\/span-->\n\t\t\t\t\t\t\t<span>ES<\/span>\n\t\t\t\t\t\t<\/div>\t\n\t\t\t\t\t<\/div>\n\t\t\t\t<\/div>\n\t\t\t<\/div><div class=\"texto_opinion\"><\/p>\n<p>Mi experiencia con Targobank ha sido muy buena, me han brindado un servicio de calidad de 10, con ellos consegu\u00ed el seguro de prima nivelada, por lo que cont\u00e9 con una tarifa muy adaptada, siempre lo aconsejo cuando me lo preguntan. <\/p>\n<p><\/div><\/div>\n<\/div><\/div><\/div><\/div>\n<p><div class=\"oficinas\"><br \/>\n<h3><span class=\"ez-toc-section\" id=\"Paginas_relacionadas\"><\/span>P\u00e1ginas relacionadas<span class=\"ez-toc-section-end\"><\/span><\/h3><div class=\"enlazado\"><ul> <li><a href=\"https:\/\/idecesos.com\/seguros\/companias\/banco-targobank\/opiniones\/\">Opiniones Targobank<\/a><\/li> <li><a href=\"https:\/\/idecesos.com\/seguros\/companias\/banco-targobank\/precio\/\">Precio seguro Targobank<\/a><\/li> <li><a href=\"https:\/\/idecesos.com\/seguros\/companias\/banco-targobank\/prima-mixta\/\">Targobank Prima Mixta<\/a><\/li> <li><a href=\"https:\/\/idecesos.com\/seguros\/companias\/banco-targobank\/prima-natural\/\">Targobank Prima Natural<\/a><\/li> <li><a href=\"https:\/\/idecesos.com\/seguros\/companias\/banco-targobank\/prima-nivelada\/\">Targobank Prima Nivelada<\/a><\/li> <li><a href=\"https:\/\/idecesos.com\/seguros\/companias\/banco-targobank\/prima-unica\/\">Targobank Prima \u00danica<\/a><\/li> <li><a href=\"https:\/\/idecesos.com\/seguros\/companias\/banco-targobank\/repatriacion\/\">Targobank Repatriaci\u00f3n<\/a><\/li> <li><a href=\"https:\/\/idecesos.com\/seguros\/companias\/banco-targobank\/telefono\/\">Tel\u00e9fono Gratuito Targobank<\/a><\/li><\/ul><\/div><\/p>\n<\/div>\n","protected":false},"excerpt":{"rendered":"<p>El seguro de decesos de prima nivelada de Targobank es la p\u00f3liza que buscas puesto que resulta constante por lo que no cambia pr\u00e1cticamente nada al vencimiento de la anualidad desde el principio de la contrataci\u00f3n. Es propio cuando el tomador es joven en tanto que va a pagar proporcionalmente m\u00e1s de lo que pagar\u00eda&hellip; <\/p>\n","protected":false},"author":3,"featured_media":0,"parent":279,"menu_order":0,"comment_status":"closed","ping_status":"closed","template":"single.php","meta":{"footnotes":""},"class_list":["post-11495","page","type-page","status-publish","hentry"],"yoast_head":"<!-- This site is optimized with the Yoast SEO plugin v27.3 - https:\/\/yoast.com\/product\/yoast-seo-wordpress\/ -->\n<title>Seguro Decesos Targobank Prima Nivelada \u25b7 Opiniones y Precio 2026<\/title>\n<meta name=\"description\" content=\"Click aqu\u00ed \u3010Seguro de Decesos Prima Nivelada Targobank\u3011 Mejores precios Targobank seguro de fallecidos Prima Nivelada \u2611\ufe0f Actualizado por iDecesos\u00ae\" \/>\n<meta name=\"robots\" content=\"index, follow, max-snippet:-1, max-image-preview:large, max-video-preview:-1\" \/>\n<link rel=\"canonical\" href=\"https:\/\/idecesos.com\/seguros\/companias\/banco-targobank\/prima-nivelada\/\" \/>\n<meta property=\"og:locale\" content=\"es_ES\" \/>\n<meta property=\"og:type\" content=\"article\" \/>\n<meta property=\"og:title\" content=\"Seguro Decesos Targobank Prima Nivelada \u25b7 Opiniones y Precio 2026\" \/>\n<meta property=\"og:description\" content=\"Click aqu\u00ed \u3010Seguro de Decesos Prima Nivelada Targobank\u3011 Mejores precios Targobank seguro de fallecidos Prima Nivelada \u2611\ufe0f Actualizado por iDecesos\u00ae\" \/>\n<meta property=\"og:url\" content=\"https:\/\/idecesos.com\/seguros\/companias\/banco-targobank\/prima-nivelada\/\" \/>\n<meta property=\"article:modified_time\" content=\"2022-01-03T12:31:47+00:00\" \/>\n<meta name=\"twitter:card\" content=\"summary_large_image\" \/>\n<meta name=\"twitter:label1\" content=\"Tiempo de lectura\" \/>\n\t<meta name=\"twitter:data1\" content=\"57 minutos\" \/>\n<script type=\"application\/ld+json\" class=\"yoast-schema-graph\">{\"@context\":\"https:\\\/\\\/schema.org\",\"@graph\":[{\"@type\":\"WebPage\",\"@id\":\"https:\\\/\\\/idecesos.com\\\/seguros\\\/companias\\\/banco-targobank\\\/prima-nivelada\\\/\",\"url\":\"https:\\\/\\\/idecesos.com\\\/seguros\\\/companias\\\/banco-targobank\\\/prima-nivelada\\\/\",\"name\":\"Seguro Decesos Targobank Prima Nivelada \u25b7 Opiniones y Precio 2026\",\"isPartOf\":{\"@id\":\"https:\\\/\\\/idecesos.com\\\/seguros\\\/#website\"},\"datePublished\":\"2021-11-08T00:00:00+00:00\",\"dateModified\":\"2022-01-03T12:31:47+00:00\",\"description\":\"Click aqu\u00ed \u3010Seguro de Decesos Prima Nivelada Targobank\u3011 Mejores precios Targobank seguro de fallecidos Prima Nivelada \u2611\ufe0f Actualizado por iDecesos\u00ae\",\"breadcrumb\":{\"@id\":\"https:\\\/\\\/idecesos.com\\\/seguros\\\/companias\\\/banco-targobank\\\/prima-nivelada\\\/#breadcrumb\"},\"inLanguage\":\"es\",\"potentialAction\":[{\"@type\":\"ReadAction\",\"target\":[\"https:\\\/\\\/idecesos.com\\\/seguros\\\/companias\\\/banco-targobank\\\/prima-nivelada\\\/\"]}]},{\"@type\":\"BreadcrumbList\",\"@id\":\"https:\\\/\\\/idecesos.com\\\/seguros\\\/companias\\\/banco-targobank\\\/prima-nivelada\\\/#breadcrumb\",\"itemListElement\":[{\"@type\":\"ListItem\",\"position\":1,\"name\":\"Portada\",\"item\":\"https:\\\/\\\/idecesos.com\\\/seguros\\\/\"},{\"@type\":\"ListItem\",\"position\":2,\"name\":\"Compa\u00f1\u00edas de Seguros de Decesos en Espa\u00f1a\",\"item\":\"https:\\\/\\\/idecesos.com\\\/seguros\\\/companias\\\/\"},{\"@type\":\"ListItem\",\"position\":3,\"name\":\"Seguro de decesos Targobank\",\"item\":\"https:\\\/\\\/idecesos.com\\\/seguros\\\/companias\\\/banco-targobank\\\/\"},{\"@type\":\"ListItem\",\"position\":4,\"name\":\"Seguro de decesos Targobank Prima Nivelada\"}]},{\"@type\":\"WebSite\",\"@id\":\"https:\\\/\\\/idecesos.com\\\/seguros\\\/#website\",\"url\":\"https:\\\/\\\/idecesos.com\\\/seguros\\\/\",\"name\":\"\",\"description\":\"\",\"potentialAction\":[{\"@type\":\"SearchAction\",\"target\":{\"@type\":\"EntryPoint\",\"urlTemplate\":\"https:\\\/\\\/idecesos.com\\\/seguros\\\/?s={search_term_string}\"},\"query-input\":{\"@type\":\"PropertyValueSpecification\",\"valueRequired\":true,\"valueName\":\"search_term_string\"}}],\"inLanguage\":\"es\"}]}<\/script>\n<!-- \/ Yoast SEO plugin. -->","yoast_head_json":{"title":"Seguro Decesos Targobank Prima Nivelada \u25b7 Opiniones y Precio 2026","description":"Click aqu\u00ed \u3010Seguro de Decesos Prima Nivelada Targobank\u3011 Mejores precios Targobank seguro de fallecidos Prima Nivelada \u2611\ufe0f Actualizado por iDecesos\u00ae","robots":{"index":"index","follow":"follow","max-snippet":"max-snippet:-1","max-image-preview":"max-image-preview:large","max-video-preview":"max-video-preview:-1"},"canonical":"https:\/\/idecesos.com\/seguros\/companias\/banco-targobank\/prima-nivelada\/","og_locale":"es_ES","og_type":"article","og_title":"Seguro Decesos Targobank Prima Nivelada \u25b7 Opiniones y Precio 2026","og_description":"Click aqu\u00ed \u3010Seguro de Decesos Prima Nivelada Targobank\u3011 Mejores precios Targobank seguro de fallecidos Prima Nivelada \u2611\ufe0f Actualizado por iDecesos\u00ae","og_url":"https:\/\/idecesos.com\/seguros\/companias\/banco-targobank\/prima-nivelada\/","article_modified_time":"2022-01-03T12:31:47+00:00","twitter_card":"summary_large_image","twitter_misc":{"Tiempo de lectura":"57 minutos"},"schema":{"@context":"https:\/\/schema.org","@graph":[{"@type":"WebPage","@id":"https:\/\/idecesos.com\/seguros\/companias\/banco-targobank\/prima-nivelada\/","url":"https:\/\/idecesos.com\/seguros\/companias\/banco-targobank\/prima-nivelada\/","name":"Seguro Decesos Targobank Prima Nivelada \u25b7 Opiniones y Precio 2026","isPartOf":{"@id":"https:\/\/idecesos.com\/seguros\/#website"},"datePublished":"2021-11-08T00:00:00+00:00","dateModified":"2022-01-03T12:31:47+00:00","description":"Click aqu\u00ed \u3010Seguro de Decesos Prima Nivelada Targobank\u3011 Mejores precios Targobank seguro de fallecidos Prima Nivelada \u2611\ufe0f Actualizado por iDecesos\u00ae","breadcrumb":{"@id":"https:\/\/idecesos.com\/seguros\/companias\/banco-targobank\/prima-nivelada\/#breadcrumb"},"inLanguage":"es","potentialAction":[{"@type":"ReadAction","target":["https:\/\/idecesos.com\/seguros\/companias\/banco-targobank\/prima-nivelada\/"]}]},{"@type":"BreadcrumbList","@id":"https:\/\/idecesos.com\/seguros\/companias\/banco-targobank\/prima-nivelada\/#breadcrumb","itemListElement":[{"@type":"ListItem","position":1,"name":"Portada","item":"https:\/\/idecesos.com\/seguros\/"},{"@type":"ListItem","position":2,"name":"Compa\u00f1\u00edas de Seguros de Decesos en Espa\u00f1a","item":"https:\/\/idecesos.com\/seguros\/companias\/"},{"@type":"ListItem","position":3,"name":"Seguro de decesos Targobank","item":"https:\/\/idecesos.com\/seguros\/companias\/banco-targobank\/"},{"@type":"ListItem","position":4,"name":"Seguro de decesos Targobank Prima Nivelada"}]},{"@type":"WebSite","@id":"https:\/\/idecesos.com\/seguros\/#website","url":"https:\/\/idecesos.com\/seguros\/","name":"","description":"","potentialAction":[{"@type":"SearchAction","target":{"@type":"EntryPoint","urlTemplate":"https:\/\/idecesos.com\/seguros\/?s={search_term_string}"},"query-input":{"@type":"PropertyValueSpecification","valueRequired":true,"valueName":"search_term_string"}}],"inLanguage":"es"}]}},"_links":{"self":[{"href":"https:\/\/idecesos.com\/seguros\/wp-json\/wp\/v2\/pages\/11495","targetHints":{"allow":["GET"]}}],"collection":[{"href":"https:\/\/idecesos.com\/seguros\/wp-json\/wp\/v2\/pages"}],"about":[{"href":"https:\/\/idecesos.com\/seguros\/wp-json\/wp\/v2\/types\/page"}],"author":[{"embeddable":true,"href":"https:\/\/idecesos.com\/seguros\/wp-json\/wp\/v2\/users\/3"}],"replies":[{"embeddable":true,"href":"https:\/\/idecesos.com\/seguros\/wp-json\/wp\/v2\/comments?post=11495"}],"version-history":[{"count":1,"href":"https:\/\/idecesos.com\/seguros\/wp-json\/wp\/v2\/pages\/11495\/revisions"}],"predecessor-version":[{"id":13002,"href":"https:\/\/idecesos.com\/seguros\/wp-json\/wp\/v2\/pages\/11495\/revisions\/13002"}],"up":[{"embeddable":true,"href":"https:\/\/idecesos.com\/seguros\/wp-json\/wp\/v2\/pages\/279"}],"wp:attachment":[{"href":"https:\/\/idecesos.com\/seguros\/wp-json\/wp\/v2\/media?parent=11495"}],"curies":[{"name":"wp","href":"https:\/\/api.w.org\/{rel}","templated":true}]}}