{"id":11496,"date":"2021-11-08T00:00:00","date_gmt":"2021-11-08T00:00:00","guid":{"rendered":"https:\/\/idecesos.com\/seguros\/?page_id=11496"},"modified":"2022-01-03T12:29:58","modified_gmt":"2022-01-03T12:29:58","slug":"prima-nivelada","status":"publish","type":"page","link":"https:\/\/idecesos.com\/seguros\/companias\/banco-alcala\/prima-nivelada\/","title":{"rendered":"Seguro de decesos Banco Alcala Prima Nivelada"},"content":{"rendered":"<div id=\"ez-toc-container\" class=\"ez-toc-v2_0_83 ez-toc-wrap-center counter-hierarchy ez-toc-counter ez-toc-custom ez-toc-container-direction\">\n<div class=\"ez-toc-title-container\">\n<p class=\"ez-toc-title\" style=\"cursor:inherit\">Tabla de Contenido<\/p>\n<span class=\"ez-toc-title-toggle\"><a href=\"#\" class=\"ez-toc-pull-right ez-toc-btn ez-toc-btn-xs ez-toc-btn-default ez-toc-toggle\" aria-label=\"Alternar tabla de contenidos\"><span class=\"ez-toc-js-icon-con\"><span class=\"\"><span class=\"eztoc-hide\" style=\"display:none;\">Toggle<\/span><span class=\"ez-toc-icon-toggle-span\"><svg style=\"fill: #db6415;color:#db6415\" xmlns=\"http:\/\/www.w3.org\/2000\/svg\" class=\"list-377408\" width=\"20px\" height=\"20px\" viewBox=\"0 0 24 24\" fill=\"none\"><path d=\"M6 6H4v2h2V6zm14 0H8v2h12V6zM4 11h2v2H4v-2zm16 0H8v2h12v-2zM4 16h2v2H4v-2zm16 0H8v2h12v-2z\" fill=\"currentColor\"><\/path><\/svg><svg style=\"fill: #db6415;color:#db6415\" class=\"arrow-unsorted-368013\" xmlns=\"http:\/\/www.w3.org\/2000\/svg\" width=\"10px\" height=\"10px\" viewBox=\"0 0 24 24\" version=\"1.2\" baseProfile=\"tiny\"><path d=\"M18.2 9.3l-6.2-6.3-6.2 6.3c-.2.2-.3.4-.3.7s.1.5.3.7c.2.2.4.3.7.3h11c.3 0 .5-.1.7-.3.2-.2.3-.5.3-.7s-.1-.5-.3-.7zM5.8 14.7l6.2 6.3 6.2-6.3c.2-.2.3-.5.3-.7s-.1-.5-.3-.7c-.2-.2-.4-.3-.7-.3h-11c-.3 0-.5.1-.7.3-.2.2-.3.5-.3.7s.1.5.3.7z\"\/><\/svg><\/span><\/span><\/span><\/a><\/span><\/div>\n<nav><ul class='ez-toc-list ez-toc-list-level-1 ' ><li class='ez-toc-page-1 ez-toc-heading-level-2'><a class=\"ez-toc-link ez-toc-heading-1\" href=\"https:\/\/idecesos.com\/seguros\/companias\/banco-alcala\/prima-nivelada\/#Coberturas_seguro_Prima_Nivelada_Banco_Alcala\" >Coberturas seguro Prima Nivelada Banco Alcala<\/a><ul class='ez-toc-list-level-3' ><li class='ez-toc-heading-level-3'><a class=\"ez-toc-link ez-toc-heading-2\" href=\"https:\/\/idecesos.com\/seguros\/companias\/banco-alcala\/prima-nivelada\/#%C2%BFA_quien_va_dirigido_el_seguro_de_decesos_Prima_Nivelada_de_Banco_Alcala\" >\u00bfA qui\u00e9n va dirigido el seguro de decesos Prima Nivelada de Banco Alcala?<\/a><\/li><\/ul><\/li><li class='ez-toc-page-1 ez-toc-heading-level-2'><a class=\"ez-toc-link ez-toc-heading-3\" href=\"https:\/\/idecesos.com\/seguros\/companias\/banco-alcala\/prima-nivelada\/#Precio_de_seguro_de_decesos_Prima_Nivelada_Banco_Alcala\" >Precio de seguro de decesos Prima Nivelada Banco Alcala<\/a><\/li><li class='ez-toc-page-1 ez-toc-heading-level-2'><a class=\"ez-toc-link ez-toc-heading-4\" href=\"https:\/\/idecesos.com\/seguros\/companias\/banco-alcala\/prima-nivelada\/#Productos_Prima_Nivelada_Banco_Alcala\" >Productos Prima Nivelada Banco Alcala<\/a><\/li><li class='ez-toc-page-1 ez-toc-heading-level-2'><a class=\"ez-toc-link ez-toc-heading-5\" href=\"https:\/\/idecesos.com\/seguros\/companias\/banco-alcala\/prima-nivelada\/#Opiniones_del_seguro_de_decesos_de_Prima_Nivelada_de_Banco_Alcala\" >Opiniones del seguro de decesos de Prima Nivelada de Banco Alcala<\/a><\/li><\/ul><\/nav><\/div>\n\n<p>Una de las peculiaridades resaltables del seguro de decesos de prima nivelada Banco Alcala es el tipo que se marcha a sostener de forma continuada a lo largo de toda la vida que formes parte de la red de clientes de la Banco Alcala compa\u00f1\u00eda de seguros. Dentro de la compa\u00f1\u00eda de seguros de Banco Alcala cuando se renueve se va a coger como referencia la edad cuando efect\u00faa la p\u00f3liza, as\u00ed como en los pr\u00f3ximos a\u00f1os la suma se aplicar\u00e1 la tasa de acuerdo a eso. Dentro del c\u00e1lculo de la compa\u00f1\u00eda de manera imprevista la p\u00f3liza agregar\u00e1 una tasa continua adecuada a la edad lograda. <\/p>\n<p>Leer m\u00e1s: <a href=\"https:\/\/idecesos.com\/seguros\/tipo\/nivelada\/\">Seguro de decesos Prima Nivelada<\/a><\/p>\n<div class=\"colorf \"  ><div class=\"container clearfix\"><div class=\"col-md-7\"><\/p>\n<h2><span class=\"ez-toc-section\" id=\"Coberturas_seguro_Prima_Nivelada_Banco_Alcala\"><\/span>Coberturas seguro Prima Nivelada Banco Alcala<span class=\"ez-toc-section-end\"><\/span><\/h2>\n<p>Las coberturas del seguro de prima nivelada Banco Alcala son completas y suficientemente extensas para dejarlo todo previsto. Las distintas coberturas que contempla el seguro de prima nivelada Banco Alcala van de manera expl\u00edcita dentro del condicionado general, en la pluralidad de los servicios que sobresale es que queda al completo el servicio funerario, sala de velorio, flores entre otros. Dentro de los servicios nos dan el beneficio de realizar gestiones que no sabr\u00edamos realizar, con lo que ellos se encargasen de todos y cada uno de los tr\u00e1mites burocr\u00e1ticos, eludiendo efectuar la baja del certificado m\u00e9dico o bien solicitud de pensi\u00f3n de viudedad entre otros. Para poder contemplar de forma m\u00e1s detallada las ventajas e inconvenientes a diferencia de otras ofertas consiguieras ver con iDecesos las mejores coberturas de prima nivelada de Banco Alcala. <\/p>\n<p><\/div><\/div><\/div>\n<h3><span class=\"ez-toc-section\" id=\"%C2%BFA_quien_va_dirigido_el_seguro_de_decesos_Prima_Nivelada_de_Banco_Alcala\"><\/span>\u00bfA qui\u00e9n va dirigido el seguro de decesos Prima Nivelada de Banco Alcala?<span class=\"ez-toc-section-end\"><\/span><\/h3>\n<p>En ciertas edades sobre todo en la m\u00e1s avanzada desean que te garanticen serenidad a lo largo de las cuotas que se efect\u00faan del pago del seguro, con lo que el mejor se amolda es el seguro de prima nivelada Banco Alcala. Tambi\u00e9n acostumbran a contratar personas con una cultura de seguro de decesos de prima nivelada Banco Alcala adquirida en su familia y que no concibe otra modalidad por el hecho de que as\u00ed lo ha visto en su casa con sus progenitores. <\/p>\n<div class=\"colorf \"  ><div class=\"container clearfix\"><div class=\"col-md-7\"><\/p>\n<h2><span class=\"ez-toc-section\" id=\"Precio_de_seguro_de_decesos_Prima_Nivelada_Banco_Alcala\"><\/span>Precio de seguro de decesos Prima Nivelada Banco Alcala<span class=\"ez-toc-section-end\"><\/span><\/h2>\n<p>Dentro del an\u00e1lisis que se va a coger en cuenta como en este caso ser\u00e1 la edad de la persona m\u00e1s joven en Banco Alcala , asimismo se va a tomar en cuenta su localidad del seguro de prima nivelada Banco Alcala el precio aproximado es de 5,10\u20ac a abonar cada mes. Por medio de Banco Alcala quedar\u00e1 incluido todas las promociones exclusivas y abonos disponibles, dejando el precio m\u00e1s reducido posible. Tambi\u00e9n se puede abonar de forma mensual, trimestral, semestral o anual, dando todas y cada una de las comodidades de pago posible a los clientes de Banco Alcala seguro de prima nivelada. Con iDecesos lograr\u00e1s obtener la tarifa m\u00e1s incre\u00edble entre los seguros de prima nivelada Banco Alcala de este modo conocer\u00e1s si era el m\u00e1s barato dentro de las diferentes empresas de seguros, en menos de 1 minuto. <\/p>\n<p><\/div><\/div><\/div>\n<h2><span class=\"ez-toc-section\" id=\"Productos_Prima_Nivelada_Banco_Alcala\"><\/span>Productos Prima Nivelada Banco Alcala<span class=\"ez-toc-section-end\"><\/span><\/h2>\n<div class=\"colorf\"><div class=\"container clearfix\"><div class=\"col-md-7\"><div class=\"opiniones\">\n<h2><span class=\"ez-toc-section\" id=\"Opiniones_del_seguro_de_decesos_de_Prima_Nivelada_de_Banco_Alcala\"><\/span>Opiniones del seguro de decesos de Prima Nivelada de Banco Alcala<span class=\"ez-toc-section-end\"><\/span><\/h2>\n<p>Ana calvo: Ten\u00eda a este respecto varias dudas sobre las coberturas que ofrecen en la p\u00f3liza, con lo que acud\u00ed a una de sus oficinas m\u00e1s pr\u00f3ximas, me atendieron profesionalmente, d\u00e1ndome calma y resolviendo indudablemente todas mis cuestiones. Para cada g\u00e9nero de inconvenientes que puede llegar a pasar, requieren de diferentes soluciones para poder ponerle remedio a la mayor brevedad posible. Por lo que se debe de dar la importancia a final de cuentas. <\/p>\n<div class=\"opinion \"  >\n\t\t\t<div class=\"cabecera_opinion\">\n\t\t\t\t<div class=\"avatar\">C D M <\/div>\n\t\t\t\t<div class=\"datos_opinion\">\n\t\t\t\t\t<div class=\"nombre_opinion\">Cristina del Mill\u00e1n<\/div>\n\t\t\t\t\t<div class=\"info_opinion\">\t\t\t\t\t\t\n\t\t\t\t\t\t<div class=\"cuenta_opinion\"><i class=\"fas fa-pencil-alt\"><\/i><!--span class=\"dashicons dashicons-edit\" style=\"font-size:20px\"><\/span--><span>1 Opini\u00f3n<\/span><\/div>\t\t\t\t\t\t\n\t\t\t\t\t\t<div class=\"localizacion_opinion\">\n\t\t\t\t\t\t\t<i class=\"fas fa-map-marker-alt\"><\/i><!--span class=\"dashicons dashicons-location\" style=\"font-size:20px\"><\/span-->\n\t\t\t\t\t\t\t<span>ES<\/span>\n\t\t\t\t\t\t<\/div>\t\n\t\t\t\t\t<\/div>\n\t\t\t\t<\/div>\n\t\t\t<\/div><div class=\"texto_opinion\"><\/p>\n<p>Hoy en d\u00eda es complicado hallar una compa\u00f1\u00eda aseguradora con buen costo y buen atenci\u00f3n al servicio por ello Banco Alcala me sorprendi\u00f3 bastante ya que me daban buen\u00edsimas ventajas, en el presupuesto que me efectuaron fue muy concreto con la p\u00f3liza de prima nivelada, si todav\u00eda no das con la correcta te recomiendo Banco Alcala. <\/p>\n<p><\/div><\/div>\n<div class=\"opinion \"  >\n\t\t\t<div class=\"cabecera_opinion\">\n\t\t\t\t<div class=\"avatar\">Y T <\/div>\n\t\t\t\t<div class=\"datos_opinion\">\n\t\t\t\t\t<div class=\"nombre_opinion\">Yolanda Tormo<\/div>\n\t\t\t\t\t<div class=\"info_opinion\">\t\t\t\t\t\t\n\t\t\t\t\t\t<div class=\"cuenta_opinion\"><i class=\"fas fa-pencil-alt\"><\/i><!--span class=\"dashicons dashicons-edit\" style=\"font-size:20px\"><\/span--><span>1 Opini\u00f3n<\/span><\/div>\t\t\t\t\t\t\n\t\t\t\t\t\t<div class=\"localizacion_opinion\">\n\t\t\t\t\t\t\t<i class=\"fas fa-map-marker-alt\"><\/i><!--span class=\"dashicons dashicons-location\" style=\"font-size:20px\"><\/span-->\n\t\t\t\t\t\t\t<span>ES<\/span>\n\t\t\t\t\t\t<\/div>\t\n\t\t\t\t\t<\/div>\n\t\t\t\t<\/div>\n\t\t\t<\/div><div class=\"texto_opinion\"><\/p>\n<p>Banco Alcala fue de las que m\u00e1s se adapta a lo que buscaba, realic\u00e9 con ellos el seguro de prima nivelada me dieron diferentes modalidades de pago, me aconsejaron con una mayor cobertura, se preocuparon por o bien que deber\u00eda saber de cada cl\u00e1usula, qued\u00e9 encantada con Banco Alcala. <\/p>\n<p><\/div><\/div>\n<div class=\"opinion \"  >\n\t\t\t<div class=\"cabecera_opinion\">\n\t\t\t\t<div class=\"avatar\">A D A <\/div>\n\t\t\t\t<div class=\"datos_opinion\">\n\t\t\t\t\t<div class=\"nombre_opinion\">Anna del Aguado<\/div>\n\t\t\t\t\t<div class=\"info_opinion\">\t\t\t\t\t\t\n\t\t\t\t\t\t<div class=\"cuenta_opinion\"><i class=\"fas fa-pencil-alt\"><\/i><!--span class=\"dashicons dashicons-edit\" style=\"font-size:20px\"><\/span--><span>1 Opini\u00f3n<\/span><\/div>\t\t\t\t\t\t\n\t\t\t\t\t\t<div class=\"localizacion_opinion\">\n\t\t\t\t\t\t\t<i class=\"fas fa-map-marker-alt\"><\/i><!--span class=\"dashicons dashicons-location\" style=\"font-size:20px\"><\/span-->\n\t\t\t\t\t\t\t<span>ES<\/span>\n\t\t\t\t\t\t<\/div>\t\n\t\t\t\t\t<\/div>\n\t\t\t\t<\/div>\n\t\t\t<\/div><div class=\"texto_opinion\"><\/p>\n<p>No ten\u00eda muy claro si esta p\u00f3liza era la conveniente para mi, por lo que acudi a una de sus oficinas, donde me atendieron personalizadamente resolviendo todas y cada una mis cuestiones al respecto, qued\u00e9 content\u00edsimo me lo explicaron detalladamente, por lo que realice la contrataci\u00f3n puesto que se amolda a la perfecci\u00f3n a mi necesidades y a m\u00ed circunstancias. Adem\u00e1s de esto cuentan con muchas soluciones en el momento de que ocurra alg\u00fan problema. Lo que resulta importante tomarlo en cuenta. <\/p>\n<p><\/div><\/div>\n<\/div><\/div><\/div><\/div>\n<p><div class=\"oficinas\"><br \/>\n<h3>P\u00e1ginas relacionadas<\/h3><div class=\"enlazado\"><ul> <li><a href=\"https:\/\/idecesos.com\/seguros\/companias\/banco-alcala\/opiniones\/\">Opiniones Banco Alcal\u00e1<\/a><\/li> <li><a href=\"https:\/\/idecesos.com\/seguros\/companias\/banco-alcala\/precio\/\">Precio seguro Banco Alcala<\/a><\/li> <li><a href=\"https:\/\/idecesos.com\/seguros\/companias\/banco-alcala\/prima-mixta\/\">Banco Alcala Prima Mixta<\/a><\/li> <li><a href=\"https:\/\/idecesos.com\/seguros\/companias\/banco-alcala\/prima-natural\/\">Banco Alcala Prima Natural<\/a><\/li> <li><a href=\"https:\/\/idecesos.com\/seguros\/companias\/banco-alcala\/prima-nivelada\/\">Banco Alcala Prima Nivelada<\/a><\/li> <li><a href=\"https:\/\/idecesos.com\/seguros\/companias\/banco-alcala\/prima-unica\/\">Banco Alcala Prima \u00danica<\/a><\/li> <li><a href=\"https:\/\/idecesos.com\/seguros\/companias\/banco-alcala\/repatriacion\/\">Banco Alcala Repatriaci\u00f3n<\/a><\/li> <li><a href=\"https:\/\/idecesos.com\/seguros\/companias\/banco-alcala\/telefono\/\">Tel\u00e9fono Gratuito Banco Alcala<\/a><\/li><\/ul><\/div><\/p>\n<\/div>\n","protected":false},"excerpt":{"rendered":"<p>Una de las peculiaridades resaltables del seguro de decesos de prima nivelada Banco Alcala es el tipo que se marcha a sostener de forma continuada a lo largo de toda la vida que formes parte de la red de clientes de la Banco Alcala compa\u00f1\u00eda de seguros. Dentro de la compa\u00f1\u00eda de seguros de Banco&hellip; <\/p>\n","protected":false},"author":3,"featured_media":0,"parent":281,"menu_order":0,"comment_status":"closed","ping_status":"closed","template":"single.php","meta":{"footnotes":""},"class_list":["post-11496","page","type-page","status-publish","hentry"],"yoast_head":"<!-- This site is optimized with the Yoast SEO plugin v27.5 - https:\/\/yoast.com\/product\/yoast-seo-wordpress\/ -->\n<title>Seguro Decesos Banco Alcala Prima Nivelada \u25b7 Opiniones y Precio 2026<\/title>\n<meta name=\"description\" content=\"Click aqu\u00ed \u3010Seguro de Decesos Prima Nivelada Banco Alcala\u3011 Mejores precios Banco Alcala seguro de fallecidos Prima Nivelada \u2611\ufe0f Actualizado por iDecesos\u00ae\" \/>\n<meta name=\"robots\" content=\"index, follow, max-snippet:-1, max-image-preview:large, max-video-preview:-1\" \/>\n<link rel=\"canonical\" href=\"https:\/\/idecesos.com\/seguros\/companias\/banco-alcala\/prima-nivelada\/\" \/>\n<meta property=\"og:locale\" content=\"es_ES\" \/>\n<meta property=\"og:type\" content=\"article\" \/>\n<meta property=\"og:title\" content=\"Seguro Decesos Banco Alcala Prima Nivelada \u25b7 Opiniones y Precio 2026\" \/>\n<meta property=\"og:description\" content=\"Click aqu\u00ed \u3010Seguro de Decesos Prima Nivelada Banco Alcala\u3011 Mejores precios Banco Alcala seguro de fallecidos Prima Nivelada \u2611\ufe0f Actualizado por iDecesos\u00ae\" \/>\n<meta property=\"og:url\" content=\"https:\/\/idecesos.com\/seguros\/companias\/banco-alcala\/prima-nivelada\/\" \/>\n<meta property=\"article:modified_time\" content=\"2022-01-03T12:29:58+00:00\" \/>\n<meta name=\"twitter:card\" content=\"summary_large_image\" \/>\n<meta name=\"twitter:label1\" content=\"Tiempo de lectura\" \/>\n\t<meta name=\"twitter:data1\" content=\"57 minutos\" \/>\n<script type=\"application\/ld+json\" class=\"yoast-schema-graph\">{\"@context\":\"https:\\\/\\\/schema.org\",\"@graph\":[{\"@type\":\"WebPage\",\"@id\":\"https:\\\/\\\/idecesos.com\\\/seguros\\\/companias\\\/banco-alcala\\\/prima-nivelada\\\/\",\"url\":\"https:\\\/\\\/idecesos.com\\\/seguros\\\/companias\\\/banco-alcala\\\/prima-nivelada\\\/\",\"name\":\"Seguro Decesos Banco Alcala Prima Nivelada \u25b7 Opiniones y Precio 2026\",\"isPartOf\":{\"@id\":\"https:\\\/\\\/idecesos.com\\\/seguros\\\/#website\"},\"datePublished\":\"2021-11-08T00:00:00+00:00\",\"dateModified\":\"2022-01-03T12:29:58+00:00\",\"description\":\"Click aqu\u00ed \u3010Seguro de Decesos Prima Nivelada Banco Alcala\u3011 Mejores precios Banco Alcala seguro de fallecidos Prima Nivelada \u2611\ufe0f Actualizado por iDecesos\u00ae\",\"breadcrumb\":{\"@id\":\"https:\\\/\\\/idecesos.com\\\/seguros\\\/companias\\\/banco-alcala\\\/prima-nivelada\\\/#breadcrumb\"},\"inLanguage\":\"es\",\"potentialAction\":[{\"@type\":\"ReadAction\",\"target\":[\"https:\\\/\\\/idecesos.com\\\/seguros\\\/companias\\\/banco-alcala\\\/prima-nivelada\\\/\"]}]},{\"@type\":\"BreadcrumbList\",\"@id\":\"https:\\\/\\\/idecesos.com\\\/seguros\\\/companias\\\/banco-alcala\\\/prima-nivelada\\\/#breadcrumb\",\"itemListElement\":[{\"@type\":\"ListItem\",\"position\":1,\"name\":\"Portada\",\"item\":\"https:\\\/\\\/idecesos.com\\\/seguros\\\/\"},{\"@type\":\"ListItem\",\"position\":2,\"name\":\"Compa\u00f1\u00edas de Seguros de Decesos en Espa\u00f1a\",\"item\":\"https:\\\/\\\/idecesos.com\\\/seguros\\\/companias\\\/\"},{\"@type\":\"ListItem\",\"position\":3,\"name\":\"Seguro de decesos Banco Alcal\u00e1\",\"item\":\"https:\\\/\\\/idecesos.com\\\/seguros\\\/companias\\\/banco-alcala\\\/\"},{\"@type\":\"ListItem\",\"position\":4,\"name\":\"Seguro de decesos Banco Alcala Prima Nivelada\"}]},{\"@type\":\"WebSite\",\"@id\":\"https:\\\/\\\/idecesos.com\\\/seguros\\\/#website\",\"url\":\"https:\\\/\\\/idecesos.com\\\/seguros\\\/\",\"name\":\"\",\"description\":\"\",\"potentialAction\":[{\"@type\":\"SearchAction\",\"target\":{\"@type\":\"EntryPoint\",\"urlTemplate\":\"https:\\\/\\\/idecesos.com\\\/seguros\\\/?s={search_term_string}\"},\"query-input\":{\"@type\":\"PropertyValueSpecification\",\"valueRequired\":true,\"valueName\":\"search_term_string\"}}],\"inLanguage\":\"es\"}]}<\/script>\n<!-- \/ Yoast SEO plugin. -->","yoast_head_json":{"title":"Seguro Decesos Banco Alcala Prima Nivelada \u25b7 Opiniones y Precio 2026","description":"Click aqu\u00ed \u3010Seguro de Decesos Prima Nivelada Banco Alcala\u3011 Mejores precios Banco Alcala seguro de fallecidos Prima Nivelada \u2611\ufe0f Actualizado por iDecesos\u00ae","robots":{"index":"index","follow":"follow","max-snippet":"max-snippet:-1","max-image-preview":"max-image-preview:large","max-video-preview":"max-video-preview:-1"},"canonical":"https:\/\/idecesos.com\/seguros\/companias\/banco-alcala\/prima-nivelada\/","og_locale":"es_ES","og_type":"article","og_title":"Seguro Decesos Banco Alcala Prima Nivelada \u25b7 Opiniones y Precio 2026","og_description":"Click aqu\u00ed \u3010Seguro de Decesos Prima Nivelada Banco Alcala\u3011 Mejores precios Banco Alcala seguro de fallecidos Prima Nivelada \u2611\ufe0f Actualizado por iDecesos\u00ae","og_url":"https:\/\/idecesos.com\/seguros\/companias\/banco-alcala\/prima-nivelada\/","article_modified_time":"2022-01-03T12:29:58+00:00","twitter_card":"summary_large_image","twitter_misc":{"Tiempo de lectura":"57 minutos"},"schema":{"@context":"https:\/\/schema.org","@graph":[{"@type":"WebPage","@id":"https:\/\/idecesos.com\/seguros\/companias\/banco-alcala\/prima-nivelada\/","url":"https:\/\/idecesos.com\/seguros\/companias\/banco-alcala\/prima-nivelada\/","name":"Seguro Decesos Banco Alcala Prima Nivelada \u25b7 Opiniones y Precio 2026","isPartOf":{"@id":"https:\/\/idecesos.com\/seguros\/#website"},"datePublished":"2021-11-08T00:00:00+00:00","dateModified":"2022-01-03T12:29:58+00:00","description":"Click aqu\u00ed \u3010Seguro de Decesos Prima Nivelada Banco Alcala\u3011 Mejores precios Banco Alcala seguro de fallecidos Prima Nivelada \u2611\ufe0f Actualizado por iDecesos\u00ae","breadcrumb":{"@id":"https:\/\/idecesos.com\/seguros\/companias\/banco-alcala\/prima-nivelada\/#breadcrumb"},"inLanguage":"es","potentialAction":[{"@type":"ReadAction","target":["https:\/\/idecesos.com\/seguros\/companias\/banco-alcala\/prima-nivelada\/"]}]},{"@type":"BreadcrumbList","@id":"https:\/\/idecesos.com\/seguros\/companias\/banco-alcala\/prima-nivelada\/#breadcrumb","itemListElement":[{"@type":"ListItem","position":1,"name":"Portada","item":"https:\/\/idecesos.com\/seguros\/"},{"@type":"ListItem","position":2,"name":"Compa\u00f1\u00edas de Seguros de Decesos en Espa\u00f1a","item":"https:\/\/idecesos.com\/seguros\/companias\/"},{"@type":"ListItem","position":3,"name":"Seguro de decesos Banco Alcal\u00e1","item":"https:\/\/idecesos.com\/seguros\/companias\/banco-alcala\/"},{"@type":"ListItem","position":4,"name":"Seguro de decesos Banco Alcala Prima Nivelada"}]},{"@type":"WebSite","@id":"https:\/\/idecesos.com\/seguros\/#website","url":"https:\/\/idecesos.com\/seguros\/","name":"","description":"","potentialAction":[{"@type":"SearchAction","target":{"@type":"EntryPoint","urlTemplate":"https:\/\/idecesos.com\/seguros\/?s={search_term_string}"},"query-input":{"@type":"PropertyValueSpecification","valueRequired":true,"valueName":"search_term_string"}}],"inLanguage":"es"}]}},"_links":{"self":[{"href":"https:\/\/idecesos.com\/seguros\/wp-json\/wp\/v2\/pages\/11496","targetHints":{"allow":["GET"]}}],"collection":[{"href":"https:\/\/idecesos.com\/seguros\/wp-json\/wp\/v2\/pages"}],"about":[{"href":"https:\/\/idecesos.com\/seguros\/wp-json\/wp\/v2\/types\/page"}],"author":[{"embeddable":true,"href":"https:\/\/idecesos.com\/seguros\/wp-json\/wp\/v2\/users\/3"}],"replies":[{"embeddable":true,"href":"https:\/\/idecesos.com\/seguros\/wp-json\/wp\/v2\/comments?post=11496"}],"version-history":[{"count":1,"href":"https:\/\/idecesos.com\/seguros\/wp-json\/wp\/v2\/pages\/11496\/revisions"}],"predecessor-version":[{"id":13004,"href":"https:\/\/idecesos.com\/seguros\/wp-json\/wp\/v2\/pages\/11496\/revisions\/13004"}],"up":[{"embeddable":true,"href":"https:\/\/idecesos.com\/seguros\/wp-json\/wp\/v2\/pages\/281"}],"wp:attachment":[{"href":"https:\/\/idecesos.com\/seguros\/wp-json\/wp\/v2\/media?parent=11496"}],"curies":[{"name":"wp","href":"https:\/\/api.w.org\/{rel}","templated":true}]}}