{"id":11497,"date":"2021-11-08T00:00:00","date_gmt":"2021-11-08T00:00:00","guid":{"rendered":"https:\/\/idecesos.com\/seguros\/?page_id=11497"},"modified":"2022-01-03T12:29:58","modified_gmt":"2022-01-03T12:29:58","slug":"prima-nivelada","status":"publish","type":"page","link":"https:\/\/idecesos.com\/seguros\/companias\/banco-albacete\/prima-nivelada\/","title":{"rendered":"Seguro de decesos Banco Albacete Prima Nivelada"},"content":{"rendered":"<div id=\"ez-toc-container\" class=\"ez-toc-v2_0_82_2 ez-toc-wrap-center counter-hierarchy ez-toc-counter ez-toc-custom ez-toc-container-direction\">\n<div class=\"ez-toc-title-container\">\n<p class=\"ez-toc-title\" style=\"cursor:inherit\">Tabla de Contenido<\/p>\n<span class=\"ez-toc-title-toggle\"><a href=\"#\" class=\"ez-toc-pull-right ez-toc-btn ez-toc-btn-xs ez-toc-btn-default ez-toc-toggle\" aria-label=\"Alternar tabla de contenidos\"><span class=\"ez-toc-js-icon-con\"><span class=\"\"><span class=\"eztoc-hide\" style=\"display:none;\">Toggle<\/span><span class=\"ez-toc-icon-toggle-span\"><svg style=\"fill: #db6415;color:#db6415\" xmlns=\"http:\/\/www.w3.org\/2000\/svg\" class=\"list-377408\" width=\"20px\" height=\"20px\" viewBox=\"0 0 24 24\" fill=\"none\"><path d=\"M6 6H4v2h2V6zm14 0H8v2h12V6zM4 11h2v2H4v-2zm16 0H8v2h12v-2zM4 16h2v2H4v-2zm16 0H8v2h12v-2z\" fill=\"currentColor\"><\/path><\/svg><svg style=\"fill: #db6415;color:#db6415\" class=\"arrow-unsorted-368013\" xmlns=\"http:\/\/www.w3.org\/2000\/svg\" width=\"10px\" height=\"10px\" viewBox=\"0 0 24 24\" version=\"1.2\" baseProfile=\"tiny\"><path d=\"M18.2 9.3l-6.2-6.3-6.2 6.3c-.2.2-.3.4-.3.7s.1.5.3.7c.2.2.4.3.7.3h11c.3 0 .5-.1.7-.3.2-.2.3-.5.3-.7s-.1-.5-.3-.7zM5.8 14.7l6.2 6.3 6.2-6.3c.2-.2.3-.5.3-.7s-.1-.5-.3-.7c-.2-.2-.4-.3-.7-.3h-11c-.3 0-.5.1-.7.3-.2.2-.3.5-.3.7s.1.5.3.7z\"\/><\/svg><\/span><\/span><\/span><\/a><\/span><\/div>\n<nav><ul class='ez-toc-list ez-toc-list-level-1 ' ><li class='ez-toc-page-1 ez-toc-heading-level-2'><a class=\"ez-toc-link ez-toc-heading-1\" href=\"https:\/\/idecesos.com\/seguros\/companias\/banco-albacete\/prima-nivelada\/#Coberturas_seguro_Prima_Nivelada_Banco_Albacete\" >Coberturas seguro Prima Nivelada Banco Albacete<\/a><ul class='ez-toc-list-level-3' ><li class='ez-toc-heading-level-3'><a class=\"ez-toc-link ez-toc-heading-2\" href=\"https:\/\/idecesos.com\/seguros\/companias\/banco-albacete\/prima-nivelada\/#%C2%BFA_quien_va_dirigido_el_seguro_de_decesos_Prima_Nivelada_de_Banco_Albacete\" >\u00bfA qui\u00e9n va dirigido el seguro de decesos Prima Nivelada de Banco Albacete?<\/a><\/li><\/ul><\/li><li class='ez-toc-page-1 ez-toc-heading-level-2'><a class=\"ez-toc-link ez-toc-heading-3\" href=\"https:\/\/idecesos.com\/seguros\/companias\/banco-albacete\/prima-nivelada\/#Precio_de_seguro_de_decesos_Prima_Nivelada_Banco_Albacete\" >Precio de seguro de decesos Prima Nivelada Banco Albacete<\/a><\/li><li class='ez-toc-page-1 ez-toc-heading-level-2'><a class=\"ez-toc-link ez-toc-heading-4\" href=\"https:\/\/idecesos.com\/seguros\/companias\/banco-albacete\/prima-nivelada\/#Productos_Prima_Nivelada_Banco_Albacete\" >Productos Prima Nivelada Banco Albacete<\/a><\/li><li class='ez-toc-page-1 ez-toc-heading-level-2'><a class=\"ez-toc-link ez-toc-heading-5\" href=\"https:\/\/idecesos.com\/seguros\/companias\/banco-albacete\/prima-nivelada\/#Opiniones_del_seguro_de_decesos_de_Prima_Nivelada_de_Banco_Albacete\" >Opiniones del seguro de decesos de Prima Nivelada de Banco Albacete<\/a><ul class='ez-toc-list-level-3' ><li class='ez-toc-heading-level-3'><a class=\"ez-toc-link ez-toc-heading-6\" href=\"https:\/\/idecesos.com\/seguros\/companias\/banco-albacete\/prima-nivelada\/#Paginas_relacionadas\" >P\u00e1ginas relacionadas<\/a><\/li><\/ul><\/li><\/ul><\/nav><\/div>\n\n<p>Banco Albacete su seguro de decesos de prima nivelada es id\u00f3nea para todas aquellas personas que buscan algo que sea de forma continuada durante los a\u00f1os. Desde que empieza la contrataci\u00f3n hasta la finalizaci\u00f3n. Dentro de la diferencia que se encuentra de una prima natural, siendo de una edad m\u00e1s joven realizar\u00e1 un pago m\u00e1s elevado. La ventaja de este seguro resulta cuanto mayor es el tomador de la p\u00f3liza menos deber\u00e1 abonar. <\/p>\n<p>Leer m\u00e1s: <a href=\"https:\/\/idecesos.com\/seguros\/tipo\/nivelada\/\">Seguro de decesos Prima Nivelada<\/a><\/p>\n<div class=\"colorf \"  ><div class=\"container clearfix\"><div class=\"col-md-7\"><\/p>\n<h2><span class=\"ez-toc-section\" id=\"Coberturas_seguro_Prima_Nivelada_Banco_Albacete\"><\/span>Coberturas seguro Prima Nivelada Banco Albacete<span class=\"ez-toc-section-end\"><\/span><\/h2>\n<p>El seguro de decesos Banco Albacete su mayor cobertura es dar al completo lo que requiere en el momento del \u00f3bito de manera complet\u00edsima. El servicio l\u00fagubre resalta dentro de Banco Albacetees el m\u00e1s resaltable, aseguran velocidad y una atenci\u00f3n personalizada. Adem\u00e1s, cubre tanto el funeral de qu\u00e9 manera la incineraci\u00f3n si lo desean los familiares o bien adjudicatarios, tambi\u00e9n est\u00e1 cubierto el servicio de gestor\u00eda que gestiona todo el papeleo referente al registro civil del fallecido. Cuando ocurra el \u00f3bito del asegurado, de forma inmediata efectuando la llamada al servicio de asistencia de Banco Albacete la compa\u00f1\u00eda aseguradora en el momento gestionar\u00e1n todo lo referido a la defunci\u00f3n de la persona, haciendo seg\u00fan la elecci\u00f3n del servicio, la empresa aseguradora se adaptara a ello dentro del presupuesto del capital. Para obtener la informaci\u00f3n m\u00e1s completa y detallada sobre las coberturas del seguro de decesos de prima nivelada de Banco Albacete, con iDecesos contases con esa ventaja de ver toda el beneficio de ver toda la informaci\u00f3n de una manera m\u00e1s detallada y completa, cada producto explicado y de las que mejor se adaptaran a ti. <\/p>\n<p><\/div><\/div><\/div>\n<h3><span class=\"ez-toc-section\" id=\"%C2%BFA_quien_va_dirigido_el_seguro_de_decesos_Prima_Nivelada_de_Banco_Albacete\"><\/span>\u00bfA qui\u00e9n va dirigido el seguro de decesos Prima Nivelada de Banco Albacete?<span class=\"ez-toc-section-end\"><\/span><\/h3>\n<p>\u00bfQu\u00e9 resalta el seguro de prima nivelada de Banco Albacete? es de las m\u00e1s acertadas puesto que se amolda al nivel econ\u00f3mico de cada usuario. El 90 por ciento de las personas que adquieren este tipo de p\u00f3liza son mayores puesto que quieren tener una cuota constante que no var\u00ede con los a\u00f1os. De las distintas modalidades el 65 por ciento optan por este servicio en Banco Albacete en tanto que es de las mejores seg\u00fan las opiniones de cada cliente del servicio. <\/p>\n<div class=\"colorf \"  ><div class=\"container clearfix\"><div class=\"col-md-7\"><\/p>\n<h2><span class=\"ez-toc-section\" id=\"Precio_de_seguro_de_decesos_Prima_Nivelada_Banco_Albacete\"><\/span>Precio de seguro de decesos Prima Nivelada Banco Albacete<span class=\"ez-toc-section-end\"><\/span><\/h2>\n<p>Dentro del an\u00e1lisis que se va a coger en cuenta como en un caso as\u00ed ser\u00e1 la edad de la persona m\u00e1s joven en Banco Albacete , asimismo se va a tomar en cuenta su localidad del seguro de prima nivelada Banco Albacete el precio aproximado es de 5,10\u20ac a pagar cada mes. A trav\u00e9s de Banco Albacete quedar\u00e1 incluido todas las promociones exclusivas y abonos disponibles, dejando el coste m\u00e1s reducido posible. Tambi\u00e9n se puede abonar de forma mensual, trimestral, semestral o anual, dando todas y cada una de las comodidades de pago posible a los clientes de Banco Albacete seguro de prima nivelada. Dentro de iDecesos conocer\u00e1s todas las tarifas existentes, de los seguros de prima \u00abnivelada\u00bb no obstante ver\u00e1s en detalle el precio que buscabas es el mejor o bien te lo podrian progresar. <\/p>\n<p><\/div><\/div><\/div>\n<h2><span class=\"ez-toc-section\" id=\"Productos_Prima_Nivelada_Banco_Albacete\"><\/span>Productos Prima Nivelada Banco Albacete<span class=\"ez-toc-section-end\"><\/span><\/h2>\n<div class=\"colorf\"><div class=\"container clearfix\"><div class=\"col-md-7\"><div class=\"opiniones\">\n<h2><span class=\"ez-toc-section\" id=\"Opiniones_del_seguro_de_decesos_de_Prima_Nivelada_de_Banco_Albacete\"><\/span>Opiniones del seguro de decesos de Prima Nivelada de Banco Albacete<span class=\"ez-toc-section-end\"><\/span><\/h2>\n<p>En Banco Albacete que contiene el seguro de prima nivelada, en iDecesos ha se\u00f1alado por tener una de las mejores opiniones de esta compa\u00f1\u00eda. Est\u00e1 determinado por un exhaustivo an\u00e1lisis que se realiza en profundidad, consiguiendo datos del resto compa\u00f1\u00edas aseguradoras que tambi\u00e9n ofrecen prima nivelada. <\/p>\n<div class=\"opinion \"  >\n\t\t\t<div class=\"cabecera_opinion\">\n\t\t\t\t<div class=\"avatar\">R S <\/div>\n\t\t\t\t<div class=\"datos_opinion\">\n\t\t\t\t\t<div class=\"nombre_opinion\">Roberta Sol\u00edas<\/div>\n\t\t\t\t\t<div class=\"info_opinion\">\t\t\t\t\t\t\n\t\t\t\t\t\t<div class=\"cuenta_opinion\"><i class=\"fas fa-pencil-alt\"><\/i><!--span class=\"dashicons dashicons-edit\" style=\"font-size:20px\"><\/span--><span>1 Opini\u00f3n<\/span><\/div>\t\t\t\t\t\t\n\t\t\t\t\t\t<div class=\"localizacion_opinion\">\n\t\t\t\t\t\t\t<i class=\"fas fa-map-marker-alt\"><\/i><!--span class=\"dashicons dashicons-location\" style=\"font-size:20px\"><\/span-->\n\t\t\t\t\t\t\t<span>ES<\/span>\n\t\t\t\t\t\t<\/div>\t\n\t\t\t\t\t<\/div>\n\t\t\t\t<\/div>\n\t\t\t<\/div><div class=\"texto_opinion\"><\/p>\n<p>Me informe previamente amigos no bien conocidos que ya tuviesen contratada la prima nivelada de Banco Albacete para asegurarme que tal funcionaba, me puse en contacto con ellos y qued\u00e9 encantada con el servicio que recib\u00ed. De los mejores servicios de atenci\u00f3n que tienen es la asistencia telef\u00f3nica, que solucionan cualquier inconveniente de inmediato, con lo que resulta m\u00e1s f\u00e1cil, dando tantas ventajas en ese momento tan doloroso. <\/p>\n<p><\/div><\/div>\n<div class=\"opinion \"  >\n\t\t\t<div class=\"cabecera_opinion\">\n\t\t\t\t<div class=\"avatar\">B O <\/div>\n\t\t\t\t<div class=\"datos_opinion\">\n\t\t\t\t\t<div class=\"nombre_opinion\">Benigna Oca\u00f1a<\/div>\n\t\t\t\t\t<div class=\"info_opinion\">\t\t\t\t\t\t\n\t\t\t\t\t\t<div class=\"cuenta_opinion\"><i class=\"fas fa-pencil-alt\"><\/i><!--span class=\"dashicons dashicons-edit\" style=\"font-size:20px\"><\/span--><span>1 Opini\u00f3n<\/span><\/div>\t\t\t\t\t\t\n\t\t\t\t\t\t<div class=\"localizacion_opinion\">\n\t\t\t\t\t\t\t<i class=\"fas fa-map-marker-alt\"><\/i><!--span class=\"dashicons dashicons-location\" style=\"font-size:20px\"><\/span-->\n\t\t\t\t\t\t\t<span>ES<\/span>\n\t\t\t\t\t\t<\/div>\t\n\t\t\t\t\t<\/div>\n\t\t\t\t<\/div>\n\t\t\t<\/div><div class=\"texto_opinion\"><\/p>\n<p>Lo aconsejo en tanto que me dieron una de las mejores coberturas tanto a mi como a mi familia, en el momento del acontecimiento, no dudes con prima nivelada de Banco Albacete, se encarga de todo. Hace unos meses falleci\u00f3 un familiar muy pr\u00f3ximo con lo que contaba con esta p\u00f3liza, es verdad que le dieron todas las coberturas y dieron todas y cada una facilidades posibles dentro de ese tan bastante dif\u00edcil de gestionar. <\/p>\n<p><\/div><\/div>\n<div class=\"opinion \"  >\n\t\t\t<div class=\"cabecera_opinion\">\n\t\t\t\t<div class=\"avatar\">P S <\/div>\n\t\t\t\t<div class=\"datos_opinion\">\n\t\t\t\t\t<div class=\"nombre_opinion\">Pilar Sierra<\/div>\n\t\t\t\t\t<div class=\"info_opinion\">\t\t\t\t\t\t\n\t\t\t\t\t\t<div class=\"cuenta_opinion\"><i class=\"fas fa-pencil-alt\"><\/i><!--span class=\"dashicons dashicons-edit\" style=\"font-size:20px\"><\/span--><span>1 Opini\u00f3n<\/span><\/div>\t\t\t\t\t\t\n\t\t\t\t\t\t<div class=\"localizacion_opinion\">\n\t\t\t\t\t\t\t<i class=\"fas fa-map-marker-alt\"><\/i><!--span class=\"dashicons dashicons-location\" style=\"font-size:20px\"><\/span-->\n\t\t\t\t\t\t\t<span>ES<\/span>\n\t\t\t\t\t\t<\/div>\t\n\t\t\t\t\t<\/div>\n\t\t\t\t<\/div>\n\t\t\t<\/div><div class=\"texto_opinion\"><\/p>\n<p>Cuando realice el contrato de prima nivelada de Banco Albacete adem\u00e1s de esto de que sus coberturas son muy resaltables, me asistieron en todo el proceso, yo lo realice de manera telef\u00f3nica, ya que me resultaba mucho m\u00e1s sencillo hacer la contrataci\u00f3n. Te lo recomiendo 100 por ciento . <\/p>\n<p><\/div><\/div>\n<\/div><\/div><\/div><\/div>\n<p><div class=\"oficinas\"><br \/>\n<h3><span class=\"ez-toc-section\" id=\"Paginas_relacionadas\"><\/span>P\u00e1ginas relacionadas<span class=\"ez-toc-section-end\"><\/span><\/h3><div class=\"enlazado\"><ul> <li><a href=\"https:\/\/idecesos.com\/seguros\/companias\/banco-albacete\/opiniones\/\">Opiniones Banco Albacete<\/a><\/li> <li><a href=\"https:\/\/idecesos.com\/seguros\/companias\/banco-albacete\/precio\/\">Precio seguro Banco Albacete<\/a><\/li> <li><a href=\"https:\/\/idecesos.com\/seguros\/companias\/banco-albacete\/prima-mixta\/\">Banco Albacete Prima Mixta<\/a><\/li> <li><a href=\"https:\/\/idecesos.com\/seguros\/companias\/banco-albacete\/prima-natural\/\">Banco Albacete Prima Natural<\/a><\/li> <li><a href=\"https:\/\/idecesos.com\/seguros\/companias\/banco-albacete\/prima-nivelada\/\">Banco Albacete Prima Nivelada<\/a><\/li> <li><a href=\"https:\/\/idecesos.com\/seguros\/companias\/banco-albacete\/prima-unica\/\">Banco Albacete Prima \u00danica<\/a><\/li> <li><a href=\"https:\/\/idecesos.com\/seguros\/companias\/banco-albacete\/repatriacion\/\">Banco Albacete Repatriaci\u00f3n<\/a><\/li> <li><a href=\"https:\/\/idecesos.com\/seguros\/companias\/banco-albacete\/telefono\/\">Tel\u00e9fono Gratuito Banco Albacete<\/a><\/li><\/ul><\/div><\/p>\n<\/div>\n","protected":false},"excerpt":{"rendered":"<p>Banco Albacete su seguro de decesos de prima nivelada es id\u00f3nea para todas aquellas personas que buscan algo que sea de forma continuada durante los a\u00f1os. Desde que empieza la contrataci\u00f3n hasta la finalizaci\u00f3n. Dentro de la diferencia que se encuentra de una prima natural, siendo de una edad m\u00e1s joven realizar\u00e1 un pago m\u00e1s&hellip; <\/p>\n","protected":false},"author":3,"featured_media":0,"parent":283,"menu_order":0,"comment_status":"closed","ping_status":"closed","template":"single.php","meta":{"footnotes":""},"class_list":["post-11497","page","type-page","status-publish","hentry"],"yoast_head":"<!-- This site is optimized with the Yoast SEO plugin v27.3 - https:\/\/yoast.com\/product\/yoast-seo-wordpress\/ -->\n<title>Seguro Decesos Banco Albacete Prima Nivelada \u25b7 Opiniones y Precio 2026<\/title>\n<meta name=\"description\" content=\"Click aqu\u00ed \u3010Seguro de Decesos Prima Nivelada Banco Albacete\u3011 Mejores precios Banco Albacete seguro de fallecidos Prima Nivelada \u2611\ufe0f Actualizado por iDecesos\u00ae\" \/>\n<meta name=\"robots\" content=\"index, follow, max-snippet:-1, max-image-preview:large, max-video-preview:-1\" \/>\n<link rel=\"canonical\" href=\"https:\/\/idecesos.com\/seguros\/companias\/banco-albacete\/prima-nivelada\/\" \/>\n<meta property=\"og:locale\" content=\"es_ES\" \/>\n<meta property=\"og:type\" content=\"article\" \/>\n<meta property=\"og:title\" content=\"Seguro Decesos Banco Albacete Prima Nivelada \u25b7 Opiniones y Precio 2026\" \/>\n<meta property=\"og:description\" content=\"Click aqu\u00ed \u3010Seguro de Decesos Prima Nivelada Banco Albacete\u3011 Mejores precios Banco Albacete seguro de fallecidos Prima Nivelada \u2611\ufe0f Actualizado por iDecesos\u00ae\" \/>\n<meta property=\"og:url\" content=\"https:\/\/idecesos.com\/seguros\/companias\/banco-albacete\/prima-nivelada\/\" \/>\n<meta property=\"article:modified_time\" content=\"2022-01-03T12:29:58+00:00\" \/>\n<meta name=\"twitter:card\" content=\"summary_large_image\" \/>\n<meta name=\"twitter:label1\" content=\"Tiempo de lectura\" \/>\n\t<meta name=\"twitter:data1\" content=\"57 minutos\" \/>\n<script type=\"application\/ld+json\" class=\"yoast-schema-graph\">{\"@context\":\"https:\\\/\\\/schema.org\",\"@graph\":[{\"@type\":\"WebPage\",\"@id\":\"https:\\\/\\\/idecesos.com\\\/seguros\\\/companias\\\/banco-albacete\\\/prima-nivelada\\\/\",\"url\":\"https:\\\/\\\/idecesos.com\\\/seguros\\\/companias\\\/banco-albacete\\\/prima-nivelada\\\/\",\"name\":\"Seguro Decesos Banco Albacete Prima Nivelada \u25b7 Opiniones y Precio 2026\",\"isPartOf\":{\"@id\":\"https:\\\/\\\/idecesos.com\\\/seguros\\\/#website\"},\"datePublished\":\"2021-11-08T00:00:00+00:00\",\"dateModified\":\"2022-01-03T12:29:58+00:00\",\"description\":\"Click aqu\u00ed \u3010Seguro de Decesos Prima Nivelada Banco Albacete\u3011 Mejores precios Banco Albacete seguro de fallecidos Prima Nivelada \u2611\ufe0f Actualizado por iDecesos\u00ae\",\"breadcrumb\":{\"@id\":\"https:\\\/\\\/idecesos.com\\\/seguros\\\/companias\\\/banco-albacete\\\/prima-nivelada\\\/#breadcrumb\"},\"inLanguage\":\"es\",\"potentialAction\":[{\"@type\":\"ReadAction\",\"target\":[\"https:\\\/\\\/idecesos.com\\\/seguros\\\/companias\\\/banco-albacete\\\/prima-nivelada\\\/\"]}]},{\"@type\":\"BreadcrumbList\",\"@id\":\"https:\\\/\\\/idecesos.com\\\/seguros\\\/companias\\\/banco-albacete\\\/prima-nivelada\\\/#breadcrumb\",\"itemListElement\":[{\"@type\":\"ListItem\",\"position\":1,\"name\":\"Portada\",\"item\":\"https:\\\/\\\/idecesos.com\\\/seguros\\\/\"},{\"@type\":\"ListItem\",\"position\":2,\"name\":\"Compa\u00f1\u00edas de Seguros de Decesos en Espa\u00f1a\",\"item\":\"https:\\\/\\\/idecesos.com\\\/seguros\\\/companias\\\/\"},{\"@type\":\"ListItem\",\"position\":3,\"name\":\"Seguro de decesos Banco Albacete\",\"item\":\"https:\\\/\\\/idecesos.com\\\/seguros\\\/companias\\\/banco-albacete\\\/\"},{\"@type\":\"ListItem\",\"position\":4,\"name\":\"Seguro de decesos Banco Albacete Prima Nivelada\"}]},{\"@type\":\"WebSite\",\"@id\":\"https:\\\/\\\/idecesos.com\\\/seguros\\\/#website\",\"url\":\"https:\\\/\\\/idecesos.com\\\/seguros\\\/\",\"name\":\"\",\"description\":\"\",\"potentialAction\":[{\"@type\":\"SearchAction\",\"target\":{\"@type\":\"EntryPoint\",\"urlTemplate\":\"https:\\\/\\\/idecesos.com\\\/seguros\\\/?s={search_term_string}\"},\"query-input\":{\"@type\":\"PropertyValueSpecification\",\"valueRequired\":true,\"valueName\":\"search_term_string\"}}],\"inLanguage\":\"es\"}]}<\/script>\n<!-- \/ Yoast SEO plugin. -->","yoast_head_json":{"title":"Seguro Decesos Banco Albacete Prima Nivelada \u25b7 Opiniones y Precio 2026","description":"Click aqu\u00ed \u3010Seguro de Decesos Prima Nivelada Banco Albacete\u3011 Mejores precios Banco Albacete seguro de fallecidos Prima Nivelada \u2611\ufe0f Actualizado por iDecesos\u00ae","robots":{"index":"index","follow":"follow","max-snippet":"max-snippet:-1","max-image-preview":"max-image-preview:large","max-video-preview":"max-video-preview:-1"},"canonical":"https:\/\/idecesos.com\/seguros\/companias\/banco-albacete\/prima-nivelada\/","og_locale":"es_ES","og_type":"article","og_title":"Seguro Decesos Banco Albacete Prima Nivelada \u25b7 Opiniones y Precio 2026","og_description":"Click aqu\u00ed \u3010Seguro de Decesos Prima Nivelada Banco Albacete\u3011 Mejores precios Banco Albacete seguro de fallecidos Prima Nivelada \u2611\ufe0f Actualizado por iDecesos\u00ae","og_url":"https:\/\/idecesos.com\/seguros\/companias\/banco-albacete\/prima-nivelada\/","article_modified_time":"2022-01-03T12:29:58+00:00","twitter_card":"summary_large_image","twitter_misc":{"Tiempo de lectura":"57 minutos"},"schema":{"@context":"https:\/\/schema.org","@graph":[{"@type":"WebPage","@id":"https:\/\/idecesos.com\/seguros\/companias\/banco-albacete\/prima-nivelada\/","url":"https:\/\/idecesos.com\/seguros\/companias\/banco-albacete\/prima-nivelada\/","name":"Seguro Decesos Banco Albacete Prima Nivelada \u25b7 Opiniones y Precio 2026","isPartOf":{"@id":"https:\/\/idecesos.com\/seguros\/#website"},"datePublished":"2021-11-08T00:00:00+00:00","dateModified":"2022-01-03T12:29:58+00:00","description":"Click aqu\u00ed \u3010Seguro de Decesos Prima Nivelada Banco Albacete\u3011 Mejores precios Banco Albacete seguro de fallecidos Prima Nivelada \u2611\ufe0f Actualizado por iDecesos\u00ae","breadcrumb":{"@id":"https:\/\/idecesos.com\/seguros\/companias\/banco-albacete\/prima-nivelada\/#breadcrumb"},"inLanguage":"es","potentialAction":[{"@type":"ReadAction","target":["https:\/\/idecesos.com\/seguros\/companias\/banco-albacete\/prima-nivelada\/"]}]},{"@type":"BreadcrumbList","@id":"https:\/\/idecesos.com\/seguros\/companias\/banco-albacete\/prima-nivelada\/#breadcrumb","itemListElement":[{"@type":"ListItem","position":1,"name":"Portada","item":"https:\/\/idecesos.com\/seguros\/"},{"@type":"ListItem","position":2,"name":"Compa\u00f1\u00edas de Seguros de Decesos en Espa\u00f1a","item":"https:\/\/idecesos.com\/seguros\/companias\/"},{"@type":"ListItem","position":3,"name":"Seguro de decesos Banco Albacete","item":"https:\/\/idecesos.com\/seguros\/companias\/banco-albacete\/"},{"@type":"ListItem","position":4,"name":"Seguro de decesos Banco Albacete Prima Nivelada"}]},{"@type":"WebSite","@id":"https:\/\/idecesos.com\/seguros\/#website","url":"https:\/\/idecesos.com\/seguros\/","name":"","description":"","potentialAction":[{"@type":"SearchAction","target":{"@type":"EntryPoint","urlTemplate":"https:\/\/idecesos.com\/seguros\/?s={search_term_string}"},"query-input":{"@type":"PropertyValueSpecification","valueRequired":true,"valueName":"search_term_string"}}],"inLanguage":"es"}]}},"_links":{"self":[{"href":"https:\/\/idecesos.com\/seguros\/wp-json\/wp\/v2\/pages\/11497","targetHints":{"allow":["GET"]}}],"collection":[{"href":"https:\/\/idecesos.com\/seguros\/wp-json\/wp\/v2\/pages"}],"about":[{"href":"https:\/\/idecesos.com\/seguros\/wp-json\/wp\/v2\/types\/page"}],"author":[{"embeddable":true,"href":"https:\/\/idecesos.com\/seguros\/wp-json\/wp\/v2\/users\/3"}],"replies":[{"embeddable":true,"href":"https:\/\/idecesos.com\/seguros\/wp-json\/wp\/v2\/comments?post=11497"}],"version-history":[{"count":1,"href":"https:\/\/idecesos.com\/seguros\/wp-json\/wp\/v2\/pages\/11497\/revisions"}],"predecessor-version":[{"id":13006,"href":"https:\/\/idecesos.com\/seguros\/wp-json\/wp\/v2\/pages\/11497\/revisions\/13006"}],"up":[{"embeddable":true,"href":"https:\/\/idecesos.com\/seguros\/wp-json\/wp\/v2\/pages\/283"}],"wp:attachment":[{"href":"https:\/\/idecesos.com\/seguros\/wp-json\/wp\/v2\/media?parent=11497"}],"curies":[{"name":"wp","href":"https:\/\/api.w.org\/{rel}","templated":true}]}}