{"id":11503,"date":"2021-11-08T00:00:00","date_gmt":"2021-11-08T00:00:00","guid":{"rendered":"https:\/\/idecesos.com\/seguros\/?page_id=11503"},"modified":"2022-01-03T12:31:47","modified_gmt":"2022-01-03T12:31:47","slug":"prima-natural","status":"publish","type":"page","link":"https:\/\/idecesos.com\/seguros\/companias\/banco-targobank\/prima-natural\/","title":{"rendered":"Seguro de decesos Targobank Prima Natural"},"content":{"rendered":"<div id=\"ez-toc-container\" class=\"ez-toc-v2_0_82_2 ez-toc-wrap-center counter-hierarchy ez-toc-counter ez-toc-custom ez-toc-container-direction\">\n<div class=\"ez-toc-title-container\">\n<p class=\"ez-toc-title\" style=\"cursor:inherit\">Tabla de Contenido<\/p>\n<span class=\"ez-toc-title-toggle\"><a href=\"#\" class=\"ez-toc-pull-right ez-toc-btn ez-toc-btn-xs ez-toc-btn-default ez-toc-toggle\" aria-label=\"Alternar tabla de contenidos\"><span class=\"ez-toc-js-icon-con\"><span class=\"\"><span class=\"eztoc-hide\" style=\"display:none;\">Toggle<\/span><span class=\"ez-toc-icon-toggle-span\"><svg style=\"fill: #db6415;color:#db6415\" xmlns=\"http:\/\/www.w3.org\/2000\/svg\" class=\"list-377408\" width=\"20px\" height=\"20px\" viewBox=\"0 0 24 24\" fill=\"none\"><path d=\"M6 6H4v2h2V6zm14 0H8v2h12V6zM4 11h2v2H4v-2zm16 0H8v2h12v-2zM4 16h2v2H4v-2zm16 0H8v2h12v-2z\" fill=\"currentColor\"><\/path><\/svg><svg style=\"fill: #db6415;color:#db6415\" class=\"arrow-unsorted-368013\" xmlns=\"http:\/\/www.w3.org\/2000\/svg\" width=\"10px\" height=\"10px\" viewBox=\"0 0 24 24\" version=\"1.2\" baseProfile=\"tiny\"><path d=\"M18.2 9.3l-6.2-6.3-6.2 6.3c-.2.2-.3.4-.3.7s.1.5.3.7c.2.2.4.3.7.3h11c.3 0 .5-.1.7-.3.2-.2.3-.5.3-.7s-.1-.5-.3-.7zM5.8 14.7l6.2 6.3 6.2-6.3c.2-.2.3-.5.3-.7s-.1-.5-.3-.7c-.2-.2-.4-.3-.7-.3h-11c-.3 0-.5.1-.7.3-.2.2-.3.5-.3.7s.1.5.3.7z\"\/><\/svg><\/span><\/span><\/span><\/a><\/span><\/div>\n<nav><ul class='ez-toc-list ez-toc-list-level-1 ' ><li class='ez-toc-page-1 ez-toc-heading-level-2'><a class=\"ez-toc-link ez-toc-heading-1\" href=\"https:\/\/idecesos.com\/seguros\/companias\/banco-targobank\/prima-natural\/#Coberturas_seguro_Prima_Natural_Targobank\" >Coberturas seguro Prima Natural Targobank<\/a><ul class='ez-toc-list-level-3' ><li class='ez-toc-heading-level-3'><a class=\"ez-toc-link ez-toc-heading-2\" href=\"https:\/\/idecesos.com\/seguros\/companias\/banco-targobank\/prima-natural\/#%C2%BFA_quien_va_dirigido_el_seguro_de_decesos_Prima_Natural_de_Targobank\" >\u00bfA qui\u00e9n va dirigido el seguro de decesos Prima Natural de Targobank?<\/a><\/li><\/ul><\/li><li class='ez-toc-page-1 ez-toc-heading-level-2'><a class=\"ez-toc-link ez-toc-heading-3\" href=\"https:\/\/idecesos.com\/seguros\/companias\/banco-targobank\/prima-natural\/#Precio_de_seguro_de_decesos_Prima_Natural_Targobank\" >Precio de seguro de decesos Prima Natural Targobank<\/a><\/li><li class='ez-toc-page-1 ez-toc-heading-level-2'><a class=\"ez-toc-link ez-toc-heading-4\" href=\"https:\/\/idecesos.com\/seguros\/companias\/banco-targobank\/prima-natural\/#Productos_Prima_Natural_Targobank\" >Productos Prima Natural Targobank<\/a><\/li><li class='ez-toc-page-1 ez-toc-heading-level-2'><a class=\"ez-toc-link ez-toc-heading-5\" href=\"https:\/\/idecesos.com\/seguros\/companias\/banco-targobank\/prima-natural\/#Opiniones_del_seguro_de_decesos_de_Prima_Natural_de_Targobank\" >Opiniones del seguro de decesos de Prima Natural de Targobank<\/a><ul class='ez-toc-list-level-3' ><li class='ez-toc-heading-level-3'><a class=\"ez-toc-link ez-toc-heading-6\" href=\"https:\/\/idecesos.com\/seguros\/companias\/banco-targobank\/prima-natural\/#Paginas_relacionadas\" >P\u00e1ginas relacionadas<\/a><\/li><\/ul><\/li><\/ul><\/nav><\/div>\n\n<p>Algunos especialistas en el sector explican de forma breve en qu\u00e9 consiste el seguro de decesos de prima natural de Targobank. Dejando todo de manera m\u00e1s clara. Dentro del seguro de prima natural de Targobank los principales puntos que se tomar\u00e1 en cuenta la edad del asegurado como d\u00f3nde radique y el servicio funerario sea el m\u00e1s econ\u00f3micos. Asimismo, el precio tambi\u00e9n va asociado al incremento del valor de los servicios funerarios asociados en cada localidad, y acostumbran a cambiar. El pago de prima natural de Targobank resulta financieramente econ\u00f3mico que todos optan por esta p\u00f3liza. <\/p>\n<p>Leer m\u00e1s: <a href=\"https:\/\/idecesos.com\/seguros\/tipo\/natural\/\">Seguro de decesos Prima Natural<\/a><\/p>\n<div class=\"colorf \"  ><div class=\"container clearfix\"><div class=\"col-md-7\"><\/p>\n<h2><span class=\"ez-toc-section\" id=\"Coberturas_seguro_Prima_Natural_Targobank\"><\/span>Coberturas seguro Prima Natural Targobank<span class=\"ez-toc-section-end\"><\/span><\/h2>\n<p>\u00bfQu\u00e9 cubre el seguro de decesos de prima natural de Targobank? es el interrogante m\u00e1s repetida entre los interesados en este producto tan atrayente por su baja prima. Targobank con el seguro de prima natural, se encargan de dar tranquilidad a sus clientes del servicio, respecto a las coberturas que contiene al completo, el servicio de sepelio es uno de los servicios que queda absolutamente cubierto como cualquier tr\u00e1mite legal pertinente. Targobank cubre desplazamientos desde hospital o sitio del suceso y todos los trayectos necesarios para un entierro, aparte de la funeraria, tanatorio, flores, acto religioso, ata\u00fad, urna, entierro o bien incineraci\u00f3n, y servicio de gestor\u00eda frente a la administraci\u00f3n p\u00fablica en todo lo relativo al deceso. El seguro de prima natural Targobank cuenta con unas coberturas complementarias para sus asegurados, puedan beneficiarse de ello a lo largo de la permanencia con Targobank. Uno de los motivos que eligiera Targobank es por todo lo que lo forma. <\/p>\n<p><\/div><\/div><\/div>\n<h3><span class=\"ez-toc-section\" id=\"%C2%BFA_quien_va_dirigido_el_seguro_de_decesos_Prima_Natural_de_Targobank\"><\/span>\u00bfA qui\u00e9n va dirigido el seguro de decesos Prima Natural de Targobank?<span class=\"ez-toc-section-end\"><\/span><\/h3>\n<p>La mayor parte de clientes del servicio que opta por esta p\u00f3liza de prima natural de Targobank es por las coberturas que le cubrir\u00e1n en cualquier situaci\u00f3n y adem\u00e1s resulte financieramente asequible de abonar. Cuando va pasando el tiempo la mayor\u00eda de los clientes empiezan a decantarse por otro tipo de prima del cual no ocurre tantas subidas diferentes de precio. <\/p>\n<div class=\"colorf \"  ><div class=\"container clearfix\"><div class=\"col-md-7\"><\/p>\n<h2><span class=\"ez-toc-section\" id=\"Precio_de_seguro_de_decesos_Prima_Natural_Targobank\"><\/span>Precio de seguro de decesos Prima Natural Targobank<span class=\"ez-toc-section-end\"><\/span><\/h2>\n<p>El precio estimado es de 20,05\u20ac anuales el seguro de prima natural en Targobank. Se tomar\u00e1 como primordiales peculiaridades la edad de una persona joven y la localidad donde se realicen servicios funerarios m\u00e1s econ\u00f3micos. Antes de realizar la contrataci\u00f3n del seguro de prima nivelada Targobank es esencial saber los diferentes precios que hay en el mercado para que puedas equipararlas y poder escoger el m\u00e1s acertado iDecesos te la soluci\u00f3n en menos de 1 minuto. <\/p>\n<p><\/div><\/div><\/div>\n<h2><span class=\"ez-toc-section\" id=\"Productos_Prima_Natural_Targobank\"><\/span>Productos Prima Natural Targobank<span class=\"ez-toc-section-end\"><\/span><\/h2>\n<div class=\"colorf\"><div class=\"container clearfix\"><div class=\"col-md-7\"><div class=\"opiniones\">\n<h2><span class=\"ez-toc-section\" id=\"Opiniones_del_seguro_de_decesos_de_Prima_Natural_de_Targobank\"><\/span>Opiniones del seguro de decesos de Prima Natural de Targobank<span class=\"ez-toc-section-end\"><\/span><\/h2>\n<div class=\"opinion \"  >\n\t\t\t<div class=\"cabecera_opinion\">\n\t\t\t\t<div class=\"avatar\">L H <\/div>\n\t\t\t\t<div class=\"datos_opinion\">\n\t\t\t\t\t<div class=\"nombre_opinion\">Lizeth Hilo<\/div>\n\t\t\t\t\t<div class=\"info_opinion\">\t\t\t\t\t\t\n\t\t\t\t\t\t<div class=\"cuenta_opinion\"><i class=\"fas fa-pencil-alt\"><\/i><!--span class=\"dashicons dashicons-edit\" style=\"font-size:20px\"><\/span--><span>1 Opini\u00f3n<\/span><\/div>\t\t\t\t\t\t\n\t\t\t\t\t\t<div class=\"localizacion_opinion\">\n\t\t\t\t\t\t\t<i class=\"fas fa-map-marker-alt\"><\/i><!--span class=\"dashicons dashicons-location\" style=\"font-size:20px\"><\/span-->\n\t\t\t\t\t\t\t<span>ES<\/span>\n\t\t\t\t\t\t<\/div>\t\n\t\t\t\t\t<\/div>\n\t\t\t\t<\/div>\n\t\t\t<\/div><div class=\"texto_opinion\"><\/p>\n<p>Muy recomendable Targobank prima natural, todo muy correcto.<\/p>\n<p><\/div><\/div>\n<div class=\"opinion \"  >\n\t\t\t<div class=\"cabecera_opinion\">\n\t\t\t\t<div class=\"avatar\">S A <\/div>\n\t\t\t\t<div class=\"datos_opinion\">\n\t\t\t\t\t<div class=\"nombre_opinion\">Saturnina Adriana<\/div>\n\t\t\t\t\t<div class=\"info_opinion\">\t\t\t\t\t\t\n\t\t\t\t\t\t<div class=\"cuenta_opinion\"><i class=\"fas fa-pencil-alt\"><\/i><!--span class=\"dashicons dashicons-edit\" style=\"font-size:20px\"><\/span--><span>1 Opini\u00f3n<\/span><\/div>\t\t\t\t\t\t\n\t\t\t\t\t\t<div class=\"localizacion_opinion\">\n\t\t\t\t\t\t\t<i class=\"fas fa-map-marker-alt\"><\/i><!--span class=\"dashicons dashicons-location\" style=\"font-size:20px\"><\/span-->\n\t\t\t\t\t\t\t<span>ES<\/span>\n\t\t\t\t\t\t<\/div>\t\n\t\t\t\t\t<\/div>\n\t\t\t\t<\/div>\n\t\t\t<\/div><div class=\"texto_opinion\"><\/p>\n<p>Con iDecesos al realizar las comparaciones decid\u00ed escoger Targobank el seguro de prima natural, por lo que estoy muy contenta por el precio tan accesible y las coberturas que cubren todo al 100 por ciento lo que necesitaba.<\/p>\n<p><\/div><\/div>\n<div class=\"opinion \"  >\n\t\t\t<div class=\"cabecera_opinion\">\n\t\t\t\t<div class=\"avatar\">J G <\/div>\n\t\t\t\t<div class=\"datos_opinion\">\n\t\t\t\t\t<div class=\"nombre_opinion\">Jordana Garc\u00eda<\/div>\n\t\t\t\t\t<div class=\"info_opinion\">\t\t\t\t\t\t\n\t\t\t\t\t\t<div class=\"cuenta_opinion\"><i class=\"fas fa-pencil-alt\"><\/i><!--span class=\"dashicons dashicons-edit\" style=\"font-size:20px\"><\/span--><span>1 Opini\u00f3n<\/span><\/div>\t\t\t\t\t\t\n\t\t\t\t\t\t<div class=\"localizacion_opinion\">\n\t\t\t\t\t\t\t<i class=\"fas fa-map-marker-alt\"><\/i><!--span class=\"dashicons dashicons-location\" style=\"font-size:20px\"><\/span-->\n\t\t\t\t\t\t\t<span>ES<\/span>\n\t\t\t\t\t\t<\/div>\t\n\t\t\t\t\t<\/div>\n\t\t\t\t<\/div>\n\t\t\t<\/div><div class=\"texto_opinion\"><\/p>\n<p>Aconsejo siempre y en toda circunstancia a mis conocidos el seguro de prima natural de Targobank por sus geniales coberturas de este modo como la atenci\u00f3n al cliente y dedicaci\u00f3n que dan.<\/p>\n<p><\/div><\/div>\n<\/div><\/div><\/div><\/div>\n<p><div class=\"oficinas\"><br \/>\n<h3><span class=\"ez-toc-section\" id=\"Paginas_relacionadas\"><\/span>P\u00e1ginas relacionadas<span class=\"ez-toc-section-end\"><\/span><\/h3><div class=\"enlazado\"><ul> <li><a href=\"https:\/\/idecesos.com\/seguros\/companias\/banco-targobank\/opiniones\/\">Opiniones Targobank<\/a><\/li> <li><a href=\"https:\/\/idecesos.com\/seguros\/companias\/banco-targobank\/precio\/\">Precio seguro Targobank<\/a><\/li> <li><a href=\"https:\/\/idecesos.com\/seguros\/companias\/banco-targobank\/prima-mixta\/\">Targobank Prima Mixta<\/a><\/li> <li><a href=\"https:\/\/idecesos.com\/seguros\/companias\/banco-targobank\/prima-natural\/\">Targobank Prima Natural<\/a><\/li> <li><a href=\"https:\/\/idecesos.com\/seguros\/companias\/banco-targobank\/prima-nivelada\/\">Targobank Prima Nivelada<\/a><\/li> <li><a href=\"https:\/\/idecesos.com\/seguros\/companias\/banco-targobank\/prima-unica\/\">Targobank Prima \u00danica<\/a><\/li> <li><a href=\"https:\/\/idecesos.com\/seguros\/companias\/banco-targobank\/repatriacion\/\">Targobank Repatriaci\u00f3n<\/a><\/li> <li><a href=\"https:\/\/idecesos.com\/seguros\/companias\/banco-targobank\/telefono\/\">Tel\u00e9fono Gratuito Targobank<\/a><\/li><\/ul><\/div><\/p>\n<\/div>\n","protected":false},"excerpt":{"rendered":"<p>Algunos especialistas en el sector explican de forma breve en qu\u00e9 consiste el seguro de decesos de prima natural de Targobank. Dejando todo de manera m\u00e1s clara. Dentro del seguro de prima natural de Targobank los principales puntos que se tomar\u00e1 en cuenta la edad del asegurado como d\u00f3nde radique y el servicio funerario sea&hellip; <\/p>\n","protected":false},"author":3,"featured_media":0,"parent":279,"menu_order":0,"comment_status":"closed","ping_status":"closed","template":"single.php","meta":{"footnotes":""},"class_list":["post-11503","page","type-page","status-publish","hentry"],"yoast_head":"<!-- This site is optimized with the Yoast SEO plugin v27.4 - https:\/\/yoast.com\/product\/yoast-seo-wordpress\/ -->\n<title>Seguro Decesos Targobank Prima Natural \u25b7 Opiniones y Precio 2026<\/title>\n<meta name=\"description\" content=\"Click aqu\u00ed \u3010Seguro de Decesos Prima Natural Targobank\u3011 Mejores precios Targobank seguro de fallecidos Prima Natural \u2611\ufe0f Actualizado por iDecesos\u00ae\" \/>\n<meta name=\"robots\" content=\"index, follow, max-snippet:-1, max-image-preview:large, max-video-preview:-1\" \/>\n<link rel=\"canonical\" href=\"https:\/\/idecesos.com\/seguros\/companias\/banco-targobank\/prima-natural\/\" \/>\n<meta property=\"og:locale\" content=\"es_ES\" \/>\n<meta property=\"og:type\" content=\"article\" \/>\n<meta property=\"og:title\" content=\"Seguro Decesos Targobank Prima Natural \u25b7 Opiniones y Precio 2026\" \/>\n<meta property=\"og:description\" content=\"Click aqu\u00ed \u3010Seguro de Decesos Prima Natural Targobank\u3011 Mejores precios Targobank seguro de fallecidos Prima Natural \u2611\ufe0f Actualizado por iDecesos\u00ae\" \/>\n<meta property=\"og:url\" content=\"https:\/\/idecesos.com\/seguros\/companias\/banco-targobank\/prima-natural\/\" \/>\n<meta property=\"article:modified_time\" content=\"2022-01-03T12:31:47+00:00\" \/>\n<meta name=\"twitter:card\" content=\"summary_large_image\" \/>\n<meta name=\"twitter:label1\" content=\"Tiempo de lectura\" \/>\n\t<meta name=\"twitter:data1\" content=\"54 minutos\" \/>\n<script type=\"application\/ld+json\" class=\"yoast-schema-graph\">{\"@context\":\"https:\\\/\\\/schema.org\",\"@graph\":[{\"@type\":\"WebPage\",\"@id\":\"https:\\\/\\\/idecesos.com\\\/seguros\\\/companias\\\/banco-targobank\\\/prima-natural\\\/\",\"url\":\"https:\\\/\\\/idecesos.com\\\/seguros\\\/companias\\\/banco-targobank\\\/prima-natural\\\/\",\"name\":\"Seguro Decesos Targobank Prima Natural \u25b7 Opiniones y Precio 2026\",\"isPartOf\":{\"@id\":\"https:\\\/\\\/idecesos.com\\\/seguros\\\/#website\"},\"datePublished\":\"2021-11-08T00:00:00+00:00\",\"dateModified\":\"2022-01-03T12:31:47+00:00\",\"description\":\"Click aqu\u00ed \u3010Seguro de Decesos Prima Natural Targobank\u3011 Mejores precios Targobank seguro de fallecidos Prima Natural \u2611\ufe0f Actualizado por iDecesos\u00ae\",\"breadcrumb\":{\"@id\":\"https:\\\/\\\/idecesos.com\\\/seguros\\\/companias\\\/banco-targobank\\\/prima-natural\\\/#breadcrumb\"},\"inLanguage\":\"es\",\"potentialAction\":[{\"@type\":\"ReadAction\",\"target\":[\"https:\\\/\\\/idecesos.com\\\/seguros\\\/companias\\\/banco-targobank\\\/prima-natural\\\/\"]}]},{\"@type\":\"BreadcrumbList\",\"@id\":\"https:\\\/\\\/idecesos.com\\\/seguros\\\/companias\\\/banco-targobank\\\/prima-natural\\\/#breadcrumb\",\"itemListElement\":[{\"@type\":\"ListItem\",\"position\":1,\"name\":\"Portada\",\"item\":\"https:\\\/\\\/idecesos.com\\\/seguros\\\/\"},{\"@type\":\"ListItem\",\"position\":2,\"name\":\"Compa\u00f1\u00edas de Seguros de Decesos en Espa\u00f1a\",\"item\":\"https:\\\/\\\/idecesos.com\\\/seguros\\\/companias\\\/\"},{\"@type\":\"ListItem\",\"position\":3,\"name\":\"Seguro de decesos Targobank\",\"item\":\"https:\\\/\\\/idecesos.com\\\/seguros\\\/companias\\\/banco-targobank\\\/\"},{\"@type\":\"ListItem\",\"position\":4,\"name\":\"Seguro de decesos Targobank Prima Natural\"}]},{\"@type\":\"WebSite\",\"@id\":\"https:\\\/\\\/idecesos.com\\\/seguros\\\/#website\",\"url\":\"https:\\\/\\\/idecesos.com\\\/seguros\\\/\",\"name\":\"\",\"description\":\"\",\"potentialAction\":[{\"@type\":\"SearchAction\",\"target\":{\"@type\":\"EntryPoint\",\"urlTemplate\":\"https:\\\/\\\/idecesos.com\\\/seguros\\\/?s={search_term_string}\"},\"query-input\":{\"@type\":\"PropertyValueSpecification\",\"valueRequired\":true,\"valueName\":\"search_term_string\"}}],\"inLanguage\":\"es\"}]}<\/script>\n<!-- \/ Yoast SEO plugin. -->","yoast_head_json":{"title":"Seguro Decesos Targobank Prima Natural \u25b7 Opiniones y Precio 2026","description":"Click aqu\u00ed \u3010Seguro de Decesos Prima Natural Targobank\u3011 Mejores precios Targobank seguro de fallecidos Prima Natural \u2611\ufe0f Actualizado por iDecesos\u00ae","robots":{"index":"index","follow":"follow","max-snippet":"max-snippet:-1","max-image-preview":"max-image-preview:large","max-video-preview":"max-video-preview:-1"},"canonical":"https:\/\/idecesos.com\/seguros\/companias\/banco-targobank\/prima-natural\/","og_locale":"es_ES","og_type":"article","og_title":"Seguro Decesos Targobank Prima Natural \u25b7 Opiniones y Precio 2026","og_description":"Click aqu\u00ed \u3010Seguro de Decesos Prima Natural Targobank\u3011 Mejores precios Targobank seguro de fallecidos Prima Natural \u2611\ufe0f Actualizado por iDecesos\u00ae","og_url":"https:\/\/idecesos.com\/seguros\/companias\/banco-targobank\/prima-natural\/","article_modified_time":"2022-01-03T12:31:47+00:00","twitter_card":"summary_large_image","twitter_misc":{"Tiempo de lectura":"54 minutos"},"schema":{"@context":"https:\/\/schema.org","@graph":[{"@type":"WebPage","@id":"https:\/\/idecesos.com\/seguros\/companias\/banco-targobank\/prima-natural\/","url":"https:\/\/idecesos.com\/seguros\/companias\/banco-targobank\/prima-natural\/","name":"Seguro Decesos Targobank Prima Natural \u25b7 Opiniones y Precio 2026","isPartOf":{"@id":"https:\/\/idecesos.com\/seguros\/#website"},"datePublished":"2021-11-08T00:00:00+00:00","dateModified":"2022-01-03T12:31:47+00:00","description":"Click aqu\u00ed \u3010Seguro de Decesos Prima Natural Targobank\u3011 Mejores precios Targobank seguro de fallecidos Prima Natural \u2611\ufe0f Actualizado por iDecesos\u00ae","breadcrumb":{"@id":"https:\/\/idecesos.com\/seguros\/companias\/banco-targobank\/prima-natural\/#breadcrumb"},"inLanguage":"es","potentialAction":[{"@type":"ReadAction","target":["https:\/\/idecesos.com\/seguros\/companias\/banco-targobank\/prima-natural\/"]}]},{"@type":"BreadcrumbList","@id":"https:\/\/idecesos.com\/seguros\/companias\/banco-targobank\/prima-natural\/#breadcrumb","itemListElement":[{"@type":"ListItem","position":1,"name":"Portada","item":"https:\/\/idecesos.com\/seguros\/"},{"@type":"ListItem","position":2,"name":"Compa\u00f1\u00edas de Seguros de Decesos en Espa\u00f1a","item":"https:\/\/idecesos.com\/seguros\/companias\/"},{"@type":"ListItem","position":3,"name":"Seguro de decesos Targobank","item":"https:\/\/idecesos.com\/seguros\/companias\/banco-targobank\/"},{"@type":"ListItem","position":4,"name":"Seguro de decesos Targobank Prima Natural"}]},{"@type":"WebSite","@id":"https:\/\/idecesos.com\/seguros\/#website","url":"https:\/\/idecesos.com\/seguros\/","name":"","description":"","potentialAction":[{"@type":"SearchAction","target":{"@type":"EntryPoint","urlTemplate":"https:\/\/idecesos.com\/seguros\/?s={search_term_string}"},"query-input":{"@type":"PropertyValueSpecification","valueRequired":true,"valueName":"search_term_string"}}],"inLanguage":"es"}]}},"_links":{"self":[{"href":"https:\/\/idecesos.com\/seguros\/wp-json\/wp\/v2\/pages\/11503","targetHints":{"allow":["GET"]}}],"collection":[{"href":"https:\/\/idecesos.com\/seguros\/wp-json\/wp\/v2\/pages"}],"about":[{"href":"https:\/\/idecesos.com\/seguros\/wp-json\/wp\/v2\/types\/page"}],"author":[{"embeddable":true,"href":"https:\/\/idecesos.com\/seguros\/wp-json\/wp\/v2\/users\/3"}],"replies":[{"embeddable":true,"href":"https:\/\/idecesos.com\/seguros\/wp-json\/wp\/v2\/comments?post=11503"}],"version-history":[{"count":1,"href":"https:\/\/idecesos.com\/seguros\/wp-json\/wp\/v2\/pages\/11503\/revisions"}],"predecessor-version":[{"id":13008,"href":"https:\/\/idecesos.com\/seguros\/wp-json\/wp\/v2\/pages\/11503\/revisions\/13008"}],"up":[{"embeddable":true,"href":"https:\/\/idecesos.com\/seguros\/wp-json\/wp\/v2\/pages\/279"}],"wp:attachment":[{"href":"https:\/\/idecesos.com\/seguros\/wp-json\/wp\/v2\/media?parent=11503"}],"curies":[{"name":"wp","href":"https:\/\/api.w.org\/{rel}","templated":true}]}}