{"id":11511,"date":"2021-11-09T00:00:00","date_gmt":"2021-11-09T00:00:00","guid":{"rendered":"https:\/\/idecesos.com\/seguros\/?page_id=11511"},"modified":"2022-04-06T18:17:50","modified_gmt":"2022-04-06T18:17:50","slug":"prima-nivelada","status":"publish","type":"page","link":"https:\/\/idecesos.com\/seguros\/companias\/banco-mutua-madrilena\/prima-nivelada\/","title":{"rendered":"Seguro de decesos Mutua Madrile\u00f1a Prima Nivelada"},"content":{"rendered":"<div id=\"ez-toc-container\" class=\"ez-toc-v2_0_83 ez-toc-wrap-center counter-hierarchy ez-toc-counter ez-toc-custom ez-toc-container-direction\">\n<div class=\"ez-toc-title-container\">\n<p class=\"ez-toc-title\" style=\"cursor:inherit\">Tabla de Contenido<\/p>\n<span class=\"ez-toc-title-toggle\"><a href=\"#\" class=\"ez-toc-pull-right ez-toc-btn ez-toc-btn-xs ez-toc-btn-default ez-toc-toggle\" aria-label=\"Alternar tabla de contenidos\"><span class=\"ez-toc-js-icon-con\"><span class=\"\"><span class=\"eztoc-hide\" style=\"display:none;\">Toggle<\/span><span class=\"ez-toc-icon-toggle-span\"><svg style=\"fill: #db6415;color:#db6415\" xmlns=\"http:\/\/www.w3.org\/2000\/svg\" class=\"list-377408\" width=\"20px\" height=\"20px\" viewBox=\"0 0 24 24\" fill=\"none\"><path d=\"M6 6H4v2h2V6zm14 0H8v2h12V6zM4 11h2v2H4v-2zm16 0H8v2h12v-2zM4 16h2v2H4v-2zm16 0H8v2h12v-2z\" fill=\"currentColor\"><\/path><\/svg><svg style=\"fill: #db6415;color:#db6415\" class=\"arrow-unsorted-368013\" xmlns=\"http:\/\/www.w3.org\/2000\/svg\" width=\"10px\" height=\"10px\" viewBox=\"0 0 24 24\" version=\"1.2\" baseProfile=\"tiny\"><path d=\"M18.2 9.3l-6.2-6.3-6.2 6.3c-.2.2-.3.4-.3.7s.1.5.3.7c.2.2.4.3.7.3h11c.3 0 .5-.1.7-.3.2-.2.3-.5.3-.7s-.1-.5-.3-.7zM5.8 14.7l6.2 6.3 6.2-6.3c.2-.2.3-.5.3-.7s-.1-.5-.3-.7c-.2-.2-.4-.3-.7-.3h-11c-.3 0-.5.1-.7.3-.2.2-.3.5-.3.7s.1.5.3.7z\"\/><\/svg><\/span><\/span><\/span><\/a><\/span><\/div>\n<nav><ul class='ez-toc-list ez-toc-list-level-1 ' ><li class='ez-toc-page-1 ez-toc-heading-level-2'><a class=\"ez-toc-link ez-toc-heading-1\" href=\"https:\/\/idecesos.com\/seguros\/companias\/banco-mutua-madrilena\/prima-nivelada\/#Coberturas_seguro_Prima_Nivelada_Mutua_Madrilena\" >Coberturas seguro Prima Nivelada Mutua Madrile\u00f1a<\/a><ul class='ez-toc-list-level-3' ><li class='ez-toc-heading-level-3'><a class=\"ez-toc-link ez-toc-heading-2\" href=\"https:\/\/idecesos.com\/seguros\/companias\/banco-mutua-madrilena\/prima-nivelada\/#%C2%BFA_quien_va_dirigido_el_seguro_de_decesos_Prima_Nivelada_de_Mutua_Madrilena\" >\u00bfA qui\u00e9n va dirigido el seguro de decesos Prima Nivelada de Mutua Madrile\u00f1a?<\/a><\/li><\/ul><\/li><li class='ez-toc-page-1 ez-toc-heading-level-2'><a class=\"ez-toc-link ez-toc-heading-3\" href=\"https:\/\/idecesos.com\/seguros\/companias\/banco-mutua-madrilena\/prima-nivelada\/#Precio_de_seguro_de_decesos_Prima_Nivelada_Mutua_Madrilena\" >Precio de seguro de decesos Prima Nivelada Mutua Madrile\u00f1a<\/a><\/li><li class='ez-toc-page-1 ez-toc-heading-level-2'><a class=\"ez-toc-link ez-toc-heading-4\" href=\"https:\/\/idecesos.com\/seguros\/companias\/banco-mutua-madrilena\/prima-nivelada\/#Productos_Prima_Nivelada_Mutua_Madrilena\" >Productos Prima Nivelada Mutua Madrile\u00f1a<\/a><\/li><li class='ez-toc-page-1 ez-toc-heading-level-2'><a class=\"ez-toc-link ez-toc-heading-5\" href=\"https:\/\/idecesos.com\/seguros\/companias\/banco-mutua-madrilena\/prima-nivelada\/#Opiniones_del_seguro_de_decesos_de_Prima_Nivelada_de_Mutua_Madrilena\" >Opiniones del seguro de decesos de Prima Nivelada de Mutua Madrile\u00f1a<\/a><\/li><\/ul><\/nav><\/div>\n\n<p>El seguro de decesos de prima nivelada Mutua Madrile\u00f1a es una modalidad en la que Mutua Madrile\u00f1a se compromete a mantener la prima incesante durante toda la vida que te sostengas de usuario en la compa\u00f1\u00eda aseguradora, para la suma asegurada del servicio funerario contratado al inicio del seguro. Para las renovaciones pr\u00f3ximas respecto al c\u00e1lculo de la suma asegurada, se tendr\u00e1 en cuenta a la hora que efectu\u00f3 la contrataci\u00f3n con Mutua Madrile\u00f1a se va a tomar como referencia la edad. Dentro del c\u00e1lculo de la compa\u00f1\u00eda de manera imprevista la p\u00f3liza agregar\u00e1 una tasa continua conveniente a la edad conseguida.<\/p>\n<p>Leer m\u00e1s: <a href=\"https:\/\/idecesos.com\/seguros\/tipo\/nivelada\/\">Seguro de decesos Prima Nivelada<\/a><\/p>\n<div class=\"colorf \"  ><div class=\"container clearfix\"><div class=\"col-md-7\"><\/p>\n<h2><span class=\"ez-toc-section\" id=\"Coberturas_seguro_Prima_Nivelada_Mutua_Madrilena\"><\/span>Coberturas seguro Prima Nivelada Mutua Madrile\u00f1a<span class=\"ez-toc-section-end\"><\/span><\/h2>\n<p>La prima nivelada Mutua Madrile\u00f1a es de lo mejor para dejar todo bajo control puesto que sus coberturas son convenientes y de manera expresa explicadas. En las coberturas del segura de prima nivelada Mutua Madrile\u00f1a que presentan, vienen explicadas en el condicionado general, vas a poder conseguirlo de forma m\u00e1s detallada y observar los diferentes servicios que conllevan, como en el caso del servicio funerario de forma completa hasta acondicionamiento del tanatorio o servicio religioso. Administrar uno mismo las tramitaciones del fallecido no es cosa simple, en tanto que se debe tener un estricto control de ello, y ejecutarlo de la manera m\u00e1s conveniente a fin de que ocurra ning\u00fan inconveniente m\u00e1s adelante, merced a la asegurada gestiona todo eso de manera veloz y sencilla, se encargaran de llevar a cabo toda la tramitaci\u00f3n burocr\u00e1tica. Para mayor claridad en las coberturas del seguro de prima nivelada de Mutua Madrile\u00f1a cotejarlas en un minuto en iDecesos y veras de un s\u00f3lo vistazo los beneficios e inconvenientes respecto a otras ofertas.<\/p>\n<p><\/div><\/div><\/div>\n<h3><span class=\"ez-toc-section\" id=\"%C2%BFA_quien_va_dirigido_el_seguro_de_decesos_Prima_Nivelada_de_Mutua_Madrilena\"><\/span>\u00bfA qui\u00e9n va dirigido el seguro de decesos Prima Nivelada de Mutua Madrile\u00f1a?<span class=\"ez-toc-section-end\"><\/span><\/h3>\n<p>\u00bfCu\u00e1l es el seguro que mejor se adapta al nivel econ\u00f3mico? El seguro de prima nivelada Mutua Madrile\u00f1a es de las mejores contratadas puesto que se adapta al mundo entero. El 90 por ciento de las personas que adquieren esta clase de p\u00f3liza son mayores ya que quieren tener una cuota constante que no var\u00ede con los a\u00f1os. Siendo las que mejor valoraci\u00f3n ha logrado, por la satisfacci\u00f3n de cada usuario, la mayor parte escoge esta modalidad.<\/p>\n<div class=\"colorf \"  ><div class=\"container clearfix\"><div class=\"col-md-7\"><\/p>\n<h2><span class=\"ez-toc-section\" id=\"Precio_de_seguro_de_decesos_Prima_Nivelada_Mutua_Madrilena\"><\/span>Precio de seguro de decesos Prima Nivelada Mutua Madrile\u00f1a<span class=\"ez-toc-section-end\"><\/span><\/h2>\n<p>Para calcular el precio final a abonar en el seguro de prima nivelada Mutua Madrile\u00f1a se coger\u00e1 como determinante en ciertos casos como podr\u00eda ser donde radica la persona que realice el seguro, el precio se hallar\u00e1 es desde 5,15\u20ac. En Mutua Madrile\u00f1a cuentan con el seguro de prima nivelada a un menor coste y un listado grande de todos los descuentos que disponen destacando en el mercado. Logra ahorrarse hasta un 70 por cien con la comparaci\u00f3n de los diferentes precios que hay dentro de la compa\u00f1\u00eda Mutua Madrile\u00f1a de prima nivelada. Conseguir\u00e1s ver los diferentes precios respecto a su competencia.<\/p>\n<p><\/div><\/div><\/div>\n<h2><span class=\"ez-toc-section\" id=\"Productos_Prima_Nivelada_Mutua_Madrilena\"><\/span>Productos Prima Nivelada Mutua Madrile\u00f1a<span class=\"ez-toc-section-end\"><\/span><\/h2>\n<div class=\"colorf\"><div class=\"container clearfix\"><div class=\"col-md-7\"><div class=\"opiniones\">\n<h2><span class=\"ez-toc-section\" id=\"Opiniones_del_seguro_de_decesos_de_Prima_Nivelada_de_Mutua_Madrilena\"><\/span>Opiniones del seguro de decesos de Prima Nivelada de Mutua Madrile\u00f1a<span class=\"ez-toc-section-end\"><\/span><\/h2>\n<p>La prima nivelada del seguro de decesos de Mutua Madrile\u00f1a resalta por obtener una de las creencias m\u00e1s fiables por iDecesos que dan comodidades a fin de que tengas el producto sin ning\u00fan problema, aparte de tener una asistencia de forma general. Adem\u00e1s ponen a predisposici\u00f3n de los interesados en la prima nivelada Mutua Madrile\u00f1a todas las comodidades de pago sin incrementos significativos en la prima. A fin de que los clientes consigan ciertas ventajas, Mutua Madrile\u00f1a de forma ocasional hace promociones y bonos descuentos muy exclusivos.<\/p>\n<div class=\"opinion \"  >\n\t\t\t<div class=\"cabecera_opinion\">\n\t\t\t\t<div class=\"avatar\">J X B <\/div>\n\t\t\t\t<div class=\"datos_opinion\">\n\t\t\t\t\t<div class=\"nombre_opinion\">Julieta Xiomara Bartolom\u00e9<\/div>\n\t\t\t\t\t<div class=\"info_opinion\">\t\t\t\t\t\t\n\t\t\t\t\t\t<div class=\"cuenta_opinion\"><i class=\"fas fa-pencil-alt\"><\/i><!--span class=\"dashicons dashicons-edit\" style=\"font-size:20px\"><\/span--><span>1 Opini\u00f3n<\/span><\/div>\t\t\t\t\t\t\n\t\t\t\t\t\t<div class=\"localizacion_opinion\">\n\t\t\t\t\t\t\t<i class=\"fas fa-map-marker-alt\"><\/i><!--span class=\"dashicons dashicons-location\" style=\"font-size:20px\"><\/span-->\n\t\t\t\t\t\t\t<span>ES<\/span>\n\t\t\t\t\t\t<\/div>\t\n\t\t\t\t\t<\/div>\n\t\t\t\t<\/div>\n\t\t\t<\/div><div class=\"texto_opinion\"><\/p>\n<p>Lo aconsejo puesto que me dieron una de las mejores coberturas tanto a mi como a mi familia, en el instante del suceso, no dudes con prima nivelada de Mutua Madrile\u00f1a, se hace cargo de todo. Hace unos meses falleci\u00f3 un familiar muy pr\u00f3ximo por lo que contaba con esta p\u00f3liza, es cierto que le dieron todas y cada una de las coberturas y dieron todas y cada una facilidades posibles en ese tan bastante dif\u00edcil de gestionar.<\/p>\n<p><\/div><\/div>\n<div class=\"opinion \"  >\n\t\t\t<div class=\"cabecera_opinion\">\n\t\t\t\t<div class=\"avatar\">J F <\/div>\n\t\t\t\t<div class=\"datos_opinion\">\n\t\t\t\t\t<div class=\"nombre_opinion\">Javi F\u00e9lix<\/div>\n\t\t\t\t\t<div class=\"info_opinion\">\t\t\t\t\t\t\n\t\t\t\t\t\t<div class=\"cuenta_opinion\"><i class=\"fas fa-pencil-alt\"><\/i><!--span class=\"dashicons dashicons-edit\" style=\"font-size:20px\"><\/span--><span>1 Opini\u00f3n<\/span><\/div>\t\t\t\t\t\t\n\t\t\t\t\t\t<div class=\"localizacion_opinion\">\n\t\t\t\t\t\t\t<i class=\"fas fa-map-marker-alt\"><\/i><!--span class=\"dashicons dashicons-location\" style=\"font-size:20px\"><\/span-->\n\t\t\t\t\t\t\t<span>ES<\/span>\n\t\t\t\t\t\t<\/div>\t\n\t\t\t\t\t<\/div>\n\t\t\t\t<\/div>\n\t\t\t<\/div><div class=\"texto_opinion\"><\/p>\n<p>Ten\u00eda a este respecto m\u00faltiples dudas sobre las coberturas que ofrecen en la p\u00f3liza, por lo que acud\u00ed a una de sus oficinas m\u00e1s cercanas, me atendieron profesionalmente, d\u00e1ndome tranquilidad y resolviendo sin duda todas y cada una mis cuestiones. Disponen de diferentes soluciones para cualquier circunstancia que pueda acontecer alg\u00fan g\u00e9nero de incidencia.<\/p>\n<p><\/div><\/div>\n<div class=\"opinion \"  >\n\t\t\t<div class=\"cabecera_opinion\">\n\t\t\t\t<div class=\"avatar\">A P <\/div>\n\t\t\t\t<div class=\"datos_opinion\">\n\t\t\t\t\t<div class=\"nombre_opinion\">Amor Pe\u00f1alver<\/div>\n\t\t\t\t\t<div class=\"info_opinion\">\t\t\t\t\t\t\n\t\t\t\t\t\t<div class=\"cuenta_opinion\"><i class=\"fas fa-pencil-alt\"><\/i><!--span class=\"dashicons dashicons-edit\" style=\"font-size:20px\"><\/span--><span>1 Opini\u00f3n<\/span><\/div>\t\t\t\t\t\t\n\t\t\t\t\t\t<div class=\"localizacion_opinion\">\n\t\t\t\t\t\t\t<i class=\"fas fa-map-marker-alt\"><\/i><!--span class=\"dashicons dashicons-location\" style=\"font-size:20px\"><\/span-->\n\t\t\t\t\t\t\t<span>ES<\/span>\n\t\t\t\t\t\t<\/div>\t\n\t\t\t\t\t<\/div>\n\t\t\t\t<\/div>\n\t\t\t<\/div><div class=\"texto_opinion\"><\/p>\n<p>Para mi punto de opini\u00f3n considero que Mutua Madrile\u00f1a con el seguro de prima nivelada es muy aconsejable, cuentan con unas coberturas muy amplias, uno de sus aconsejes me realiz\u00f3 un presupuesto \u00fanico y memorable, contando que siempre y en toda circunstancia es la misma tarifa quede muy contenta tanto con el servicio como todo cuanto me brinda Mutua Madrile\u00f1a, deseo incorporar que toda mi familia cuenta con esta empresa aseguradora.<\/p>\n<p><\/div><\/div>\n<\/div><\/div><\/div><\/div>\n<p><div class=\"oficinas\"><br \/>\n<!-- Shortcode [mutua-madrile%c3%b1a-hijas] does not exist --><\/p>\n<p><\/div> <h3>P\u00e1ginas relacionadas<\/h3><div class=\"enlazado\"><ul> <li><a href=\"https:\/\/idecesos.com\/seguros\/companias\/banco-mutua-madrilena\/opiniones\/\">Opiniones Mutua Madrile\u00f1a<\/a><\/li> <li><a href=\"https:\/\/idecesos.com\/seguros\/companias\/banco-mutua-madrilena\/precio\/\">Precio seguro Mutua Madrile\u00f1a<\/a><\/li> <li><a href=\"https:\/\/idecesos.com\/seguros\/companias\/banco-mutua-madrilena\/prima-mixta\/\">Mutua Madrile\u00f1a Prima Mixta<\/a><\/li> <li><a href=\"https:\/\/idecesos.com\/seguros\/companias\/banco-mutua-madrilena\/prima-natural\/\">Mutua Madrile\u00f1a Prima Natural<\/a><\/li> <li><a href=\"https:\/\/idecesos.com\/seguros\/companias\/banco-mutua-madrilena\/prima-nivelada\/\">Mutua Madrile\u00f1a Prima Nivelada<\/a><\/li> <li><a href=\"https:\/\/idecesos.com\/seguros\/companias\/banco-mutua-madrilena\/prima-unica\/\">Mutua Madrile\u00f1a Prima \u00danica<\/a><\/li> <li><a href=\"https:\/\/idecesos.com\/seguros\/companias\/banco-mutua-madrilena\/repatriacion\/\">Mutua Madrile\u00f1a Repatriaci\u00f3n<\/a><\/li> <li><a href=\"https:\/\/idecesos.com\/seguros\/companias\/banco-mutua-madrilena\/telefono\/\">Tel\u00e9fono Gratuito Mutua Madrile\u00f1a<\/a><\/li><\/ul><\/div><\/p>\n","protected":false},"excerpt":{"rendered":"<p>El seguro de decesos de prima nivelada Mutua Madrile\u00f1a es una modalidad en la que Mutua Madrile\u00f1a se compromete a mantener la prima incesante durante toda la vida que te sostengas de usuario en la compa\u00f1\u00eda aseguradora, para la suma asegurada del servicio funerario contratado al inicio del seguro. Para las renovaciones pr\u00f3ximas respecto al&hellip; <\/p>\n","protected":false},"author":3,"featured_media":0,"parent":294,"menu_order":0,"comment_status":"closed","ping_status":"closed","template":"single.php","meta":{"footnotes":""},"class_list":["post-11511","page","type-page","status-publish","hentry"],"yoast_head":"<!-- This site is optimized with the Yoast SEO plugin v27.5 - https:\/\/yoast.com\/product\/yoast-seo-wordpress\/ -->\n<title>Seguro Decesos Mutua Madrile\u00f1a Prima Nivelada \u25b7 Opiniones y Precio 2026<\/title>\n<meta name=\"description\" content=\"Click aqu\u00ed \u3010Seguro de Decesos Prima Nivelada Mutua Madrile\u00f1a\u3011 Mejores precios Mutua Madrile\u00f1a seguro de fallecidos Prima Nivelada \u2611\ufe0f Actualizado por iDecesos\u00ae\" \/>\n<meta name=\"robots\" content=\"index, follow, max-snippet:-1, max-image-preview:large, max-video-preview:-1\" \/>\n<link rel=\"canonical\" href=\"https:\/\/idecesos.com\/seguros\/companias\/banco-mutua-madrilena\/prima-nivelada\/\" \/>\n<meta property=\"og:locale\" content=\"es_ES\" \/>\n<meta property=\"og:type\" content=\"article\" \/>\n<meta property=\"og:title\" content=\"Seguro Decesos Mutua Madrile\u00f1a Prima Nivelada \u25b7 Opiniones y Precio 2026\" \/>\n<meta property=\"og:description\" content=\"Click aqu\u00ed \u3010Seguro de Decesos Prima Nivelada Mutua Madrile\u00f1a\u3011 Mejores precios Mutua Madrile\u00f1a seguro de fallecidos Prima Nivelada \u2611\ufe0f Actualizado por iDecesos\u00ae\" \/>\n<meta property=\"og:url\" content=\"https:\/\/idecesos.com\/seguros\/companias\/banco-mutua-madrilena\/prima-nivelada\/\" \/>\n<meta property=\"article:modified_time\" content=\"2022-04-06T18:17:50+00:00\" \/>\n<meta name=\"twitter:card\" content=\"summary_large_image\" \/>\n<meta name=\"twitter:label1\" content=\"Tiempo de lectura\" \/>\n\t<meta name=\"twitter:data1\" content=\"4 minutos\" \/>\n<script type=\"application\/ld+json\" class=\"yoast-schema-graph\">{\"@context\":\"https:\\\/\\\/schema.org\",\"@graph\":[{\"@type\":\"WebPage\",\"@id\":\"https:\\\/\\\/idecesos.com\\\/seguros\\\/companias\\\/banco-mutua-madrilena\\\/prima-nivelada\\\/\",\"url\":\"https:\\\/\\\/idecesos.com\\\/seguros\\\/companias\\\/banco-mutua-madrilena\\\/prima-nivelada\\\/\",\"name\":\"Seguro Decesos Mutua Madrile\u00f1a Prima Nivelada \u25b7 Opiniones y Precio 2026\",\"isPartOf\":{\"@id\":\"https:\\\/\\\/idecesos.com\\\/seguros\\\/#website\"},\"datePublished\":\"2021-11-09T00:00:00+00:00\",\"dateModified\":\"2022-04-06T18:17:50+00:00\",\"description\":\"Click aqu\u00ed \u3010Seguro de Decesos Prima Nivelada Mutua Madrile\u00f1a\u3011 Mejores precios Mutua Madrile\u00f1a seguro de fallecidos Prima Nivelada \u2611\ufe0f Actualizado por iDecesos\u00ae\",\"breadcrumb\":{\"@id\":\"https:\\\/\\\/idecesos.com\\\/seguros\\\/companias\\\/banco-mutua-madrilena\\\/prima-nivelada\\\/#breadcrumb\"},\"inLanguage\":\"es\",\"potentialAction\":[{\"@type\":\"ReadAction\",\"target\":[\"https:\\\/\\\/idecesos.com\\\/seguros\\\/companias\\\/banco-mutua-madrilena\\\/prima-nivelada\\\/\"]}]},{\"@type\":\"BreadcrumbList\",\"@id\":\"https:\\\/\\\/idecesos.com\\\/seguros\\\/companias\\\/banco-mutua-madrilena\\\/prima-nivelada\\\/#breadcrumb\",\"itemListElement\":[{\"@type\":\"ListItem\",\"position\":1,\"name\":\"Portada\",\"item\":\"https:\\\/\\\/idecesos.com\\\/seguros\\\/\"},{\"@type\":\"ListItem\",\"position\":2,\"name\":\"Compa\u00f1\u00edas de Seguros de Decesos en Espa\u00f1a\",\"item\":\"https:\\\/\\\/idecesos.com\\\/seguros\\\/companias\\\/\"},{\"@type\":\"ListItem\",\"position\":3,\"name\":\"Seguro de decesos Mutua Madrile\u00f1a\",\"item\":\"https:\\\/\\\/idecesos.com\\\/seguros\\\/companias\\\/banco-mutua-madrilena\\\/\"},{\"@type\":\"ListItem\",\"position\":4,\"name\":\"Seguro de decesos Mutua Madrile\u00f1a Prima Nivelada\"}]},{\"@type\":\"WebSite\",\"@id\":\"https:\\\/\\\/idecesos.com\\\/seguros\\\/#website\",\"url\":\"https:\\\/\\\/idecesos.com\\\/seguros\\\/\",\"name\":\"\",\"description\":\"\",\"potentialAction\":[{\"@type\":\"SearchAction\",\"target\":{\"@type\":\"EntryPoint\",\"urlTemplate\":\"https:\\\/\\\/idecesos.com\\\/seguros\\\/?s={search_term_string}\"},\"query-input\":{\"@type\":\"PropertyValueSpecification\",\"valueRequired\":true,\"valueName\":\"search_term_string\"}}],\"inLanguage\":\"es\"}]}<\/script>\n<!-- \/ Yoast SEO plugin. -->","yoast_head_json":{"title":"Seguro Decesos Mutua Madrile\u00f1a Prima Nivelada \u25b7 Opiniones y Precio 2026","description":"Click aqu\u00ed \u3010Seguro de Decesos Prima Nivelada Mutua Madrile\u00f1a\u3011 Mejores precios Mutua Madrile\u00f1a seguro de fallecidos Prima Nivelada \u2611\ufe0f Actualizado por iDecesos\u00ae","robots":{"index":"index","follow":"follow","max-snippet":"max-snippet:-1","max-image-preview":"max-image-preview:large","max-video-preview":"max-video-preview:-1"},"canonical":"https:\/\/idecesos.com\/seguros\/companias\/banco-mutua-madrilena\/prima-nivelada\/","og_locale":"es_ES","og_type":"article","og_title":"Seguro Decesos Mutua Madrile\u00f1a Prima Nivelada \u25b7 Opiniones y Precio 2026","og_description":"Click aqu\u00ed \u3010Seguro de Decesos Prima Nivelada Mutua Madrile\u00f1a\u3011 Mejores precios Mutua Madrile\u00f1a seguro de fallecidos Prima Nivelada \u2611\ufe0f Actualizado por iDecesos\u00ae","og_url":"https:\/\/idecesos.com\/seguros\/companias\/banco-mutua-madrilena\/prima-nivelada\/","article_modified_time":"2022-04-06T18:17:50+00:00","twitter_card":"summary_large_image","twitter_misc":{"Tiempo de lectura":"4 minutos"},"schema":{"@context":"https:\/\/schema.org","@graph":[{"@type":"WebPage","@id":"https:\/\/idecesos.com\/seguros\/companias\/banco-mutua-madrilena\/prima-nivelada\/","url":"https:\/\/idecesos.com\/seguros\/companias\/banco-mutua-madrilena\/prima-nivelada\/","name":"Seguro Decesos Mutua Madrile\u00f1a Prima Nivelada \u25b7 Opiniones y Precio 2026","isPartOf":{"@id":"https:\/\/idecesos.com\/seguros\/#website"},"datePublished":"2021-11-09T00:00:00+00:00","dateModified":"2022-04-06T18:17:50+00:00","description":"Click aqu\u00ed \u3010Seguro de Decesos Prima Nivelada Mutua Madrile\u00f1a\u3011 Mejores precios Mutua Madrile\u00f1a seguro de fallecidos Prima Nivelada \u2611\ufe0f Actualizado por iDecesos\u00ae","breadcrumb":{"@id":"https:\/\/idecesos.com\/seguros\/companias\/banco-mutua-madrilena\/prima-nivelada\/#breadcrumb"},"inLanguage":"es","potentialAction":[{"@type":"ReadAction","target":["https:\/\/idecesos.com\/seguros\/companias\/banco-mutua-madrilena\/prima-nivelada\/"]}]},{"@type":"BreadcrumbList","@id":"https:\/\/idecesos.com\/seguros\/companias\/banco-mutua-madrilena\/prima-nivelada\/#breadcrumb","itemListElement":[{"@type":"ListItem","position":1,"name":"Portada","item":"https:\/\/idecesos.com\/seguros\/"},{"@type":"ListItem","position":2,"name":"Compa\u00f1\u00edas de Seguros de Decesos en Espa\u00f1a","item":"https:\/\/idecesos.com\/seguros\/companias\/"},{"@type":"ListItem","position":3,"name":"Seguro de decesos Mutua Madrile\u00f1a","item":"https:\/\/idecesos.com\/seguros\/companias\/banco-mutua-madrilena\/"},{"@type":"ListItem","position":4,"name":"Seguro de decesos Mutua Madrile\u00f1a Prima Nivelada"}]},{"@type":"WebSite","@id":"https:\/\/idecesos.com\/seguros\/#website","url":"https:\/\/idecesos.com\/seguros\/","name":"","description":"","potentialAction":[{"@type":"SearchAction","target":{"@type":"EntryPoint","urlTemplate":"https:\/\/idecesos.com\/seguros\/?s={search_term_string}"},"query-input":{"@type":"PropertyValueSpecification","valueRequired":true,"valueName":"search_term_string"}}],"inLanguage":"es"}]}},"_links":{"self":[{"href":"https:\/\/idecesos.com\/seguros\/wp-json\/wp\/v2\/pages\/11511","targetHints":{"allow":["GET"]}}],"collection":[{"href":"https:\/\/idecesos.com\/seguros\/wp-json\/wp\/v2\/pages"}],"about":[{"href":"https:\/\/idecesos.com\/seguros\/wp-json\/wp\/v2\/types\/page"}],"author":[{"embeddable":true,"href":"https:\/\/idecesos.com\/seguros\/wp-json\/wp\/v2\/users\/3"}],"replies":[{"embeddable":true,"href":"https:\/\/idecesos.com\/seguros\/wp-json\/wp\/v2\/comments?post=11511"}],"version-history":[{"count":2,"href":"https:\/\/idecesos.com\/seguros\/wp-json\/wp\/v2\/pages\/11511\/revisions"}],"predecessor-version":[{"id":21023,"href":"https:\/\/idecesos.com\/seguros\/wp-json\/wp\/v2\/pages\/11511\/revisions\/21023"}],"up":[{"embeddable":true,"href":"https:\/\/idecesos.com\/seguros\/wp-json\/wp\/v2\/pages\/294"}],"wp:attachment":[{"href":"https:\/\/idecesos.com\/seguros\/wp-json\/wp\/v2\/media?parent=11511"}],"curies":[{"name":"wp","href":"https:\/\/api.w.org\/{rel}","templated":true}]}}