{"id":11512,"date":"2021-11-09T00:00:00","date_gmt":"2021-11-09T00:00:00","guid":{"rendered":"https:\/\/idecesos.com\/seguros\/?page_id=11512"},"modified":"2022-01-03T12:31:05","modified_gmt":"2022-01-03T12:31:05","slug":"prima-nivelada","status":"publish","type":"page","link":"https:\/\/idecesos.com\/seguros\/companias\/mapfre\/prima-nivelada\/","title":{"rendered":"Seguro de decesos Mapfre Prima Nivelada"},"content":{"rendered":"<div id=\"ez-toc-container\" class=\"ez-toc-v2_0_82_2 ez-toc-wrap-center counter-hierarchy ez-toc-counter ez-toc-custom ez-toc-container-direction\">\n<div class=\"ez-toc-title-container\">\n<p class=\"ez-toc-title\" style=\"cursor:inherit\">Tabla de Contenido<\/p>\n<span class=\"ez-toc-title-toggle\"><a href=\"#\" class=\"ez-toc-pull-right ez-toc-btn ez-toc-btn-xs ez-toc-btn-default ez-toc-toggle\" aria-label=\"Alternar tabla de contenidos\"><span class=\"ez-toc-js-icon-con\"><span class=\"\"><span class=\"eztoc-hide\" style=\"display:none;\">Toggle<\/span><span class=\"ez-toc-icon-toggle-span\"><svg style=\"fill: #db6415;color:#db6415\" xmlns=\"http:\/\/www.w3.org\/2000\/svg\" class=\"list-377408\" width=\"20px\" height=\"20px\" viewBox=\"0 0 24 24\" fill=\"none\"><path d=\"M6 6H4v2h2V6zm14 0H8v2h12V6zM4 11h2v2H4v-2zm16 0H8v2h12v-2zM4 16h2v2H4v-2zm16 0H8v2h12v-2z\" fill=\"currentColor\"><\/path><\/svg><svg style=\"fill: #db6415;color:#db6415\" class=\"arrow-unsorted-368013\" xmlns=\"http:\/\/www.w3.org\/2000\/svg\" width=\"10px\" height=\"10px\" viewBox=\"0 0 24 24\" version=\"1.2\" baseProfile=\"tiny\"><path d=\"M18.2 9.3l-6.2-6.3-6.2 6.3c-.2.2-.3.4-.3.7s.1.5.3.7c.2.2.4.3.7.3h11c.3 0 .5-.1.7-.3.2-.2.3-.5.3-.7s-.1-.5-.3-.7zM5.8 14.7l6.2 6.3 6.2-6.3c.2-.2.3-.5.3-.7s-.1-.5-.3-.7c-.2-.2-.4-.3-.7-.3h-11c-.3 0-.5.1-.7.3-.2.2-.3.5-.3.7s.1.5.3.7z\"\/><\/svg><\/span><\/span><\/span><\/a><\/span><\/div>\n<nav><ul class='ez-toc-list ez-toc-list-level-1 ' ><li class='ez-toc-page-1 ez-toc-heading-level-2'><a class=\"ez-toc-link ez-toc-heading-1\" href=\"https:\/\/idecesos.com\/seguros\/companias\/mapfre\/prima-nivelada\/#Coberturas_seguro_Prima_Nivelada_Mapfre\" >Coberturas seguro Prima Nivelada Mapfre<\/a><ul class='ez-toc-list-level-3' ><li class='ez-toc-heading-level-3'><a class=\"ez-toc-link ez-toc-heading-2\" href=\"https:\/\/idecesos.com\/seguros\/companias\/mapfre\/prima-nivelada\/#%C2%BFA_quien_va_dirigido_el_seguro_de_decesos_Prima_Nivelada_de_Mapfre\" >\u00bfA qui\u00e9n va dirigido el seguro de decesos Prima Nivelada de Mapfre?<\/a><\/li><\/ul><\/li><li class='ez-toc-page-1 ez-toc-heading-level-2'><a class=\"ez-toc-link ez-toc-heading-3\" href=\"https:\/\/idecesos.com\/seguros\/companias\/mapfre\/prima-nivelada\/#Precio_de_seguro_de_decesos_Prima_Nivelada_Mapfre\" >Precio de seguro de decesos Prima Nivelada Mapfre<\/a><\/li><li class='ez-toc-page-1 ez-toc-heading-level-2'><a class=\"ez-toc-link ez-toc-heading-4\" href=\"https:\/\/idecesos.com\/seguros\/companias\/mapfre\/prima-nivelada\/#Productos_Prima_Nivelada_Mapfre\" >Productos Prima Nivelada Mapfre<\/a><\/li><li class='ez-toc-page-1 ez-toc-heading-level-2'><a class=\"ez-toc-link ez-toc-heading-5\" href=\"https:\/\/idecesos.com\/seguros\/companias\/mapfre\/prima-nivelada\/#Opiniones_del_seguro_de_decesos_de_Prima_Nivelada_de_Mapfre\" >Opiniones del seguro de decesos de Prima Nivelada de Mapfre<\/a><ul class='ez-toc-list-level-3' ><li class='ez-toc-heading-level-3'><a class=\"ez-toc-link ez-toc-heading-6\" href=\"https:\/\/idecesos.com\/seguros\/companias\/mapfre\/prima-nivelada\/#Paginas_relacionadas\" >P\u00e1ginas relacionadas<\/a><\/li><\/ul><\/li><\/ul><\/nav><\/div>\n\n<p>Una de las caracter\u00edsticas destacables del seguro de decesos de prima nivelada Mapfre es el tipo que se va a mantener de forma continuada a lo largo de siempre que formes una parte de la red de clientes del servicio de la Mapfre empresa aseguradora. Para las renovaciones pr\u00f3ximas respecto al c\u00e1lculo de la suma asegurada, se tendr\u00e1 presente a la hora que realiz\u00f3 la contrataci\u00f3n con Mapfre se va a tomar como referencia la edad. Dentro del c\u00e1lculo de la compa\u00f1\u00eda de forma imprevista la p\u00f3liza agregar\u00e1 una tasa continua conveniente a la edad lograda. <\/p>\n<p>Leer m\u00e1s: <a href=\"https:\/\/idecesos.com\/seguros\/tipo\/nivelada\/\">Seguro de decesos Prima Nivelada<\/a><\/p>\n<div class=\"colorf \"  ><div class=\"container clearfix\"><div class=\"col-md-7\"><\/p>\n<h2><span class=\"ez-toc-section\" id=\"Coberturas_seguro_Prima_Nivelada_Mapfre\"><\/span>Coberturas seguro Prima Nivelada Mapfre<span class=\"ez-toc-section-end\"><\/span><\/h2>\n<p>El seguro funerario Mapfre es uno de los principales campos de suscripci\u00f3n, conf\u00eda la misi\u00f3n primordial de la p\u00f3liza de seguro, el cliente firma el contrato para el mismo, que es un servicio funerario completo, Mapfre se ha convertido en uno de los servicios funerarios m\u00e1s reconocidos por su trato flexible, profesional y servicios de mayor calidad. Tambi\u00e9n, si los familiares o bien beneficiarios lo desean, incluye sepelio y tambi\u00e9n incineraci\u00f3n, que se ocupan de todos los tr\u00e1mites relacionados con el registro civil del fallecido, el seguro entra en vigencia desde el momento en que fallece el asegurado. Cuando ocurra esa situaci\u00f3n, las gestiones pertinentes sobre el fallecido va a ser lo que hayan escogido los familiares as\u00ed sea por costumbres o bien etnias. En el fondo de seguros cuenta con un presupuesto adaptado para cada usuario, quedando ce\u00f1ido a su medida en todo instante. Debes tener siempre y en todo momento cerca el comparador de iDecesos, aparte de facilitarte para una comprensi\u00f3n m\u00e1s simple de las coberturas, cont\u00e1semos con la informaci\u00f3n recogida a nivel profesional de Mapfre de todos y cada uno de los productos de forma m\u00e1s completa. Documento informativo, que explica los contenidos y exclusiones desplegados. <\/p>\n<p><\/div><\/div><\/div>\n<h3><span class=\"ez-toc-section\" id=\"%C2%BFA_quien_va_dirigido_el_seguro_de_decesos_Prima_Nivelada_de_Mapfre\"><\/span>\u00bfA qui\u00e9n va dirigido el seguro de decesos Prima Nivelada de Mapfre?<span class=\"ez-toc-section-end\"><\/span><\/h3>\n<p>\u00bfQue es el seguro de prima nivelada de Mapfre ? Est\u00e1 desarrollada para ser accesible para personas de cualquier nivel de ingresos. El 90 por cien de las personas que adquieren esta clase de p\u00f3liza son mayores en tanto que desean tener una cuota constante que no cambie con los a\u00f1os. Las creencias de los clientes en Mapfre es esta modalidad espec\u00edficamente es de las m\u00e1s valorada por ello que todos lo adquieren. <\/p>\n<div class=\"colorf \"  ><div class=\"container clearfix\"><div class=\"col-md-7\"><\/p>\n<h2><span class=\"ez-toc-section\" id=\"Precio_de_seguro_de_decesos_Prima_Nivelada_Mapfre\"><\/span>Precio de seguro de decesos Prima Nivelada Mapfre<span class=\"ez-toc-section-end\"><\/span><\/h2>\n<p>Para calcular el precio final a pagar en el seguro de prima nivelada Mapfre se coger\u00e1 como determinante en algunos casos como podr\u00eda ser donde radica la persona que realice el seguro, el coste se encontrar\u00e1 es desde 5,15\u20ac. En el mercado existen una infinidad de precios competitivos, pero dentro de Mapfre que ponen a tu predisposici\u00f3n el seguro de prima nivelada considerablemente m\u00e1s asequible contando con unas rebajas muy destacables en los seguros de decesos. Logra ahorrarse hasta un 70 por ciento con la comparaci\u00f3n de los distintos costes que hay dentro de la compa\u00f1\u00eda Mapfre de prima nivelada. Lograr\u00e1s ver los diferentes precios respecto a su competencia. <\/p>\n<p><\/div><\/div><\/div>\n<h2><span class=\"ez-toc-section\" id=\"Productos_Prima_Nivelada_Mapfre\"><\/span>Productos Prima Nivelada Mapfre<span class=\"ez-toc-section-end\"><\/span><\/h2>\n<div class=\"colorf\"><div class=\"container clearfix\"><div class=\"col-md-7\"><div class=\"opiniones\">\n<h2><span class=\"ez-toc-section\" id=\"Opiniones_del_seguro_de_decesos_de_Prima_Nivelada_de_Mapfre\"><\/span>Opiniones del seguro de decesos de Prima Nivelada de Mapfre<span class=\"ez-toc-section-end\"><\/span><\/h2>\n<p>En iDecesos a lo largo del tiempo a contemplar las mejores creencias del seguro de prima nivelada de Mapfre, en la que son l\u00edderes en seguros de decesos, es m\u00e1s que satisfactoria. Est\u00e1 determinado por un pormenorizado an\u00e1lisis que se lleva a cabo en profundidad, obteniendo datos de las dem\u00e1s empresas de seguros que asimismo ofrecen prima nivelada. <\/p>\n<div class=\"opinion \"  >\n\t\t\t<div class=\"cabecera_opinion\">\n\t\t\t\t<div class=\"avatar\">S T <\/div>\n\t\t\t\t<div class=\"datos_opinion\">\n\t\t\t\t\t<div class=\"nombre_opinion\">Stefan Toller<\/div>\n\t\t\t\t\t<div class=\"info_opinion\">\t\t\t\t\t\t\n\t\t\t\t\t\t<div class=\"cuenta_opinion\"><i class=\"fas fa-pencil-alt\"><\/i><!--span class=\"dashicons dashicons-edit\" style=\"font-size:20px\"><\/span--><span>1 Opini\u00f3n<\/span><\/div>\t\t\t\t\t\t\n\t\t\t\t\t\t<div class=\"localizacion_opinion\">\n\t\t\t\t\t\t\t<i class=\"fas fa-map-marker-alt\"><\/i><!--span class=\"dashicons dashicons-location\" style=\"font-size:20px\"><\/span-->\n\t\t\t\t\t\t\t<span>ES<\/span>\n\t\t\t\t\t\t<\/div>\t\n\t\t\t\t\t<\/div>\n\t\t\t\t<\/div>\n\t\t\t<\/div><div class=\"texto_opinion\"><\/p>\n<p>Cuando realice el contrato de prima nivelada de Mapfre adem\u00e1s de que sus coberturas son muy destacables, me asistieron en todo el proceso, yo lo realice de manera telef\u00f3nica, ya que me resultaba mucho m\u00e1s sencillo hacer la contrataci\u00f3n. Te lo recomiendo 100 por ciento . <\/p>\n<p><\/div><\/div>\n<div class=\"opinion \"  >\n\t\t\t<div class=\"cabecera_opinion\">\n\t\t\t\t<div class=\"avatar\">C B <\/div>\n\t\t\t\t<div class=\"datos_opinion\">\n\t\t\t\t\t<div class=\"nombre_opinion\">Carla Benito<\/div>\n\t\t\t\t\t<div class=\"info_opinion\">\t\t\t\t\t\t\n\t\t\t\t\t\t<div class=\"cuenta_opinion\"><i class=\"fas fa-pencil-alt\"><\/i><!--span class=\"dashicons dashicons-edit\" style=\"font-size:20px\"><\/span--><span>1 Opini\u00f3n<\/span><\/div>\t\t\t\t\t\t\n\t\t\t\t\t\t<div class=\"localizacion_opinion\">\n\t\t\t\t\t\t\t<i class=\"fas fa-map-marker-alt\"><\/i><!--span class=\"dashicons dashicons-location\" style=\"font-size:20px\"><\/span-->\n\t\t\t\t\t\t\t<span>ES<\/span>\n\t\t\t\t\t\t<\/div>\t\n\t\t\t\t\t<\/div>\n\t\t\t\t<\/div>\n\t\t\t<\/div><div class=\"texto_opinion\"><\/p>\n<p>Cuando realice el contrato de prima nivelada de Mapfre adem\u00e1s de esto de que sus coberturas son muy resaltables, me ayudaron en todo el proceso, yo lo realice de forma telef\u00f3nica, ya que me resultaba mucho m\u00e1s sencillo hacer la contrataci\u00f3n. Te lo recomiendo 100 por cien . <\/p>\n<p><\/div><\/div>\n<div class=\"opinion \"  >\n\t\t\t<div class=\"cabecera_opinion\">\n\t\t\t\t<div class=\"avatar\">B T <\/div>\n\t\t\t\t<div class=\"datos_opinion\">\n\t\t\t\t\t<div class=\"nombre_opinion\">Benita Torre<\/div>\n\t\t\t\t\t<div class=\"info_opinion\">\t\t\t\t\t\t\n\t\t\t\t\t\t<div class=\"cuenta_opinion\"><i class=\"fas fa-pencil-alt\"><\/i><!--span class=\"dashicons dashicons-edit\" style=\"font-size:20px\"><\/span--><span>1 Opini\u00f3n<\/span><\/div>\t\t\t\t\t\t\n\t\t\t\t\t\t<div class=\"localizacion_opinion\">\n\t\t\t\t\t\t\t<i class=\"fas fa-map-marker-alt\"><\/i><!--span class=\"dashicons dashicons-location\" style=\"font-size:20px\"><\/span-->\n\t\t\t\t\t\t\t<span>ES<\/span>\n\t\t\t\t\t\t<\/div>\t\n\t\t\t\t\t<\/div>\n\t\t\t\t<\/div>\n\t\t\t<\/div><div class=\"texto_opinion\"><\/p>\n<p>Cuando ocurri\u00f3 el fallecimiento de mi madre, que sucedi\u00f3 de una forma repentina, la aseguradora se encarg\u00f3 de administrar todo de una forma eficaz, por lo que no debimos preocuparnos de nada. Si en cualquier ocasi\u00f3n puede suceder alg\u00fan inconveniente,  cuentan con todas las soluciones libres. <\/p>\n<p><\/div><\/div>\n<\/div><\/div><\/div><\/div>\n<p><div class=\"oficinas\"><br \/>\n<h3><span class=\"ez-toc-section\" id=\"Paginas_relacionadas\"><\/span>P\u00e1ginas relacionadas<span class=\"ez-toc-section-end\"><\/span><\/h3><div class=\"enlazado\"><ul> <li><a href=\"https:\/\/idecesos.com\/seguros\/companias\/mapfre\/asistencia\/\">Mapfre Asistencia Decesos<\/a><\/li> <li><a href=\"https:\/\/idecesos.com\/seguros\/companias\/mapfre\/coberturas\/\">Coberturas Mapfre<\/a><\/li> <li><a href=\"https:\/\/idecesos.com\/seguros\/companias\/mapfre\/esencial\/\">Mapfre Esencial<\/a><\/li> <li><a href=\"https:\/\/idecesos.com\/seguros\/companias\/mapfre\/opiniones\/\">Opiniones MAPFRE<\/a><\/li> <li><a href=\"https:\/\/idecesos.com\/seguros\/companias\/mapfre\/precio\/\">Precio seguro Mapfre<\/a><\/li> <li><a href=\"https:\/\/idecesos.com\/seguros\/companias\/mapfre\/prima-mixta\/\">Mapfre Prima Mixta<\/a><\/li> <li><a href=\"https:\/\/idecesos.com\/seguros\/companias\/mapfre\/prima-natural\/\">Mapfre Prima Natural<\/a><\/li> <li><a href=\"https:\/\/idecesos.com\/seguros\/companias\/mapfre\/prima-nivelada\/\">Mapfre Prima Nivelada<\/a><\/li> <li><a href=\"https:\/\/idecesos.com\/seguros\/companias\/mapfre\/prima-unica\/\">Mapfre Prima \u00danica<\/a><\/li> <li><a href=\"https:\/\/idecesos.com\/seguros\/companias\/mapfre\/quejas\/\">Quejas Mapfre<\/a><\/li> <li><a href=\"https:\/\/idecesos.com\/seguros\/companias\/mapfre\/repatriacion\/\">Mapfre Repatriaci\u00f3n<\/a><\/li> <li><a href=\"https:\/\/idecesos.com\/seguros\/companias\/mapfre\/telefono\/\">Tel\u00e9fono Gratuito Mapfre<\/a><\/li> <li><a href=\"https:\/\/idecesos.com\/seguros\/companias\/mapfre\/universal\/\">Seguro de Decesos Universal Mapfre<\/a><\/li><\/ul><\/div><\/p>\n<\/div>\n","protected":false},"excerpt":{"rendered":"<p>Una de las caracter\u00edsticas destacables del seguro de decesos de prima nivelada Mapfre es el tipo que se va a mantener de forma continuada a lo largo de siempre que formes una parte de la red de clientes del servicio de la Mapfre empresa aseguradora. Para las renovaciones pr\u00f3ximas respecto al c\u00e1lculo de la suma&hellip; <\/p>\n","protected":false},"author":3,"featured_media":0,"parent":414,"menu_order":0,"comment_status":"closed","ping_status":"closed","template":"single.php","meta":{"footnotes":""},"class_list":["post-11512","page","type-page","status-publish","hentry"],"yoast_head":"<!-- This site is optimized with the Yoast SEO plugin v27.3 - https:\/\/yoast.com\/product\/yoast-seo-wordpress\/ -->\n<title>Seguro Decesos Mapfre Prima Nivelada \u25b7 Opiniones y Precio 2026<\/title>\n<meta name=\"description\" content=\"Click aqu\u00ed \u3010Seguro de Decesos Prima Nivelada Mapfre\u3011 Mejores precios Mapfre seguro de fallecidos Prima Nivelada \u2611\ufe0f Actualizado por iDecesos\u00ae\" \/>\n<meta name=\"robots\" content=\"index, follow, max-snippet:-1, max-image-preview:large, max-video-preview:-1\" \/>\n<link rel=\"canonical\" href=\"https:\/\/idecesos.com\/seguros\/companias\/mapfre\/prima-nivelada\/\" \/>\n<meta property=\"og:locale\" content=\"es_ES\" \/>\n<meta property=\"og:type\" content=\"article\" \/>\n<meta property=\"og:title\" content=\"Seguro Decesos Mapfre Prima Nivelada \u25b7 Opiniones y Precio 2026\" \/>\n<meta property=\"og:description\" content=\"Click aqu\u00ed \u3010Seguro de Decesos Prima Nivelada Mapfre\u3011 Mejores precios Mapfre seguro de fallecidos Prima Nivelada \u2611\ufe0f Actualizado por iDecesos\u00ae\" \/>\n<meta property=\"og:url\" content=\"https:\/\/idecesos.com\/seguros\/companias\/mapfre\/prima-nivelada\/\" \/>\n<meta property=\"article:modified_time\" content=\"2022-01-03T12:31:05+00:00\" \/>\n<meta name=\"twitter:card\" content=\"summary_large_image\" \/>\n<meta name=\"twitter:label1\" content=\"Tiempo de lectura\" \/>\n\t<meta name=\"twitter:data1\" content=\"57 minutos\" \/>\n<script type=\"application\/ld+json\" class=\"yoast-schema-graph\">{\"@context\":\"https:\\\/\\\/schema.org\",\"@graph\":[{\"@type\":\"WebPage\",\"@id\":\"https:\\\/\\\/idecesos.com\\\/seguros\\\/companias\\\/mapfre\\\/prima-nivelada\\\/\",\"url\":\"https:\\\/\\\/idecesos.com\\\/seguros\\\/companias\\\/mapfre\\\/prima-nivelada\\\/\",\"name\":\"Seguro Decesos Mapfre Prima Nivelada \u25b7 Opiniones y Precio 2026\",\"isPartOf\":{\"@id\":\"https:\\\/\\\/idecesos.com\\\/seguros\\\/#website\"},\"datePublished\":\"2021-11-09T00:00:00+00:00\",\"dateModified\":\"2022-01-03T12:31:05+00:00\",\"description\":\"Click aqu\u00ed \u3010Seguro de Decesos Prima Nivelada Mapfre\u3011 Mejores precios Mapfre seguro de fallecidos Prima Nivelada \u2611\ufe0f Actualizado por iDecesos\u00ae\",\"breadcrumb\":{\"@id\":\"https:\\\/\\\/idecesos.com\\\/seguros\\\/companias\\\/mapfre\\\/prima-nivelada\\\/#breadcrumb\"},\"inLanguage\":\"es\",\"potentialAction\":[{\"@type\":\"ReadAction\",\"target\":[\"https:\\\/\\\/idecesos.com\\\/seguros\\\/companias\\\/mapfre\\\/prima-nivelada\\\/\"]}]},{\"@type\":\"BreadcrumbList\",\"@id\":\"https:\\\/\\\/idecesos.com\\\/seguros\\\/companias\\\/mapfre\\\/prima-nivelada\\\/#breadcrumb\",\"itemListElement\":[{\"@type\":\"ListItem\",\"position\":1,\"name\":\"Portada\",\"item\":\"https:\\\/\\\/idecesos.com\\\/seguros\\\/\"},{\"@type\":\"ListItem\",\"position\":2,\"name\":\"Compa\u00f1\u00edas de Seguros de Decesos en Espa\u00f1a\",\"item\":\"https:\\\/\\\/idecesos.com\\\/seguros\\\/companias\\\/\"},{\"@type\":\"ListItem\",\"position\":3,\"name\":\"Seguro de decesos Mapfre\",\"item\":\"https:\\\/\\\/idecesos.com\\\/seguros\\\/companias\\\/mapfre\\\/\"},{\"@type\":\"ListItem\",\"position\":4,\"name\":\"Seguro de decesos Mapfre Prima Nivelada\"}]},{\"@type\":\"WebSite\",\"@id\":\"https:\\\/\\\/idecesos.com\\\/seguros\\\/#website\",\"url\":\"https:\\\/\\\/idecesos.com\\\/seguros\\\/\",\"name\":\"\",\"description\":\"\",\"potentialAction\":[{\"@type\":\"SearchAction\",\"target\":{\"@type\":\"EntryPoint\",\"urlTemplate\":\"https:\\\/\\\/idecesos.com\\\/seguros\\\/?s={search_term_string}\"},\"query-input\":{\"@type\":\"PropertyValueSpecification\",\"valueRequired\":true,\"valueName\":\"search_term_string\"}}],\"inLanguage\":\"es\"}]}<\/script>\n<!-- \/ Yoast SEO plugin. -->","yoast_head_json":{"title":"Seguro Decesos Mapfre Prima Nivelada \u25b7 Opiniones y Precio 2026","description":"Click aqu\u00ed \u3010Seguro de Decesos Prima Nivelada Mapfre\u3011 Mejores precios Mapfre seguro de fallecidos Prima Nivelada \u2611\ufe0f Actualizado por iDecesos\u00ae","robots":{"index":"index","follow":"follow","max-snippet":"max-snippet:-1","max-image-preview":"max-image-preview:large","max-video-preview":"max-video-preview:-1"},"canonical":"https:\/\/idecesos.com\/seguros\/companias\/mapfre\/prima-nivelada\/","og_locale":"es_ES","og_type":"article","og_title":"Seguro Decesos Mapfre Prima Nivelada \u25b7 Opiniones y Precio 2026","og_description":"Click aqu\u00ed \u3010Seguro de Decesos Prima Nivelada Mapfre\u3011 Mejores precios Mapfre seguro de fallecidos Prima Nivelada \u2611\ufe0f Actualizado por iDecesos\u00ae","og_url":"https:\/\/idecesos.com\/seguros\/companias\/mapfre\/prima-nivelada\/","article_modified_time":"2022-01-03T12:31:05+00:00","twitter_card":"summary_large_image","twitter_misc":{"Tiempo de lectura":"57 minutos"},"schema":{"@context":"https:\/\/schema.org","@graph":[{"@type":"WebPage","@id":"https:\/\/idecesos.com\/seguros\/companias\/mapfre\/prima-nivelada\/","url":"https:\/\/idecesos.com\/seguros\/companias\/mapfre\/prima-nivelada\/","name":"Seguro Decesos Mapfre Prima Nivelada \u25b7 Opiniones y Precio 2026","isPartOf":{"@id":"https:\/\/idecesos.com\/seguros\/#website"},"datePublished":"2021-11-09T00:00:00+00:00","dateModified":"2022-01-03T12:31:05+00:00","description":"Click aqu\u00ed \u3010Seguro de Decesos Prima Nivelada Mapfre\u3011 Mejores precios Mapfre seguro de fallecidos Prima Nivelada \u2611\ufe0f Actualizado por iDecesos\u00ae","breadcrumb":{"@id":"https:\/\/idecesos.com\/seguros\/companias\/mapfre\/prima-nivelada\/#breadcrumb"},"inLanguage":"es","potentialAction":[{"@type":"ReadAction","target":["https:\/\/idecesos.com\/seguros\/companias\/mapfre\/prima-nivelada\/"]}]},{"@type":"BreadcrumbList","@id":"https:\/\/idecesos.com\/seguros\/companias\/mapfre\/prima-nivelada\/#breadcrumb","itemListElement":[{"@type":"ListItem","position":1,"name":"Portada","item":"https:\/\/idecesos.com\/seguros\/"},{"@type":"ListItem","position":2,"name":"Compa\u00f1\u00edas de Seguros de Decesos en Espa\u00f1a","item":"https:\/\/idecesos.com\/seguros\/companias\/"},{"@type":"ListItem","position":3,"name":"Seguro de decesos Mapfre","item":"https:\/\/idecesos.com\/seguros\/companias\/mapfre\/"},{"@type":"ListItem","position":4,"name":"Seguro de decesos Mapfre Prima Nivelada"}]},{"@type":"WebSite","@id":"https:\/\/idecesos.com\/seguros\/#website","url":"https:\/\/idecesos.com\/seguros\/","name":"","description":"","potentialAction":[{"@type":"SearchAction","target":{"@type":"EntryPoint","urlTemplate":"https:\/\/idecesos.com\/seguros\/?s={search_term_string}"},"query-input":{"@type":"PropertyValueSpecification","valueRequired":true,"valueName":"search_term_string"}}],"inLanguage":"es"}]}},"_links":{"self":[{"href":"https:\/\/idecesos.com\/seguros\/wp-json\/wp\/v2\/pages\/11512","targetHints":{"allow":["GET"]}}],"collection":[{"href":"https:\/\/idecesos.com\/seguros\/wp-json\/wp\/v2\/pages"}],"about":[{"href":"https:\/\/idecesos.com\/seguros\/wp-json\/wp\/v2\/types\/page"}],"author":[{"embeddable":true,"href":"https:\/\/idecesos.com\/seguros\/wp-json\/wp\/v2\/users\/3"}],"replies":[{"embeddable":true,"href":"https:\/\/idecesos.com\/seguros\/wp-json\/wp\/v2\/comments?post=11512"}],"version-history":[{"count":1,"href":"https:\/\/idecesos.com\/seguros\/wp-json\/wp\/v2\/pages\/11512\/revisions"}],"predecessor-version":[{"id":13020,"href":"https:\/\/idecesos.com\/seguros\/wp-json\/wp\/v2\/pages\/11512\/revisions\/13020"}],"up":[{"embeddable":true,"href":"https:\/\/idecesos.com\/seguros\/wp-json\/wp\/v2\/pages\/414"}],"wp:attachment":[{"href":"https:\/\/idecesos.com\/seguros\/wp-json\/wp\/v2\/media?parent=11512"}],"curies":[{"name":"wp","href":"https:\/\/api.w.org\/{rel}","templated":true}]}}