{"id":11516,"date":"2021-11-09T00:00:00","date_gmt":"2021-11-09T00:00:00","guid":{"rendered":"https:\/\/idecesos.com\/seguros\/?page_id=11516"},"modified":"2022-04-06T18:17:25","modified_gmt":"2022-04-06T18:17:25","slug":"prima-natural","status":"publish","type":"page","link":"https:\/\/idecesos.com\/seguros\/companias\/banco-mutua-madrilena\/prima-natural\/","title":{"rendered":"Seguro de decesos Mutua Madrile\u00f1a Prima Natural"},"content":{"rendered":"<div id=\"ez-toc-container\" class=\"ez-toc-v2_0_82_2 ez-toc-wrap-center counter-hierarchy ez-toc-counter ez-toc-custom ez-toc-container-direction\">\n<div class=\"ez-toc-title-container\">\n<p class=\"ez-toc-title\" style=\"cursor:inherit\">Tabla de Contenido<\/p>\n<span class=\"ez-toc-title-toggle\"><a href=\"#\" class=\"ez-toc-pull-right ez-toc-btn ez-toc-btn-xs ez-toc-btn-default ez-toc-toggle\" aria-label=\"Alternar tabla de contenidos\"><span class=\"ez-toc-js-icon-con\"><span class=\"\"><span class=\"eztoc-hide\" style=\"display:none;\">Toggle<\/span><span class=\"ez-toc-icon-toggle-span\"><svg style=\"fill: #db6415;color:#db6415\" xmlns=\"http:\/\/www.w3.org\/2000\/svg\" class=\"list-377408\" width=\"20px\" height=\"20px\" viewBox=\"0 0 24 24\" fill=\"none\"><path d=\"M6 6H4v2h2V6zm14 0H8v2h12V6zM4 11h2v2H4v-2zm16 0H8v2h12v-2zM4 16h2v2H4v-2zm16 0H8v2h12v-2z\" fill=\"currentColor\"><\/path><\/svg><svg style=\"fill: #db6415;color:#db6415\" class=\"arrow-unsorted-368013\" xmlns=\"http:\/\/www.w3.org\/2000\/svg\" width=\"10px\" height=\"10px\" viewBox=\"0 0 24 24\" version=\"1.2\" baseProfile=\"tiny\"><path d=\"M18.2 9.3l-6.2-6.3-6.2 6.3c-.2.2-.3.4-.3.7s.1.5.3.7c.2.2.4.3.7.3h11c.3 0 .5-.1.7-.3.2-.2.3-.5.3-.7s-.1-.5-.3-.7zM5.8 14.7l6.2 6.3 6.2-6.3c.2-.2.3-.5.3-.7s-.1-.5-.3-.7c-.2-.2-.4-.3-.7-.3h-11c-.3 0-.5.1-.7.3-.2.2-.3.5-.3.7s.1.5.3.7z\"\/><\/svg><\/span><\/span><\/span><\/a><\/span><\/div>\n<nav><ul class='ez-toc-list ez-toc-list-level-1 ' ><li class='ez-toc-page-1 ez-toc-heading-level-2'><a class=\"ez-toc-link ez-toc-heading-1\" href=\"https:\/\/idecesos.com\/seguros\/companias\/banco-mutua-madrilena\/prima-natural\/#Coberturas_seguro_Prima_Natural_Mutua_Madrilena\" >Coberturas seguro Prima Natural Mutua Madrile\u00f1a<\/a><ul class='ez-toc-list-level-3' ><li class='ez-toc-heading-level-3'><a class=\"ez-toc-link ez-toc-heading-2\" href=\"https:\/\/idecesos.com\/seguros\/companias\/banco-mutua-madrilena\/prima-natural\/#%C2%BFA_quien_va_dirigido_el_seguro_de_decesos_Prima_Natural_de_Mutua_Madrilena\" >\u00bfA qui\u00e9n va dirigido el seguro de decesos Prima Natural de Mutua Madrile\u00f1a?<\/a><\/li><\/ul><\/li><li class='ez-toc-page-1 ez-toc-heading-level-2'><a class=\"ez-toc-link ez-toc-heading-3\" href=\"https:\/\/idecesos.com\/seguros\/companias\/banco-mutua-madrilena\/prima-natural\/#Precio_de_seguro_de_decesos_Prima_Natural_Mutua_Madrilena\" >Precio de seguro de decesos Prima Natural Mutua Madrile\u00f1a<\/a><\/li><li class='ez-toc-page-1 ez-toc-heading-level-2'><a class=\"ez-toc-link ez-toc-heading-4\" href=\"https:\/\/idecesos.com\/seguros\/companias\/banco-mutua-madrilena\/prima-natural\/#Productos_Prima_Natural_Mutua_Madrilena\" >Productos Prima Natural Mutua Madrile\u00f1a<\/a><\/li><li class='ez-toc-page-1 ez-toc-heading-level-2'><a class=\"ez-toc-link ez-toc-heading-5\" href=\"https:\/\/idecesos.com\/seguros\/companias\/banco-mutua-madrilena\/prima-natural\/#Opiniones_del_seguro_de_decesos_de_Prima_Natural_de_Mutua_Madrilena\" >Opiniones del seguro de decesos de Prima Natural de Mutua Madrile\u00f1a<\/a><ul class='ez-toc-list-level-3' ><li class='ez-toc-heading-level-3'><a class=\"ez-toc-link ez-toc-heading-6\" href=\"https:\/\/idecesos.com\/seguros\/companias\/banco-mutua-madrilena\/prima-natural\/#Paginas_relacionadas\" >P\u00e1ginas relacionadas<\/a><\/li><\/ul><\/li><\/ul><\/nav><\/div>\n\n<p>En Mutua Madrile\u00f1a el seguro de decesos de prima natural se mantiene de manera estable desde el instante en que se adquiere, todos los a\u00f1os existe una revisi\u00f3n de la prima que es un relaci\u00f3n a la edad. Por lo que se renueva autom\u00e1ticamente si no se llega a cancelar anterior a un mes. En Mutua Madrile\u00f1a el seguro de prima natural, todos los a\u00f1os realizan una subida tomando en cuenta de las personas aseguradas como es la edad o d\u00f3nde radique el coste funerario sea m\u00e1s asequible.<\/p>\n<p>Leer m\u00e1s: <a href=\"https:\/\/idecesos.com\/seguros\/tipo\/natural\/\">Seguro de decesos Prima Natural<\/a><\/p>\n<div class=\"colorf \"  ><div class=\"container clearfix\"><div class=\"col-md-7\"><\/p>\n<h2><span class=\"ez-toc-section\" id=\"Coberturas_seguro_Prima_Natural_Mutua_Madrilena\"><\/span>Coberturas seguro Prima Natural Mutua Madrile\u00f1a<span class=\"ez-toc-section-end\"><\/span><\/h2>\n<p>Las coberturas del seguro de prima natural de Mutua Madrile\u00f1a son las m\u00e1s renovadoras y completas del mercado asegurador en Espa\u00f1a. \u00bfLas coberturas de prima natural de Mutua Madrile\u00f1a que cubren? Dentro del servicio de sepelio cuenta con el traslado del cuerpo, coche funerario, contando desde un servicio de asistencia familiar para el apoyo familiar durante todo el proceso o bien para cualquier duda que se tenga, gestiones burocr\u00e1ticas. En las coberturas la que m\u00e1s relevancia es contar con el servicio de tanatorio puesto que arreglan la sala seg\u00fan las indicaciones de los familiares, aparte de preparar al cuerpo a fin de que puedan despedirse los familiares. El seguro de prima natural de Mutua Madrile\u00f1a asegura al completo de dejar el cad\u00e1ver que luzca perfectamente y sea palpablemente muy elegante merced al embalsamiento, maquillaje entre otros. Adem\u00e1s de esto si la familia lo requiere cuenta con el servicio de acto religioso, necrol\u00f3gica, entierro o bien incineraci\u00f3n entre otras de las coberturas que contiene.<\/p>\n<p><\/div><\/div><\/div>\n<h3><span class=\"ez-toc-section\" id=\"%C2%BFA_quien_va_dirigido_el_seguro_de_decesos_Prima_Natural_de_Mutua_Madrilena\"><\/span>\u00bfA qui\u00e9n va dirigido el seguro de decesos Prima Natural de Mutua Madrile\u00f1a?<span class=\"ez-toc-section-end\"><\/span><\/h3>\n<p>Prima natural de Mutua Madrile\u00f1a se dirige para aquellas personas j\u00f3venes que quieran estar cubierto al 100 por cien mas no abonar mucho m\u00e1s y mucho menos cuando haya subidas de prima. Cuando va pasando el tiempo la mayor\u00eda de los clientes del servicio comienzan a decantarse por otro g\u00e9nero de prima del cual no ocurre tantas subidas diferentes de coste.<\/p>\n<div class=\"colorf \"  ><div class=\"container clearfix\"><div class=\"col-md-7\"><\/p>\n<h2><span class=\"ez-toc-section\" id=\"Precio_de_seguro_de_decesos_Prima_Natural_Mutua_Madrilena\"><\/span>Precio de seguro de decesos Prima Natural Mutua Madrile\u00f1a<span class=\"ez-toc-section-end\"><\/span><\/h2>\n<p>El precio de prima natural des desde 2,10\u20ac mensual, el c\u00e1lculo se ha realizado tomando de punto propio la edad de la persona m\u00e1s joven el sitio donde vive y el servicio funerario sea el m\u00e1s barato. De ah\u00ed que, Mutua Madrile\u00f1a seguro de prima natural sale tan barato, dicho esto y y\u00e9ndonos a ese extremo si tienes pocos a\u00f1os y lo que vas es tener un coste econ\u00f3mico la p\u00f3liza de prima natural de Mutua Madrile\u00f1a es el m\u00e1s conveniente a tus necesidades.<\/p>\n<p><\/div><\/div><\/div>\n<h2><span class=\"ez-toc-section\" id=\"Productos_Prima_Natural_Mutua_Madrilena\"><\/span>Productos Prima Natural Mutua Madrile\u00f1a<span class=\"ez-toc-section-end\"><\/span><\/h2>\n<div class=\"colorf\"><div class=\"container clearfix\"><div class=\"col-md-7\"><div class=\"opiniones\">\n<h2><span class=\"ez-toc-section\" id=\"Opiniones_del_seguro_de_decesos_de_Prima_Natural_de_Mutua_Madrilena\"><\/span>Opiniones del seguro de decesos de Prima Natural de Mutua Madrile\u00f1a<span class=\"ez-toc-section-end\"><\/span><\/h2>\n<div class=\"opinion \"  >\n\t\t\t<div class=\"cabecera_opinion\">\n\t\t\t\t<div class=\"avatar\">D D Q <\/div>\n\t\t\t\t<div class=\"datos_opinion\">\n\t\t\t\t\t<div class=\"nombre_opinion\">Delia de Quintero<\/div>\n\t\t\t\t\t<div class=\"info_opinion\">\t\t\t\t\t\t\n\t\t\t\t\t\t<div class=\"cuenta_opinion\"><i class=\"fas fa-pencil-alt\"><\/i><!--span class=\"dashicons dashicons-edit\" style=\"font-size:20px\"><\/span--><span>1 Opini\u00f3n<\/span><\/div>\t\t\t\t\t\t\n\t\t\t\t\t\t<div class=\"localizacion_opinion\">\n\t\t\t\t\t\t\t<i class=\"fas fa-map-marker-alt\"><\/i><!--span class=\"dashicons dashicons-location\" style=\"font-size:20px\"><\/span-->\n\t\t\t\t\t\t\t<span>ES<\/span>\n\t\t\t\t\t\t<\/div>\t\n\t\t\t\t\t<\/div>\n\t\t\t\t<\/div>\n\t\t\t<\/div><div class=\"texto_opinion\"><\/p>\n<p>Estoy muy satisfecha con el seguro de decesos de prima natural de Mutua Madrile\u00f1a, ya que al ser joven me resulta financieramente econ\u00f3mico, aunque me preocupa que con los a\u00f1os vaya aumentando anualmente que lo revisare.<\/p>\n<p><\/div><\/div>\n<div class=\"opinion \"  >\n\t\t\t<div class=\"cabecera_opinion\">\n\t\t\t\t<div class=\"avatar\">P N <\/div>\n\t\t\t\t<div class=\"datos_opinion\">\n\t\t\t\t\t<div class=\"nombre_opinion\">P\u00eda Nicol\u00e1s<\/div>\n\t\t\t\t\t<div class=\"info_opinion\">\t\t\t\t\t\t\n\t\t\t\t\t\t<div class=\"cuenta_opinion\"><i class=\"fas fa-pencil-alt\"><\/i><!--span class=\"dashicons dashicons-edit\" style=\"font-size:20px\"><\/span--><span>1 Opini\u00f3n<\/span><\/div>\t\t\t\t\t\t\n\t\t\t\t\t\t<div class=\"localizacion_opinion\">\n\t\t\t\t\t\t\t<i class=\"fas fa-map-marker-alt\"><\/i><!--span class=\"dashicons dashicons-location\" style=\"font-size:20px\"><\/span-->\n\t\t\t\t\t\t\t<span>ES<\/span>\n\t\t\t\t\t\t<\/div>\t\n\t\t\t\t\t<\/div>\n\t\t\t\t<\/div>\n\t\t\t<\/div><div class=\"texto_opinion\"><\/p>\n<p>Despu\u00e9s de efectuar diferentes comparaciones con la plataforma de iDecesos tuve claro que el mejor en costo era Mutua Madrile\u00f1a con el seguro de prima natural, de esta manera que opt\u00e9 por la p\u00f3liza para \u00fanica hija.<\/p>\n<p><\/div><\/div>\n<div class=\"opinion \"  >\n\t\t\t<div class=\"cabecera_opinion\">\n\t\t\t\t<div class=\"avatar\">H P <\/div>\n\t\t\t\t<div class=\"datos_opinion\">\n\t\t\t\t\t<div class=\"nombre_opinion\">Hayd\u00e9e Pe\u00f1alver<\/div>\n\t\t\t\t\t<div class=\"info_opinion\">\t\t\t\t\t\t\n\t\t\t\t\t\t<div class=\"cuenta_opinion\"><i class=\"fas fa-pencil-alt\"><\/i><!--span class=\"dashicons dashicons-edit\" style=\"font-size:20px\"><\/span--><span>1 Opini\u00f3n<\/span><\/div>\t\t\t\t\t\t\n\t\t\t\t\t\t<div class=\"localizacion_opinion\">\n\t\t\t\t\t\t\t<i class=\"fas fa-map-marker-alt\"><\/i><!--span class=\"dashicons dashicons-location\" style=\"font-size:20px\"><\/span-->\n\t\t\t\t\t\t\t<span>ES<\/span>\n\t\t\t\t\t\t<\/div>\t\n\t\t\t\t\t<\/div>\n\t\t\t\t<\/div>\n\t\t\t<\/div><div class=\"texto_opinion\"><\/p>\n<p>Estoy muy satisfecha con el seguro de decesos de prima natural de Mutua Madrile\u00f1a, ya que al ser joven me resulta financieramente econ\u00f3mico, si bien me preocupa que con los a\u00f1os vaya incrementando anualmente que lo revisare.<\/p>\n<p><\/div><\/div>\n<\/div><\/div><\/div><\/div>\n<p><div class=\"oficinas\"><br \/>\n<!-- Shortcode [mutua-madrile%c3%b1a-hijas] does not exist --><\/p>\n<p><\/div> <h3><span class=\"ez-toc-section\" id=\"Paginas_relacionadas\"><\/span>P\u00e1ginas relacionadas<span class=\"ez-toc-section-end\"><\/span><\/h3><div class=\"enlazado\"><ul> <li><a href=\"https:\/\/idecesos.com\/seguros\/companias\/banco-mutua-madrilena\/opiniones\/\">Opiniones Mutua Madrile\u00f1a<\/a><\/li> <li><a href=\"https:\/\/idecesos.com\/seguros\/companias\/banco-mutua-madrilena\/precio\/\">Precio seguro Mutua Madrile\u00f1a<\/a><\/li> <li><a href=\"https:\/\/idecesos.com\/seguros\/companias\/banco-mutua-madrilena\/prima-mixta\/\">Mutua Madrile\u00f1a Prima Mixta<\/a><\/li> <li><a href=\"https:\/\/idecesos.com\/seguros\/companias\/banco-mutua-madrilena\/prima-natural\/\">Mutua Madrile\u00f1a Prima Natural<\/a><\/li> <li><a href=\"https:\/\/idecesos.com\/seguros\/companias\/banco-mutua-madrilena\/prima-nivelada\/\">Mutua Madrile\u00f1a Prima Nivelada<\/a><\/li> <li><a href=\"https:\/\/idecesos.com\/seguros\/companias\/banco-mutua-madrilena\/prima-unica\/\">Mutua Madrile\u00f1a Prima \u00danica<\/a><\/li> <li><a href=\"https:\/\/idecesos.com\/seguros\/companias\/banco-mutua-madrilena\/repatriacion\/\">Mutua Madrile\u00f1a Repatriaci\u00f3n<\/a><\/li> <li><a href=\"https:\/\/idecesos.com\/seguros\/companias\/banco-mutua-madrilena\/telefono\/\">Tel\u00e9fono Gratuito Mutua Madrile\u00f1a<\/a><\/li><\/ul><\/div><\/p>\n","protected":false},"excerpt":{"rendered":"<p>En Mutua Madrile\u00f1a el seguro de decesos de prima natural se mantiene de manera estable desde el instante en que se adquiere, todos los a\u00f1os existe una revisi\u00f3n de la prima que es un relaci\u00f3n a la edad. Por lo que se renueva autom\u00e1ticamente si no se llega a cancelar anterior a un mes. En&hellip; <\/p>\n","protected":false},"author":3,"featured_media":0,"parent":294,"menu_order":0,"comment_status":"closed","ping_status":"closed","template":"single.php","meta":{"footnotes":""},"class_list":["post-11516","page","type-page","status-publish","hentry"],"yoast_head":"<!-- This site is optimized with the Yoast SEO plugin v27.5 - https:\/\/yoast.com\/product\/yoast-seo-wordpress\/ -->\n<title>Seguro Decesos Mutua Madrile\u00f1a Prima Natural \u25b7 Opiniones y Precio 2026<\/title>\n<meta name=\"description\" content=\"Click aqu\u00ed \u3010Seguro de Decesos Prima Natural Mutua Madrile\u00f1a\u3011 Mejores precios Mutua Madrile\u00f1a seguro de fallecidos Prima Natural \u2611\ufe0f Actualizado por iDecesos\u00ae\" \/>\n<meta name=\"robots\" content=\"index, follow, max-snippet:-1, max-image-preview:large, max-video-preview:-1\" \/>\n<link rel=\"canonical\" href=\"https:\/\/idecesos.com\/seguros\/companias\/banco-mutua-madrilena\/prima-natural\/\" \/>\n<meta property=\"og:locale\" content=\"es_ES\" \/>\n<meta property=\"og:type\" content=\"article\" \/>\n<meta property=\"og:title\" content=\"Seguro Decesos Mutua Madrile\u00f1a Prima Natural \u25b7 Opiniones y Precio 2026\" \/>\n<meta property=\"og:description\" content=\"Click aqu\u00ed \u3010Seguro de Decesos Prima Natural Mutua Madrile\u00f1a\u3011 Mejores precios Mutua Madrile\u00f1a seguro de fallecidos Prima Natural \u2611\ufe0f Actualizado por iDecesos\u00ae\" \/>\n<meta property=\"og:url\" content=\"https:\/\/idecesos.com\/seguros\/companias\/banco-mutua-madrilena\/prima-natural\/\" \/>\n<meta property=\"article:modified_time\" content=\"2022-04-06T18:17:25+00:00\" \/>\n<meta name=\"twitter:card\" content=\"summary_large_image\" \/>\n<meta name=\"twitter:label1\" content=\"Tiempo de lectura\" \/>\n\t<meta name=\"twitter:data1\" content=\"3 minutos\" \/>\n<script type=\"application\/ld+json\" class=\"yoast-schema-graph\">{\"@context\":\"https:\\\/\\\/schema.org\",\"@graph\":[{\"@type\":\"WebPage\",\"@id\":\"https:\\\/\\\/idecesos.com\\\/seguros\\\/companias\\\/banco-mutua-madrilena\\\/prima-natural\\\/\",\"url\":\"https:\\\/\\\/idecesos.com\\\/seguros\\\/companias\\\/banco-mutua-madrilena\\\/prima-natural\\\/\",\"name\":\"Seguro Decesos Mutua Madrile\u00f1a Prima Natural \u25b7 Opiniones y Precio 2026\",\"isPartOf\":{\"@id\":\"https:\\\/\\\/idecesos.com\\\/seguros\\\/#website\"},\"datePublished\":\"2021-11-09T00:00:00+00:00\",\"dateModified\":\"2022-04-06T18:17:25+00:00\",\"description\":\"Click aqu\u00ed \u3010Seguro de Decesos Prima Natural Mutua Madrile\u00f1a\u3011 Mejores precios Mutua Madrile\u00f1a seguro de fallecidos Prima Natural \u2611\ufe0f Actualizado por iDecesos\u00ae\",\"breadcrumb\":{\"@id\":\"https:\\\/\\\/idecesos.com\\\/seguros\\\/companias\\\/banco-mutua-madrilena\\\/prima-natural\\\/#breadcrumb\"},\"inLanguage\":\"es\",\"potentialAction\":[{\"@type\":\"ReadAction\",\"target\":[\"https:\\\/\\\/idecesos.com\\\/seguros\\\/companias\\\/banco-mutua-madrilena\\\/prima-natural\\\/\"]}]},{\"@type\":\"BreadcrumbList\",\"@id\":\"https:\\\/\\\/idecesos.com\\\/seguros\\\/companias\\\/banco-mutua-madrilena\\\/prima-natural\\\/#breadcrumb\",\"itemListElement\":[{\"@type\":\"ListItem\",\"position\":1,\"name\":\"Portada\",\"item\":\"https:\\\/\\\/idecesos.com\\\/seguros\\\/\"},{\"@type\":\"ListItem\",\"position\":2,\"name\":\"Compa\u00f1\u00edas de Seguros de Decesos en Espa\u00f1a\",\"item\":\"https:\\\/\\\/idecesos.com\\\/seguros\\\/companias\\\/\"},{\"@type\":\"ListItem\",\"position\":3,\"name\":\"Seguro de decesos Mutua Madrile\u00f1a\",\"item\":\"https:\\\/\\\/idecesos.com\\\/seguros\\\/companias\\\/banco-mutua-madrilena\\\/\"},{\"@type\":\"ListItem\",\"position\":4,\"name\":\"Seguro de decesos Mutua Madrile\u00f1a Prima Natural\"}]},{\"@type\":\"WebSite\",\"@id\":\"https:\\\/\\\/idecesos.com\\\/seguros\\\/#website\",\"url\":\"https:\\\/\\\/idecesos.com\\\/seguros\\\/\",\"name\":\"\",\"description\":\"\",\"potentialAction\":[{\"@type\":\"SearchAction\",\"target\":{\"@type\":\"EntryPoint\",\"urlTemplate\":\"https:\\\/\\\/idecesos.com\\\/seguros\\\/?s={search_term_string}\"},\"query-input\":{\"@type\":\"PropertyValueSpecification\",\"valueRequired\":true,\"valueName\":\"search_term_string\"}}],\"inLanguage\":\"es\"}]}<\/script>\n<!-- \/ Yoast SEO plugin. -->","yoast_head_json":{"title":"Seguro Decesos Mutua Madrile\u00f1a Prima Natural \u25b7 Opiniones y Precio 2026","description":"Click aqu\u00ed \u3010Seguro de Decesos Prima Natural Mutua Madrile\u00f1a\u3011 Mejores precios Mutua Madrile\u00f1a seguro de fallecidos Prima Natural \u2611\ufe0f Actualizado por iDecesos\u00ae","robots":{"index":"index","follow":"follow","max-snippet":"max-snippet:-1","max-image-preview":"max-image-preview:large","max-video-preview":"max-video-preview:-1"},"canonical":"https:\/\/idecesos.com\/seguros\/companias\/banco-mutua-madrilena\/prima-natural\/","og_locale":"es_ES","og_type":"article","og_title":"Seguro Decesos Mutua Madrile\u00f1a Prima Natural \u25b7 Opiniones y Precio 2026","og_description":"Click aqu\u00ed \u3010Seguro de Decesos Prima Natural Mutua Madrile\u00f1a\u3011 Mejores precios Mutua Madrile\u00f1a seguro de fallecidos Prima Natural \u2611\ufe0f Actualizado por iDecesos\u00ae","og_url":"https:\/\/idecesos.com\/seguros\/companias\/banco-mutua-madrilena\/prima-natural\/","article_modified_time":"2022-04-06T18:17:25+00:00","twitter_card":"summary_large_image","twitter_misc":{"Tiempo de lectura":"3 minutos"},"schema":{"@context":"https:\/\/schema.org","@graph":[{"@type":"WebPage","@id":"https:\/\/idecesos.com\/seguros\/companias\/banco-mutua-madrilena\/prima-natural\/","url":"https:\/\/idecesos.com\/seguros\/companias\/banco-mutua-madrilena\/prima-natural\/","name":"Seguro Decesos Mutua Madrile\u00f1a Prima Natural \u25b7 Opiniones y Precio 2026","isPartOf":{"@id":"https:\/\/idecesos.com\/seguros\/#website"},"datePublished":"2021-11-09T00:00:00+00:00","dateModified":"2022-04-06T18:17:25+00:00","description":"Click aqu\u00ed \u3010Seguro de Decesos Prima Natural Mutua Madrile\u00f1a\u3011 Mejores precios Mutua Madrile\u00f1a seguro de fallecidos Prima Natural \u2611\ufe0f Actualizado por iDecesos\u00ae","breadcrumb":{"@id":"https:\/\/idecesos.com\/seguros\/companias\/banco-mutua-madrilena\/prima-natural\/#breadcrumb"},"inLanguage":"es","potentialAction":[{"@type":"ReadAction","target":["https:\/\/idecesos.com\/seguros\/companias\/banco-mutua-madrilena\/prima-natural\/"]}]},{"@type":"BreadcrumbList","@id":"https:\/\/idecesos.com\/seguros\/companias\/banco-mutua-madrilena\/prima-natural\/#breadcrumb","itemListElement":[{"@type":"ListItem","position":1,"name":"Portada","item":"https:\/\/idecesos.com\/seguros\/"},{"@type":"ListItem","position":2,"name":"Compa\u00f1\u00edas de Seguros de Decesos en Espa\u00f1a","item":"https:\/\/idecesos.com\/seguros\/companias\/"},{"@type":"ListItem","position":3,"name":"Seguro de decesos Mutua Madrile\u00f1a","item":"https:\/\/idecesos.com\/seguros\/companias\/banco-mutua-madrilena\/"},{"@type":"ListItem","position":4,"name":"Seguro de decesos Mutua Madrile\u00f1a Prima Natural"}]},{"@type":"WebSite","@id":"https:\/\/idecesos.com\/seguros\/#website","url":"https:\/\/idecesos.com\/seguros\/","name":"","description":"","potentialAction":[{"@type":"SearchAction","target":{"@type":"EntryPoint","urlTemplate":"https:\/\/idecesos.com\/seguros\/?s={search_term_string}"},"query-input":{"@type":"PropertyValueSpecification","valueRequired":true,"valueName":"search_term_string"}}],"inLanguage":"es"}]}},"_links":{"self":[{"href":"https:\/\/idecesos.com\/seguros\/wp-json\/wp\/v2\/pages\/11516","targetHints":{"allow":["GET"]}}],"collection":[{"href":"https:\/\/idecesos.com\/seguros\/wp-json\/wp\/v2\/pages"}],"about":[{"href":"https:\/\/idecesos.com\/seguros\/wp-json\/wp\/v2\/types\/page"}],"author":[{"embeddable":true,"href":"https:\/\/idecesos.com\/seguros\/wp-json\/wp\/v2\/users\/3"}],"replies":[{"embeddable":true,"href":"https:\/\/idecesos.com\/seguros\/wp-json\/wp\/v2\/comments?post=11516"}],"version-history":[{"count":2,"href":"https:\/\/idecesos.com\/seguros\/wp-json\/wp\/v2\/pages\/11516\/revisions"}],"predecessor-version":[{"id":21022,"href":"https:\/\/idecesos.com\/seguros\/wp-json\/wp\/v2\/pages\/11516\/revisions\/21022"}],"up":[{"embeddable":true,"href":"https:\/\/idecesos.com\/seguros\/wp-json\/wp\/v2\/pages\/294"}],"wp:attachment":[{"href":"https:\/\/idecesos.com\/seguros\/wp-json\/wp\/v2\/media?parent=11516"}],"curies":[{"name":"wp","href":"https:\/\/api.w.org\/{rel}","templated":true}]}}