{"id":11518,"date":"2021-11-09T00:00:00","date_gmt":"2021-11-09T00:00:00","guid":{"rendered":"https:\/\/idecesos.com\/seguros\/?page_id=11518"},"modified":"2022-01-03T12:31:05","modified_gmt":"2022-01-03T12:31:05","slug":"prima-natural","status":"publish","type":"page","link":"https:\/\/idecesos.com\/seguros\/companias\/mapfre\/prima-natural\/","title":{"rendered":"Seguro de decesos Mapfre Prima Natural"},"content":{"rendered":"<div id=\"ez-toc-container\" class=\"ez-toc-v2_0_82_2 ez-toc-wrap-center counter-hierarchy ez-toc-counter ez-toc-custom ez-toc-container-direction\">\n<div class=\"ez-toc-title-container\">\n<p class=\"ez-toc-title\" style=\"cursor:inherit\">Tabla de Contenido<\/p>\n<span class=\"ez-toc-title-toggle\"><a href=\"#\" class=\"ez-toc-pull-right ez-toc-btn ez-toc-btn-xs ez-toc-btn-default ez-toc-toggle\" aria-label=\"Alternar tabla de contenidos\"><span class=\"ez-toc-js-icon-con\"><span class=\"\"><span class=\"eztoc-hide\" style=\"display:none;\">Toggle<\/span><span class=\"ez-toc-icon-toggle-span\"><svg style=\"fill: #db6415;color:#db6415\" xmlns=\"http:\/\/www.w3.org\/2000\/svg\" class=\"list-377408\" width=\"20px\" height=\"20px\" viewBox=\"0 0 24 24\" fill=\"none\"><path d=\"M6 6H4v2h2V6zm14 0H8v2h12V6zM4 11h2v2H4v-2zm16 0H8v2h12v-2zM4 16h2v2H4v-2zm16 0H8v2h12v-2z\" fill=\"currentColor\"><\/path><\/svg><svg style=\"fill: #db6415;color:#db6415\" class=\"arrow-unsorted-368013\" xmlns=\"http:\/\/www.w3.org\/2000\/svg\" width=\"10px\" height=\"10px\" viewBox=\"0 0 24 24\" version=\"1.2\" baseProfile=\"tiny\"><path d=\"M18.2 9.3l-6.2-6.3-6.2 6.3c-.2.2-.3.4-.3.7s.1.5.3.7c.2.2.4.3.7.3h11c.3 0 .5-.1.7-.3.2-.2.3-.5.3-.7s-.1-.5-.3-.7zM5.8 14.7l6.2 6.3 6.2-6.3c.2-.2.3-.5.3-.7s-.1-.5-.3-.7c-.2-.2-.4-.3-.7-.3h-11c-.3 0-.5.1-.7.3-.2.2-.3.5-.3.7s.1.5.3.7z\"\/><\/svg><\/span><\/span><\/span><\/a><\/span><\/div>\n<nav><ul class='ez-toc-list ez-toc-list-level-1 ' ><li class='ez-toc-page-1 ez-toc-heading-level-2'><a class=\"ez-toc-link ez-toc-heading-1\" href=\"https:\/\/idecesos.com\/seguros\/companias\/mapfre\/prima-natural\/#Coberturas_seguro_Prima_Natural_Mapfre\" >Coberturas seguro Prima Natural Mapfre<\/a><ul class='ez-toc-list-level-3' ><li class='ez-toc-heading-level-3'><a class=\"ez-toc-link ez-toc-heading-2\" href=\"https:\/\/idecesos.com\/seguros\/companias\/mapfre\/prima-natural\/#%C2%BFA_quien_va_dirigido_el_seguro_de_decesos_Prima_Natural_de_Mapfre\" >\u00bfA qui\u00e9n va dirigido el seguro de decesos Prima Natural de Mapfre?<\/a><\/li><\/ul><\/li><li class='ez-toc-page-1 ez-toc-heading-level-2'><a class=\"ez-toc-link ez-toc-heading-3\" href=\"https:\/\/idecesos.com\/seguros\/companias\/mapfre\/prima-natural\/#Precio_de_seguro_de_decesos_Prima_Natural_Mapfre\" >Precio de seguro de decesos Prima Natural Mapfre<\/a><\/li><li class='ez-toc-page-1 ez-toc-heading-level-2'><a class=\"ez-toc-link ez-toc-heading-4\" href=\"https:\/\/idecesos.com\/seguros\/companias\/mapfre\/prima-natural\/#Productos_Prima_Natural_Mapfre\" >Productos Prima Natural Mapfre<\/a><\/li><li class='ez-toc-page-1 ez-toc-heading-level-2'><a class=\"ez-toc-link ez-toc-heading-5\" href=\"https:\/\/idecesos.com\/seguros\/companias\/mapfre\/prima-natural\/#Opiniones_del_seguro_de_decesos_de_Prima_Natural_de_Mapfre\" >Opiniones del seguro de decesos de Prima Natural de Mapfre<\/a><ul class='ez-toc-list-level-3' ><li class='ez-toc-heading-level-3'><a class=\"ez-toc-link ez-toc-heading-6\" href=\"https:\/\/idecesos.com\/seguros\/companias\/mapfre\/prima-natural\/#Paginas_relacionadas\" >P\u00e1ginas relacionadas<\/a><\/li><\/ul><\/li><\/ul><\/nav><\/div>\n\n<p>El seguro de decesos de prima natural de Mapfre se explicara de forma m\u00e1s sencilla y en qu\u00e9 consiste este tipo de seguro. Una de las primordiales peculiaridades de prima natural de Mapfre es debido que la prima aumenta dependiendo de la edad del asegurado en tanto que podr\u00eda haber mayor peligro de morir. Tras el an\u00e1lisis que se ha llevado a cabo el resultado es que la esperanza de vida es reducida. Asimismo, el coste asimismo va asociado al incremento del valor de los servicios funerarios asociados en todos y cada localidad, y suelen variar. El pago de prima natural de Mapfre resulta financieramente econ\u00f3mico que todos optan por esta p\u00f3liza. <\/p>\n<p>Leer m\u00e1s: <a href=\"https:\/\/idecesos.com\/seguros\/tipo\/natural\/\">Seguro de decesos Prima Natural<\/a><\/p>\n<div class=\"colorf \"  ><div class=\"container clearfix\"><div class=\"col-md-7\"><\/p>\n<h2><span class=\"ez-toc-section\" id=\"Coberturas_seguro_Prima_Natural_Mapfre\"><\/span>Coberturas seguro Prima Natural Mapfre<span class=\"ez-toc-section-end\"><\/span><\/h2>\n<p>Mapfre seguro de prima natural cuenta con unas coberturas muy favorecedoras para el servicio funerario ya que deja todo cubierto desde el desplazamiento del fallecido, coche f\u00fanebre entre otros. En el servicio que se da en todo instante es el m\u00e1s estricto y fr\u00e1gil para la persona que ha fallecido como es el caso de una, corona floral, acomodarlo de manera m\u00e1s eficiente, adem\u00e1s de esto el texto con relaci\u00f3n a la esquela deber\u00e1 ser aprobado por los familiares. Se puede destacar la relevancia que con tener todo cubierto como el servicio tanatorio puesto que merced a ello arreglan el sitio de manera exhaustiva para que los familiares puedan despedirse del fallecido de una forma m\u00e1s tranquila. Siendo de los m\u00e1s destacados Mapfre la prima natural cuenta con coberturas ampl\u00edsimas que quedan registrados en la normativa en vigor, si bien adem\u00e1s de ello, vas a poder tener la opci\u00f3n de escoger relaci\u00f3n ya queda incluido en el servicio. En el momento del servicio religioso se realizar\u00e1 dentro de la capilla del tanatorio brindando m\u00e1s serenidad a los familiares, no obstante en el camposanto el sacerdote dice unas \u00faltimas palabra. Si bien cada lugar es independiente por lo que pueden tener otras costumbres. El seguro de prima natural Mapfre cuentas con unas coberturas complementarias de las cu\u00e1les van a poder disfrutar los asegurados durante la vigencia de la p\u00f3liza. <\/p>\n<p><\/div><\/div><\/div>\n<h3><span class=\"ez-toc-section\" id=\"%C2%BFA_quien_va_dirigido_el_seguro_de_decesos_Prima_Natural_de_Mapfre\"><\/span>\u00bfA qui\u00e9n va dirigido el seguro de decesos Prima Natural de Mapfre?<span class=\"ez-toc-section-end\"><\/span><\/h3>\n<p>Mapfre prima natural va enfocado a un p\u00fablico joven con grandes que quiere estar cubierto mas no quiere gastar dinero en una prima, y es menos previsor con respecto a subidas futuras. Cuando va pasando el tiempo la mayor parte de los clientes empiezan a optar por otro tipo de prima del que no ocurre tantas subidas diferentes de coste. <\/p>\n<div class=\"colorf \"  ><div class=\"container clearfix\"><div class=\"col-md-7\"><\/p>\n<h2><span class=\"ez-toc-section\" id=\"Precio_de_seguro_de_decesos_Prima_Natural_Mapfre\"><\/span>Precio de seguro de decesos Prima Natural Mapfre<span class=\"ez-toc-section-end\"><\/span><\/h2>\n<p>Se han cogido puntos referenciales para realizar el c\u00e1lculo del coste que es desde 2,15 euros por mes, se ha cogido la edad de la persona joven y localidad de la cual los precios de servicios funerarios resulten m\u00e1s econ\u00f3micos con respecto al seguro de prima natural de Mapfre. Es de los mejores costes del seguro de prima natural de Mapfre y de lo m\u00e1s asequible que puede contratar. Puede equiparar en iDecesos en 1 minuto costes y asegurarte de que va a pagar por el seguro de decesos de prima natural m\u00e1s conveniente a sus necesidades. <\/p>\n<p><\/div><\/div><\/div>\n<h2><span class=\"ez-toc-section\" id=\"Productos_Prima_Natural_Mapfre\"><\/span>Productos Prima Natural Mapfre<span class=\"ez-toc-section-end\"><\/span><\/h2>\n<div class=\"colorf\"><div class=\"container clearfix\"><div class=\"col-md-7\"><div class=\"opiniones\">\n<h2><span class=\"ez-toc-section\" id=\"Opiniones_del_seguro_de_decesos_de_Prima_Natural_de_Mapfre\"><\/span>Opiniones del seguro de decesos de Prima Natural de Mapfre<span class=\"ez-toc-section-end\"><\/span><\/h2>\n<div class=\"opinion \"  >\n\t\t\t<div class=\"cabecera_opinion\">\n\t\t\t\t<div class=\"avatar\">S T <\/div>\n\t\t\t\t<div class=\"datos_opinion\">\n\t\t\t\t\t<div class=\"nombre_opinion\">Stefan Toller<\/div>\n\t\t\t\t\t<div class=\"info_opinion\">\t\t\t\t\t\t\n\t\t\t\t\t\t<div class=\"cuenta_opinion\"><i class=\"fas fa-pencil-alt\"><\/i><!--span class=\"dashicons dashicons-edit\" style=\"font-size:20px\"><\/span--><span>1 Opini\u00f3n<\/span><\/div>\t\t\t\t\t\t\n\t\t\t\t\t\t<div class=\"localizacion_opinion\">\n\t\t\t\t\t\t\t<i class=\"fas fa-map-marker-alt\"><\/i><!--span class=\"dashicons dashicons-location\" style=\"font-size:20px\"><\/span-->\n\t\t\t\t\t\t\t<span>ES<\/span>\n\t\t\t\t\t\t<\/div>\t\n\t\t\t\t\t<\/div>\n\t\t\t\t<\/div>\n\t\t\t<\/div><div class=\"texto_opinion\"><\/p>\n<p>Yo estoy muy contenta ya que los pagos que realizo son de los m\u00e1s econ\u00f3micos, tengo asegurado a mis hijos con el seguro de prima natural de Mapfre que cuentan con todos los servicios al completo. El pago que realizo es tan solo de 13 euros mensuales.<\/p>\n<p><\/div><\/div>\n<div class=\"opinion \"  >\n\t\t\t<div class=\"cabecera_opinion\">\n\t\t\t\t<div class=\"avatar\">A A <\/div>\n\t\t\t\t<div class=\"datos_opinion\">\n\t\t\t\t\t<div class=\"nombre_opinion\">An\u00edbal Arsenio<\/div>\n\t\t\t\t\t<div class=\"info_opinion\">\t\t\t\t\t\t\n\t\t\t\t\t\t<div class=\"cuenta_opinion\"><i class=\"fas fa-pencil-alt\"><\/i><!--span class=\"dashicons dashicons-edit\" style=\"font-size:20px\"><\/span--><span>1 Opini\u00f3n<\/span><\/div>\t\t\t\t\t\t\n\t\t\t\t\t\t<div class=\"localizacion_opinion\">\n\t\t\t\t\t\t\t<i class=\"fas fa-map-marker-alt\"><\/i><!--span class=\"dashicons dashicons-location\" style=\"font-size:20px\"><\/span-->\n\t\t\t\t\t\t\t<span>ES<\/span>\n\t\t\t\t\t\t<\/div>\t\n\t\t\t\t\t<\/div>\n\t\t\t\t<\/div>\n\t\t\t<\/div><div class=\"texto_opinion\"><\/p>\n<p>Yo estoy muy contenta ya que los pagos que realizo son de los m\u00e1s econ\u00f3micos, tengo asegurado a mis hijos con el seguro de prima natural de Mapfre que cuentan con todos los servicios al completo. El pago que realizo es tan solo de 13\u20ac mensuales.<\/p>\n<p><\/div><\/div>\n<div class=\"opinion \"  >\n\t\t\t<div class=\"cabecera_opinion\">\n\t\t\t\t<div class=\"avatar\">N B <\/div>\n\t\t\t\t<div class=\"datos_opinion\">\n\t\t\t\t\t<div class=\"nombre_opinion\">Nuria Barbero<\/div>\n\t\t\t\t\t<div class=\"info_opinion\">\t\t\t\t\t\t\n\t\t\t\t\t\t<div class=\"cuenta_opinion\"><i class=\"fas fa-pencil-alt\"><\/i><!--span class=\"dashicons dashicons-edit\" style=\"font-size:20px\"><\/span--><span>1 Opini\u00f3n<\/span><\/div>\t\t\t\t\t\t\n\t\t\t\t\t\t<div class=\"localizacion_opinion\">\n\t\t\t\t\t\t\t<i class=\"fas fa-map-marker-alt\"><\/i><!--span class=\"dashicons dashicons-location\" style=\"font-size:20px\"><\/span-->\n\t\t\t\t\t\t\t<span>ES<\/span>\n\t\t\t\t\t\t<\/div>\t\n\t\t\t\t\t<\/div>\n\t\t\t\t<\/div>\n\t\t\t<\/div><div class=\"texto_opinion\"><\/p>\n<p>Dentro de mi familia se lo he recomendado a los que son de una edad joven ya que contar\u00e1n con buenas coberturas con el seguro de decesos de prima natural de Mapfre. Si bien cuando cumplan m\u00e1s a\u00f1os deber\u00edan repasar las subidas anuales.<\/p>\n<p><\/div><\/div>\n<\/div><\/div><\/div><\/div>\n<p><div class=\"oficinas\"><br \/>\n<h3><span class=\"ez-toc-section\" id=\"Paginas_relacionadas\"><\/span>P\u00e1ginas relacionadas<span class=\"ez-toc-section-end\"><\/span><\/h3><div class=\"enlazado\"><ul> <li><a href=\"https:\/\/idecesos.com\/seguros\/companias\/mapfre\/asistencia\/\">Mapfre Asistencia Decesos<\/a><\/li> <li><a href=\"https:\/\/idecesos.com\/seguros\/companias\/mapfre\/coberturas\/\">Coberturas Mapfre<\/a><\/li> <li><a href=\"https:\/\/idecesos.com\/seguros\/companias\/mapfre\/esencial\/\">Mapfre Esencial<\/a><\/li> <li><a href=\"https:\/\/idecesos.com\/seguros\/companias\/mapfre\/opiniones\/\">Opiniones MAPFRE<\/a><\/li> <li><a href=\"https:\/\/idecesos.com\/seguros\/companias\/mapfre\/precio\/\">Precio seguro Mapfre<\/a><\/li> <li><a href=\"https:\/\/idecesos.com\/seguros\/companias\/mapfre\/prima-mixta\/\">Mapfre Prima Mixta<\/a><\/li> <li><a href=\"https:\/\/idecesos.com\/seguros\/companias\/mapfre\/prima-natural\/\">Mapfre Prima Natural<\/a><\/li> <li><a href=\"https:\/\/idecesos.com\/seguros\/companias\/mapfre\/prima-nivelada\/\">Mapfre Prima Nivelada<\/a><\/li> <li><a href=\"https:\/\/idecesos.com\/seguros\/companias\/mapfre\/prima-unica\/\">Mapfre Prima \u00danica<\/a><\/li> <li><a href=\"https:\/\/idecesos.com\/seguros\/companias\/mapfre\/quejas\/\">Quejas Mapfre<\/a><\/li> <li><a href=\"https:\/\/idecesos.com\/seguros\/companias\/mapfre\/repatriacion\/\">Mapfre Repatriaci\u00f3n<\/a><\/li> <li><a href=\"https:\/\/idecesos.com\/seguros\/companias\/mapfre\/telefono\/\">Tel\u00e9fono Gratuito Mapfre<\/a><\/li> <li><a href=\"https:\/\/idecesos.com\/seguros\/companias\/mapfre\/universal\/\">Seguro de Decesos Universal Mapfre<\/a><\/li><\/ul><\/div><\/p>\n<\/div>\n","protected":false},"excerpt":{"rendered":"<p>El seguro de decesos de prima natural de Mapfre se explicara de forma m\u00e1s sencilla y en qu\u00e9 consiste este tipo de seguro. Una de las primordiales peculiaridades de prima natural de Mapfre es debido que la prima aumenta dependiendo de la edad del asegurado en tanto que podr\u00eda haber mayor peligro de morir. Tras&hellip; <\/p>\n","protected":false},"author":3,"featured_media":0,"parent":414,"menu_order":0,"comment_status":"closed","ping_status":"closed","template":"single.php","meta":{"footnotes":""},"class_list":["post-11518","page","type-page","status-publish","hentry"],"yoast_head":"<!-- This site is optimized with the Yoast SEO plugin v27.3 - https:\/\/yoast.com\/product\/yoast-seo-wordpress\/ -->\n<title>Seguro Decesos Mapfre Prima Natural \u25b7 Opiniones y Precio 2026<\/title>\n<meta name=\"description\" content=\"Click aqu\u00ed \u3010Seguro de Decesos Prima Natural Mapfre\u3011 Mejores precios Mapfre seguro de fallecidos Prima Natural \u2611\ufe0f Actualizado por iDecesos\u00ae\" \/>\n<meta name=\"robots\" content=\"index, follow, max-snippet:-1, max-image-preview:large, max-video-preview:-1\" \/>\n<link rel=\"canonical\" href=\"https:\/\/idecesos.com\/seguros\/companias\/mapfre\/prima-natural\/\" \/>\n<meta property=\"og:locale\" content=\"es_ES\" \/>\n<meta property=\"og:type\" content=\"article\" \/>\n<meta property=\"og:title\" content=\"Seguro Decesos Mapfre Prima Natural \u25b7 Opiniones y Precio 2026\" \/>\n<meta property=\"og:description\" content=\"Click aqu\u00ed \u3010Seguro de Decesos Prima Natural Mapfre\u3011 Mejores precios Mapfre seguro de fallecidos Prima Natural \u2611\ufe0f Actualizado por iDecesos\u00ae\" \/>\n<meta property=\"og:url\" content=\"https:\/\/idecesos.com\/seguros\/companias\/mapfre\/prima-natural\/\" \/>\n<meta property=\"article:modified_time\" content=\"2022-01-03T12:31:05+00:00\" \/>\n<meta name=\"twitter:card\" content=\"summary_large_image\" \/>\n<meta name=\"twitter:label1\" content=\"Tiempo de lectura\" \/>\n\t<meta name=\"twitter:data1\" content=\"54 minutos\" \/>\n<script type=\"application\/ld+json\" class=\"yoast-schema-graph\">{\"@context\":\"https:\\\/\\\/schema.org\",\"@graph\":[{\"@type\":\"WebPage\",\"@id\":\"https:\\\/\\\/idecesos.com\\\/seguros\\\/companias\\\/mapfre\\\/prima-natural\\\/\",\"url\":\"https:\\\/\\\/idecesos.com\\\/seguros\\\/companias\\\/mapfre\\\/prima-natural\\\/\",\"name\":\"Seguro Decesos Mapfre Prima Natural \u25b7 Opiniones y Precio 2026\",\"isPartOf\":{\"@id\":\"https:\\\/\\\/idecesos.com\\\/seguros\\\/#website\"},\"datePublished\":\"2021-11-09T00:00:00+00:00\",\"dateModified\":\"2022-01-03T12:31:05+00:00\",\"description\":\"Click aqu\u00ed \u3010Seguro de Decesos Prima Natural Mapfre\u3011 Mejores precios Mapfre seguro de fallecidos Prima Natural \u2611\ufe0f Actualizado por iDecesos\u00ae\",\"breadcrumb\":{\"@id\":\"https:\\\/\\\/idecesos.com\\\/seguros\\\/companias\\\/mapfre\\\/prima-natural\\\/#breadcrumb\"},\"inLanguage\":\"es\",\"potentialAction\":[{\"@type\":\"ReadAction\",\"target\":[\"https:\\\/\\\/idecesos.com\\\/seguros\\\/companias\\\/mapfre\\\/prima-natural\\\/\"]}]},{\"@type\":\"BreadcrumbList\",\"@id\":\"https:\\\/\\\/idecesos.com\\\/seguros\\\/companias\\\/mapfre\\\/prima-natural\\\/#breadcrumb\",\"itemListElement\":[{\"@type\":\"ListItem\",\"position\":1,\"name\":\"Portada\",\"item\":\"https:\\\/\\\/idecesos.com\\\/seguros\\\/\"},{\"@type\":\"ListItem\",\"position\":2,\"name\":\"Compa\u00f1\u00edas de Seguros de Decesos en Espa\u00f1a\",\"item\":\"https:\\\/\\\/idecesos.com\\\/seguros\\\/companias\\\/\"},{\"@type\":\"ListItem\",\"position\":3,\"name\":\"Seguro de decesos Mapfre\",\"item\":\"https:\\\/\\\/idecesos.com\\\/seguros\\\/companias\\\/mapfre\\\/\"},{\"@type\":\"ListItem\",\"position\":4,\"name\":\"Seguro de decesos Mapfre Prima Natural\"}]},{\"@type\":\"WebSite\",\"@id\":\"https:\\\/\\\/idecesos.com\\\/seguros\\\/#website\",\"url\":\"https:\\\/\\\/idecesos.com\\\/seguros\\\/\",\"name\":\"\",\"description\":\"\",\"potentialAction\":[{\"@type\":\"SearchAction\",\"target\":{\"@type\":\"EntryPoint\",\"urlTemplate\":\"https:\\\/\\\/idecesos.com\\\/seguros\\\/?s={search_term_string}\"},\"query-input\":{\"@type\":\"PropertyValueSpecification\",\"valueRequired\":true,\"valueName\":\"search_term_string\"}}],\"inLanguage\":\"es\"}]}<\/script>\n<!-- \/ Yoast SEO plugin. -->","yoast_head_json":{"title":"Seguro Decesos Mapfre Prima Natural \u25b7 Opiniones y Precio 2026","description":"Click aqu\u00ed \u3010Seguro de Decesos Prima Natural Mapfre\u3011 Mejores precios Mapfre seguro de fallecidos Prima Natural \u2611\ufe0f Actualizado por iDecesos\u00ae","robots":{"index":"index","follow":"follow","max-snippet":"max-snippet:-1","max-image-preview":"max-image-preview:large","max-video-preview":"max-video-preview:-1"},"canonical":"https:\/\/idecesos.com\/seguros\/companias\/mapfre\/prima-natural\/","og_locale":"es_ES","og_type":"article","og_title":"Seguro Decesos Mapfre Prima Natural \u25b7 Opiniones y Precio 2026","og_description":"Click aqu\u00ed \u3010Seguro de Decesos Prima Natural Mapfre\u3011 Mejores precios Mapfre seguro de fallecidos Prima Natural \u2611\ufe0f Actualizado por iDecesos\u00ae","og_url":"https:\/\/idecesos.com\/seguros\/companias\/mapfre\/prima-natural\/","article_modified_time":"2022-01-03T12:31:05+00:00","twitter_card":"summary_large_image","twitter_misc":{"Tiempo de lectura":"54 minutos"},"schema":{"@context":"https:\/\/schema.org","@graph":[{"@type":"WebPage","@id":"https:\/\/idecesos.com\/seguros\/companias\/mapfre\/prima-natural\/","url":"https:\/\/idecesos.com\/seguros\/companias\/mapfre\/prima-natural\/","name":"Seguro Decesos Mapfre Prima Natural \u25b7 Opiniones y Precio 2026","isPartOf":{"@id":"https:\/\/idecesos.com\/seguros\/#website"},"datePublished":"2021-11-09T00:00:00+00:00","dateModified":"2022-01-03T12:31:05+00:00","description":"Click aqu\u00ed \u3010Seguro de Decesos Prima Natural Mapfre\u3011 Mejores precios Mapfre seguro de fallecidos Prima Natural \u2611\ufe0f Actualizado por iDecesos\u00ae","breadcrumb":{"@id":"https:\/\/idecesos.com\/seguros\/companias\/mapfre\/prima-natural\/#breadcrumb"},"inLanguage":"es","potentialAction":[{"@type":"ReadAction","target":["https:\/\/idecesos.com\/seguros\/companias\/mapfre\/prima-natural\/"]}]},{"@type":"BreadcrumbList","@id":"https:\/\/idecesos.com\/seguros\/companias\/mapfre\/prima-natural\/#breadcrumb","itemListElement":[{"@type":"ListItem","position":1,"name":"Portada","item":"https:\/\/idecesos.com\/seguros\/"},{"@type":"ListItem","position":2,"name":"Compa\u00f1\u00edas de Seguros de Decesos en Espa\u00f1a","item":"https:\/\/idecesos.com\/seguros\/companias\/"},{"@type":"ListItem","position":3,"name":"Seguro de decesos Mapfre","item":"https:\/\/idecesos.com\/seguros\/companias\/mapfre\/"},{"@type":"ListItem","position":4,"name":"Seguro de decesos Mapfre Prima Natural"}]},{"@type":"WebSite","@id":"https:\/\/idecesos.com\/seguros\/#website","url":"https:\/\/idecesos.com\/seguros\/","name":"","description":"","potentialAction":[{"@type":"SearchAction","target":{"@type":"EntryPoint","urlTemplate":"https:\/\/idecesos.com\/seguros\/?s={search_term_string}"},"query-input":{"@type":"PropertyValueSpecification","valueRequired":true,"valueName":"search_term_string"}}],"inLanguage":"es"}]}},"_links":{"self":[{"href":"https:\/\/idecesos.com\/seguros\/wp-json\/wp\/v2\/pages\/11518","targetHints":{"allow":["GET"]}}],"collection":[{"href":"https:\/\/idecesos.com\/seguros\/wp-json\/wp\/v2\/pages"}],"about":[{"href":"https:\/\/idecesos.com\/seguros\/wp-json\/wp\/v2\/types\/page"}],"author":[{"embeddable":true,"href":"https:\/\/idecesos.com\/seguros\/wp-json\/wp\/v2\/users\/3"}],"replies":[{"embeddable":true,"href":"https:\/\/idecesos.com\/seguros\/wp-json\/wp\/v2\/comments?post=11518"}],"version-history":[{"count":1,"href":"https:\/\/idecesos.com\/seguros\/wp-json\/wp\/v2\/pages\/11518\/revisions"}],"predecessor-version":[{"id":13025,"href":"https:\/\/idecesos.com\/seguros\/wp-json\/wp\/v2\/pages\/11518\/revisions\/13025"}],"up":[{"embeddable":true,"href":"https:\/\/idecesos.com\/seguros\/wp-json\/wp\/v2\/pages\/414"}],"wp:attachment":[{"href":"https:\/\/idecesos.com\/seguros\/wp-json\/wp\/v2\/media?parent=11518"}],"curies":[{"name":"wp","href":"https:\/\/api.w.org\/{rel}","templated":true}]}}