{"id":11522,"date":"2021-11-10T00:00:00","date_gmt":"2021-11-10T00:00:00","guid":{"rendered":"https:\/\/idecesos.com\/seguros\/?page_id=11522"},"modified":"2022-01-03T12:30:03","modified_gmt":"2022-01-03T12:30:03","slug":"repatriacion","status":"publish","type":"page","link":"https:\/\/idecesos.com\/seguros\/companias\/caixa-ontinyent\/repatriacion\/","title":{"rendered":"Seguro de decesos Caixa Ontinyent con repatriaci\u00f3n"},"content":{"rendered":"<div id=\"ez-toc-container\" class=\"ez-toc-v2_0_82_2 ez-toc-wrap-center counter-hierarchy ez-toc-counter ez-toc-custom ez-toc-container-direction\">\n<div class=\"ez-toc-title-container\">\n<p class=\"ez-toc-title\" style=\"cursor:inherit\">Tabla de Contenido<\/p>\n<span class=\"ez-toc-title-toggle\"><a href=\"#\" class=\"ez-toc-pull-right ez-toc-btn ez-toc-btn-xs ez-toc-btn-default ez-toc-toggle\" aria-label=\"Alternar tabla de contenidos\"><span class=\"ez-toc-js-icon-con\"><span class=\"\"><span class=\"eztoc-hide\" style=\"display:none;\">Toggle<\/span><span class=\"ez-toc-icon-toggle-span\"><svg style=\"fill: #db6415;color:#db6415\" xmlns=\"http:\/\/www.w3.org\/2000\/svg\" class=\"list-377408\" width=\"20px\" height=\"20px\" viewBox=\"0 0 24 24\" fill=\"none\"><path d=\"M6 6H4v2h2V6zm14 0H8v2h12V6zM4 11h2v2H4v-2zm16 0H8v2h12v-2zM4 16h2v2H4v-2zm16 0H8v2h12v-2z\" fill=\"currentColor\"><\/path><\/svg><svg style=\"fill: #db6415;color:#db6415\" class=\"arrow-unsorted-368013\" xmlns=\"http:\/\/www.w3.org\/2000\/svg\" width=\"10px\" height=\"10px\" viewBox=\"0 0 24 24\" version=\"1.2\" baseProfile=\"tiny\"><path d=\"M18.2 9.3l-6.2-6.3-6.2 6.3c-.2.2-.3.4-.3.7s.1.5.3.7c.2.2.4.3.7.3h11c.3 0 .5-.1.7-.3.2-.2.3-.5.3-.7s-.1-.5-.3-.7zM5.8 14.7l6.2 6.3 6.2-6.3c.2-.2.3-.5.3-.7s-.1-.5-.3-.7c-.2-.2-.4-.3-.7-.3h-11c-.3 0-.5.1-.7.3-.2.2-.3.5-.3.7s.1.5.3.7z\"\/><\/svg><\/span><\/span><\/span><\/a><\/span><\/div>\n<nav><ul class='ez-toc-list ez-toc-list-level-1 ' ><li class='ez-toc-page-1 ez-toc-heading-level-2'><a class=\"ez-toc-link ez-toc-heading-1\" href=\"https:\/\/idecesos.com\/seguros\/companias\/caixa-ontinyent\/repatriacion\/#Coberturas_seguro_Caixa_Ontinyent_con_repatriacion\" >Coberturas seguro Caixa Ontinyent con repatriaci\u00f3n<\/a><ul class='ez-toc-list-level-3' ><li class='ez-toc-heading-level-3'><a class=\"ez-toc-link ez-toc-heading-2\" href=\"https:\/\/idecesos.com\/seguros\/companias\/caixa-ontinyent\/repatriacion\/#%C2%BFA_quien_va_dirigido_el_seguro_de_decesos_con_repatriacion_de_Caixa_Ontinyent\" >\u00bfA qui\u00e9n va dirigido el seguro de decesos con repatriaci\u00f3n de Caixa Ontinyent?<\/a><\/li><\/ul><\/li><li class='ez-toc-page-1 ez-toc-heading-level-2'><a class=\"ez-toc-link ez-toc-heading-3\" href=\"https:\/\/idecesos.com\/seguros\/companias\/caixa-ontinyent\/repatriacion\/#Precio_de_seguro_de_decesos_Caixa_Ontinyent_con_repatriacion\" >Precio de seguro de decesos Caixa Ontinyent con repatriaci\u00f3n<\/a><\/li><li class='ez-toc-page-1 ez-toc-heading-level-2'><a class=\"ez-toc-link ez-toc-heading-4\" href=\"https:\/\/idecesos.com\/seguros\/companias\/caixa-ontinyent\/repatriacion\/#Productos_Repatriacion_Caixa_Ontinyent\" >Productos Repatriaci\u00f3n Caixa Ontinyent<\/a><\/li><li class='ez-toc-page-1 ez-toc-heading-level-2'><a class=\"ez-toc-link ez-toc-heading-5\" href=\"https:\/\/idecesos.com\/seguros\/companias\/caixa-ontinyent\/repatriacion\/#Opiniones_del_seguro_de_decesos_de_Repatriacion_de_Caixa_Ontinyent\" >Opiniones del seguro de decesos de Repatriaci\u00f3n de Caixa Ontinyent<\/a><ul class='ez-toc-list-level-3' ><li class='ez-toc-heading-level-3'><a class=\"ez-toc-link ez-toc-heading-6\" href=\"https:\/\/idecesos.com\/seguros\/companias\/caixa-ontinyent\/repatriacion\/#Paginas_relacionadas\" >P\u00e1ginas relacionadas<\/a><\/li><\/ul><\/li><\/ul><\/nav><\/div>\n\n<p>Cuenta con las primordiales coberturas m\u00e1s f\u00e1ciles que son como las b\u00e1sicas, el servicio m\u00e1s completo del seguro de decesos de repatriaci\u00f3n Caixa Ontinyent es que podr\u00e1s a\u00f1adir todas las coberturas complementarias que precises. Todas y cada una de las personas que han arriesgado y abandonado todo para poder vivir dentro de Espa\u00f1a, hay que tener en consideraci\u00f3n que es donde m\u00e1s personas han acogido en circunstancia de otros pa\u00edses como en el caso de Alemania 199117, Per\u00fa 193786 y R. Dominicana 167176. Es necesario tenerlo todo bajo tu control y asegurarte que no te coja nada por imprevisto, y si en alg\u00fan momento sucede, que lo puedas administrar de una forma eficaz. Las garant\u00edas m\u00e1s importantes cuando se habla de repatriaci\u00f3n son las coberturas que incluye dentro del instante de fallecer. Adem\u00e1s de dar la calma que merece tu familia, asimismo conseguir\u00e1s la tuya independientemente del pa\u00eds en el que te halles. <\/p>\n<p>Leer m\u00e1s: <a href=\"https:\/\/idecesos.com\/seguros\/tipo\/extranjeros-repatriacion\/\">Seguro de decesos con repatriaci\u00f3n<\/a><\/p>\n<div class=\"colorf \"  ><div class=\"container clearfix\"><div class=\"col-md-7\"><\/p>\n<h2><span class=\"ez-toc-section\" id=\"Coberturas_seguro_Caixa_Ontinyent_con_repatriacion\"><\/span>Coberturas seguro Caixa Ontinyent con repatriaci\u00f3n<span class=\"ez-toc-section-end\"><\/span><\/h2>\n<p>\u00bfQuedan incluidas todas las personas que vivan en cualquier pa\u00eds? En las coberturas del seguro de repatriaci\u00f3n de Caixa Ontinyent, quedan incluidas todas y cada una de las personas, conoce ciertas coberturas que dan, tramitaci\u00f3n de documentaci\u00f3n, asistencia de viaje, aunque dentro de la p\u00f3liza encontrar\u00e1s de una manera considerablemente m\u00e1s espec\u00edfica. <\/p>\n<p><\/div><\/div><\/div>\n<h3><span class=\"ez-toc-section\" id=\"%C2%BFA_quien_va_dirigido_el_seguro_de_decesos_con_repatriacion_de_Caixa_Ontinyent\"><\/span>\u00bfA qui\u00e9n va dirigido el seguro de decesos con repatriaci\u00f3n de Caixa Ontinyent?<span class=\"ez-toc-section-end\"><\/span><\/h3>\n<p>El seguro de decesos de repatriaci\u00f3n de Caixa Ontinyent no solo se dirige a cualquier persona que se halle en el cualquier pa\u00eds del planeta, as\u00ed sea que radiquen en Espa\u00f1a y por alg\u00fan motivo quieren regresar a su pa\u00eds de origen tras el \u00f3bito, por el que todo este proceso no suponga un gasto desorbitado y bastante dif\u00edcil de hacer en frente de esos precios para sus familiares. La cobertura de suma importancia es aquella donde cubre al asegurado as\u00ed sea en su sitio de origen o en otra una parte del planeta. Siempre y cuando venga en el contrato. <\/p>\n<div class=\"colorf \"  ><div class=\"container clearfix\"><div class=\"col-md-7\"><\/p>\n<h2><span class=\"ez-toc-section\" id=\"Precio_de_seguro_de_decesos_Caixa_Ontinyent_con_repatriacion\"><\/span>Precio de seguro de decesos Caixa Ontinyent con repatriaci\u00f3n<span class=\"ez-toc-section-end\"><\/span><\/h2>\n<p>Se estimar\u00e1 el precio del seguro de decesos repatriaci\u00f3n de la Caixa Ontinyent en funci\u00f3n de las coberturas o bien lo que considere la compa\u00f1\u00eda, el precio es alrededor es desde 5\u20ac. Quedando todo cubierto en el momento de la repatriaci\u00f3n, d\u00e1ndote la ventaja de poder efectuar el pago de forma parcialmente. \u00bfPues iDecesos es l\u00edder en comparaci\u00f3n con las compa\u00f1\u00edas de seguros? te la informaci\u00f3n de manera m\u00e1s relevante, cubriendo tus dudas al respecto, tambi\u00e9n podr\u00e1s observar los diferentes precios libres para extranjeros. <\/p>\n<p><\/div><\/div><\/div>\n<h2><span class=\"ez-toc-section\" id=\"Productos_Repatriacion_Caixa_Ontinyent\"><\/span>Productos Repatriaci\u00f3n Caixa Ontinyent<span class=\"ez-toc-section-end\"><\/span><\/h2>\n<div class=\"colorf\"><div class=\"container clearfix\"><div class=\"col-md-7\"><div class=\"opiniones\">\n<h2><span class=\"ez-toc-section\" id=\"Opiniones_del_seguro_de_decesos_de_Repatriacion_de_Caixa_Ontinyent\"><\/span>Opiniones del seguro de decesos de Repatriaci\u00f3n de Caixa Ontinyent<span class=\"ez-toc-section-end\"><\/span><\/h2>\n<p>&nbsp;<\/p>\n<div class=\"opinion \"  >\n\t\t\t<div class=\"cabecera_opinion\">\n\t\t\t\t<div class=\"avatar\">J M <\/div>\n\t\t\t\t<div class=\"datos_opinion\">\n\t\t\t\t\t<div class=\"nombre_opinion\">Jacobo Medina<\/div>\n\t\t\t\t\t<div class=\"info_opinion\">\t\t\t\t\t\t\n\t\t\t\t\t\t<div class=\"cuenta_opinion\"><i class=\"fas fa-pencil-alt\"><\/i><!--span class=\"dashicons dashicons-edit\" style=\"font-size:20px\"><\/span--><span>1 Opini\u00f3n<\/span><\/div>\t\t\t\t\t\t\n\t\t\t\t\t\t<div class=\"localizacion_opinion\">\n\t\t\t\t\t\t\t<i class=\"fas fa-map-marker-alt\"><\/i><!--span class=\"dashicons dashicons-location\" style=\"font-size:20px\"><\/span-->\n\t\t\t\t\t\t\t<span>ES<\/span>\n\t\t\t\t\t\t<\/div>\t\n\t\t\t\t\t<\/div>\n\t\t\t\t<\/div>\n\t\t\t<\/div><div class=\"texto_opinion\"><\/p>\n<p>Con iDecesos me quedo m\u00e1s claro las diferentes compa\u00f1\u00edas y cada una de sus tarifas de coste, escog\u00ed Caixa Ontinyent puesto que me dio m\u00e1s seguridad, todas y cada una de las coberturas se adaptan a mis necesidades, tambi\u00e9n contaba con algunas complementarias, estoy muy satisfecho del trato que recib\u00ed de Caixa Ontinyent.<\/p>\n<p><\/div><\/div>\n<div class=\"opinion \"  >\n\t\t\t<div class=\"cabecera_opinion\">\n\t\t\t\t<div class=\"avatar\">C B <\/div>\n\t\t\t\t<div class=\"datos_opinion\">\n\t\t\t\t\t<div class=\"nombre_opinion\">Carla Benito<\/div>\n\t\t\t\t\t<div class=\"info_opinion\">\t\t\t\t\t\t\n\t\t\t\t\t\t<div class=\"cuenta_opinion\"><i class=\"fas fa-pencil-alt\"><\/i><!--span class=\"dashicons dashicons-edit\" style=\"font-size:20px\"><\/span--><span>1 Opini\u00f3n<\/span><\/div>\t\t\t\t\t\t\n\t\t\t\t\t\t<div class=\"localizacion_opinion\">\n\t\t\t\t\t\t\t<i class=\"fas fa-map-marker-alt\"><\/i><!--span class=\"dashicons dashicons-location\" style=\"font-size:20px\"><\/span-->\n\t\t\t\t\t\t\t<span>ES<\/span>\n\t\t\t\t\t\t<\/div>\t\n\t\t\t\t\t<\/div>\n\t\t\t\t<\/div>\n\t\t\t<\/div><div class=\"texto_opinion\"><\/p>\n<p>La mayor parte de mis familias me recomendaron Caixa Ontinyent con lo que quise informarme m\u00e1s en detalle, quede content\u00edsima con el presupuesto que me efectuaron, si est\u00e1s buscando que te den las mejores coberturas y pagar una buena tarifa te invito a  sin ning\u00fan g\u00e9nero de dudas Caixa Ontinyent.<\/p>\n<p><\/div><\/div>\n<div class=\"opinion \"  >\n\t\t\t<div class=\"cabecera_opinion\">\n\t\t\t\t<div class=\"avatar\">P R <\/div>\n\t\t\t\t<div class=\"datos_opinion\">\n\t\t\t\t\t<div class=\"nombre_opinion\">Paulina Rebollo<\/div>\n\t\t\t\t\t<div class=\"info_opinion\">\t\t\t\t\t\t\n\t\t\t\t\t\t<div class=\"cuenta_opinion\"><i class=\"fas fa-pencil-alt\"><\/i><!--span class=\"dashicons dashicons-edit\" style=\"font-size:20px\"><\/span--><span>1 Opini\u00f3n<\/span><\/div>\t\t\t\t\t\t\n\t\t\t\t\t\t<div class=\"localizacion_opinion\">\n\t\t\t\t\t\t\t<i class=\"fas fa-map-marker-alt\"><\/i><!--span class=\"dashicons dashicons-location\" style=\"font-size:20px\"><\/span-->\n\t\t\t\t\t\t\t<span>ES<\/span>\n\t\t\t\t\t\t<\/div>\t\n\t\t\t\t\t<\/div>\n\t\t\t\t<\/div>\n\t\t\t<\/div><div class=\"texto_opinion\"><\/p>\n<p>Puedo decir con toda la seguridad que prestan de los mejores servicios tanto en calidad como en persona, gracias a la ayuda psicol\u00f3gica que recibimos el proceso result\u00f3 un m\u00e1s sencillo, aparte de no tener que preocuparnos por ning\u00fan tr\u00e1mite administrativo. Adem\u00e1s de que no sucedi\u00f3 ning\u00fan problema, estuvimos respaldado 100 por cien.<\/p>\n<p><\/div><\/div>\n<\/div><\/div><\/div><\/div>\n<p><div class=\"oficinas\"><br \/>\n<h3><span class=\"ez-toc-section\" id=\"Paginas_relacionadas\"><\/span>P\u00e1ginas relacionadas<span class=\"ez-toc-section-end\"><\/span><\/h3><div class=\"enlazado\"><ul> <li><a href=\"https:\/\/idecesos.com\/seguros\/companias\/caixa-ontinyent\/opiniones\/\">Opiniones Caixa Ontinyent<\/a><\/li> <li><a href=\"https:\/\/idecesos.com\/seguros\/companias\/caixa-ontinyent\/precio\/\">Precio seguro Caixa Ontinyent<\/a><\/li> <li><a href=\"https:\/\/idecesos.com\/seguros\/companias\/caixa-ontinyent\/prima-mixta\/\">Caixa Ontinyent Prima Mixta<\/a><\/li> <li><a href=\"https:\/\/idecesos.com\/seguros\/companias\/caixa-ontinyent\/prima-natural\/\">Caixa Ontinyent Prima Natural<\/a><\/li> <li><a href=\"https:\/\/idecesos.com\/seguros\/companias\/caixa-ontinyent\/prima-nivelada\/\">Caixa Ontinyent Prima Nivelada<\/a><\/li> <li><a href=\"https:\/\/idecesos.com\/seguros\/companias\/caixa-ontinyent\/prima-unica\/\">Caixa Ontinyent Prima \u00danica<\/a><\/li> <li><a href=\"https:\/\/idecesos.com\/seguros\/companias\/caixa-ontinyent\/repatriacion\/\">Caixa Ontinyent Repatriaci\u00f3n<\/a><\/li> <li><a href=\"https:\/\/idecesos.com\/seguros\/companias\/caixa-ontinyent\/telefono\/\">Tel\u00e9fono Gratuito Caixa Ontinyent<\/a><\/li><\/ul><\/div><\/p>\n<\/div>\n","protected":false},"excerpt":{"rendered":"<p>Cuenta con las primordiales coberturas m\u00e1s f\u00e1ciles que son como las b\u00e1sicas, el servicio m\u00e1s completo del seguro de decesos de repatriaci\u00f3n Caixa Ontinyent es que podr\u00e1s a\u00f1adir todas las coberturas complementarias que precises. Todas y cada una de las personas que han arriesgado y abandonado todo para poder vivir dentro de Espa\u00f1a, hay que&hellip; <\/p>\n","protected":false},"author":3,"featured_media":0,"parent":519,"menu_order":0,"comment_status":"closed","ping_status":"closed","template":"single.php","meta":{"footnotes":""},"class_list":["post-11522","page","type-page","status-publish","hentry"],"yoast_head":"<!-- This site is optimized with the Yoast SEO plugin v27.3 - https:\/\/yoast.com\/product\/yoast-seo-wordpress\/ -->\n<title>Seguro Decesos Caixa Ontinyent Repatriaci\u00f3n \u25b7 Opiniones y Precio 2026<\/title>\n<meta name=\"description\" content=\"Click aqu\u00ed \u3010Seguro de Decesos con repatriaci\u00f3n Caixa Ontinyent\u3011 Mejores precios Caixa Ontinyent seguro de fallecidos con repatriaci\u00f3n \u2611\ufe0f Actualizado por iDecesos\u00ae\" \/>\n<meta name=\"robots\" content=\"index, follow, max-snippet:-1, max-image-preview:large, max-video-preview:-1\" \/>\n<link rel=\"canonical\" href=\"https:\/\/idecesos.com\/seguros\/companias\/caixa-ontinyent\/repatriacion\/\" \/>\n<meta property=\"og:locale\" content=\"es_ES\" \/>\n<meta property=\"og:type\" content=\"article\" \/>\n<meta property=\"og:title\" content=\"Seguro Decesos Caixa Ontinyent Repatriaci\u00f3n \u25b7 Opiniones y Precio 2026\" \/>\n<meta property=\"og:description\" content=\"Click aqu\u00ed \u3010Seguro de Decesos con repatriaci\u00f3n Caixa Ontinyent\u3011 Mejores precios Caixa Ontinyent seguro de fallecidos con repatriaci\u00f3n \u2611\ufe0f Actualizado por iDecesos\u00ae\" \/>\n<meta property=\"og:url\" content=\"https:\/\/idecesos.com\/seguros\/companias\/caixa-ontinyent\/repatriacion\/\" \/>\n<meta property=\"article:modified_time\" content=\"2022-01-03T12:30:03+00:00\" \/>\n<meta name=\"twitter:card\" content=\"summary_large_image\" \/>\n<meta name=\"twitter:label1\" content=\"Tiempo de lectura\" \/>\n\t<meta name=\"twitter:data1\" content=\"56 minutos\" \/>\n<script type=\"application\/ld+json\" class=\"yoast-schema-graph\">{\"@context\":\"https:\\\/\\\/schema.org\",\"@graph\":[{\"@type\":\"WebPage\",\"@id\":\"https:\\\/\\\/idecesos.com\\\/seguros\\\/companias\\\/caixa-ontinyent\\\/repatriacion\\\/\",\"url\":\"https:\\\/\\\/idecesos.com\\\/seguros\\\/companias\\\/caixa-ontinyent\\\/repatriacion\\\/\",\"name\":\"Seguro Decesos Caixa Ontinyent Repatriaci\u00f3n \u25b7 Opiniones y Precio 2026\",\"isPartOf\":{\"@id\":\"https:\\\/\\\/idecesos.com\\\/seguros\\\/#website\"},\"datePublished\":\"2021-11-10T00:00:00+00:00\",\"dateModified\":\"2022-01-03T12:30:03+00:00\",\"description\":\"Click aqu\u00ed \u3010Seguro de Decesos con repatriaci\u00f3n Caixa Ontinyent\u3011 Mejores precios Caixa Ontinyent seguro de fallecidos con repatriaci\u00f3n \u2611\ufe0f Actualizado por iDecesos\u00ae\",\"breadcrumb\":{\"@id\":\"https:\\\/\\\/idecesos.com\\\/seguros\\\/companias\\\/caixa-ontinyent\\\/repatriacion\\\/#breadcrumb\"},\"inLanguage\":\"es\",\"potentialAction\":[{\"@type\":\"ReadAction\",\"target\":[\"https:\\\/\\\/idecesos.com\\\/seguros\\\/companias\\\/caixa-ontinyent\\\/repatriacion\\\/\"]}]},{\"@type\":\"BreadcrumbList\",\"@id\":\"https:\\\/\\\/idecesos.com\\\/seguros\\\/companias\\\/caixa-ontinyent\\\/repatriacion\\\/#breadcrumb\",\"itemListElement\":[{\"@type\":\"ListItem\",\"position\":1,\"name\":\"Portada\",\"item\":\"https:\\\/\\\/idecesos.com\\\/seguros\\\/\"},{\"@type\":\"ListItem\",\"position\":2,\"name\":\"Compa\u00f1\u00edas de Seguros de Decesos en Espa\u00f1a\",\"item\":\"https:\\\/\\\/idecesos.com\\\/seguros\\\/companias\\\/\"},{\"@type\":\"ListItem\",\"position\":3,\"name\":\"Seguro de decesos Caixa Ontinyent\",\"item\":\"https:\\\/\\\/idecesos.com\\\/seguros\\\/companias\\\/caixa-ontinyent\\\/\"},{\"@type\":\"ListItem\",\"position\":4,\"name\":\"Seguro de decesos Caixa Ontinyent con repatriaci\u00f3n\"}]},{\"@type\":\"WebSite\",\"@id\":\"https:\\\/\\\/idecesos.com\\\/seguros\\\/#website\",\"url\":\"https:\\\/\\\/idecesos.com\\\/seguros\\\/\",\"name\":\"\",\"description\":\"\",\"potentialAction\":[{\"@type\":\"SearchAction\",\"target\":{\"@type\":\"EntryPoint\",\"urlTemplate\":\"https:\\\/\\\/idecesos.com\\\/seguros\\\/?s={search_term_string}\"},\"query-input\":{\"@type\":\"PropertyValueSpecification\",\"valueRequired\":true,\"valueName\":\"search_term_string\"}}],\"inLanguage\":\"es\"}]}<\/script>\n<!-- \/ Yoast SEO plugin. -->","yoast_head_json":{"title":"Seguro Decesos Caixa Ontinyent Repatriaci\u00f3n \u25b7 Opiniones y Precio 2026","description":"Click aqu\u00ed \u3010Seguro de Decesos con repatriaci\u00f3n Caixa Ontinyent\u3011 Mejores precios Caixa Ontinyent seguro de fallecidos con repatriaci\u00f3n \u2611\ufe0f Actualizado por iDecesos\u00ae","robots":{"index":"index","follow":"follow","max-snippet":"max-snippet:-1","max-image-preview":"max-image-preview:large","max-video-preview":"max-video-preview:-1"},"canonical":"https:\/\/idecesos.com\/seguros\/companias\/caixa-ontinyent\/repatriacion\/","og_locale":"es_ES","og_type":"article","og_title":"Seguro Decesos Caixa Ontinyent Repatriaci\u00f3n \u25b7 Opiniones y Precio 2026","og_description":"Click aqu\u00ed \u3010Seguro de Decesos con repatriaci\u00f3n Caixa Ontinyent\u3011 Mejores precios Caixa Ontinyent seguro de fallecidos con repatriaci\u00f3n \u2611\ufe0f Actualizado por iDecesos\u00ae","og_url":"https:\/\/idecesos.com\/seguros\/companias\/caixa-ontinyent\/repatriacion\/","article_modified_time":"2022-01-03T12:30:03+00:00","twitter_card":"summary_large_image","twitter_misc":{"Tiempo de lectura":"56 minutos"},"schema":{"@context":"https:\/\/schema.org","@graph":[{"@type":"WebPage","@id":"https:\/\/idecesos.com\/seguros\/companias\/caixa-ontinyent\/repatriacion\/","url":"https:\/\/idecesos.com\/seguros\/companias\/caixa-ontinyent\/repatriacion\/","name":"Seguro Decesos Caixa Ontinyent Repatriaci\u00f3n \u25b7 Opiniones y Precio 2026","isPartOf":{"@id":"https:\/\/idecesos.com\/seguros\/#website"},"datePublished":"2021-11-10T00:00:00+00:00","dateModified":"2022-01-03T12:30:03+00:00","description":"Click aqu\u00ed \u3010Seguro de Decesos con repatriaci\u00f3n Caixa Ontinyent\u3011 Mejores precios Caixa Ontinyent seguro de fallecidos con repatriaci\u00f3n \u2611\ufe0f Actualizado por iDecesos\u00ae","breadcrumb":{"@id":"https:\/\/idecesos.com\/seguros\/companias\/caixa-ontinyent\/repatriacion\/#breadcrumb"},"inLanguage":"es","potentialAction":[{"@type":"ReadAction","target":["https:\/\/idecesos.com\/seguros\/companias\/caixa-ontinyent\/repatriacion\/"]}]},{"@type":"BreadcrumbList","@id":"https:\/\/idecesos.com\/seguros\/companias\/caixa-ontinyent\/repatriacion\/#breadcrumb","itemListElement":[{"@type":"ListItem","position":1,"name":"Portada","item":"https:\/\/idecesos.com\/seguros\/"},{"@type":"ListItem","position":2,"name":"Compa\u00f1\u00edas de Seguros de Decesos en Espa\u00f1a","item":"https:\/\/idecesos.com\/seguros\/companias\/"},{"@type":"ListItem","position":3,"name":"Seguro de decesos Caixa Ontinyent","item":"https:\/\/idecesos.com\/seguros\/companias\/caixa-ontinyent\/"},{"@type":"ListItem","position":4,"name":"Seguro de decesos Caixa Ontinyent con repatriaci\u00f3n"}]},{"@type":"WebSite","@id":"https:\/\/idecesos.com\/seguros\/#website","url":"https:\/\/idecesos.com\/seguros\/","name":"","description":"","potentialAction":[{"@type":"SearchAction","target":{"@type":"EntryPoint","urlTemplate":"https:\/\/idecesos.com\/seguros\/?s={search_term_string}"},"query-input":{"@type":"PropertyValueSpecification","valueRequired":true,"valueName":"search_term_string"}}],"inLanguage":"es"}]}},"_links":{"self":[{"href":"https:\/\/idecesos.com\/seguros\/wp-json\/wp\/v2\/pages\/11522","targetHints":{"allow":["GET"]}}],"collection":[{"href":"https:\/\/idecesos.com\/seguros\/wp-json\/wp\/v2\/pages"}],"about":[{"href":"https:\/\/idecesos.com\/seguros\/wp-json\/wp\/v2\/types\/page"}],"author":[{"embeddable":true,"href":"https:\/\/idecesos.com\/seguros\/wp-json\/wp\/v2\/users\/3"}],"replies":[{"embeddable":true,"href":"https:\/\/idecesos.com\/seguros\/wp-json\/wp\/v2\/comments?post=11522"}],"version-history":[{"count":1,"href":"https:\/\/idecesos.com\/seguros\/wp-json\/wp\/v2\/pages\/11522\/revisions"}],"predecessor-version":[{"id":13035,"href":"https:\/\/idecesos.com\/seguros\/wp-json\/wp\/v2\/pages\/11522\/revisions\/13035"}],"up":[{"embeddable":true,"href":"https:\/\/idecesos.com\/seguros\/wp-json\/wp\/v2\/pages\/519"}],"wp:attachment":[{"href":"https:\/\/idecesos.com\/seguros\/wp-json\/wp\/v2\/media?parent=11522"}],"curies":[{"name":"wp","href":"https:\/\/api.w.org\/{rel}","templated":true}]}}