{"id":11524,"date":"2021-11-10T00:00:00","date_gmt":"2021-11-10T00:00:00","guid":{"rendered":"https:\/\/idecesos.com\/seguros\/?page_id=11524"},"modified":"2022-01-03T12:30:03","modified_gmt":"2022-01-03T12:30:03","slug":"prima-nivelada","status":"publish","type":"page","link":"https:\/\/idecesos.com\/seguros\/companias\/caixa-ontinyent\/prima-nivelada\/","title":{"rendered":"Seguro de decesos Caixa Ontinyent Prima Nivelada"},"content":{"rendered":"<div id=\"ez-toc-container\" class=\"ez-toc-v2_0_82_2 ez-toc-wrap-center counter-hierarchy ez-toc-counter ez-toc-custom ez-toc-container-direction\">\n<div class=\"ez-toc-title-container\">\n<p class=\"ez-toc-title\" style=\"cursor:inherit\">Tabla de Contenido<\/p>\n<span class=\"ez-toc-title-toggle\"><a href=\"#\" class=\"ez-toc-pull-right ez-toc-btn ez-toc-btn-xs ez-toc-btn-default ez-toc-toggle\" aria-label=\"Alternar tabla de contenidos\"><span class=\"ez-toc-js-icon-con\"><span class=\"\"><span class=\"eztoc-hide\" style=\"display:none;\">Toggle<\/span><span class=\"ez-toc-icon-toggle-span\"><svg style=\"fill: #db6415;color:#db6415\" xmlns=\"http:\/\/www.w3.org\/2000\/svg\" class=\"list-377408\" width=\"20px\" height=\"20px\" viewBox=\"0 0 24 24\" fill=\"none\"><path d=\"M6 6H4v2h2V6zm14 0H8v2h12V6zM4 11h2v2H4v-2zm16 0H8v2h12v-2zM4 16h2v2H4v-2zm16 0H8v2h12v-2z\" fill=\"currentColor\"><\/path><\/svg><svg style=\"fill: #db6415;color:#db6415\" class=\"arrow-unsorted-368013\" xmlns=\"http:\/\/www.w3.org\/2000\/svg\" width=\"10px\" height=\"10px\" viewBox=\"0 0 24 24\" version=\"1.2\" baseProfile=\"tiny\"><path d=\"M18.2 9.3l-6.2-6.3-6.2 6.3c-.2.2-.3.4-.3.7s.1.5.3.7c.2.2.4.3.7.3h11c.3 0 .5-.1.7-.3.2-.2.3-.5.3-.7s-.1-.5-.3-.7zM5.8 14.7l6.2 6.3 6.2-6.3c.2-.2.3-.5.3-.7s-.1-.5-.3-.7c-.2-.2-.4-.3-.7-.3h-11c-.3 0-.5.1-.7.3-.2.2-.3.5-.3.7s.1.5.3.7z\"\/><\/svg><\/span><\/span><\/span><\/a><\/span><\/div>\n<nav><ul class='ez-toc-list ez-toc-list-level-1 ' ><li class='ez-toc-page-1 ez-toc-heading-level-2'><a class=\"ez-toc-link ez-toc-heading-1\" href=\"https:\/\/idecesos.com\/seguros\/companias\/caixa-ontinyent\/prima-nivelada\/#Coberturas_seguro_Prima_Nivelada_Caixa_Ontinyent\" >Coberturas seguro Prima Nivelada Caixa Ontinyent<\/a><ul class='ez-toc-list-level-3' ><li class='ez-toc-heading-level-3'><a class=\"ez-toc-link ez-toc-heading-2\" href=\"https:\/\/idecesos.com\/seguros\/companias\/caixa-ontinyent\/prima-nivelada\/#%C2%BFA_quien_va_dirigido_el_seguro_de_decesos_Prima_Nivelada_de_Caixa_Ontinyent\" >\u00bfA qui\u00e9n va dirigido el seguro de decesos Prima Nivelada de Caixa Ontinyent?<\/a><\/li><\/ul><\/li><li class='ez-toc-page-1 ez-toc-heading-level-2'><a class=\"ez-toc-link ez-toc-heading-3\" href=\"https:\/\/idecesos.com\/seguros\/companias\/caixa-ontinyent\/prima-nivelada\/#Precio_de_seguro_de_decesos_Prima_Nivelada_Caixa_Ontinyent\" >Precio de seguro de decesos Prima Nivelada Caixa Ontinyent<\/a><\/li><li class='ez-toc-page-1 ez-toc-heading-level-2'><a class=\"ez-toc-link ez-toc-heading-4\" href=\"https:\/\/idecesos.com\/seguros\/companias\/caixa-ontinyent\/prima-nivelada\/#Productos_Prima_Nivelada_Caixa_Ontinyent\" >Productos Prima Nivelada Caixa Ontinyent<\/a><\/li><li class='ez-toc-page-1 ez-toc-heading-level-2'><a class=\"ez-toc-link ez-toc-heading-5\" href=\"https:\/\/idecesos.com\/seguros\/companias\/caixa-ontinyent\/prima-nivelada\/#Opiniones_del_seguro_de_decesos_de_Prima_Nivelada_de_Caixa_Ontinyent\" >Opiniones del seguro de decesos de Prima Nivelada de Caixa Ontinyent<\/a><ul class='ez-toc-list-level-3' ><li class='ez-toc-heading-level-3'><a class=\"ez-toc-link ez-toc-heading-6\" href=\"https:\/\/idecesos.com\/seguros\/companias\/caixa-ontinyent\/prima-nivelada\/#Paginas_relacionadas\" >P\u00e1ginas relacionadas<\/a><\/li><\/ul><\/li><\/ul><\/nav><\/div>\n\n<p>El seguro de decesos de prima nivelada de Caixa Ontinyent es la p\u00f3liza que est\u00e1s buscando en tanto que resulta incesante con lo que no cambia pr\u00e1cticamente nada al vencimiento de la anualidad desde el inicio de la contrataci\u00f3n. Cuando el asegurado es joven acabar\u00e1 abonando un precio m\u00e1s elevado, en comparaci\u00f3n con la prima natural. Para todas aquellas personas que resulten mayores, cuando efect\u00faen la contrataci\u00f3n de la p\u00f3liza se ahorrar\u00e1 bastante dinero en el instante del abono. <\/p>\n<p>Leer m\u00e1s: <a href=\"https:\/\/idecesos.com\/seguros\/tipo\/nivelada\/\">Seguro de decesos Prima Nivelada<\/a><\/p>\n<div class=\"colorf \"  ><div class=\"container clearfix\"><div class=\"col-md-7\"><\/p>\n<h2><span class=\"ez-toc-section\" id=\"Coberturas_seguro_Prima_Nivelada_Caixa_Ontinyent\"><\/span>Coberturas seguro Prima Nivelada Caixa Ontinyent<span class=\"ez-toc-section-end\"><\/span><\/h2>\n<p>La mayor parte de las contrataciones dentro del seguro de decesos Caixa Ontinyent es que una de las coberturas con las que cuentan es el servicio de forma al detalle en funeraria. Contar con personas especialistas en el sector, dando una prestaci\u00f3n del servicio m\u00e1s dedicado es por lo que destaca en el \u00e1mbito funerario de Caixa Ontinyent. Cuando haya elegido la modalidad de entre entierro o bien urna quedar\u00e1 autom\u00e1ticamente cubierto, en la tramitaci\u00f3n de documentaci\u00f3n todos los tr\u00e1mites tambi\u00e9n quedar\u00e1n cubiertos. La cobertura m\u00e1s se\u00f1alada es aquella que cuando ocurra el momento que ha fallecido la persona asegurada, los familiares se pongan en contacto con el servicio de asistencia 24 horas de Caixa Ontinyent  se encargasen de todo de forma inmediata dentro del presupuesto marcado por el capital del asegurado. Para tener de forma m\u00e1s clara las coberturas del seguro de decesos de prima nivelada de Caixa Ontinyent, en iDecesos podr\u00e1s visualizar las diferentes comparaciones de las diferentes empresas aseguradoras, de una manera m\u00e1s f\u00e1cil consultoras todas y cada una de las condiciones pertinentes y conseguir toda la informaci\u00f3n. <\/p>\n<p><\/div><\/div><\/div>\n<h3><span class=\"ez-toc-section\" id=\"%C2%BFA_quien_va_dirigido_el_seguro_de_decesos_Prima_Nivelada_de_Caixa_Ontinyent\"><\/span>\u00bfA qui\u00e9n va dirigido el seguro de decesos Prima Nivelada de Caixa Ontinyent?<span class=\"ez-toc-section-end\"><\/span><\/h3>\n<p>El seguro de prima nivelada de Caixa Ontinyent no va dirigido a una cierta poblaci\u00f3n en concreto, pero s\u00ed es verdad que se toma diferentes factores en el momento de efectuar la contrataci\u00f3n que nos aseguren una buena administraci\u00f3n por tel\u00e9fono como en el momento de defunci\u00f3n. Que despu\u00e9s de todo no ocurra ning\u00fan percance. <\/p>\n<div class=\"colorf \"  ><div class=\"container clearfix\"><div class=\"col-md-7\"><\/p>\n<h2><span class=\"ez-toc-section\" id=\"Precio_de_seguro_de_decesos_Prima_Nivelada_Caixa_Ontinyent\"><\/span>Precio de seguro de decesos Prima Nivelada Caixa Ontinyent<span class=\"ez-toc-section-end\"><\/span><\/h2>\n<p>En el an\u00e1lisis que se va a coger en cuenta como en este caso va a ser la edad de la persona m\u00e1s joven en Caixa Ontinyent , asimismo se va a tomar en cuenta su localidad del seguro de prima nivelada Caixa Ontinyent el coste aproximado es de 5,10 euros a pagar cada mes. Adem\u00e1s de esto han sido aplicados todos los descuentos, obteniendo uno de los mejores costes y m\u00e1s econ\u00f3micos de Caixa Ontinyent. Cuenta con diferentes vertientes en el momento de realizar los pagos, facilitando a los clientes de Caixa Ontinyent del seguro de prima nivelada estas ventajas exclusivas. Para obtener la tarifa con las ofertas m\u00e1s incre\u00edbles semejantes a tu seguro de prima nivelada Caixa Ontinyent solamente tienes que realizar una comparativa de precios en iDecesos en tan solo un minuto vas a saber si lo que deseabas es lo m\u00e1s econ\u00f3mico a lo que puedes acceder con una prima constante. <\/p>\n<p><\/div><\/div><\/div>\n<h2><span class=\"ez-toc-section\" id=\"Productos_Prima_Nivelada_Caixa_Ontinyent\"><\/span>Productos Prima Nivelada Caixa Ontinyent<span class=\"ez-toc-section-end\"><\/span><\/h2>\n<div class=\"colorf\"><div class=\"container clearfix\"><div class=\"col-md-7\"><div class=\"opiniones\">\n<h2><span class=\"ez-toc-section\" id=\"Opiniones_del_seguro_de_decesos_de_Prima_Nivelada_de_Caixa_Ontinyent\"><\/span>Opiniones del seguro de decesos de Prima Nivelada de Caixa Ontinyent<span class=\"ez-toc-section-end\"><\/span><\/h2>\n<p>En Caixa Ontinyent que contiene el seguro de prima nivelada, en iDecesos ha destacado por tener una de las mejores creencias de esta compa\u00f1\u00eda. Est\u00e1 determinado por un exhaustivo an\u00e1lisis que se realiza en profundidad, consiguiendo datos del resto aseguradoras que asimismo ofrecen prima nivelada. <\/p>\n<div class=\"opinion \"  >\n\t\t\t<div class=\"cabecera_opinion\">\n\t\t\t\t<div class=\"avatar\">R T <\/div>\n\t\t\t\t<div class=\"datos_opinion\">\n\t\t\t\t\t<div class=\"nombre_opinion\">Ruy Terr\u00f3n<\/div>\n\t\t\t\t\t<div class=\"info_opinion\">\t\t\t\t\t\t\n\t\t\t\t\t\t<div class=\"cuenta_opinion\"><i class=\"fas fa-pencil-alt\"><\/i><!--span class=\"dashicons dashicons-edit\" style=\"font-size:20px\"><\/span--><span>1 Opini\u00f3n<\/span><\/div>\t\t\t\t\t\t\n\t\t\t\t\t\t<div class=\"localizacion_opinion\">\n\t\t\t\t\t\t\t<i class=\"fas fa-map-marker-alt\"><\/i><!--span class=\"dashicons dashicons-location\" style=\"font-size:20px\"><\/span-->\n\t\t\t\t\t\t\t<span>ES<\/span>\n\t\t\t\t\t\t<\/div>\t\n\t\t\t\t\t<\/div>\n\t\t\t\t<\/div>\n\t\t\t<\/div><div class=\"texto_opinion\"><\/p>\n<p>Para mi punto de opini\u00f3n considero que Caixa Ontinyent con el seguro de prima nivelada es muy recomendable, cuentan con unas coberturas muy amplias, uno de sus asesores me realiz\u00f3 un presupuesto \u00fanico y recordable, contando que siempre y en toda circunstancia es exactamente la misma tarifa quede content\u00edsima tanto con el servicio como todo cuanto me brinda Caixa Ontinyent, quiero agregar que toda mi familia cuenta con esta compa\u00f1\u00eda de seguros. <\/p>\n<p><\/div><\/div>\n<div class=\"opinion \"  >\n\t\t\t<div class=\"cabecera_opinion\">\n\t\t\t\t<div class=\"avatar\">N E <\/div>\n\t\t\t\t<div class=\"datos_opinion\">\n\t\t\t\t\t<div class=\"nombre_opinion\">Natanael Eugenio<\/div>\n\t\t\t\t\t<div class=\"info_opinion\">\t\t\t\t\t\t\n\t\t\t\t\t\t<div class=\"cuenta_opinion\"><i class=\"fas fa-pencil-alt\"><\/i><!--span class=\"dashicons dashicons-edit\" style=\"font-size:20px\"><\/span--><span>1 Opini\u00f3n<\/span><\/div>\t\t\t\t\t\t\n\t\t\t\t\t\t<div class=\"localizacion_opinion\">\n\t\t\t\t\t\t\t<i class=\"fas fa-map-marker-alt\"><\/i><!--span class=\"dashicons dashicons-location\" style=\"font-size:20px\"><\/span-->\n\t\t\t\t\t\t\t<span>ES<\/span>\n\t\t\t\t\t\t<\/div>\t\n\t\t\t\t\t<\/div>\n\t\t\t\t<\/div>\n\t\t\t<\/div><div class=\"texto_opinion\"><\/p>\n<p>Cuando llam\u00e9 por el hecho de que ocurri\u00f3 una incidencia de gran importancia, no tardaron nada en resolver mi problema, qued\u00e9 content\u00edsimo con el servicio que tienen para cada ocasi\u00f3n. Para cada tipo de problemas que puede llegar a pasar, precisan de diferentes soluciones para poder solventarlo cuanto antes. <\/p>\n<p><\/div><\/div>\n<div class=\"opinion \"  >\n\t\t\t<div class=\"cabecera_opinion\">\n\t\t\t\t<div class=\"avatar\">A M <\/div>\n\t\t\t\t<div class=\"datos_opinion\">\n\t\t\t\t\t<div class=\"nombre_opinion\">Anabel Maite<\/div>\n\t\t\t\t\t<div class=\"info_opinion\">\t\t\t\t\t\t\n\t\t\t\t\t\t<div class=\"cuenta_opinion\"><i class=\"fas fa-pencil-alt\"><\/i><!--span class=\"dashicons dashicons-edit\" style=\"font-size:20px\"><\/span--><span>1 Opini\u00f3n<\/span><\/div>\t\t\t\t\t\t\n\t\t\t\t\t\t<div class=\"localizacion_opinion\">\n\t\t\t\t\t\t\t<i class=\"fas fa-map-marker-alt\"><\/i><!--span class=\"dashicons dashicons-location\" style=\"font-size:20px\"><\/span-->\n\t\t\t\t\t\t\t<span>ES<\/span>\n\t\t\t\t\t\t<\/div>\t\n\t\t\t\t\t<\/div>\n\t\t\t\t<\/div>\n\t\t\t<\/div><div class=\"texto_opinion\"><\/p>\n<p>Cuando realice el contrato de prima nivelada de Caixa Ontinyent adem\u00e1s de esto de que sus coberturas son muy resaltables, me asistieron en todo el proceso,  lo realice de forma telef\u00f3nica, ya que me resultaba mucho m\u00e1s f\u00e1cil hacer la contrataci\u00f3n. Te lo recomiendo 100 por cien . <\/p>\n<p><\/div><\/div>\n<\/div><\/div><\/div><\/div>\n<p><div class=\"oficinas\"><br \/>\n<h3><span class=\"ez-toc-section\" id=\"Paginas_relacionadas\"><\/span>P\u00e1ginas relacionadas<span class=\"ez-toc-section-end\"><\/span><\/h3><div class=\"enlazado\"><ul> <li><a href=\"https:\/\/idecesos.com\/seguros\/companias\/caixa-ontinyent\/opiniones\/\">Opiniones Caixa Ontinyent<\/a><\/li> <li><a href=\"https:\/\/idecesos.com\/seguros\/companias\/caixa-ontinyent\/precio\/\">Precio seguro Caixa Ontinyent<\/a><\/li> <li><a href=\"https:\/\/idecesos.com\/seguros\/companias\/caixa-ontinyent\/prima-mixta\/\">Caixa Ontinyent Prima Mixta<\/a><\/li> <li><a href=\"https:\/\/idecesos.com\/seguros\/companias\/caixa-ontinyent\/prima-natural\/\">Caixa Ontinyent Prima Natural<\/a><\/li> <li><a href=\"https:\/\/idecesos.com\/seguros\/companias\/caixa-ontinyent\/prima-nivelada\/\">Caixa Ontinyent Prima Nivelada<\/a><\/li> <li><a href=\"https:\/\/idecesos.com\/seguros\/companias\/caixa-ontinyent\/prima-unica\/\">Caixa Ontinyent Prima \u00danica<\/a><\/li> <li><a href=\"https:\/\/idecesos.com\/seguros\/companias\/caixa-ontinyent\/repatriacion\/\">Caixa Ontinyent Repatriaci\u00f3n<\/a><\/li> <li><a href=\"https:\/\/idecesos.com\/seguros\/companias\/caixa-ontinyent\/telefono\/\">Tel\u00e9fono Gratuito Caixa Ontinyent<\/a><\/li><\/ul><\/div><\/p>\n<\/div>\n","protected":false},"excerpt":{"rendered":"<p>El seguro de decesos de prima nivelada de Caixa Ontinyent es la p\u00f3liza que est\u00e1s buscando en tanto que resulta incesante con lo que no cambia pr\u00e1cticamente nada al vencimiento de la anualidad desde el inicio de la contrataci\u00f3n. Cuando el asegurado es joven acabar\u00e1 abonando un precio m\u00e1s elevado, en comparaci\u00f3n con la prima&hellip; <\/p>\n","protected":false},"author":3,"featured_media":0,"parent":519,"menu_order":0,"comment_status":"closed","ping_status":"closed","template":"single.php","meta":{"footnotes":""},"class_list":["post-11524","page","type-page","status-publish","hentry"],"yoast_head":"<!-- This site is optimized with the Yoast SEO plugin v27.3 - https:\/\/yoast.com\/product\/yoast-seo-wordpress\/ -->\n<title>Seguro Decesos Caixa Ontinyent Prima Nivelada \u25b7 Opiniones y Precio 2026<\/title>\n<meta name=\"description\" content=\"Click aqu\u00ed \u3010Seguro de Decesos Prima Nivelada Caixa Ontinyent\u3011 Mejores precios Caixa Ontinyent seguro de fallecidos Prima Nivelada \u2611\ufe0f Actualizado por iDecesos\u00ae\" \/>\n<meta name=\"robots\" content=\"index, follow, max-snippet:-1, max-image-preview:large, max-video-preview:-1\" \/>\n<link rel=\"canonical\" href=\"https:\/\/idecesos.com\/seguros\/companias\/caixa-ontinyent\/prima-nivelada\/\" \/>\n<meta property=\"og:locale\" content=\"es_ES\" \/>\n<meta property=\"og:type\" content=\"article\" \/>\n<meta property=\"og:title\" content=\"Seguro Decesos Caixa Ontinyent Prima Nivelada \u25b7 Opiniones y Precio 2026\" \/>\n<meta property=\"og:description\" content=\"Click aqu\u00ed \u3010Seguro de Decesos Prima Nivelada Caixa Ontinyent\u3011 Mejores precios Caixa Ontinyent seguro de fallecidos Prima Nivelada \u2611\ufe0f Actualizado por iDecesos\u00ae\" \/>\n<meta property=\"og:url\" content=\"https:\/\/idecesos.com\/seguros\/companias\/caixa-ontinyent\/prima-nivelada\/\" \/>\n<meta property=\"article:modified_time\" content=\"2022-01-03T12:30:03+00:00\" \/>\n<meta name=\"twitter:card\" content=\"summary_large_image\" \/>\n<meta name=\"twitter:label1\" content=\"Tiempo de lectura\" \/>\n\t<meta name=\"twitter:data1\" content=\"57 minutos\" \/>\n<script type=\"application\/ld+json\" class=\"yoast-schema-graph\">{\"@context\":\"https:\\\/\\\/schema.org\",\"@graph\":[{\"@type\":\"WebPage\",\"@id\":\"https:\\\/\\\/idecesos.com\\\/seguros\\\/companias\\\/caixa-ontinyent\\\/prima-nivelada\\\/\",\"url\":\"https:\\\/\\\/idecesos.com\\\/seguros\\\/companias\\\/caixa-ontinyent\\\/prima-nivelada\\\/\",\"name\":\"Seguro Decesos Caixa Ontinyent Prima Nivelada \u25b7 Opiniones y Precio 2026\",\"isPartOf\":{\"@id\":\"https:\\\/\\\/idecesos.com\\\/seguros\\\/#website\"},\"datePublished\":\"2021-11-10T00:00:00+00:00\",\"dateModified\":\"2022-01-03T12:30:03+00:00\",\"description\":\"Click aqu\u00ed \u3010Seguro de Decesos Prima Nivelada Caixa Ontinyent\u3011 Mejores precios Caixa Ontinyent seguro de fallecidos Prima Nivelada \u2611\ufe0f Actualizado por iDecesos\u00ae\",\"breadcrumb\":{\"@id\":\"https:\\\/\\\/idecesos.com\\\/seguros\\\/companias\\\/caixa-ontinyent\\\/prima-nivelada\\\/#breadcrumb\"},\"inLanguage\":\"es\",\"potentialAction\":[{\"@type\":\"ReadAction\",\"target\":[\"https:\\\/\\\/idecesos.com\\\/seguros\\\/companias\\\/caixa-ontinyent\\\/prima-nivelada\\\/\"]}]},{\"@type\":\"BreadcrumbList\",\"@id\":\"https:\\\/\\\/idecesos.com\\\/seguros\\\/companias\\\/caixa-ontinyent\\\/prima-nivelada\\\/#breadcrumb\",\"itemListElement\":[{\"@type\":\"ListItem\",\"position\":1,\"name\":\"Portada\",\"item\":\"https:\\\/\\\/idecesos.com\\\/seguros\\\/\"},{\"@type\":\"ListItem\",\"position\":2,\"name\":\"Compa\u00f1\u00edas de Seguros de Decesos en Espa\u00f1a\",\"item\":\"https:\\\/\\\/idecesos.com\\\/seguros\\\/companias\\\/\"},{\"@type\":\"ListItem\",\"position\":3,\"name\":\"Seguro de decesos Caixa Ontinyent\",\"item\":\"https:\\\/\\\/idecesos.com\\\/seguros\\\/companias\\\/caixa-ontinyent\\\/\"},{\"@type\":\"ListItem\",\"position\":4,\"name\":\"Seguro de decesos Caixa Ontinyent Prima Nivelada\"}]},{\"@type\":\"WebSite\",\"@id\":\"https:\\\/\\\/idecesos.com\\\/seguros\\\/#website\",\"url\":\"https:\\\/\\\/idecesos.com\\\/seguros\\\/\",\"name\":\"\",\"description\":\"\",\"potentialAction\":[{\"@type\":\"SearchAction\",\"target\":{\"@type\":\"EntryPoint\",\"urlTemplate\":\"https:\\\/\\\/idecesos.com\\\/seguros\\\/?s={search_term_string}\"},\"query-input\":{\"@type\":\"PropertyValueSpecification\",\"valueRequired\":true,\"valueName\":\"search_term_string\"}}],\"inLanguage\":\"es\"}]}<\/script>\n<!-- \/ Yoast SEO plugin. -->","yoast_head_json":{"title":"Seguro Decesos Caixa Ontinyent Prima Nivelada \u25b7 Opiniones y Precio 2026","description":"Click aqu\u00ed \u3010Seguro de Decesos Prima Nivelada Caixa Ontinyent\u3011 Mejores precios Caixa Ontinyent seguro de fallecidos Prima Nivelada \u2611\ufe0f Actualizado por iDecesos\u00ae","robots":{"index":"index","follow":"follow","max-snippet":"max-snippet:-1","max-image-preview":"max-image-preview:large","max-video-preview":"max-video-preview:-1"},"canonical":"https:\/\/idecesos.com\/seguros\/companias\/caixa-ontinyent\/prima-nivelada\/","og_locale":"es_ES","og_type":"article","og_title":"Seguro Decesos Caixa Ontinyent Prima Nivelada \u25b7 Opiniones y Precio 2026","og_description":"Click aqu\u00ed \u3010Seguro de Decesos Prima Nivelada Caixa Ontinyent\u3011 Mejores precios Caixa Ontinyent seguro de fallecidos Prima Nivelada \u2611\ufe0f Actualizado por iDecesos\u00ae","og_url":"https:\/\/idecesos.com\/seguros\/companias\/caixa-ontinyent\/prima-nivelada\/","article_modified_time":"2022-01-03T12:30:03+00:00","twitter_card":"summary_large_image","twitter_misc":{"Tiempo de lectura":"57 minutos"},"schema":{"@context":"https:\/\/schema.org","@graph":[{"@type":"WebPage","@id":"https:\/\/idecesos.com\/seguros\/companias\/caixa-ontinyent\/prima-nivelada\/","url":"https:\/\/idecesos.com\/seguros\/companias\/caixa-ontinyent\/prima-nivelada\/","name":"Seguro Decesos Caixa Ontinyent Prima Nivelada \u25b7 Opiniones y Precio 2026","isPartOf":{"@id":"https:\/\/idecesos.com\/seguros\/#website"},"datePublished":"2021-11-10T00:00:00+00:00","dateModified":"2022-01-03T12:30:03+00:00","description":"Click aqu\u00ed \u3010Seguro de Decesos Prima Nivelada Caixa Ontinyent\u3011 Mejores precios Caixa Ontinyent seguro de fallecidos Prima Nivelada \u2611\ufe0f Actualizado por iDecesos\u00ae","breadcrumb":{"@id":"https:\/\/idecesos.com\/seguros\/companias\/caixa-ontinyent\/prima-nivelada\/#breadcrumb"},"inLanguage":"es","potentialAction":[{"@type":"ReadAction","target":["https:\/\/idecesos.com\/seguros\/companias\/caixa-ontinyent\/prima-nivelada\/"]}]},{"@type":"BreadcrumbList","@id":"https:\/\/idecesos.com\/seguros\/companias\/caixa-ontinyent\/prima-nivelada\/#breadcrumb","itemListElement":[{"@type":"ListItem","position":1,"name":"Portada","item":"https:\/\/idecesos.com\/seguros\/"},{"@type":"ListItem","position":2,"name":"Compa\u00f1\u00edas de Seguros de Decesos en Espa\u00f1a","item":"https:\/\/idecesos.com\/seguros\/companias\/"},{"@type":"ListItem","position":3,"name":"Seguro de decesos Caixa Ontinyent","item":"https:\/\/idecesos.com\/seguros\/companias\/caixa-ontinyent\/"},{"@type":"ListItem","position":4,"name":"Seguro de decesos Caixa Ontinyent Prima Nivelada"}]},{"@type":"WebSite","@id":"https:\/\/idecesos.com\/seguros\/#website","url":"https:\/\/idecesos.com\/seguros\/","name":"","description":"","potentialAction":[{"@type":"SearchAction","target":{"@type":"EntryPoint","urlTemplate":"https:\/\/idecesos.com\/seguros\/?s={search_term_string}"},"query-input":{"@type":"PropertyValueSpecification","valueRequired":true,"valueName":"search_term_string"}}],"inLanguage":"es"}]}},"_links":{"self":[{"href":"https:\/\/idecesos.com\/seguros\/wp-json\/wp\/v2\/pages\/11524","targetHints":{"allow":["GET"]}}],"collection":[{"href":"https:\/\/idecesos.com\/seguros\/wp-json\/wp\/v2\/pages"}],"about":[{"href":"https:\/\/idecesos.com\/seguros\/wp-json\/wp\/v2\/types\/page"}],"author":[{"embeddable":true,"href":"https:\/\/idecesos.com\/seguros\/wp-json\/wp\/v2\/users\/3"}],"replies":[{"embeddable":true,"href":"https:\/\/idecesos.com\/seguros\/wp-json\/wp\/v2\/comments?post=11524"}],"version-history":[{"count":1,"href":"https:\/\/idecesos.com\/seguros\/wp-json\/wp\/v2\/pages\/11524\/revisions"}],"predecessor-version":[{"id":13029,"href":"https:\/\/idecesos.com\/seguros\/wp-json\/wp\/v2\/pages\/11524\/revisions\/13029"}],"up":[{"embeddable":true,"href":"https:\/\/idecesos.com\/seguros\/wp-json\/wp\/v2\/pages\/519"}],"wp:attachment":[{"href":"https:\/\/idecesos.com\/seguros\/wp-json\/wp\/v2\/media?parent=11524"}],"curies":[{"name":"wp","href":"https:\/\/api.w.org\/{rel}","templated":true}]}}