{"id":11525,"date":"2021-11-10T00:00:00","date_gmt":"2021-11-10T00:00:00","guid":{"rendered":"https:\/\/idecesos.com\/seguros\/?page_id=11525"},"modified":"2022-01-03T12:30:09","modified_gmt":"2022-01-03T12:30:09","slug":"repatriacion","status":"publish","type":"page","link":"https:\/\/idecesos.com\/seguros\/companias\/catalana-occidente\/repatriacion\/","title":{"rendered":"Seguro de decesos Catalana Occidente con repatriaci\u00f3n"},"content":{"rendered":"<div id=\"ez-toc-container\" class=\"ez-toc-v2_0_83 ez-toc-wrap-center counter-hierarchy ez-toc-counter ez-toc-custom ez-toc-container-direction\">\n<div class=\"ez-toc-title-container\">\n<p class=\"ez-toc-title\" style=\"cursor:inherit\">Tabla de Contenido<\/p>\n<span class=\"ez-toc-title-toggle\"><a href=\"#\" class=\"ez-toc-pull-right ez-toc-btn ez-toc-btn-xs ez-toc-btn-default ez-toc-toggle\" aria-label=\"Alternar tabla de contenidos\"><span class=\"ez-toc-js-icon-con\"><span class=\"\"><span class=\"eztoc-hide\" style=\"display:none;\">Toggle<\/span><span class=\"ez-toc-icon-toggle-span\"><svg style=\"fill: #db6415;color:#db6415\" xmlns=\"http:\/\/www.w3.org\/2000\/svg\" class=\"list-377408\" width=\"20px\" height=\"20px\" viewBox=\"0 0 24 24\" fill=\"none\"><path d=\"M6 6H4v2h2V6zm14 0H8v2h12V6zM4 11h2v2H4v-2zm16 0H8v2h12v-2zM4 16h2v2H4v-2zm16 0H8v2h12v-2z\" fill=\"currentColor\"><\/path><\/svg><svg style=\"fill: #db6415;color:#db6415\" class=\"arrow-unsorted-368013\" xmlns=\"http:\/\/www.w3.org\/2000\/svg\" width=\"10px\" height=\"10px\" viewBox=\"0 0 24 24\" version=\"1.2\" baseProfile=\"tiny\"><path d=\"M18.2 9.3l-6.2-6.3-6.2 6.3c-.2.2-.3.4-.3.7s.1.5.3.7c.2.2.4.3.7.3h11c.3 0 .5-.1.7-.3.2-.2.3-.5.3-.7s-.1-.5-.3-.7zM5.8 14.7l6.2 6.3 6.2-6.3c.2-.2.3-.5.3-.7s-.1-.5-.3-.7c-.2-.2-.4-.3-.7-.3h-11c-.3 0-.5.1-.7.3-.2.2-.3.5-.3.7s.1.5.3.7z\"\/><\/svg><\/span><\/span><\/span><\/a><\/span><\/div>\n<nav><ul class='ez-toc-list ez-toc-list-level-1 ' ><li class='ez-toc-page-1 ez-toc-heading-level-2'><a class=\"ez-toc-link ez-toc-heading-1\" href=\"https:\/\/idecesos.com\/seguros\/companias\/catalana-occidente\/repatriacion\/#Coberturas_seguro_Catalana_Occidente_con_repatriacion\" >Coberturas seguro Catalana Occidente con repatriaci\u00f3n<\/a><ul class='ez-toc-list-level-3' ><li class='ez-toc-heading-level-3'><a class=\"ez-toc-link ez-toc-heading-2\" href=\"https:\/\/idecesos.com\/seguros\/companias\/catalana-occidente\/repatriacion\/#%C2%BFA_quien_va_dirigido_el_seguro_de_decesos_con_repatriacion_de_Catalana_Occidente\" >\u00bfA qui\u00e9n va dirigido el seguro de decesos con repatriaci\u00f3n de Catalana Occidente?<\/a><\/li><\/ul><\/li><li class='ez-toc-page-1 ez-toc-heading-level-2'><a class=\"ez-toc-link ez-toc-heading-3\" href=\"https:\/\/idecesos.com\/seguros\/companias\/catalana-occidente\/repatriacion\/#Precio_de_seguro_de_decesos_Catalana_Occidente_con_repatriacion\" >Precio de seguro de decesos Catalana Occidente con repatriaci\u00f3n<\/a><\/li><li class='ez-toc-page-1 ez-toc-heading-level-2'><a class=\"ez-toc-link ez-toc-heading-4\" href=\"https:\/\/idecesos.com\/seguros\/companias\/catalana-occidente\/repatriacion\/#Productos_Repatriacion_Catalana_Occidente\" >Productos Repatriaci\u00f3n Catalana Occidente<\/a><\/li><li class='ez-toc-page-1 ez-toc-heading-level-2'><a class=\"ez-toc-link ez-toc-heading-5\" href=\"https:\/\/idecesos.com\/seguros\/companias\/catalana-occidente\/repatriacion\/#Opiniones_del_seguro_de_decesos_de_Repatriacion_de_Catalana_Occidente\" >Opiniones del seguro de decesos de Repatriaci\u00f3n de Catalana Occidente<\/a><\/li><\/ul><\/nav><\/div>\n\n<p>Aunque quede incluido hasta las coberturas m\u00ednimas b\u00e1sicas, las complementarias quedan dentro de este servicio del seguro de decesos de repatriaci\u00f3n Catalana Occidente. Todas y cada una aquellas personas que han dejado atr\u00e1s su lugar de nacimiento para poder radicar dentro de Espa\u00f1a, es de los pa\u00edses con m\u00e1s extranjeros en comparaci\u00f3n con otros pa\u00edses, como es el caso de Argentina 259946, Francia 209344 y Venezuela 202859. Cuando se tiene todo controlado puede ahorrarte muchos dolores de cabeza, si surgen m\u00faltiples imprevisibles. Cuando ocurre el momento del \u00f3bito, se debe conocer que las coberturas que incluye son para todas y cada una de las personas emigrantes en el servicio de repatriaci\u00f3n. Vas a disponer de una serenidad absoluta tanto para ti como para tus familiares, en todo momento. <\/p>\n<p>Leer m\u00e1s: <a href=\"https:\/\/idecesos.com\/seguros\/tipo\/extranjeros-repatriacion\/\">Seguro de decesos con repatriaci\u00f3n<\/a><\/p>\n<div class=\"colorf \"  ><div class=\"container clearfix\"><div class=\"col-md-7\"><\/p>\n<h2><span class=\"ez-toc-section\" id=\"Coberturas_seguro_Catalana_Occidente_con_repatriacion\"><\/span>Coberturas seguro Catalana Occidente con repatriaci\u00f3n<span class=\"ez-toc-section-end\"><\/span><\/h2>\n<p>\u00bfA qui\u00e9n va dirigido las coberturas de seguro de repatriaci\u00f3n de Catalana Occidente? Es para todas y cada una aquellas personas que vivan en otro lugar del mundo, con lo que dentro de las coberturas que incluye es la tramitaci\u00f3n de los documentos, servicio f\u00fanebre, incineraci\u00f3n o bien cementerio, todas y cada una estas coberturas las vas a poder ver de manera m\u00e1s detallada en el contrato. <\/p>\n<p><\/div><\/div><\/div>\n<h3><span class=\"ez-toc-section\" id=\"%C2%BFA_quien_va_dirigido_el_seguro_de_decesos_con_repatriacion_de_Catalana_Occidente\"><\/span>\u00bfA qui\u00e9n va dirigido el seguro de decesos con repatriaci\u00f3n de Catalana Occidente?<span class=\"ez-toc-section-end\"><\/span><\/h3>\n<p>El precio de seguro de decesos repatriaci\u00f3n de la Catalana Occidente est\u00e1 dirigida a alguien en cualquier pa\u00eds del mundo, que se encuentra en Espa\u00f1a, y por una raz\u00f3n por la que le agradar\u00eda retornar tras la muerte en su pa\u00eds de origen, con todo este proceso, no correr\u00e1 con los gastos extremadamente altos y tampoco los miembros de su familia. Es de m\u00e1xima importancia la garant\u00eda del conocimiento del coste que se abonar\u00e1 por los servicios f\u00fanebres, ya sea que la persona muere en su municipio o bien en otro pa\u00eds. <\/p>\n<div class=\"colorf \"  ><div class=\"container clearfix\"><div class=\"col-md-7\"><\/p>\n<h2><span class=\"ez-toc-section\" id=\"Precio_de_seguro_de_decesos_Catalana_Occidente_con_repatriacion\"><\/span>Precio de seguro de decesos Catalana Occidente con repatriaci\u00f3n<span class=\"ez-toc-section-end\"><\/span><\/h2>\n<p>Para tomar referencia de los mejores precios de los seguros de decesos de repatriaci\u00f3n de la Catalana Occidente se tendr\u00e1 en cuenta que su rango es desde 3,55\u20ac. Cada p\u00f3liza cuenta con una clausulas diferentes que deber\u00e1s valorar las que incluyen y las auxiliares que son las que se calcular\u00e1n para obtener la mensualidad final. <\/p>\n<p><\/div><\/div><\/div>\n<h2><span class=\"ez-toc-section\" id=\"Productos_Repatriacion_Catalana_Occidente\"><\/span>Productos Repatriaci\u00f3n Catalana Occidente<span class=\"ez-toc-section-end\"><\/span><\/h2>\n<div class=\"colorf\"><div class=\"container clearfix\"><div class=\"col-md-7\"><div class=\"opiniones\">\n<h2><span class=\"ez-toc-section\" id=\"Opiniones_del_seguro_de_decesos_de_Repatriacion_de_Catalana_Occidente\"><\/span>Opiniones del seguro de decesos de Repatriaci\u00f3n de Catalana Occidente<span class=\"ez-toc-section-end\"><\/span><\/h2>\n<p>&nbsp;<\/p>\n<div class=\"opinion \"  >\n\t\t\t<div class=\"cabecera_opinion\">\n\t\t\t\t<div class=\"avatar\">A C <\/div>\n\t\t\t\t<div class=\"datos_opinion\">\n\t\t\t\t\t<div class=\"nombre_opinion\">Alejandra Coral<\/div>\n\t\t\t\t\t<div class=\"info_opinion\">\t\t\t\t\t\t\n\t\t\t\t\t\t<div class=\"cuenta_opinion\"><i class=\"fas fa-pencil-alt\"><\/i><!--span class=\"dashicons dashicons-edit\" style=\"font-size:20px\"><\/span--><span>1 Opini\u00f3n<\/span><\/div>\t\t\t\t\t\t\n\t\t\t\t\t\t<div class=\"localizacion_opinion\">\n\t\t\t\t\t\t\t<i class=\"fas fa-map-marker-alt\"><\/i><!--span class=\"dashicons dashicons-location\" style=\"font-size:20px\"><\/span-->\n\t\t\t\t\t\t\t<span>ES<\/span>\n\t\t\t\t\t\t<\/div>\t\n\t\t\t\t\t<\/div>\n\t\t\t\t<\/div>\n\t\t\t<\/div><div class=\"texto_opinion\"><\/p>\n<p>LLevo m\u00e1s 7 a\u00f1os, por lo que desde mi experiencia Catalana Occidente da las mejores ventajas as\u00ed como adaptabilidad de sus tarifas, quedando asegurado en todo instante y ellos se encargan de la gesti\u00f3n de cualquier tramitaci\u00f3n, Catalana Occidente me ha brindado un servicio inmaculado en el momento que lo necesite.<\/p>\n<p><\/div><\/div>\n<div class=\"opinion \"  >\n\t\t\t<div class=\"cabecera_opinion\">\n\t\t\t\t<div class=\"avatar\">E B <\/div>\n\t\t\t\t<div class=\"datos_opinion\">\n\t\t\t\t\t<div class=\"nombre_opinion\">Eduardo Bl\u00e1zquez<\/div>\n\t\t\t\t\t<div class=\"info_opinion\">\t\t\t\t\t\t\n\t\t\t\t\t\t<div class=\"cuenta_opinion\"><i class=\"fas fa-pencil-alt\"><\/i><!--span class=\"dashicons dashicons-edit\" style=\"font-size:20px\"><\/span--><span>1 Opini\u00f3n<\/span><\/div>\t\t\t\t\t\t\n\t\t\t\t\t\t<div class=\"localizacion_opinion\">\n\t\t\t\t\t\t\t<i class=\"fas fa-map-marker-alt\"><\/i><!--span class=\"dashicons dashicons-location\" style=\"font-size:20px\"><\/span-->\n\t\t\t\t\t\t\t<span>ES<\/span>\n\t\t\t\t\t\t<\/div>\t\n\t\t\t\t\t<\/div>\n\t\t\t\t<\/div>\n\t\t\t<\/div><div class=\"texto_opinion\"><\/p>\n<p>Estuvimos inform\u00e1ndonos a lo largo de bastante tiempo en tanto que nuestra sobrina se iba a ir a extranjero a estudiar, por lo que nos aconsejaron realizar la contrataci\u00f3n de esta p\u00f3liza, por lo que nos aseguramos de hacerlo de esta manera por el hecho de que nunca se sabe que puede llegar en el futuro, m\u00e1s de esta manera nos aseguramos de cualquier percance del que no podamos hacer frente si llegase a acontecer algo. Cuando efectuamos esto, nos quedamos todos m\u00e1s apacibles y quedando asegura mi sobrina para cualquier incidencia.<\/p>\n<p><\/div><\/div>\n<div class=\"opinion \"  >\n\t\t\t<div class=\"cabecera_opinion\">\n\t\t\t\t<div class=\"avatar\">A R <\/div>\n\t\t\t\t<div class=\"datos_opinion\">\n\t\t\t\t\t<div class=\"nombre_opinion\">\u00c1gueda Riquelme<\/div>\n\t\t\t\t\t<div class=\"info_opinion\">\t\t\t\t\t\t\n\t\t\t\t\t\t<div class=\"cuenta_opinion\"><i class=\"fas fa-pencil-alt\"><\/i><!--span class=\"dashicons dashicons-edit\" style=\"font-size:20px\"><\/span--><span>1 Opini\u00f3n<\/span><\/div>\t\t\t\t\t\t\n\t\t\t\t\t\t<div class=\"localizacion_opinion\">\n\t\t\t\t\t\t\t<i class=\"fas fa-map-marker-alt\"><\/i><!--span class=\"dashicons dashicons-location\" style=\"font-size:20px\"><\/span-->\n\t\t\t\t\t\t\t<span>ES<\/span>\n\t\t\t\t\t\t<\/div>\t\n\t\t\t\t\t<\/div>\n\t\t\t\t<\/div>\n\t\t\t<\/div><div class=\"texto_opinion\"><\/p>\n<p>Para las personas que tengas ciertas dudas, de veras que os lo recomiendo por el hecho de que aparte de administrar todos los tr\u00e1mites, cuando ocurre el fallecimiento de ese ser querido, nos lo hacen considerablemente m\u00e1s simple, recib\u00ed un servicio estupendo de la mano de los mejores, lo aconsejo siempre y en toda circunstancia. No ocurri\u00f3 ninguna mala gesti\u00f3n o bien problemas, por lo que nos protegieron en todo instante.<\/p>\n<p><\/div><\/div>\n<\/div><\/div><\/div><\/div>\n<p><div class=\"oficinas\"><br \/>\n<h3>P\u00e1ginas relacionadas<\/h3><div class=\"enlazado\"><ul> <li><a href=\"https:\/\/idecesos.com\/seguros\/companias\/catalana-occidente\/opiniones\/\">Opiniones Catalana Occidente<\/a><\/li> <li><a href=\"https:\/\/idecesos.com\/seguros\/companias\/catalana-occidente\/precio\/\">Precio seguro Catalana Occidente<\/a><\/li> <li><a href=\"https:\/\/idecesos.com\/seguros\/companias\/catalana-occidente\/prima-mixta\/\">Catalana Occidente Prima Mixta<\/a><\/li> <li><a href=\"https:\/\/idecesos.com\/seguros\/companias\/catalana-occidente\/prima-natural\/\">Catalana Occidente Prima Natural<\/a><\/li> <li><a href=\"https:\/\/idecesos.com\/seguros\/companias\/catalana-occidente\/prima-nivelada\/\">Catalana Occidente Prima Nivelada<\/a><\/li> <li><a href=\"https:\/\/idecesos.com\/seguros\/companias\/catalana-occidente\/prima-unica\/\">Catalana Occidente Prima \u00danica<\/a><\/li> <li><a href=\"https:\/\/idecesos.com\/seguros\/companias\/catalana-occidente\/repatriacion\/\">Catalana Occidente Repatriaci\u00f3n<\/a><\/li> <li><a href=\"https:\/\/idecesos.com\/seguros\/companias\/catalana-occidente\/telefono\/\">Tel\u00e9fono Gratuito Catalana Occidente<\/a><\/li><\/ul><\/div><\/p>\n<\/div>\n","protected":false},"excerpt":{"rendered":"<p>Aunque quede incluido hasta las coberturas m\u00ednimas b\u00e1sicas, las complementarias quedan dentro de este servicio del seguro de decesos de repatriaci\u00f3n Catalana Occidente. Todas y cada una aquellas personas que han dejado atr\u00e1s su lugar de nacimiento para poder radicar dentro de Espa\u00f1a, es de los pa\u00edses con m\u00e1s extranjeros en comparaci\u00f3n con otros pa\u00edses,&hellip; <\/p>\n","protected":false},"author":3,"featured_media":0,"parent":617,"menu_order":0,"comment_status":"closed","ping_status":"closed","template":"single.php","meta":{"footnotes":""},"class_list":["post-11525","page","type-page","status-publish","hentry"],"yoast_head":"<!-- This site is optimized with the Yoast SEO plugin v27.5 - https:\/\/yoast.com\/product\/yoast-seo-wordpress\/ -->\n<title>Seguro Decesos Catalana Occidente Repatriaci\u00f3n \u25b7 Opiniones y Precio 2026<\/title>\n<meta name=\"description\" content=\"Click aqu\u00ed \u3010Seguro de Decesos con repatriaci\u00f3n Catalana Occidente\u3011 Mejores precios Catalana Occidente seguro de fallecidos con repatriaci\u00f3n \u2611\ufe0f Actualizado por iDecesos\u00ae\" \/>\n<meta name=\"robots\" content=\"index, follow, max-snippet:-1, max-image-preview:large, max-video-preview:-1\" \/>\n<link rel=\"canonical\" href=\"https:\/\/idecesos.com\/seguros\/companias\/catalana-occidente\/repatriacion\/\" \/>\n<meta property=\"og:locale\" content=\"es_ES\" \/>\n<meta property=\"og:type\" content=\"article\" \/>\n<meta property=\"og:title\" content=\"Seguro Decesos Catalana Occidente Repatriaci\u00f3n \u25b7 Opiniones y Precio 2026\" \/>\n<meta property=\"og:description\" content=\"Click aqu\u00ed \u3010Seguro de Decesos con repatriaci\u00f3n Catalana Occidente\u3011 Mejores precios Catalana Occidente seguro de fallecidos con repatriaci\u00f3n \u2611\ufe0f Actualizado por iDecesos\u00ae\" \/>\n<meta property=\"og:url\" content=\"https:\/\/idecesos.com\/seguros\/companias\/catalana-occidente\/repatriacion\/\" \/>\n<meta property=\"article:modified_time\" content=\"2022-01-03T12:30:09+00:00\" \/>\n<meta name=\"twitter:card\" content=\"summary_large_image\" \/>\n<meta name=\"twitter:label1\" content=\"Tiempo de lectura\" \/>\n\t<meta name=\"twitter:data1\" content=\"56 minutos\" \/>\n<script type=\"application\/ld+json\" class=\"yoast-schema-graph\">{\"@context\":\"https:\\\/\\\/schema.org\",\"@graph\":[{\"@type\":\"WebPage\",\"@id\":\"https:\\\/\\\/idecesos.com\\\/seguros\\\/companias\\\/catalana-occidente\\\/repatriacion\\\/\",\"url\":\"https:\\\/\\\/idecesos.com\\\/seguros\\\/companias\\\/catalana-occidente\\\/repatriacion\\\/\",\"name\":\"Seguro Decesos Catalana Occidente Repatriaci\u00f3n \u25b7 Opiniones y Precio 2026\",\"isPartOf\":{\"@id\":\"https:\\\/\\\/idecesos.com\\\/seguros\\\/#website\"},\"datePublished\":\"2021-11-10T00:00:00+00:00\",\"dateModified\":\"2022-01-03T12:30:09+00:00\",\"description\":\"Click aqu\u00ed \u3010Seguro de Decesos con repatriaci\u00f3n Catalana Occidente\u3011 Mejores precios Catalana Occidente seguro de fallecidos con repatriaci\u00f3n \u2611\ufe0f Actualizado por iDecesos\u00ae\",\"breadcrumb\":{\"@id\":\"https:\\\/\\\/idecesos.com\\\/seguros\\\/companias\\\/catalana-occidente\\\/repatriacion\\\/#breadcrumb\"},\"inLanguage\":\"es\",\"potentialAction\":[{\"@type\":\"ReadAction\",\"target\":[\"https:\\\/\\\/idecesos.com\\\/seguros\\\/companias\\\/catalana-occidente\\\/repatriacion\\\/\"]}]},{\"@type\":\"BreadcrumbList\",\"@id\":\"https:\\\/\\\/idecesos.com\\\/seguros\\\/companias\\\/catalana-occidente\\\/repatriacion\\\/#breadcrumb\",\"itemListElement\":[{\"@type\":\"ListItem\",\"position\":1,\"name\":\"Portada\",\"item\":\"https:\\\/\\\/idecesos.com\\\/seguros\\\/\"},{\"@type\":\"ListItem\",\"position\":2,\"name\":\"Compa\u00f1\u00edas de Seguros de Decesos en Espa\u00f1a\",\"item\":\"https:\\\/\\\/idecesos.com\\\/seguros\\\/companias\\\/\"},{\"@type\":\"ListItem\",\"position\":3,\"name\":\"Seguro de decesos Catalana Occidente\",\"item\":\"https:\\\/\\\/idecesos.com\\\/seguros\\\/companias\\\/catalana-occidente\\\/\"},{\"@type\":\"ListItem\",\"position\":4,\"name\":\"Seguro de decesos Catalana Occidente con repatriaci\u00f3n\"}]},{\"@type\":\"WebSite\",\"@id\":\"https:\\\/\\\/idecesos.com\\\/seguros\\\/#website\",\"url\":\"https:\\\/\\\/idecesos.com\\\/seguros\\\/\",\"name\":\"\",\"description\":\"\",\"potentialAction\":[{\"@type\":\"SearchAction\",\"target\":{\"@type\":\"EntryPoint\",\"urlTemplate\":\"https:\\\/\\\/idecesos.com\\\/seguros\\\/?s={search_term_string}\"},\"query-input\":{\"@type\":\"PropertyValueSpecification\",\"valueRequired\":true,\"valueName\":\"search_term_string\"}}],\"inLanguage\":\"es\"}]}<\/script>\n<!-- \/ Yoast SEO plugin. -->","yoast_head_json":{"title":"Seguro Decesos Catalana Occidente Repatriaci\u00f3n \u25b7 Opiniones y Precio 2026","description":"Click aqu\u00ed \u3010Seguro de Decesos con repatriaci\u00f3n Catalana Occidente\u3011 Mejores precios Catalana Occidente seguro de fallecidos con repatriaci\u00f3n \u2611\ufe0f Actualizado por iDecesos\u00ae","robots":{"index":"index","follow":"follow","max-snippet":"max-snippet:-1","max-image-preview":"max-image-preview:large","max-video-preview":"max-video-preview:-1"},"canonical":"https:\/\/idecesos.com\/seguros\/companias\/catalana-occidente\/repatriacion\/","og_locale":"es_ES","og_type":"article","og_title":"Seguro Decesos Catalana Occidente Repatriaci\u00f3n \u25b7 Opiniones y Precio 2026","og_description":"Click aqu\u00ed \u3010Seguro de Decesos con repatriaci\u00f3n Catalana Occidente\u3011 Mejores precios Catalana Occidente seguro de fallecidos con repatriaci\u00f3n \u2611\ufe0f Actualizado por iDecesos\u00ae","og_url":"https:\/\/idecesos.com\/seguros\/companias\/catalana-occidente\/repatriacion\/","article_modified_time":"2022-01-03T12:30:09+00:00","twitter_card":"summary_large_image","twitter_misc":{"Tiempo de lectura":"56 minutos"},"schema":{"@context":"https:\/\/schema.org","@graph":[{"@type":"WebPage","@id":"https:\/\/idecesos.com\/seguros\/companias\/catalana-occidente\/repatriacion\/","url":"https:\/\/idecesos.com\/seguros\/companias\/catalana-occidente\/repatriacion\/","name":"Seguro Decesos Catalana Occidente Repatriaci\u00f3n \u25b7 Opiniones y Precio 2026","isPartOf":{"@id":"https:\/\/idecesos.com\/seguros\/#website"},"datePublished":"2021-11-10T00:00:00+00:00","dateModified":"2022-01-03T12:30:09+00:00","description":"Click aqu\u00ed \u3010Seguro de Decesos con repatriaci\u00f3n Catalana Occidente\u3011 Mejores precios Catalana Occidente seguro de fallecidos con repatriaci\u00f3n \u2611\ufe0f Actualizado por iDecesos\u00ae","breadcrumb":{"@id":"https:\/\/idecesos.com\/seguros\/companias\/catalana-occidente\/repatriacion\/#breadcrumb"},"inLanguage":"es","potentialAction":[{"@type":"ReadAction","target":["https:\/\/idecesos.com\/seguros\/companias\/catalana-occidente\/repatriacion\/"]}]},{"@type":"BreadcrumbList","@id":"https:\/\/idecesos.com\/seguros\/companias\/catalana-occidente\/repatriacion\/#breadcrumb","itemListElement":[{"@type":"ListItem","position":1,"name":"Portada","item":"https:\/\/idecesos.com\/seguros\/"},{"@type":"ListItem","position":2,"name":"Compa\u00f1\u00edas de Seguros de Decesos en Espa\u00f1a","item":"https:\/\/idecesos.com\/seguros\/companias\/"},{"@type":"ListItem","position":3,"name":"Seguro de decesos Catalana Occidente","item":"https:\/\/idecesos.com\/seguros\/companias\/catalana-occidente\/"},{"@type":"ListItem","position":4,"name":"Seguro de decesos Catalana Occidente con repatriaci\u00f3n"}]},{"@type":"WebSite","@id":"https:\/\/idecesos.com\/seguros\/#website","url":"https:\/\/idecesos.com\/seguros\/","name":"","description":"","potentialAction":[{"@type":"SearchAction","target":{"@type":"EntryPoint","urlTemplate":"https:\/\/idecesos.com\/seguros\/?s={search_term_string}"},"query-input":{"@type":"PropertyValueSpecification","valueRequired":true,"valueName":"search_term_string"}}],"inLanguage":"es"}]}},"_links":{"self":[{"href":"https:\/\/idecesos.com\/seguros\/wp-json\/wp\/v2\/pages\/11525","targetHints":{"allow":["GET"]}}],"collection":[{"href":"https:\/\/idecesos.com\/seguros\/wp-json\/wp\/v2\/pages"}],"about":[{"href":"https:\/\/idecesos.com\/seguros\/wp-json\/wp\/v2\/types\/page"}],"author":[{"embeddable":true,"href":"https:\/\/idecesos.com\/seguros\/wp-json\/wp\/v2\/users\/3"}],"replies":[{"embeddable":true,"href":"https:\/\/idecesos.com\/seguros\/wp-json\/wp\/v2\/comments?post=11525"}],"version-history":[{"count":1,"href":"https:\/\/idecesos.com\/seguros\/wp-json\/wp\/v2\/pages\/11525\/revisions"}],"predecessor-version":[{"id":13037,"href":"https:\/\/idecesos.com\/seguros\/wp-json\/wp\/v2\/pages\/11525\/revisions\/13037"}],"up":[{"embeddable":true,"href":"https:\/\/idecesos.com\/seguros\/wp-json\/wp\/v2\/pages\/617"}],"wp:attachment":[{"href":"https:\/\/idecesos.com\/seguros\/wp-json\/wp\/v2\/media?parent=11525"}],"curies":[{"name":"wp","href":"https:\/\/api.w.org\/{rel}","templated":true}]}}