{"id":11527,"date":"2021-11-10T00:00:00","date_gmt":"2021-11-10T00:00:00","guid":{"rendered":"https:\/\/idecesos.com\/seguros\/?page_id=11527"},"modified":"2022-01-03T12:30:09","modified_gmt":"2022-01-03T12:30:09","slug":"prima-nivelada","status":"publish","type":"page","link":"https:\/\/idecesos.com\/seguros\/companias\/catalana-occidente\/prima-nivelada\/","title":{"rendered":"Seguro de decesos Catalana Occidente Prima Nivelada"},"content":{"rendered":"<div id=\"ez-toc-container\" class=\"ez-toc-v2_0_82_2 ez-toc-wrap-center counter-hierarchy ez-toc-counter ez-toc-custom ez-toc-container-direction\">\n<div class=\"ez-toc-title-container\">\n<p class=\"ez-toc-title\" style=\"cursor:inherit\">Tabla de Contenido<\/p>\n<span class=\"ez-toc-title-toggle\"><a href=\"#\" class=\"ez-toc-pull-right ez-toc-btn ez-toc-btn-xs ez-toc-btn-default ez-toc-toggle\" aria-label=\"Alternar tabla de contenidos\"><span class=\"ez-toc-js-icon-con\"><span class=\"\"><span class=\"eztoc-hide\" style=\"display:none;\">Toggle<\/span><span class=\"ez-toc-icon-toggle-span\"><svg style=\"fill: #db6415;color:#db6415\" xmlns=\"http:\/\/www.w3.org\/2000\/svg\" class=\"list-377408\" width=\"20px\" height=\"20px\" viewBox=\"0 0 24 24\" fill=\"none\"><path d=\"M6 6H4v2h2V6zm14 0H8v2h12V6zM4 11h2v2H4v-2zm16 0H8v2h12v-2zM4 16h2v2H4v-2zm16 0H8v2h12v-2z\" fill=\"currentColor\"><\/path><\/svg><svg style=\"fill: #db6415;color:#db6415\" class=\"arrow-unsorted-368013\" xmlns=\"http:\/\/www.w3.org\/2000\/svg\" width=\"10px\" height=\"10px\" viewBox=\"0 0 24 24\" version=\"1.2\" baseProfile=\"tiny\"><path d=\"M18.2 9.3l-6.2-6.3-6.2 6.3c-.2.2-.3.4-.3.7s.1.5.3.7c.2.2.4.3.7.3h11c.3 0 .5-.1.7-.3.2-.2.3-.5.3-.7s-.1-.5-.3-.7zM5.8 14.7l6.2 6.3 6.2-6.3c.2-.2.3-.5.3-.7s-.1-.5-.3-.7c-.2-.2-.4-.3-.7-.3h-11c-.3 0-.5.1-.7.3-.2.2-.3.5-.3.7s.1.5.3.7z\"\/><\/svg><\/span><\/span><\/span><\/a><\/span><\/div>\n<nav><ul class='ez-toc-list ez-toc-list-level-1 ' ><li class='ez-toc-page-1 ez-toc-heading-level-2'><a class=\"ez-toc-link ez-toc-heading-1\" href=\"https:\/\/idecesos.com\/seguros\/companias\/catalana-occidente\/prima-nivelada\/#Coberturas_seguro_Prima_Nivelada_Catalana_Occidente\" >Coberturas seguro Prima Nivelada Catalana Occidente<\/a><ul class='ez-toc-list-level-3' ><li class='ez-toc-heading-level-3'><a class=\"ez-toc-link ez-toc-heading-2\" href=\"https:\/\/idecesos.com\/seguros\/companias\/catalana-occidente\/prima-nivelada\/#%C2%BFA_quien_va_dirigido_el_seguro_de_decesos_Prima_Nivelada_de_Catalana_Occidente\" >\u00bfA qui\u00e9n va dirigido el seguro de decesos Prima Nivelada de Catalana Occidente?<\/a><\/li><\/ul><\/li><li class='ez-toc-page-1 ez-toc-heading-level-2'><a class=\"ez-toc-link ez-toc-heading-3\" href=\"https:\/\/idecesos.com\/seguros\/companias\/catalana-occidente\/prima-nivelada\/#Precio_de_seguro_de_decesos_Prima_Nivelada_Catalana_Occidente\" >Precio de seguro de decesos Prima Nivelada Catalana Occidente<\/a><\/li><li class='ez-toc-page-1 ez-toc-heading-level-2'><a class=\"ez-toc-link ez-toc-heading-4\" href=\"https:\/\/idecesos.com\/seguros\/companias\/catalana-occidente\/prima-nivelada\/#Productos_Prima_Nivelada_Catalana_Occidente\" >Productos Prima Nivelada Catalana Occidente<\/a><\/li><li class='ez-toc-page-1 ez-toc-heading-level-2'><a class=\"ez-toc-link ez-toc-heading-5\" href=\"https:\/\/idecesos.com\/seguros\/companias\/catalana-occidente\/prima-nivelada\/#Opiniones_del_seguro_de_decesos_de_Prima_Nivelada_de_Catalana_Occidente\" >Opiniones del seguro de decesos de Prima Nivelada de Catalana Occidente<\/a><ul class='ez-toc-list-level-3' ><li class='ez-toc-heading-level-3'><a class=\"ez-toc-link ez-toc-heading-6\" href=\"https:\/\/idecesos.com\/seguros\/companias\/catalana-occidente\/prima-nivelada\/#Paginas_relacionadas\" >P\u00e1ginas relacionadas<\/a><\/li><\/ul><\/li><\/ul><\/nav><\/div>\n\n<p>Si lo que quieres es un seguro con una prima constante y que no cambia pr\u00e1cticamente nada al vencimiento de la anualidad desde el inicio de la contrataci\u00f3n de la p\u00f3liza, tu producto es el seguro de prima nivelada Catalana Occidente El seguro de prima nivelada Catalana Occidente aplica una tasa a la edad de contrataci\u00f3n que prosigue a lo largo de la vida de la p\u00f3liza y que se regula en el caso de acrecentar los gastos asociado de los servicios f\u00fanebres aplicando una tasa nivelada. <\/p>\n<p>Leer m\u00e1s: <a href=\"https:\/\/idecesos.com\/seguros\/tipo\/nivelada\/\">Seguro de decesos Prima Nivelada<\/a><\/p>\n<div class=\"colorf \"  ><div class=\"container clearfix\"><div class=\"col-md-7\"><\/p>\n<h2><span class=\"ez-toc-section\" id=\"Coberturas_seguro_Prima_Nivelada_Catalana_Occidente\"><\/span>Coberturas seguro Prima Nivelada Catalana Occidente<span class=\"ez-toc-section-end\"><\/span><\/h2>\n<p>El seguro de decesos Catalana Occidente su mayor cobertura es dar al completo lo que requiere en el momento del \u00f3bito de forma complet\u00edsima. El servicio m\u00e1s famoso dentro de Catalana Occidente es el que cubre los gastos f\u00fanebres, puesto que cuenta con persona cualificada y disciplinada en atender con calidad en todo instante. Las coberturas que contienen es como una de la selecci\u00f3n de entierro, si de esta manera lo ha escogido el familiar o bien el asegurado, cuenta con la cobertura de todos los tr\u00e1mites que se hagan cuando ocurre el \u00f3bito. El servicio de asistencia de Catalana Occidente trabajan las 24 horas, en el instante de recibir una llamada se van a poner a la disposici\u00f3n del cliente del servicio dando las coberturas adecuadas y adapt\u00e1ndolo a las preferencias del servicio funerario que haya elegido anteriormente, contando con el presupuesto del capital del asegurado. Para conseguir la informaci\u00f3n m\u00e1s completa y detallada sobre las coberturas del seguro de decesos de prima nivelada de Catalana Occidente, con iDecesos contaras con esa ventaja de ver toda el beneficio de ver toda la informaci\u00f3n de una manera m\u00e1s detallada y completa, cada producto explicado y de las que mejor se adaptaran a ti. <\/p>\n<p><\/div><\/div><\/div>\n<h3><span class=\"ez-toc-section\" id=\"%C2%BFA_quien_va_dirigido_el_seguro_de_decesos_Prima_Nivelada_de_Catalana_Occidente\"><\/span>\u00bfA qui\u00e9n va dirigido el seguro de decesos Prima Nivelada de Catalana Occidente?<span class=\"ez-toc-section-end\"><\/span><\/h3>\n<p>Dentro de las mejores aseguradoras que se amoldan al nivel econ\u00f3mico de cada persona nos hallamos con el seguro de prima nivelada de Catalana Occidente. Para todas y cada una de las familias que precisan una tranquilidad econ\u00f3mica sin cargos adicionales, adem\u00e1s de sentir que su familia queda protegido ante cualquier situaci\u00f3n. Mayoritariamente los que optan por este seguro es para tener una estabilidad econ\u00f3mica y no haya cambios en la prima todos los a\u00f1os. En Catalana Occidente la modalidad de prima nivelada es una de las que m\u00e1s densidad de clientes tiene y que mayor valoraci\u00f3n le dan sus clientes del servicio. <\/p>\n<div class=\"colorf \"  ><div class=\"container clearfix\"><div class=\"col-md-7\"><\/p>\n<h2><span class=\"ez-toc-section\" id=\"Precio_de_seguro_de_decesos_Prima_Nivelada_Catalana_Occidente\"><\/span>Precio de seguro de decesos Prima Nivelada Catalana Occidente<span class=\"ez-toc-section-end\"><\/span><\/h2>\n<p>Catalana Occidente prima nivelada el coste es 4,99\u20ac al mes, mas la tarifa va a depender de la edad de los asegurados en el instante de la contrataci\u00f3n y de la suma asegurada de los servicios mortuorios de la localidad de los mismos. En iDecesos encontrases los diferentes precios con respecto a la prima que quieres tener, con solo acceder al comparador. <\/p>\n<p><\/div><\/div><\/div>\n<h2><span class=\"ez-toc-section\" id=\"Productos_Prima_Nivelada_Catalana_Occidente\"><\/span>Productos Prima Nivelada Catalana Occidente<span class=\"ez-toc-section-end\"><\/span><\/h2>\n<div class=\"colorf\"><div class=\"container clearfix\"><div class=\"col-md-7\"><div class=\"opiniones\">\n<h2><span class=\"ez-toc-section\" id=\"Opiniones_del_seguro_de_decesos_de_Prima_Nivelada_de_Catalana_Occidente\"><\/span>Opiniones del seguro de decesos de Prima Nivelada de Catalana Occidente<span class=\"ez-toc-section-end\"><\/span><\/h2>\n<p>Tiene de las mejores opiniones el seguro de decesos de prima nivelada Catalana Occidente generado gracias a los mejores aconsejes del mercado que es iDecesos, dando accesibilidad a unas coberturas que llevan a cabo con eficacia las gestiones pertinentes. La prima nivelada Catalana Occidente genera muchas comodidades en el momento de realizar los pagos en los interesados. Catalana Occidente de manera m\u00e1s frecuente hace descuentos bien interesantes para que se puedan favorecerlos clientes. <\/p>\n<div class=\"opinion \"  >\n\t\t\t<div class=\"cabecera_opinion\">\n\t\t\t\t<div class=\"avatar\">A D <\/div>\n\t\t\t\t<div class=\"datos_opinion\">\n\t\t\t\t\t<div class=\"nombre_opinion\">Amparo Diezma<\/div>\n\t\t\t\t\t<div class=\"info_opinion\">\t\t\t\t\t\t\n\t\t\t\t\t\t<div class=\"cuenta_opinion\"><i class=\"fas fa-pencil-alt\"><\/i><!--span class=\"dashicons dashicons-edit\" style=\"font-size:20px\"><\/span--><span>1 Opini\u00f3n<\/span><\/div>\t\t\t\t\t\t\n\t\t\t\t\t\t<div class=\"localizacion_opinion\">\n\t\t\t\t\t\t\t<i class=\"fas fa-map-marker-alt\"><\/i><!--span class=\"dashicons dashicons-location\" style=\"font-size:20px\"><\/span-->\n\t\t\t\t\t\t\t<span>ES<\/span>\n\t\t\t\t\t\t<\/div>\t\n\t\t\t\t\t<\/div>\n\t\t\t\t<\/div>\n\t\t\t<\/div><div class=\"texto_opinion\"><\/p>\n<p>Me aconsejaron Catalana Occidente ya que estaba buscando el seguro de prima nivelada m\u00e1s econ\u00f3mico, realizando asimismo una busca muy exhaustiva di con iDecesos, con sinceridad para mi es una herramienta chapo ya que se encarga de decirte las diferentes tarifas que puede tener cada empresa aseguradora, por lo que me ayudo bastante y decid\u00ed contratar Catalana Occidente. <\/p>\n<p><\/div><\/div>\n<div class=\"opinion \"  >\n\t\t\t<div class=\"cabecera_opinion\">\n\t\t\t\t<div class=\"avatar\">A A <\/div>\n\t\t\t\t<div class=\"datos_opinion\">\n\t\t\t\t\t<div class=\"nombre_opinion\">An\u00edbal Arsenio<\/div>\n\t\t\t\t\t<div class=\"info_opinion\">\t\t\t\t\t\t\n\t\t\t\t\t\t<div class=\"cuenta_opinion\"><i class=\"fas fa-pencil-alt\"><\/i><!--span class=\"dashicons dashicons-edit\" style=\"font-size:20px\"><\/span--><span>1 Opini\u00f3n<\/span><\/div>\t\t\t\t\t\t\n\t\t\t\t\t\t<div class=\"localizacion_opinion\">\n\t\t\t\t\t\t\t<i class=\"fas fa-map-marker-alt\"><\/i><!--span class=\"dashicons dashicons-location\" style=\"font-size:20px\"><\/span-->\n\t\t\t\t\t\t\t<span>ES<\/span>\n\t\t\t\t\t\t<\/div>\t\n\t\t\t\t\t<\/div>\n\t\t\t\t<\/div>\n\t\t\t<\/div><div class=\"texto_opinion\"><\/p>\n<p>De todos los comentarios que le\u00ed decid\u00ed arriesgar y la verdad que tuve suerte con Catalana Occidente me ha dado las mejores coberturas de prima nivelada, la tarifa se amolda a mis circunstancias, adem\u00e1s de eso me hicieron un presupuesto que quede muy contenta, tiene unos trabajadores muy profesionales Catalana Occidente. <\/p>\n<p><\/div><\/div>\n<div class=\"opinion \"  >\n\t\t\t<div class=\"cabecera_opinion\">\n\t\t\t\t<div class=\"avatar\">C R <\/div>\n\t\t\t\t<div class=\"datos_opinion\">\n\t\t\t\t\t<div class=\"nombre_opinion\">Cayetano Ruano<\/div>\n\t\t\t\t\t<div class=\"info_opinion\">\t\t\t\t\t\t\n\t\t\t\t\t\t<div class=\"cuenta_opinion\"><i class=\"fas fa-pencil-alt\"><\/i><!--span class=\"dashicons dashicons-edit\" style=\"font-size:20px\"><\/span--><span>1 Opini\u00f3n<\/span><\/div>\t\t\t\t\t\t\n\t\t\t\t\t\t<div class=\"localizacion_opinion\">\n\t\t\t\t\t\t\t<i class=\"fas fa-map-marker-alt\"><\/i><!--span class=\"dashicons dashicons-location\" style=\"font-size:20px\"><\/span-->\n\t\t\t\t\t\t\t<span>ES<\/span>\n\t\t\t\t\t\t<\/div>\t\n\t\t\t\t\t<\/div>\n\t\t\t\t<\/div>\n\t\t\t<\/div><div class=\"texto_opinion\"><\/p>\n<p>Hoy en d\u00eda es complicado hallar una compa\u00f1\u00eda aseguradora con buen precio y buen atenci\u00f3n al servicio por este motivo Catalana Occidente me sorprendi\u00f3 bastante en tanto que me daban muy buenas ventajas, en el presupuesto que me realizaron fue muy espec\u00edfico con la p\u00f3liza de prima nivelada, si a\u00fan no das con la adecuada te invito a  Catalana Occidente. <\/p>\n<p><\/div><\/div>\n<\/div><\/div><\/div><\/div>\n<p><div class=\"oficinas\"><br \/>\n<h3><span class=\"ez-toc-section\" id=\"Paginas_relacionadas\"><\/span>P\u00e1ginas relacionadas<span class=\"ez-toc-section-end\"><\/span><\/h3><div class=\"enlazado\"><ul> <li><a href=\"https:\/\/idecesos.com\/seguros\/companias\/catalana-occidente\/opiniones\/\">Opiniones Catalana Occidente<\/a><\/li> <li><a href=\"https:\/\/idecesos.com\/seguros\/companias\/catalana-occidente\/precio\/\">Precio seguro Catalana Occidente<\/a><\/li> <li><a href=\"https:\/\/idecesos.com\/seguros\/companias\/catalana-occidente\/prima-mixta\/\">Catalana Occidente Prima Mixta<\/a><\/li> <li><a href=\"https:\/\/idecesos.com\/seguros\/companias\/catalana-occidente\/prima-natural\/\">Catalana Occidente Prima Natural<\/a><\/li> <li><a href=\"https:\/\/idecesos.com\/seguros\/companias\/catalana-occidente\/prima-nivelada\/\">Catalana Occidente Prima Nivelada<\/a><\/li> <li><a href=\"https:\/\/idecesos.com\/seguros\/companias\/catalana-occidente\/prima-unica\/\">Catalana Occidente Prima \u00danica<\/a><\/li> <li><a href=\"https:\/\/idecesos.com\/seguros\/companias\/catalana-occidente\/repatriacion\/\">Catalana Occidente Repatriaci\u00f3n<\/a><\/li> <li><a href=\"https:\/\/idecesos.com\/seguros\/companias\/catalana-occidente\/telefono\/\">Tel\u00e9fono Gratuito Catalana Occidente<\/a><\/li><\/ul><\/div><\/p>\n<\/div>\n","protected":false},"excerpt":{"rendered":"<p>Si lo que quieres es un seguro con una prima constante y que no cambia pr\u00e1cticamente nada al vencimiento de la anualidad desde el inicio de la contrataci\u00f3n de la p\u00f3liza, tu producto es el seguro de prima nivelada Catalana Occidente El seguro de prima nivelada Catalana Occidente aplica una tasa a la edad de&hellip; <\/p>\n","protected":false},"author":3,"featured_media":0,"parent":617,"menu_order":0,"comment_status":"closed","ping_status":"closed","template":"single.php","meta":{"footnotes":""},"class_list":["post-11527","page","type-page","status-publish","hentry"],"yoast_head":"<!-- This site is optimized with the Yoast SEO plugin v27.3 - https:\/\/yoast.com\/product\/yoast-seo-wordpress\/ -->\n<title>Seguro Decesos Catalana Occidente Prima Nivelada \u25b7 Opiniones y Precio 2026<\/title>\n<meta name=\"description\" content=\"Click aqu\u00ed \u3010Seguro de Decesos Prima Nivelada Catalana Occidente\u3011 Mejores precios Catalana Occidente seguro de fallecidos Prima Nivelada \u2611\ufe0f Actualizado por iDecesos\u00ae\" \/>\n<meta name=\"robots\" content=\"index, follow, max-snippet:-1, max-image-preview:large, max-video-preview:-1\" \/>\n<link rel=\"canonical\" href=\"https:\/\/idecesos.com\/seguros\/companias\/catalana-occidente\/prima-nivelada\/\" \/>\n<meta property=\"og:locale\" content=\"es_ES\" \/>\n<meta property=\"og:type\" content=\"article\" \/>\n<meta property=\"og:title\" content=\"Seguro Decesos Catalana Occidente Prima Nivelada \u25b7 Opiniones y Precio 2026\" \/>\n<meta property=\"og:description\" content=\"Click aqu\u00ed \u3010Seguro de Decesos Prima Nivelada Catalana Occidente\u3011 Mejores precios Catalana Occidente seguro de fallecidos Prima Nivelada \u2611\ufe0f Actualizado por iDecesos\u00ae\" \/>\n<meta property=\"og:url\" content=\"https:\/\/idecesos.com\/seguros\/companias\/catalana-occidente\/prima-nivelada\/\" \/>\n<meta property=\"article:modified_time\" content=\"2022-01-03T12:30:09+00:00\" \/>\n<meta name=\"twitter:card\" content=\"summary_large_image\" \/>\n<meta name=\"twitter:label1\" content=\"Tiempo de lectura\" \/>\n\t<meta name=\"twitter:data1\" content=\"57 minutos\" \/>\n<script type=\"application\/ld+json\" class=\"yoast-schema-graph\">{\"@context\":\"https:\\\/\\\/schema.org\",\"@graph\":[{\"@type\":\"WebPage\",\"@id\":\"https:\\\/\\\/idecesos.com\\\/seguros\\\/companias\\\/catalana-occidente\\\/prima-nivelada\\\/\",\"url\":\"https:\\\/\\\/idecesos.com\\\/seguros\\\/companias\\\/catalana-occidente\\\/prima-nivelada\\\/\",\"name\":\"Seguro Decesos Catalana Occidente Prima Nivelada \u25b7 Opiniones y Precio 2026\",\"isPartOf\":{\"@id\":\"https:\\\/\\\/idecesos.com\\\/seguros\\\/#website\"},\"datePublished\":\"2021-11-10T00:00:00+00:00\",\"dateModified\":\"2022-01-03T12:30:09+00:00\",\"description\":\"Click aqu\u00ed \u3010Seguro de Decesos Prima Nivelada Catalana Occidente\u3011 Mejores precios Catalana Occidente seguro de fallecidos Prima Nivelada \u2611\ufe0f Actualizado por iDecesos\u00ae\",\"breadcrumb\":{\"@id\":\"https:\\\/\\\/idecesos.com\\\/seguros\\\/companias\\\/catalana-occidente\\\/prima-nivelada\\\/#breadcrumb\"},\"inLanguage\":\"es\",\"potentialAction\":[{\"@type\":\"ReadAction\",\"target\":[\"https:\\\/\\\/idecesos.com\\\/seguros\\\/companias\\\/catalana-occidente\\\/prima-nivelada\\\/\"]}]},{\"@type\":\"BreadcrumbList\",\"@id\":\"https:\\\/\\\/idecesos.com\\\/seguros\\\/companias\\\/catalana-occidente\\\/prima-nivelada\\\/#breadcrumb\",\"itemListElement\":[{\"@type\":\"ListItem\",\"position\":1,\"name\":\"Portada\",\"item\":\"https:\\\/\\\/idecesos.com\\\/seguros\\\/\"},{\"@type\":\"ListItem\",\"position\":2,\"name\":\"Compa\u00f1\u00edas de Seguros de Decesos en Espa\u00f1a\",\"item\":\"https:\\\/\\\/idecesos.com\\\/seguros\\\/companias\\\/\"},{\"@type\":\"ListItem\",\"position\":3,\"name\":\"Seguro de decesos Catalana Occidente\",\"item\":\"https:\\\/\\\/idecesos.com\\\/seguros\\\/companias\\\/catalana-occidente\\\/\"},{\"@type\":\"ListItem\",\"position\":4,\"name\":\"Seguro de decesos Catalana Occidente Prima Nivelada\"}]},{\"@type\":\"WebSite\",\"@id\":\"https:\\\/\\\/idecesos.com\\\/seguros\\\/#website\",\"url\":\"https:\\\/\\\/idecesos.com\\\/seguros\\\/\",\"name\":\"\",\"description\":\"\",\"potentialAction\":[{\"@type\":\"SearchAction\",\"target\":{\"@type\":\"EntryPoint\",\"urlTemplate\":\"https:\\\/\\\/idecesos.com\\\/seguros\\\/?s={search_term_string}\"},\"query-input\":{\"@type\":\"PropertyValueSpecification\",\"valueRequired\":true,\"valueName\":\"search_term_string\"}}],\"inLanguage\":\"es\"}]}<\/script>\n<!-- \/ Yoast SEO plugin. -->","yoast_head_json":{"title":"Seguro Decesos Catalana Occidente Prima Nivelada \u25b7 Opiniones y Precio 2026","description":"Click aqu\u00ed \u3010Seguro de Decesos Prima Nivelada Catalana Occidente\u3011 Mejores precios Catalana Occidente seguro de fallecidos Prima Nivelada \u2611\ufe0f Actualizado por iDecesos\u00ae","robots":{"index":"index","follow":"follow","max-snippet":"max-snippet:-1","max-image-preview":"max-image-preview:large","max-video-preview":"max-video-preview:-1"},"canonical":"https:\/\/idecesos.com\/seguros\/companias\/catalana-occidente\/prima-nivelada\/","og_locale":"es_ES","og_type":"article","og_title":"Seguro Decesos Catalana Occidente Prima Nivelada \u25b7 Opiniones y Precio 2026","og_description":"Click aqu\u00ed \u3010Seguro de Decesos Prima Nivelada Catalana Occidente\u3011 Mejores precios Catalana Occidente seguro de fallecidos Prima Nivelada \u2611\ufe0f Actualizado por iDecesos\u00ae","og_url":"https:\/\/idecesos.com\/seguros\/companias\/catalana-occidente\/prima-nivelada\/","article_modified_time":"2022-01-03T12:30:09+00:00","twitter_card":"summary_large_image","twitter_misc":{"Tiempo de lectura":"57 minutos"},"schema":{"@context":"https:\/\/schema.org","@graph":[{"@type":"WebPage","@id":"https:\/\/idecesos.com\/seguros\/companias\/catalana-occidente\/prima-nivelada\/","url":"https:\/\/idecesos.com\/seguros\/companias\/catalana-occidente\/prima-nivelada\/","name":"Seguro Decesos Catalana Occidente Prima Nivelada \u25b7 Opiniones y Precio 2026","isPartOf":{"@id":"https:\/\/idecesos.com\/seguros\/#website"},"datePublished":"2021-11-10T00:00:00+00:00","dateModified":"2022-01-03T12:30:09+00:00","description":"Click aqu\u00ed \u3010Seguro de Decesos Prima Nivelada Catalana Occidente\u3011 Mejores precios Catalana Occidente seguro de fallecidos Prima Nivelada \u2611\ufe0f Actualizado por iDecesos\u00ae","breadcrumb":{"@id":"https:\/\/idecesos.com\/seguros\/companias\/catalana-occidente\/prima-nivelada\/#breadcrumb"},"inLanguage":"es","potentialAction":[{"@type":"ReadAction","target":["https:\/\/idecesos.com\/seguros\/companias\/catalana-occidente\/prima-nivelada\/"]}]},{"@type":"BreadcrumbList","@id":"https:\/\/idecesos.com\/seguros\/companias\/catalana-occidente\/prima-nivelada\/#breadcrumb","itemListElement":[{"@type":"ListItem","position":1,"name":"Portada","item":"https:\/\/idecesos.com\/seguros\/"},{"@type":"ListItem","position":2,"name":"Compa\u00f1\u00edas de Seguros de Decesos en Espa\u00f1a","item":"https:\/\/idecesos.com\/seguros\/companias\/"},{"@type":"ListItem","position":3,"name":"Seguro de decesos Catalana Occidente","item":"https:\/\/idecesos.com\/seguros\/companias\/catalana-occidente\/"},{"@type":"ListItem","position":4,"name":"Seguro de decesos Catalana Occidente Prima Nivelada"}]},{"@type":"WebSite","@id":"https:\/\/idecesos.com\/seguros\/#website","url":"https:\/\/idecesos.com\/seguros\/","name":"","description":"","potentialAction":[{"@type":"SearchAction","target":{"@type":"EntryPoint","urlTemplate":"https:\/\/idecesos.com\/seguros\/?s={search_term_string}"},"query-input":{"@type":"PropertyValueSpecification","valueRequired":true,"valueName":"search_term_string"}}],"inLanguage":"es"}]}},"_links":{"self":[{"href":"https:\/\/idecesos.com\/seguros\/wp-json\/wp\/v2\/pages\/11527","targetHints":{"allow":["GET"]}}],"collection":[{"href":"https:\/\/idecesos.com\/seguros\/wp-json\/wp\/v2\/pages"}],"about":[{"href":"https:\/\/idecesos.com\/seguros\/wp-json\/wp\/v2\/types\/page"}],"author":[{"embeddable":true,"href":"https:\/\/idecesos.com\/seguros\/wp-json\/wp\/v2\/users\/3"}],"replies":[{"embeddable":true,"href":"https:\/\/idecesos.com\/seguros\/wp-json\/wp\/v2\/comments?post=11527"}],"version-history":[{"count":1,"href":"https:\/\/idecesos.com\/seguros\/wp-json\/wp\/v2\/pages\/11527\/revisions"}],"predecessor-version":[{"id":13033,"href":"https:\/\/idecesos.com\/seguros\/wp-json\/wp\/v2\/pages\/11527\/revisions\/13033"}],"up":[{"embeddable":true,"href":"https:\/\/idecesos.com\/seguros\/wp-json\/wp\/v2\/pages\/617"}],"wp:attachment":[{"href":"https:\/\/idecesos.com\/seguros\/wp-json\/wp\/v2\/media?parent=11527"}],"curies":[{"name":"wp","href":"https:\/\/api.w.org\/{rel}","templated":true}]}}