{"id":11533,"date":"2021-11-10T00:00:00","date_gmt":"2021-11-10T00:00:00","guid":{"rendered":"https:\/\/idecesos.com\/seguros\/?page_id=11533"},"modified":"2022-01-03T12:30:09","modified_gmt":"2022-01-03T12:30:09","slug":"prima-natural","status":"publish","type":"page","link":"https:\/\/idecesos.com\/seguros\/companias\/catalana-occidente\/prima-natural\/","title":{"rendered":"Seguro de decesos Catalana Occidente Prima Natural"},"content":{"rendered":"<div id=\"ez-toc-container\" class=\"ez-toc-v2_0_83 ez-toc-wrap-center counter-hierarchy ez-toc-counter ez-toc-custom ez-toc-container-direction\">\n<div class=\"ez-toc-title-container\">\n<p class=\"ez-toc-title\" style=\"cursor:inherit\">Tabla de Contenido<\/p>\n<span class=\"ez-toc-title-toggle\"><a href=\"#\" class=\"ez-toc-pull-right ez-toc-btn ez-toc-btn-xs ez-toc-btn-default ez-toc-toggle\" aria-label=\"Alternar tabla de contenidos\"><span class=\"ez-toc-js-icon-con\"><span class=\"\"><span class=\"eztoc-hide\" style=\"display:none;\">Toggle<\/span><span class=\"ez-toc-icon-toggle-span\"><svg style=\"fill: #db6415;color:#db6415\" xmlns=\"http:\/\/www.w3.org\/2000\/svg\" class=\"list-377408\" width=\"20px\" height=\"20px\" viewBox=\"0 0 24 24\" fill=\"none\"><path d=\"M6 6H4v2h2V6zm14 0H8v2h12V6zM4 11h2v2H4v-2zm16 0H8v2h12v-2zM4 16h2v2H4v-2zm16 0H8v2h12v-2z\" fill=\"currentColor\"><\/path><\/svg><svg style=\"fill: #db6415;color:#db6415\" class=\"arrow-unsorted-368013\" xmlns=\"http:\/\/www.w3.org\/2000\/svg\" width=\"10px\" height=\"10px\" viewBox=\"0 0 24 24\" version=\"1.2\" baseProfile=\"tiny\"><path d=\"M18.2 9.3l-6.2-6.3-6.2 6.3c-.2.2-.3.4-.3.7s.1.5.3.7c.2.2.4.3.7.3h11c.3 0 .5-.1.7-.3.2-.2.3-.5.3-.7s-.1-.5-.3-.7zM5.8 14.7l6.2 6.3 6.2-6.3c.2-.2.3-.5.3-.7s-.1-.5-.3-.7c-.2-.2-.4-.3-.7-.3h-11c-.3 0-.5.1-.7.3-.2.2-.3.5-.3.7s.1.5.3.7z\"\/><\/svg><\/span><\/span><\/span><\/a><\/span><\/div>\n<nav><ul class='ez-toc-list ez-toc-list-level-1 ' ><li class='ez-toc-page-1 ez-toc-heading-level-2'><a class=\"ez-toc-link ez-toc-heading-1\" href=\"https:\/\/idecesos.com\/seguros\/companias\/catalana-occidente\/prima-natural\/#Coberturas_seguro_Prima_Natural_Catalana_Occidente\" >Coberturas seguro Prima Natural Catalana Occidente<\/a><ul class='ez-toc-list-level-3' ><li class='ez-toc-heading-level-3'><a class=\"ez-toc-link ez-toc-heading-2\" href=\"https:\/\/idecesos.com\/seguros\/companias\/catalana-occidente\/prima-natural\/#%C2%BFA_quien_va_dirigido_el_seguro_de_decesos_Prima_Natural_de_Catalana_Occidente\" >\u00bfA qui\u00e9n va dirigido el seguro de decesos Prima Natural de Catalana Occidente?<\/a><\/li><\/ul><\/li><li class='ez-toc-page-1 ez-toc-heading-level-2'><a class=\"ez-toc-link ez-toc-heading-3\" href=\"https:\/\/idecesos.com\/seguros\/companias\/catalana-occidente\/prima-natural\/#Precio_de_seguro_de_decesos_Prima_Natural_Catalana_Occidente\" >Precio de seguro de decesos Prima Natural Catalana Occidente<\/a><\/li><li class='ez-toc-page-1 ez-toc-heading-level-2'><a class=\"ez-toc-link ez-toc-heading-4\" href=\"https:\/\/idecesos.com\/seguros\/companias\/catalana-occidente\/prima-natural\/#Productos_Prima_Natural_Catalana_Occidente\" >Productos Prima Natural Catalana Occidente<\/a><\/li><li class='ez-toc-page-1 ez-toc-heading-level-2'><a class=\"ez-toc-link ez-toc-heading-5\" href=\"https:\/\/idecesos.com\/seguros\/companias\/catalana-occidente\/prima-natural\/#Opiniones_del_seguro_de_decesos_de_Prima_Natural_de_Catalana_Occidente\" >Opiniones del seguro de decesos de Prima Natural de Catalana Occidente<\/a><\/li><\/ul><\/nav><\/div>\n\n<p>Pero \u00bfqu\u00e9 es lo que significa?, para nuestros expertos en seguro de decesos de prima natural de Catalana Occidente es la primera pregunta que responden a todos nuestros interesados. Una de las principales caracter\u00edsticas de prima natural de Catalana Occidente es debido que la prima aumenta dependiendo de la edad del asegurado en tanto que podr\u00eda haber mayor peligro de finar. Tras el an\u00e1lisis que se ha llevado a cabo el resultado es que la esperanza de vida es reducida. Adem\u00e1s, el coste tambi\u00e9n va asociado al incremento del valor de los servicios funerarios asociados en todos y cada localidad, y acostumbran a cambiar. Sin embargo, Catalana Occidente prima natural\u00bb es un seguro muy demandado por lo atractiva que es el importe de su prima. <\/p>\n<p>Leer m\u00e1s: <a href=\"https:\/\/idecesos.com\/seguros\/tipo\/natural\/\">Seguro de decesos Prima Natural<\/a><\/p>\n<div class=\"colorf \"  ><div class=\"container clearfix\"><div class=\"col-md-7\"><\/p>\n<h2><span class=\"ez-toc-section\" id=\"Coberturas_seguro_Prima_Natural_Catalana_Occidente\"><\/span>Coberturas seguro Prima Natural Catalana Occidente<span class=\"ez-toc-section-end\"><\/span><\/h2>\n<p>\u00bfQu\u00e9 cubre el seguro de decesos de prima natural de Catalana Occidente? es la pregunta m\u00e1s repetida entre los interesados en este producto tan atractivo por su baja prima. Catalana Occidente con el seguro de prima natural, se hacen cargo de dar tranquilidad a sus clientes, respecto a las coberturas que contiene al completo, el servicio de sepelio es uno de los servicios que queda absolutamente cubierto como cualquier tr\u00e1mite legal pertinente. El seguro de prima natural de Catalana Occidente cuenta con la cobertura en las gestiones es como son el desplazamiento, todo cuanto vaya a necesitar en ese momento, desde flores , urna o incineraci\u00f3n como las tramitaciones legales oportunas. El seguro de prima natural Catalana Occidente cuenta con unas coberturas complementarias para sus asegurados, puedan beneficiarse de ello durante la permanencia con Catalana Occidente. Uno de los motivos que eligiera Catalana Occidente es por todo lo que lo forma. <\/p>\n<p><\/div><\/div><\/div>\n<h3><span class=\"ez-toc-section\" id=\"%C2%BFA_quien_va_dirigido_el_seguro_de_decesos_Prima_Natural_de_Catalana_Occidente\"><\/span>\u00bfA qui\u00e9n va dirigido el seguro de decesos Prima Natural de Catalana Occidente?<span class=\"ez-toc-section-end\"><\/span><\/h3>\n<p>La ventaja de efectuar la contrataci\u00f3n de la p\u00f3liza de una edad joven con Catalana Occidente seguro de prima natural es su bajo coste a lo largo del fallecimiento en el caso de alg\u00fan accidente inopinado. Una de las ventajas que se encuentra en el seguro de prima natural Catalana Occidente es por aumento de la prima de a\u00f1o en a\u00f1o. En consecuencia, el tomador de la p\u00f3liza de Catalana Occidente ha de ser responsable de supervisar que la subida que viene anualmente no es desmedida y si es el caso de que si, llamar a iDecesos a fin de que le cambie la modalidad de natural para contener esa subida. Destacada por una de las p\u00f3lizas m\u00e1s contratado por la gente joven el seguro de prima natural de Catalana Occidente. <\/p>\n<div class=\"colorf \"  ><div class=\"container clearfix\"><div class=\"col-md-7\"><\/p>\n<h2><span class=\"ez-toc-section\" id=\"Precio_de_seguro_de_decesos_Prima_Natural_Catalana_Occidente\"><\/span>Precio de seguro de decesos Prima Natural Catalana Occidente<span class=\"ez-toc-section-end\"><\/span><\/h2>\n<p>Se resalta por el mejor precio que es desde 2,15 euros cada mes. Se ha logrado este precio con la edad de una persona muy joven y sitio donde resida los gastos del servicio mortuorio sea considerablemente m\u00e1s econ\u00f3mico. De ah\u00ed que, Catalana Occidente seguro de prima natural sale tan barato, dicho esto y y\u00e9ndonos a ese extremo si tienes pocos a\u00f1os y lo que vas es tener un coste econ\u00f3mico la p\u00f3liza de prima natural de Catalana Occidente es el m\u00e1s conveniente a tus necesidades. <\/p>\n<p><\/div><\/div><\/div>\n<h2><span class=\"ez-toc-section\" id=\"Productos_Prima_Natural_Catalana_Occidente\"><\/span>Productos Prima Natural Catalana Occidente<span class=\"ez-toc-section-end\"><\/span><\/h2>\n<div class=\"colorf\"><div class=\"container clearfix\"><div class=\"col-md-7\"><div class=\"opiniones\">\n<h2><span class=\"ez-toc-section\" id=\"Opiniones_del_seguro_de_decesos_de_Prima_Natural_de_Catalana_Occidente\"><\/span>Opiniones del seguro de decesos de Prima Natural de Catalana Occidente<span class=\"ez-toc-section-end\"><\/span><\/h2>\n<div class=\"opinion \"  >\n\t\t\t<div class=\"cabecera_opinion\">\n\t\t\t\t<div class=\"avatar\">B G <\/div>\n\t\t\t\t<div class=\"datos_opinion\">\n\t\t\t\t\t<div class=\"nombre_opinion\">Bego\u00f1a Garrido<\/div>\n\t\t\t\t\t<div class=\"info_opinion\">\t\t\t\t\t\t\n\t\t\t\t\t\t<div class=\"cuenta_opinion\"><i class=\"fas fa-pencil-alt\"><\/i><!--span class=\"dashicons dashicons-edit\" style=\"font-size:20px\"><\/span--><span>1 Opini\u00f3n<\/span><\/div>\t\t\t\t\t\t\n\t\t\t\t\t\t<div class=\"localizacion_opinion\">\n\t\t\t\t\t\t\t<i class=\"fas fa-map-marker-alt\"><\/i><!--span class=\"dashicons dashicons-location\" style=\"font-size:20px\"><\/span-->\n\t\t\t\t\t\t\t<span>ES<\/span>\n\t\t\t\t\t\t<\/div>\t\n\t\t\t\t\t<\/div>\n\t\t\t\t<\/div>\n\t\t\t<\/div><div class=\"texto_opinion\"><\/p>\n<p>Estoy muy contentos con ellos, he efectuado una evaluaci\u00f3n exhaustiva y tienen el mejor seguro de prima natural de Catalana Occidente. Por lo que asegur\u00e9 a mis hijas.<\/p>\n<p><\/div><\/div>\n<div class=\"opinion \"  >\n\t\t\t<div class=\"cabecera_opinion\">\n\t\t\t\t<div class=\"avatar\">C T <\/div>\n\t\t\t\t<div class=\"datos_opinion\">\n\t\t\t\t\t<div class=\"nombre_opinion\">Cayetana Tere<\/div>\n\t\t\t\t\t<div class=\"info_opinion\">\t\t\t\t\t\t\n\t\t\t\t\t\t<div class=\"cuenta_opinion\"><i class=\"fas fa-pencil-alt\"><\/i><!--span class=\"dashicons dashicons-edit\" style=\"font-size:20px\"><\/span--><span>1 Opini\u00f3n<\/span><\/div>\t\t\t\t\t\t\n\t\t\t\t\t\t<div class=\"localizacion_opinion\">\n\t\t\t\t\t\t\t<i class=\"fas fa-map-marker-alt\"><\/i><!--span class=\"dashicons dashicons-location\" style=\"font-size:20px\"><\/span-->\n\t\t\t\t\t\t\t<span>ES<\/span>\n\t\t\t\t\t\t<\/div>\t\n\t\t\t\t\t<\/div>\n\t\t\t\t<\/div>\n\t\t\t<\/div><div class=\"texto_opinion\"><\/p>\n<p>Desde mi punto de vista dif\u00edcil saber cu\u00e1l era el m\u00e1s adecuado para mi, por ello que entre en iDecesos por lo que me facilitaron todo, puede cotejar cu\u00e1l era la tarifa m\u00e1s conveniente para mi que estoy muy contento con Catalana Occidente, si todav\u00eda no lo ten\u00edas claro, te lo aconsejo aunque vas a deber contar con el peque\u00f1o detalle que la prima natural dentro de ella ocurre una subida cada a\u00f1o dentro de Catalana Occidente.<\/p>\n<p><\/div><\/div>\n<div class=\"opinion \"  >\n\t\t\t<div class=\"cabecera_opinion\">\n\t\t\t\t<div class=\"avatar\">A G <\/div>\n\t\t\t\t<div class=\"datos_opinion\">\n\t\t\t\t\t<div class=\"nombre_opinion\">Asdrubal G\u00f3mez<\/div>\n\t\t\t\t\t<div class=\"info_opinion\">\t\t\t\t\t\t\n\t\t\t\t\t\t<div class=\"cuenta_opinion\"><i class=\"fas fa-pencil-alt\"><\/i><!--span class=\"dashicons dashicons-edit\" style=\"font-size:20px\"><\/span--><span>1 Opini\u00f3n<\/span><\/div>\t\t\t\t\t\t\n\t\t\t\t\t\t<div class=\"localizacion_opinion\">\n\t\t\t\t\t\t\t<i class=\"fas fa-map-marker-alt\"><\/i><!--span class=\"dashicons dashicons-location\" style=\"font-size:20px\"><\/span-->\n\t\t\t\t\t\t\t<span>ES<\/span>\n\t\t\t\t\t\t<\/div>\t\n\t\t\t\t\t<\/div>\n\t\t\t\t<\/div>\n\t\t\t<\/div><div class=\"texto_opinion\"><\/p>\n<p>Catalana Occidente de la mejor que hay en el mercado con respecto al seguro de prima natural.<\/p>\n<p><\/div><\/div>\n<\/div><\/div><\/div><\/div>\n<p><div class=\"oficinas\"><br \/>\n<h3>P\u00e1ginas relacionadas<\/h3><div class=\"enlazado\"><ul> <li><a href=\"https:\/\/idecesos.com\/seguros\/companias\/catalana-occidente\/opiniones\/\">Opiniones Catalana Occidente<\/a><\/li> <li><a href=\"https:\/\/idecesos.com\/seguros\/companias\/catalana-occidente\/precio\/\">Precio seguro Catalana Occidente<\/a><\/li> <li><a href=\"https:\/\/idecesos.com\/seguros\/companias\/catalana-occidente\/prima-mixta\/\">Catalana Occidente Prima Mixta<\/a><\/li> <li><a href=\"https:\/\/idecesos.com\/seguros\/companias\/catalana-occidente\/prima-natural\/\">Catalana Occidente Prima Natural<\/a><\/li> <li><a href=\"https:\/\/idecesos.com\/seguros\/companias\/catalana-occidente\/prima-nivelada\/\">Catalana Occidente Prima Nivelada<\/a><\/li> <li><a href=\"https:\/\/idecesos.com\/seguros\/companias\/catalana-occidente\/prima-unica\/\">Catalana Occidente Prima \u00danica<\/a><\/li> <li><a href=\"https:\/\/idecesos.com\/seguros\/companias\/catalana-occidente\/repatriacion\/\">Catalana Occidente Repatriaci\u00f3n<\/a><\/li> <li><a href=\"https:\/\/idecesos.com\/seguros\/companias\/catalana-occidente\/telefono\/\">Tel\u00e9fono Gratuito Catalana Occidente<\/a><\/li><\/ul><\/div><\/p>\n<\/div>\n","protected":false},"excerpt":{"rendered":"<p>Pero \u00bfqu\u00e9 es lo que significa?, para nuestros expertos en seguro de decesos de prima natural de Catalana Occidente es la primera pregunta que responden a todos nuestros interesados. Una de las principales caracter\u00edsticas de prima natural de Catalana Occidente es debido que la prima aumenta dependiendo de la edad del asegurado en tanto que&hellip; <\/p>\n","protected":false},"author":3,"featured_media":0,"parent":617,"menu_order":0,"comment_status":"closed","ping_status":"closed","template":"single.php","meta":{"footnotes":""},"class_list":["post-11533","page","type-page","status-publish","hentry"],"yoast_head":"<!-- This site is optimized with the Yoast SEO plugin v27.5 - https:\/\/yoast.com\/product\/yoast-seo-wordpress\/ -->\n<title>Seguro Decesos Catalana Occidente Prima Natural \u25b7 Opiniones y Precio 2026<\/title>\n<meta name=\"description\" content=\"Click aqu\u00ed \u3010Seguro de Decesos Prima Natural Catalana Occidente\u3011 Mejores precios Catalana Occidente seguro de fallecidos Prima Natural \u2611\ufe0f Actualizado por iDecesos\u00ae\" \/>\n<meta name=\"robots\" content=\"index, follow, max-snippet:-1, max-image-preview:large, max-video-preview:-1\" \/>\n<link rel=\"canonical\" href=\"https:\/\/idecesos.com\/seguros\/companias\/catalana-occidente\/prima-natural\/\" \/>\n<meta property=\"og:locale\" content=\"es_ES\" \/>\n<meta property=\"og:type\" content=\"article\" \/>\n<meta property=\"og:title\" content=\"Seguro Decesos Catalana Occidente Prima Natural \u25b7 Opiniones y Precio 2026\" \/>\n<meta property=\"og:description\" content=\"Click aqu\u00ed \u3010Seguro de Decesos Prima Natural Catalana Occidente\u3011 Mejores precios Catalana Occidente seguro de fallecidos Prima Natural \u2611\ufe0f Actualizado por iDecesos\u00ae\" \/>\n<meta property=\"og:url\" content=\"https:\/\/idecesos.com\/seguros\/companias\/catalana-occidente\/prima-natural\/\" \/>\n<meta property=\"article:modified_time\" content=\"2022-01-03T12:30:09+00:00\" \/>\n<meta name=\"twitter:card\" content=\"summary_large_image\" \/>\n<meta name=\"twitter:label1\" content=\"Tiempo de lectura\" \/>\n\t<meta name=\"twitter:data1\" content=\"54 minutos\" \/>\n<script type=\"application\/ld+json\" class=\"yoast-schema-graph\">{\"@context\":\"https:\\\/\\\/schema.org\",\"@graph\":[{\"@type\":\"WebPage\",\"@id\":\"https:\\\/\\\/idecesos.com\\\/seguros\\\/companias\\\/catalana-occidente\\\/prima-natural\\\/\",\"url\":\"https:\\\/\\\/idecesos.com\\\/seguros\\\/companias\\\/catalana-occidente\\\/prima-natural\\\/\",\"name\":\"Seguro Decesos Catalana Occidente Prima Natural \u25b7 Opiniones y Precio 2026\",\"isPartOf\":{\"@id\":\"https:\\\/\\\/idecesos.com\\\/seguros\\\/#website\"},\"datePublished\":\"2021-11-10T00:00:00+00:00\",\"dateModified\":\"2022-01-03T12:30:09+00:00\",\"description\":\"Click aqu\u00ed \u3010Seguro de Decesos Prima Natural Catalana Occidente\u3011 Mejores precios Catalana Occidente seguro de fallecidos Prima Natural \u2611\ufe0f Actualizado por iDecesos\u00ae\",\"breadcrumb\":{\"@id\":\"https:\\\/\\\/idecesos.com\\\/seguros\\\/companias\\\/catalana-occidente\\\/prima-natural\\\/#breadcrumb\"},\"inLanguage\":\"es\",\"potentialAction\":[{\"@type\":\"ReadAction\",\"target\":[\"https:\\\/\\\/idecesos.com\\\/seguros\\\/companias\\\/catalana-occidente\\\/prima-natural\\\/\"]}]},{\"@type\":\"BreadcrumbList\",\"@id\":\"https:\\\/\\\/idecesos.com\\\/seguros\\\/companias\\\/catalana-occidente\\\/prima-natural\\\/#breadcrumb\",\"itemListElement\":[{\"@type\":\"ListItem\",\"position\":1,\"name\":\"Portada\",\"item\":\"https:\\\/\\\/idecesos.com\\\/seguros\\\/\"},{\"@type\":\"ListItem\",\"position\":2,\"name\":\"Compa\u00f1\u00edas de Seguros de Decesos en Espa\u00f1a\",\"item\":\"https:\\\/\\\/idecesos.com\\\/seguros\\\/companias\\\/\"},{\"@type\":\"ListItem\",\"position\":3,\"name\":\"Seguro de decesos Catalana Occidente\",\"item\":\"https:\\\/\\\/idecesos.com\\\/seguros\\\/companias\\\/catalana-occidente\\\/\"},{\"@type\":\"ListItem\",\"position\":4,\"name\":\"Seguro de decesos Catalana Occidente Prima Natural\"}]},{\"@type\":\"WebSite\",\"@id\":\"https:\\\/\\\/idecesos.com\\\/seguros\\\/#website\",\"url\":\"https:\\\/\\\/idecesos.com\\\/seguros\\\/\",\"name\":\"\",\"description\":\"\",\"potentialAction\":[{\"@type\":\"SearchAction\",\"target\":{\"@type\":\"EntryPoint\",\"urlTemplate\":\"https:\\\/\\\/idecesos.com\\\/seguros\\\/?s={search_term_string}\"},\"query-input\":{\"@type\":\"PropertyValueSpecification\",\"valueRequired\":true,\"valueName\":\"search_term_string\"}}],\"inLanguage\":\"es\"}]}<\/script>\n<!-- \/ Yoast SEO plugin. -->","yoast_head_json":{"title":"Seguro Decesos Catalana Occidente Prima Natural \u25b7 Opiniones y Precio 2026","description":"Click aqu\u00ed \u3010Seguro de Decesos Prima Natural Catalana Occidente\u3011 Mejores precios Catalana Occidente seguro de fallecidos Prima Natural \u2611\ufe0f Actualizado por iDecesos\u00ae","robots":{"index":"index","follow":"follow","max-snippet":"max-snippet:-1","max-image-preview":"max-image-preview:large","max-video-preview":"max-video-preview:-1"},"canonical":"https:\/\/idecesos.com\/seguros\/companias\/catalana-occidente\/prima-natural\/","og_locale":"es_ES","og_type":"article","og_title":"Seguro Decesos Catalana Occidente Prima Natural \u25b7 Opiniones y Precio 2026","og_description":"Click aqu\u00ed \u3010Seguro de Decesos Prima Natural Catalana Occidente\u3011 Mejores precios Catalana Occidente seguro de fallecidos Prima Natural \u2611\ufe0f Actualizado por iDecesos\u00ae","og_url":"https:\/\/idecesos.com\/seguros\/companias\/catalana-occidente\/prima-natural\/","article_modified_time":"2022-01-03T12:30:09+00:00","twitter_card":"summary_large_image","twitter_misc":{"Tiempo de lectura":"54 minutos"},"schema":{"@context":"https:\/\/schema.org","@graph":[{"@type":"WebPage","@id":"https:\/\/idecesos.com\/seguros\/companias\/catalana-occidente\/prima-natural\/","url":"https:\/\/idecesos.com\/seguros\/companias\/catalana-occidente\/prima-natural\/","name":"Seguro Decesos Catalana Occidente Prima Natural \u25b7 Opiniones y Precio 2026","isPartOf":{"@id":"https:\/\/idecesos.com\/seguros\/#website"},"datePublished":"2021-11-10T00:00:00+00:00","dateModified":"2022-01-03T12:30:09+00:00","description":"Click aqu\u00ed \u3010Seguro de Decesos Prima Natural Catalana Occidente\u3011 Mejores precios Catalana Occidente seguro de fallecidos Prima Natural \u2611\ufe0f Actualizado por iDecesos\u00ae","breadcrumb":{"@id":"https:\/\/idecesos.com\/seguros\/companias\/catalana-occidente\/prima-natural\/#breadcrumb"},"inLanguage":"es","potentialAction":[{"@type":"ReadAction","target":["https:\/\/idecesos.com\/seguros\/companias\/catalana-occidente\/prima-natural\/"]}]},{"@type":"BreadcrumbList","@id":"https:\/\/idecesos.com\/seguros\/companias\/catalana-occidente\/prima-natural\/#breadcrumb","itemListElement":[{"@type":"ListItem","position":1,"name":"Portada","item":"https:\/\/idecesos.com\/seguros\/"},{"@type":"ListItem","position":2,"name":"Compa\u00f1\u00edas de Seguros de Decesos en Espa\u00f1a","item":"https:\/\/idecesos.com\/seguros\/companias\/"},{"@type":"ListItem","position":3,"name":"Seguro de decesos Catalana Occidente","item":"https:\/\/idecesos.com\/seguros\/companias\/catalana-occidente\/"},{"@type":"ListItem","position":4,"name":"Seguro de decesos Catalana Occidente Prima Natural"}]},{"@type":"WebSite","@id":"https:\/\/idecesos.com\/seguros\/#website","url":"https:\/\/idecesos.com\/seguros\/","name":"","description":"","potentialAction":[{"@type":"SearchAction","target":{"@type":"EntryPoint","urlTemplate":"https:\/\/idecesos.com\/seguros\/?s={search_term_string}"},"query-input":{"@type":"PropertyValueSpecification","valueRequired":true,"valueName":"search_term_string"}}],"inLanguage":"es"}]}},"_links":{"self":[{"href":"https:\/\/idecesos.com\/seguros\/wp-json\/wp\/v2\/pages\/11533","targetHints":{"allow":["GET"]}}],"collection":[{"href":"https:\/\/idecesos.com\/seguros\/wp-json\/wp\/v2\/pages"}],"about":[{"href":"https:\/\/idecesos.com\/seguros\/wp-json\/wp\/v2\/types\/page"}],"author":[{"embeddable":true,"href":"https:\/\/idecesos.com\/seguros\/wp-json\/wp\/v2\/users\/3"}],"replies":[{"embeddable":true,"href":"https:\/\/idecesos.com\/seguros\/wp-json\/wp\/v2\/comments?post=11533"}],"version-history":[{"count":1,"href":"https:\/\/idecesos.com\/seguros\/wp-json\/wp\/v2\/pages\/11533\/revisions"}],"predecessor-version":[{"id":13040,"href":"https:\/\/idecesos.com\/seguros\/wp-json\/wp\/v2\/pages\/11533\/revisions\/13040"}],"up":[{"embeddable":true,"href":"https:\/\/idecesos.com\/seguros\/wp-json\/wp\/v2\/pages\/617"}],"wp:attachment":[{"href":"https:\/\/idecesos.com\/seguros\/wp-json\/wp\/v2\/media?parent=11533"}],"curies":[{"name":"wp","href":"https:\/\/api.w.org\/{rel}","templated":true}]}}