{"id":11541,"date":"2021-11-11T00:00:00","date_gmt":"2021-11-11T00:00:00","guid":{"rendered":"https:\/\/idecesos.com\/seguros\/?page_id=11541"},"modified":"2022-01-03T12:31:01","modified_gmt":"2022-01-03T12:31:01","slug":"prima-nivelada","status":"publish","type":"page","link":"https:\/\/idecesos.com\/seguros\/companias\/kutxabank\/prima-nivelada\/","title":{"rendered":"Seguro de decesos Kutxabank Prima Nivelada"},"content":{"rendered":"<div id=\"ez-toc-container\" class=\"ez-toc-v2_0_82_2 ez-toc-wrap-center counter-hierarchy ez-toc-counter ez-toc-custom ez-toc-container-direction\">\n<div class=\"ez-toc-title-container\">\n<p class=\"ez-toc-title\" style=\"cursor:inherit\">Tabla de Contenido<\/p>\n<span class=\"ez-toc-title-toggle\"><a href=\"#\" class=\"ez-toc-pull-right ez-toc-btn ez-toc-btn-xs ez-toc-btn-default ez-toc-toggle\" aria-label=\"Alternar tabla de contenidos\"><span class=\"ez-toc-js-icon-con\"><span class=\"\"><span class=\"eztoc-hide\" style=\"display:none;\">Toggle<\/span><span class=\"ez-toc-icon-toggle-span\"><svg style=\"fill: #db6415;color:#db6415\" xmlns=\"http:\/\/www.w3.org\/2000\/svg\" class=\"list-377408\" width=\"20px\" height=\"20px\" viewBox=\"0 0 24 24\" fill=\"none\"><path d=\"M6 6H4v2h2V6zm14 0H8v2h12V6zM4 11h2v2H4v-2zm16 0H8v2h12v-2zM4 16h2v2H4v-2zm16 0H8v2h12v-2z\" fill=\"currentColor\"><\/path><\/svg><svg style=\"fill: #db6415;color:#db6415\" class=\"arrow-unsorted-368013\" xmlns=\"http:\/\/www.w3.org\/2000\/svg\" width=\"10px\" height=\"10px\" viewBox=\"0 0 24 24\" version=\"1.2\" baseProfile=\"tiny\"><path d=\"M18.2 9.3l-6.2-6.3-6.2 6.3c-.2.2-.3.4-.3.7s.1.5.3.7c.2.2.4.3.7.3h11c.3 0 .5-.1.7-.3.2-.2.3-.5.3-.7s-.1-.5-.3-.7zM5.8 14.7l6.2 6.3 6.2-6.3c.2-.2.3-.5.3-.7s-.1-.5-.3-.7c-.2-.2-.4-.3-.7-.3h-11c-.3 0-.5.1-.7.3-.2.2-.3.5-.3.7s.1.5.3.7z\"\/><\/svg><\/span><\/span><\/span><\/a><\/span><\/div>\n<nav><ul class='ez-toc-list ez-toc-list-level-1 ' ><li class='ez-toc-page-1 ez-toc-heading-level-2'><a class=\"ez-toc-link ez-toc-heading-1\" href=\"https:\/\/idecesos.com\/seguros\/companias\/kutxabank\/prima-nivelada\/#Coberturas_seguro_Prima_Nivelada_Kutxabank\" >Coberturas seguro Prima Nivelada Kutxabank<\/a><ul class='ez-toc-list-level-3' ><li class='ez-toc-heading-level-3'><a class=\"ez-toc-link ez-toc-heading-2\" href=\"https:\/\/idecesos.com\/seguros\/companias\/kutxabank\/prima-nivelada\/#%C2%BFA_quien_va_dirigido_el_seguro_de_decesos_Prima_Nivelada_de_Kutxabank\" >\u00bfA qui\u00e9n va dirigido el seguro de decesos Prima Nivelada de Kutxabank?<\/a><\/li><\/ul><\/li><li class='ez-toc-page-1 ez-toc-heading-level-2'><a class=\"ez-toc-link ez-toc-heading-3\" href=\"https:\/\/idecesos.com\/seguros\/companias\/kutxabank\/prima-nivelada\/#Precio_de_seguro_de_decesos_Prima_Nivelada_Kutxabank\" >Precio de seguro de decesos Prima Nivelada Kutxabank<\/a><\/li><li class='ez-toc-page-1 ez-toc-heading-level-2'><a class=\"ez-toc-link ez-toc-heading-4\" href=\"https:\/\/idecesos.com\/seguros\/companias\/kutxabank\/prima-nivelada\/#Productos_Prima_Nivelada_Kutxabank\" >Productos Prima Nivelada Kutxabank<\/a><\/li><li class='ez-toc-page-1 ez-toc-heading-level-2'><a class=\"ez-toc-link ez-toc-heading-5\" href=\"https:\/\/idecesos.com\/seguros\/companias\/kutxabank\/prima-nivelada\/#Opiniones_del_seguro_de_decesos_de_Prima_Nivelada_de_Kutxabank\" >Opiniones del seguro de decesos de Prima Nivelada de Kutxabank<\/a><ul class='ez-toc-list-level-3' ><li class='ez-toc-heading-level-3'><a class=\"ez-toc-link ez-toc-heading-6\" href=\"https:\/\/idecesos.com\/seguros\/companias\/kutxabank\/prima-nivelada\/#Paginas_relacionadas\" >P\u00e1ginas relacionadas<\/a><\/li><\/ul><\/li><\/ul><\/nav><\/div>\n\n<p>El seguro de decesos de prima nivelada Kutxabank es una modalidad en la que Kutxabank se compromete a mantener la prima incesante durante toda la vida que te sostengas de cliente del servicio en la empresa de seguros, para la suma asegurada del servicio funerario contratado al inicio del seguro. En la empresa aseguradora de Kutxabank cuando se renueve se va a coger como referencia la edad cuando efect\u00faa la p\u00f3liza, as\u00ed como en los siguientes a\u00f1os la suma se va a aplicar la tasa de acuerdo a eso. Cuando se logra una cierta edad, en el seguro se a\u00f1adir\u00e1 una tasa en relaci\u00f3n a ello para el total de la suma aseguradas de ser imprevistas. <\/p>\n<p>Leer m\u00e1s: <a href=\"https:\/\/idecesos.com\/seguros\/tipo\/nivelada\/\">Seguro de decesos Prima Nivelada<\/a><\/p>\n<div class=\"colorf \"  ><div class=\"container clearfix\"><div class=\"col-md-7\"><\/p>\n<h2><span class=\"ez-toc-section\" id=\"Coberturas_seguro_Prima_Nivelada_Kutxabank\"><\/span>Coberturas seguro Prima Nivelada Kutxabank<span class=\"ez-toc-section-end\"><\/span><\/h2>\n<p>Kutxabank su seguro de decesos una de sus p\u00f3lizas m\u00e1s contratadas es que dan la cobertura al completo en el servicio f\u00fanebre. Contar con personas expertas en el campo, dando una prestaci\u00f3n del servicio m\u00e1s dedicado es por lo que destaca en el campo funerario de Kutxabank. Dentro de las diferentes coberturas que contempla como en el caso de elecci\u00f3n de urna, o bien gestiones documentarias, quedaran todo solventado en el instante que ocurre el fallecimiento. El servicio de asistencia de Kutxabank trabajan las 24 horas, en el momento de percibir una llamada se pondr\u00e1n a predisposici\u00f3n del cliente del servicio dando las coberturas adecuadas y adapt\u00e1ndolo a las preferencias del servicio funerario que haya escogido previamente, contando con el presupuesto del capital del asegurado. Para obtener la informaci\u00f3n m\u00e1s completa y detallada sobre las coberturas del seguro de decesos de prima nivelada de Kutxabank, con iDecesos contaras con esa ventaja de ver toda el beneficio de ver toda la informaci\u00f3n de una manera m\u00e1s detallada y completa, cada producto explicado y de las que mejor se adaptaran a ti. <\/p>\n<p><\/div><\/div><\/div>\n<h3><span class=\"ez-toc-section\" id=\"%C2%BFA_quien_va_dirigido_el_seguro_de_decesos_Prima_Nivelada_de_Kutxabank\"><\/span>\u00bfA qui\u00e9n va dirigido el seguro de decesos Prima Nivelada de Kutxabank?<span class=\"ez-toc-section-end\"><\/span><\/h3>\n<p>\u00bfQu\u00e9 prima se amolda econ\u00f3micamente a cualquier clase de circunstancias? En este caso el seguro de prima nivelada Kutxabank es perfecta puesto que se ajusta a las necesidades de cada uno de sus clientes. El 90 por cien de las personas que adquieren este g\u00e9nero de p\u00f3liza son mayores ya que desean tener una cuota incesante que no var\u00ede con los a\u00f1os. En Kutxabank la creaci\u00f3n de esta modalidad es una de las que m\u00e1s optan diferentes personas teniendo en cuenta que est\u00e1 valorad\u00edsimo por sus clientes del servicio. <\/p>\n<div class=\"colorf \"  ><div class=\"container clearfix\"><div class=\"col-md-7\"><\/p>\n<h2><span class=\"ez-toc-section\" id=\"Precio_de_seguro_de_decesos_Prima_Nivelada_Kutxabank\"><\/span>Precio de seguro de decesos Prima Nivelada Kutxabank<span class=\"ez-toc-section-end\"><\/span><\/h2>\n<p>El seguro de prima nivelada Kutxabank su precio es 4,99\u20ac al mes teniendo presente la edad m\u00e1s joven contratable en Kutxabank y la localidad con la suma asegurada de servicios l\u00fagubres m\u00e1s bajos. Quedando incluido todas y cada una de las ofertas y descuentos que contemplen, dejando as\u00ed uno de los precios m\u00e1s destacables y econ\u00f3micos de Kutxabank. El seguro de prima nivelada de Kutxabank da muchas facilidades a sus clientes en el momento de efectuar los pagos, siendo de manera mensual, trimestral, semestral o bien anual. En iDecesos vas a conocer todas las tarifas existentes, de los seguros de prima \u00abnivelada\u00bb no obstante ver\u00e1s en detalle el coste que buscabas es el mejor o te lo podrian progresar. <\/p>\n<p><\/div><\/div><\/div>\n<h2><span class=\"ez-toc-section\" id=\"Productos_Prima_Nivelada_Kutxabank\"><\/span>Productos Prima Nivelada Kutxabank<span class=\"ez-toc-section-end\"><\/span><\/h2>\n<div class=\"colorf\"><div class=\"container clearfix\"><div class=\"col-md-7\"><div class=\"opiniones\">\n<h2><span class=\"ez-toc-section\" id=\"Opiniones_del_seguro_de_decesos_de_Prima_Nivelada_de_Kutxabank\"><\/span>Opiniones del seguro de decesos de Prima Nivelada de Kutxabank<span class=\"ez-toc-section-end\"><\/span><\/h2>\n<p>iDecesos su opini\u00f3n viene de los m\u00e1s destacables que van a dar cobertura al completo de todo el producto dando un servicio de calidad y dando acceso al producto de manera libre. Garantizado en todo instante las gestiones funerarias. Te lo ponen de forma mucho m\u00e1s f\u00e1cil para casa interesado dentro de la prima nivelada Kutxabank a la hora llevar a cabo alg\u00fan pago. Kutxabank de forma m\u00e1s frecuente hace descuentos muy interesantes para que se puedan beneficiarlos clientes del servicio. <\/p>\n<div class=\"opinion \"  >\n\t\t\t<div class=\"cabecera_opinion\">\n\t\t\t\t<div class=\"avatar\">B J <\/div>\n\t\t\t\t<div class=\"datos_opinion\">\n\t\t\t\t\t<div class=\"nombre_opinion\">Belen Jara<\/div>\n\t\t\t\t\t<div class=\"info_opinion\">\t\t\t\t\t\t\n\t\t\t\t\t\t<div class=\"cuenta_opinion\"><i class=\"fas fa-pencil-alt\"><\/i><!--span class=\"dashicons dashicons-edit\" style=\"font-size:20px\"><\/span--><span>1 Opini\u00f3n<\/span><\/div>\t\t\t\t\t\t\n\t\t\t\t\t\t<div class=\"localizacion_opinion\">\n\t\t\t\t\t\t\t<i class=\"fas fa-map-marker-alt\"><\/i><!--span class=\"dashicons dashicons-location\" style=\"font-size:20px\"><\/span-->\n\t\t\t\t\t\t\t<span>ES<\/span>\n\t\t\t\t\t\t<\/div>\t\n\t\t\t\t\t<\/div>\n\t\t\t\t<\/div>\n\t\t\t<\/div><div class=\"texto_opinion\"><\/p>\n<p>En la actualidad es complicado hallar una aseguradora con buen coste y buen atenci\u00f3n al servicio por ello Kutxabank me sorprendi\u00f3 bastante puesto que me daban buen\u00edsimas ventajas, dentro del presupuesto que me realizaron fue muy espec\u00edfico con la p\u00f3liza de prima nivelada, si todav\u00eda no das con la correcta te invito a  Kutxabank. <\/p>\n<p><\/div><\/div>\n<div class=\"opinion \"  >\n\t\t\t<div class=\"cabecera_opinion\">\n\t\t\t\t<div class=\"avatar\">P N <\/div>\n\t\t\t\t<div class=\"datos_opinion\">\n\t\t\t\t\t<div class=\"nombre_opinion\">P\u00eda Nicol\u00e1s<\/div>\n\t\t\t\t\t<div class=\"info_opinion\">\t\t\t\t\t\t\n\t\t\t\t\t\t<div class=\"cuenta_opinion\"><i class=\"fas fa-pencil-alt\"><\/i><!--span class=\"dashicons dashicons-edit\" style=\"font-size:20px\"><\/span--><span>1 Opini\u00f3n<\/span><\/div>\t\t\t\t\t\t\n\t\t\t\t\t\t<div class=\"localizacion_opinion\">\n\t\t\t\t\t\t\t<i class=\"fas fa-map-marker-alt\"><\/i><!--span class=\"dashicons dashicons-location\" style=\"font-size:20px\"><\/span-->\n\t\t\t\t\t\t\t<span>ES<\/span>\n\t\t\t\t\t\t<\/div>\t\n\t\t\t\t\t<\/div>\n\t\t\t\t<\/div>\n\t\t\t<\/div><div class=\"texto_opinion\"><\/p>\n<p>Cuando ocurri\u00f3 el fallecimiento de mi madre, que sucedi\u00f3 de una manera repentina, la empresa de seguros se ocup\u00f3 de gestionar todo de una forma eficiente, con lo que no debimos preocuparnos de nada. Si en cualquier ocasi\u00f3n puede suceder alg\u00fan problema, ellos cuentan con todas las soluciones libres. <\/p>\n<p><\/div><\/div>\n<div class=\"opinion \"  >\n\t\t\t<div class=\"cabecera_opinion\">\n\t\t\t\t<div class=\"avatar\">C N <\/div>\n\t\t\t\t<div class=\"datos_opinion\">\n\t\t\t\t\t<div class=\"nombre_opinion\">Charo Nogu\u00e9s<\/div>\n\t\t\t\t\t<div class=\"info_opinion\">\t\t\t\t\t\t\n\t\t\t\t\t\t<div class=\"cuenta_opinion\"><i class=\"fas fa-pencil-alt\"><\/i><!--span class=\"dashicons dashicons-edit\" style=\"font-size:20px\"><\/span--><span>1 Opini\u00f3n<\/span><\/div>\t\t\t\t\t\t\n\t\t\t\t\t\t<div class=\"localizacion_opinion\">\n\t\t\t\t\t\t\t<i class=\"fas fa-map-marker-alt\"><\/i><!--span class=\"dashicons dashicons-location\" style=\"font-size:20px\"><\/span-->\n\t\t\t\t\t\t\t<span>ES<\/span>\n\t\t\t\t\t\t<\/div>\t\n\t\t\t\t\t<\/div>\n\t\t\t\t<\/div>\n\t\t\t<\/div><div class=\"texto_opinion\"><\/p>\n<p>No ten\u00eda clar\u00edsimo si esta p\u00f3liza era la adecuada para mi, con lo que acudi a una de sus oficinas, donde me atendieron personalizadamente resolviendo todas mis cuestiones a este respecto, qued\u00e9 content\u00edsimo me lo explicaron detalladamente, con lo que realice la contrataci\u00f3n ya que se adapta a la perfecci\u00f3n a mi necesidades y a m\u00ed circunstancias. Adem\u00e1s de esto cuentan con muchas soluciones en el instante de que ocurra alg\u00fan inconveniente. Lo que resulta importante tomarlo en cuenta. <\/p>\n<p><\/div><\/div>\n<\/div><\/div><\/div><\/div>\n<p><div class=\"oficinas\"><br \/>\n<h3><span class=\"ez-toc-section\" id=\"Paginas_relacionadas\"><\/span>P\u00e1ginas relacionadas<span class=\"ez-toc-section-end\"><\/span><\/h3><div class=\"enlazado\"><ul> <li><a href=\"https:\/\/idecesos.com\/seguros\/companias\/kutxabank\/laboral\/\">Seguro de Decesos Kutxabank LABORAL<\/a><\/li> <li><a href=\"https:\/\/idecesos.com\/seguros\/companias\/kutxabank\/opiniones\/\">Opiniones Kutxabank<\/a><\/li> <li><a href=\"https:\/\/idecesos.com\/seguros\/companias\/kutxabank\/precio\/\">Precio seguro Kutxabank<\/a><\/li> <li><a href=\"https:\/\/idecesos.com\/seguros\/companias\/kutxabank\/prima-mixta\/\">Kutxabank Prima Mixta<\/a><\/li> <li><a href=\"https:\/\/idecesos.com\/seguros\/companias\/kutxabank\/prima-natural\/\">Kutxabank Prima Natural<\/a><\/li> <li><a href=\"https:\/\/idecesos.com\/seguros\/companias\/kutxabank\/prima-nivelada\/\">Kutxabank Prima Nivelada<\/a><\/li> <li><a href=\"https:\/\/idecesos.com\/seguros\/companias\/kutxabank\/prima-unica\/\">Kutxabank Prima \u00danica<\/a><\/li> <li><a href=\"https:\/\/idecesos.com\/seguros\/companias\/kutxabank\/repatriacion\/\">Kutxabank Repatriaci\u00f3n<\/a><\/li> <li><a href=\"https:\/\/idecesos.com\/seguros\/companias\/kutxabank\/telefono\/\">Tel\u00e9fono Gratuito Kutxabank<\/a><\/li><\/ul><\/div><\/p>\n<\/div>\n","protected":false},"excerpt":{"rendered":"<p>El seguro de decesos de prima nivelada Kutxabank es una modalidad en la que Kutxabank se compromete a mantener la prima incesante durante toda la vida que te sostengas de cliente del servicio en la empresa de seguros, para la suma asegurada del servicio funerario contratado al inicio del seguro. En la empresa aseguradora de&hellip; <\/p>\n","protected":false},"author":3,"featured_media":0,"parent":1079,"menu_order":0,"comment_status":"closed","ping_status":"closed","template":"single.php","meta":{"footnotes":""},"class_list":["post-11541","page","type-page","status-publish","hentry"],"yoast_head":"<!-- This site is optimized with the Yoast SEO plugin v27.3 - https:\/\/yoast.com\/product\/yoast-seo-wordpress\/ -->\n<title>Seguro Decesos Kutxabank Prima Nivelada \u25b7 Opiniones y Precio 2026<\/title>\n<meta name=\"description\" content=\"Click aqu\u00ed \u3010Seguro de Decesos Prima Nivelada Kutxabank\u3011 Mejores precios Kutxabank seguro de fallecidos Prima Nivelada \u2611\ufe0f Actualizado por iDecesos\u00ae\" \/>\n<meta name=\"robots\" content=\"index, follow, max-snippet:-1, max-image-preview:large, max-video-preview:-1\" \/>\n<link rel=\"canonical\" href=\"https:\/\/idecesos.com\/seguros\/companias\/kutxabank\/prima-nivelada\/\" \/>\n<meta property=\"og:locale\" content=\"es_ES\" \/>\n<meta property=\"og:type\" content=\"article\" \/>\n<meta property=\"og:title\" content=\"Seguro Decesos Kutxabank Prima Nivelada \u25b7 Opiniones y Precio 2026\" \/>\n<meta property=\"og:description\" content=\"Click aqu\u00ed \u3010Seguro de Decesos Prima Nivelada Kutxabank\u3011 Mejores precios Kutxabank seguro de fallecidos Prima Nivelada \u2611\ufe0f Actualizado por iDecesos\u00ae\" \/>\n<meta property=\"og:url\" content=\"https:\/\/idecesos.com\/seguros\/companias\/kutxabank\/prima-nivelada\/\" \/>\n<meta property=\"article:modified_time\" content=\"2022-01-03T12:31:01+00:00\" \/>\n<meta name=\"twitter:card\" content=\"summary_large_image\" \/>\n<meta name=\"twitter:label1\" content=\"Tiempo de lectura\" \/>\n\t<meta name=\"twitter:data1\" content=\"57 minutos\" \/>\n<script type=\"application\/ld+json\" class=\"yoast-schema-graph\">{\"@context\":\"https:\\\/\\\/schema.org\",\"@graph\":[{\"@type\":\"WebPage\",\"@id\":\"https:\\\/\\\/idecesos.com\\\/seguros\\\/companias\\\/kutxabank\\\/prima-nivelada\\\/\",\"url\":\"https:\\\/\\\/idecesos.com\\\/seguros\\\/companias\\\/kutxabank\\\/prima-nivelada\\\/\",\"name\":\"Seguro Decesos Kutxabank Prima Nivelada \u25b7 Opiniones y Precio 2026\",\"isPartOf\":{\"@id\":\"https:\\\/\\\/idecesos.com\\\/seguros\\\/#website\"},\"datePublished\":\"2021-11-11T00:00:00+00:00\",\"dateModified\":\"2022-01-03T12:31:01+00:00\",\"description\":\"Click aqu\u00ed \u3010Seguro de Decesos Prima Nivelada Kutxabank\u3011 Mejores precios Kutxabank seguro de fallecidos Prima Nivelada \u2611\ufe0f Actualizado por iDecesos\u00ae\",\"breadcrumb\":{\"@id\":\"https:\\\/\\\/idecesos.com\\\/seguros\\\/companias\\\/kutxabank\\\/prima-nivelada\\\/#breadcrumb\"},\"inLanguage\":\"es\",\"potentialAction\":[{\"@type\":\"ReadAction\",\"target\":[\"https:\\\/\\\/idecesos.com\\\/seguros\\\/companias\\\/kutxabank\\\/prima-nivelada\\\/\"]}]},{\"@type\":\"BreadcrumbList\",\"@id\":\"https:\\\/\\\/idecesos.com\\\/seguros\\\/companias\\\/kutxabank\\\/prima-nivelada\\\/#breadcrumb\",\"itemListElement\":[{\"@type\":\"ListItem\",\"position\":1,\"name\":\"Portada\",\"item\":\"https:\\\/\\\/idecesos.com\\\/seguros\\\/\"},{\"@type\":\"ListItem\",\"position\":2,\"name\":\"Compa\u00f1\u00edas de Seguros de Decesos en Espa\u00f1a\",\"item\":\"https:\\\/\\\/idecesos.com\\\/seguros\\\/companias\\\/\"},{\"@type\":\"ListItem\",\"position\":3,\"name\":\"Seguro de decesos Kutxabank\",\"item\":\"https:\\\/\\\/idecesos.com\\\/seguros\\\/companias\\\/kutxabank\\\/\"},{\"@type\":\"ListItem\",\"position\":4,\"name\":\"Seguro de decesos Kutxabank Prima Nivelada\"}]},{\"@type\":\"WebSite\",\"@id\":\"https:\\\/\\\/idecesos.com\\\/seguros\\\/#website\",\"url\":\"https:\\\/\\\/idecesos.com\\\/seguros\\\/\",\"name\":\"\",\"description\":\"\",\"potentialAction\":[{\"@type\":\"SearchAction\",\"target\":{\"@type\":\"EntryPoint\",\"urlTemplate\":\"https:\\\/\\\/idecesos.com\\\/seguros\\\/?s={search_term_string}\"},\"query-input\":{\"@type\":\"PropertyValueSpecification\",\"valueRequired\":true,\"valueName\":\"search_term_string\"}}],\"inLanguage\":\"es\"}]}<\/script>\n<!-- \/ Yoast SEO plugin. -->","yoast_head_json":{"title":"Seguro Decesos Kutxabank Prima Nivelada \u25b7 Opiniones y Precio 2026","description":"Click aqu\u00ed \u3010Seguro de Decesos Prima Nivelada Kutxabank\u3011 Mejores precios Kutxabank seguro de fallecidos Prima Nivelada \u2611\ufe0f Actualizado por iDecesos\u00ae","robots":{"index":"index","follow":"follow","max-snippet":"max-snippet:-1","max-image-preview":"max-image-preview:large","max-video-preview":"max-video-preview:-1"},"canonical":"https:\/\/idecesos.com\/seguros\/companias\/kutxabank\/prima-nivelada\/","og_locale":"es_ES","og_type":"article","og_title":"Seguro Decesos Kutxabank Prima Nivelada \u25b7 Opiniones y Precio 2026","og_description":"Click aqu\u00ed \u3010Seguro de Decesos Prima Nivelada Kutxabank\u3011 Mejores precios Kutxabank seguro de fallecidos Prima Nivelada \u2611\ufe0f Actualizado por iDecesos\u00ae","og_url":"https:\/\/idecesos.com\/seguros\/companias\/kutxabank\/prima-nivelada\/","article_modified_time":"2022-01-03T12:31:01+00:00","twitter_card":"summary_large_image","twitter_misc":{"Tiempo de lectura":"57 minutos"},"schema":{"@context":"https:\/\/schema.org","@graph":[{"@type":"WebPage","@id":"https:\/\/idecesos.com\/seguros\/companias\/kutxabank\/prima-nivelada\/","url":"https:\/\/idecesos.com\/seguros\/companias\/kutxabank\/prima-nivelada\/","name":"Seguro Decesos Kutxabank Prima Nivelada \u25b7 Opiniones y Precio 2026","isPartOf":{"@id":"https:\/\/idecesos.com\/seguros\/#website"},"datePublished":"2021-11-11T00:00:00+00:00","dateModified":"2022-01-03T12:31:01+00:00","description":"Click aqu\u00ed \u3010Seguro de Decesos Prima Nivelada Kutxabank\u3011 Mejores precios Kutxabank seguro de fallecidos Prima Nivelada \u2611\ufe0f Actualizado por iDecesos\u00ae","breadcrumb":{"@id":"https:\/\/idecesos.com\/seguros\/companias\/kutxabank\/prima-nivelada\/#breadcrumb"},"inLanguage":"es","potentialAction":[{"@type":"ReadAction","target":["https:\/\/idecesos.com\/seguros\/companias\/kutxabank\/prima-nivelada\/"]}]},{"@type":"BreadcrumbList","@id":"https:\/\/idecesos.com\/seguros\/companias\/kutxabank\/prima-nivelada\/#breadcrumb","itemListElement":[{"@type":"ListItem","position":1,"name":"Portada","item":"https:\/\/idecesos.com\/seguros\/"},{"@type":"ListItem","position":2,"name":"Compa\u00f1\u00edas de Seguros de Decesos en Espa\u00f1a","item":"https:\/\/idecesos.com\/seguros\/companias\/"},{"@type":"ListItem","position":3,"name":"Seguro de decesos Kutxabank","item":"https:\/\/idecesos.com\/seguros\/companias\/kutxabank\/"},{"@type":"ListItem","position":4,"name":"Seguro de decesos Kutxabank Prima Nivelada"}]},{"@type":"WebSite","@id":"https:\/\/idecesos.com\/seguros\/#website","url":"https:\/\/idecesos.com\/seguros\/","name":"","description":"","potentialAction":[{"@type":"SearchAction","target":{"@type":"EntryPoint","urlTemplate":"https:\/\/idecesos.com\/seguros\/?s={search_term_string}"},"query-input":{"@type":"PropertyValueSpecification","valueRequired":true,"valueName":"search_term_string"}}],"inLanguage":"es"}]}},"_links":{"self":[{"href":"https:\/\/idecesos.com\/seguros\/wp-json\/wp\/v2\/pages\/11541","targetHints":{"allow":["GET"]}}],"collection":[{"href":"https:\/\/idecesos.com\/seguros\/wp-json\/wp\/v2\/pages"}],"about":[{"href":"https:\/\/idecesos.com\/seguros\/wp-json\/wp\/v2\/types\/page"}],"author":[{"embeddable":true,"href":"https:\/\/idecesos.com\/seguros\/wp-json\/wp\/v2\/users\/3"}],"replies":[{"embeddable":true,"href":"https:\/\/idecesos.com\/seguros\/wp-json\/wp\/v2\/comments?post=11541"}],"version-history":[{"count":1,"href":"https:\/\/idecesos.com\/seguros\/wp-json\/wp\/v2\/pages\/11541\/revisions"}],"predecessor-version":[{"id":13050,"href":"https:\/\/idecesos.com\/seguros\/wp-json\/wp\/v2\/pages\/11541\/revisions\/13050"}],"up":[{"embeddable":true,"href":"https:\/\/idecesos.com\/seguros\/wp-json\/wp\/v2\/pages\/1079"}],"wp:attachment":[{"href":"https:\/\/idecesos.com\/seguros\/wp-json\/wp\/v2\/media?parent=11541"}],"curies":[{"name":"wp","href":"https:\/\/api.w.org\/{rel}","templated":true}]}}