{"id":11557,"date":"2021-11-12T00:00:00","date_gmt":"2021-11-12T00:00:00","guid":{"rendered":"https:\/\/idecesos.com\/seguros\/?page_id=11557"},"modified":"2022-01-03T12:30:03","modified_gmt":"2022-01-03T12:30:03","slug":"prima-nivelada","status":"publish","type":"page","link":"https:\/\/idecesos.com\/seguros\/companias\/banco-caixa-general\/prima-nivelada\/","title":{"rendered":"Seguro de decesos Caixa Geral Prima Nivelada"},"content":{"rendered":"<div id=\"ez-toc-container\" class=\"ez-toc-v2_0_82_2 ez-toc-wrap-center counter-hierarchy ez-toc-counter ez-toc-custom ez-toc-container-direction\">\n<div class=\"ez-toc-title-container\">\n<p class=\"ez-toc-title\" style=\"cursor:inherit\">Tabla de Contenido<\/p>\n<span class=\"ez-toc-title-toggle\"><a href=\"#\" class=\"ez-toc-pull-right ez-toc-btn ez-toc-btn-xs ez-toc-btn-default ez-toc-toggle\" aria-label=\"Alternar tabla de contenidos\"><span class=\"ez-toc-js-icon-con\"><span class=\"\"><span class=\"eztoc-hide\" style=\"display:none;\">Toggle<\/span><span class=\"ez-toc-icon-toggle-span\"><svg style=\"fill: #db6415;color:#db6415\" xmlns=\"http:\/\/www.w3.org\/2000\/svg\" class=\"list-377408\" width=\"20px\" height=\"20px\" viewBox=\"0 0 24 24\" fill=\"none\"><path d=\"M6 6H4v2h2V6zm14 0H8v2h12V6zM4 11h2v2H4v-2zm16 0H8v2h12v-2zM4 16h2v2H4v-2zm16 0H8v2h12v-2z\" fill=\"currentColor\"><\/path><\/svg><svg style=\"fill: #db6415;color:#db6415\" class=\"arrow-unsorted-368013\" xmlns=\"http:\/\/www.w3.org\/2000\/svg\" width=\"10px\" height=\"10px\" viewBox=\"0 0 24 24\" version=\"1.2\" baseProfile=\"tiny\"><path d=\"M18.2 9.3l-6.2-6.3-6.2 6.3c-.2.2-.3.4-.3.7s.1.5.3.7c.2.2.4.3.7.3h11c.3 0 .5-.1.7-.3.2-.2.3-.5.3-.7s-.1-.5-.3-.7zM5.8 14.7l6.2 6.3 6.2-6.3c.2-.2.3-.5.3-.7s-.1-.5-.3-.7c-.2-.2-.4-.3-.7-.3h-11c-.3 0-.5.1-.7.3-.2.2-.3.5-.3.7s.1.5.3.7z\"\/><\/svg><\/span><\/span><\/span><\/a><\/span><\/div>\n<nav><ul class='ez-toc-list ez-toc-list-level-1 ' ><li class='ez-toc-page-1 ez-toc-heading-level-2'><a class=\"ez-toc-link ez-toc-heading-1\" href=\"https:\/\/idecesos.com\/seguros\/companias\/banco-caixa-general\/prima-nivelada\/#Coberturas_seguro_Prima_Nivelada_Caixa_Geral\" >Coberturas seguro Prima Nivelada Caixa Geral<\/a><ul class='ez-toc-list-level-3' ><li class='ez-toc-heading-level-3'><a class=\"ez-toc-link ez-toc-heading-2\" href=\"https:\/\/idecesos.com\/seguros\/companias\/banco-caixa-general\/prima-nivelada\/#%C2%BFA_quien_va_dirigido_el_seguro_de_decesos_Prima_Nivelada_de_Caixa_Geral\" >\u00bfA qui\u00e9n va dirigido el seguro de decesos Prima Nivelada de Caixa Geral?<\/a><\/li><\/ul><\/li><li class='ez-toc-page-1 ez-toc-heading-level-2'><a class=\"ez-toc-link ez-toc-heading-3\" href=\"https:\/\/idecesos.com\/seguros\/companias\/banco-caixa-general\/prima-nivelada\/#Precio_de_seguro_de_decesos_Prima_Nivelada_Caixa_Geral\" >Precio de seguro de decesos Prima Nivelada Caixa Geral<\/a><\/li><li class='ez-toc-page-1 ez-toc-heading-level-2'><a class=\"ez-toc-link ez-toc-heading-4\" href=\"https:\/\/idecesos.com\/seguros\/companias\/banco-caixa-general\/prima-nivelada\/#Productos_Prima_Nivelada_Caixa_Geral\" >Productos Prima Nivelada Caixa Geral<\/a><\/li><li class='ez-toc-page-1 ez-toc-heading-level-2'><a class=\"ez-toc-link ez-toc-heading-5\" href=\"https:\/\/idecesos.com\/seguros\/companias\/banco-caixa-general\/prima-nivelada\/#Opiniones_del_seguro_de_decesos_de_Prima_Nivelada_de_Caixa_Geral\" >Opiniones del seguro de decesos de Prima Nivelada de Caixa Geral<\/a><ul class='ez-toc-list-level-3' ><li class='ez-toc-heading-level-3'><a class=\"ez-toc-link ez-toc-heading-6\" href=\"https:\/\/idecesos.com\/seguros\/companias\/banco-caixa-general\/prima-nivelada\/#Paginas_relacionadas\" >P\u00e1ginas relacionadas<\/a><\/li><\/ul><\/li><\/ul><\/nav><\/div>\n\n<p>Una de las caracter\u00edsticas resaltables del seguro de decesos de prima nivelada Caixa Geral es el tipo que se va a mantener de forma continuada a lo largo de siempre que formes parte de la red de clientes de la Caixa Geral empresa aseguradora. Cuando realizastes por primera vez la contrataci\u00f3n de la p\u00f3liza con Caixa Geral se va a tomar en cuenta la edad. De esta forma cuando se realice las actualizaciones pertinentes por a\u00f1o pr\u00f3ximo, a la suma asegurada se le va a aplicar una tasa conforme la contrataci\u00f3n anterior. Dentro del c\u00e1lculo de la compa\u00f1\u00eda de forma imprevista la p\u00f3liza a\u00f1adir\u00e1 una tasa continua conveniente a la edad lograda. <\/p>\n<p>Leer m\u00e1s: <a href=\"https:\/\/idecesos.com\/seguros\/tipo\/nivelada\/\">Seguro de decesos Prima Nivelada<\/a><\/p>\n<div class=\"colorf \"  ><div class=\"container clearfix\"><div class=\"col-md-7\"><\/p>\n<h2><span class=\"ez-toc-section\" id=\"Coberturas_seguro_Prima_Nivelada_Caixa_Geral\"><\/span>Coberturas seguro Prima Nivelada Caixa Geral<span class=\"ez-toc-section-end\"><\/span><\/h2>\n<p>Una de las primordiales coberturas del seguro de decesos Caixa Geral y que le dan la misi\u00f3n principal a la p\u00f3liza y por la que lo contraten los clientes del servicio es el servicio mortuorio completo. El servicio m\u00e1s renombrado en Caixa Geral es el que cubre los gastos f\u00fanebres, puesto que cuenta con persona cualificada y disciplinada en atender con calidad en todo momento. Adem\u00e1s, cubre tanto el funeral de qu\u00e9 manera la incineraci\u00f3n si lo desean los familiares o beneficiarios, asimismo est\u00e1 cubierto el servicio de gestor\u00eda que tramita todo el papeleo concerniente al registro civil del fallecido. La cobertura entra a marchar desde el instante que se genera la muerte de un asegurado, y los familiares llaman al 902 de 24 horas del servicio de asistencia de Caixa Geral y desde ese instante se gestiona el deceso acorde a los gustos y costumbres de los familiares, dentro de sus solicitudes se amoldara el servicio en todo lo que resulta posible y en el presupuesto del capital asegurado. Para tener de forma m\u00e1s clara las coberturas del seguro de decesos de prima nivelada de Caixa Geral, en iDecesos vas a poder visualizar las diferentes comparaciones de las diferentes empresas de seguros, de una manera m\u00e1s sencilla consultoras todas y cada una de las condiciones pertinentes y obtener toda la informaci\u00f3n. <\/p>\n<p><\/div><\/div><\/div>\n<h3><span class=\"ez-toc-section\" id=\"%C2%BFA_quien_va_dirigido_el_seguro_de_decesos_Prima_Nivelada_de_Caixa_Geral\"><\/span>\u00bfA qui\u00e9n va dirigido el seguro de decesos Prima Nivelada de Caixa Geral?<span class=\"ez-toc-section-end\"><\/span><\/h3>\n<p>Es verdad que cuando se llega a una edad muy avanzada hay que evitar que suban el precio del seguro para que despu\u00e9s no te pille por sorpresa en el momento de realizar los pagos de las cuotas, con el seguro seguro de prima nivelada Caixa Geral , da esa serenidad que se busca en esas edades. En algunos casos cuando adquieren la prima nivelada Caixa Geral puede ser por lo han concebido en su familia y por ello han decidido conseguirlo. Puede ser una modalidad que lo ha recibido a lo largo de su vida. <\/p>\n<div class=\"colorf \"  ><div class=\"container clearfix\"><div class=\"col-md-7\"><\/p>\n<h2><span class=\"ez-toc-section\" id=\"Precio_de_seguro_de_decesos_Prima_Nivelada_Caixa_Geral\"><\/span>Precio de seguro de decesos Prima Nivelada Caixa Geral<span class=\"ez-toc-section-end\"><\/span><\/h2>\n<p>El precio del seguro de prima nivelada Caixa Geral es de 5,15\u20ac quien abonar\u00e1 de manera mensual, dentro de cada ello se va a coger los datos esenciales como es el caso de la edad y de la localidad siendo el total de la suma del servicio f\u00fanebre. Por medio de Caixa Geral quedar\u00e1 incluido todas y cada una de las promociones exclusivas y abonos disponibles, dejando el precio m\u00e1s reducido posible. Dentro del seguro de prima nivelada de Caixa Geral ha amoldado las distintas formas de efectuar el pago haciendo m\u00e1s sencillo este proceso, vas a poder realizarlo de forma mensual, trimestral o bien semestral entre otros muchos. iDecesos es la plataforma m\u00e1s grande a nivel comparativa de seguros, en cual seguro de prima nivelada Caixa Geral conseguir\u00e1s toda la informaci\u00f3n en menos de 1 minuto, y de esta forma vas a saber si el precio era el que buscabas o bien te lo podrian progresar. <\/p>\n<p><\/div><\/div><\/div>\n<h2><span class=\"ez-toc-section\" id=\"Productos_Prima_Nivelada_Caixa_Geral\"><\/span>Productos Prima Nivelada Caixa Geral<span class=\"ez-toc-section-end\"><\/span><\/h2>\n<div class=\"colorf\"><div class=\"container clearfix\"><div class=\"col-md-7\"><div class=\"opiniones\">\n<h2><span class=\"ez-toc-section\" id=\"Opiniones_del_seguro_de_decesos_de_Prima_Nivelada_de_Caixa_Geral\"><\/span>Opiniones del seguro de decesos de Prima Nivelada de Caixa Geral<span class=\"ez-toc-section-end\"><\/span><\/h2>\n<p>Marta Alamo: Estaba dudando de como seria el que mejor cobertura tuviese, por lo que unos amigos me recomendaron la prima nivelada de Caixa Geral, desde ese momento he recibido una atenci\u00f3n muy personalizada, han resuelto al instante cualquier incidencia que ha ocurrido. Uno de los mejores servicios de atenci\u00f3n que tienen es la asistencia telef\u00f3nica, que solucionan cualquier inconveniente de inmediato, por lo que resulta m\u00e1s sencillo, dando tantas ventajas en ese momento tan doloroso. <\/p>\n<div class=\"opinion \"  >\n\t\t\t<div class=\"cabecera_opinion\">\n\t\t\t\t<div class=\"avatar\">J A N <\/div>\n\t\t\t\t<div class=\"datos_opinion\">\n\t\t\t\t\t<div class=\"nombre_opinion\">Jose Angel Narciso<\/div>\n\t\t\t\t\t<div class=\"info_opinion\">\t\t\t\t\t\t\n\t\t\t\t\t\t<div class=\"cuenta_opinion\"><i class=\"fas fa-pencil-alt\"><\/i><!--span class=\"dashicons dashicons-edit\" style=\"font-size:20px\"><\/span--><span>1 Opini\u00f3n<\/span><\/div>\t\t\t\t\t\t\n\t\t\t\t\t\t<div class=\"localizacion_opinion\">\n\t\t\t\t\t\t\t<i class=\"fas fa-map-marker-alt\"><\/i><!--span class=\"dashicons dashicons-location\" style=\"font-size:20px\"><\/span-->\n\t\t\t\t\t\t\t<span>ES<\/span>\n\t\t\t\t\t\t<\/div>\t\n\t\t\t\t\t<\/div>\n\t\t\t\t<\/div>\n\t\t\t<\/div><div class=\"texto_opinion\"><\/p>\n<p>Cuando ocurri\u00f3 el fallecimiento de mi madre, que sucedi\u00f3 de una manera repentina, la compa\u00f1\u00eda aseguradora se ocup\u00f3 de administrar todo de una forma eficiente, con lo que no debimos preocuparnos de nada. Si en cualquier ocasi\u00f3n puede ocurrir alg\u00fan inconveniente,  cuentan con todas las soluciones libres. <\/p>\n<p><\/div><\/div>\n<div class=\"opinion \"  >\n\t\t\t<div class=\"cabecera_opinion\">\n\t\t\t\t<div class=\"avatar\">L P <\/div>\n\t\t\t\t<div class=\"datos_opinion\">\n\t\t\t\t\t<div class=\"nombre_opinion\">Lorena Peinado<\/div>\n\t\t\t\t\t<div class=\"info_opinion\">\t\t\t\t\t\t\n\t\t\t\t\t\t<div class=\"cuenta_opinion\"><i class=\"fas fa-pencil-alt\"><\/i><!--span class=\"dashicons dashicons-edit\" style=\"font-size:20px\"><\/span--><span>1 Opini\u00f3n<\/span><\/div>\t\t\t\t\t\t\n\t\t\t\t\t\t<div class=\"localizacion_opinion\">\n\t\t\t\t\t\t\t<i class=\"fas fa-map-marker-alt\"><\/i><!--span class=\"dashicons dashicons-location\" style=\"font-size:20px\"><\/span-->\n\t\t\t\t\t\t\t<span>ES<\/span>\n\t\t\t\t\t\t<\/div>\t\n\t\t\t\t\t<\/div>\n\t\t\t\t<\/div>\n\t\t\t<\/div><div class=\"texto_opinion\"><\/p>\n<p>Caixa Geral fue de las que m\u00e1s se amolda a lo que estaba buscando, efectu\u00e9 con ellos el seguro de prima nivelada me dieron diferentes modalidades de pago, me aconsejaron con una mayor cobertura, se preocuparon por o bien que deber\u00eda saber de cada cl\u00e1usula, qued\u00e9 encantada con Caixa Geral. <\/p>\n<p><\/div><\/div>\n<div class=\"opinion \"  >\n\t\t\t<div class=\"cabecera_opinion\">\n\t\t\t\t<div class=\"avatar\">G F <\/div>\n\t\t\t\t<div class=\"datos_opinion\">\n\t\t\t\t\t<div class=\"nombre_opinion\">Genoveva Ferr\u00e1n<\/div>\n\t\t\t\t\t<div class=\"info_opinion\">\t\t\t\t\t\t\n\t\t\t\t\t\t<div class=\"cuenta_opinion\"><i class=\"fas fa-pencil-alt\"><\/i><!--span class=\"dashicons dashicons-edit\" style=\"font-size:20px\"><\/span--><span>1 Opini\u00f3n<\/span><\/div>\t\t\t\t\t\t\n\t\t\t\t\t\t<div class=\"localizacion_opinion\">\n\t\t\t\t\t\t\t<i class=\"fas fa-map-marker-alt\"><\/i><!--span class=\"dashicons dashicons-location\" style=\"font-size:20px\"><\/span-->\n\t\t\t\t\t\t\t<span>ES<\/span>\n\t\t\t\t\t\t<\/div>\t\n\t\t\t\t\t<\/div>\n\t\t\t\t<\/div>\n\t\t\t<\/div><div class=\"texto_opinion\"><\/p>\n<p>Estaba dudando de como ser\u00eda el que mejor cobertura tuviera, con lo que unos amigos me recomendaron la prima nivelada de Caixa Geral, desde ese momento he recibido una atenci\u00f3n muy personalizada, han resuelto al momento cualquier incidencia que ha ocurrido. Una de los peores momentos se dio cuando muri\u00f3 mi t\u00edo al cabo de que realiz\u00f3 la p\u00f3liza de un 1 a\u00f1o aproximadamente, solventaron al detalle y de una manera muy eficaz como veloz. <\/p>\n<p><\/div><\/div>\n<\/div><\/div><\/div><\/div>\n<p><div class=\"oficinas\"><br \/>\n<h3><span class=\"ez-toc-section\" id=\"Paginas_relacionadas\"><\/span>P\u00e1ginas relacionadas<span class=\"ez-toc-section-end\"><\/span><\/h3><div class=\"enlazado\"><ul> <li><a href=\"https:\/\/idecesos.com\/seguros\/companias\/banco-caixa-general\/opiniones\/\">Opiniones Caixa Geral<\/a><\/li> <li><a href=\"https:\/\/idecesos.com\/seguros\/companias\/banco-caixa-general\/precio\/\">Precio seguro Caixa Geral<\/a><\/li> <li><a href=\"https:\/\/idecesos.com\/seguros\/companias\/banco-caixa-general\/prima-mixta\/\">Caixa Geral Prima Mixta<\/a><\/li> <li><a href=\"https:\/\/idecesos.com\/seguros\/companias\/banco-caixa-general\/prima-natural\/\">Caixa Geral Prima Natural<\/a><\/li> <li><a href=\"https:\/\/idecesos.com\/seguros\/companias\/banco-caixa-general\/prima-nivelada\/\">Caixa Geral Prima Nivelada<\/a><\/li> <li><a href=\"https:\/\/idecesos.com\/seguros\/companias\/banco-caixa-general\/prima-unica\/\">Caixa Geral Prima \u00danica<\/a><\/li> <li><a href=\"https:\/\/idecesos.com\/seguros\/companias\/banco-caixa-general\/repatriacion\/\">Caixa Geral Repatriaci\u00f3n<\/a><\/li> <li><a href=\"https:\/\/idecesos.com\/seguros\/companias\/banco-caixa-general\/telefono\/\">Tel\u00e9fono Gratuito Caixa Geral<\/a><\/li><\/ul><\/div><\/p>\n<\/div>\n","protected":false},"excerpt":{"rendered":"<p>Una de las caracter\u00edsticas resaltables del seguro de decesos de prima nivelada Caixa Geral es el tipo que se va a mantener de forma continuada a lo largo de siempre que formes parte de la red de clientes de la Caixa Geral empresa aseguradora. Cuando realizastes por primera vez la contrataci\u00f3n de la p\u00f3liza con&hellip; <\/p>\n","protected":false},"author":3,"featured_media":0,"parent":275,"menu_order":0,"comment_status":"closed","ping_status":"closed","template":"single.php","meta":{"footnotes":""},"class_list":["post-11557","page","type-page","status-publish","hentry"],"yoast_head":"<!-- This site is optimized with the Yoast SEO plugin v27.3 - https:\/\/yoast.com\/product\/yoast-seo-wordpress\/ -->\n<title>Seguro Decesos Caixa Geral Prima Nivelada \u25b7 Opiniones y Precio 2026<\/title>\n<meta name=\"description\" content=\"Click aqu\u00ed \u3010Seguro de Decesos Prima Nivelada Caixa Geral\u3011 Mejores precios Caixa Geral seguro de fallecidos Prima Nivelada \u2611\ufe0f Actualizado por iDecesos\u00ae\" \/>\n<meta name=\"robots\" content=\"index, follow, max-snippet:-1, max-image-preview:large, max-video-preview:-1\" \/>\n<link rel=\"canonical\" href=\"https:\/\/idecesos.com\/seguros\/companias\/banco-caixa-general\/prima-nivelada\/\" \/>\n<meta property=\"og:locale\" content=\"es_ES\" \/>\n<meta property=\"og:type\" content=\"article\" \/>\n<meta property=\"og:title\" content=\"Seguro Decesos Caixa Geral Prima Nivelada \u25b7 Opiniones y Precio 2026\" \/>\n<meta property=\"og:description\" content=\"Click aqu\u00ed \u3010Seguro de Decesos Prima Nivelada Caixa Geral\u3011 Mejores precios Caixa Geral seguro de fallecidos Prima Nivelada \u2611\ufe0f Actualizado por iDecesos\u00ae\" \/>\n<meta property=\"og:url\" content=\"https:\/\/idecesos.com\/seguros\/companias\/banco-caixa-general\/prima-nivelada\/\" \/>\n<meta property=\"article:modified_time\" content=\"2022-01-03T12:30:03+00:00\" \/>\n<meta name=\"twitter:card\" content=\"summary_large_image\" \/>\n<meta name=\"twitter:label1\" content=\"Tiempo de lectura\" \/>\n\t<meta name=\"twitter:data1\" content=\"57 minutos\" \/>\n<script type=\"application\/ld+json\" class=\"yoast-schema-graph\">{\"@context\":\"https:\\\/\\\/schema.org\",\"@graph\":[{\"@type\":\"WebPage\",\"@id\":\"https:\\\/\\\/idecesos.com\\\/seguros\\\/companias\\\/banco-caixa-general\\\/prima-nivelada\\\/\",\"url\":\"https:\\\/\\\/idecesos.com\\\/seguros\\\/companias\\\/banco-caixa-general\\\/prima-nivelada\\\/\",\"name\":\"Seguro Decesos Caixa Geral Prima Nivelada \u25b7 Opiniones y Precio 2026\",\"isPartOf\":{\"@id\":\"https:\\\/\\\/idecesos.com\\\/seguros\\\/#website\"},\"datePublished\":\"2021-11-12T00:00:00+00:00\",\"dateModified\":\"2022-01-03T12:30:03+00:00\",\"description\":\"Click aqu\u00ed \u3010Seguro de Decesos Prima Nivelada Caixa Geral\u3011 Mejores precios Caixa Geral seguro de fallecidos Prima Nivelada \u2611\ufe0f Actualizado por iDecesos\u00ae\",\"breadcrumb\":{\"@id\":\"https:\\\/\\\/idecesos.com\\\/seguros\\\/companias\\\/banco-caixa-general\\\/prima-nivelada\\\/#breadcrumb\"},\"inLanguage\":\"es\",\"potentialAction\":[{\"@type\":\"ReadAction\",\"target\":[\"https:\\\/\\\/idecesos.com\\\/seguros\\\/companias\\\/banco-caixa-general\\\/prima-nivelada\\\/\"]}]},{\"@type\":\"BreadcrumbList\",\"@id\":\"https:\\\/\\\/idecesos.com\\\/seguros\\\/companias\\\/banco-caixa-general\\\/prima-nivelada\\\/#breadcrumb\",\"itemListElement\":[{\"@type\":\"ListItem\",\"position\":1,\"name\":\"Portada\",\"item\":\"https:\\\/\\\/idecesos.com\\\/seguros\\\/\"},{\"@type\":\"ListItem\",\"position\":2,\"name\":\"Compa\u00f1\u00edas de Seguros de Decesos en Espa\u00f1a\",\"item\":\"https:\\\/\\\/idecesos.com\\\/seguros\\\/companias\\\/\"},{\"@type\":\"ListItem\",\"position\":3,\"name\":\"Seguro de decesos Caixa Geral\",\"item\":\"https:\\\/\\\/idecesos.com\\\/seguros\\\/companias\\\/banco-caixa-general\\\/\"},{\"@type\":\"ListItem\",\"position\":4,\"name\":\"Seguro de decesos Caixa Geral Prima Nivelada\"}]},{\"@type\":\"WebSite\",\"@id\":\"https:\\\/\\\/idecesos.com\\\/seguros\\\/#website\",\"url\":\"https:\\\/\\\/idecesos.com\\\/seguros\\\/\",\"name\":\"\",\"description\":\"\",\"potentialAction\":[{\"@type\":\"SearchAction\",\"target\":{\"@type\":\"EntryPoint\",\"urlTemplate\":\"https:\\\/\\\/idecesos.com\\\/seguros\\\/?s={search_term_string}\"},\"query-input\":{\"@type\":\"PropertyValueSpecification\",\"valueRequired\":true,\"valueName\":\"search_term_string\"}}],\"inLanguage\":\"es\"}]}<\/script>\n<!-- \/ Yoast SEO plugin. -->","yoast_head_json":{"title":"Seguro Decesos Caixa Geral Prima Nivelada \u25b7 Opiniones y Precio 2026","description":"Click aqu\u00ed \u3010Seguro de Decesos Prima Nivelada Caixa Geral\u3011 Mejores precios Caixa Geral seguro de fallecidos Prima Nivelada \u2611\ufe0f Actualizado por iDecesos\u00ae","robots":{"index":"index","follow":"follow","max-snippet":"max-snippet:-1","max-image-preview":"max-image-preview:large","max-video-preview":"max-video-preview:-1"},"canonical":"https:\/\/idecesos.com\/seguros\/companias\/banco-caixa-general\/prima-nivelada\/","og_locale":"es_ES","og_type":"article","og_title":"Seguro Decesos Caixa Geral Prima Nivelada \u25b7 Opiniones y Precio 2026","og_description":"Click aqu\u00ed \u3010Seguro de Decesos Prima Nivelada Caixa Geral\u3011 Mejores precios Caixa Geral seguro de fallecidos Prima Nivelada \u2611\ufe0f Actualizado por iDecesos\u00ae","og_url":"https:\/\/idecesos.com\/seguros\/companias\/banco-caixa-general\/prima-nivelada\/","article_modified_time":"2022-01-03T12:30:03+00:00","twitter_card":"summary_large_image","twitter_misc":{"Tiempo de lectura":"57 minutos"},"schema":{"@context":"https:\/\/schema.org","@graph":[{"@type":"WebPage","@id":"https:\/\/idecesos.com\/seguros\/companias\/banco-caixa-general\/prima-nivelada\/","url":"https:\/\/idecesos.com\/seguros\/companias\/banco-caixa-general\/prima-nivelada\/","name":"Seguro Decesos Caixa Geral Prima Nivelada \u25b7 Opiniones y Precio 2026","isPartOf":{"@id":"https:\/\/idecesos.com\/seguros\/#website"},"datePublished":"2021-11-12T00:00:00+00:00","dateModified":"2022-01-03T12:30:03+00:00","description":"Click aqu\u00ed \u3010Seguro de Decesos Prima Nivelada Caixa Geral\u3011 Mejores precios Caixa Geral seguro de fallecidos Prima Nivelada \u2611\ufe0f Actualizado por iDecesos\u00ae","breadcrumb":{"@id":"https:\/\/idecesos.com\/seguros\/companias\/banco-caixa-general\/prima-nivelada\/#breadcrumb"},"inLanguage":"es","potentialAction":[{"@type":"ReadAction","target":["https:\/\/idecesos.com\/seguros\/companias\/banco-caixa-general\/prima-nivelada\/"]}]},{"@type":"BreadcrumbList","@id":"https:\/\/idecesos.com\/seguros\/companias\/banco-caixa-general\/prima-nivelada\/#breadcrumb","itemListElement":[{"@type":"ListItem","position":1,"name":"Portada","item":"https:\/\/idecesos.com\/seguros\/"},{"@type":"ListItem","position":2,"name":"Compa\u00f1\u00edas de Seguros de Decesos en Espa\u00f1a","item":"https:\/\/idecesos.com\/seguros\/companias\/"},{"@type":"ListItem","position":3,"name":"Seguro de decesos Caixa Geral","item":"https:\/\/idecesos.com\/seguros\/companias\/banco-caixa-general\/"},{"@type":"ListItem","position":4,"name":"Seguro de decesos Caixa Geral Prima Nivelada"}]},{"@type":"WebSite","@id":"https:\/\/idecesos.com\/seguros\/#website","url":"https:\/\/idecesos.com\/seguros\/","name":"","description":"","potentialAction":[{"@type":"SearchAction","target":{"@type":"EntryPoint","urlTemplate":"https:\/\/idecesos.com\/seguros\/?s={search_term_string}"},"query-input":{"@type":"PropertyValueSpecification","valueRequired":true,"valueName":"search_term_string"}}],"inLanguage":"es"}]}},"_links":{"self":[{"href":"https:\/\/idecesos.com\/seguros\/wp-json\/wp\/v2\/pages\/11557","targetHints":{"allow":["GET"]}}],"collection":[{"href":"https:\/\/idecesos.com\/seguros\/wp-json\/wp\/v2\/pages"}],"about":[{"href":"https:\/\/idecesos.com\/seguros\/wp-json\/wp\/v2\/types\/page"}],"author":[{"embeddable":true,"href":"https:\/\/idecesos.com\/seguros\/wp-json\/wp\/v2\/users\/3"}],"replies":[{"embeddable":true,"href":"https:\/\/idecesos.com\/seguros\/wp-json\/wp\/v2\/comments?post=11557"}],"version-history":[{"count":1,"href":"https:\/\/idecesos.com\/seguros\/wp-json\/wp\/v2\/pages\/11557\/revisions"}],"predecessor-version":[{"id":13064,"href":"https:\/\/idecesos.com\/seguros\/wp-json\/wp\/v2\/pages\/11557\/revisions\/13064"}],"up":[{"embeddable":true,"href":"https:\/\/idecesos.com\/seguros\/wp-json\/wp\/v2\/pages\/275"}],"wp:attachment":[{"href":"https:\/\/idecesos.com\/seguros\/wp-json\/wp\/v2\/media?parent=11557"}],"curies":[{"name":"wp","href":"https:\/\/api.w.org\/{rel}","templated":true}]}}